{"id":115969,"date":"2022-05-14T23:58:53","date_gmt":"2022-05-14T21:58:53","guid":{"rendered":"https:\/\/marktxxl.de\/markt\/produkt\/hansgrohe-metropol-wannenarmatur-unterputz-chrom\/"},"modified":"2023-04-11T03:44:30","modified_gmt":"2023-04-11T01:44:30","slug":"hansgrohe-metropol-wannenarmatur-unterputz-chrom","status":"publish","type":"product","link":"https:\/\/marktxxl.de\/markt\/produkt\/hansgrohe-metropol-wannenarmatur-unterputz-chrom\/","title":{"rendered":"hansgrohe Metropol Wannenarmatur, Unterputz, Chrom"},"content":{"rendered":"<p>Fl\u00fcsterbetrieb: Eingebauter Schalld\u00e4mpfer reduziert das Str\u00f6mungsger\u00e4usch des Wassers &#8211; f\u00fcr extra leisen Betrieb<br \/>\nWannenmischer bestehend aus: Grundk\u00f6rper, Griff, H\u00fclse, Umsteller und Funktionsblock (nicht enthalten: Grundset Unterputz 01800180)<br \/>\nUnterputz-Armatur f\u00fcr die Badewanne: mit Umsteller z. B. f\u00fcr 1 Duschkopf<br \/>\nGro\u00dfartiges Wasservergn\u00fcgen: Durchflussmenge am Anschluss der Handbrause\/des Wanneneinlaufs: 21\/28 l\/min (bei 3 bar)<br \/>\nImmer richtig dosiert: \u00fcber den fl\u00e4chigen Hebelgrifff und das hochwertige Keramikmischsystem werden Wassermenge und -temperatur schnell eingestellt<br \/>\nEin Griff gen\u00fcgt: das Umstellen von Wanneneinlauf auf Handbrause gelingt dank leichtg\u00e4ngigem Umsteller mit einem Handgriff<br \/>\nHerstellergarantie: 5 Jahre. Die Garantiebedingungen finden Sie unter \u201eWeitere technische Informationen\u201c. Ihre gesetzlichen Gew\u00e4hrleistungsrechte bleiben unber\u00fchrt<br \/>\n<div class=\"main-cross-sell\" data-asin=\"B0725P51FC\">\n\n\t<div class=\"WooZone-cross-sell-loader\">\n\t\t<div>\n\t\t\t<div id=\"floatingBarsG\">\n\t\t\t\t<div class=\"blockG\" id=\"rotateG_01\"><\/div>\n\t\t\t\t<div class=\"blockG\" id=\"rotateG_02\"><\/div>\n\t\t\t\t<div class=\"blockG\" id=\"rotateG_03\"><\/div>\n\t\t\t\t<div class=\"blockG\" id=\"rotateG_04\"><\/div>\n\t\t\t\t<div class=\"blockG\" id=\"rotateG_05\"><\/div>\n\t\t\t\t<div class=\"blockG\" id=\"rotateG_06\"><\/div>\n\t\t\t\t<div class=\"blockG\" id=\"rotateG_07\"><\/div>\n\t\t\t\t<div class=\"blockG\" id=\"rotateG_08\"><\/div>\n\t\t\t<\/div>\n\t\t\t<div class=\"WooZone-cross-sell-loader-text\"><\/div>\n\t\t<\/div>\n\t<\/div>\n\n\t\t\n<\/div>\n<div style=\"clear:both;\"><\/div><\/p>\n","protected":false},"excerpt":{"rendered":"<p>Fl\u00fcsterbetrieb: Eingebauter Schalld\u00e4mpfer reduziert das Str\u00f6mungsger\u00e4usch des Wassers &#8211; f\u00fcr extra leisen Betrieb<br \/>\nWannenmischer bestehend aus: Grundk\u00f6rper, Griff, H\u00fclse, Umsteller und Funktionsblock (nicht enthalten: Grundset Unterputz 01800180)<br \/>\nUnterputz-Armatur f\u00fcr die Badewanne: mit Umsteller z. B. f\u00fcr 1 Duschkopf<\/p>\n","protected":false},"featured_media":115970,"comment_status":"open","ping_status":"closed","template":"","meta":[],"product_brand":[],"product_cat":[1983,11101],"product_tag":[],"class_list":{"0":"post-115969","1":"product","2":"type-product","3":"status-publish","4":"has-post-thumbnail","6":"product_cat-baumarkt","7":"product_cat-kuechen-badinstallation","8":"pa_binding-werkzeug","9":"pa_brand-hansgrohe","10":"pa_color-chrom","11":"pa_height-8-14959-zoll","12":"pa_length-2-24409-zoll","13":"pa_manufacturer-hansgrohe","14":"pa_model-34115","15":"pa_size-hebelgriff","16":"pa_warranty-5-jahre-herstellergarantie","17":"pa_weight-4-44672382454-pfund","18":"pa_width-6-14172-zoll","20":"first","21":"instock","22":"shipping-taxable","23":"purchasable","24":"product-type-simple","25":"customify-col","26":"product-has-gallery"},"yoast_head":"<!-- This site is optimized with the Yoast SEO plugin v27.3 - https:\/\/yoast.com\/product\/yoast-seo-wordpress\/ -->\n<title>hansgrohe Metropol Wannenarmatur, Unterputz, Chrom - Markt-XXL<\/title>\n<meta name=\"description\" content=\"Markt-XXL hansgrohe Metropol Wannenarmatur, Unterputz, Chrom\" \/>\n<meta name=\"robots\" content=\"index, follow, max-snippet:-1, max-image-preview:large, max-video-preview:-1\" \/>\n<link rel=\"canonical\" href=\"https:\/\/marktxxl.de\/markt\/produkt\/hansgrohe-metropol-wannenarmatur-unterputz-chrom\/\" \/>\n<meta property=\"og:locale\" content=\"de_DE\" \/>\n<meta property=\"og:type\" content=\"article\" \/>\n<meta property=\"og:title\" content=\"hansgrohe Metropol Wannenarmatur, Unterputz, Chrom - Markt-XXL\" \/>\n<meta property=\"og:description\" content=\"Markt-XXL hansgrohe Metropol Wannenarmatur, Unterputz, Chrom\" \/>\n<meta property=\"og:url\" content=\"https:\/\/marktxxl.de\/markt\/produkt\/hansgrohe-metropol-wannenarmatur-unterputz-chrom\/\" \/>\n<meta property=\"og:site_name\" content=\"Markt-XXL\" \/>\n<meta property=\"article:modified_time\" content=\"2023-04-11T01:44:30+00:00\" \/>\n<meta property=\"og:image\" content=\"https:\/\/m.media-amazon.com\/images\/I\/31DNkCnbPJL._SL500_.jpg\" \/>\n\t<meta property=\"og:image:width\" content=\"445\" \/>\n\t<meta property=\"og:image:height\" content=\"500\" \/>\n\t<meta property=\"og:image:type\" content=\"image\/jpeg\" \/>\n<meta name=\"twitter:card\" content=\"summary_large_image\" \/>\n<meta name=\"twitter:label1\" content=\"Gesch\u00e4tzte Lesezeit\" \/>\n\t<meta name=\"twitter:data1\" content=\"1\u00a0Minute\" \/>\n<script type=\"application\/ld+json\" class=\"yoast-schema-graph\">{\"@context\":\"https:\\\/\\\/schema.org\",\"@graph\":[{\"@type\":\"WebPage\",\"@id\":\"https:\\\/\\\/marktxxl.de\\\/markt\\\/produkt\\\/hansgrohe-metropol-wannenarmatur-unterputz-chrom\\\/\",\"url\":\"https:\\\/\\\/marktxxl.de\\\/markt\\\/produkt\\\/hansgrohe-metropol-wannenarmatur-unterputz-chrom\\\/\",\"name\":\"hansgrohe Metropol Wannenarmatur, Unterputz, Chrom - Markt-XXL\",\"isPartOf\":{\"@id\":\"https:\\\/\\\/marktxxl.de\\\/markt\\\/#website\"},\"primaryImageOfPage\":{\"@id\":\"https:\\\/\\\/marktxxl.de\\\/markt\\\/produkt\\\/hansgrohe-metropol-wannenarmatur-unterputz-chrom\\\/#primaryimage\"},\"image\":{\"@id\":\"https:\\\/\\\/marktxxl.de\\\/markt\\\/produkt\\\/hansgrohe-metropol-wannenarmatur-unterputz-chrom\\\/#primaryimage\"},\"thumbnailUrl\":\"https:\\\/\\\/m.media-amazon.com\\\/images\\\/I\\\/31DNkCnbPJL._SL500_.jpg\",\"datePublished\":\"2022-05-14T21:58:53+00:00\",\"dateModified\":\"2023-04-11T01:44:30+00:00\",\"description\":\"Markt-XXL hansgrohe Metropol Wannenarmatur, Unterputz, Chrom\",\"breadcrumb\":{\"@id\":\"https:\\\/\\\/marktxxl.de\\\/markt\\\/produkt\\\/hansgrohe-metropol-wannenarmatur-unterputz-chrom\\\/#breadcrumb\"},\"inLanguage\":\"de\",\"potentialAction\":[{\"@type\":\"ReadAction\",\"target\":[\"https:\\\/\\\/marktxxl.de\\\/markt\\\/produkt\\\/hansgrohe-metropol-wannenarmatur-unterputz-chrom\\\/\"]}]},{\"@type\":\"ImageObject\",\"inLanguage\":\"de\",\"@id\":\"https:\\\/\\\/marktxxl.de\\\/markt\\\/produkt\\\/hansgrohe-metropol-wannenarmatur-unterputz-chrom\\\/#primaryimage\",\"url\":\"https:\\\/\\\/m.media-amazon.com\\\/images\\\/I\\\/31DNkCnbPJL._SL500_.jpg\",\"contentUrl\":\"https:\\\/\\\/m.media-amazon.com\\\/images\\\/I\\\/31DNkCnbPJL._SL500_.jpg\",\"width\":445,\"height\":500},{\"@type\":\"BreadcrumbList\",\"@id\":\"https:\\\/\\\/marktxxl.de\\\/markt\\\/produkt\\\/hansgrohe-metropol-wannenarmatur-unterputz-chrom\\\/#breadcrumb\",\"itemListElement\":[{\"@type\":\"ListItem\",\"position\":1,\"name\":\"Startseite\",\"item\":\"https:\\\/\\\/marktxxl.de\\\/markt\\\/\"},{\"@type\":\"ListItem\",\"position\":2,\"name\":\"Markt\",\"item\":\"https:\\\/\\\/marktxxl.de\\\/markt\\\/\"},{\"@type\":\"ListItem\",\"position\":3,\"name\":\"hansgrohe Metropol Wannenarmatur, Unterputz, Chrom\"}]},{\"@type\":\"WebSite\",\"@id\":\"https:\\\/\\\/marktxxl.de\\\/markt\\\/#website\",\"url\":\"https:\\\/\\\/marktxxl.de\\\/markt\\\/\",\"name\":\"Markt-XXL\",\"description\":\"Ihr Markt Online\",\"publisher\":{\"@id\":\"https:\\\/\\\/marktxxl.de\\\/markt\\\/#organization\"},\"potentialAction\":[{\"@type\":\"SearchAction\",\"target\":{\"@type\":\"EntryPoint\",\"urlTemplate\":\"https:\\\/\\\/marktxxl.de\\\/markt\\\/?s={search_term_string}\"},\"query-input\":{\"@type\":\"PropertyValueSpecification\",\"valueRequired\":true,\"valueName\":\"search_term_string\"}}],\"inLanguage\":\"de\"},{\"@type\":\"Organization\",\"@id\":\"https:\\\/\\\/marktxxl.de\\\/markt\\\/#organization\",\"name\":\"Markt-XXL\",\"url\":\"https:\\\/\\\/marktxxl.de\\\/markt\\\/\",\"logo\":{\"@type\":\"ImageObject\",\"inLanguage\":\"de\",\"@id\":\"https:\\\/\\\/marktxxl.de\\\/markt\\\/#\\\/schema\\\/logo\\\/image\\\/\",\"url\":\"https:\\\/\\\/marktxxl.de\\\/markt\\\/wp-content\\\/uploads\\\/sites\\\/3\\\/2020\\\/12\\\/logo.png\",\"contentUrl\":\"https:\\\/\\\/marktxxl.de\\\/markt\\\/wp-content\\\/uploads\\\/sites\\\/3\\\/2020\\\/12\\\/logo.png\",\"width\":200,\"height\":70,\"caption\":\"Markt-XXL\"},\"image\":{\"@id\":\"https:\\\/\\\/marktxxl.de\\\/markt\\\/#\\\/schema\\\/logo\\\/image\\\/\"}}]}<\/script>\n<!-- \/ Yoast SEO plugin. -->","yoast_head_json":{"title":"hansgrohe Metropol Wannenarmatur, Unterputz, Chrom - Markt-XXL","description":"Markt-XXL hansgrohe Metropol Wannenarmatur, Unterputz, Chrom","robots":{"index":"index","follow":"follow","max-snippet":"max-snippet:-1","max-image-preview":"max-image-preview:large","max-video-preview":"max-video-preview:-1"},"canonical":"https:\/\/marktxxl.de\/markt\/produkt\/hansgrohe-metropol-wannenarmatur-unterputz-chrom\/","og_locale":"de_DE","og_type":"article","og_title":"hansgrohe Metropol Wannenarmatur, Unterputz, Chrom - Markt-XXL","og_description":"Markt-XXL hansgrohe Metropol Wannenarmatur, Unterputz, Chrom","og_url":"https:\/\/marktxxl.de\/markt\/produkt\/hansgrohe-metropol-wannenarmatur-unterputz-chrom\/","og_site_name":"Markt-XXL","article_modified_time":"2023-04-11T01:44:30+00:00","og_image":[{"width":445,"height":500,"url":"https:\/\/m.media-amazon.com\/images\/I\/31DNkCnbPJL._SL500_.jpg","type":"image\/jpeg"}],"twitter_card":"summary_large_image","twitter_misc":{"Gesch\u00e4tzte Lesezeit":"1\u00a0Minute"},"schema":{"@context":"https:\/\/schema.org","@graph":[{"@type":"WebPage","@id":"https:\/\/marktxxl.de\/markt\/produkt\/hansgrohe-metropol-wannenarmatur-unterputz-chrom\/","url":"https:\/\/marktxxl.de\/markt\/produkt\/hansgrohe-metropol-wannenarmatur-unterputz-chrom\/","name":"hansgrohe Metropol Wannenarmatur, Unterputz, Chrom - Markt-XXL","isPartOf":{"@id":"https:\/\/marktxxl.de\/markt\/#website"},"primaryImageOfPage":{"@id":"https:\/\/marktxxl.de\/markt\/produkt\/hansgrohe-metropol-wannenarmatur-unterputz-chrom\/#primaryimage"},"image":{"@id":"https:\/\/marktxxl.de\/markt\/produkt\/hansgrohe-metropol-wannenarmatur-unterputz-chrom\/#primaryimage"},"thumbnailUrl":"https:\/\/m.media-amazon.com\/images\/I\/31DNkCnbPJL._SL500_.jpg","datePublished":"2022-05-14T21:58:53+00:00","dateModified":"2023-04-11T01:44:30+00:00","description":"Markt-XXL hansgrohe Metropol Wannenarmatur, Unterputz, Chrom","breadcrumb":{"@id":"https:\/\/marktxxl.de\/markt\/produkt\/hansgrohe-metropol-wannenarmatur-unterputz-chrom\/#breadcrumb"},"inLanguage":"de","potentialAction":[{"@type":"ReadAction","target":["https:\/\/marktxxl.de\/markt\/produkt\/hansgrohe-metropol-wannenarmatur-unterputz-chrom\/"]}]},{"@type":"ImageObject","inLanguage":"de","@id":"https:\/\/marktxxl.de\/markt\/produkt\/hansgrohe-metropol-wannenarmatur-unterputz-chrom\/#primaryimage","url":"https:\/\/m.media-amazon.com\/images\/I\/31DNkCnbPJL._SL500_.jpg","contentUrl":"https:\/\/m.media-amazon.com\/images\/I\/31DNkCnbPJL._SL500_.jpg","width":445,"height":500},{"@type":"BreadcrumbList","@id":"https:\/\/marktxxl.de\/markt\/produkt\/hansgrohe-metropol-wannenarmatur-unterputz-chrom\/#breadcrumb","itemListElement":[{"@type":"ListItem","position":1,"name":"Startseite","item":"https:\/\/marktxxl.de\/markt\/"},{"@type":"ListItem","position":2,"name":"Markt","item":"https:\/\/marktxxl.de\/markt\/"},{"@type":"ListItem","position":3,"name":"hansgrohe Metropol Wannenarmatur, Unterputz, Chrom"}]},{"@type":"WebSite","@id":"https:\/\/marktxxl.de\/markt\/#website","url":"https:\/\/marktxxl.de\/markt\/","name":"Markt-XXL","description":"Ihr Markt Online","publisher":{"@id":"https:\/\/marktxxl.de\/markt\/#organization"},"potentialAction":[{"@type":"SearchAction","target":{"@type":"EntryPoint","urlTemplate":"https:\/\/marktxxl.de\/markt\/?s={search_term_string}"},"query-input":{"@type":"PropertyValueSpecification","valueRequired":true,"valueName":"search_term_string"}}],"inLanguage":"de"},{"@type":"Organization","@id":"https:\/\/marktxxl.de\/markt\/#organization","name":"Markt-XXL","url":"https:\/\/marktxxl.de\/markt\/","logo":{"@type":"ImageObject","inLanguage":"de","@id":"https:\/\/marktxxl.de\/markt\/#\/schema\/logo\/image\/","url":"https:\/\/marktxxl.de\/markt\/wp-content\/uploads\/sites\/3\/2020\/12\/logo.png","contentUrl":"https:\/\/marktxxl.de\/markt\/wp-content\/uploads\/sites\/3\/2020\/12\/logo.png","width":200,"height":70,"caption":"Markt-XXL"},"image":{"@id":"https:\/\/marktxxl.de\/markt\/#\/schema\/logo\/image\/"}}]}},"_links":{"self":[{"href":"https:\/\/marktxxl.de\/markt\/wp-json\/wp\/v2\/product\/115969","targetHints":{"allow":["GET"]}}],"collection":[{"href":"https:\/\/marktxxl.de\/markt\/wp-json\/wp\/v2\/product"}],"about":[{"href":"https:\/\/marktxxl.de\/markt\/wp-json\/wp\/v2\/types\/product"}],"replies":[{"embeddable":true,"href":"https:\/\/marktxxl.de\/markt\/wp-json\/wp\/v2\/comments?post=115969"}],"wp:featuredmedia":[{"embeddable":true,"href":"https:\/\/marktxxl.de\/markt\/wp-json\/wp\/v2\/media\/115970"}],"wp:attachment":[{"href":"https:\/\/marktxxl.de\/markt\/wp-json\/wp\/v2\/media?parent=115969"}],"wp:term":[{"taxonomy":"product_brand","embeddable":true,"href":"https:\/\/marktxxl.de\/markt\/wp-json\/wp\/v2\/product_brand?post=115969"},{"taxonomy":"product_cat","embeddable":true,"href":"https:\/\/marktxxl.de\/markt\/wp-json\/wp\/v2\/product_cat?post=115969"},{"taxonomy":"product_tag","embeddable":true,"href":"https:\/\/marktxxl.de\/markt\/wp-json\/wp\/v2\/product_tag?post=115969"}],"curies":[{"name":"wp","href":"https:\/\/api.w.org\/{rel}","templated":true}]}}