{"id":115886,"date":"2022-05-14T23:55:20","date_gmt":"2022-05-14T21:55:20","guid":{"rendered":"https:\/\/marktxxl.de\/markt\/produkt\/duschkopf-regendusche-wassersparend-veskyao-duschbrause-mit-1-5m-schlauch-handbrause-hochdruck-sparduschkopf-gross-mit-6-strahlarten-fuer-baden-power-waesche-reinigung-wanne-fliesen-und-haustiere\/"},"modified":"2023-04-10T03:45:26","modified_gmt":"2023-04-10T01:45:26","slug":"duschkopf-regendusche-wassersparend-veskyao-duschbrause-mit-1-5m-schlauch-handbrause-hochdruck-sparduschkopf-gross-mit-6-strahlarten-fuer-baden-power-waesche-reinigung-wanne-fliesen-und-haustiere","status":"publish","type":"product","link":"https:\/\/marktxxl.de\/markt\/produkt\/duschkopf-regendusche-wassersparend-veskyao-duschbrause-mit-1-5m-schlauch-handbrause-hochdruck-sparduschkopf-gross-mit-6-strahlarten-fuer-baden-power-waesche-reinigung-wanne-fliesen-und-haustiere\/","title":{"rendered":"Duschkopf Hochdruck mit 1.5M schlauch, VESKYAO Sparduschkopf Duschbrause Regendusche, Gro\u00df Wassersparender Handbrause\u2026"},"content":{"rendered":"<p>\u30106 Duschstrahlmodi\u3011VESKYAO Duschkopf verf\u00fcgt \u00fcber 6 Strahlmodi, darunter Duschspray, Nebel, Power Spray, Duschspray Massage, Nebel + Massage, Spr\u00fchpistole. Es verspricht angenehme, vielf\u00e4ltige Duscherlebnisse wie t\u00e4gliches Duschen, Haarewaschen, Muskelverspannungen l\u00f6sen, Haustierbaden etc. und kann auch zur Badreinigung verwendet werden. Das Hochdruckdesign und die kleine D\u00fcse erleichtern die Reinigung von Badezimmer, Badewanne, usw.<br \/>\n\u3010Hochdruck Duschkopf mit 1.5M Schlauch\u3011 Der Handbrause mit Schlauch verwendet verbesserte Wasserdruck-Boost-D\u00fcsend\u00fcsen, sorgt f\u00fcr eine glatte und gleichm\u00e4\u00dfige Wasserqualit\u00e4t und verhindert Sch\u00e4den an Haut, Haaren und Kopfhaut. Auch bei geringem Wasserdruck ist eine ausgewogene Wasserversorgung gew\u00e4hrleistet. Mit dem 1,5m langen Schlauch genie\u00dfen Sie gro\u00dfe Bewegungsfreiheit in der Dusche!<br \/>\n\u3010Einzigartige Waffenfunktionen\u3011Der neueste Regendusche Duschkopf hat den Spr\u00fchpistolenmodus eingef\u00fchrt, der sich gut zum Reinigen von Toiletten, Mopps, Fliesenw\u00e4nden, Badewannen und Ecken eignet. Ideal auch f\u00fcr Haustierduschen. Der leistungsstarke Spr\u00fchpistolenmodus kann Ihnen dabei helfen, Schmutz oder hartn\u00e4ckige Substanzen in Sekundenschnelle aus Ihrem Badezimmer zu sp\u00fclen.<br \/>\n\u3010Hochwertiges Material\u3011: Leistungsstarker Duschbrause mit verstopfungshemmenden TRP-D\u00fcsen bieten mehr Wasserfall-Regendusche und verhindern Kalk und Hartwasserablagerungen und sind f\u00fcr den Duschkopf Hochdruck leicht zu reinigen. Wassersparender Brausekopf sind aus hochwertigem ABS-Material gefertigt, das nicht leicht zu rosten ist und Duschk\u00f6pfen leicht, hohe Temperaturbest\u00e4ndigkeit, Korrosionsbest\u00e4ndigkeit und lange Haltbarkeit gew\u00e4hrleistet.<br \/>\n\u3010Einfach zu installieren\u3011: Einfache Installation von Sparduschkopf mit G1\/2-Anschluss, dieser Duschkopf passt auf jeden Standard-Duscharm. Duschkopfdurchmesser 12,5 cm, Produktgr\u00f6\u00dfe: 26 x 4 cm.Bitte kontaktieren Sie uns, wenn Sie Fragen oder Bedenken haben. Unser zuverl\u00e4ssiger Kundenservice wird Ihnen innerhalb von 24 Stunden antworten und Ihnen die zufriedenen L\u00f6sungen anbieten. Wir gew\u00e4hren 3 Jahre Garantie!<br \/>\n<div class=\"main-cross-sell\" data-asin=\"B096KHCHYN\">\n\n\t<div class=\"WooZone-cross-sell-loader\">\n\t\t<div>\n\t\t\t<div id=\"floatingBarsG\">\n\t\t\t\t<div class=\"blockG\" id=\"rotateG_01\"><\/div>\n\t\t\t\t<div class=\"blockG\" id=\"rotateG_02\"><\/div>\n\t\t\t\t<div class=\"blockG\" id=\"rotateG_03\"><\/div>\n\t\t\t\t<div class=\"blockG\" id=\"rotateG_04\"><\/div>\n\t\t\t\t<div class=\"blockG\" id=\"rotateG_05\"><\/div>\n\t\t\t\t<div class=\"blockG\" id=\"rotateG_06\"><\/div>\n\t\t\t\t<div class=\"blockG\" id=\"rotateG_07\"><\/div>\n\t\t\t\t<div class=\"blockG\" id=\"rotateG_08\"><\/div>\n\t\t\t<\/div>\n\t\t\t<div class=\"WooZone-cross-sell-loader-text\"><\/div>\n\t\t<\/div>\n\t<\/div>\n\n\t\t\n<\/div>\n<div style=\"clear:both;\"><\/div><\/p>\n","protected":false},"excerpt":{"rendered":"<p>\u30106 Duschstrahlmodi\u3011VESKYAO Duschkopf verf\u00fcgt \u00fcber 6 Strahlmodi, darunter Duschspray, Nebel, Power Spray, Duschspray Massage, Nebel + Massage, Spr\u00fchpistole. Es verspricht angenehme, vielf\u00e4ltige Duscherlebnisse wie t\u00e4gliches Duschen, Haarewaschen, Muskelverspannungen l\u00f6sen, Haustierbaden etc. und kann auch zur Badreinigung verwendet werden. Das Hochdruckdesign und die kleine D\u00fcse erleichtern die Reinigung von Badezimmer, Badewanne, usw.<br \/>\n\u3010Hochdruck Duschkopf mit 1.5M Schlauch\u3011 Der Handbrause mit Schlauch verwendet verbesserte Wasserdruck-Boost-D\u00fcsend\u00fcsen, sorgt f\u00fcr eine glatte und gleichm\u00e4\u00dfige Wasserqualit\u00e4t und verhindert Sch\u00e4den an Haut, Haaren und Kopfhaut. Auch bei geringem Wasserdruck ist eine ausgewogene Wasserversorgung gew\u00e4hrleistet. Mit dem 1,5m langen Schlauch genie\u00dfen Sie gro\u00dfe Bewegungsfreiheit in der Dusche!<br \/>\n\u3010Einzigartige Waffenfunktionen\u3011Der neueste Regendusche Duschkopf hat den Spr\u00fchpistolenmodus eingef\u00fchrt, der sich gut zum Reinigen von Toiletten, Mopps, Fliesenw\u00e4nden, Badewannen und Ecken eignet. Ideal auch f\u00fcr Haustierduschen. Der leistungsstarke Spr\u00fchpistolenmodus kann Ihnen dabei helfen, Schmutz oder hartn\u00e4ckige Substanzen in Sekundenschnelle aus Ihrem Badezimmer zu sp\u00fclen.<\/p>\n","protected":false},"featured_media":115887,"comment_status":"open","ping_status":"closed","template":"","meta":[],"product_brand":[],"product_cat":[1983,11101],"product_tag":[],"class_list":{"0":"post-115886","1":"product","2":"type-product","3":"status-publish","4":"has-post-thumbnail","6":"product_cat-baumarkt","7":"product_cat-kuechen-badinstallation","8":"pa_brand-busch-jaeger-3","9":"pa_brand-veskyao","10":"pa_manufacturer-veskyao","12":"first","13":"instock","14":"shipping-taxable","15":"purchasable","16":"product-type-simple","17":"customify-col","18":"product-has-gallery"},"yoast_head":"<!-- This site is optimized with the Yoast SEO plugin v27.3 - https:\/\/yoast.com\/product\/yoast-seo-wordpress\/ -->\n<title>Duschkopf Hochdruck mit 1.5M schlauch, VESKYAO Sparduschkopf Duschbrause Regendusche, Gro\u00df Wassersparender Handbrause\u2026 - Markt-XXL<\/title>\n<meta name=\"description\" content=\"Markt-XXL Duschkopf Hochdruck mit 1.5M schlauch, VESKYAO Sparduschkopf Duschbrause Regendusche, Gro\u00df Wassersparender Handbrause\u2026\" \/>\n<meta name=\"robots\" content=\"index, follow, max-snippet:-1, max-image-preview:large, max-video-preview:-1\" \/>\n<link rel=\"canonical\" href=\"https:\/\/marktxxl.de\/markt\/produkt\/duschkopf-regendusche-wassersparend-veskyao-duschbrause-mit-1-5m-schlauch-handbrause-hochdruck-sparduschkopf-gross-mit-6-strahlarten-fuer-baden-power-waesche-reinigung-wanne-fliesen-und-haustiere\/\" \/>\n<meta property=\"og:locale\" content=\"de_DE\" \/>\n<meta property=\"og:type\" content=\"article\" \/>\n<meta property=\"og:title\" content=\"Duschkopf Hochdruck mit 1.5M schlauch, VESKYAO Sparduschkopf Duschbrause Regendusche, Gro\u00df Wassersparender Handbrause\u2026 - Markt-XXL\" \/>\n<meta property=\"og:description\" content=\"Markt-XXL Duschkopf Hochdruck mit 1.5M schlauch, VESKYAO Sparduschkopf Duschbrause Regendusche, Gro\u00df Wassersparender Handbrause\u2026\" \/>\n<meta property=\"og:url\" content=\"https:\/\/marktxxl.de\/markt\/produkt\/duschkopf-regendusche-wassersparend-veskyao-duschbrause-mit-1-5m-schlauch-handbrause-hochdruck-sparduschkopf-gross-mit-6-strahlarten-fuer-baden-power-waesche-reinigung-wanne-fliesen-und-haustiere\/\" \/>\n<meta property=\"og:site_name\" content=\"Markt-XXL\" \/>\n<meta property=\"article:modified_time\" content=\"2023-04-10T01:45:26+00:00\" \/>\n<meta property=\"og:image\" content=\"https:\/\/m.media-amazon.com\/images\/I\/5157jmoonqL._SL500_.jpg\" \/>\n\t<meta property=\"og:image:width\" content=\"500\" \/>\n\t<meta property=\"og:image:height\" content=\"500\" \/>\n\t<meta property=\"og:image:type\" content=\"image\/jpeg\" \/>\n<meta name=\"twitter:card\" content=\"summary_large_image\" \/>\n<meta name=\"twitter:label1\" content=\"Gesch\u00e4tzte Lesezeit\" \/>\n\t<meta name=\"twitter:data1\" content=\"1\u00a0Minute\" \/>\n<script type=\"application\/ld+json\" class=\"yoast-schema-graph\">{\"@context\":\"https:\\\/\\\/schema.org\",\"@graph\":[{\"@type\":\"WebPage\",\"@id\":\"https:\\\/\\\/marktxxl.de\\\/markt\\\/produkt\\\/duschkopf-regendusche-wassersparend-veskyao-duschbrause-mit-1-5m-schlauch-handbrause-hochdruck-sparduschkopf-gross-mit-6-strahlarten-fuer-baden-power-waesche-reinigung-wanne-fliesen-und-haustiere\\\/\",\"url\":\"https:\\\/\\\/marktxxl.de\\\/markt\\\/produkt\\\/duschkopf-regendusche-wassersparend-veskyao-duschbrause-mit-1-5m-schlauch-handbrause-hochdruck-sparduschkopf-gross-mit-6-strahlarten-fuer-baden-power-waesche-reinigung-wanne-fliesen-und-haustiere\\\/\",\"name\":\"Duschkopf Hochdruck mit 1.5M schlauch, VESKYAO Sparduschkopf Duschbrause Regendusche, Gro\u00df Wassersparender Handbrause\u2026 - Markt-XXL\",\"isPartOf\":{\"@id\":\"https:\\\/\\\/marktxxl.de\\\/markt\\\/#website\"},\"primaryImageOfPage\":{\"@id\":\"https:\\\/\\\/marktxxl.de\\\/markt\\\/produkt\\\/duschkopf-regendusche-wassersparend-veskyao-duschbrause-mit-1-5m-schlauch-handbrause-hochdruck-sparduschkopf-gross-mit-6-strahlarten-fuer-baden-power-waesche-reinigung-wanne-fliesen-und-haustiere\\\/#primaryimage\"},\"image\":{\"@id\":\"https:\\\/\\\/marktxxl.de\\\/markt\\\/produkt\\\/duschkopf-regendusche-wassersparend-veskyao-duschbrause-mit-1-5m-schlauch-handbrause-hochdruck-sparduschkopf-gross-mit-6-strahlarten-fuer-baden-power-waesche-reinigung-wanne-fliesen-und-haustiere\\\/#primaryimage\"},\"thumbnailUrl\":\"https:\\\/\\\/m.media-amazon.com\\\/images\\\/I\\\/5157jmoonqL._SL500_.jpg\",\"datePublished\":\"2022-05-14T21:55:20+00:00\",\"dateModified\":\"2023-04-10T01:45:26+00:00\",\"description\":\"Markt-XXL Duschkopf Hochdruck mit 1.5M schlauch, VESKYAO Sparduschkopf Duschbrause Regendusche, Gro\u00df Wassersparender Handbrause\u2026\",\"breadcrumb\":{\"@id\":\"https:\\\/\\\/marktxxl.de\\\/markt\\\/produkt\\\/duschkopf-regendusche-wassersparend-veskyao-duschbrause-mit-1-5m-schlauch-handbrause-hochdruck-sparduschkopf-gross-mit-6-strahlarten-fuer-baden-power-waesche-reinigung-wanne-fliesen-und-haustiere\\\/#breadcrumb\"},\"inLanguage\":\"de\",\"potentialAction\":[{\"@type\":\"ReadAction\",\"target\":[\"https:\\\/\\\/marktxxl.de\\\/markt\\\/produkt\\\/duschkopf-regendusche-wassersparend-veskyao-duschbrause-mit-1-5m-schlauch-handbrause-hochdruck-sparduschkopf-gross-mit-6-strahlarten-fuer-baden-power-waesche-reinigung-wanne-fliesen-und-haustiere\\\/\"]}]},{\"@type\":\"ImageObject\",\"inLanguage\":\"de\",\"@id\":\"https:\\\/\\\/marktxxl.de\\\/markt\\\/produkt\\\/duschkopf-regendusche-wassersparend-veskyao-duschbrause-mit-1-5m-schlauch-handbrause-hochdruck-sparduschkopf-gross-mit-6-strahlarten-fuer-baden-power-waesche-reinigung-wanne-fliesen-und-haustiere\\\/#primaryimage\",\"url\":\"https:\\\/\\\/m.media-amazon.com\\\/images\\\/I\\\/5157jmoonqL._SL500_.jpg\",\"contentUrl\":\"https:\\\/\\\/m.media-amazon.com\\\/images\\\/I\\\/5157jmoonqL._SL500_.jpg\",\"width\":500,\"height\":500},{\"@type\":\"BreadcrumbList\",\"@id\":\"https:\\\/\\\/marktxxl.de\\\/markt\\\/produkt\\\/duschkopf-regendusche-wassersparend-veskyao-duschbrause-mit-1-5m-schlauch-handbrause-hochdruck-sparduschkopf-gross-mit-6-strahlarten-fuer-baden-power-waesche-reinigung-wanne-fliesen-und-haustiere\\\/#breadcrumb\",\"itemListElement\":[{\"@type\":\"ListItem\",\"position\":1,\"name\":\"Startseite\",\"item\":\"https:\\\/\\\/marktxxl.de\\\/markt\\\/\"},{\"@type\":\"ListItem\",\"position\":2,\"name\":\"Markt\",\"item\":\"https:\\\/\\\/marktxxl.de\\\/markt\\\/\"},{\"@type\":\"ListItem\",\"position\":3,\"name\":\"Duschkopf Hochdruck mit 1.5M schlauch, VESKYAO Sparduschkopf Duschbrause Regendusche, Gro\u00df Wassersparender Handbrause\u2026\"}]},{\"@type\":\"WebSite\",\"@id\":\"https:\\\/\\\/marktxxl.de\\\/markt\\\/#website\",\"url\":\"https:\\\/\\\/marktxxl.de\\\/markt\\\/\",\"name\":\"Markt-XXL\",\"description\":\"Ihr Markt Online\",\"publisher\":{\"@id\":\"https:\\\/\\\/marktxxl.de\\\/markt\\\/#organization\"},\"potentialAction\":[{\"@type\":\"SearchAction\",\"target\":{\"@type\":\"EntryPoint\",\"urlTemplate\":\"https:\\\/\\\/marktxxl.de\\\/markt\\\/?s={search_term_string}\"},\"query-input\":{\"@type\":\"PropertyValueSpecification\",\"valueRequired\":true,\"valueName\":\"search_term_string\"}}],\"inLanguage\":\"de\"},{\"@type\":\"Organization\",\"@id\":\"https:\\\/\\\/marktxxl.de\\\/markt\\\/#organization\",\"name\":\"Markt-XXL\",\"url\":\"https:\\\/\\\/marktxxl.de\\\/markt\\\/\",\"logo\":{\"@type\":\"ImageObject\",\"inLanguage\":\"de\",\"@id\":\"https:\\\/\\\/marktxxl.de\\\/markt\\\/#\\\/schema\\\/logo\\\/image\\\/\",\"url\":\"https:\\\/\\\/marktxxl.de\\\/markt\\\/wp-content\\\/uploads\\\/sites\\\/3\\\/2020\\\/12\\\/logo.png\",\"contentUrl\":\"https:\\\/\\\/marktxxl.de\\\/markt\\\/wp-content\\\/uploads\\\/sites\\\/3\\\/2020\\\/12\\\/logo.png\",\"width\":200,\"height\":70,\"caption\":\"Markt-XXL\"},\"image\":{\"@id\":\"https:\\\/\\\/marktxxl.de\\\/markt\\\/#\\\/schema\\\/logo\\\/image\\\/\"}}]}<\/script>\n<!-- \/ Yoast SEO plugin. -->","yoast_head_json":{"title":"Duschkopf Hochdruck mit 1.5M schlauch, VESKYAO Sparduschkopf Duschbrause Regendusche, Gro\u00df Wassersparender Handbrause\u2026 - Markt-XXL","description":"Markt-XXL Duschkopf Hochdruck mit 1.5M schlauch, VESKYAO Sparduschkopf Duschbrause Regendusche, Gro\u00df Wassersparender Handbrause\u2026","robots":{"index":"index","follow":"follow","max-snippet":"max-snippet:-1","max-image-preview":"max-image-preview:large","max-video-preview":"max-video-preview:-1"},"canonical":"https:\/\/marktxxl.de\/markt\/produkt\/duschkopf-regendusche-wassersparend-veskyao-duschbrause-mit-1-5m-schlauch-handbrause-hochdruck-sparduschkopf-gross-mit-6-strahlarten-fuer-baden-power-waesche-reinigung-wanne-fliesen-und-haustiere\/","og_locale":"de_DE","og_type":"article","og_title":"Duschkopf Hochdruck mit 1.5M schlauch, VESKYAO Sparduschkopf Duschbrause Regendusche, Gro\u00df Wassersparender Handbrause\u2026 - Markt-XXL","og_description":"Markt-XXL Duschkopf Hochdruck mit 1.5M schlauch, VESKYAO Sparduschkopf Duschbrause Regendusche, Gro\u00df Wassersparender Handbrause\u2026","og_url":"https:\/\/marktxxl.de\/markt\/produkt\/duschkopf-regendusche-wassersparend-veskyao-duschbrause-mit-1-5m-schlauch-handbrause-hochdruck-sparduschkopf-gross-mit-6-strahlarten-fuer-baden-power-waesche-reinigung-wanne-fliesen-und-haustiere\/","og_site_name":"Markt-XXL","article_modified_time":"2023-04-10T01:45:26+00:00","og_image":[{"width":500,"height":500,"url":"https:\/\/m.media-amazon.com\/images\/I\/5157jmoonqL._SL500_.jpg","type":"image\/jpeg"}],"twitter_card":"summary_large_image","twitter_misc":{"Gesch\u00e4tzte Lesezeit":"1\u00a0Minute"},"schema":{"@context":"https:\/\/schema.org","@graph":[{"@type":"WebPage","@id":"https:\/\/marktxxl.de\/markt\/produkt\/duschkopf-regendusche-wassersparend-veskyao-duschbrause-mit-1-5m-schlauch-handbrause-hochdruck-sparduschkopf-gross-mit-6-strahlarten-fuer-baden-power-waesche-reinigung-wanne-fliesen-und-haustiere\/","url":"https:\/\/marktxxl.de\/markt\/produkt\/duschkopf-regendusche-wassersparend-veskyao-duschbrause-mit-1-5m-schlauch-handbrause-hochdruck-sparduschkopf-gross-mit-6-strahlarten-fuer-baden-power-waesche-reinigung-wanne-fliesen-und-haustiere\/","name":"Duschkopf Hochdruck mit 1.5M schlauch, VESKYAO Sparduschkopf Duschbrause Regendusche, Gro\u00df Wassersparender Handbrause\u2026 - Markt-XXL","isPartOf":{"@id":"https:\/\/marktxxl.de\/markt\/#website"},"primaryImageOfPage":{"@id":"https:\/\/marktxxl.de\/markt\/produkt\/duschkopf-regendusche-wassersparend-veskyao-duschbrause-mit-1-5m-schlauch-handbrause-hochdruck-sparduschkopf-gross-mit-6-strahlarten-fuer-baden-power-waesche-reinigung-wanne-fliesen-und-haustiere\/#primaryimage"},"image":{"@id":"https:\/\/marktxxl.de\/markt\/produkt\/duschkopf-regendusche-wassersparend-veskyao-duschbrause-mit-1-5m-schlauch-handbrause-hochdruck-sparduschkopf-gross-mit-6-strahlarten-fuer-baden-power-waesche-reinigung-wanne-fliesen-und-haustiere\/#primaryimage"},"thumbnailUrl":"https:\/\/m.media-amazon.com\/images\/I\/5157jmoonqL._SL500_.jpg","datePublished":"2022-05-14T21:55:20+00:00","dateModified":"2023-04-10T01:45:26+00:00","description":"Markt-XXL Duschkopf Hochdruck mit 1.5M schlauch, VESKYAO Sparduschkopf Duschbrause Regendusche, Gro\u00df Wassersparender Handbrause\u2026","breadcrumb":{"@id":"https:\/\/marktxxl.de\/markt\/produkt\/duschkopf-regendusche-wassersparend-veskyao-duschbrause-mit-1-5m-schlauch-handbrause-hochdruck-sparduschkopf-gross-mit-6-strahlarten-fuer-baden-power-waesche-reinigung-wanne-fliesen-und-haustiere\/#breadcrumb"},"inLanguage":"de","potentialAction":[{"@type":"ReadAction","target":["https:\/\/marktxxl.de\/markt\/produkt\/duschkopf-regendusche-wassersparend-veskyao-duschbrause-mit-1-5m-schlauch-handbrause-hochdruck-sparduschkopf-gross-mit-6-strahlarten-fuer-baden-power-waesche-reinigung-wanne-fliesen-und-haustiere\/"]}]},{"@type":"ImageObject","inLanguage":"de","@id":"https:\/\/marktxxl.de\/markt\/produkt\/duschkopf-regendusche-wassersparend-veskyao-duschbrause-mit-1-5m-schlauch-handbrause-hochdruck-sparduschkopf-gross-mit-6-strahlarten-fuer-baden-power-waesche-reinigung-wanne-fliesen-und-haustiere\/#primaryimage","url":"https:\/\/m.media-amazon.com\/images\/I\/5157jmoonqL._SL500_.jpg","contentUrl":"https:\/\/m.media-amazon.com\/images\/I\/5157jmoonqL._SL500_.jpg","width":500,"height":500},{"@type":"BreadcrumbList","@id":"https:\/\/marktxxl.de\/markt\/produkt\/duschkopf-regendusche-wassersparend-veskyao-duschbrause-mit-1-5m-schlauch-handbrause-hochdruck-sparduschkopf-gross-mit-6-strahlarten-fuer-baden-power-waesche-reinigung-wanne-fliesen-und-haustiere\/#breadcrumb","itemListElement":[{"@type":"ListItem","position":1,"name":"Startseite","item":"https:\/\/marktxxl.de\/markt\/"},{"@type":"ListItem","position":2,"name":"Markt","item":"https:\/\/marktxxl.de\/markt\/"},{"@type":"ListItem","position":3,"name":"Duschkopf Hochdruck mit 1.5M schlauch, VESKYAO Sparduschkopf Duschbrause Regendusche, Gro\u00df Wassersparender Handbrause\u2026"}]},{"@type":"WebSite","@id":"https:\/\/marktxxl.de\/markt\/#website","url":"https:\/\/marktxxl.de\/markt\/","name":"Markt-XXL","description":"Ihr Markt Online","publisher":{"@id":"https:\/\/marktxxl.de\/markt\/#organization"},"potentialAction":[{"@type":"SearchAction","target":{"@type":"EntryPoint","urlTemplate":"https:\/\/marktxxl.de\/markt\/?s={search_term_string}"},"query-input":{"@type":"PropertyValueSpecification","valueRequired":true,"valueName":"search_term_string"}}],"inLanguage":"de"},{"@type":"Organization","@id":"https:\/\/marktxxl.de\/markt\/#organization","name":"Markt-XXL","url":"https:\/\/marktxxl.de\/markt\/","logo":{"@type":"ImageObject","inLanguage":"de","@id":"https:\/\/marktxxl.de\/markt\/#\/schema\/logo\/image\/","url":"https:\/\/marktxxl.de\/markt\/wp-content\/uploads\/sites\/3\/2020\/12\/logo.png","contentUrl":"https:\/\/marktxxl.de\/markt\/wp-content\/uploads\/sites\/3\/2020\/12\/logo.png","width":200,"height":70,"caption":"Markt-XXL"},"image":{"@id":"https:\/\/marktxxl.de\/markt\/#\/schema\/logo\/image\/"}}]}},"_links":{"self":[{"href":"https:\/\/marktxxl.de\/markt\/wp-json\/wp\/v2\/product\/115886","targetHints":{"allow":["GET"]}}],"collection":[{"href":"https:\/\/marktxxl.de\/markt\/wp-json\/wp\/v2\/product"}],"about":[{"href":"https:\/\/marktxxl.de\/markt\/wp-json\/wp\/v2\/types\/product"}],"replies":[{"embeddable":true,"href":"https:\/\/marktxxl.de\/markt\/wp-json\/wp\/v2\/comments?post=115886"}],"wp:featuredmedia":[{"embeddable":true,"href":"https:\/\/marktxxl.de\/markt\/wp-json\/wp\/v2\/media\/115887"}],"wp:attachment":[{"href":"https:\/\/marktxxl.de\/markt\/wp-json\/wp\/v2\/media?parent=115886"}],"wp:term":[{"taxonomy":"product_brand","embeddable":true,"href":"https:\/\/marktxxl.de\/markt\/wp-json\/wp\/v2\/product_brand?post=115886"},{"taxonomy":"product_cat","embeddable":true,"href":"https:\/\/marktxxl.de\/markt\/wp-json\/wp\/v2\/product_cat?post=115886"},{"taxonomy":"product_tag","embeddable":true,"href":"https:\/\/marktxxl.de\/markt\/wp-json\/wp\/v2\/product_tag?post=115886"}],"curies":[{"name":"wp","href":"https:\/\/api.w.org\/{rel}","templated":true}]}}