{"id":115864,"date":"2022-05-14T23:52:52","date_gmt":"2022-05-14T21:52:52","guid":{"rendered":"https:\/\/marktxxl.de\/markt\/produkt\/duschmeister-glaswand-dusche-fuer-duschwanne-120x200-cm-palladium-neo-8-mm-duschwand-mit-nano-clean-beschichtung-glasversiegelung-duschabtrennung-duschkabine-offen-mit-stabilisator-120-x-200\/"},"modified":"2023-04-10T03:45:25","modified_gmt":"2023-04-10T01:45:25","slug":"duschmeister-glaswand-dusche-fuer-duschwanne-120x200-cm-palladium-neo-8-mm-duschwand-mit-nano-clean-beschichtung-glasversiegelung-duschabtrennung-duschkabine-offen-mit-stabilisator-120-x-200","status":"publish","type":"product","link":"https:\/\/marktxxl.de\/markt\/produkt\/duschmeister-glaswand-dusche-fuer-duschwanne-120x200-cm-palladium-neo-8-mm-duschwand-mit-nano-clean-beschichtung-glasversiegelung-duschabtrennung-duschkabine-offen-mit-stabilisator-120-x-200\/","title":{"rendered":"Duschmeister Glaswand Dusche F\u00dcR Duschwanne 120&#215;200 cm Palladium Neo 8 mm Duschwand mit Nano Clean Beschichtung\u2026"},"content":{"rendered":"<p>Duschwand aus klarem 8-mm-Einscheibensicherheitsglas gepr\u00fcft nach EN 12153, mit Nano Clean Beschichtung Glasversiegelung<br \/>\nAluminiumprofil in Chromoptik, Wandauflage des Profils: ca. 28 mm<br \/>\nIm Lieferumfang enthalten sind: Duschwand, Stabilisationsb\u00fcgel, Montagezubeh\u00f6r &#8211; Montage problemlos links oder rechts m\u00f6glich<br \/>\ninklusive verchromten Stabilisationsb\u00fcgel in 120 cm L\u00e4nge (k\u00fcrzbar) mit verstellbaren Gelenken an beiden Seiten<br \/>\nBitte beachten Sie, dass die Duschwand f\u00fcr eine Duschtasse von 120 cm gedacht ist! Setzen Sie die Wand aber auf dem Boden, ist das REALE Ma\u00df zu beachten! Breite auf Boden 116 cm -117,5 cm \/ H\u00f6he 200 cm, Verstellbereich im Wandprofil: bis zu 15 mm Ausgleich<br \/>\n<div class=\"main-cross-sell\" data-asin=\"B01M1P3M6R\">\n\n\t<div class=\"WooZone-cross-sell-loader\">\n\t\t<div>\n\t\t\t<div id=\"floatingBarsG\">\n\t\t\t\t<div class=\"blockG\" id=\"rotateG_01\"><\/div>\n\t\t\t\t<div class=\"blockG\" id=\"rotateG_02\"><\/div>\n\t\t\t\t<div class=\"blockG\" id=\"rotateG_03\"><\/div>\n\t\t\t\t<div class=\"blockG\" id=\"rotateG_04\"><\/div>\n\t\t\t\t<div class=\"blockG\" id=\"rotateG_05\"><\/div>\n\t\t\t\t<div class=\"blockG\" id=\"rotateG_06\"><\/div>\n\t\t\t\t<div class=\"blockG\" id=\"rotateG_07\"><\/div>\n\t\t\t\t<div class=\"blockG\" id=\"rotateG_08\"><\/div>\n\t\t\t<\/div>\n\t\t\t<div class=\"WooZone-cross-sell-loader-text\"><\/div>\n\t\t<\/div>\n\t<\/div>\n\n\t\t\n<\/div>\n<div style=\"clear:both;\"><\/div><\/p>\n","protected":false},"excerpt":{"rendered":"<p>Duschwand aus klarem 8-mm-Einscheibensicherheitsglas gepr\u00fcft nach EN 12153, mit Nano Clean Beschichtung Glasversiegelung<br \/>\nAluminiumprofil in Chromoptik, Wandauflage des Profils: ca. 28 mm<br \/>\nIm Lieferumfang enthalten sind: Duschwand, Stabilisationsb\u00fcgel, Montagezubeh\u00f6r &#8211; Montage problemlos links oder rechts m\u00f6glich<\/p>\n","protected":false},"featured_media":115865,"comment_status":"open","ping_status":"closed","template":"","meta":[],"product_brand":[],"product_cat":[1983,11101],"product_tag":[],"class_list":{"0":"post-115864","1":"product","2":"type-product","3":"status-publish","4":"has-post-thumbnail","6":"product_cat-baumarkt","7":"product_cat-kuechen-badinstallation","8":"pa_brand-dusar","9":"pa_color-alunatur","10":"pa_height-78-74-zoll","11":"pa_length-47-24-zoll","12":"pa_manufacturer-dusar","13":"pa_size-117-1185-cm","14":"pa_weight-112-44-pfund","15":"pa_width-0-31-zoll","17":"first","18":"instock","19":"shipping-taxable","20":"purchasable","21":"product-type-simple","22":"customify-col","23":"product-has-gallery"},"yoast_head":"<!-- This site is optimized with the Yoast SEO plugin v27.4 - https:\/\/yoast.com\/product\/yoast-seo-wordpress\/ -->\n<title>Duschmeister Glaswand Dusche F\u00dcR Duschwanne 120x200 cm Palladium Neo 8 mm Duschwand mit Nano Clean Beschichtung\u2026 - Markt-XXL<\/title>\n<meta name=\"description\" content=\"Markt-XXL Duschmeister Glaswand Dusche F\u00dcR Duschwanne 120x200 cm Palladium Neo 8 mm Duschwand mit Nano Clean Beschichtung\u2026\" \/>\n<meta name=\"robots\" content=\"index, follow, max-snippet:-1, max-image-preview:large, max-video-preview:-1\" \/>\n<link rel=\"canonical\" href=\"https:\/\/marktxxl.de\/markt\/produkt\/duschmeister-glaswand-dusche-fuer-duschwanne-120x200-cm-palladium-neo-8-mm-duschwand-mit-nano-clean-beschichtung-glasversiegelung-duschabtrennung-duschkabine-offen-mit-stabilisator-120-x-200\/\" \/>\n<meta property=\"og:locale\" content=\"de_DE\" \/>\n<meta property=\"og:type\" content=\"article\" \/>\n<meta property=\"og:title\" content=\"Duschmeister Glaswand Dusche F\u00dcR Duschwanne 120x200 cm Palladium Neo 8 mm Duschwand mit Nano Clean Beschichtung\u2026 - Markt-XXL\" \/>\n<meta property=\"og:description\" content=\"Markt-XXL Duschmeister Glaswand Dusche F\u00dcR Duschwanne 120x200 cm Palladium Neo 8 mm Duschwand mit Nano Clean Beschichtung\u2026\" \/>\n<meta property=\"og:url\" content=\"https:\/\/marktxxl.de\/markt\/produkt\/duschmeister-glaswand-dusche-fuer-duschwanne-120x200-cm-palladium-neo-8-mm-duschwand-mit-nano-clean-beschichtung-glasversiegelung-duschabtrennung-duschkabine-offen-mit-stabilisator-120-x-200\/\" \/>\n<meta property=\"og:site_name\" content=\"Markt-XXL\" \/>\n<meta property=\"article:modified_time\" content=\"2023-04-10T01:45:25+00:00\" \/>\n<meta property=\"og:image\" content=\"https:\/\/m.media-amazon.com\/images\/I\/31svF4h-oHL._SL500_.jpg\" \/>\n\t<meta property=\"og:image:width\" content=\"341\" \/>\n\t<meta property=\"og:image:height\" content=\"500\" \/>\n\t<meta property=\"og:image:type\" content=\"image\/jpeg\" \/>\n<meta name=\"twitter:card\" content=\"summary_large_image\" \/>\n<meta name=\"twitter:label1\" content=\"Gesch\u00e4tzte Lesezeit\" \/>\n\t<meta name=\"twitter:data1\" content=\"1\u00a0Minute\" \/>\n<script type=\"application\/ld+json\" class=\"yoast-schema-graph\">{\"@context\":\"https:\\\/\\\/schema.org\",\"@graph\":[{\"@type\":\"WebPage\",\"@id\":\"https:\\\/\\\/marktxxl.de\\\/markt\\\/produkt\\\/duschmeister-glaswand-dusche-fuer-duschwanne-120x200-cm-palladium-neo-8-mm-duschwand-mit-nano-clean-beschichtung-glasversiegelung-duschabtrennung-duschkabine-offen-mit-stabilisator-120-x-200\\\/\",\"url\":\"https:\\\/\\\/marktxxl.de\\\/markt\\\/produkt\\\/duschmeister-glaswand-dusche-fuer-duschwanne-120x200-cm-palladium-neo-8-mm-duschwand-mit-nano-clean-beschichtung-glasversiegelung-duschabtrennung-duschkabine-offen-mit-stabilisator-120-x-200\\\/\",\"name\":\"Duschmeister Glaswand Dusche F\u00dcR Duschwanne 120x200 cm Palladium Neo 8 mm Duschwand mit Nano Clean Beschichtung\u2026 - Markt-XXL\",\"isPartOf\":{\"@id\":\"https:\\\/\\\/marktxxl.de\\\/markt\\\/#website\"},\"primaryImageOfPage\":{\"@id\":\"https:\\\/\\\/marktxxl.de\\\/markt\\\/produkt\\\/duschmeister-glaswand-dusche-fuer-duschwanne-120x200-cm-palladium-neo-8-mm-duschwand-mit-nano-clean-beschichtung-glasversiegelung-duschabtrennung-duschkabine-offen-mit-stabilisator-120-x-200\\\/#primaryimage\"},\"image\":{\"@id\":\"https:\\\/\\\/marktxxl.de\\\/markt\\\/produkt\\\/duschmeister-glaswand-dusche-fuer-duschwanne-120x200-cm-palladium-neo-8-mm-duschwand-mit-nano-clean-beschichtung-glasversiegelung-duschabtrennung-duschkabine-offen-mit-stabilisator-120-x-200\\\/#primaryimage\"},\"thumbnailUrl\":\"https:\\\/\\\/m.media-amazon.com\\\/images\\\/I\\\/31svF4h-oHL._SL500_.jpg\",\"datePublished\":\"2022-05-14T21:52:52+00:00\",\"dateModified\":\"2023-04-10T01:45:25+00:00\",\"description\":\"Markt-XXL Duschmeister Glaswand Dusche F\u00dcR Duschwanne 120x200 cm Palladium Neo 8 mm Duschwand mit Nano Clean Beschichtung\u2026\",\"breadcrumb\":{\"@id\":\"https:\\\/\\\/marktxxl.de\\\/markt\\\/produkt\\\/duschmeister-glaswand-dusche-fuer-duschwanne-120x200-cm-palladium-neo-8-mm-duschwand-mit-nano-clean-beschichtung-glasversiegelung-duschabtrennung-duschkabine-offen-mit-stabilisator-120-x-200\\\/#breadcrumb\"},\"inLanguage\":\"de\",\"potentialAction\":[{\"@type\":\"ReadAction\",\"target\":[\"https:\\\/\\\/marktxxl.de\\\/markt\\\/produkt\\\/duschmeister-glaswand-dusche-fuer-duschwanne-120x200-cm-palladium-neo-8-mm-duschwand-mit-nano-clean-beschichtung-glasversiegelung-duschabtrennung-duschkabine-offen-mit-stabilisator-120-x-200\\\/\"]}]},{\"@type\":\"ImageObject\",\"inLanguage\":\"de\",\"@id\":\"https:\\\/\\\/marktxxl.de\\\/markt\\\/produkt\\\/duschmeister-glaswand-dusche-fuer-duschwanne-120x200-cm-palladium-neo-8-mm-duschwand-mit-nano-clean-beschichtung-glasversiegelung-duschabtrennung-duschkabine-offen-mit-stabilisator-120-x-200\\\/#primaryimage\",\"url\":\"https:\\\/\\\/m.media-amazon.com\\\/images\\\/I\\\/31svF4h-oHL._SL500_.jpg\",\"contentUrl\":\"https:\\\/\\\/m.media-amazon.com\\\/images\\\/I\\\/31svF4h-oHL._SL500_.jpg\",\"width\":341,\"height\":500},{\"@type\":\"BreadcrumbList\",\"@id\":\"https:\\\/\\\/marktxxl.de\\\/markt\\\/produkt\\\/duschmeister-glaswand-dusche-fuer-duschwanne-120x200-cm-palladium-neo-8-mm-duschwand-mit-nano-clean-beschichtung-glasversiegelung-duschabtrennung-duschkabine-offen-mit-stabilisator-120-x-200\\\/#breadcrumb\",\"itemListElement\":[{\"@type\":\"ListItem\",\"position\":1,\"name\":\"Startseite\",\"item\":\"https:\\\/\\\/marktxxl.de\\\/markt\\\/\"},{\"@type\":\"ListItem\",\"position\":2,\"name\":\"Markt\",\"item\":\"https:\\\/\\\/marktxxl.de\\\/markt\\\/\"},{\"@type\":\"ListItem\",\"position\":3,\"name\":\"Duschmeister Glaswand Dusche F\u00dcR Duschwanne 120&#215;200 cm Palladium Neo 8 mm Duschwand mit Nano Clean Beschichtung\u2026\"}]},{\"@type\":\"WebSite\",\"@id\":\"https:\\\/\\\/marktxxl.de\\\/markt\\\/#website\",\"url\":\"https:\\\/\\\/marktxxl.de\\\/markt\\\/\",\"name\":\"Markt-XXL\",\"description\":\"Ihr Markt Online\",\"publisher\":{\"@id\":\"https:\\\/\\\/marktxxl.de\\\/markt\\\/#organization\"},\"potentialAction\":[{\"@type\":\"SearchAction\",\"target\":{\"@type\":\"EntryPoint\",\"urlTemplate\":\"https:\\\/\\\/marktxxl.de\\\/markt\\\/?s={search_term_string}\"},\"query-input\":{\"@type\":\"PropertyValueSpecification\",\"valueRequired\":true,\"valueName\":\"search_term_string\"}}],\"inLanguage\":\"de\"},{\"@type\":\"Organization\",\"@id\":\"https:\\\/\\\/marktxxl.de\\\/markt\\\/#organization\",\"name\":\"Markt-XXL\",\"url\":\"https:\\\/\\\/marktxxl.de\\\/markt\\\/\",\"logo\":{\"@type\":\"ImageObject\",\"inLanguage\":\"de\",\"@id\":\"https:\\\/\\\/marktxxl.de\\\/markt\\\/#\\\/schema\\\/logo\\\/image\\\/\",\"url\":\"https:\\\/\\\/marktxxl.de\\\/markt\\\/wp-content\\\/uploads\\\/sites\\\/3\\\/2020\\\/12\\\/logo.png\",\"contentUrl\":\"https:\\\/\\\/marktxxl.de\\\/markt\\\/wp-content\\\/uploads\\\/sites\\\/3\\\/2020\\\/12\\\/logo.png\",\"width\":200,\"height\":70,\"caption\":\"Markt-XXL\"},\"image\":{\"@id\":\"https:\\\/\\\/marktxxl.de\\\/markt\\\/#\\\/schema\\\/logo\\\/image\\\/\"}}]}<\/script>\n<!-- \/ Yoast SEO plugin. -->","yoast_head_json":{"title":"Duschmeister Glaswand Dusche F\u00dcR Duschwanne 120x200 cm Palladium Neo 8 mm Duschwand mit Nano Clean Beschichtung\u2026 - Markt-XXL","description":"Markt-XXL Duschmeister Glaswand Dusche F\u00dcR Duschwanne 120x200 cm Palladium Neo 8 mm Duschwand mit Nano Clean Beschichtung\u2026","robots":{"index":"index","follow":"follow","max-snippet":"max-snippet:-1","max-image-preview":"max-image-preview:large","max-video-preview":"max-video-preview:-1"},"canonical":"https:\/\/marktxxl.de\/markt\/produkt\/duschmeister-glaswand-dusche-fuer-duschwanne-120x200-cm-palladium-neo-8-mm-duschwand-mit-nano-clean-beschichtung-glasversiegelung-duschabtrennung-duschkabine-offen-mit-stabilisator-120-x-200\/","og_locale":"de_DE","og_type":"article","og_title":"Duschmeister Glaswand Dusche F\u00dcR Duschwanne 120x200 cm Palladium Neo 8 mm Duschwand mit Nano Clean Beschichtung\u2026 - Markt-XXL","og_description":"Markt-XXL Duschmeister Glaswand Dusche F\u00dcR Duschwanne 120x200 cm Palladium Neo 8 mm Duschwand mit Nano Clean Beschichtung\u2026","og_url":"https:\/\/marktxxl.de\/markt\/produkt\/duschmeister-glaswand-dusche-fuer-duschwanne-120x200-cm-palladium-neo-8-mm-duschwand-mit-nano-clean-beschichtung-glasversiegelung-duschabtrennung-duschkabine-offen-mit-stabilisator-120-x-200\/","og_site_name":"Markt-XXL","article_modified_time":"2023-04-10T01:45:25+00:00","og_image":[{"width":341,"height":500,"url":"https:\/\/m.media-amazon.com\/images\/I\/31svF4h-oHL._SL500_.jpg","type":"image\/jpeg"}],"twitter_card":"summary_large_image","twitter_misc":{"Gesch\u00e4tzte Lesezeit":"1\u00a0Minute"},"schema":{"@context":"https:\/\/schema.org","@graph":[{"@type":"WebPage","@id":"https:\/\/marktxxl.de\/markt\/produkt\/duschmeister-glaswand-dusche-fuer-duschwanne-120x200-cm-palladium-neo-8-mm-duschwand-mit-nano-clean-beschichtung-glasversiegelung-duschabtrennung-duschkabine-offen-mit-stabilisator-120-x-200\/","url":"https:\/\/marktxxl.de\/markt\/produkt\/duschmeister-glaswand-dusche-fuer-duschwanne-120x200-cm-palladium-neo-8-mm-duschwand-mit-nano-clean-beschichtung-glasversiegelung-duschabtrennung-duschkabine-offen-mit-stabilisator-120-x-200\/","name":"Duschmeister Glaswand Dusche F\u00dcR Duschwanne 120x200 cm Palladium Neo 8 mm Duschwand mit Nano Clean Beschichtung\u2026 - Markt-XXL","isPartOf":{"@id":"https:\/\/marktxxl.de\/markt\/#website"},"primaryImageOfPage":{"@id":"https:\/\/marktxxl.de\/markt\/produkt\/duschmeister-glaswand-dusche-fuer-duschwanne-120x200-cm-palladium-neo-8-mm-duschwand-mit-nano-clean-beschichtung-glasversiegelung-duschabtrennung-duschkabine-offen-mit-stabilisator-120-x-200\/#primaryimage"},"image":{"@id":"https:\/\/marktxxl.de\/markt\/produkt\/duschmeister-glaswand-dusche-fuer-duschwanne-120x200-cm-palladium-neo-8-mm-duschwand-mit-nano-clean-beschichtung-glasversiegelung-duschabtrennung-duschkabine-offen-mit-stabilisator-120-x-200\/#primaryimage"},"thumbnailUrl":"https:\/\/m.media-amazon.com\/images\/I\/31svF4h-oHL._SL500_.jpg","datePublished":"2022-05-14T21:52:52+00:00","dateModified":"2023-04-10T01:45:25+00:00","description":"Markt-XXL Duschmeister Glaswand Dusche F\u00dcR Duschwanne 120x200 cm Palladium Neo 8 mm Duschwand mit Nano Clean Beschichtung\u2026","breadcrumb":{"@id":"https:\/\/marktxxl.de\/markt\/produkt\/duschmeister-glaswand-dusche-fuer-duschwanne-120x200-cm-palladium-neo-8-mm-duschwand-mit-nano-clean-beschichtung-glasversiegelung-duschabtrennung-duschkabine-offen-mit-stabilisator-120-x-200\/#breadcrumb"},"inLanguage":"de","potentialAction":[{"@type":"ReadAction","target":["https:\/\/marktxxl.de\/markt\/produkt\/duschmeister-glaswand-dusche-fuer-duschwanne-120x200-cm-palladium-neo-8-mm-duschwand-mit-nano-clean-beschichtung-glasversiegelung-duschabtrennung-duschkabine-offen-mit-stabilisator-120-x-200\/"]}]},{"@type":"ImageObject","inLanguage":"de","@id":"https:\/\/marktxxl.de\/markt\/produkt\/duschmeister-glaswand-dusche-fuer-duschwanne-120x200-cm-palladium-neo-8-mm-duschwand-mit-nano-clean-beschichtung-glasversiegelung-duschabtrennung-duschkabine-offen-mit-stabilisator-120-x-200\/#primaryimage","url":"https:\/\/m.media-amazon.com\/images\/I\/31svF4h-oHL._SL500_.jpg","contentUrl":"https:\/\/m.media-amazon.com\/images\/I\/31svF4h-oHL._SL500_.jpg","width":341,"height":500},{"@type":"BreadcrumbList","@id":"https:\/\/marktxxl.de\/markt\/produkt\/duschmeister-glaswand-dusche-fuer-duschwanne-120x200-cm-palladium-neo-8-mm-duschwand-mit-nano-clean-beschichtung-glasversiegelung-duschabtrennung-duschkabine-offen-mit-stabilisator-120-x-200\/#breadcrumb","itemListElement":[{"@type":"ListItem","position":1,"name":"Startseite","item":"https:\/\/marktxxl.de\/markt\/"},{"@type":"ListItem","position":2,"name":"Markt","item":"https:\/\/marktxxl.de\/markt\/"},{"@type":"ListItem","position":3,"name":"Duschmeister Glaswand Dusche F\u00dcR Duschwanne 120&#215;200 cm Palladium Neo 8 mm Duschwand mit Nano Clean Beschichtung\u2026"}]},{"@type":"WebSite","@id":"https:\/\/marktxxl.de\/markt\/#website","url":"https:\/\/marktxxl.de\/markt\/","name":"Markt-XXL","description":"Ihr Markt Online","publisher":{"@id":"https:\/\/marktxxl.de\/markt\/#organization"},"potentialAction":[{"@type":"SearchAction","target":{"@type":"EntryPoint","urlTemplate":"https:\/\/marktxxl.de\/markt\/?s={search_term_string}"},"query-input":{"@type":"PropertyValueSpecification","valueRequired":true,"valueName":"search_term_string"}}],"inLanguage":"de"},{"@type":"Organization","@id":"https:\/\/marktxxl.de\/markt\/#organization","name":"Markt-XXL","url":"https:\/\/marktxxl.de\/markt\/","logo":{"@type":"ImageObject","inLanguage":"de","@id":"https:\/\/marktxxl.de\/markt\/#\/schema\/logo\/image\/","url":"https:\/\/marktxxl.de\/markt\/wp-content\/uploads\/sites\/3\/2020\/12\/logo.png","contentUrl":"https:\/\/marktxxl.de\/markt\/wp-content\/uploads\/sites\/3\/2020\/12\/logo.png","width":200,"height":70,"caption":"Markt-XXL"},"image":{"@id":"https:\/\/marktxxl.de\/markt\/#\/schema\/logo\/image\/"}}]}},"_links":{"self":[{"href":"https:\/\/marktxxl.de\/markt\/wp-json\/wp\/v2\/product\/115864","targetHints":{"allow":["GET"]}}],"collection":[{"href":"https:\/\/marktxxl.de\/markt\/wp-json\/wp\/v2\/product"}],"about":[{"href":"https:\/\/marktxxl.de\/markt\/wp-json\/wp\/v2\/types\/product"}],"replies":[{"embeddable":true,"href":"https:\/\/marktxxl.de\/markt\/wp-json\/wp\/v2\/comments?post=115864"}],"wp:featuredmedia":[{"embeddable":true,"href":"https:\/\/marktxxl.de\/markt\/wp-json\/wp\/v2\/media\/115865"}],"wp:attachment":[{"href":"https:\/\/marktxxl.de\/markt\/wp-json\/wp\/v2\/media?parent=115864"}],"wp:term":[{"taxonomy":"product_brand","embeddable":true,"href":"https:\/\/marktxxl.de\/markt\/wp-json\/wp\/v2\/product_brand?post=115864"},{"taxonomy":"product_cat","embeddable":true,"href":"https:\/\/marktxxl.de\/markt\/wp-json\/wp\/v2\/product_cat?post=115864"},{"taxonomy":"product_tag","embeddable":true,"href":"https:\/\/marktxxl.de\/markt\/wp-json\/wp\/v2\/product_tag?post=115864"}],"curies":[{"name":"wp","href":"https:\/\/api.w.org\/{rel}","templated":true}]}}