{"id":115492,"date":"2022-05-14T23:31:02","date_gmt":"2022-05-14T21:31:02","guid":{"rendered":"https:\/\/marktxxl.de\/markt\/produkt\/dichtungsband-fuer-tueren-fenster-selbstklebendes-schaumstoffband-tuerdichtung-fenster-gummidichtung-fuer-kollision-siegel-schalldaemmung\/"},"modified":"2023-04-10T03:45:14","modified_gmt":"2023-04-10T01:45:14","slug":"dichtungsband-fuer-tueren-fenster-selbstklebendes-schaumstoffband-tuerdichtung-fenster-gummidichtung-fuer-kollision-siegel-schalldaemmung","status":"publish","type":"product","link":"https:\/\/marktxxl.de\/markt\/produkt\/dichtungsband-fuer-tueren-fenster-selbstklebendes-schaumstoffband-tuerdichtung-fenster-gummidichtung-fuer-kollision-siegel-schalldaemmung\/","title":{"rendered":"Dichtungsband f\u00fcr T\u00fcren Fenster, Selbstklebendes Schaumstoffband T\u00fcrdichtung Fenster, Gummidichtung f\u00fcr Kollision Siegel\u2026"},"content":{"rendered":"<p>CR-MATERIAL &#8211; CR-Material ist eine Art gr\u00fcnes Material mit guter Sto\u00dffestigkeit, Schalld\u00e4mmung, D\u00e4mpfungsleistung, W\u00e4rmespeicherung und K\u00e4lteschutz, das starker K\u00e4lte und Einwirkung standh\u00e4lt, kein unangenehmer Geruch.<br \/>\nUPGRADIERTER KLEBSTOFF &#8211; In unseren Dichtungsstreifen wird ein starker Gitterkleber verwendet, der niemals abf\u00e4llt und keine Klebstoffreste an Ihren T\u00fcren oder Fenstern verbleiben, wenn Sie unsere Dichtungsstreifen entfernen m\u00f6chten.<br \/>\nEINFACH ZU INSTALLIEREN &#8211; Der Dichtungsstreifen l\u00e4sst sich leicht mit einer Schere oder Klinge anpassen und zuschneiden, leicht biegen und an jede Form anpassen.<br \/>\nMULTI-FUNKTION &#8211; Die Klebeschaumstreifen sind wetterfest, staubdicht, sto\u00dfd\u00e4mpfend, puffernd, abdichtend, flammhemmend, schalldicht, w\u00e4rmeisolierend, die in verschiedenen T\u00fcrdichtungen und Fensterisolierungen, M\u00f6beln, Schaltschr\u00e4nken, Autos, Lautsprechern weit verbreitet sind , Spielzeug, Kunsthandwerk, Sportger\u00e4te usw.<br \/>\nSICHERHEIT &#8211; Bitte kontaktieren Sie uns, wenn Sie irgendwelche Probleme haben, wir werden innerhalb von 24 Stunden antworten und unser Bestes geben, um sie f\u00fcr Sie zu l\u00f6sen. Wenn Sie mit unseren Produkten nicht zufrieden sind, sind wir bereit, eine volle R\u00fcckerstattung oder ein neues Produkt bereitzustellen.<br \/>\n<div class=\"main-cross-sell\" data-asin=\"B0B1919S76\">\n\n\t<div class=\"WooZone-cross-sell-loader\">\n\t\t<div>\n\t\t\t<div id=\"floatingBarsG\">\n\t\t\t\t<div class=\"blockG\" id=\"rotateG_01\"><\/div>\n\t\t\t\t<div class=\"blockG\" id=\"rotateG_02\"><\/div>\n\t\t\t\t<div class=\"blockG\" id=\"rotateG_03\"><\/div>\n\t\t\t\t<div class=\"blockG\" id=\"rotateG_04\"><\/div>\n\t\t\t\t<div class=\"blockG\" id=\"rotateG_05\"><\/div>\n\t\t\t\t<div class=\"blockG\" id=\"rotateG_06\"><\/div>\n\t\t\t\t<div class=\"blockG\" id=\"rotateG_07\"><\/div>\n\t\t\t\t<div class=\"blockG\" id=\"rotateG_08\"><\/div>\n\t\t\t<\/div>\n\t\t\t<div class=\"WooZone-cross-sell-loader-text\"><\/div>\n\t\t<\/div>\n\t<\/div>\n\n\t\t\n<\/div>\n<div style=\"clear:both;\"><\/div><\/p>\n","protected":false},"excerpt":{"rendered":"<p>CR-MATERIAL &#8211; CR-Material ist eine Art gr\u00fcnes Material mit guter Sto\u00dffestigkeit, Schalld\u00e4mmung, D\u00e4mpfungsleistung, W\u00e4rmespeicherung und K\u00e4lteschutz, das starker K\u00e4lte und Einwirkung standh\u00e4lt, kein unangenehmer Geruch.<br \/>\nUPGRADIERTER KLEBSTOFF &#8211; In unseren Dichtungsstreifen wird ein starker Gitterkleber verwendet, der niemals abf\u00e4llt und keine Klebstoffreste an Ihren T\u00fcren oder Fenstern verbleiben, wenn Sie unsere Dichtungsstreifen entfernen m\u00f6chten.<br \/>\nEINFACH ZU INSTALLIEREN &#8211; Der Dichtungsstreifen l\u00e4sst sich leicht mit einer Schere oder Klinge anpassen und zuschneiden, leicht biegen und an jede Form anpassen.<\/p>\n","protected":false},"featured_media":115493,"comment_status":"open","ping_status":"closed","template":"","meta":[],"product_brand":[],"product_cat":[1983,10865],"product_tag":[],"class_list":{"0":"post-115492","1":"product","2":"type-product","3":"status-publish","4":"has-post-thumbnail","6":"product_cat-baumarkt","7":"product_cat-eisenwaren","8":"pa_brand-aideger","9":"pa_manufacturer-aideger","11":"first","12":"instock","13":"shipping-taxable","14":"purchasable","15":"product-type-simple","16":"customify-col","17":"product-has-gallery"},"yoast_head":"<!-- This site is optimized with the Yoast SEO plugin v27.4 - https:\/\/yoast.com\/product\/yoast-seo-wordpress\/ -->\n<title>Dichtungsband f\u00fcr T\u00fcren Fenster, Selbstklebendes Schaumstoffband T\u00fcrdichtung Fenster, Gummidichtung f\u00fcr Kollision Siegel\u2026 - Markt-XXL<\/title>\n<meta name=\"description\" content=\"Markt-XXL Dichtungsband f\u00fcr T\u00fcren Fenster, Selbstklebendes Schaumstoffband T\u00fcrdichtung Fenster, Gummidichtung f\u00fcr Kollision Siegel\u2026\" \/>\n<meta name=\"robots\" content=\"index, follow, max-snippet:-1, max-image-preview:large, max-video-preview:-1\" \/>\n<link rel=\"canonical\" href=\"https:\/\/marktxxl.de\/markt\/produkt\/dichtungsband-fuer-tueren-fenster-selbstklebendes-schaumstoffband-tuerdichtung-fenster-gummidichtung-fuer-kollision-siegel-schalldaemmung\/\" \/>\n<meta property=\"og:locale\" content=\"de_DE\" \/>\n<meta property=\"og:type\" content=\"article\" \/>\n<meta property=\"og:title\" content=\"Dichtungsband f\u00fcr T\u00fcren Fenster, Selbstklebendes Schaumstoffband T\u00fcrdichtung Fenster, Gummidichtung f\u00fcr Kollision Siegel\u2026 - Markt-XXL\" \/>\n<meta property=\"og:description\" content=\"Markt-XXL Dichtungsband f\u00fcr T\u00fcren Fenster, Selbstklebendes Schaumstoffband T\u00fcrdichtung Fenster, Gummidichtung f\u00fcr Kollision Siegel\u2026\" \/>\n<meta property=\"og:url\" content=\"https:\/\/marktxxl.de\/markt\/produkt\/dichtungsband-fuer-tueren-fenster-selbstklebendes-schaumstoffband-tuerdichtung-fenster-gummidichtung-fuer-kollision-siegel-schalldaemmung\/\" \/>\n<meta property=\"og:site_name\" content=\"Markt-XXL\" \/>\n<meta property=\"article:modified_time\" content=\"2023-04-10T01:45:14+00:00\" \/>\n<meta property=\"og:image\" content=\"https:\/\/m.media-amazon.com\/images\/I\/5141blMqDoL._SL500_.jpg\" \/>\n\t<meta property=\"og:image:width\" content=\"500\" \/>\n\t<meta property=\"og:image:height\" content=\"483\" \/>\n\t<meta property=\"og:image:type\" content=\"image\/jpeg\" \/>\n<meta name=\"twitter:card\" content=\"summary_large_image\" \/>\n<meta name=\"twitter:label1\" content=\"Gesch\u00e4tzte Lesezeit\" \/>\n\t<meta name=\"twitter:data1\" content=\"1\u00a0Minute\" \/>\n<script type=\"application\/ld+json\" class=\"yoast-schema-graph\">{\"@context\":\"https:\\\/\\\/schema.org\",\"@graph\":[{\"@type\":\"WebPage\",\"@id\":\"https:\\\/\\\/marktxxl.de\\\/markt\\\/produkt\\\/dichtungsband-fuer-tueren-fenster-selbstklebendes-schaumstoffband-tuerdichtung-fenster-gummidichtung-fuer-kollision-siegel-schalldaemmung\\\/\",\"url\":\"https:\\\/\\\/marktxxl.de\\\/markt\\\/produkt\\\/dichtungsband-fuer-tueren-fenster-selbstklebendes-schaumstoffband-tuerdichtung-fenster-gummidichtung-fuer-kollision-siegel-schalldaemmung\\\/\",\"name\":\"Dichtungsband f\u00fcr T\u00fcren Fenster, Selbstklebendes Schaumstoffband T\u00fcrdichtung Fenster, Gummidichtung f\u00fcr Kollision Siegel\u2026 - Markt-XXL\",\"isPartOf\":{\"@id\":\"https:\\\/\\\/marktxxl.de\\\/markt\\\/#website\"},\"primaryImageOfPage\":{\"@id\":\"https:\\\/\\\/marktxxl.de\\\/markt\\\/produkt\\\/dichtungsband-fuer-tueren-fenster-selbstklebendes-schaumstoffband-tuerdichtung-fenster-gummidichtung-fuer-kollision-siegel-schalldaemmung\\\/#primaryimage\"},\"image\":{\"@id\":\"https:\\\/\\\/marktxxl.de\\\/markt\\\/produkt\\\/dichtungsband-fuer-tueren-fenster-selbstklebendes-schaumstoffband-tuerdichtung-fenster-gummidichtung-fuer-kollision-siegel-schalldaemmung\\\/#primaryimage\"},\"thumbnailUrl\":\"https:\\\/\\\/m.media-amazon.com\\\/images\\\/I\\\/5141blMqDoL._SL500_.jpg\",\"datePublished\":\"2022-05-14T21:31:02+00:00\",\"dateModified\":\"2023-04-10T01:45:14+00:00\",\"description\":\"Markt-XXL Dichtungsband f\u00fcr T\u00fcren Fenster, Selbstklebendes Schaumstoffband T\u00fcrdichtung Fenster, Gummidichtung f\u00fcr Kollision Siegel\u2026\",\"breadcrumb\":{\"@id\":\"https:\\\/\\\/marktxxl.de\\\/markt\\\/produkt\\\/dichtungsband-fuer-tueren-fenster-selbstklebendes-schaumstoffband-tuerdichtung-fenster-gummidichtung-fuer-kollision-siegel-schalldaemmung\\\/#breadcrumb\"},\"inLanguage\":\"de\",\"potentialAction\":[{\"@type\":\"ReadAction\",\"target\":[\"https:\\\/\\\/marktxxl.de\\\/markt\\\/produkt\\\/dichtungsband-fuer-tueren-fenster-selbstklebendes-schaumstoffband-tuerdichtung-fenster-gummidichtung-fuer-kollision-siegel-schalldaemmung\\\/\"]}]},{\"@type\":\"ImageObject\",\"inLanguage\":\"de\",\"@id\":\"https:\\\/\\\/marktxxl.de\\\/markt\\\/produkt\\\/dichtungsband-fuer-tueren-fenster-selbstklebendes-schaumstoffband-tuerdichtung-fenster-gummidichtung-fuer-kollision-siegel-schalldaemmung\\\/#primaryimage\",\"url\":\"https:\\\/\\\/m.media-amazon.com\\\/images\\\/I\\\/5141blMqDoL._SL500_.jpg\",\"contentUrl\":\"https:\\\/\\\/m.media-amazon.com\\\/images\\\/I\\\/5141blMqDoL._SL500_.jpg\",\"width\":500,\"height\":483},{\"@type\":\"BreadcrumbList\",\"@id\":\"https:\\\/\\\/marktxxl.de\\\/markt\\\/produkt\\\/dichtungsband-fuer-tueren-fenster-selbstklebendes-schaumstoffband-tuerdichtung-fenster-gummidichtung-fuer-kollision-siegel-schalldaemmung\\\/#breadcrumb\",\"itemListElement\":[{\"@type\":\"ListItem\",\"position\":1,\"name\":\"Startseite\",\"item\":\"https:\\\/\\\/marktxxl.de\\\/markt\\\/\"},{\"@type\":\"ListItem\",\"position\":2,\"name\":\"Markt\",\"item\":\"https:\\\/\\\/marktxxl.de\\\/markt\\\/\"},{\"@type\":\"ListItem\",\"position\":3,\"name\":\"Dichtungsband f\u00fcr T\u00fcren Fenster, Selbstklebendes Schaumstoffband T\u00fcrdichtung Fenster, Gummidichtung f\u00fcr Kollision Siegel\u2026\"}]},{\"@type\":\"WebSite\",\"@id\":\"https:\\\/\\\/marktxxl.de\\\/markt\\\/#website\",\"url\":\"https:\\\/\\\/marktxxl.de\\\/markt\\\/\",\"name\":\"Markt-XXL\",\"description\":\"Ihr Markt Online\",\"publisher\":{\"@id\":\"https:\\\/\\\/marktxxl.de\\\/markt\\\/#organization\"},\"potentialAction\":[{\"@type\":\"SearchAction\",\"target\":{\"@type\":\"EntryPoint\",\"urlTemplate\":\"https:\\\/\\\/marktxxl.de\\\/markt\\\/?s={search_term_string}\"},\"query-input\":{\"@type\":\"PropertyValueSpecification\",\"valueRequired\":true,\"valueName\":\"search_term_string\"}}],\"inLanguage\":\"de\"},{\"@type\":\"Organization\",\"@id\":\"https:\\\/\\\/marktxxl.de\\\/markt\\\/#organization\",\"name\":\"Markt-XXL\",\"url\":\"https:\\\/\\\/marktxxl.de\\\/markt\\\/\",\"logo\":{\"@type\":\"ImageObject\",\"inLanguage\":\"de\",\"@id\":\"https:\\\/\\\/marktxxl.de\\\/markt\\\/#\\\/schema\\\/logo\\\/image\\\/\",\"url\":\"https:\\\/\\\/marktxxl.de\\\/markt\\\/wp-content\\\/uploads\\\/sites\\\/3\\\/2020\\\/12\\\/logo.png\",\"contentUrl\":\"https:\\\/\\\/marktxxl.de\\\/markt\\\/wp-content\\\/uploads\\\/sites\\\/3\\\/2020\\\/12\\\/logo.png\",\"width\":200,\"height\":70,\"caption\":\"Markt-XXL\"},\"image\":{\"@id\":\"https:\\\/\\\/marktxxl.de\\\/markt\\\/#\\\/schema\\\/logo\\\/image\\\/\"}}]}<\/script>\n<!-- \/ Yoast SEO plugin. -->","yoast_head_json":{"title":"Dichtungsband f\u00fcr T\u00fcren Fenster, Selbstklebendes Schaumstoffband T\u00fcrdichtung Fenster, Gummidichtung f\u00fcr Kollision Siegel\u2026 - Markt-XXL","description":"Markt-XXL Dichtungsband f\u00fcr T\u00fcren Fenster, Selbstklebendes Schaumstoffband T\u00fcrdichtung Fenster, Gummidichtung f\u00fcr Kollision Siegel\u2026","robots":{"index":"index","follow":"follow","max-snippet":"max-snippet:-1","max-image-preview":"max-image-preview:large","max-video-preview":"max-video-preview:-1"},"canonical":"https:\/\/marktxxl.de\/markt\/produkt\/dichtungsband-fuer-tueren-fenster-selbstklebendes-schaumstoffband-tuerdichtung-fenster-gummidichtung-fuer-kollision-siegel-schalldaemmung\/","og_locale":"de_DE","og_type":"article","og_title":"Dichtungsband f\u00fcr T\u00fcren Fenster, Selbstklebendes Schaumstoffband T\u00fcrdichtung Fenster, Gummidichtung f\u00fcr Kollision Siegel\u2026 - Markt-XXL","og_description":"Markt-XXL Dichtungsband f\u00fcr T\u00fcren Fenster, Selbstklebendes Schaumstoffband T\u00fcrdichtung Fenster, Gummidichtung f\u00fcr Kollision Siegel\u2026","og_url":"https:\/\/marktxxl.de\/markt\/produkt\/dichtungsband-fuer-tueren-fenster-selbstklebendes-schaumstoffband-tuerdichtung-fenster-gummidichtung-fuer-kollision-siegel-schalldaemmung\/","og_site_name":"Markt-XXL","article_modified_time":"2023-04-10T01:45:14+00:00","og_image":[{"width":500,"height":483,"url":"https:\/\/m.media-amazon.com\/images\/I\/5141blMqDoL._SL500_.jpg","type":"image\/jpeg"}],"twitter_card":"summary_large_image","twitter_misc":{"Gesch\u00e4tzte Lesezeit":"1\u00a0Minute"},"schema":{"@context":"https:\/\/schema.org","@graph":[{"@type":"WebPage","@id":"https:\/\/marktxxl.de\/markt\/produkt\/dichtungsband-fuer-tueren-fenster-selbstklebendes-schaumstoffband-tuerdichtung-fenster-gummidichtung-fuer-kollision-siegel-schalldaemmung\/","url":"https:\/\/marktxxl.de\/markt\/produkt\/dichtungsband-fuer-tueren-fenster-selbstklebendes-schaumstoffband-tuerdichtung-fenster-gummidichtung-fuer-kollision-siegel-schalldaemmung\/","name":"Dichtungsband f\u00fcr T\u00fcren Fenster, Selbstklebendes Schaumstoffband T\u00fcrdichtung Fenster, Gummidichtung f\u00fcr Kollision Siegel\u2026 - Markt-XXL","isPartOf":{"@id":"https:\/\/marktxxl.de\/markt\/#website"},"primaryImageOfPage":{"@id":"https:\/\/marktxxl.de\/markt\/produkt\/dichtungsband-fuer-tueren-fenster-selbstklebendes-schaumstoffband-tuerdichtung-fenster-gummidichtung-fuer-kollision-siegel-schalldaemmung\/#primaryimage"},"image":{"@id":"https:\/\/marktxxl.de\/markt\/produkt\/dichtungsband-fuer-tueren-fenster-selbstklebendes-schaumstoffband-tuerdichtung-fenster-gummidichtung-fuer-kollision-siegel-schalldaemmung\/#primaryimage"},"thumbnailUrl":"https:\/\/m.media-amazon.com\/images\/I\/5141blMqDoL._SL500_.jpg","datePublished":"2022-05-14T21:31:02+00:00","dateModified":"2023-04-10T01:45:14+00:00","description":"Markt-XXL Dichtungsband f\u00fcr T\u00fcren Fenster, Selbstklebendes Schaumstoffband T\u00fcrdichtung Fenster, Gummidichtung f\u00fcr Kollision Siegel\u2026","breadcrumb":{"@id":"https:\/\/marktxxl.de\/markt\/produkt\/dichtungsband-fuer-tueren-fenster-selbstklebendes-schaumstoffband-tuerdichtung-fenster-gummidichtung-fuer-kollision-siegel-schalldaemmung\/#breadcrumb"},"inLanguage":"de","potentialAction":[{"@type":"ReadAction","target":["https:\/\/marktxxl.de\/markt\/produkt\/dichtungsband-fuer-tueren-fenster-selbstklebendes-schaumstoffband-tuerdichtung-fenster-gummidichtung-fuer-kollision-siegel-schalldaemmung\/"]}]},{"@type":"ImageObject","inLanguage":"de","@id":"https:\/\/marktxxl.de\/markt\/produkt\/dichtungsband-fuer-tueren-fenster-selbstklebendes-schaumstoffband-tuerdichtung-fenster-gummidichtung-fuer-kollision-siegel-schalldaemmung\/#primaryimage","url":"https:\/\/m.media-amazon.com\/images\/I\/5141blMqDoL._SL500_.jpg","contentUrl":"https:\/\/m.media-amazon.com\/images\/I\/5141blMqDoL._SL500_.jpg","width":500,"height":483},{"@type":"BreadcrumbList","@id":"https:\/\/marktxxl.de\/markt\/produkt\/dichtungsband-fuer-tueren-fenster-selbstklebendes-schaumstoffband-tuerdichtung-fenster-gummidichtung-fuer-kollision-siegel-schalldaemmung\/#breadcrumb","itemListElement":[{"@type":"ListItem","position":1,"name":"Startseite","item":"https:\/\/marktxxl.de\/markt\/"},{"@type":"ListItem","position":2,"name":"Markt","item":"https:\/\/marktxxl.de\/markt\/"},{"@type":"ListItem","position":3,"name":"Dichtungsband f\u00fcr T\u00fcren Fenster, Selbstklebendes Schaumstoffband T\u00fcrdichtung Fenster, Gummidichtung f\u00fcr Kollision Siegel\u2026"}]},{"@type":"WebSite","@id":"https:\/\/marktxxl.de\/markt\/#website","url":"https:\/\/marktxxl.de\/markt\/","name":"Markt-XXL","description":"Ihr Markt Online","publisher":{"@id":"https:\/\/marktxxl.de\/markt\/#organization"},"potentialAction":[{"@type":"SearchAction","target":{"@type":"EntryPoint","urlTemplate":"https:\/\/marktxxl.de\/markt\/?s={search_term_string}"},"query-input":{"@type":"PropertyValueSpecification","valueRequired":true,"valueName":"search_term_string"}}],"inLanguage":"de"},{"@type":"Organization","@id":"https:\/\/marktxxl.de\/markt\/#organization","name":"Markt-XXL","url":"https:\/\/marktxxl.de\/markt\/","logo":{"@type":"ImageObject","inLanguage":"de","@id":"https:\/\/marktxxl.de\/markt\/#\/schema\/logo\/image\/","url":"https:\/\/marktxxl.de\/markt\/wp-content\/uploads\/sites\/3\/2020\/12\/logo.png","contentUrl":"https:\/\/marktxxl.de\/markt\/wp-content\/uploads\/sites\/3\/2020\/12\/logo.png","width":200,"height":70,"caption":"Markt-XXL"},"image":{"@id":"https:\/\/marktxxl.de\/markt\/#\/schema\/logo\/image\/"}}]}},"_links":{"self":[{"href":"https:\/\/marktxxl.de\/markt\/wp-json\/wp\/v2\/product\/115492","targetHints":{"allow":["GET"]}}],"collection":[{"href":"https:\/\/marktxxl.de\/markt\/wp-json\/wp\/v2\/product"}],"about":[{"href":"https:\/\/marktxxl.de\/markt\/wp-json\/wp\/v2\/types\/product"}],"replies":[{"embeddable":true,"href":"https:\/\/marktxxl.de\/markt\/wp-json\/wp\/v2\/comments?post=115492"}],"wp:featuredmedia":[{"embeddable":true,"href":"https:\/\/marktxxl.de\/markt\/wp-json\/wp\/v2\/media\/115493"}],"wp:attachment":[{"href":"https:\/\/marktxxl.de\/markt\/wp-json\/wp\/v2\/media?parent=115492"}],"wp:term":[{"taxonomy":"product_brand","embeddable":true,"href":"https:\/\/marktxxl.de\/markt\/wp-json\/wp\/v2\/product_brand?post=115492"},{"taxonomy":"product_cat","embeddable":true,"href":"https:\/\/marktxxl.de\/markt\/wp-json\/wp\/v2\/product_cat?post=115492"},{"taxonomy":"product_tag","embeddable":true,"href":"https:\/\/marktxxl.de\/markt\/wp-json\/wp\/v2\/product_tag?post=115492"}],"curies":[{"name":"wp","href":"https:\/\/api.w.org\/{rel}","templated":true}]}}