{"id":115397,"date":"2022-05-14T23:25:35","date_gmt":"2022-05-14T21:25:35","guid":{"rendered":"https:\/\/marktxxl.de\/markt\/produkt\/swpeet-415-stueck-bilderaufhaenger-mit-schrauben-aufhaenger-fuer-holzrahmen-bilderhaken-fuer-haus-buero-foto-bild-malerei-haengen-bilderbefestigung-7-modelle\/"},"modified":"2023-04-10T03:45:12","modified_gmt":"2023-04-10T01:45:12","slug":"swpeet-415-stueck-bilderaufhaenger-mit-schrauben-aufhaenger-fuer-holzrahmen-bilderhaken-fuer-haus-buero-foto-bild-malerei-haengen-bilderbefestigung-7-modelle","status":"publish","type":"product","link":"https:\/\/marktxxl.de\/markt\/produkt\/swpeet-415-stueck-bilderaufhaenger-mit-schrauben-aufhaenger-fuer-holzrahmen-bilderhaken-fuer-haus-buero-foto-bild-malerei-haengen-bilderbefestigung-7-modelle\/","title":{"rendered":"Swpeet 415 St\u00fcck Bilderaufh\u00e4nger mit Schrauben, Aufh\u00e4nger f\u00fcr Holzrahmen, Bilderhaken f\u00fcr Haus B\u00fcro Foto Bild Malerei\u2026"},"content":{"rendered":"<p>\u2605 7 Modelle von Bilderaufh\u00e4ngern mit Mini-Gradienter &#8212; Paket enth\u00e4lt 415 St\u00fcck sortierte Bilderaufh\u00e4nger mit verschiedenen Schrauben. Wir haben 7 Modelle von Bilderaufh\u00e4ngern vorbereitet, einschlie\u00dflich schwarzem S\u00e4gezahn\/Golds\u00e4gezahn\/D-Ring\/Dreieck-Ring\/Einloch-D-Ring\/Doppelloch-D-Ring\/Drei-L\u00f6cher-Bilderaufh\u00e4nger. So k\u00f6nnen diese Bilderaufh\u00e4nger alle Ihre Bed\u00fcrfnisse erf\u00fcllen und Ihnen helfen, Probleme beim Aufh\u00e4ngen von Bildern zu l\u00f6sen. Sie haben es sich verdient.<br \/>\n\u2605 Hohe Qualit\u00e4t &#8212; Robuster und starker Bilderaufh\u00e4nger h\u00e4lt 18 kg. Es gibt viele Teile im Inneren, so dass er lange verwendet werden kann und das Problem des Bilderh\u00e4ngens f\u00fcr eine lange Zeit gel\u00f6st werden kann.<br \/>\n\u2605 Praktisches Design &#8212;&#8212;&#8211; Geeignet f\u00fcr Bilderrahmen, Uhren, dekorative Gem\u00e4lde und andere Anh\u00e4nger. Verwenden Sie Mall Nagelmaterial. Wird in einem praktischen Kunststoff-Organizer mit gro\u00dfen F\u00e4chern f\u00fcr einfache Aufbewahrung geliefert.<br \/>\n\u2605 Nahtlose Wandn\u00e4gel &#8212; Jeder Bilderaufh\u00e4nger wird mit Schrauben geliefert. Mit sehr kleinen N\u00e4geln, die an die Wand genagelt werden, besch\u00e4digt die Wand nicht. Nahezu keine Spur von au\u00dfen, die Wand ist auch sehr kleine Besch\u00e4digungen.<br \/>\n\u2605 Vielf\u00e4ltige Anwendungsm\u00f6glichkeiten: F\u00fcr Bilderrahmen, Hochzeit, digitale Malerei, Kreuzstich, Bilderrahmen, chinesische Malerei, Ausstellungsmalerei, modische Wanduhr usw.<br \/>\n<div class=\"main-cross-sell\" data-asin=\"B071LPKXPJ\">\n\n\t<div class=\"WooZone-cross-sell-loader\">\n\t\t<div>\n\t\t\t<div id=\"floatingBarsG\">\n\t\t\t\t<div class=\"blockG\" id=\"rotateG_01\"><\/div>\n\t\t\t\t<div class=\"blockG\" id=\"rotateG_02\"><\/div>\n\t\t\t\t<div class=\"blockG\" id=\"rotateG_03\"><\/div>\n\t\t\t\t<div class=\"blockG\" id=\"rotateG_04\"><\/div>\n\t\t\t\t<div class=\"blockG\" id=\"rotateG_05\"><\/div>\n\t\t\t\t<div class=\"blockG\" id=\"rotateG_06\"><\/div>\n\t\t\t\t<div class=\"blockG\" id=\"rotateG_07\"><\/div>\n\t\t\t\t<div class=\"blockG\" id=\"rotateG_08\"><\/div>\n\t\t\t<\/div>\n\t\t\t<div class=\"WooZone-cross-sell-loader-text\"><\/div>\n\t\t<\/div>\n\t<\/div>\n\n\t\t\n<\/div>\n<div style=\"clear:both;\"><\/div><\/p>\n","protected":false},"excerpt":{"rendered":"<p>\u2605 7 Modelle von Bilderaufh\u00e4ngern mit Mini-Gradienter &#8212; Paket enth\u00e4lt 415 St\u00fcck sortierte Bilderaufh\u00e4nger mit verschiedenen Schrauben. Wir haben 7 Modelle von Bilderaufh\u00e4ngern vorbereitet, einschlie\u00dflich schwarzem S\u00e4gezahn\/Golds\u00e4gezahn\/D-Ring\/Dreieck-Ring\/Einloch-D-Ring\/Doppelloch-D-Ring\/Drei-L\u00f6cher-Bilderaufh\u00e4nger. So k\u00f6nnen diese Bilderaufh\u00e4nger alle Ihre Bed\u00fcrfnisse erf\u00fcllen und Ihnen helfen, Probleme beim Aufh\u00e4ngen von Bildern zu l\u00f6sen. Sie haben es sich verdient.<br \/>\n\u2605 Hohe Qualit\u00e4t &#8212; Robuster und starker Bilderaufh\u00e4nger h\u00e4lt 18 kg. Es gibt viele Teile im Inneren, so dass er lange verwendet werden kann und das Problem des Bilderh\u00e4ngens f\u00fcr eine lange Zeit gel\u00f6st werden kann.<br \/>\n\u2605 Praktisches Design &#8212;&#8212;&#8211; Geeignet f\u00fcr Bilderrahmen, Uhren, dekorative Gem\u00e4lde und andere Anh\u00e4nger. Verwenden Sie Mall Nagelmaterial. Wird in einem praktischen Kunststoff-Organizer mit gro\u00dfen F\u00e4chern f\u00fcr einfache Aufbewahrung geliefert.<\/p>\n","protected":false},"featured_media":115398,"comment_status":"open","ping_status":"closed","template":"","meta":[],"product_brand":[],"product_cat":[1983,10865],"product_tag":[],"class_list":{"0":"post-115397","1":"product","2":"type-product","3":"status-publish","4":"has-post-thumbnail","6":"product_cat-baumarkt","7":"product_cat-eisenwaren","8":"pa_binding-werkzeug","9":"pa_brand-swpeet","10":"pa_height-0-79-zoll","11":"pa_length-5-91-zoll","12":"pa_manufacturer-swpeet","13":"pa_width-3-11-zoll","15":"first","16":"instock","17":"shipping-taxable","18":"purchasable","19":"product-type-simple","20":"customify-col","21":"product-has-gallery"},"yoast_head":"<!-- This site is optimized with the Yoast SEO plugin v27.3 - https:\/\/yoast.com\/product\/yoast-seo-wordpress\/ -->\n<title>Swpeet 415 St\u00fcck Bilderaufh\u00e4nger mit Schrauben, Aufh\u00e4nger f\u00fcr Holzrahmen, Bilderhaken f\u00fcr Haus B\u00fcro Foto Bild Malerei\u2026 - Markt-XXL<\/title>\n<meta name=\"description\" content=\"Markt-XXL Swpeet 415 St\u00fcck Bilderaufh\u00e4nger mit Schrauben, Aufh\u00e4nger f\u00fcr Holzrahmen, Bilderhaken f\u00fcr Haus B\u00fcro Foto Bild Malerei\u2026\" \/>\n<meta name=\"robots\" content=\"index, follow, max-snippet:-1, max-image-preview:large, max-video-preview:-1\" \/>\n<link rel=\"canonical\" href=\"https:\/\/marktxxl.de\/markt\/produkt\/swpeet-415-stueck-bilderaufhaenger-mit-schrauben-aufhaenger-fuer-holzrahmen-bilderhaken-fuer-haus-buero-foto-bild-malerei-haengen-bilderbefestigung-7-modelle\/\" \/>\n<meta property=\"og:locale\" content=\"de_DE\" \/>\n<meta property=\"og:type\" content=\"article\" \/>\n<meta property=\"og:title\" content=\"Swpeet 415 St\u00fcck Bilderaufh\u00e4nger mit Schrauben, Aufh\u00e4nger f\u00fcr Holzrahmen, Bilderhaken f\u00fcr Haus B\u00fcro Foto Bild Malerei\u2026 - Markt-XXL\" \/>\n<meta property=\"og:description\" content=\"Markt-XXL Swpeet 415 St\u00fcck Bilderaufh\u00e4nger mit Schrauben, Aufh\u00e4nger f\u00fcr Holzrahmen, Bilderhaken f\u00fcr Haus B\u00fcro Foto Bild Malerei\u2026\" \/>\n<meta property=\"og:url\" content=\"https:\/\/marktxxl.de\/markt\/produkt\/swpeet-415-stueck-bilderaufhaenger-mit-schrauben-aufhaenger-fuer-holzrahmen-bilderhaken-fuer-haus-buero-foto-bild-malerei-haengen-bilderbefestigung-7-modelle\/\" \/>\n<meta property=\"og:site_name\" content=\"Markt-XXL\" \/>\n<meta property=\"article:modified_time\" content=\"2023-04-10T01:45:12+00:00\" \/>\n<meta property=\"og:image\" content=\"https:\/\/m.media-amazon.com\/images\/I\/513r5F8VWNL._SL500_.jpg\" \/>\n\t<meta property=\"og:image:width\" content=\"500\" \/>\n\t<meta property=\"og:image:height\" content=\"500\" \/>\n\t<meta property=\"og:image:type\" content=\"image\/jpeg\" \/>\n<meta name=\"twitter:card\" content=\"summary_large_image\" \/>\n<meta name=\"twitter:label1\" content=\"Gesch\u00e4tzte Lesezeit\" \/>\n\t<meta name=\"twitter:data1\" content=\"1\u00a0Minute\" \/>\n<script type=\"application\/ld+json\" class=\"yoast-schema-graph\">{\"@context\":\"https:\\\/\\\/schema.org\",\"@graph\":[{\"@type\":\"WebPage\",\"@id\":\"https:\\\/\\\/marktxxl.de\\\/markt\\\/produkt\\\/swpeet-415-stueck-bilderaufhaenger-mit-schrauben-aufhaenger-fuer-holzrahmen-bilderhaken-fuer-haus-buero-foto-bild-malerei-haengen-bilderbefestigung-7-modelle\\\/\",\"url\":\"https:\\\/\\\/marktxxl.de\\\/markt\\\/produkt\\\/swpeet-415-stueck-bilderaufhaenger-mit-schrauben-aufhaenger-fuer-holzrahmen-bilderhaken-fuer-haus-buero-foto-bild-malerei-haengen-bilderbefestigung-7-modelle\\\/\",\"name\":\"Swpeet 415 St\u00fcck Bilderaufh\u00e4nger mit Schrauben, Aufh\u00e4nger f\u00fcr Holzrahmen, Bilderhaken f\u00fcr Haus B\u00fcro Foto Bild Malerei\u2026 - Markt-XXL\",\"isPartOf\":{\"@id\":\"https:\\\/\\\/marktxxl.de\\\/markt\\\/#website\"},\"primaryImageOfPage\":{\"@id\":\"https:\\\/\\\/marktxxl.de\\\/markt\\\/produkt\\\/swpeet-415-stueck-bilderaufhaenger-mit-schrauben-aufhaenger-fuer-holzrahmen-bilderhaken-fuer-haus-buero-foto-bild-malerei-haengen-bilderbefestigung-7-modelle\\\/#primaryimage\"},\"image\":{\"@id\":\"https:\\\/\\\/marktxxl.de\\\/markt\\\/produkt\\\/swpeet-415-stueck-bilderaufhaenger-mit-schrauben-aufhaenger-fuer-holzrahmen-bilderhaken-fuer-haus-buero-foto-bild-malerei-haengen-bilderbefestigung-7-modelle\\\/#primaryimage\"},\"thumbnailUrl\":\"https:\\\/\\\/m.media-amazon.com\\\/images\\\/I\\\/513r5F8VWNL._SL500_.jpg\",\"datePublished\":\"2022-05-14T21:25:35+00:00\",\"dateModified\":\"2023-04-10T01:45:12+00:00\",\"description\":\"Markt-XXL Swpeet 415 St\u00fcck Bilderaufh\u00e4nger mit Schrauben, Aufh\u00e4nger f\u00fcr Holzrahmen, Bilderhaken f\u00fcr Haus B\u00fcro Foto Bild Malerei\u2026\",\"breadcrumb\":{\"@id\":\"https:\\\/\\\/marktxxl.de\\\/markt\\\/produkt\\\/swpeet-415-stueck-bilderaufhaenger-mit-schrauben-aufhaenger-fuer-holzrahmen-bilderhaken-fuer-haus-buero-foto-bild-malerei-haengen-bilderbefestigung-7-modelle\\\/#breadcrumb\"},\"inLanguage\":\"de\",\"potentialAction\":[{\"@type\":\"ReadAction\",\"target\":[\"https:\\\/\\\/marktxxl.de\\\/markt\\\/produkt\\\/swpeet-415-stueck-bilderaufhaenger-mit-schrauben-aufhaenger-fuer-holzrahmen-bilderhaken-fuer-haus-buero-foto-bild-malerei-haengen-bilderbefestigung-7-modelle\\\/\"]}]},{\"@type\":\"ImageObject\",\"inLanguage\":\"de\",\"@id\":\"https:\\\/\\\/marktxxl.de\\\/markt\\\/produkt\\\/swpeet-415-stueck-bilderaufhaenger-mit-schrauben-aufhaenger-fuer-holzrahmen-bilderhaken-fuer-haus-buero-foto-bild-malerei-haengen-bilderbefestigung-7-modelle\\\/#primaryimage\",\"url\":\"https:\\\/\\\/m.media-amazon.com\\\/images\\\/I\\\/513r5F8VWNL._SL500_.jpg\",\"contentUrl\":\"https:\\\/\\\/m.media-amazon.com\\\/images\\\/I\\\/513r5F8VWNL._SL500_.jpg\",\"width\":500,\"height\":500},{\"@type\":\"BreadcrumbList\",\"@id\":\"https:\\\/\\\/marktxxl.de\\\/markt\\\/produkt\\\/swpeet-415-stueck-bilderaufhaenger-mit-schrauben-aufhaenger-fuer-holzrahmen-bilderhaken-fuer-haus-buero-foto-bild-malerei-haengen-bilderbefestigung-7-modelle\\\/#breadcrumb\",\"itemListElement\":[{\"@type\":\"ListItem\",\"position\":1,\"name\":\"Startseite\",\"item\":\"https:\\\/\\\/marktxxl.de\\\/markt\\\/\"},{\"@type\":\"ListItem\",\"position\":2,\"name\":\"Markt\",\"item\":\"https:\\\/\\\/marktxxl.de\\\/markt\\\/\"},{\"@type\":\"ListItem\",\"position\":3,\"name\":\"Swpeet 415 St\u00fcck Bilderaufh\u00e4nger mit Schrauben, Aufh\u00e4nger f\u00fcr Holzrahmen, Bilderhaken f\u00fcr Haus B\u00fcro Foto Bild Malerei\u2026\"}]},{\"@type\":\"WebSite\",\"@id\":\"https:\\\/\\\/marktxxl.de\\\/markt\\\/#website\",\"url\":\"https:\\\/\\\/marktxxl.de\\\/markt\\\/\",\"name\":\"Markt-XXL\",\"description\":\"Ihr Markt Online\",\"publisher\":{\"@id\":\"https:\\\/\\\/marktxxl.de\\\/markt\\\/#organization\"},\"potentialAction\":[{\"@type\":\"SearchAction\",\"target\":{\"@type\":\"EntryPoint\",\"urlTemplate\":\"https:\\\/\\\/marktxxl.de\\\/markt\\\/?s={search_term_string}\"},\"query-input\":{\"@type\":\"PropertyValueSpecification\",\"valueRequired\":true,\"valueName\":\"search_term_string\"}}],\"inLanguage\":\"de\"},{\"@type\":\"Organization\",\"@id\":\"https:\\\/\\\/marktxxl.de\\\/markt\\\/#organization\",\"name\":\"Markt-XXL\",\"url\":\"https:\\\/\\\/marktxxl.de\\\/markt\\\/\",\"logo\":{\"@type\":\"ImageObject\",\"inLanguage\":\"de\",\"@id\":\"https:\\\/\\\/marktxxl.de\\\/markt\\\/#\\\/schema\\\/logo\\\/image\\\/\",\"url\":\"https:\\\/\\\/marktxxl.de\\\/markt\\\/wp-content\\\/uploads\\\/sites\\\/3\\\/2020\\\/12\\\/logo.png\",\"contentUrl\":\"https:\\\/\\\/marktxxl.de\\\/markt\\\/wp-content\\\/uploads\\\/sites\\\/3\\\/2020\\\/12\\\/logo.png\",\"width\":200,\"height\":70,\"caption\":\"Markt-XXL\"},\"image\":{\"@id\":\"https:\\\/\\\/marktxxl.de\\\/markt\\\/#\\\/schema\\\/logo\\\/image\\\/\"}}]}<\/script>\n<!-- \/ Yoast SEO plugin. -->","yoast_head_json":{"title":"Swpeet 415 St\u00fcck Bilderaufh\u00e4nger mit Schrauben, Aufh\u00e4nger f\u00fcr Holzrahmen, Bilderhaken f\u00fcr Haus B\u00fcro Foto Bild Malerei\u2026 - Markt-XXL","description":"Markt-XXL Swpeet 415 St\u00fcck Bilderaufh\u00e4nger mit Schrauben, Aufh\u00e4nger f\u00fcr Holzrahmen, Bilderhaken f\u00fcr Haus B\u00fcro Foto Bild Malerei\u2026","robots":{"index":"index","follow":"follow","max-snippet":"max-snippet:-1","max-image-preview":"max-image-preview:large","max-video-preview":"max-video-preview:-1"},"canonical":"https:\/\/marktxxl.de\/markt\/produkt\/swpeet-415-stueck-bilderaufhaenger-mit-schrauben-aufhaenger-fuer-holzrahmen-bilderhaken-fuer-haus-buero-foto-bild-malerei-haengen-bilderbefestigung-7-modelle\/","og_locale":"de_DE","og_type":"article","og_title":"Swpeet 415 St\u00fcck Bilderaufh\u00e4nger mit Schrauben, Aufh\u00e4nger f\u00fcr Holzrahmen, Bilderhaken f\u00fcr Haus B\u00fcro Foto Bild Malerei\u2026 - Markt-XXL","og_description":"Markt-XXL Swpeet 415 St\u00fcck Bilderaufh\u00e4nger mit Schrauben, Aufh\u00e4nger f\u00fcr Holzrahmen, Bilderhaken f\u00fcr Haus B\u00fcro Foto Bild Malerei\u2026","og_url":"https:\/\/marktxxl.de\/markt\/produkt\/swpeet-415-stueck-bilderaufhaenger-mit-schrauben-aufhaenger-fuer-holzrahmen-bilderhaken-fuer-haus-buero-foto-bild-malerei-haengen-bilderbefestigung-7-modelle\/","og_site_name":"Markt-XXL","article_modified_time":"2023-04-10T01:45:12+00:00","og_image":[{"width":500,"height":500,"url":"https:\/\/m.media-amazon.com\/images\/I\/513r5F8VWNL._SL500_.jpg","type":"image\/jpeg"}],"twitter_card":"summary_large_image","twitter_misc":{"Gesch\u00e4tzte Lesezeit":"1\u00a0Minute"},"schema":{"@context":"https:\/\/schema.org","@graph":[{"@type":"WebPage","@id":"https:\/\/marktxxl.de\/markt\/produkt\/swpeet-415-stueck-bilderaufhaenger-mit-schrauben-aufhaenger-fuer-holzrahmen-bilderhaken-fuer-haus-buero-foto-bild-malerei-haengen-bilderbefestigung-7-modelle\/","url":"https:\/\/marktxxl.de\/markt\/produkt\/swpeet-415-stueck-bilderaufhaenger-mit-schrauben-aufhaenger-fuer-holzrahmen-bilderhaken-fuer-haus-buero-foto-bild-malerei-haengen-bilderbefestigung-7-modelle\/","name":"Swpeet 415 St\u00fcck Bilderaufh\u00e4nger mit Schrauben, Aufh\u00e4nger f\u00fcr Holzrahmen, Bilderhaken f\u00fcr Haus B\u00fcro Foto Bild Malerei\u2026 - Markt-XXL","isPartOf":{"@id":"https:\/\/marktxxl.de\/markt\/#website"},"primaryImageOfPage":{"@id":"https:\/\/marktxxl.de\/markt\/produkt\/swpeet-415-stueck-bilderaufhaenger-mit-schrauben-aufhaenger-fuer-holzrahmen-bilderhaken-fuer-haus-buero-foto-bild-malerei-haengen-bilderbefestigung-7-modelle\/#primaryimage"},"image":{"@id":"https:\/\/marktxxl.de\/markt\/produkt\/swpeet-415-stueck-bilderaufhaenger-mit-schrauben-aufhaenger-fuer-holzrahmen-bilderhaken-fuer-haus-buero-foto-bild-malerei-haengen-bilderbefestigung-7-modelle\/#primaryimage"},"thumbnailUrl":"https:\/\/m.media-amazon.com\/images\/I\/513r5F8VWNL._SL500_.jpg","datePublished":"2022-05-14T21:25:35+00:00","dateModified":"2023-04-10T01:45:12+00:00","description":"Markt-XXL Swpeet 415 St\u00fcck Bilderaufh\u00e4nger mit Schrauben, Aufh\u00e4nger f\u00fcr Holzrahmen, Bilderhaken f\u00fcr Haus B\u00fcro Foto Bild Malerei\u2026","breadcrumb":{"@id":"https:\/\/marktxxl.de\/markt\/produkt\/swpeet-415-stueck-bilderaufhaenger-mit-schrauben-aufhaenger-fuer-holzrahmen-bilderhaken-fuer-haus-buero-foto-bild-malerei-haengen-bilderbefestigung-7-modelle\/#breadcrumb"},"inLanguage":"de","potentialAction":[{"@type":"ReadAction","target":["https:\/\/marktxxl.de\/markt\/produkt\/swpeet-415-stueck-bilderaufhaenger-mit-schrauben-aufhaenger-fuer-holzrahmen-bilderhaken-fuer-haus-buero-foto-bild-malerei-haengen-bilderbefestigung-7-modelle\/"]}]},{"@type":"ImageObject","inLanguage":"de","@id":"https:\/\/marktxxl.de\/markt\/produkt\/swpeet-415-stueck-bilderaufhaenger-mit-schrauben-aufhaenger-fuer-holzrahmen-bilderhaken-fuer-haus-buero-foto-bild-malerei-haengen-bilderbefestigung-7-modelle\/#primaryimage","url":"https:\/\/m.media-amazon.com\/images\/I\/513r5F8VWNL._SL500_.jpg","contentUrl":"https:\/\/m.media-amazon.com\/images\/I\/513r5F8VWNL._SL500_.jpg","width":500,"height":500},{"@type":"BreadcrumbList","@id":"https:\/\/marktxxl.de\/markt\/produkt\/swpeet-415-stueck-bilderaufhaenger-mit-schrauben-aufhaenger-fuer-holzrahmen-bilderhaken-fuer-haus-buero-foto-bild-malerei-haengen-bilderbefestigung-7-modelle\/#breadcrumb","itemListElement":[{"@type":"ListItem","position":1,"name":"Startseite","item":"https:\/\/marktxxl.de\/markt\/"},{"@type":"ListItem","position":2,"name":"Markt","item":"https:\/\/marktxxl.de\/markt\/"},{"@type":"ListItem","position":3,"name":"Swpeet 415 St\u00fcck Bilderaufh\u00e4nger mit Schrauben, Aufh\u00e4nger f\u00fcr Holzrahmen, Bilderhaken f\u00fcr Haus B\u00fcro Foto Bild Malerei\u2026"}]},{"@type":"WebSite","@id":"https:\/\/marktxxl.de\/markt\/#website","url":"https:\/\/marktxxl.de\/markt\/","name":"Markt-XXL","description":"Ihr Markt Online","publisher":{"@id":"https:\/\/marktxxl.de\/markt\/#organization"},"potentialAction":[{"@type":"SearchAction","target":{"@type":"EntryPoint","urlTemplate":"https:\/\/marktxxl.de\/markt\/?s={search_term_string}"},"query-input":{"@type":"PropertyValueSpecification","valueRequired":true,"valueName":"search_term_string"}}],"inLanguage":"de"},{"@type":"Organization","@id":"https:\/\/marktxxl.de\/markt\/#organization","name":"Markt-XXL","url":"https:\/\/marktxxl.de\/markt\/","logo":{"@type":"ImageObject","inLanguage":"de","@id":"https:\/\/marktxxl.de\/markt\/#\/schema\/logo\/image\/","url":"https:\/\/marktxxl.de\/markt\/wp-content\/uploads\/sites\/3\/2020\/12\/logo.png","contentUrl":"https:\/\/marktxxl.de\/markt\/wp-content\/uploads\/sites\/3\/2020\/12\/logo.png","width":200,"height":70,"caption":"Markt-XXL"},"image":{"@id":"https:\/\/marktxxl.de\/markt\/#\/schema\/logo\/image\/"}}]}},"_links":{"self":[{"href":"https:\/\/marktxxl.de\/markt\/wp-json\/wp\/v2\/product\/115397","targetHints":{"allow":["GET"]}}],"collection":[{"href":"https:\/\/marktxxl.de\/markt\/wp-json\/wp\/v2\/product"}],"about":[{"href":"https:\/\/marktxxl.de\/markt\/wp-json\/wp\/v2\/types\/product"}],"replies":[{"embeddable":true,"href":"https:\/\/marktxxl.de\/markt\/wp-json\/wp\/v2\/comments?post=115397"}],"wp:featuredmedia":[{"embeddable":true,"href":"https:\/\/marktxxl.de\/markt\/wp-json\/wp\/v2\/media\/115398"}],"wp:attachment":[{"href":"https:\/\/marktxxl.de\/markt\/wp-json\/wp\/v2\/media?parent=115397"}],"wp:term":[{"taxonomy":"product_brand","embeddable":true,"href":"https:\/\/marktxxl.de\/markt\/wp-json\/wp\/v2\/product_brand?post=115397"},{"taxonomy":"product_cat","embeddable":true,"href":"https:\/\/marktxxl.de\/markt\/wp-json\/wp\/v2\/product_cat?post=115397"},{"taxonomy":"product_tag","embeddable":true,"href":"https:\/\/marktxxl.de\/markt\/wp-json\/wp\/v2\/product_tag?post=115397"}],"curies":[{"name":"wp","href":"https:\/\/api.w.org\/{rel}","templated":true}]}}