{"id":115349,"date":"2022-05-14T23:22:34","date_gmt":"2022-05-14T21:22:34","guid":{"rendered":"https:\/\/marktxxl.de\/markt\/produkt\/firestone-wr17602366-feder-abstandhalter-set-51-cm-schwarz-2in\/"},"modified":"2023-04-10T03:45:11","modified_gmt":"2023-04-10T01:45:11","slug":"firestone-wr17602366-feder-abstandhalter-set-51-cm-schwarz-2in","status":"publish","type":"product","link":"https:\/\/marktxxl.de\/markt\/produkt\/firestone-wr17602366-feder-abstandhalter-set-51-cm-schwarz-2in\/","title":{"rendered":"Firestone WR17602366 Feder-Abstandhalter-Set, 5,1 cm, schwarz, 2in"},"content":{"rendered":"<p>Firestone Industrial Products ist spezialisiert auf die Herstellung und Technologie von Luftfedern, mit einer Geschichte von mehr als 80 Jahren Forschung und Entwicklung auf technologisch fortschrittlichen Luftfedern f\u00fcr den globalen Markt.<br \/>\nFirestone Ingenieure Luftfedern und verwandte Produkte f\u00fcr Nutzfahrzeuge und Anh\u00e4nger, PKW, Sport-Nutzfahrzeuge, leichte LKWs, Minivans, Wohnmobile, Busse, landwirtschaftliche Ger\u00e4te, Schienen und industrielle Anwendungen.<br \/>\nFirestone Industrial Products hilft der Industrie und seinen Fahrern dabei, das Trucking mit erstklassiger Anti-Vibrations-Technologie komfortabel zu halten.<br \/>\nInstallieren Sie Firestone Ride-Rite Luftfedern an Ihrem leichten LKW, Wohnmobil, Wohnmobil, SUV oder Van und ziehen Sie mit Komfort, Vertrauen und Kontrolle.<br \/>\n<div class=\"main-cross-sell\" data-asin=\"B001FEOQZA\">\n\n\t<div class=\"WooZone-cross-sell-loader\">\n\t\t<div>\n\t\t\t<div id=\"floatingBarsG\">\n\t\t\t\t<div class=\"blockG\" id=\"rotateG_01\"><\/div>\n\t\t\t\t<div class=\"blockG\" id=\"rotateG_02\"><\/div>\n\t\t\t\t<div class=\"blockG\" id=\"rotateG_03\"><\/div>\n\t\t\t\t<div class=\"blockG\" id=\"rotateG_04\"><\/div>\n\t\t\t\t<div class=\"blockG\" id=\"rotateG_05\"><\/div>\n\t\t\t\t<div class=\"blockG\" id=\"rotateG_06\"><\/div>\n\t\t\t\t<div class=\"blockG\" id=\"rotateG_07\"><\/div>\n\t\t\t\t<div class=\"blockG\" id=\"rotateG_08\"><\/div>\n\t\t\t<\/div>\n\t\t\t<div class=\"WooZone-cross-sell-loader-text\"><\/div>\n\t\t<\/div>\n\t<\/div>\n\n\t\t\n<\/div>\n<div style=\"clear:both;\"><\/div><\/p>\n","protected":false},"excerpt":{"rendered":"<p>Firestone Industrial Products ist spezialisiert auf die Herstellung und Technologie von Luftfedern, mit einer Geschichte von mehr als 80 Jahren Forschung und Entwicklung auf technologisch fortschrittlichen Luftfedern f\u00fcr den globalen Markt.<br \/>\nFirestone Ingenieure Luftfedern und verwandte Produkte f\u00fcr Nutzfahrzeuge und Anh\u00e4nger, PKW, Sport-Nutzfahrzeuge, leichte LKWs, Minivans, Wohnmobile, Busse, landwirtschaftliche Ger\u00e4te, Schienen und industrielle Anwendungen.<br \/>\nFirestone Industrial Products hilft der Industrie und seinen Fahrern dabei, das Trucking mit erstklassiger Anti-Vibrations-Technologie komfortabel zu halten.<\/p>\n","protected":false},"featured_media":115350,"comment_status":"open","ping_status":"closed","template":"","meta":[],"product_brand":[],"product_cat":[1983,10767],"product_tag":[],"class_list":{"0":"post-115349","1":"product","2":"type-product","3":"status-publish","4":"has-post-thumbnail","6":"product_cat-baumarkt","7":"product_cat-baumaschinen-zubehoer","8":"pa_binding-automotive","9":"pa_brand-firestone","10":"pa_color-schwarz","11":"pa_height-9-zoll","12":"pa_length-5-zoll","13":"pa_manufacturer-firestone","14":"pa_model-33951","15":"pa_size-2in","16":"pa_width-7-25-zoll","18":"first","19":"instock","20":"shipping-taxable","21":"purchasable","22":"product-type-simple","23":"customify-col","24":"product-has-gallery"},"yoast_head":"<!-- This site is optimized with the Yoast SEO plugin v27.3 - https:\/\/yoast.com\/product\/yoast-seo-wordpress\/ -->\n<title>Firestone WR17602366 Feder-Abstandhalter-Set, 5,1 cm, schwarz, 2in - Markt-XXL<\/title>\n<meta name=\"description\" content=\"Markt-XXL Firestone WR17602366 Feder-Abstandhalter-Set, 5,1 cm, schwarz, 2in\" \/>\n<meta name=\"robots\" content=\"index, follow, max-snippet:-1, max-image-preview:large, max-video-preview:-1\" \/>\n<link rel=\"canonical\" href=\"https:\/\/marktxxl.de\/markt\/produkt\/firestone-wr17602366-feder-abstandhalter-set-51-cm-schwarz-2in\/\" \/>\n<meta property=\"og:locale\" content=\"de_DE\" \/>\n<meta property=\"og:type\" content=\"article\" \/>\n<meta property=\"og:title\" content=\"Firestone WR17602366 Feder-Abstandhalter-Set, 5,1 cm, schwarz, 2in - Markt-XXL\" \/>\n<meta property=\"og:description\" content=\"Markt-XXL Firestone WR17602366 Feder-Abstandhalter-Set, 5,1 cm, schwarz, 2in\" \/>\n<meta property=\"og:url\" content=\"https:\/\/marktxxl.de\/markt\/produkt\/firestone-wr17602366-feder-abstandhalter-set-51-cm-schwarz-2in\/\" \/>\n<meta property=\"og:site_name\" content=\"Markt-XXL\" \/>\n<meta property=\"article:modified_time\" content=\"2023-04-10T01:45:11+00:00\" \/>\n<meta property=\"og:image\" content=\"https:\/\/m.media-amazon.com\/images\/I\/41dmhO5VmeL._SL500_.jpg\" \/>\n\t<meta property=\"og:image:width\" content=\"500\" \/>\n\t<meta property=\"og:image:height\" content=\"500\" \/>\n\t<meta property=\"og:image:type\" content=\"image\/jpeg\" \/>\n<meta name=\"twitter:card\" content=\"summary_large_image\" \/>\n<meta name=\"twitter:label1\" content=\"Gesch\u00e4tzte Lesezeit\" \/>\n\t<meta name=\"twitter:data1\" content=\"1\u00a0Minute\" \/>\n<script type=\"application\/ld+json\" class=\"yoast-schema-graph\">{\"@context\":\"https:\\\/\\\/schema.org\",\"@graph\":[{\"@type\":\"WebPage\",\"@id\":\"https:\\\/\\\/marktxxl.de\\\/markt\\\/produkt\\\/firestone-wr17602366-feder-abstandhalter-set-51-cm-schwarz-2in\\\/\",\"url\":\"https:\\\/\\\/marktxxl.de\\\/markt\\\/produkt\\\/firestone-wr17602366-feder-abstandhalter-set-51-cm-schwarz-2in\\\/\",\"name\":\"Firestone WR17602366 Feder-Abstandhalter-Set, 5,1 cm, schwarz, 2in - Markt-XXL\",\"isPartOf\":{\"@id\":\"https:\\\/\\\/marktxxl.de\\\/markt\\\/#website\"},\"primaryImageOfPage\":{\"@id\":\"https:\\\/\\\/marktxxl.de\\\/markt\\\/produkt\\\/firestone-wr17602366-feder-abstandhalter-set-51-cm-schwarz-2in\\\/#primaryimage\"},\"image\":{\"@id\":\"https:\\\/\\\/marktxxl.de\\\/markt\\\/produkt\\\/firestone-wr17602366-feder-abstandhalter-set-51-cm-schwarz-2in\\\/#primaryimage\"},\"thumbnailUrl\":\"https:\\\/\\\/m.media-amazon.com\\\/images\\\/I\\\/41dmhO5VmeL._SL500_.jpg\",\"datePublished\":\"2022-05-14T21:22:34+00:00\",\"dateModified\":\"2023-04-10T01:45:11+00:00\",\"description\":\"Markt-XXL Firestone WR17602366 Feder-Abstandhalter-Set, 5,1 cm, schwarz, 2in\",\"breadcrumb\":{\"@id\":\"https:\\\/\\\/marktxxl.de\\\/markt\\\/produkt\\\/firestone-wr17602366-feder-abstandhalter-set-51-cm-schwarz-2in\\\/#breadcrumb\"},\"inLanguage\":\"de\",\"potentialAction\":[{\"@type\":\"ReadAction\",\"target\":[\"https:\\\/\\\/marktxxl.de\\\/markt\\\/produkt\\\/firestone-wr17602366-feder-abstandhalter-set-51-cm-schwarz-2in\\\/\"]}]},{\"@type\":\"ImageObject\",\"inLanguage\":\"de\",\"@id\":\"https:\\\/\\\/marktxxl.de\\\/markt\\\/produkt\\\/firestone-wr17602366-feder-abstandhalter-set-51-cm-schwarz-2in\\\/#primaryimage\",\"url\":\"https:\\\/\\\/m.media-amazon.com\\\/images\\\/I\\\/41dmhO5VmeL._SL500_.jpg\",\"contentUrl\":\"https:\\\/\\\/m.media-amazon.com\\\/images\\\/I\\\/41dmhO5VmeL._SL500_.jpg\",\"width\":500,\"height\":500},{\"@type\":\"BreadcrumbList\",\"@id\":\"https:\\\/\\\/marktxxl.de\\\/markt\\\/produkt\\\/firestone-wr17602366-feder-abstandhalter-set-51-cm-schwarz-2in\\\/#breadcrumb\",\"itemListElement\":[{\"@type\":\"ListItem\",\"position\":1,\"name\":\"Startseite\",\"item\":\"https:\\\/\\\/marktxxl.de\\\/markt\\\/\"},{\"@type\":\"ListItem\",\"position\":2,\"name\":\"Markt\",\"item\":\"https:\\\/\\\/marktxxl.de\\\/markt\\\/\"},{\"@type\":\"ListItem\",\"position\":3,\"name\":\"Firestone WR17602366 Feder-Abstandhalter-Set, 5,1 cm, schwarz, 2in\"}]},{\"@type\":\"WebSite\",\"@id\":\"https:\\\/\\\/marktxxl.de\\\/markt\\\/#website\",\"url\":\"https:\\\/\\\/marktxxl.de\\\/markt\\\/\",\"name\":\"Markt-XXL\",\"description\":\"Ihr Markt Online\",\"publisher\":{\"@id\":\"https:\\\/\\\/marktxxl.de\\\/markt\\\/#organization\"},\"potentialAction\":[{\"@type\":\"SearchAction\",\"target\":{\"@type\":\"EntryPoint\",\"urlTemplate\":\"https:\\\/\\\/marktxxl.de\\\/markt\\\/?s={search_term_string}\"},\"query-input\":{\"@type\":\"PropertyValueSpecification\",\"valueRequired\":true,\"valueName\":\"search_term_string\"}}],\"inLanguage\":\"de\"},{\"@type\":\"Organization\",\"@id\":\"https:\\\/\\\/marktxxl.de\\\/markt\\\/#organization\",\"name\":\"Markt-XXL\",\"url\":\"https:\\\/\\\/marktxxl.de\\\/markt\\\/\",\"logo\":{\"@type\":\"ImageObject\",\"inLanguage\":\"de\",\"@id\":\"https:\\\/\\\/marktxxl.de\\\/markt\\\/#\\\/schema\\\/logo\\\/image\\\/\",\"url\":\"https:\\\/\\\/marktxxl.de\\\/markt\\\/wp-content\\\/uploads\\\/sites\\\/3\\\/2020\\\/12\\\/logo.png\",\"contentUrl\":\"https:\\\/\\\/marktxxl.de\\\/markt\\\/wp-content\\\/uploads\\\/sites\\\/3\\\/2020\\\/12\\\/logo.png\",\"width\":200,\"height\":70,\"caption\":\"Markt-XXL\"},\"image\":{\"@id\":\"https:\\\/\\\/marktxxl.de\\\/markt\\\/#\\\/schema\\\/logo\\\/image\\\/\"}}]}<\/script>\n<!-- \/ Yoast SEO plugin. -->","yoast_head_json":{"title":"Firestone WR17602366 Feder-Abstandhalter-Set, 5,1 cm, schwarz, 2in - Markt-XXL","description":"Markt-XXL Firestone WR17602366 Feder-Abstandhalter-Set, 5,1 cm, schwarz, 2in","robots":{"index":"index","follow":"follow","max-snippet":"max-snippet:-1","max-image-preview":"max-image-preview:large","max-video-preview":"max-video-preview:-1"},"canonical":"https:\/\/marktxxl.de\/markt\/produkt\/firestone-wr17602366-feder-abstandhalter-set-51-cm-schwarz-2in\/","og_locale":"de_DE","og_type":"article","og_title":"Firestone WR17602366 Feder-Abstandhalter-Set, 5,1 cm, schwarz, 2in - Markt-XXL","og_description":"Markt-XXL Firestone WR17602366 Feder-Abstandhalter-Set, 5,1 cm, schwarz, 2in","og_url":"https:\/\/marktxxl.de\/markt\/produkt\/firestone-wr17602366-feder-abstandhalter-set-51-cm-schwarz-2in\/","og_site_name":"Markt-XXL","article_modified_time":"2023-04-10T01:45:11+00:00","og_image":[{"width":500,"height":500,"url":"https:\/\/m.media-amazon.com\/images\/I\/41dmhO5VmeL._SL500_.jpg","type":"image\/jpeg"}],"twitter_card":"summary_large_image","twitter_misc":{"Gesch\u00e4tzte Lesezeit":"1\u00a0Minute"},"schema":{"@context":"https:\/\/schema.org","@graph":[{"@type":"WebPage","@id":"https:\/\/marktxxl.de\/markt\/produkt\/firestone-wr17602366-feder-abstandhalter-set-51-cm-schwarz-2in\/","url":"https:\/\/marktxxl.de\/markt\/produkt\/firestone-wr17602366-feder-abstandhalter-set-51-cm-schwarz-2in\/","name":"Firestone WR17602366 Feder-Abstandhalter-Set, 5,1 cm, schwarz, 2in - Markt-XXL","isPartOf":{"@id":"https:\/\/marktxxl.de\/markt\/#website"},"primaryImageOfPage":{"@id":"https:\/\/marktxxl.de\/markt\/produkt\/firestone-wr17602366-feder-abstandhalter-set-51-cm-schwarz-2in\/#primaryimage"},"image":{"@id":"https:\/\/marktxxl.de\/markt\/produkt\/firestone-wr17602366-feder-abstandhalter-set-51-cm-schwarz-2in\/#primaryimage"},"thumbnailUrl":"https:\/\/m.media-amazon.com\/images\/I\/41dmhO5VmeL._SL500_.jpg","datePublished":"2022-05-14T21:22:34+00:00","dateModified":"2023-04-10T01:45:11+00:00","description":"Markt-XXL Firestone WR17602366 Feder-Abstandhalter-Set, 5,1 cm, schwarz, 2in","breadcrumb":{"@id":"https:\/\/marktxxl.de\/markt\/produkt\/firestone-wr17602366-feder-abstandhalter-set-51-cm-schwarz-2in\/#breadcrumb"},"inLanguage":"de","potentialAction":[{"@type":"ReadAction","target":["https:\/\/marktxxl.de\/markt\/produkt\/firestone-wr17602366-feder-abstandhalter-set-51-cm-schwarz-2in\/"]}]},{"@type":"ImageObject","inLanguage":"de","@id":"https:\/\/marktxxl.de\/markt\/produkt\/firestone-wr17602366-feder-abstandhalter-set-51-cm-schwarz-2in\/#primaryimage","url":"https:\/\/m.media-amazon.com\/images\/I\/41dmhO5VmeL._SL500_.jpg","contentUrl":"https:\/\/m.media-amazon.com\/images\/I\/41dmhO5VmeL._SL500_.jpg","width":500,"height":500},{"@type":"BreadcrumbList","@id":"https:\/\/marktxxl.de\/markt\/produkt\/firestone-wr17602366-feder-abstandhalter-set-51-cm-schwarz-2in\/#breadcrumb","itemListElement":[{"@type":"ListItem","position":1,"name":"Startseite","item":"https:\/\/marktxxl.de\/markt\/"},{"@type":"ListItem","position":2,"name":"Markt","item":"https:\/\/marktxxl.de\/markt\/"},{"@type":"ListItem","position":3,"name":"Firestone WR17602366 Feder-Abstandhalter-Set, 5,1 cm, schwarz, 2in"}]},{"@type":"WebSite","@id":"https:\/\/marktxxl.de\/markt\/#website","url":"https:\/\/marktxxl.de\/markt\/","name":"Markt-XXL","description":"Ihr Markt Online","publisher":{"@id":"https:\/\/marktxxl.de\/markt\/#organization"},"potentialAction":[{"@type":"SearchAction","target":{"@type":"EntryPoint","urlTemplate":"https:\/\/marktxxl.de\/markt\/?s={search_term_string}"},"query-input":{"@type":"PropertyValueSpecification","valueRequired":true,"valueName":"search_term_string"}}],"inLanguage":"de"},{"@type":"Organization","@id":"https:\/\/marktxxl.de\/markt\/#organization","name":"Markt-XXL","url":"https:\/\/marktxxl.de\/markt\/","logo":{"@type":"ImageObject","inLanguage":"de","@id":"https:\/\/marktxxl.de\/markt\/#\/schema\/logo\/image\/","url":"https:\/\/marktxxl.de\/markt\/wp-content\/uploads\/sites\/3\/2020\/12\/logo.png","contentUrl":"https:\/\/marktxxl.de\/markt\/wp-content\/uploads\/sites\/3\/2020\/12\/logo.png","width":200,"height":70,"caption":"Markt-XXL"},"image":{"@id":"https:\/\/marktxxl.de\/markt\/#\/schema\/logo\/image\/"}}]}},"_links":{"self":[{"href":"https:\/\/marktxxl.de\/markt\/wp-json\/wp\/v2\/product\/115349","targetHints":{"allow":["GET"]}}],"collection":[{"href":"https:\/\/marktxxl.de\/markt\/wp-json\/wp\/v2\/product"}],"about":[{"href":"https:\/\/marktxxl.de\/markt\/wp-json\/wp\/v2\/types\/product"}],"replies":[{"embeddable":true,"href":"https:\/\/marktxxl.de\/markt\/wp-json\/wp\/v2\/comments?post=115349"}],"wp:featuredmedia":[{"embeddable":true,"href":"https:\/\/marktxxl.de\/markt\/wp-json\/wp\/v2\/media\/115350"}],"wp:attachment":[{"href":"https:\/\/marktxxl.de\/markt\/wp-json\/wp\/v2\/media?parent=115349"}],"wp:term":[{"taxonomy":"product_brand","embeddable":true,"href":"https:\/\/marktxxl.de\/markt\/wp-json\/wp\/v2\/product_brand?post=115349"},{"taxonomy":"product_cat","embeddable":true,"href":"https:\/\/marktxxl.de\/markt\/wp-json\/wp\/v2\/product_cat?post=115349"},{"taxonomy":"product_tag","embeddable":true,"href":"https:\/\/marktxxl.de\/markt\/wp-json\/wp\/v2\/product_tag?post=115349"}],"curies":[{"name":"wp","href":"https:\/\/api.w.org\/{rel}","templated":true}]}}