{"id":115070,"date":"2022-05-14T23:07:28","date_gmt":"2022-05-14T21:07:28","guid":{"rendered":"https:\/\/marktxxl.de\/markt\/produkt\/weidmueller-kabelschneider-kt-8-fuer-kupfer-aluminiumkabel-bis-o-8-mm-vde-gs-geprueft-schutzisolation-bis-1000-v-kabelzange-480778\/"},"modified":"2023-04-10T03:44:51","modified_gmt":"2023-04-10T01:44:51","slug":"weidmueller-kabelschneider-kt-8-fuer-kupfer-aluminiumkabel-bis-o-8-mm-vde-gs-geprueft-schutzisolation-bis-1000-v-kabelzange-480778","status":"publish","type":"product","link":"https:\/\/marktxxl.de\/markt\/produkt\/weidmueller-kabelschneider-kt-8-fuer-kupfer-aluminiumkabel-bis-o-8-mm-vde-gs-geprueft-schutzisolation-bis-1000-v-kabelzange-480778\/","title":{"rendered":"Weidm\u00fcller Kabelschneider KT 8 (f\u00fcr Kupfer-\/Aluminiumkabel bis \u00f8 8 mm, VDE + GS gepr\u00fcft Schutzisolation bis 1000 V\u2026"},"content":{"rendered":"<p>Der Kabelschneider ist zum quetschfreien Schneiden von Kupfer- und Aluminiumkabeln bis zu einem Durchmesser von 8 mm geeignet<br \/>\nMaximale Schneidleistung Kupferkabel: eindr\u00e4htig (Leiterquerschnitt max.): 16\/6 mm\u00b2\/AWG; mehrdr\u00e4htig (Leiterquerschnitt max.): 16\/6 mm\u00b2\/AWG; feindr\u00e4htig (Leiterquerschnitt max.): 16\/6 mm\u00b2\/AWG; feindr\u00e4htig, mehrdr\u00e4htig (Leiter \u00d8 max.): 8 mm<br \/>\nMaximale Schneidleistung Aluminiumkabel: mehrdr\u00e4htig (Leiterquerschnitt max.) 16\/6 mm\u00b2\/AWG; mehrdr\u00e4htig (Leiter \u00d8 max.) 8 mm; eindr\u00e4htig 16 mm\u00b2<br \/>\nNicht geeignet f\u00fcr Stahldraht, stahlarmierte Kabel, Aluminiumlegierungen und hartgezogene Kupferleiter<br \/>\nTechnische Details: VDE gepr\u00fcft \/ L\u00e4nge 185 mm \/ Breite 66 mm \/ H\u00f6he 30 mm<br \/>\n<div class=\"main-cross-sell\" data-asin=\"B000ONJAU4\">\n\n\t<div class=\"WooZone-cross-sell-loader\">\n\t\t<div>\n\t\t\t<div id=\"floatingBarsG\">\n\t\t\t\t<div class=\"blockG\" id=\"rotateG_01\"><\/div>\n\t\t\t\t<div class=\"blockG\" id=\"rotateG_02\"><\/div>\n\t\t\t\t<div class=\"blockG\" id=\"rotateG_03\"><\/div>\n\t\t\t\t<div class=\"blockG\" id=\"rotateG_04\"><\/div>\n\t\t\t\t<div class=\"blockG\" id=\"rotateG_05\"><\/div>\n\t\t\t\t<div class=\"blockG\" id=\"rotateG_06\"><\/div>\n\t\t\t\t<div class=\"blockG\" id=\"rotateG_07\"><\/div>\n\t\t\t\t<div class=\"blockG\" id=\"rotateG_08\"><\/div>\n\t\t\t<\/div>\n\t\t\t<div class=\"WooZone-cross-sell-loader-text\"><\/div>\n\t\t<\/div>\n\t<\/div>\n\n\t\t\n<\/div>\n<div style=\"clear:both;\"><\/div><\/p>\n","protected":false},"excerpt":{"rendered":"<p>Der Kabelschneider ist zum quetschfreien Schneiden von Kupfer- und Aluminiumkabeln bis zu einem Durchmesser von 8 mm geeignet<br \/>\nMaximale Schneidleistung Kupferkabel: eindr\u00e4htig (Leiterquerschnitt max.): 16\/6 mm\u00b2\/AWG; mehrdr\u00e4htig (Leiterquerschnitt max.): 16\/6 mm\u00b2\/AWG; feindr\u00e4htig (Leiterquerschnitt max.): 16\/6 mm\u00b2\/AWG; feindr\u00e4htig, mehrdr\u00e4htig (Leiter \u00d8 max.): 8 mm<br \/>\nMaximale Schneidleistung Aluminiumkabel: mehrdr\u00e4htig (Leiterquerschnitt max.) 16\/6 mm\u00b2\/AWG; mehrdr\u00e4htig (Leiter \u00d8 max.) 8 mm; eindr\u00e4htig 16 mm\u00b2<\/p>\n","protected":false},"featured_media":115071,"comment_status":"open","ping_status":"closed","template":"","meta":[],"product_brand":[],"product_cat":[1983],"product_tag":[],"class_list":{"0":"post-115070","1":"product","2":"type-product","3":"status-publish","4":"has-post-thumbnail","6":"product_cat-baumarkt","7":"pa_binding-misc","8":"pa_brand-weidmueller","9":"pa_height-7-87401574-zoll","10":"pa_length-5-905511805-zoll","11":"pa_manufacturer-legrand","12":"pa_model-33902","13":"pa_weight-0-44974301448-pfund","14":"pa_width-3-149606296-zoll","16":"first","17":"instock","18":"shipping-taxable","19":"purchasable","20":"product-type-simple","21":"customify-col","22":"product-has-gallery"},"yoast_head":"<!-- This site is optimized with the Yoast SEO plugin v27.3 - https:\/\/yoast.com\/product\/yoast-seo-wordpress\/ -->\n<title>Weidm\u00fcller Kabelschneider KT 8 (f\u00fcr Kupfer-\/Aluminiumkabel bis \u00f8 8 mm, VDE + GS gepr\u00fcft Schutzisolation bis 1000 V\u2026 - Markt-XXL<\/title>\n<meta name=\"description\" content=\"Markt-XXL Weidm\u00fcller Kabelschneider KT 8 (f\u00fcr Kupfer-\/Aluminiumkabel bis \u00f8 8 mm, VDE + GS gepr\u00fcft Schutzisolation bis 1000 V\u2026\" \/>\n<meta name=\"robots\" content=\"index, follow, max-snippet:-1, max-image-preview:large, max-video-preview:-1\" \/>\n<link rel=\"canonical\" href=\"https:\/\/marktxxl.de\/markt\/produkt\/weidmueller-kabelschneider-kt-8-fuer-kupfer-aluminiumkabel-bis-o-8-mm-vde-gs-geprueft-schutzisolation-bis-1000-v-kabelzange-480778\/\" \/>\n<meta property=\"og:locale\" content=\"de_DE\" \/>\n<meta property=\"og:type\" content=\"article\" \/>\n<meta property=\"og:title\" content=\"Weidm\u00fcller Kabelschneider KT 8 (f\u00fcr Kupfer-\/Aluminiumkabel bis \u00f8 8 mm, VDE + GS gepr\u00fcft Schutzisolation bis 1000 V\u2026 - Markt-XXL\" \/>\n<meta property=\"og:description\" content=\"Markt-XXL Weidm\u00fcller Kabelschneider KT 8 (f\u00fcr Kupfer-\/Aluminiumkabel bis \u00f8 8 mm, VDE + GS gepr\u00fcft Schutzisolation bis 1000 V\u2026\" \/>\n<meta property=\"og:url\" content=\"https:\/\/marktxxl.de\/markt\/produkt\/weidmueller-kabelschneider-kt-8-fuer-kupfer-aluminiumkabel-bis-o-8-mm-vde-gs-geprueft-schutzisolation-bis-1000-v-kabelzange-480778\/\" \/>\n<meta property=\"og:site_name\" content=\"Markt-XXL\" \/>\n<meta property=\"article:modified_time\" content=\"2023-04-10T01:44:51+00:00\" \/>\n<meta property=\"og:image\" content=\"https:\/\/m.media-amazon.com\/images\/I\/31Y2AdttyLL._SL500_.jpg\" \/>\n\t<meta property=\"og:image:width\" content=\"500\" \/>\n\t<meta property=\"og:image:height\" content=\"447\" \/>\n\t<meta property=\"og:image:type\" content=\"image\/jpeg\" \/>\n<meta name=\"twitter:card\" content=\"summary_large_image\" \/>\n<script type=\"application\/ld+json\" class=\"yoast-schema-graph\">{\"@context\":\"https:\\\/\\\/schema.org\",\"@graph\":[{\"@type\":\"WebPage\",\"@id\":\"https:\\\/\\\/marktxxl.de\\\/markt\\\/produkt\\\/weidmueller-kabelschneider-kt-8-fuer-kupfer-aluminiumkabel-bis-o-8-mm-vde-gs-geprueft-schutzisolation-bis-1000-v-kabelzange-480778\\\/\",\"url\":\"https:\\\/\\\/marktxxl.de\\\/markt\\\/produkt\\\/weidmueller-kabelschneider-kt-8-fuer-kupfer-aluminiumkabel-bis-o-8-mm-vde-gs-geprueft-schutzisolation-bis-1000-v-kabelzange-480778\\\/\",\"name\":\"Weidm\u00fcller Kabelschneider KT 8 (f\u00fcr Kupfer-\\\/Aluminiumkabel bis \u00f8 8 mm, VDE + GS gepr\u00fcft Schutzisolation bis 1000 V\u2026 - Markt-XXL\",\"isPartOf\":{\"@id\":\"https:\\\/\\\/marktxxl.de\\\/markt\\\/#website\"},\"primaryImageOfPage\":{\"@id\":\"https:\\\/\\\/marktxxl.de\\\/markt\\\/produkt\\\/weidmueller-kabelschneider-kt-8-fuer-kupfer-aluminiumkabel-bis-o-8-mm-vde-gs-geprueft-schutzisolation-bis-1000-v-kabelzange-480778\\\/#primaryimage\"},\"image\":{\"@id\":\"https:\\\/\\\/marktxxl.de\\\/markt\\\/produkt\\\/weidmueller-kabelschneider-kt-8-fuer-kupfer-aluminiumkabel-bis-o-8-mm-vde-gs-geprueft-schutzisolation-bis-1000-v-kabelzange-480778\\\/#primaryimage\"},\"thumbnailUrl\":\"https:\\\/\\\/m.media-amazon.com\\\/images\\\/I\\\/31Y2AdttyLL._SL500_.jpg\",\"datePublished\":\"2022-05-14T21:07:28+00:00\",\"dateModified\":\"2023-04-10T01:44:51+00:00\",\"description\":\"Markt-XXL Weidm\u00fcller Kabelschneider KT 8 (f\u00fcr Kupfer-\\\/Aluminiumkabel bis \u00f8 8 mm, VDE + GS gepr\u00fcft Schutzisolation bis 1000 V\u2026\",\"breadcrumb\":{\"@id\":\"https:\\\/\\\/marktxxl.de\\\/markt\\\/produkt\\\/weidmueller-kabelschneider-kt-8-fuer-kupfer-aluminiumkabel-bis-o-8-mm-vde-gs-geprueft-schutzisolation-bis-1000-v-kabelzange-480778\\\/#breadcrumb\"},\"inLanguage\":\"de\",\"potentialAction\":[{\"@type\":\"ReadAction\",\"target\":[\"https:\\\/\\\/marktxxl.de\\\/markt\\\/produkt\\\/weidmueller-kabelschneider-kt-8-fuer-kupfer-aluminiumkabel-bis-o-8-mm-vde-gs-geprueft-schutzisolation-bis-1000-v-kabelzange-480778\\\/\"]}]},{\"@type\":\"ImageObject\",\"inLanguage\":\"de\",\"@id\":\"https:\\\/\\\/marktxxl.de\\\/markt\\\/produkt\\\/weidmueller-kabelschneider-kt-8-fuer-kupfer-aluminiumkabel-bis-o-8-mm-vde-gs-geprueft-schutzisolation-bis-1000-v-kabelzange-480778\\\/#primaryimage\",\"url\":\"https:\\\/\\\/m.media-amazon.com\\\/images\\\/I\\\/31Y2AdttyLL._SL500_.jpg\",\"contentUrl\":\"https:\\\/\\\/m.media-amazon.com\\\/images\\\/I\\\/31Y2AdttyLL._SL500_.jpg\",\"width\":500,\"height\":447},{\"@type\":\"BreadcrumbList\",\"@id\":\"https:\\\/\\\/marktxxl.de\\\/markt\\\/produkt\\\/weidmueller-kabelschneider-kt-8-fuer-kupfer-aluminiumkabel-bis-o-8-mm-vde-gs-geprueft-schutzisolation-bis-1000-v-kabelzange-480778\\\/#breadcrumb\",\"itemListElement\":[{\"@type\":\"ListItem\",\"position\":1,\"name\":\"Startseite\",\"item\":\"https:\\\/\\\/marktxxl.de\\\/markt\\\/\"},{\"@type\":\"ListItem\",\"position\":2,\"name\":\"Markt\",\"item\":\"https:\\\/\\\/marktxxl.de\\\/markt\\\/\"},{\"@type\":\"ListItem\",\"position\":3,\"name\":\"Weidm\u00fcller Kabelschneider KT 8 (f\u00fcr Kupfer-\\\/Aluminiumkabel bis \u00f8 8 mm, VDE + GS gepr\u00fcft Schutzisolation bis 1000 V\u2026\"}]},{\"@type\":\"WebSite\",\"@id\":\"https:\\\/\\\/marktxxl.de\\\/markt\\\/#website\",\"url\":\"https:\\\/\\\/marktxxl.de\\\/markt\\\/\",\"name\":\"Markt-XXL\",\"description\":\"Ihr Markt Online\",\"publisher\":{\"@id\":\"https:\\\/\\\/marktxxl.de\\\/markt\\\/#organization\"},\"potentialAction\":[{\"@type\":\"SearchAction\",\"target\":{\"@type\":\"EntryPoint\",\"urlTemplate\":\"https:\\\/\\\/marktxxl.de\\\/markt\\\/?s={search_term_string}\"},\"query-input\":{\"@type\":\"PropertyValueSpecification\",\"valueRequired\":true,\"valueName\":\"search_term_string\"}}],\"inLanguage\":\"de\"},{\"@type\":\"Organization\",\"@id\":\"https:\\\/\\\/marktxxl.de\\\/markt\\\/#organization\",\"name\":\"Markt-XXL\",\"url\":\"https:\\\/\\\/marktxxl.de\\\/markt\\\/\",\"logo\":{\"@type\":\"ImageObject\",\"inLanguage\":\"de\",\"@id\":\"https:\\\/\\\/marktxxl.de\\\/markt\\\/#\\\/schema\\\/logo\\\/image\\\/\",\"url\":\"https:\\\/\\\/marktxxl.de\\\/markt\\\/wp-content\\\/uploads\\\/sites\\\/3\\\/2020\\\/12\\\/logo.png\",\"contentUrl\":\"https:\\\/\\\/marktxxl.de\\\/markt\\\/wp-content\\\/uploads\\\/sites\\\/3\\\/2020\\\/12\\\/logo.png\",\"width\":200,\"height\":70,\"caption\":\"Markt-XXL\"},\"image\":{\"@id\":\"https:\\\/\\\/marktxxl.de\\\/markt\\\/#\\\/schema\\\/logo\\\/image\\\/\"}}]}<\/script>\n<!-- \/ Yoast SEO plugin. -->","yoast_head_json":{"title":"Weidm\u00fcller Kabelschneider KT 8 (f\u00fcr Kupfer-\/Aluminiumkabel bis \u00f8 8 mm, VDE + GS gepr\u00fcft Schutzisolation bis 1000 V\u2026 - Markt-XXL","description":"Markt-XXL Weidm\u00fcller Kabelschneider KT 8 (f\u00fcr Kupfer-\/Aluminiumkabel bis \u00f8 8 mm, VDE + GS gepr\u00fcft Schutzisolation bis 1000 V\u2026","robots":{"index":"index","follow":"follow","max-snippet":"max-snippet:-1","max-image-preview":"max-image-preview:large","max-video-preview":"max-video-preview:-1"},"canonical":"https:\/\/marktxxl.de\/markt\/produkt\/weidmueller-kabelschneider-kt-8-fuer-kupfer-aluminiumkabel-bis-o-8-mm-vde-gs-geprueft-schutzisolation-bis-1000-v-kabelzange-480778\/","og_locale":"de_DE","og_type":"article","og_title":"Weidm\u00fcller Kabelschneider KT 8 (f\u00fcr Kupfer-\/Aluminiumkabel bis \u00f8 8 mm, VDE + GS gepr\u00fcft Schutzisolation bis 1000 V\u2026 - Markt-XXL","og_description":"Markt-XXL Weidm\u00fcller Kabelschneider KT 8 (f\u00fcr Kupfer-\/Aluminiumkabel bis \u00f8 8 mm, VDE + GS gepr\u00fcft Schutzisolation bis 1000 V\u2026","og_url":"https:\/\/marktxxl.de\/markt\/produkt\/weidmueller-kabelschneider-kt-8-fuer-kupfer-aluminiumkabel-bis-o-8-mm-vde-gs-geprueft-schutzisolation-bis-1000-v-kabelzange-480778\/","og_site_name":"Markt-XXL","article_modified_time":"2023-04-10T01:44:51+00:00","og_image":[{"width":500,"height":447,"url":"https:\/\/m.media-amazon.com\/images\/I\/31Y2AdttyLL._SL500_.jpg","type":"image\/jpeg"}],"twitter_card":"summary_large_image","schema":{"@context":"https:\/\/schema.org","@graph":[{"@type":"WebPage","@id":"https:\/\/marktxxl.de\/markt\/produkt\/weidmueller-kabelschneider-kt-8-fuer-kupfer-aluminiumkabel-bis-o-8-mm-vde-gs-geprueft-schutzisolation-bis-1000-v-kabelzange-480778\/","url":"https:\/\/marktxxl.de\/markt\/produkt\/weidmueller-kabelschneider-kt-8-fuer-kupfer-aluminiumkabel-bis-o-8-mm-vde-gs-geprueft-schutzisolation-bis-1000-v-kabelzange-480778\/","name":"Weidm\u00fcller Kabelschneider KT 8 (f\u00fcr Kupfer-\/Aluminiumkabel bis \u00f8 8 mm, VDE + GS gepr\u00fcft Schutzisolation bis 1000 V\u2026 - Markt-XXL","isPartOf":{"@id":"https:\/\/marktxxl.de\/markt\/#website"},"primaryImageOfPage":{"@id":"https:\/\/marktxxl.de\/markt\/produkt\/weidmueller-kabelschneider-kt-8-fuer-kupfer-aluminiumkabel-bis-o-8-mm-vde-gs-geprueft-schutzisolation-bis-1000-v-kabelzange-480778\/#primaryimage"},"image":{"@id":"https:\/\/marktxxl.de\/markt\/produkt\/weidmueller-kabelschneider-kt-8-fuer-kupfer-aluminiumkabel-bis-o-8-mm-vde-gs-geprueft-schutzisolation-bis-1000-v-kabelzange-480778\/#primaryimage"},"thumbnailUrl":"https:\/\/m.media-amazon.com\/images\/I\/31Y2AdttyLL._SL500_.jpg","datePublished":"2022-05-14T21:07:28+00:00","dateModified":"2023-04-10T01:44:51+00:00","description":"Markt-XXL Weidm\u00fcller Kabelschneider KT 8 (f\u00fcr Kupfer-\/Aluminiumkabel bis \u00f8 8 mm, VDE + GS gepr\u00fcft Schutzisolation bis 1000 V\u2026","breadcrumb":{"@id":"https:\/\/marktxxl.de\/markt\/produkt\/weidmueller-kabelschneider-kt-8-fuer-kupfer-aluminiumkabel-bis-o-8-mm-vde-gs-geprueft-schutzisolation-bis-1000-v-kabelzange-480778\/#breadcrumb"},"inLanguage":"de","potentialAction":[{"@type":"ReadAction","target":["https:\/\/marktxxl.de\/markt\/produkt\/weidmueller-kabelschneider-kt-8-fuer-kupfer-aluminiumkabel-bis-o-8-mm-vde-gs-geprueft-schutzisolation-bis-1000-v-kabelzange-480778\/"]}]},{"@type":"ImageObject","inLanguage":"de","@id":"https:\/\/marktxxl.de\/markt\/produkt\/weidmueller-kabelschneider-kt-8-fuer-kupfer-aluminiumkabel-bis-o-8-mm-vde-gs-geprueft-schutzisolation-bis-1000-v-kabelzange-480778\/#primaryimage","url":"https:\/\/m.media-amazon.com\/images\/I\/31Y2AdttyLL._SL500_.jpg","contentUrl":"https:\/\/m.media-amazon.com\/images\/I\/31Y2AdttyLL._SL500_.jpg","width":500,"height":447},{"@type":"BreadcrumbList","@id":"https:\/\/marktxxl.de\/markt\/produkt\/weidmueller-kabelschneider-kt-8-fuer-kupfer-aluminiumkabel-bis-o-8-mm-vde-gs-geprueft-schutzisolation-bis-1000-v-kabelzange-480778\/#breadcrumb","itemListElement":[{"@type":"ListItem","position":1,"name":"Startseite","item":"https:\/\/marktxxl.de\/markt\/"},{"@type":"ListItem","position":2,"name":"Markt","item":"https:\/\/marktxxl.de\/markt\/"},{"@type":"ListItem","position":3,"name":"Weidm\u00fcller Kabelschneider KT 8 (f\u00fcr Kupfer-\/Aluminiumkabel bis \u00f8 8 mm, VDE + GS gepr\u00fcft Schutzisolation bis 1000 V\u2026"}]},{"@type":"WebSite","@id":"https:\/\/marktxxl.de\/markt\/#website","url":"https:\/\/marktxxl.de\/markt\/","name":"Markt-XXL","description":"Ihr Markt Online","publisher":{"@id":"https:\/\/marktxxl.de\/markt\/#organization"},"potentialAction":[{"@type":"SearchAction","target":{"@type":"EntryPoint","urlTemplate":"https:\/\/marktxxl.de\/markt\/?s={search_term_string}"},"query-input":{"@type":"PropertyValueSpecification","valueRequired":true,"valueName":"search_term_string"}}],"inLanguage":"de"},{"@type":"Organization","@id":"https:\/\/marktxxl.de\/markt\/#organization","name":"Markt-XXL","url":"https:\/\/marktxxl.de\/markt\/","logo":{"@type":"ImageObject","inLanguage":"de","@id":"https:\/\/marktxxl.de\/markt\/#\/schema\/logo\/image\/","url":"https:\/\/marktxxl.de\/markt\/wp-content\/uploads\/sites\/3\/2020\/12\/logo.png","contentUrl":"https:\/\/marktxxl.de\/markt\/wp-content\/uploads\/sites\/3\/2020\/12\/logo.png","width":200,"height":70,"caption":"Markt-XXL"},"image":{"@id":"https:\/\/marktxxl.de\/markt\/#\/schema\/logo\/image\/"}}]}},"_links":{"self":[{"href":"https:\/\/marktxxl.de\/markt\/wp-json\/wp\/v2\/product\/115070","targetHints":{"allow":["GET"]}}],"collection":[{"href":"https:\/\/marktxxl.de\/markt\/wp-json\/wp\/v2\/product"}],"about":[{"href":"https:\/\/marktxxl.de\/markt\/wp-json\/wp\/v2\/types\/product"}],"replies":[{"embeddable":true,"href":"https:\/\/marktxxl.de\/markt\/wp-json\/wp\/v2\/comments?post=115070"}],"wp:featuredmedia":[{"embeddable":true,"href":"https:\/\/marktxxl.de\/markt\/wp-json\/wp\/v2\/media\/115071"}],"wp:attachment":[{"href":"https:\/\/marktxxl.de\/markt\/wp-json\/wp\/v2\/media?parent=115070"}],"wp:term":[{"taxonomy":"product_brand","embeddable":true,"href":"https:\/\/marktxxl.de\/markt\/wp-json\/wp\/v2\/product_brand?post=115070"},{"taxonomy":"product_cat","embeddable":true,"href":"https:\/\/marktxxl.de\/markt\/wp-json\/wp\/v2\/product_cat?post=115070"},{"taxonomy":"product_tag","embeddable":true,"href":"https:\/\/marktxxl.de\/markt\/wp-json\/wp\/v2\/product_tag?post=115070"}],"curies":[{"name":"wp","href":"https:\/\/api.w.org\/{rel}","templated":true}]}}