{"id":114977,"date":"2022-05-14T23:04:10","date_gmt":"2022-05-14T21:04:10","guid":{"rendered":"https:\/\/marktxxl.de\/markt\/produkt\/diaper-genie-playtex-max-fresh-nachfuellbeutel-ideal-fuer-windeleimer-3-stueck-810ct\/"},"modified":"2023-04-10T03:44:50","modified_gmt":"2023-04-10T01:44:50","slug":"diaper-genie-playtex-max-fresh-nachfuellbeutel-ideal-fuer-windeleimer-3-stueck-810ct","status":"publish","type":"product","link":"https:\/\/marktxxl.de\/markt\/produkt\/diaper-genie-playtex-max-fresh-nachfuellbeutel-ideal-fuer-windeleimer-3-stueck-810ct\/","title":{"rendered":"Diaper Genie Playtex Max Fresh Nachf\u00fcllbeutel, ideal f\u00fcr Windeleimer, 3 St\u00fcck, 810ct"},"content":{"rendered":"<p>Max Odor Lock-Technologie sch\u00fctzt vor Ger\u00fcchen und Keimen und h\u00e4lt Ihr Kinderzimmer frisch. Ein integriertes antimikrobielles geruchshemmendes Mittel hemmt das Wachstum von Bakterien. Der saubere W\u00e4sche-Duft hilft, starke Windel-Ger\u00fcche zu neutralisieren.<br \/>\nDie robuste, 7-lagige Folie in der Nachf\u00fclltasche funktioniert zusammen mit Ihrem Windel-Genie-Eimer, um Ger\u00fcche einzuschlie\u00dfen und unerw\u00fcnschte Verschmutzungen zu sichern. Da der Nachf\u00fcllbeutel blickdicht ist, hilft er die schmutzigen Windeln beim Entleeren des Eimers zu verstecken.<br \/>\nMit der neu verbesserten blickdichten Folie k\u00f6nnen Sie schmutzige Windeln besser verstecken, wenn Sie Ihren Eimer leeren.<br \/>\nUnsere Nachf\u00fcllbeutel sind robust gebaut und verf\u00fcgen \u00fcber 7 Schichten, die zusammen mit Ihrem Windeleimer arbeiten, um Ger\u00fcche einzuschlie\u00dfen und unerw\u00fcnschte Verschmutzungen zu sichern.<br \/>\nDurchgehende Nachf\u00fcllbeutel f\u00fcr bis zu 270 Windeln in Neugeborenengr\u00f6\u00dfe, so dass Sie die Flexibilit\u00e4t haben, die Tasche so oft wie Sie wollen zu wechseln und weniger Ausfl\u00fcge zum M\u00fclleimer zu machen.<br \/>\n<div class=\"main-cross-sell\" data-asin=\"B094ZC3D6Q\">\n\n\t<div class=\"WooZone-cross-sell-loader\">\n\t\t<div>\n\t\t\t<div id=\"floatingBarsG\">\n\t\t\t\t<div class=\"blockG\" id=\"rotateG_01\"><\/div>\n\t\t\t\t<div class=\"blockG\" id=\"rotateG_02\"><\/div>\n\t\t\t\t<div class=\"blockG\" id=\"rotateG_03\"><\/div>\n\t\t\t\t<div class=\"blockG\" id=\"rotateG_04\"><\/div>\n\t\t\t\t<div class=\"blockG\" id=\"rotateG_05\"><\/div>\n\t\t\t\t<div class=\"blockG\" id=\"rotateG_06\"><\/div>\n\t\t\t\t<div class=\"blockG\" id=\"rotateG_07\"><\/div>\n\t\t\t\t<div class=\"blockG\" id=\"rotateG_08\"><\/div>\n\t\t\t<\/div>\n\t\t\t<div class=\"WooZone-cross-sell-loader-text\"><\/div>\n\t\t<\/div>\n\t<\/div>\n\n\t\t\n<\/div>\n<div style=\"clear:both;\"><\/div><\/p>\n","protected":false},"excerpt":{"rendered":"<p>Max Odor Lock-Technologie sch\u00fctzt vor Ger\u00fcchen und Keimen und h\u00e4lt Ihr Kinderzimmer frisch. Ein integriertes antimikrobielles geruchshemmendes Mittel hemmt das Wachstum von Bakterien. Der saubere W\u00e4sche-Duft hilft, starke Windel-Ger\u00fcche zu neutralisieren.<br \/>\nDie robuste, 7-lagige Folie in der Nachf\u00fclltasche funktioniert zusammen mit Ihrem Windel-Genie-Eimer, um Ger\u00fcche einzuschlie\u00dfen und unerw\u00fcnschte Verschmutzungen zu sichern. Da der Nachf\u00fcllbeutel blickdicht ist, hilft er die schmutzigen Windeln beim Entleeren des Eimers zu verstecken.<br \/>\nMit der neu verbesserten blickdichten Folie k\u00f6nnen Sie schmutzige Windeln besser verstecken, wenn Sie Ihren Eimer leeren.<\/p>\n","protected":false},"featured_media":114978,"comment_status":"open","ping_status":"closed","template":"","meta":[],"product_brand":[],"product_cat":[21,9520],"product_tag":[],"class_list":{"0":"post-114977","1":"product","2":"type-product","3":"status-publish","4":"has-post-thumbnail","6":"product_cat-baby","7":"product_cat-wickeln-baby","8":"pa_binding-werkzeug","9":"pa_brand-diaper-genie","10":"pa_height-2-31-zoll","11":"pa_length-2-65-zoll","12":"pa_manufacturer-amazonus-q05tb","13":"pa_model-33885","14":"pa_weight-2-16-pfund","15":"pa_width-2-65-zoll","17":"first","18":"instock","19":"shipping-taxable","20":"purchasable","21":"product-type-simple","22":"customify-col","23":"product-has-gallery"},"yoast_head":"<!-- This site is optimized with the Yoast SEO plugin v27.4 - https:\/\/yoast.com\/product\/yoast-seo-wordpress\/ -->\n<title>Diaper Genie Playtex Max Fresh Nachf\u00fcllbeutel, ideal f\u00fcr Windeleimer, 3 St\u00fcck, 810ct - Markt-XXL<\/title>\n<meta name=\"description\" content=\"Markt-XXL Diaper Genie Playtex Max Fresh Nachf\u00fcllbeutel, ideal f\u00fcr Windeleimer, 3 St\u00fcck, 810ct\" \/>\n<meta name=\"robots\" content=\"index, follow, max-snippet:-1, max-image-preview:large, max-video-preview:-1\" \/>\n<link rel=\"canonical\" href=\"https:\/\/marktxxl.de\/markt\/produkt\/diaper-genie-playtex-max-fresh-nachfuellbeutel-ideal-fuer-windeleimer-3-stueck-810ct\/\" \/>\n<meta property=\"og:locale\" content=\"de_DE\" \/>\n<meta property=\"og:type\" content=\"article\" \/>\n<meta property=\"og:title\" content=\"Diaper Genie Playtex Max Fresh Nachf\u00fcllbeutel, ideal f\u00fcr Windeleimer, 3 St\u00fcck, 810ct - Markt-XXL\" \/>\n<meta property=\"og:description\" content=\"Markt-XXL Diaper Genie Playtex Max Fresh Nachf\u00fcllbeutel, ideal f\u00fcr Windeleimer, 3 St\u00fcck, 810ct\" \/>\n<meta property=\"og:url\" content=\"https:\/\/marktxxl.de\/markt\/produkt\/diaper-genie-playtex-max-fresh-nachfuellbeutel-ideal-fuer-windeleimer-3-stueck-810ct\/\" \/>\n<meta property=\"og:site_name\" content=\"Markt-XXL\" \/>\n<meta property=\"article:modified_time\" content=\"2023-04-10T01:44:50+00:00\" \/>\n<meta property=\"og:image\" content=\"https:\/\/m.media-amazon.com\/images\/I\/51VzxIGiDJS._SL500_.jpg\" \/>\n\t<meta property=\"og:image:width\" content=\"498\" \/>\n\t<meta property=\"og:image:height\" content=\"500\" \/>\n\t<meta property=\"og:image:type\" content=\"image\/jpeg\" \/>\n<meta name=\"twitter:card\" content=\"summary_large_image\" \/>\n<meta name=\"twitter:label1\" content=\"Gesch\u00e4tzte Lesezeit\" \/>\n\t<meta name=\"twitter:data1\" content=\"1\u00a0Minute\" \/>\n<script type=\"application\/ld+json\" class=\"yoast-schema-graph\">{\"@context\":\"https:\\\/\\\/schema.org\",\"@graph\":[{\"@type\":\"WebPage\",\"@id\":\"https:\\\/\\\/marktxxl.de\\\/markt\\\/produkt\\\/diaper-genie-playtex-max-fresh-nachfuellbeutel-ideal-fuer-windeleimer-3-stueck-810ct\\\/\",\"url\":\"https:\\\/\\\/marktxxl.de\\\/markt\\\/produkt\\\/diaper-genie-playtex-max-fresh-nachfuellbeutel-ideal-fuer-windeleimer-3-stueck-810ct\\\/\",\"name\":\"Diaper Genie Playtex Max Fresh Nachf\u00fcllbeutel, ideal f\u00fcr Windeleimer, 3 St\u00fcck, 810ct - Markt-XXL\",\"isPartOf\":{\"@id\":\"https:\\\/\\\/marktxxl.de\\\/markt\\\/#website\"},\"primaryImageOfPage\":{\"@id\":\"https:\\\/\\\/marktxxl.de\\\/markt\\\/produkt\\\/diaper-genie-playtex-max-fresh-nachfuellbeutel-ideal-fuer-windeleimer-3-stueck-810ct\\\/#primaryimage\"},\"image\":{\"@id\":\"https:\\\/\\\/marktxxl.de\\\/markt\\\/produkt\\\/diaper-genie-playtex-max-fresh-nachfuellbeutel-ideal-fuer-windeleimer-3-stueck-810ct\\\/#primaryimage\"},\"thumbnailUrl\":\"https:\\\/\\\/m.media-amazon.com\\\/images\\\/I\\\/51VzxIGiDJS._SL500_.jpg\",\"datePublished\":\"2022-05-14T21:04:10+00:00\",\"dateModified\":\"2023-04-10T01:44:50+00:00\",\"description\":\"Markt-XXL Diaper Genie Playtex Max Fresh Nachf\u00fcllbeutel, ideal f\u00fcr Windeleimer, 3 St\u00fcck, 810ct\",\"breadcrumb\":{\"@id\":\"https:\\\/\\\/marktxxl.de\\\/markt\\\/produkt\\\/diaper-genie-playtex-max-fresh-nachfuellbeutel-ideal-fuer-windeleimer-3-stueck-810ct\\\/#breadcrumb\"},\"inLanguage\":\"de\",\"potentialAction\":[{\"@type\":\"ReadAction\",\"target\":[\"https:\\\/\\\/marktxxl.de\\\/markt\\\/produkt\\\/diaper-genie-playtex-max-fresh-nachfuellbeutel-ideal-fuer-windeleimer-3-stueck-810ct\\\/\"]}]},{\"@type\":\"ImageObject\",\"inLanguage\":\"de\",\"@id\":\"https:\\\/\\\/marktxxl.de\\\/markt\\\/produkt\\\/diaper-genie-playtex-max-fresh-nachfuellbeutel-ideal-fuer-windeleimer-3-stueck-810ct\\\/#primaryimage\",\"url\":\"https:\\\/\\\/m.media-amazon.com\\\/images\\\/I\\\/51VzxIGiDJS._SL500_.jpg\",\"contentUrl\":\"https:\\\/\\\/m.media-amazon.com\\\/images\\\/I\\\/51VzxIGiDJS._SL500_.jpg\",\"width\":498,\"height\":500},{\"@type\":\"BreadcrumbList\",\"@id\":\"https:\\\/\\\/marktxxl.de\\\/markt\\\/produkt\\\/diaper-genie-playtex-max-fresh-nachfuellbeutel-ideal-fuer-windeleimer-3-stueck-810ct\\\/#breadcrumb\",\"itemListElement\":[{\"@type\":\"ListItem\",\"position\":1,\"name\":\"Startseite\",\"item\":\"https:\\\/\\\/marktxxl.de\\\/markt\\\/\"},{\"@type\":\"ListItem\",\"position\":2,\"name\":\"Markt\",\"item\":\"https:\\\/\\\/marktxxl.de\\\/markt\\\/\"},{\"@type\":\"ListItem\",\"position\":3,\"name\":\"Diaper Genie Playtex Max Fresh Nachf\u00fcllbeutel, ideal f\u00fcr Windeleimer, 3 St\u00fcck, 810ct\"}]},{\"@type\":\"WebSite\",\"@id\":\"https:\\\/\\\/marktxxl.de\\\/markt\\\/#website\",\"url\":\"https:\\\/\\\/marktxxl.de\\\/markt\\\/\",\"name\":\"Markt-XXL\",\"description\":\"Ihr Markt Online\",\"publisher\":{\"@id\":\"https:\\\/\\\/marktxxl.de\\\/markt\\\/#organization\"},\"potentialAction\":[{\"@type\":\"SearchAction\",\"target\":{\"@type\":\"EntryPoint\",\"urlTemplate\":\"https:\\\/\\\/marktxxl.de\\\/markt\\\/?s={search_term_string}\"},\"query-input\":{\"@type\":\"PropertyValueSpecification\",\"valueRequired\":true,\"valueName\":\"search_term_string\"}}],\"inLanguage\":\"de\"},{\"@type\":\"Organization\",\"@id\":\"https:\\\/\\\/marktxxl.de\\\/markt\\\/#organization\",\"name\":\"Markt-XXL\",\"url\":\"https:\\\/\\\/marktxxl.de\\\/markt\\\/\",\"logo\":{\"@type\":\"ImageObject\",\"inLanguage\":\"de\",\"@id\":\"https:\\\/\\\/marktxxl.de\\\/markt\\\/#\\\/schema\\\/logo\\\/image\\\/\",\"url\":\"https:\\\/\\\/marktxxl.de\\\/markt\\\/wp-content\\\/uploads\\\/sites\\\/3\\\/2020\\\/12\\\/logo.png\",\"contentUrl\":\"https:\\\/\\\/marktxxl.de\\\/markt\\\/wp-content\\\/uploads\\\/sites\\\/3\\\/2020\\\/12\\\/logo.png\",\"width\":200,\"height\":70,\"caption\":\"Markt-XXL\"},\"image\":{\"@id\":\"https:\\\/\\\/marktxxl.de\\\/markt\\\/#\\\/schema\\\/logo\\\/image\\\/\"}}]}<\/script>\n<!-- \/ Yoast SEO plugin. -->","yoast_head_json":{"title":"Diaper Genie Playtex Max Fresh Nachf\u00fcllbeutel, ideal f\u00fcr Windeleimer, 3 St\u00fcck, 810ct - Markt-XXL","description":"Markt-XXL Diaper Genie Playtex Max Fresh Nachf\u00fcllbeutel, ideal f\u00fcr Windeleimer, 3 St\u00fcck, 810ct","robots":{"index":"index","follow":"follow","max-snippet":"max-snippet:-1","max-image-preview":"max-image-preview:large","max-video-preview":"max-video-preview:-1"},"canonical":"https:\/\/marktxxl.de\/markt\/produkt\/diaper-genie-playtex-max-fresh-nachfuellbeutel-ideal-fuer-windeleimer-3-stueck-810ct\/","og_locale":"de_DE","og_type":"article","og_title":"Diaper Genie Playtex Max Fresh Nachf\u00fcllbeutel, ideal f\u00fcr Windeleimer, 3 St\u00fcck, 810ct - Markt-XXL","og_description":"Markt-XXL Diaper Genie Playtex Max Fresh Nachf\u00fcllbeutel, ideal f\u00fcr Windeleimer, 3 St\u00fcck, 810ct","og_url":"https:\/\/marktxxl.de\/markt\/produkt\/diaper-genie-playtex-max-fresh-nachfuellbeutel-ideal-fuer-windeleimer-3-stueck-810ct\/","og_site_name":"Markt-XXL","article_modified_time":"2023-04-10T01:44:50+00:00","og_image":[{"width":498,"height":500,"url":"https:\/\/m.media-amazon.com\/images\/I\/51VzxIGiDJS._SL500_.jpg","type":"image\/jpeg"}],"twitter_card":"summary_large_image","twitter_misc":{"Gesch\u00e4tzte Lesezeit":"1\u00a0Minute"},"schema":{"@context":"https:\/\/schema.org","@graph":[{"@type":"WebPage","@id":"https:\/\/marktxxl.de\/markt\/produkt\/diaper-genie-playtex-max-fresh-nachfuellbeutel-ideal-fuer-windeleimer-3-stueck-810ct\/","url":"https:\/\/marktxxl.de\/markt\/produkt\/diaper-genie-playtex-max-fresh-nachfuellbeutel-ideal-fuer-windeleimer-3-stueck-810ct\/","name":"Diaper Genie Playtex Max Fresh Nachf\u00fcllbeutel, ideal f\u00fcr Windeleimer, 3 St\u00fcck, 810ct - Markt-XXL","isPartOf":{"@id":"https:\/\/marktxxl.de\/markt\/#website"},"primaryImageOfPage":{"@id":"https:\/\/marktxxl.de\/markt\/produkt\/diaper-genie-playtex-max-fresh-nachfuellbeutel-ideal-fuer-windeleimer-3-stueck-810ct\/#primaryimage"},"image":{"@id":"https:\/\/marktxxl.de\/markt\/produkt\/diaper-genie-playtex-max-fresh-nachfuellbeutel-ideal-fuer-windeleimer-3-stueck-810ct\/#primaryimage"},"thumbnailUrl":"https:\/\/m.media-amazon.com\/images\/I\/51VzxIGiDJS._SL500_.jpg","datePublished":"2022-05-14T21:04:10+00:00","dateModified":"2023-04-10T01:44:50+00:00","description":"Markt-XXL Diaper Genie Playtex Max Fresh Nachf\u00fcllbeutel, ideal f\u00fcr Windeleimer, 3 St\u00fcck, 810ct","breadcrumb":{"@id":"https:\/\/marktxxl.de\/markt\/produkt\/diaper-genie-playtex-max-fresh-nachfuellbeutel-ideal-fuer-windeleimer-3-stueck-810ct\/#breadcrumb"},"inLanguage":"de","potentialAction":[{"@type":"ReadAction","target":["https:\/\/marktxxl.de\/markt\/produkt\/diaper-genie-playtex-max-fresh-nachfuellbeutel-ideal-fuer-windeleimer-3-stueck-810ct\/"]}]},{"@type":"ImageObject","inLanguage":"de","@id":"https:\/\/marktxxl.de\/markt\/produkt\/diaper-genie-playtex-max-fresh-nachfuellbeutel-ideal-fuer-windeleimer-3-stueck-810ct\/#primaryimage","url":"https:\/\/m.media-amazon.com\/images\/I\/51VzxIGiDJS._SL500_.jpg","contentUrl":"https:\/\/m.media-amazon.com\/images\/I\/51VzxIGiDJS._SL500_.jpg","width":498,"height":500},{"@type":"BreadcrumbList","@id":"https:\/\/marktxxl.de\/markt\/produkt\/diaper-genie-playtex-max-fresh-nachfuellbeutel-ideal-fuer-windeleimer-3-stueck-810ct\/#breadcrumb","itemListElement":[{"@type":"ListItem","position":1,"name":"Startseite","item":"https:\/\/marktxxl.de\/markt\/"},{"@type":"ListItem","position":2,"name":"Markt","item":"https:\/\/marktxxl.de\/markt\/"},{"@type":"ListItem","position":3,"name":"Diaper Genie Playtex Max Fresh Nachf\u00fcllbeutel, ideal f\u00fcr Windeleimer, 3 St\u00fcck, 810ct"}]},{"@type":"WebSite","@id":"https:\/\/marktxxl.de\/markt\/#website","url":"https:\/\/marktxxl.de\/markt\/","name":"Markt-XXL","description":"Ihr Markt Online","publisher":{"@id":"https:\/\/marktxxl.de\/markt\/#organization"},"potentialAction":[{"@type":"SearchAction","target":{"@type":"EntryPoint","urlTemplate":"https:\/\/marktxxl.de\/markt\/?s={search_term_string}"},"query-input":{"@type":"PropertyValueSpecification","valueRequired":true,"valueName":"search_term_string"}}],"inLanguage":"de"},{"@type":"Organization","@id":"https:\/\/marktxxl.de\/markt\/#organization","name":"Markt-XXL","url":"https:\/\/marktxxl.de\/markt\/","logo":{"@type":"ImageObject","inLanguage":"de","@id":"https:\/\/marktxxl.de\/markt\/#\/schema\/logo\/image\/","url":"https:\/\/marktxxl.de\/markt\/wp-content\/uploads\/sites\/3\/2020\/12\/logo.png","contentUrl":"https:\/\/marktxxl.de\/markt\/wp-content\/uploads\/sites\/3\/2020\/12\/logo.png","width":200,"height":70,"caption":"Markt-XXL"},"image":{"@id":"https:\/\/marktxxl.de\/markt\/#\/schema\/logo\/image\/"}}]}},"_links":{"self":[{"href":"https:\/\/marktxxl.de\/markt\/wp-json\/wp\/v2\/product\/114977","targetHints":{"allow":["GET"]}}],"collection":[{"href":"https:\/\/marktxxl.de\/markt\/wp-json\/wp\/v2\/product"}],"about":[{"href":"https:\/\/marktxxl.de\/markt\/wp-json\/wp\/v2\/types\/product"}],"replies":[{"embeddable":true,"href":"https:\/\/marktxxl.de\/markt\/wp-json\/wp\/v2\/comments?post=114977"}],"wp:featuredmedia":[{"embeddable":true,"href":"https:\/\/marktxxl.de\/markt\/wp-json\/wp\/v2\/media\/114978"}],"wp:attachment":[{"href":"https:\/\/marktxxl.de\/markt\/wp-json\/wp\/v2\/media?parent=114977"}],"wp:term":[{"taxonomy":"product_brand","embeddable":true,"href":"https:\/\/marktxxl.de\/markt\/wp-json\/wp\/v2\/product_brand?post=114977"},{"taxonomy":"product_cat","embeddable":true,"href":"https:\/\/marktxxl.de\/markt\/wp-json\/wp\/v2\/product_cat?post=114977"},{"taxonomy":"product_tag","embeddable":true,"href":"https:\/\/marktxxl.de\/markt\/wp-json\/wp\/v2\/product_tag?post=114977"}],"curies":[{"name":"wp","href":"https:\/\/api.w.org\/{rel}","templated":true}]}}