{"id":114906,"date":"2022-05-14T22:58:47","date_gmt":"2022-05-14T20:58:47","guid":{"rendered":"https:\/\/marktxxl.de\/markt\/produkt\/the-peanutshell-minky-wickelunterlagenbezuege-fuer-babys-jungen-oder-maedchen-2er-pack-grau-und-weiss\/"},"modified":"2023-04-10T03:44:49","modified_gmt":"2023-04-10T01:44:49","slug":"the-peanutshell-minky-wickelunterlagenbezuege-fuer-babys-jungen-oder-maedchen-2er-pack-grau-und-weiss","status":"publish","type":"product","link":"https:\/\/marktxxl.de\/markt\/produkt\/the-peanutshell-minky-wickelunterlagenbezuege-fuer-babys-jungen-oder-maedchen-2er-pack-grau-und-weiss\/","title":{"rendered":"The Peanutshell Minky Wickelunterlagenbez\u00fcge f\u00fcr Babys, Jungen oder M\u00e4dchen, 2er-Pack, Grau und Wei\u00df"},"content":{"rendered":"<p>Kinderzimmer-freundliche Farben \u2013 Diese soliden 2er-Pack Wickelauflagen-Bez\u00fcge kommen in der perfekten Farbkombination f\u00fcr Ihr Kind, in klassischen Schattierungen von neutralem Grau und klarem Wei\u00df. Der perfekte Baustein f\u00fcr das Zimmer Ihres Kindes, egal in welcher Einrichtung.<br \/>\nWeich und bequem \u2013 der superweiche Velours mit Minky-Punkten, der in unseren Wickelauflagen verwendet wird, wurde speziell als die bequemste Schicht zwischen Ihrem Baby und einer Wickelunterlage gew\u00e4hlt. Hergestellt aus 100 % Polyester. Diese Wickelunterlagen sind die perfekte Erg\u00e4nzung f\u00fcr das Kinderzimmer Ihres Kindes.<br \/>\nHohe Qualit\u00e4t und Pflege \u2013 Entworfen, um farbbest\u00e4ndig zu sein und maschinenwaschbar f\u00fcr einfache Pflege. F\u00fcr beste langfristige Pflege waschen Sie diese Wickelauflagenbez\u00fcge kalt mit \u00e4hnlichen Farben im Schonwaschgang. Sie k\u00f6nnen dann bei niedriger Temperatur im Trockner trocknen oder auf der Leine trocknen.<br \/>\nPerfekte Passform \u2013 dieses Set beinhaltet zwei Wickelauflagen-Abdeckungen f\u00fcr eine Standard-Wickelunterlage, mit Taschen bis zu 12,7 cm Tiefe. Elastisches Band an der Unterseite h\u00e4lt die Wickelauflagen-Bez\u00fcge an Ort und Stelle, Knopfloch in der Mitte erm\u00f6glicht die Verwendung der Gurte der Wickelunterlage, sodass das Baby immer bequem und sicher ist. Befolgen Sie immer die Anweisungen vom Hersteller der Wickelunterlage, um die richtige Verwendung und die Sicherheit des Babys zu gew\u00e4hrleisten.<br \/>\nHochwertiges Produkt. Klicken Sie jetzt auf die gelbe Schaltfl\u00e4che &#8220;In den Warenkorb&#8221; mit absoluter Selbstvertrauen, dass Sie das Beste bekommen.<br \/>\n<div class=\"main-cross-sell\" data-asin=\"B08CVSLY53\">\n\n\t<div class=\"WooZone-cross-sell-loader\">\n\t\t<div>\n\t\t\t<div id=\"floatingBarsG\">\n\t\t\t\t<div class=\"blockG\" id=\"rotateG_01\"><\/div>\n\t\t\t\t<div class=\"blockG\" id=\"rotateG_02\"><\/div>\n\t\t\t\t<div class=\"blockG\" id=\"rotateG_03\"><\/div>\n\t\t\t\t<div class=\"blockG\" id=\"rotateG_04\"><\/div>\n\t\t\t\t<div class=\"blockG\" id=\"rotateG_05\"><\/div>\n\t\t\t\t<div class=\"blockG\" id=\"rotateG_06\"><\/div>\n\t\t\t\t<div class=\"blockG\" id=\"rotateG_07\"><\/div>\n\t\t\t\t<div class=\"blockG\" id=\"rotateG_08\"><\/div>\n\t\t\t<\/div>\n\t\t\t<div class=\"WooZone-cross-sell-loader-text\"><\/div>\n\t\t<\/div>\n\t<\/div>\n\n\t\t\n<\/div>\n<div style=\"clear:both;\"><\/div><\/p>\n","protected":false},"excerpt":{"rendered":"<p>Kinderzimmer-freundliche Farben \u2013 Diese soliden 2er-Pack Wickelauflagen-Bez\u00fcge kommen in der perfekten Farbkombination f\u00fcr Ihr Kind, in klassischen Schattierungen von neutralem Grau und klarem Wei\u00df. Der perfekte Baustein f\u00fcr das Zimmer Ihres Kindes, egal in welcher Einrichtung.<br \/>\nWeich und bequem \u2013 der superweiche Velours mit Minky-Punkten, der in unseren Wickelauflagen verwendet wird, wurde speziell als die bequemste Schicht zwischen Ihrem Baby und einer Wickelunterlage gew\u00e4hlt. Hergestellt aus 100 % Polyester. Diese Wickelunterlagen sind die perfekte Erg\u00e4nzung f\u00fcr das Kinderzimmer Ihres Kindes.<br \/>\nHohe Qualit\u00e4t und Pflege \u2013 Entworfen, um farbbest\u00e4ndig zu sein und maschinenwaschbar f\u00fcr einfache Pflege. F\u00fcr beste langfristige Pflege waschen Sie diese Wickelauflagenbez\u00fcge kalt mit \u00e4hnlichen Farben im Schonwaschgang. Sie k\u00f6nnen dann bei niedriger Temperatur im Trockner trocknen oder auf der Leine trocknen.<\/p>\n","protected":false},"featured_media":114907,"comment_status":"open","ping_status":"closed","template":"","meta":[],"product_brand":[],"product_cat":[21,9520],"product_tag":[],"class_list":{"0":"post-114906","1":"product","2":"type-product","3":"status-publish","4":"has-post-thumbnail","6":"product_cat-baby","7":"product_cat-wickeln-baby","8":"pa_brand-the-peanutshell","9":"pa_color-grau","10":"pa_manufacturer-farallon-brands","11":"pa_model-7456cpc2","13":"first","14":"instock","15":"shipping-taxable","16":"purchasable","17":"product-type-simple","18":"customify-col","19":"product-has-gallery"},"yoast_head":"<!-- This site is optimized with the Yoast SEO plugin v27.4 - https:\/\/yoast.com\/product\/yoast-seo-wordpress\/ -->\n<title>The Peanutshell Minky Wickelunterlagenbez\u00fcge f\u00fcr Babys, Jungen oder M\u00e4dchen, 2er-Pack, Grau und Wei\u00df - Markt-XXL<\/title>\n<meta name=\"description\" content=\"Markt-XXL The Peanutshell Minky Wickelunterlagenbez\u00fcge f\u00fcr Babys, Jungen oder M\u00e4dchen, 2er-Pack, Grau und Wei\u00df\" \/>\n<meta name=\"robots\" content=\"index, follow, max-snippet:-1, max-image-preview:large, max-video-preview:-1\" \/>\n<link rel=\"canonical\" href=\"https:\/\/marktxxl.de\/markt\/produkt\/the-peanutshell-minky-wickelunterlagenbezuege-fuer-babys-jungen-oder-maedchen-2er-pack-grau-und-weiss\/\" \/>\n<meta property=\"og:locale\" content=\"de_DE\" \/>\n<meta property=\"og:type\" content=\"article\" \/>\n<meta property=\"og:title\" content=\"The Peanutshell Minky Wickelunterlagenbez\u00fcge f\u00fcr Babys, Jungen oder M\u00e4dchen, 2er-Pack, Grau und Wei\u00df - Markt-XXL\" \/>\n<meta property=\"og:description\" content=\"Markt-XXL The Peanutshell Minky Wickelunterlagenbez\u00fcge f\u00fcr Babys, Jungen oder M\u00e4dchen, 2er-Pack, Grau und Wei\u00df\" \/>\n<meta property=\"og:url\" content=\"https:\/\/marktxxl.de\/markt\/produkt\/the-peanutshell-minky-wickelunterlagenbezuege-fuer-babys-jungen-oder-maedchen-2er-pack-grau-und-weiss\/\" \/>\n<meta property=\"og:site_name\" content=\"Markt-XXL\" \/>\n<meta property=\"article:modified_time\" content=\"2023-04-10T01:44:49+00:00\" \/>\n<meta property=\"og:image\" content=\"https:\/\/m.media-amazon.com\/images\/I\/41-neJo+SXL._SL500_.jpg\" \/>\n\t<meta property=\"og:image:width\" content=\"500\" \/>\n\t<meta property=\"og:image:height\" content=\"500\" \/>\n\t<meta property=\"og:image:type\" content=\"image\/jpeg\" \/>\n<meta name=\"twitter:card\" content=\"summary_large_image\" \/>\n<meta name=\"twitter:label1\" content=\"Gesch\u00e4tzte Lesezeit\" \/>\n\t<meta name=\"twitter:data1\" content=\"1\u00a0Minute\" \/>\n<script type=\"application\/ld+json\" class=\"yoast-schema-graph\">{\"@context\":\"https:\\\/\\\/schema.org\",\"@graph\":[{\"@type\":\"WebPage\",\"@id\":\"https:\\\/\\\/marktxxl.de\\\/markt\\\/produkt\\\/the-peanutshell-minky-wickelunterlagenbezuege-fuer-babys-jungen-oder-maedchen-2er-pack-grau-und-weiss\\\/\",\"url\":\"https:\\\/\\\/marktxxl.de\\\/markt\\\/produkt\\\/the-peanutshell-minky-wickelunterlagenbezuege-fuer-babys-jungen-oder-maedchen-2er-pack-grau-und-weiss\\\/\",\"name\":\"The Peanutshell Minky Wickelunterlagenbez\u00fcge f\u00fcr Babys, Jungen oder M\u00e4dchen, 2er-Pack, Grau und Wei\u00df - Markt-XXL\",\"isPartOf\":{\"@id\":\"https:\\\/\\\/marktxxl.de\\\/markt\\\/#website\"},\"primaryImageOfPage\":{\"@id\":\"https:\\\/\\\/marktxxl.de\\\/markt\\\/produkt\\\/the-peanutshell-minky-wickelunterlagenbezuege-fuer-babys-jungen-oder-maedchen-2er-pack-grau-und-weiss\\\/#primaryimage\"},\"image\":{\"@id\":\"https:\\\/\\\/marktxxl.de\\\/markt\\\/produkt\\\/the-peanutshell-minky-wickelunterlagenbezuege-fuer-babys-jungen-oder-maedchen-2er-pack-grau-und-weiss\\\/#primaryimage\"},\"thumbnailUrl\":\"https:\\\/\\\/m.media-amazon.com\\\/images\\\/I\\\/41-neJo+SXL._SL500_.jpg\",\"datePublished\":\"2022-05-14T20:58:47+00:00\",\"dateModified\":\"2023-04-10T01:44:49+00:00\",\"description\":\"Markt-XXL The Peanutshell Minky Wickelunterlagenbez\u00fcge f\u00fcr Babys, Jungen oder M\u00e4dchen, 2er-Pack, Grau und Wei\u00df\",\"breadcrumb\":{\"@id\":\"https:\\\/\\\/marktxxl.de\\\/markt\\\/produkt\\\/the-peanutshell-minky-wickelunterlagenbezuege-fuer-babys-jungen-oder-maedchen-2er-pack-grau-und-weiss\\\/#breadcrumb\"},\"inLanguage\":\"de\",\"potentialAction\":[{\"@type\":\"ReadAction\",\"target\":[\"https:\\\/\\\/marktxxl.de\\\/markt\\\/produkt\\\/the-peanutshell-minky-wickelunterlagenbezuege-fuer-babys-jungen-oder-maedchen-2er-pack-grau-und-weiss\\\/\"]}]},{\"@type\":\"ImageObject\",\"inLanguage\":\"de\",\"@id\":\"https:\\\/\\\/marktxxl.de\\\/markt\\\/produkt\\\/the-peanutshell-minky-wickelunterlagenbezuege-fuer-babys-jungen-oder-maedchen-2er-pack-grau-und-weiss\\\/#primaryimage\",\"url\":\"https:\\\/\\\/m.media-amazon.com\\\/images\\\/I\\\/41-neJo+SXL._SL500_.jpg\",\"contentUrl\":\"https:\\\/\\\/m.media-amazon.com\\\/images\\\/I\\\/41-neJo+SXL._SL500_.jpg\",\"width\":500,\"height\":500},{\"@type\":\"BreadcrumbList\",\"@id\":\"https:\\\/\\\/marktxxl.de\\\/markt\\\/produkt\\\/the-peanutshell-minky-wickelunterlagenbezuege-fuer-babys-jungen-oder-maedchen-2er-pack-grau-und-weiss\\\/#breadcrumb\",\"itemListElement\":[{\"@type\":\"ListItem\",\"position\":1,\"name\":\"Startseite\",\"item\":\"https:\\\/\\\/marktxxl.de\\\/markt\\\/\"},{\"@type\":\"ListItem\",\"position\":2,\"name\":\"Markt\",\"item\":\"https:\\\/\\\/marktxxl.de\\\/markt\\\/\"},{\"@type\":\"ListItem\",\"position\":3,\"name\":\"The Peanutshell Minky Wickelunterlagenbez\u00fcge f\u00fcr Babys, Jungen oder M\u00e4dchen, 2er-Pack, Grau und Wei\u00df\"}]},{\"@type\":\"WebSite\",\"@id\":\"https:\\\/\\\/marktxxl.de\\\/markt\\\/#website\",\"url\":\"https:\\\/\\\/marktxxl.de\\\/markt\\\/\",\"name\":\"Markt-XXL\",\"description\":\"Ihr Markt Online\",\"publisher\":{\"@id\":\"https:\\\/\\\/marktxxl.de\\\/markt\\\/#organization\"},\"potentialAction\":[{\"@type\":\"SearchAction\",\"target\":{\"@type\":\"EntryPoint\",\"urlTemplate\":\"https:\\\/\\\/marktxxl.de\\\/markt\\\/?s={search_term_string}\"},\"query-input\":{\"@type\":\"PropertyValueSpecification\",\"valueRequired\":true,\"valueName\":\"search_term_string\"}}],\"inLanguage\":\"de\"},{\"@type\":\"Organization\",\"@id\":\"https:\\\/\\\/marktxxl.de\\\/markt\\\/#organization\",\"name\":\"Markt-XXL\",\"url\":\"https:\\\/\\\/marktxxl.de\\\/markt\\\/\",\"logo\":{\"@type\":\"ImageObject\",\"inLanguage\":\"de\",\"@id\":\"https:\\\/\\\/marktxxl.de\\\/markt\\\/#\\\/schema\\\/logo\\\/image\\\/\",\"url\":\"https:\\\/\\\/marktxxl.de\\\/markt\\\/wp-content\\\/uploads\\\/sites\\\/3\\\/2020\\\/12\\\/logo.png\",\"contentUrl\":\"https:\\\/\\\/marktxxl.de\\\/markt\\\/wp-content\\\/uploads\\\/sites\\\/3\\\/2020\\\/12\\\/logo.png\",\"width\":200,\"height\":70,\"caption\":\"Markt-XXL\"},\"image\":{\"@id\":\"https:\\\/\\\/marktxxl.de\\\/markt\\\/#\\\/schema\\\/logo\\\/image\\\/\"}}]}<\/script>\n<!-- \/ Yoast SEO plugin. -->","yoast_head_json":{"title":"The Peanutshell Minky Wickelunterlagenbez\u00fcge f\u00fcr Babys, Jungen oder M\u00e4dchen, 2er-Pack, Grau und Wei\u00df - Markt-XXL","description":"Markt-XXL The Peanutshell Minky Wickelunterlagenbez\u00fcge f\u00fcr Babys, Jungen oder M\u00e4dchen, 2er-Pack, Grau und Wei\u00df","robots":{"index":"index","follow":"follow","max-snippet":"max-snippet:-1","max-image-preview":"max-image-preview:large","max-video-preview":"max-video-preview:-1"},"canonical":"https:\/\/marktxxl.de\/markt\/produkt\/the-peanutshell-minky-wickelunterlagenbezuege-fuer-babys-jungen-oder-maedchen-2er-pack-grau-und-weiss\/","og_locale":"de_DE","og_type":"article","og_title":"The Peanutshell Minky Wickelunterlagenbez\u00fcge f\u00fcr Babys, Jungen oder M\u00e4dchen, 2er-Pack, Grau und Wei\u00df - Markt-XXL","og_description":"Markt-XXL The Peanutshell Minky Wickelunterlagenbez\u00fcge f\u00fcr Babys, Jungen oder M\u00e4dchen, 2er-Pack, Grau und Wei\u00df","og_url":"https:\/\/marktxxl.de\/markt\/produkt\/the-peanutshell-minky-wickelunterlagenbezuege-fuer-babys-jungen-oder-maedchen-2er-pack-grau-und-weiss\/","og_site_name":"Markt-XXL","article_modified_time":"2023-04-10T01:44:49+00:00","og_image":[{"width":500,"height":500,"url":"https:\/\/m.media-amazon.com\/images\/I\/41-neJo+SXL._SL500_.jpg","type":"image\/jpeg"}],"twitter_card":"summary_large_image","twitter_misc":{"Gesch\u00e4tzte Lesezeit":"1\u00a0Minute"},"schema":{"@context":"https:\/\/schema.org","@graph":[{"@type":"WebPage","@id":"https:\/\/marktxxl.de\/markt\/produkt\/the-peanutshell-minky-wickelunterlagenbezuege-fuer-babys-jungen-oder-maedchen-2er-pack-grau-und-weiss\/","url":"https:\/\/marktxxl.de\/markt\/produkt\/the-peanutshell-minky-wickelunterlagenbezuege-fuer-babys-jungen-oder-maedchen-2er-pack-grau-und-weiss\/","name":"The Peanutshell Minky Wickelunterlagenbez\u00fcge f\u00fcr Babys, Jungen oder M\u00e4dchen, 2er-Pack, Grau und Wei\u00df - Markt-XXL","isPartOf":{"@id":"https:\/\/marktxxl.de\/markt\/#website"},"primaryImageOfPage":{"@id":"https:\/\/marktxxl.de\/markt\/produkt\/the-peanutshell-minky-wickelunterlagenbezuege-fuer-babys-jungen-oder-maedchen-2er-pack-grau-und-weiss\/#primaryimage"},"image":{"@id":"https:\/\/marktxxl.de\/markt\/produkt\/the-peanutshell-minky-wickelunterlagenbezuege-fuer-babys-jungen-oder-maedchen-2er-pack-grau-und-weiss\/#primaryimage"},"thumbnailUrl":"https:\/\/m.media-amazon.com\/images\/I\/41-neJo+SXL._SL500_.jpg","datePublished":"2022-05-14T20:58:47+00:00","dateModified":"2023-04-10T01:44:49+00:00","description":"Markt-XXL The Peanutshell Minky Wickelunterlagenbez\u00fcge f\u00fcr Babys, Jungen oder M\u00e4dchen, 2er-Pack, Grau und Wei\u00df","breadcrumb":{"@id":"https:\/\/marktxxl.de\/markt\/produkt\/the-peanutshell-minky-wickelunterlagenbezuege-fuer-babys-jungen-oder-maedchen-2er-pack-grau-und-weiss\/#breadcrumb"},"inLanguage":"de","potentialAction":[{"@type":"ReadAction","target":["https:\/\/marktxxl.de\/markt\/produkt\/the-peanutshell-minky-wickelunterlagenbezuege-fuer-babys-jungen-oder-maedchen-2er-pack-grau-und-weiss\/"]}]},{"@type":"ImageObject","inLanguage":"de","@id":"https:\/\/marktxxl.de\/markt\/produkt\/the-peanutshell-minky-wickelunterlagenbezuege-fuer-babys-jungen-oder-maedchen-2er-pack-grau-und-weiss\/#primaryimage","url":"https:\/\/m.media-amazon.com\/images\/I\/41-neJo+SXL._SL500_.jpg","contentUrl":"https:\/\/m.media-amazon.com\/images\/I\/41-neJo+SXL._SL500_.jpg","width":500,"height":500},{"@type":"BreadcrumbList","@id":"https:\/\/marktxxl.de\/markt\/produkt\/the-peanutshell-minky-wickelunterlagenbezuege-fuer-babys-jungen-oder-maedchen-2er-pack-grau-und-weiss\/#breadcrumb","itemListElement":[{"@type":"ListItem","position":1,"name":"Startseite","item":"https:\/\/marktxxl.de\/markt\/"},{"@type":"ListItem","position":2,"name":"Markt","item":"https:\/\/marktxxl.de\/markt\/"},{"@type":"ListItem","position":3,"name":"The Peanutshell Minky Wickelunterlagenbez\u00fcge f\u00fcr Babys, Jungen oder M\u00e4dchen, 2er-Pack, Grau und Wei\u00df"}]},{"@type":"WebSite","@id":"https:\/\/marktxxl.de\/markt\/#website","url":"https:\/\/marktxxl.de\/markt\/","name":"Markt-XXL","description":"Ihr Markt Online","publisher":{"@id":"https:\/\/marktxxl.de\/markt\/#organization"},"potentialAction":[{"@type":"SearchAction","target":{"@type":"EntryPoint","urlTemplate":"https:\/\/marktxxl.de\/markt\/?s={search_term_string}"},"query-input":{"@type":"PropertyValueSpecification","valueRequired":true,"valueName":"search_term_string"}}],"inLanguage":"de"},{"@type":"Organization","@id":"https:\/\/marktxxl.de\/markt\/#organization","name":"Markt-XXL","url":"https:\/\/marktxxl.de\/markt\/","logo":{"@type":"ImageObject","inLanguage":"de","@id":"https:\/\/marktxxl.de\/markt\/#\/schema\/logo\/image\/","url":"https:\/\/marktxxl.de\/markt\/wp-content\/uploads\/sites\/3\/2020\/12\/logo.png","contentUrl":"https:\/\/marktxxl.de\/markt\/wp-content\/uploads\/sites\/3\/2020\/12\/logo.png","width":200,"height":70,"caption":"Markt-XXL"},"image":{"@id":"https:\/\/marktxxl.de\/markt\/#\/schema\/logo\/image\/"}}]}},"_links":{"self":[{"href":"https:\/\/marktxxl.de\/markt\/wp-json\/wp\/v2\/product\/114906","targetHints":{"allow":["GET"]}}],"collection":[{"href":"https:\/\/marktxxl.de\/markt\/wp-json\/wp\/v2\/product"}],"about":[{"href":"https:\/\/marktxxl.de\/markt\/wp-json\/wp\/v2\/types\/product"}],"replies":[{"embeddable":true,"href":"https:\/\/marktxxl.de\/markt\/wp-json\/wp\/v2\/comments?post=114906"}],"wp:featuredmedia":[{"embeddable":true,"href":"https:\/\/marktxxl.de\/markt\/wp-json\/wp\/v2\/media\/114907"}],"wp:attachment":[{"href":"https:\/\/marktxxl.de\/markt\/wp-json\/wp\/v2\/media?parent=114906"}],"wp:term":[{"taxonomy":"product_brand","embeddable":true,"href":"https:\/\/marktxxl.de\/markt\/wp-json\/wp\/v2\/product_brand?post=114906"},{"taxonomy":"product_cat","embeddable":true,"href":"https:\/\/marktxxl.de\/markt\/wp-json\/wp\/v2\/product_cat?post=114906"},{"taxonomy":"product_tag","embeddable":true,"href":"https:\/\/marktxxl.de\/markt\/wp-json\/wp\/v2\/product_tag?post=114906"}],"curies":[{"name":"wp","href":"https:\/\/api.w.org\/{rel}","templated":true}]}}