{"id":114888,"date":"2022-05-14T22:58:34","date_gmt":"2022-05-14T20:58:34","guid":{"rendered":"https:\/\/marktxxl.de\/markt\/produkt\/infantino-lil-nibbles-beissring-aus-weichem-silikon-bpa-freier-multi-texturierter-beissring-fuer-die-sensorische-entwicklung-zahnungshilfe-mit-leicht-zu-haltenden-griffen\/"},"modified":"2023-04-10T03:44:48","modified_gmt":"2023-04-10T01:44:48","slug":"infantino-lil-nibbles-beissring-aus-weichem-silikon-bpa-freier-multi-texturierter-beissring-fuer-die-sensorische-entwicklung-zahnungshilfe-mit-leicht-zu-haltenden-griffen","status":"publish","type":"product","link":"https:\/\/marktxxl.de\/markt\/produkt\/infantino-lil-nibbles-beissring-aus-weichem-silikon-bpa-freier-multi-texturierter-beissring-fuer-die-sensorische-entwicklung-zahnungshilfe-mit-leicht-zu-haltenden-griffen\/","title":{"rendered":"Infantino Lil&#8217; Nibble Teether Pea Pod &#8211; Silicone Soft-Textured teether for Sensory Exploration and Teething Relief, with\u2026"},"content":{"rendered":"<p>Design: Der federleichte Bei\u00dfring mit praktischen Griffen und multi-texturierten Bei\u00dfborsten und Noppen f\u00f6rdert die Wachstumsentwicklung und beruhigt das sensible Zahnfleisch<br \/>\nF\u00f6rdert die Entwicklung: Der Bei\u00dfring hilft Babys dabei, die Welt zu erkunden &#8211; beim Entdecken von Texturen, Geschm\u00e4ckern und Temperaturen wird der Muskelaufbau zum Essen und Sprechen unterst\u00fctzt<br \/>\nDas Mundst\u00fcck hilft Babys, die Welt mit ihren Sinnen zu erkunden, um mehr \u00fcber Textur, Geschmack und Temperatur zu lernen und Muskeln aufzubauen, die sie sp\u00e4ter im Leben zum Essen und Sprechen verwenden werden<br \/>\nTolle Geschenkidee: Der niedliche Lil&#8217; Nibbles Bei\u00dfring ist ein passendes Geschenk f\u00fcr jeden Anlass wie z. B. Babypartys, Geburtstage, Weihnachten und Ostern<br \/>\nPflegen und Reinigen: Sp\u00fclmaschinen- und gefrierfest<br \/>\nAltersgruppe: 0+ Monate<br \/>\n<div class=\"main-cross-sell\" data-asin=\"B089VGBM5P\">\n\n\t<div class=\"WooZone-cross-sell-loader\">\n\t\t<div>\n\t\t\t<div id=\"floatingBarsG\">\n\t\t\t\t<div class=\"blockG\" id=\"rotateG_01\"><\/div>\n\t\t\t\t<div class=\"blockG\" id=\"rotateG_02\"><\/div>\n\t\t\t\t<div class=\"blockG\" id=\"rotateG_03\"><\/div>\n\t\t\t\t<div class=\"blockG\" id=\"rotateG_04\"><\/div>\n\t\t\t\t<div class=\"blockG\" id=\"rotateG_05\"><\/div>\n\t\t\t\t<div class=\"blockG\" id=\"rotateG_06\"><\/div>\n\t\t\t\t<div class=\"blockG\" id=\"rotateG_07\"><\/div>\n\t\t\t\t<div class=\"blockG\" id=\"rotateG_08\"><\/div>\n\t\t\t<\/div>\n\t\t\t<div class=\"WooZone-cross-sell-loader-text\"><\/div>\n\t\t<\/div>\n\t<\/div>\n\n\t\t\n<\/div>\n<div style=\"clear:both;\"><\/div><\/p>\n","protected":false},"excerpt":{"rendered":"<p>Design: Der federleichte Bei\u00dfring mit praktischen Griffen und multi-texturierten Bei\u00dfborsten und Noppen f\u00f6rdert die Wachstumsentwicklung und beruhigt das sensible Zahnfleisch<br \/>\nF\u00f6rdert die Entwicklung: Der Bei\u00dfring hilft Babys dabei, die Welt zu erkunden &#8211; beim Entdecken von Texturen, Geschm\u00e4ckern und Temperaturen wird der Muskelaufbau zum Essen und Sprechen unterst\u00fctzt<br \/>\nDas Mundst\u00fcck hilft Babys, die Welt mit ihren Sinnen zu erkunden, um mehr \u00fcber Textur, Geschmack und Temperatur zu lernen und Muskeln aufzubauen, die sie sp\u00e4ter im Leben zum Essen und Sprechen verwenden werden<\/p>\n","protected":false},"featured_media":114889,"comment_status":"open","ping_status":"closed","template":"","meta":[],"product_brand":[],"product_cat":[21,9362],"product_tag":[],"class_list":{"0":"post-114888","1":"product","2":"type-product","3":"status-publish","4":"has-post-thumbnail","6":"product_cat-baby","7":"product_cat-schnuller-beissringe-baby","8":"pa_binding-babyartikel","9":"pa_brand-infantino","10":"pa_brand-thames-hudson","11":"pa_height-6-25-zoll","12":"pa_languages-handbuch-englisch-handbuch-franzoesisch-handbuch-spanisch-handbuch-deutsch","13":"pa_length-5-25-zoll","14":"pa_manufacturer-infantino","15":"pa_model-216577-00","16":"pa_warranty-2-jahre","17":"pa_weight-0-14770971554-pfund","18":"pa_width-1-25-zoll","20":"first","21":"instock","22":"shipping-taxable","23":"purchasable","24":"product-type-simple","25":"customify-col","26":"product-has-gallery"},"yoast_head":"<!-- This site is optimized with the Yoast SEO plugin v27.4 - https:\/\/yoast.com\/product\/yoast-seo-wordpress\/ -->\n<title>Infantino Lil&#039; Nibble Teether Pea Pod - Silicone Soft-Textured teether for Sensory Exploration and Teething Relief, with\u2026 - Markt-XXL<\/title>\n<meta name=\"description\" content=\"Markt-XXL Infantino Lil&#039; Nibble Teether Pea Pod - Silicone Soft-Textured teether for Sensory Exploration and Teething Relief, with\u2026\" \/>\n<meta name=\"robots\" content=\"index, follow, max-snippet:-1, max-image-preview:large, max-video-preview:-1\" \/>\n<link rel=\"canonical\" href=\"https:\/\/marktxxl.de\/markt\/produkt\/infantino-lil-nibbles-beissring-aus-weichem-silikon-bpa-freier-multi-texturierter-beissring-fuer-die-sensorische-entwicklung-zahnungshilfe-mit-leicht-zu-haltenden-griffen\/\" \/>\n<meta property=\"og:locale\" content=\"de_DE\" \/>\n<meta property=\"og:type\" content=\"article\" \/>\n<meta property=\"og:title\" content=\"Infantino Lil&#039; Nibble Teether Pea Pod - Silicone Soft-Textured teether for Sensory Exploration and Teething Relief, with\u2026 - Markt-XXL\" \/>\n<meta property=\"og:description\" content=\"Markt-XXL Infantino Lil&#039; Nibble Teether Pea Pod - Silicone Soft-Textured teether for Sensory Exploration and Teething Relief, with\u2026\" \/>\n<meta property=\"og:url\" content=\"https:\/\/marktxxl.de\/markt\/produkt\/infantino-lil-nibbles-beissring-aus-weichem-silikon-bpa-freier-multi-texturierter-beissring-fuer-die-sensorische-entwicklung-zahnungshilfe-mit-leicht-zu-haltenden-griffen\/\" \/>\n<meta property=\"og:site_name\" content=\"Markt-XXL\" \/>\n<meta property=\"article:modified_time\" content=\"2023-04-10T01:44:48+00:00\" \/>\n<meta property=\"og:image\" content=\"https:\/\/m.media-amazon.com\/images\/I\/31XsHEAP0bL._SL500_.jpg\" \/>\n\t<meta property=\"og:image:width\" content=\"500\" \/>\n\t<meta property=\"og:image:height\" content=\"500\" \/>\n\t<meta property=\"og:image:type\" content=\"image\/jpeg\" \/>\n<meta name=\"twitter:card\" content=\"summary_large_image\" \/>\n<meta name=\"twitter:label1\" content=\"Gesch\u00e4tzte Lesezeit\" \/>\n\t<meta name=\"twitter:data1\" content=\"1\u00a0Minute\" \/>\n<script type=\"application\/ld+json\" class=\"yoast-schema-graph\">{\"@context\":\"https:\\\/\\\/schema.org\",\"@graph\":[{\"@type\":\"WebPage\",\"@id\":\"https:\\\/\\\/marktxxl.de\\\/markt\\\/produkt\\\/infantino-lil-nibbles-beissring-aus-weichem-silikon-bpa-freier-multi-texturierter-beissring-fuer-die-sensorische-entwicklung-zahnungshilfe-mit-leicht-zu-haltenden-griffen\\\/\",\"url\":\"https:\\\/\\\/marktxxl.de\\\/markt\\\/produkt\\\/infantino-lil-nibbles-beissring-aus-weichem-silikon-bpa-freier-multi-texturierter-beissring-fuer-die-sensorische-entwicklung-zahnungshilfe-mit-leicht-zu-haltenden-griffen\\\/\",\"name\":\"Infantino Lil' Nibble Teether Pea Pod - Silicone Soft-Textured teether for Sensory Exploration and Teething Relief, with\u2026 - Markt-XXL\",\"isPartOf\":{\"@id\":\"https:\\\/\\\/marktxxl.de\\\/markt\\\/#website\"},\"primaryImageOfPage\":{\"@id\":\"https:\\\/\\\/marktxxl.de\\\/markt\\\/produkt\\\/infantino-lil-nibbles-beissring-aus-weichem-silikon-bpa-freier-multi-texturierter-beissring-fuer-die-sensorische-entwicklung-zahnungshilfe-mit-leicht-zu-haltenden-griffen\\\/#primaryimage\"},\"image\":{\"@id\":\"https:\\\/\\\/marktxxl.de\\\/markt\\\/produkt\\\/infantino-lil-nibbles-beissring-aus-weichem-silikon-bpa-freier-multi-texturierter-beissring-fuer-die-sensorische-entwicklung-zahnungshilfe-mit-leicht-zu-haltenden-griffen\\\/#primaryimage\"},\"thumbnailUrl\":\"https:\\\/\\\/m.media-amazon.com\\\/images\\\/I\\\/31XsHEAP0bL._SL500_.jpg\",\"datePublished\":\"2022-05-14T20:58:34+00:00\",\"dateModified\":\"2023-04-10T01:44:48+00:00\",\"description\":\"Markt-XXL Infantino Lil' Nibble Teether Pea Pod - Silicone Soft-Textured teether for Sensory Exploration and Teething Relief, with\u2026\",\"breadcrumb\":{\"@id\":\"https:\\\/\\\/marktxxl.de\\\/markt\\\/produkt\\\/infantino-lil-nibbles-beissring-aus-weichem-silikon-bpa-freier-multi-texturierter-beissring-fuer-die-sensorische-entwicklung-zahnungshilfe-mit-leicht-zu-haltenden-griffen\\\/#breadcrumb\"},\"inLanguage\":\"de\",\"potentialAction\":[{\"@type\":\"ReadAction\",\"target\":[\"https:\\\/\\\/marktxxl.de\\\/markt\\\/produkt\\\/infantino-lil-nibbles-beissring-aus-weichem-silikon-bpa-freier-multi-texturierter-beissring-fuer-die-sensorische-entwicklung-zahnungshilfe-mit-leicht-zu-haltenden-griffen\\\/\"]}]},{\"@type\":\"ImageObject\",\"inLanguage\":\"de\",\"@id\":\"https:\\\/\\\/marktxxl.de\\\/markt\\\/produkt\\\/infantino-lil-nibbles-beissring-aus-weichem-silikon-bpa-freier-multi-texturierter-beissring-fuer-die-sensorische-entwicklung-zahnungshilfe-mit-leicht-zu-haltenden-griffen\\\/#primaryimage\",\"url\":\"https:\\\/\\\/m.media-amazon.com\\\/images\\\/I\\\/31XsHEAP0bL._SL500_.jpg\",\"contentUrl\":\"https:\\\/\\\/m.media-amazon.com\\\/images\\\/I\\\/31XsHEAP0bL._SL500_.jpg\",\"width\":500,\"height\":500},{\"@type\":\"BreadcrumbList\",\"@id\":\"https:\\\/\\\/marktxxl.de\\\/markt\\\/produkt\\\/infantino-lil-nibbles-beissring-aus-weichem-silikon-bpa-freier-multi-texturierter-beissring-fuer-die-sensorische-entwicklung-zahnungshilfe-mit-leicht-zu-haltenden-griffen\\\/#breadcrumb\",\"itemListElement\":[{\"@type\":\"ListItem\",\"position\":1,\"name\":\"Startseite\",\"item\":\"https:\\\/\\\/marktxxl.de\\\/markt\\\/\"},{\"@type\":\"ListItem\",\"position\":2,\"name\":\"Markt\",\"item\":\"https:\\\/\\\/marktxxl.de\\\/markt\\\/\"},{\"@type\":\"ListItem\",\"position\":3,\"name\":\"Infantino Lil&#8217; Nibble Teether Pea Pod &#8211; Silicone Soft-Textured teether for Sensory Exploration and Teething Relief, with\u2026\"}]},{\"@type\":\"WebSite\",\"@id\":\"https:\\\/\\\/marktxxl.de\\\/markt\\\/#website\",\"url\":\"https:\\\/\\\/marktxxl.de\\\/markt\\\/\",\"name\":\"Markt-XXL\",\"description\":\"Ihr Markt Online\",\"publisher\":{\"@id\":\"https:\\\/\\\/marktxxl.de\\\/markt\\\/#organization\"},\"potentialAction\":[{\"@type\":\"SearchAction\",\"target\":{\"@type\":\"EntryPoint\",\"urlTemplate\":\"https:\\\/\\\/marktxxl.de\\\/markt\\\/?s={search_term_string}\"},\"query-input\":{\"@type\":\"PropertyValueSpecification\",\"valueRequired\":true,\"valueName\":\"search_term_string\"}}],\"inLanguage\":\"de\"},{\"@type\":\"Organization\",\"@id\":\"https:\\\/\\\/marktxxl.de\\\/markt\\\/#organization\",\"name\":\"Markt-XXL\",\"url\":\"https:\\\/\\\/marktxxl.de\\\/markt\\\/\",\"logo\":{\"@type\":\"ImageObject\",\"inLanguage\":\"de\",\"@id\":\"https:\\\/\\\/marktxxl.de\\\/markt\\\/#\\\/schema\\\/logo\\\/image\\\/\",\"url\":\"https:\\\/\\\/marktxxl.de\\\/markt\\\/wp-content\\\/uploads\\\/sites\\\/3\\\/2020\\\/12\\\/logo.png\",\"contentUrl\":\"https:\\\/\\\/marktxxl.de\\\/markt\\\/wp-content\\\/uploads\\\/sites\\\/3\\\/2020\\\/12\\\/logo.png\",\"width\":200,\"height\":70,\"caption\":\"Markt-XXL\"},\"image\":{\"@id\":\"https:\\\/\\\/marktxxl.de\\\/markt\\\/#\\\/schema\\\/logo\\\/image\\\/\"}}]}<\/script>\n<!-- \/ Yoast SEO plugin. -->","yoast_head_json":{"title":"Infantino Lil' Nibble Teether Pea Pod - Silicone Soft-Textured teether for Sensory Exploration and Teething Relief, with\u2026 - Markt-XXL","description":"Markt-XXL Infantino Lil' Nibble Teether Pea Pod - Silicone Soft-Textured teether for Sensory Exploration and Teething Relief, with\u2026","robots":{"index":"index","follow":"follow","max-snippet":"max-snippet:-1","max-image-preview":"max-image-preview:large","max-video-preview":"max-video-preview:-1"},"canonical":"https:\/\/marktxxl.de\/markt\/produkt\/infantino-lil-nibbles-beissring-aus-weichem-silikon-bpa-freier-multi-texturierter-beissring-fuer-die-sensorische-entwicklung-zahnungshilfe-mit-leicht-zu-haltenden-griffen\/","og_locale":"de_DE","og_type":"article","og_title":"Infantino Lil' Nibble Teether Pea Pod - Silicone Soft-Textured teether for Sensory Exploration and Teething Relief, with\u2026 - Markt-XXL","og_description":"Markt-XXL Infantino Lil' Nibble Teether Pea Pod - Silicone Soft-Textured teether for Sensory Exploration and Teething Relief, with\u2026","og_url":"https:\/\/marktxxl.de\/markt\/produkt\/infantino-lil-nibbles-beissring-aus-weichem-silikon-bpa-freier-multi-texturierter-beissring-fuer-die-sensorische-entwicklung-zahnungshilfe-mit-leicht-zu-haltenden-griffen\/","og_site_name":"Markt-XXL","article_modified_time":"2023-04-10T01:44:48+00:00","og_image":[{"width":500,"height":500,"url":"https:\/\/m.media-amazon.com\/images\/I\/31XsHEAP0bL._SL500_.jpg","type":"image\/jpeg"}],"twitter_card":"summary_large_image","twitter_misc":{"Gesch\u00e4tzte Lesezeit":"1\u00a0Minute"},"schema":{"@context":"https:\/\/schema.org","@graph":[{"@type":"WebPage","@id":"https:\/\/marktxxl.de\/markt\/produkt\/infantino-lil-nibbles-beissring-aus-weichem-silikon-bpa-freier-multi-texturierter-beissring-fuer-die-sensorische-entwicklung-zahnungshilfe-mit-leicht-zu-haltenden-griffen\/","url":"https:\/\/marktxxl.de\/markt\/produkt\/infantino-lil-nibbles-beissring-aus-weichem-silikon-bpa-freier-multi-texturierter-beissring-fuer-die-sensorische-entwicklung-zahnungshilfe-mit-leicht-zu-haltenden-griffen\/","name":"Infantino Lil' Nibble Teether Pea Pod - Silicone Soft-Textured teether for Sensory Exploration and Teething Relief, with\u2026 - Markt-XXL","isPartOf":{"@id":"https:\/\/marktxxl.de\/markt\/#website"},"primaryImageOfPage":{"@id":"https:\/\/marktxxl.de\/markt\/produkt\/infantino-lil-nibbles-beissring-aus-weichem-silikon-bpa-freier-multi-texturierter-beissring-fuer-die-sensorische-entwicklung-zahnungshilfe-mit-leicht-zu-haltenden-griffen\/#primaryimage"},"image":{"@id":"https:\/\/marktxxl.de\/markt\/produkt\/infantino-lil-nibbles-beissring-aus-weichem-silikon-bpa-freier-multi-texturierter-beissring-fuer-die-sensorische-entwicklung-zahnungshilfe-mit-leicht-zu-haltenden-griffen\/#primaryimage"},"thumbnailUrl":"https:\/\/m.media-amazon.com\/images\/I\/31XsHEAP0bL._SL500_.jpg","datePublished":"2022-05-14T20:58:34+00:00","dateModified":"2023-04-10T01:44:48+00:00","description":"Markt-XXL Infantino Lil' Nibble Teether Pea Pod - Silicone Soft-Textured teether for Sensory Exploration and Teething Relief, with\u2026","breadcrumb":{"@id":"https:\/\/marktxxl.de\/markt\/produkt\/infantino-lil-nibbles-beissring-aus-weichem-silikon-bpa-freier-multi-texturierter-beissring-fuer-die-sensorische-entwicklung-zahnungshilfe-mit-leicht-zu-haltenden-griffen\/#breadcrumb"},"inLanguage":"de","potentialAction":[{"@type":"ReadAction","target":["https:\/\/marktxxl.de\/markt\/produkt\/infantino-lil-nibbles-beissring-aus-weichem-silikon-bpa-freier-multi-texturierter-beissring-fuer-die-sensorische-entwicklung-zahnungshilfe-mit-leicht-zu-haltenden-griffen\/"]}]},{"@type":"ImageObject","inLanguage":"de","@id":"https:\/\/marktxxl.de\/markt\/produkt\/infantino-lil-nibbles-beissring-aus-weichem-silikon-bpa-freier-multi-texturierter-beissring-fuer-die-sensorische-entwicklung-zahnungshilfe-mit-leicht-zu-haltenden-griffen\/#primaryimage","url":"https:\/\/m.media-amazon.com\/images\/I\/31XsHEAP0bL._SL500_.jpg","contentUrl":"https:\/\/m.media-amazon.com\/images\/I\/31XsHEAP0bL._SL500_.jpg","width":500,"height":500},{"@type":"BreadcrumbList","@id":"https:\/\/marktxxl.de\/markt\/produkt\/infantino-lil-nibbles-beissring-aus-weichem-silikon-bpa-freier-multi-texturierter-beissring-fuer-die-sensorische-entwicklung-zahnungshilfe-mit-leicht-zu-haltenden-griffen\/#breadcrumb","itemListElement":[{"@type":"ListItem","position":1,"name":"Startseite","item":"https:\/\/marktxxl.de\/markt\/"},{"@type":"ListItem","position":2,"name":"Markt","item":"https:\/\/marktxxl.de\/markt\/"},{"@type":"ListItem","position":3,"name":"Infantino Lil&#8217; Nibble Teether Pea Pod &#8211; Silicone Soft-Textured teether for Sensory Exploration and Teething Relief, with\u2026"}]},{"@type":"WebSite","@id":"https:\/\/marktxxl.de\/markt\/#website","url":"https:\/\/marktxxl.de\/markt\/","name":"Markt-XXL","description":"Ihr Markt Online","publisher":{"@id":"https:\/\/marktxxl.de\/markt\/#organization"},"potentialAction":[{"@type":"SearchAction","target":{"@type":"EntryPoint","urlTemplate":"https:\/\/marktxxl.de\/markt\/?s={search_term_string}"},"query-input":{"@type":"PropertyValueSpecification","valueRequired":true,"valueName":"search_term_string"}}],"inLanguage":"de"},{"@type":"Organization","@id":"https:\/\/marktxxl.de\/markt\/#organization","name":"Markt-XXL","url":"https:\/\/marktxxl.de\/markt\/","logo":{"@type":"ImageObject","inLanguage":"de","@id":"https:\/\/marktxxl.de\/markt\/#\/schema\/logo\/image\/","url":"https:\/\/marktxxl.de\/markt\/wp-content\/uploads\/sites\/3\/2020\/12\/logo.png","contentUrl":"https:\/\/marktxxl.de\/markt\/wp-content\/uploads\/sites\/3\/2020\/12\/logo.png","width":200,"height":70,"caption":"Markt-XXL"},"image":{"@id":"https:\/\/marktxxl.de\/markt\/#\/schema\/logo\/image\/"}}]}},"_links":{"self":[{"href":"https:\/\/marktxxl.de\/markt\/wp-json\/wp\/v2\/product\/114888","targetHints":{"allow":["GET"]}}],"collection":[{"href":"https:\/\/marktxxl.de\/markt\/wp-json\/wp\/v2\/product"}],"about":[{"href":"https:\/\/marktxxl.de\/markt\/wp-json\/wp\/v2\/types\/product"}],"replies":[{"embeddable":true,"href":"https:\/\/marktxxl.de\/markt\/wp-json\/wp\/v2\/comments?post=114888"}],"wp:featuredmedia":[{"embeddable":true,"href":"https:\/\/marktxxl.de\/markt\/wp-json\/wp\/v2\/media\/114889"}],"wp:attachment":[{"href":"https:\/\/marktxxl.de\/markt\/wp-json\/wp\/v2\/media?parent=114888"}],"wp:term":[{"taxonomy":"product_brand","embeddable":true,"href":"https:\/\/marktxxl.de\/markt\/wp-json\/wp\/v2\/product_brand?post=114888"},{"taxonomy":"product_cat","embeddable":true,"href":"https:\/\/marktxxl.de\/markt\/wp-json\/wp\/v2\/product_cat?post=114888"},{"taxonomy":"product_tag","embeddable":true,"href":"https:\/\/marktxxl.de\/markt\/wp-json\/wp\/v2\/product_tag?post=114888"}],"curies":[{"name":"wp","href":"https:\/\/api.w.org\/{rel}","templated":true}]}}