{"id":114636,"date":"2022-05-14T22:46:36","date_gmt":"2022-05-14T20:46:36","guid":{"rendered":"https:\/\/marktxxl.de\/markt\/produkt\/philips-avent-scd580-00-babyphone-smart-eco-mode-sternenhimmel-projektor\/"},"modified":"2023-04-11T03:41:32","modified_gmt":"2023-04-11T01:41:32","slug":"philips-avent-scd580-00-babyphone-smart-eco-mode-sternenhimmel-projektor","status":"publish","type":"product","link":"https:\/\/marktxxl.de\/markt\/produkt\/philips-avent-scd580-00-babyphone-smart-eco-mode-sternenhimmel-projektor\/","title":{"rendered":"Philips Avent SCD580\/00 Babyphone (Smart Eco Mode, Sternenhimmel-Projektor)"},"content":{"rendered":"<p>Das Philips AVENT DECT Babyphone SCD580\/00 mit Smart Eco Mode bietet zus\u00e4tzlichen Komfort f\u00fcr Sie und Ihr Baby. Sie k\u00f6nnen sich als Eltern entspannt zur\u00fccklehnen, mit dem Wissen, dass es Ihrem Baby gut geht, selbst wenn Sie nicht im gleichen Zimmer sind.<br \/>\nIst Ihr Baby noch unruhig, nachdem Sie es zu Bett gebracht haben, k\u00f6nnen Sie es durch die Sternenhimmel-Projektion beruhigen und sanft in den Schlaf wiegen. Ihr Baby wird es lieben!<br \/>\nDas Babyphone verf\u00fcgt \u00fcber einen MP3-Anschluss zur Wiedergabe Ihrer eigenen Auswahl an Liedern. Zus\u00e4tzlich das Philips AVENT Babyphone 5 beruhigende Einschlaflieder, damit Ihr Baby sanft einschlummern kann.<br \/>\nMit dem kombinierten Feuchtigkeits- und Temperatursensor k\u00f6nnen Sie das Raumklima im Zimmer Ihres Babys \u00fcberwachen.<br \/>\nLieferumfang: 1 Elterneinheit, 2 AA-Batterien; 1 Babyeinheit<br \/>\n<div class=\"main-cross-sell\" data-asin=\"B00E6QIV7S\">\n\n\t<div class=\"WooZone-cross-sell-loader\">\n\t\t<div>\n\t\t\t<div id=\"floatingBarsG\">\n\t\t\t\t<div class=\"blockG\" id=\"rotateG_01\"><\/div>\n\t\t\t\t<div class=\"blockG\" id=\"rotateG_02\"><\/div>\n\t\t\t\t<div class=\"blockG\" id=\"rotateG_03\"><\/div>\n\t\t\t\t<div class=\"blockG\" id=\"rotateG_04\"><\/div>\n\t\t\t\t<div class=\"blockG\" id=\"rotateG_05\"><\/div>\n\t\t\t\t<div class=\"blockG\" id=\"rotateG_06\"><\/div>\n\t\t\t\t<div class=\"blockG\" id=\"rotateG_07\"><\/div>\n\t\t\t\t<div class=\"blockG\" id=\"rotateG_08\"><\/div>\n\t\t\t<\/div>\n\t\t\t<div class=\"WooZone-cross-sell-loader-text\"><\/div>\n\t\t<\/div>\n\t<\/div>\n\n\t\t\n<\/div>\n<div style=\"clear:both;\"><\/div><\/p>\n","protected":false},"excerpt":{"rendered":"<p>Das Philips AVENT DECT Babyphone SCD580\/00 mit Smart Eco Mode bietet zus\u00e4tzlichen Komfort f\u00fcr Sie und Ihr Baby. Sie k\u00f6nnen sich als Eltern entspannt zur\u00fccklehnen, mit dem Wissen, dass es Ihrem Baby gut geht, selbst wenn Sie nicht im gleichen Zimmer sind.<br \/>\nIst Ihr Baby noch unruhig, nachdem Sie es zu Bett gebracht haben, k\u00f6nnen Sie es durch die Sternenhimmel-Projektion beruhigen und sanft in den Schlaf wiegen. Ihr Baby wird es lieben!<br \/>\nDas Babyphone verf\u00fcgt \u00fcber einen MP3-Anschluss zur Wiedergabe Ihrer eigenen Auswahl an Liedern. Zus\u00e4tzlich das Philips AVENT Babyphone 5 beruhigende Einschlaflieder, damit Ihr Baby sanft einschlummern kann.<\/p>\n","protected":false},"featured_media":114637,"comment_status":"open","ping_status":"closed","template":"","meta":[],"product_brand":[],"product_cat":[21,9378],"product_tag":[],"class_list":{"0":"post-114636","1":"product","2":"type-product","3":"status-publish","4":"has-post-thumbnail","6":"product_cat-baby","7":"product_cat-sicherheit-baby","8":"pa_binding-babyartikel","9":"pa_brand-philips-avent","10":"pa_color-weiss","11":"pa_height-6-14-zoll","12":"pa_languages-handbuch-deutsch-handbuch-spanisch-handbuch-englisch-handbuch-franzoesisch-handbuch-italienisch-handbuch-portugiesisch-unbekannt-italienisch","13":"pa_length-3-78-zoll","14":"pa_manufacturer-philips-avent","15":"pa_model-scd580-00","16":"pa_size-1-stueck-1er-pack","17":"pa_warranty-fuer-weitere-informationen-besuchen-sie-bitte-den-bereich-allgemeine-geschaeftsbedingungen","18":"pa_weight-2-0723452628-pfund","19":"pa_width-8-66-zoll","21":"first","22":"instock","23":"shipping-taxable","24":"purchasable","25":"product-type-simple","26":"customify-col","27":"product-has-gallery"},"yoast_head":"<!-- This site is optimized with the Yoast SEO plugin v27.3 - https:\/\/yoast.com\/product\/yoast-seo-wordpress\/ -->\n<title>Philips Avent SCD580\/00 Babyphone (Smart Eco Mode, Sternenhimmel-Projektor) - Markt-XXL<\/title>\n<meta name=\"description\" content=\"Markt-XXL Philips Avent SCD580\/00 Babyphone (Smart Eco Mode, Sternenhimmel-Projektor)\" \/>\n<meta name=\"robots\" content=\"index, follow, max-snippet:-1, max-image-preview:large, max-video-preview:-1\" \/>\n<link rel=\"canonical\" href=\"https:\/\/marktxxl.de\/markt\/produkt\/philips-avent-scd580-00-babyphone-smart-eco-mode-sternenhimmel-projektor\/\" \/>\n<meta property=\"og:locale\" content=\"de_DE\" \/>\n<meta property=\"og:type\" content=\"article\" \/>\n<meta property=\"og:title\" content=\"Philips Avent SCD580\/00 Babyphone (Smart Eco Mode, Sternenhimmel-Projektor) - Markt-XXL\" \/>\n<meta property=\"og:description\" content=\"Markt-XXL Philips Avent SCD580\/00 Babyphone (Smart Eco Mode, Sternenhimmel-Projektor)\" \/>\n<meta property=\"og:url\" content=\"https:\/\/marktxxl.de\/markt\/produkt\/philips-avent-scd580-00-babyphone-smart-eco-mode-sternenhimmel-projektor\/\" \/>\n<meta property=\"og:site_name\" content=\"Markt-XXL\" \/>\n<meta property=\"article:modified_time\" content=\"2023-04-11T01:41:32+00:00\" \/>\n<meta property=\"og:image\" content=\"https:\/\/m.media-amazon.com\/images\/I\/51oilRGf+yL._SL500_.jpg\" \/>\n\t<meta property=\"og:image:width\" content=\"500\" \/>\n\t<meta property=\"og:image:height\" content=\"279\" \/>\n\t<meta property=\"og:image:type\" content=\"image\/jpeg\" \/>\n<meta name=\"twitter:card\" content=\"summary_large_image\" \/>\n<meta name=\"twitter:label1\" content=\"Gesch\u00e4tzte Lesezeit\" \/>\n\t<meta name=\"twitter:data1\" content=\"1\u00a0Minute\" \/>\n<script type=\"application\/ld+json\" class=\"yoast-schema-graph\">{\"@context\":\"https:\\\/\\\/schema.org\",\"@graph\":[{\"@type\":\"WebPage\",\"@id\":\"https:\\\/\\\/marktxxl.de\\\/markt\\\/produkt\\\/philips-avent-scd580-00-babyphone-smart-eco-mode-sternenhimmel-projektor\\\/\",\"url\":\"https:\\\/\\\/marktxxl.de\\\/markt\\\/produkt\\\/philips-avent-scd580-00-babyphone-smart-eco-mode-sternenhimmel-projektor\\\/\",\"name\":\"Philips Avent SCD580\\\/00 Babyphone (Smart Eco Mode, Sternenhimmel-Projektor) - Markt-XXL\",\"isPartOf\":{\"@id\":\"https:\\\/\\\/marktxxl.de\\\/markt\\\/#website\"},\"primaryImageOfPage\":{\"@id\":\"https:\\\/\\\/marktxxl.de\\\/markt\\\/produkt\\\/philips-avent-scd580-00-babyphone-smart-eco-mode-sternenhimmel-projektor\\\/#primaryimage\"},\"image\":{\"@id\":\"https:\\\/\\\/marktxxl.de\\\/markt\\\/produkt\\\/philips-avent-scd580-00-babyphone-smart-eco-mode-sternenhimmel-projektor\\\/#primaryimage\"},\"thumbnailUrl\":\"https:\\\/\\\/m.media-amazon.com\\\/images\\\/I\\\/51oilRGf+yL._SL500_.jpg\",\"datePublished\":\"2022-05-14T20:46:36+00:00\",\"dateModified\":\"2023-04-11T01:41:32+00:00\",\"description\":\"Markt-XXL Philips Avent SCD580\\\/00 Babyphone (Smart Eco Mode, Sternenhimmel-Projektor)\",\"breadcrumb\":{\"@id\":\"https:\\\/\\\/marktxxl.de\\\/markt\\\/produkt\\\/philips-avent-scd580-00-babyphone-smart-eco-mode-sternenhimmel-projektor\\\/#breadcrumb\"},\"inLanguage\":\"de\",\"potentialAction\":[{\"@type\":\"ReadAction\",\"target\":[\"https:\\\/\\\/marktxxl.de\\\/markt\\\/produkt\\\/philips-avent-scd580-00-babyphone-smart-eco-mode-sternenhimmel-projektor\\\/\"]}]},{\"@type\":\"ImageObject\",\"inLanguage\":\"de\",\"@id\":\"https:\\\/\\\/marktxxl.de\\\/markt\\\/produkt\\\/philips-avent-scd580-00-babyphone-smart-eco-mode-sternenhimmel-projektor\\\/#primaryimage\",\"url\":\"https:\\\/\\\/m.media-amazon.com\\\/images\\\/I\\\/51oilRGf+yL._SL500_.jpg\",\"contentUrl\":\"https:\\\/\\\/m.media-amazon.com\\\/images\\\/I\\\/51oilRGf+yL._SL500_.jpg\",\"width\":500,\"height\":279},{\"@type\":\"BreadcrumbList\",\"@id\":\"https:\\\/\\\/marktxxl.de\\\/markt\\\/produkt\\\/philips-avent-scd580-00-babyphone-smart-eco-mode-sternenhimmel-projektor\\\/#breadcrumb\",\"itemListElement\":[{\"@type\":\"ListItem\",\"position\":1,\"name\":\"Startseite\",\"item\":\"https:\\\/\\\/marktxxl.de\\\/markt\\\/\"},{\"@type\":\"ListItem\",\"position\":2,\"name\":\"Markt\",\"item\":\"https:\\\/\\\/marktxxl.de\\\/markt\\\/\"},{\"@type\":\"ListItem\",\"position\":3,\"name\":\"Philips Avent SCD580\\\/00 Babyphone (Smart Eco Mode, Sternenhimmel-Projektor)\"}]},{\"@type\":\"WebSite\",\"@id\":\"https:\\\/\\\/marktxxl.de\\\/markt\\\/#website\",\"url\":\"https:\\\/\\\/marktxxl.de\\\/markt\\\/\",\"name\":\"Markt-XXL\",\"description\":\"Ihr Markt Online\",\"publisher\":{\"@id\":\"https:\\\/\\\/marktxxl.de\\\/markt\\\/#organization\"},\"potentialAction\":[{\"@type\":\"SearchAction\",\"target\":{\"@type\":\"EntryPoint\",\"urlTemplate\":\"https:\\\/\\\/marktxxl.de\\\/markt\\\/?s={search_term_string}\"},\"query-input\":{\"@type\":\"PropertyValueSpecification\",\"valueRequired\":true,\"valueName\":\"search_term_string\"}}],\"inLanguage\":\"de\"},{\"@type\":\"Organization\",\"@id\":\"https:\\\/\\\/marktxxl.de\\\/markt\\\/#organization\",\"name\":\"Markt-XXL\",\"url\":\"https:\\\/\\\/marktxxl.de\\\/markt\\\/\",\"logo\":{\"@type\":\"ImageObject\",\"inLanguage\":\"de\",\"@id\":\"https:\\\/\\\/marktxxl.de\\\/markt\\\/#\\\/schema\\\/logo\\\/image\\\/\",\"url\":\"https:\\\/\\\/marktxxl.de\\\/markt\\\/wp-content\\\/uploads\\\/sites\\\/3\\\/2020\\\/12\\\/logo.png\",\"contentUrl\":\"https:\\\/\\\/marktxxl.de\\\/markt\\\/wp-content\\\/uploads\\\/sites\\\/3\\\/2020\\\/12\\\/logo.png\",\"width\":200,\"height\":70,\"caption\":\"Markt-XXL\"},\"image\":{\"@id\":\"https:\\\/\\\/marktxxl.de\\\/markt\\\/#\\\/schema\\\/logo\\\/image\\\/\"}}]}<\/script>\n<!-- \/ Yoast SEO plugin. -->","yoast_head_json":{"title":"Philips Avent SCD580\/00 Babyphone (Smart Eco Mode, Sternenhimmel-Projektor) - Markt-XXL","description":"Markt-XXL Philips Avent SCD580\/00 Babyphone (Smart Eco Mode, Sternenhimmel-Projektor)","robots":{"index":"index","follow":"follow","max-snippet":"max-snippet:-1","max-image-preview":"max-image-preview:large","max-video-preview":"max-video-preview:-1"},"canonical":"https:\/\/marktxxl.de\/markt\/produkt\/philips-avent-scd580-00-babyphone-smart-eco-mode-sternenhimmel-projektor\/","og_locale":"de_DE","og_type":"article","og_title":"Philips Avent SCD580\/00 Babyphone (Smart Eco Mode, Sternenhimmel-Projektor) - Markt-XXL","og_description":"Markt-XXL Philips Avent SCD580\/00 Babyphone (Smart Eco Mode, Sternenhimmel-Projektor)","og_url":"https:\/\/marktxxl.de\/markt\/produkt\/philips-avent-scd580-00-babyphone-smart-eco-mode-sternenhimmel-projektor\/","og_site_name":"Markt-XXL","article_modified_time":"2023-04-11T01:41:32+00:00","og_image":[{"width":500,"height":279,"url":"https:\/\/m.media-amazon.com\/images\/I\/51oilRGf+yL._SL500_.jpg","type":"image\/jpeg"}],"twitter_card":"summary_large_image","twitter_misc":{"Gesch\u00e4tzte Lesezeit":"1\u00a0Minute"},"schema":{"@context":"https:\/\/schema.org","@graph":[{"@type":"WebPage","@id":"https:\/\/marktxxl.de\/markt\/produkt\/philips-avent-scd580-00-babyphone-smart-eco-mode-sternenhimmel-projektor\/","url":"https:\/\/marktxxl.de\/markt\/produkt\/philips-avent-scd580-00-babyphone-smart-eco-mode-sternenhimmel-projektor\/","name":"Philips Avent SCD580\/00 Babyphone (Smart Eco Mode, Sternenhimmel-Projektor) - Markt-XXL","isPartOf":{"@id":"https:\/\/marktxxl.de\/markt\/#website"},"primaryImageOfPage":{"@id":"https:\/\/marktxxl.de\/markt\/produkt\/philips-avent-scd580-00-babyphone-smart-eco-mode-sternenhimmel-projektor\/#primaryimage"},"image":{"@id":"https:\/\/marktxxl.de\/markt\/produkt\/philips-avent-scd580-00-babyphone-smart-eco-mode-sternenhimmel-projektor\/#primaryimage"},"thumbnailUrl":"https:\/\/m.media-amazon.com\/images\/I\/51oilRGf+yL._SL500_.jpg","datePublished":"2022-05-14T20:46:36+00:00","dateModified":"2023-04-11T01:41:32+00:00","description":"Markt-XXL Philips Avent SCD580\/00 Babyphone (Smart Eco Mode, Sternenhimmel-Projektor)","breadcrumb":{"@id":"https:\/\/marktxxl.de\/markt\/produkt\/philips-avent-scd580-00-babyphone-smart-eco-mode-sternenhimmel-projektor\/#breadcrumb"},"inLanguage":"de","potentialAction":[{"@type":"ReadAction","target":["https:\/\/marktxxl.de\/markt\/produkt\/philips-avent-scd580-00-babyphone-smart-eco-mode-sternenhimmel-projektor\/"]}]},{"@type":"ImageObject","inLanguage":"de","@id":"https:\/\/marktxxl.de\/markt\/produkt\/philips-avent-scd580-00-babyphone-smart-eco-mode-sternenhimmel-projektor\/#primaryimage","url":"https:\/\/m.media-amazon.com\/images\/I\/51oilRGf+yL._SL500_.jpg","contentUrl":"https:\/\/m.media-amazon.com\/images\/I\/51oilRGf+yL._SL500_.jpg","width":500,"height":279},{"@type":"BreadcrumbList","@id":"https:\/\/marktxxl.de\/markt\/produkt\/philips-avent-scd580-00-babyphone-smart-eco-mode-sternenhimmel-projektor\/#breadcrumb","itemListElement":[{"@type":"ListItem","position":1,"name":"Startseite","item":"https:\/\/marktxxl.de\/markt\/"},{"@type":"ListItem","position":2,"name":"Markt","item":"https:\/\/marktxxl.de\/markt\/"},{"@type":"ListItem","position":3,"name":"Philips Avent SCD580\/00 Babyphone (Smart Eco Mode, Sternenhimmel-Projektor)"}]},{"@type":"WebSite","@id":"https:\/\/marktxxl.de\/markt\/#website","url":"https:\/\/marktxxl.de\/markt\/","name":"Markt-XXL","description":"Ihr Markt Online","publisher":{"@id":"https:\/\/marktxxl.de\/markt\/#organization"},"potentialAction":[{"@type":"SearchAction","target":{"@type":"EntryPoint","urlTemplate":"https:\/\/marktxxl.de\/markt\/?s={search_term_string}"},"query-input":{"@type":"PropertyValueSpecification","valueRequired":true,"valueName":"search_term_string"}}],"inLanguage":"de"},{"@type":"Organization","@id":"https:\/\/marktxxl.de\/markt\/#organization","name":"Markt-XXL","url":"https:\/\/marktxxl.de\/markt\/","logo":{"@type":"ImageObject","inLanguage":"de","@id":"https:\/\/marktxxl.de\/markt\/#\/schema\/logo\/image\/","url":"https:\/\/marktxxl.de\/markt\/wp-content\/uploads\/sites\/3\/2020\/12\/logo.png","contentUrl":"https:\/\/marktxxl.de\/markt\/wp-content\/uploads\/sites\/3\/2020\/12\/logo.png","width":200,"height":70,"caption":"Markt-XXL"},"image":{"@id":"https:\/\/marktxxl.de\/markt\/#\/schema\/logo\/image\/"}}]}},"_links":{"self":[{"href":"https:\/\/marktxxl.de\/markt\/wp-json\/wp\/v2\/product\/114636","targetHints":{"allow":["GET"]}}],"collection":[{"href":"https:\/\/marktxxl.de\/markt\/wp-json\/wp\/v2\/product"}],"about":[{"href":"https:\/\/marktxxl.de\/markt\/wp-json\/wp\/v2\/types\/product"}],"replies":[{"embeddable":true,"href":"https:\/\/marktxxl.de\/markt\/wp-json\/wp\/v2\/comments?post=114636"}],"wp:featuredmedia":[{"embeddable":true,"href":"https:\/\/marktxxl.de\/markt\/wp-json\/wp\/v2\/media\/114637"}],"wp:attachment":[{"href":"https:\/\/marktxxl.de\/markt\/wp-json\/wp\/v2\/media?parent=114636"}],"wp:term":[{"taxonomy":"product_brand","embeddable":true,"href":"https:\/\/marktxxl.de\/markt\/wp-json\/wp\/v2\/product_brand?post=114636"},{"taxonomy":"product_cat","embeddable":true,"href":"https:\/\/marktxxl.de\/markt\/wp-json\/wp\/v2\/product_cat?post=114636"},{"taxonomy":"product_tag","embeddable":true,"href":"https:\/\/marktxxl.de\/markt\/wp-json\/wp\/v2\/product_tag?post=114636"}],"curies":[{"name":"wp","href":"https:\/\/api.w.org\/{rel}","templated":true}]}}