{"id":114596,"date":"2022-05-14T22:43:39","date_gmt":"2022-05-14T20:43:39","guid":{"rendered":"https:\/\/marktxxl.de\/markt\/produkt\/babyphone-mit-kamera-baby-monitor-taktark-3-2-zoll-babyfon-mit-ferngesteuerter-pan-tilt-drehung-300-weitwinkel-kamera-mit-vox-funktion-infrarot-nachtsicht-gegensprechfunktiontemperaturs\/"},"modified":"2023-04-11T03:41:31","modified_gmt":"2023-04-11T01:41:31","slug":"babyphone-mit-kamera-baby-monitor-taktark-3-2-zoll-babyfon-mit-ferngesteuerter-pan-tilt-drehung-300-weitwinkel-kamera-mit-vox-funktion-infrarot-nachtsicht-gegensprechfunktiontemperaturs","status":"publish","type":"product","link":"https:\/\/marktxxl.de\/markt\/produkt\/babyphone-mit-kamera-baby-monitor-taktark-3-2-zoll-babyfon-mit-ferngesteuerter-pan-tilt-drehung-300-weitwinkel-kamera-mit-vox-funktion-infrarot-nachtsicht-gegensprechfunktiontemperaturs\/","title":{"rendered":"TakTark Babyphone mit Kamera, Baby Monitor 3.2&#8221; Zoll Babyfon mit Ferngesteuerter Pan-Tilt Drehung Weitwinkel Kamera\u2026"},"content":{"rendered":"<p>\u3010Eine gr\u00f6\u00dfere Ansicht\u3011Babyphone mit Kamera ist mit 3,2-Zoll-Bildschirm und Kamera 300\u00b0 horizontale Drehung 50\u00b0 vertikale Drehung ausgestattet, sodass Sie Ihr Baby immer aus allen Blickwinkeln klar sehen k\u00f6nnen, ohne zum Aufstellen der Kamera in das Zimmer Ihres Babys gehen zu m\u00fcssen. TakTark Babyphone es eingeschaltet werden kann, ohne einen Ton von sich zu geben, so dass Ihr Baby nicht aufgeweckt wird.<br \/>\n\u3010Gegensprechfunktion\u3011TakTark Babyphones mit Kamera erm\u00f6glichen eine Zwei-Wege-Kommunikation. Wenn Ihr Baby weint, k\u00f6nnen Sie es mit Ihrer Stimme tr\u00f6sten, indem Sie die Zwei-Wege-R\u00fcckmeldefunktion des Babyphones nutzen. Das Babyphone hat eine Signalreichweite von 260 Metern. Das Babyphone mit kamera ben\u00f6tigt kein WiFi, solange es an die Steckdose angeschlossen ist und das Ger\u00e4t eingeschaltet ist, Einfach zu bedienen. Ein gutes Produkt, das allen vielbesch\u00e4ftigten M\u00fcttern zu empfehlen ist !<br \/>\n\u3010VOX Modus u Nachtsicht\u3011Dieses kamera Babyphone verf\u00fcgt \u00fcber einen eingebauten 1150-mAh-Akku und hat eine extrem lange Standby-Zeit im VOX-Modus. Im VOX-Modus geht der Babyphone Bildschirm automatisch in den Ruhezustand, um Energie zu sparen. Der Bildschirm des Babyphones schaltet sich ein, wenn das Baby zu weinen beginnt. Babyphone mit Infrarot-Nachtsicht, diesem kabellosen Babyphone mit kamera k\u00f6nnen Sie Ihr Baby Tag und Nacht auch bei schlechten Lichtverh\u00e4ltnissen \u00fcberwachen.<br \/>\n\u3010Signalreichweite bis zu 260m\u3011Das Signal des Babyphones hat eine Reichweite von \u00fcber 260 Metern in einem ungehinderten, offenen Feld und wird auf 2,4 GHz Funkwellen \u00fcbertragen, so dass Sie sich in einem anderen Raum entspannen, fr\u00f6hlich unten kochen, die Sonne am Pool genie\u00dfen oder sogar ein entspanntes Barbecue mit Freunden auf der Terrasse veranstalten k\u00f6nnen, f\u00fcr noch mehr Spa\u00df und Genuss.<br \/>\n\u3010Garantie \u3011Wenn Sie mit unseren Produkten nicht zufrieden sind, k\u00f6nnen Sie sich jederzeit an uns wenden, um einen kostenlosen Ersatz oder eine vollst\u00e4ndige R\u00fcckerstattung zu erhalten. \u2605Bitte beachten Sie: Vor dem Gebrauch sollte das \u00dcberwachungsger\u00e4t (mit Akku) vollst\u00e4ndig aufgeladen sein und die Kamera (ohne Akku) sollte nur mit Netzkabel verwendet werden, wenn das Babyphone verwendet wird.<br \/>\n<div class=\"main-cross-sell\" data-asin=\"B09QKTLFYC\">\n\n\t<div class=\"WooZone-cross-sell-loader\">\n\t\t<div>\n\t\t\t<div id=\"floatingBarsG\">\n\t\t\t\t<div class=\"blockG\" id=\"rotateG_01\"><\/div>\n\t\t\t\t<div class=\"blockG\" id=\"rotateG_02\"><\/div>\n\t\t\t\t<div class=\"blockG\" id=\"rotateG_03\"><\/div>\n\t\t\t\t<div class=\"blockG\" id=\"rotateG_04\"><\/div>\n\t\t\t\t<div class=\"blockG\" id=\"rotateG_05\"><\/div>\n\t\t\t\t<div class=\"blockG\" id=\"rotateG_06\"><\/div>\n\t\t\t\t<div class=\"blockG\" id=\"rotateG_07\"><\/div>\n\t\t\t\t<div class=\"blockG\" id=\"rotateG_08\"><\/div>\n\t\t\t<\/div>\n\t\t\t<div class=\"WooZone-cross-sell-loader-text\"><\/div>\n\t\t<\/div>\n\t<\/div>\n\n\t\t\n<\/div>\n<div style=\"clear:both;\"><\/div><\/p>\n","protected":false},"excerpt":{"rendered":"<p>\u3010Eine gr\u00f6\u00dfere Ansicht\u3011Babyphone mit Kamera ist mit 3,2-Zoll-Bildschirm und Kamera 300\u00b0 horizontale Drehung 50\u00b0 vertikale Drehung ausgestattet, sodass Sie Ihr Baby immer aus allen Blickwinkeln klar sehen k\u00f6nnen, ohne zum Aufstellen der Kamera in das Zimmer Ihres Babys gehen zu m\u00fcssen. TakTark Babyphone es eingeschaltet werden kann, ohne einen Ton von sich zu geben, so dass Ihr Baby nicht aufgeweckt wird.<br \/>\n\u3010Gegensprechfunktion\u3011TakTark Babyphones mit Kamera erm\u00f6glichen eine Zwei-Wege-Kommunikation. Wenn Ihr Baby weint, k\u00f6nnen Sie es mit Ihrer Stimme tr\u00f6sten, indem Sie die Zwei-Wege-R\u00fcckmeldefunktion des Babyphones nutzen. Das Babyphone hat eine Signalreichweite von 260 Metern. Das Babyphone mit kamera ben\u00f6tigt kein WiFi, solange es an die Steckdose angeschlossen ist und das Ger\u00e4t eingeschaltet ist, Einfach zu bedienen. Ein gutes Produkt, das allen vielbesch\u00e4ftigten M\u00fcttern zu empfehlen ist !<br \/>\n\u3010VOX Modus u Nachtsicht\u3011Dieses kamera Babyphone verf\u00fcgt \u00fcber einen eingebauten 1150-mAh-Akku und hat eine extrem lange Standby-Zeit im VOX-Modus. Im VOX-Modus geht der Babyphone Bildschirm automatisch in den Ruhezustand, um Energie zu sparen. Der Bildschirm des Babyphones schaltet sich ein, wenn das Baby zu weinen beginnt. Babyphone mit Infrarot-Nachtsicht, diesem kabellosen Babyphone mit kamera k\u00f6nnen Sie Ihr Baby Tag und Nacht auch bei schlechten Lichtverh\u00e4ltnissen \u00fcberwachen.<\/p>\n","protected":false},"featured_media":114597,"comment_status":"open","ping_status":"closed","template":"","meta":[],"product_brand":[],"product_cat":[21,9378],"product_tag":[],"class_list":{"0":"post-114596","1":"product","2":"type-product","3":"status-publish","4":"has-post-thumbnail","6":"product_cat-baby","7":"product_cat-sicherheit-baby","8":"pa_brand-taktark","9":"pa_color-white","10":"pa_height-2-7559-zoll","11":"pa_length-7-04723-zoll","12":"pa_manufacturer-youbai","13":"pa_model-bm802","14":"pa_size-1-stueck-1er-pack","15":"pa_weight-1-34041055296-pfund","16":"pa_width-5-82676-zoll","18":"first","19":"instock","20":"shipping-taxable","21":"purchasable","22":"product-type-simple","23":"customify-col","24":"product-has-gallery"},"yoast_head":"<!-- This site is optimized with the Yoast SEO plugin v27.4 - https:\/\/yoast.com\/product\/yoast-seo-wordpress\/ -->\n<title>TakTark Babyphone mit Kamera, Baby Monitor 3.2&#039;&#039; Zoll Babyfon mit Ferngesteuerter Pan-Tilt Drehung Weitwinkel Kamera\u2026 - Markt-XXL<\/title>\n<meta name=\"description\" content=\"Markt-XXL TakTark Babyphone mit Kamera, Baby Monitor 3.2&#039;&#039; Zoll Babyfon mit Ferngesteuerter Pan-Tilt Drehung Weitwinkel Kamera\u2026\" \/>\n<meta name=\"robots\" content=\"index, follow, max-snippet:-1, max-image-preview:large, max-video-preview:-1\" \/>\n<link rel=\"canonical\" href=\"https:\/\/marktxxl.de\/markt\/produkt\/babyphone-mit-kamera-baby-monitor-taktark-3-2-zoll-babyfon-mit-ferngesteuerter-pan-tilt-drehung-300-weitwinkel-kamera-mit-vox-funktion-infrarot-nachtsicht-gegensprechfunktiontemperaturs\/\" \/>\n<meta property=\"og:locale\" content=\"de_DE\" \/>\n<meta property=\"og:type\" content=\"article\" \/>\n<meta property=\"og:title\" content=\"TakTark Babyphone mit Kamera, Baby Monitor 3.2&#039;&#039; Zoll Babyfon mit Ferngesteuerter Pan-Tilt Drehung Weitwinkel Kamera\u2026 - Markt-XXL\" \/>\n<meta property=\"og:description\" content=\"Markt-XXL TakTark Babyphone mit Kamera, Baby Monitor 3.2&#039;&#039; Zoll Babyfon mit Ferngesteuerter Pan-Tilt Drehung Weitwinkel Kamera\u2026\" \/>\n<meta property=\"og:url\" content=\"https:\/\/marktxxl.de\/markt\/produkt\/babyphone-mit-kamera-baby-monitor-taktark-3-2-zoll-babyfon-mit-ferngesteuerter-pan-tilt-drehung-300-weitwinkel-kamera-mit-vox-funktion-infrarot-nachtsicht-gegensprechfunktiontemperaturs\/\" \/>\n<meta property=\"og:site_name\" content=\"Markt-XXL\" \/>\n<meta property=\"article:modified_time\" content=\"2023-04-11T01:41:31+00:00\" \/>\n<meta property=\"og:image\" content=\"https:\/\/m.media-amazon.com\/images\/I\/41EJ8p9jnmL._SL500_.jpg\" \/>\n\t<meta property=\"og:image:width\" content=\"500\" \/>\n\t<meta property=\"og:image:height\" content=\"500\" \/>\n\t<meta property=\"og:image:type\" content=\"image\/jpeg\" \/>\n<meta name=\"twitter:card\" content=\"summary_large_image\" \/>\n<meta name=\"twitter:label1\" content=\"Gesch\u00e4tzte Lesezeit\" \/>\n\t<meta name=\"twitter:data1\" content=\"2\u00a0Minuten\" \/>\n<script type=\"application\/ld+json\" class=\"yoast-schema-graph\">{\"@context\":\"https:\\\/\\\/schema.org\",\"@graph\":[{\"@type\":\"WebPage\",\"@id\":\"https:\\\/\\\/marktxxl.de\\\/markt\\\/produkt\\\/babyphone-mit-kamera-baby-monitor-taktark-3-2-zoll-babyfon-mit-ferngesteuerter-pan-tilt-drehung-300-weitwinkel-kamera-mit-vox-funktion-infrarot-nachtsicht-gegensprechfunktiontemperaturs\\\/\",\"url\":\"https:\\\/\\\/marktxxl.de\\\/markt\\\/produkt\\\/babyphone-mit-kamera-baby-monitor-taktark-3-2-zoll-babyfon-mit-ferngesteuerter-pan-tilt-drehung-300-weitwinkel-kamera-mit-vox-funktion-infrarot-nachtsicht-gegensprechfunktiontemperaturs\\\/\",\"name\":\"TakTark Babyphone mit Kamera, Baby Monitor 3.2'' Zoll Babyfon mit Ferngesteuerter Pan-Tilt Drehung Weitwinkel Kamera\u2026 - Markt-XXL\",\"isPartOf\":{\"@id\":\"https:\\\/\\\/marktxxl.de\\\/markt\\\/#website\"},\"primaryImageOfPage\":{\"@id\":\"https:\\\/\\\/marktxxl.de\\\/markt\\\/produkt\\\/babyphone-mit-kamera-baby-monitor-taktark-3-2-zoll-babyfon-mit-ferngesteuerter-pan-tilt-drehung-300-weitwinkel-kamera-mit-vox-funktion-infrarot-nachtsicht-gegensprechfunktiontemperaturs\\\/#primaryimage\"},\"image\":{\"@id\":\"https:\\\/\\\/marktxxl.de\\\/markt\\\/produkt\\\/babyphone-mit-kamera-baby-monitor-taktark-3-2-zoll-babyfon-mit-ferngesteuerter-pan-tilt-drehung-300-weitwinkel-kamera-mit-vox-funktion-infrarot-nachtsicht-gegensprechfunktiontemperaturs\\\/#primaryimage\"},\"thumbnailUrl\":\"https:\\\/\\\/m.media-amazon.com\\\/images\\\/I\\\/41EJ8p9jnmL._SL500_.jpg\",\"datePublished\":\"2022-05-14T20:43:39+00:00\",\"dateModified\":\"2023-04-11T01:41:31+00:00\",\"description\":\"Markt-XXL TakTark Babyphone mit Kamera, Baby Monitor 3.2'' Zoll Babyfon mit Ferngesteuerter Pan-Tilt Drehung Weitwinkel Kamera\u2026\",\"breadcrumb\":{\"@id\":\"https:\\\/\\\/marktxxl.de\\\/markt\\\/produkt\\\/babyphone-mit-kamera-baby-monitor-taktark-3-2-zoll-babyfon-mit-ferngesteuerter-pan-tilt-drehung-300-weitwinkel-kamera-mit-vox-funktion-infrarot-nachtsicht-gegensprechfunktiontemperaturs\\\/#breadcrumb\"},\"inLanguage\":\"de\",\"potentialAction\":[{\"@type\":\"ReadAction\",\"target\":[\"https:\\\/\\\/marktxxl.de\\\/markt\\\/produkt\\\/babyphone-mit-kamera-baby-monitor-taktark-3-2-zoll-babyfon-mit-ferngesteuerter-pan-tilt-drehung-300-weitwinkel-kamera-mit-vox-funktion-infrarot-nachtsicht-gegensprechfunktiontemperaturs\\\/\"]}]},{\"@type\":\"ImageObject\",\"inLanguage\":\"de\",\"@id\":\"https:\\\/\\\/marktxxl.de\\\/markt\\\/produkt\\\/babyphone-mit-kamera-baby-monitor-taktark-3-2-zoll-babyfon-mit-ferngesteuerter-pan-tilt-drehung-300-weitwinkel-kamera-mit-vox-funktion-infrarot-nachtsicht-gegensprechfunktiontemperaturs\\\/#primaryimage\",\"url\":\"https:\\\/\\\/m.media-amazon.com\\\/images\\\/I\\\/41EJ8p9jnmL._SL500_.jpg\",\"contentUrl\":\"https:\\\/\\\/m.media-amazon.com\\\/images\\\/I\\\/41EJ8p9jnmL._SL500_.jpg\",\"width\":500,\"height\":500},{\"@type\":\"BreadcrumbList\",\"@id\":\"https:\\\/\\\/marktxxl.de\\\/markt\\\/produkt\\\/babyphone-mit-kamera-baby-monitor-taktark-3-2-zoll-babyfon-mit-ferngesteuerter-pan-tilt-drehung-300-weitwinkel-kamera-mit-vox-funktion-infrarot-nachtsicht-gegensprechfunktiontemperaturs\\\/#breadcrumb\",\"itemListElement\":[{\"@type\":\"ListItem\",\"position\":1,\"name\":\"Startseite\",\"item\":\"https:\\\/\\\/marktxxl.de\\\/markt\\\/\"},{\"@type\":\"ListItem\",\"position\":2,\"name\":\"Markt\",\"item\":\"https:\\\/\\\/marktxxl.de\\\/markt\\\/\"},{\"@type\":\"ListItem\",\"position\":3,\"name\":\"TakTark Babyphone mit Kamera, Baby Monitor 3.2&#8221; Zoll Babyfon mit Ferngesteuerter Pan-Tilt Drehung Weitwinkel Kamera\u2026\"}]},{\"@type\":\"WebSite\",\"@id\":\"https:\\\/\\\/marktxxl.de\\\/markt\\\/#website\",\"url\":\"https:\\\/\\\/marktxxl.de\\\/markt\\\/\",\"name\":\"Markt-XXL\",\"description\":\"Ihr Markt Online\",\"publisher\":{\"@id\":\"https:\\\/\\\/marktxxl.de\\\/markt\\\/#organization\"},\"potentialAction\":[{\"@type\":\"SearchAction\",\"target\":{\"@type\":\"EntryPoint\",\"urlTemplate\":\"https:\\\/\\\/marktxxl.de\\\/markt\\\/?s={search_term_string}\"},\"query-input\":{\"@type\":\"PropertyValueSpecification\",\"valueRequired\":true,\"valueName\":\"search_term_string\"}}],\"inLanguage\":\"de\"},{\"@type\":\"Organization\",\"@id\":\"https:\\\/\\\/marktxxl.de\\\/markt\\\/#organization\",\"name\":\"Markt-XXL\",\"url\":\"https:\\\/\\\/marktxxl.de\\\/markt\\\/\",\"logo\":{\"@type\":\"ImageObject\",\"inLanguage\":\"de\",\"@id\":\"https:\\\/\\\/marktxxl.de\\\/markt\\\/#\\\/schema\\\/logo\\\/image\\\/\",\"url\":\"https:\\\/\\\/marktxxl.de\\\/markt\\\/wp-content\\\/uploads\\\/sites\\\/3\\\/2020\\\/12\\\/logo.png\",\"contentUrl\":\"https:\\\/\\\/marktxxl.de\\\/markt\\\/wp-content\\\/uploads\\\/sites\\\/3\\\/2020\\\/12\\\/logo.png\",\"width\":200,\"height\":70,\"caption\":\"Markt-XXL\"},\"image\":{\"@id\":\"https:\\\/\\\/marktxxl.de\\\/markt\\\/#\\\/schema\\\/logo\\\/image\\\/\"}}]}<\/script>\n<!-- \/ Yoast SEO plugin. -->","yoast_head_json":{"title":"TakTark Babyphone mit Kamera, Baby Monitor 3.2'' Zoll Babyfon mit Ferngesteuerter Pan-Tilt Drehung Weitwinkel Kamera\u2026 - Markt-XXL","description":"Markt-XXL TakTark Babyphone mit Kamera, Baby Monitor 3.2'' Zoll Babyfon mit Ferngesteuerter Pan-Tilt Drehung Weitwinkel Kamera\u2026","robots":{"index":"index","follow":"follow","max-snippet":"max-snippet:-1","max-image-preview":"max-image-preview:large","max-video-preview":"max-video-preview:-1"},"canonical":"https:\/\/marktxxl.de\/markt\/produkt\/babyphone-mit-kamera-baby-monitor-taktark-3-2-zoll-babyfon-mit-ferngesteuerter-pan-tilt-drehung-300-weitwinkel-kamera-mit-vox-funktion-infrarot-nachtsicht-gegensprechfunktiontemperaturs\/","og_locale":"de_DE","og_type":"article","og_title":"TakTark Babyphone mit Kamera, Baby Monitor 3.2'' Zoll Babyfon mit Ferngesteuerter Pan-Tilt Drehung Weitwinkel Kamera\u2026 - Markt-XXL","og_description":"Markt-XXL TakTark Babyphone mit Kamera, Baby Monitor 3.2'' Zoll Babyfon mit Ferngesteuerter Pan-Tilt Drehung Weitwinkel Kamera\u2026","og_url":"https:\/\/marktxxl.de\/markt\/produkt\/babyphone-mit-kamera-baby-monitor-taktark-3-2-zoll-babyfon-mit-ferngesteuerter-pan-tilt-drehung-300-weitwinkel-kamera-mit-vox-funktion-infrarot-nachtsicht-gegensprechfunktiontemperaturs\/","og_site_name":"Markt-XXL","article_modified_time":"2023-04-11T01:41:31+00:00","og_image":[{"width":500,"height":500,"url":"https:\/\/m.media-amazon.com\/images\/I\/41EJ8p9jnmL._SL500_.jpg","type":"image\/jpeg"}],"twitter_card":"summary_large_image","twitter_misc":{"Gesch\u00e4tzte Lesezeit":"2\u00a0Minuten"},"schema":{"@context":"https:\/\/schema.org","@graph":[{"@type":"WebPage","@id":"https:\/\/marktxxl.de\/markt\/produkt\/babyphone-mit-kamera-baby-monitor-taktark-3-2-zoll-babyfon-mit-ferngesteuerter-pan-tilt-drehung-300-weitwinkel-kamera-mit-vox-funktion-infrarot-nachtsicht-gegensprechfunktiontemperaturs\/","url":"https:\/\/marktxxl.de\/markt\/produkt\/babyphone-mit-kamera-baby-monitor-taktark-3-2-zoll-babyfon-mit-ferngesteuerter-pan-tilt-drehung-300-weitwinkel-kamera-mit-vox-funktion-infrarot-nachtsicht-gegensprechfunktiontemperaturs\/","name":"TakTark Babyphone mit Kamera, Baby Monitor 3.2'' Zoll Babyfon mit Ferngesteuerter Pan-Tilt Drehung Weitwinkel Kamera\u2026 - Markt-XXL","isPartOf":{"@id":"https:\/\/marktxxl.de\/markt\/#website"},"primaryImageOfPage":{"@id":"https:\/\/marktxxl.de\/markt\/produkt\/babyphone-mit-kamera-baby-monitor-taktark-3-2-zoll-babyfon-mit-ferngesteuerter-pan-tilt-drehung-300-weitwinkel-kamera-mit-vox-funktion-infrarot-nachtsicht-gegensprechfunktiontemperaturs\/#primaryimage"},"image":{"@id":"https:\/\/marktxxl.de\/markt\/produkt\/babyphone-mit-kamera-baby-monitor-taktark-3-2-zoll-babyfon-mit-ferngesteuerter-pan-tilt-drehung-300-weitwinkel-kamera-mit-vox-funktion-infrarot-nachtsicht-gegensprechfunktiontemperaturs\/#primaryimage"},"thumbnailUrl":"https:\/\/m.media-amazon.com\/images\/I\/41EJ8p9jnmL._SL500_.jpg","datePublished":"2022-05-14T20:43:39+00:00","dateModified":"2023-04-11T01:41:31+00:00","description":"Markt-XXL TakTark Babyphone mit Kamera, Baby Monitor 3.2'' Zoll Babyfon mit Ferngesteuerter Pan-Tilt Drehung Weitwinkel Kamera\u2026","breadcrumb":{"@id":"https:\/\/marktxxl.de\/markt\/produkt\/babyphone-mit-kamera-baby-monitor-taktark-3-2-zoll-babyfon-mit-ferngesteuerter-pan-tilt-drehung-300-weitwinkel-kamera-mit-vox-funktion-infrarot-nachtsicht-gegensprechfunktiontemperaturs\/#breadcrumb"},"inLanguage":"de","potentialAction":[{"@type":"ReadAction","target":["https:\/\/marktxxl.de\/markt\/produkt\/babyphone-mit-kamera-baby-monitor-taktark-3-2-zoll-babyfon-mit-ferngesteuerter-pan-tilt-drehung-300-weitwinkel-kamera-mit-vox-funktion-infrarot-nachtsicht-gegensprechfunktiontemperaturs\/"]}]},{"@type":"ImageObject","inLanguage":"de","@id":"https:\/\/marktxxl.de\/markt\/produkt\/babyphone-mit-kamera-baby-monitor-taktark-3-2-zoll-babyfon-mit-ferngesteuerter-pan-tilt-drehung-300-weitwinkel-kamera-mit-vox-funktion-infrarot-nachtsicht-gegensprechfunktiontemperaturs\/#primaryimage","url":"https:\/\/m.media-amazon.com\/images\/I\/41EJ8p9jnmL._SL500_.jpg","contentUrl":"https:\/\/m.media-amazon.com\/images\/I\/41EJ8p9jnmL._SL500_.jpg","width":500,"height":500},{"@type":"BreadcrumbList","@id":"https:\/\/marktxxl.de\/markt\/produkt\/babyphone-mit-kamera-baby-monitor-taktark-3-2-zoll-babyfon-mit-ferngesteuerter-pan-tilt-drehung-300-weitwinkel-kamera-mit-vox-funktion-infrarot-nachtsicht-gegensprechfunktiontemperaturs\/#breadcrumb","itemListElement":[{"@type":"ListItem","position":1,"name":"Startseite","item":"https:\/\/marktxxl.de\/markt\/"},{"@type":"ListItem","position":2,"name":"Markt","item":"https:\/\/marktxxl.de\/markt\/"},{"@type":"ListItem","position":3,"name":"TakTark Babyphone mit Kamera, Baby Monitor 3.2&#8221; Zoll Babyfon mit Ferngesteuerter Pan-Tilt Drehung Weitwinkel Kamera\u2026"}]},{"@type":"WebSite","@id":"https:\/\/marktxxl.de\/markt\/#website","url":"https:\/\/marktxxl.de\/markt\/","name":"Markt-XXL","description":"Ihr Markt Online","publisher":{"@id":"https:\/\/marktxxl.de\/markt\/#organization"},"potentialAction":[{"@type":"SearchAction","target":{"@type":"EntryPoint","urlTemplate":"https:\/\/marktxxl.de\/markt\/?s={search_term_string}"},"query-input":{"@type":"PropertyValueSpecification","valueRequired":true,"valueName":"search_term_string"}}],"inLanguage":"de"},{"@type":"Organization","@id":"https:\/\/marktxxl.de\/markt\/#organization","name":"Markt-XXL","url":"https:\/\/marktxxl.de\/markt\/","logo":{"@type":"ImageObject","inLanguage":"de","@id":"https:\/\/marktxxl.de\/markt\/#\/schema\/logo\/image\/","url":"https:\/\/marktxxl.de\/markt\/wp-content\/uploads\/sites\/3\/2020\/12\/logo.png","contentUrl":"https:\/\/marktxxl.de\/markt\/wp-content\/uploads\/sites\/3\/2020\/12\/logo.png","width":200,"height":70,"caption":"Markt-XXL"},"image":{"@id":"https:\/\/marktxxl.de\/markt\/#\/schema\/logo\/image\/"}}]}},"_links":{"self":[{"href":"https:\/\/marktxxl.de\/markt\/wp-json\/wp\/v2\/product\/114596","targetHints":{"allow":["GET"]}}],"collection":[{"href":"https:\/\/marktxxl.de\/markt\/wp-json\/wp\/v2\/product"}],"about":[{"href":"https:\/\/marktxxl.de\/markt\/wp-json\/wp\/v2\/types\/product"}],"replies":[{"embeddable":true,"href":"https:\/\/marktxxl.de\/markt\/wp-json\/wp\/v2\/comments?post=114596"}],"wp:featuredmedia":[{"embeddable":true,"href":"https:\/\/marktxxl.de\/markt\/wp-json\/wp\/v2\/media\/114597"}],"wp:attachment":[{"href":"https:\/\/marktxxl.de\/markt\/wp-json\/wp\/v2\/media?parent=114596"}],"wp:term":[{"taxonomy":"product_brand","embeddable":true,"href":"https:\/\/marktxxl.de\/markt\/wp-json\/wp\/v2\/product_brand?post=114596"},{"taxonomy":"product_cat","embeddable":true,"href":"https:\/\/marktxxl.de\/markt\/wp-json\/wp\/v2\/product_cat?post=114596"},{"taxonomy":"product_tag","embeddable":true,"href":"https:\/\/marktxxl.de\/markt\/wp-json\/wp\/v2\/product_tag?post=114596"}],"curies":[{"name":"wp","href":"https:\/\/api.w.org\/{rel}","templated":true}]}}