{"id":114550,"date":"2022-05-14T22:43:10","date_gmt":"2022-05-14T20:43:10","guid":{"rendered":"https:\/\/marktxxl.de\/markt\/produkt\/multistaender-weissholzringe-zum-basteln\/"},"modified":"2023-04-11T03:41:30","modified_gmt":"2023-04-11T01:41:30","slug":"multistaender-weissholzringe-zum-basteln","status":"publish","type":"product","link":"https:\/\/marktxxl.de\/markt\/produkt\/multistaender-weissholzringe-zum-basteln\/","title":{"rendered":"Multist\u00e4nder wei\u00df,Holzringe Zum Basteln"},"content":{"rendered":"<p>\u3010Naturholzmaterial\u3011Der Baby-Bei\u00dfring besteht aus Naturholzmaterial und ist sicher. Es ist langlebig und harmlos f\u00fcr Ihr Baby, Entwickelt f\u00fcr Baby, um beim Zahnen zu spielen oder zu kauen und dabei zu helfen, das empfindliche Zahnfleisch des Babys zu beruhigen. Der Baby Bei\u00dfring ist ein Muss f\u00fcr jede neue Mama. Es w\u00e4re ein absolut perfektes Babygeschenk.<br \/>\n\u3010Stimulieren Sie das Zahnwachstum des Babys\u3011 Der Zahnenringe Holz ist f\u00fcr das Spielen mit dem Baby oder das Kauen w\u00e4hrend des Zahnens konzipiert und tr\u00e4gt dazu bei, das empfindliche Zahnfleisch des Babys zu beruhigen. W\u00e4hrend der Kinderkrankheit kann dieses Bei\u00dfringspielzeug Ihnen helfen, die schlechte Angewohnheit des Babys zu beseitigen, beispielsweise bei\u00dfen, Finger bei\u00dfen und das empfindliche Zahnfleisch des Babys beruhigen.<br \/>\n\u3010DIY Craft\u3011Und sie eignen sich auch f\u00fcr verschiedene Bastelprojekte wie DIY-Schmuckherstellung, geh\u00e4kelte Weihnachtskranz-Ornamente, bemalte Ornamente, kleine Bilderrahmen-Ornamente usw. Unlackierter Holzring eignet sich hervorragend f\u00fcr DIY-Bastelarbeiten. Sie k\u00f6nnen ihn f\u00e4rben oder mit buntem Wollgarn drehen, um daraus ein einzigartiges Dekorationszubeh\u00f6r zu machen. Mit feiner Politur ist der Bei\u00dfring glatt und ausgereift, die zarte Haut des Babys wird nicht verletzt.<br \/>\n\u3010Leicht zu halten\u3011Der Holzringe Baby sitzt gut in den Mund Ihres Babys, ist aber genau die richtige Gr\u00f6\u00dfe, um keine Erstickungsgefahr darzustellen. Der Bei\u00dfring ist so konzipiert, dass er leicht von kleinen H\u00e4nden ergriffen werden kann.<br \/>\n\u3010Bitte beachten Sie\u3011Unsere Holzringe bestehen aus Naturholz; W\u00e4hrend des versiegelten Transports kann ein gewisser Geruch entstehen. Dies ist kein Qualit\u00e4tsproblem. Der Geschmack verschwindet von selbst, nachdem er einige Zeit an einem bel\u00fcfteten Ort aufbewahrt wurde.<br \/>\n<div class=\"main-cross-sell\" data-asin=\"B01MDKHTL7\">\n\n\t<div class=\"WooZone-cross-sell-loader\">\n\t\t<div>\n\t\t\t<div id=\"floatingBarsG\">\n\t\t\t\t<div class=\"blockG\" id=\"rotateG_01\"><\/div>\n\t\t\t\t<div class=\"blockG\" id=\"rotateG_02\"><\/div>\n\t\t\t\t<div class=\"blockG\" id=\"rotateG_03\"><\/div>\n\t\t\t\t<div class=\"blockG\" id=\"rotateG_04\"><\/div>\n\t\t\t\t<div class=\"blockG\" id=\"rotateG_05\"><\/div>\n\t\t\t\t<div class=\"blockG\" id=\"rotateG_06\"><\/div>\n\t\t\t\t<div class=\"blockG\" id=\"rotateG_07\"><\/div>\n\t\t\t\t<div class=\"blockG\" id=\"rotateG_08\"><\/div>\n\t\t\t<\/div>\n\t\t\t<div class=\"WooZone-cross-sell-loader-text\"><\/div>\n\t\t<\/div>\n\t<\/div>\n\n\t\t\n<\/div>\n<div style=\"clear:both;\"><\/div><\/p>\n","protected":false},"excerpt":{"rendered":"<p>\u3010Naturholzmaterial\u3011Der Baby-Bei\u00dfring besteht aus Naturholzmaterial und ist sicher. Es ist langlebig und harmlos f\u00fcr Ihr Baby, Entwickelt f\u00fcr Baby, um beim Zahnen zu spielen oder zu kauen und dabei zu helfen, das empfindliche Zahnfleisch des Babys zu beruhigen. Der Baby Bei\u00dfring ist ein Muss f\u00fcr jede neue Mama. Es w\u00e4re ein absolut perfektes Babygeschenk.<br \/>\n\u3010Stimulieren Sie das Zahnwachstum des Babys\u3011 Der Zahnenringe Holz ist f\u00fcr das Spielen mit dem Baby oder das Kauen w\u00e4hrend des Zahnens konzipiert und tr\u00e4gt dazu bei, das empfindliche Zahnfleisch des Babys zu beruhigen. W\u00e4hrend der Kinderkrankheit kann dieses Bei\u00dfringspielzeug Ihnen helfen, die schlechte Angewohnheit des Babys zu beseitigen, beispielsweise bei\u00dfen, Finger bei\u00dfen und das empfindliche Zahnfleisch des Babys beruhigen.<br \/>\n\u3010DIY Craft\u3011Und sie eignen sich auch f\u00fcr verschiedene Bastelprojekte wie DIY-Schmuckherstellung, geh\u00e4kelte Weihnachtskranz-Ornamente, bemalte Ornamente, kleine Bilderrahmen-Ornamente usw. Unlackierter Holzring eignet sich hervorragend f\u00fcr DIY-Bastelarbeiten. Sie k\u00f6nnen ihn f\u00e4rben oder mit buntem Wollgarn drehen, um daraus ein einzigartiges Dekorationszubeh\u00f6r zu machen. Mit feiner Politur ist der Bei\u00dfring glatt und ausgereift, die zarte Haut des Babys wird nicht verletzt.<\/p>\n","protected":false},"featured_media":114551,"comment_status":"open","ping_status":"closed","template":"","meta":[],"product_brand":[],"product_cat":[21,9329],"product_tag":[],"class_list":{"0":"post-114550","1":"product","2":"type-product","3":"status-publish","4":"has-post-thumbnail","6":"product_cat-baby","7":"product_cat-kinderwagen-buggys-zubehoer-baby","8":"pa_binding-babyartikel","9":"pa_brand-scobuty-nanit","10":"pa_color-weiss","11":"pa_height-4-zoll","12":"pa_length-2-zoll","13":"pa_manufacturer-nanit-beautyjoy_shop","14":"pa_model-n102","15":"pa_size-einheitsgroesse","16":"pa_weight-0-5-pfund","17":"pa_width-2-zoll","19":"first","20":"instock","21":"shipping-taxable","22":"purchasable","23":"product-type-simple","24":"customify-col","25":"product-has-gallery"},"yoast_head":"<!-- This site is optimized with the Yoast SEO plugin v27.3 - https:\/\/yoast.com\/product\/yoast-seo-wordpress\/ -->\n<title>Multist\u00e4nder wei\u00df,Holzringe Zum Basteln - Markt-XXL<\/title>\n<meta name=\"description\" content=\"Markt-XXL Multist\u00e4nder wei\u00df,Holzringe Zum Basteln\" \/>\n<meta name=\"robots\" content=\"index, follow, max-snippet:-1, max-image-preview:large, max-video-preview:-1\" \/>\n<link rel=\"canonical\" href=\"https:\/\/marktxxl.de\/markt\/produkt\/multistaender-weissholzringe-zum-basteln\/\" \/>\n<meta property=\"og:locale\" content=\"de_DE\" \/>\n<meta property=\"og:type\" content=\"article\" \/>\n<meta property=\"og:title\" content=\"Multist\u00e4nder wei\u00df,Holzringe Zum Basteln - Markt-XXL\" \/>\n<meta property=\"og:description\" content=\"Markt-XXL Multist\u00e4nder wei\u00df,Holzringe Zum Basteln\" \/>\n<meta property=\"og:url\" content=\"https:\/\/marktxxl.de\/markt\/produkt\/multistaender-weissholzringe-zum-basteln\/\" \/>\n<meta property=\"og:site_name\" content=\"Markt-XXL\" \/>\n<meta property=\"article:modified_time\" content=\"2023-04-11T01:41:30+00:00\" \/>\n<meta property=\"og:image\" content=\"https:\/\/m.media-amazon.com\/images\/I\/31F5yTce50L._SL500_.jpg\" \/>\n\t<meta property=\"og:image:width\" content=\"500\" \/>\n\t<meta property=\"og:image:height\" content=\"500\" \/>\n\t<meta property=\"og:image:type\" content=\"image\/jpeg\" \/>\n<meta name=\"twitter:card\" content=\"summary_large_image\" \/>\n<meta name=\"twitter:label1\" content=\"Gesch\u00e4tzte Lesezeit\" \/>\n\t<meta name=\"twitter:data1\" content=\"1\u00a0Minute\" \/>\n<script type=\"application\/ld+json\" class=\"yoast-schema-graph\">{\"@context\":\"https:\\\/\\\/schema.org\",\"@graph\":[{\"@type\":\"WebPage\",\"@id\":\"https:\\\/\\\/marktxxl.de\\\/markt\\\/produkt\\\/multistaender-weissholzringe-zum-basteln\\\/\",\"url\":\"https:\\\/\\\/marktxxl.de\\\/markt\\\/produkt\\\/multistaender-weissholzringe-zum-basteln\\\/\",\"name\":\"Multist\u00e4nder wei\u00df,Holzringe Zum Basteln - Markt-XXL\",\"isPartOf\":{\"@id\":\"https:\\\/\\\/marktxxl.de\\\/markt\\\/#website\"},\"primaryImageOfPage\":{\"@id\":\"https:\\\/\\\/marktxxl.de\\\/markt\\\/produkt\\\/multistaender-weissholzringe-zum-basteln\\\/#primaryimage\"},\"image\":{\"@id\":\"https:\\\/\\\/marktxxl.de\\\/markt\\\/produkt\\\/multistaender-weissholzringe-zum-basteln\\\/#primaryimage\"},\"thumbnailUrl\":\"https:\\\/\\\/m.media-amazon.com\\\/images\\\/I\\\/31F5yTce50L._SL500_.jpg\",\"datePublished\":\"2022-05-14T20:43:10+00:00\",\"dateModified\":\"2023-04-11T01:41:30+00:00\",\"description\":\"Markt-XXL Multist\u00e4nder wei\u00df,Holzringe Zum Basteln\",\"breadcrumb\":{\"@id\":\"https:\\\/\\\/marktxxl.de\\\/markt\\\/produkt\\\/multistaender-weissholzringe-zum-basteln\\\/#breadcrumb\"},\"inLanguage\":\"de\",\"potentialAction\":[{\"@type\":\"ReadAction\",\"target\":[\"https:\\\/\\\/marktxxl.de\\\/markt\\\/produkt\\\/multistaender-weissholzringe-zum-basteln\\\/\"]}]},{\"@type\":\"ImageObject\",\"inLanguage\":\"de\",\"@id\":\"https:\\\/\\\/marktxxl.de\\\/markt\\\/produkt\\\/multistaender-weissholzringe-zum-basteln\\\/#primaryimage\",\"url\":\"https:\\\/\\\/m.media-amazon.com\\\/images\\\/I\\\/31F5yTce50L._SL500_.jpg\",\"contentUrl\":\"https:\\\/\\\/m.media-amazon.com\\\/images\\\/I\\\/31F5yTce50L._SL500_.jpg\",\"width\":500,\"height\":500},{\"@type\":\"BreadcrumbList\",\"@id\":\"https:\\\/\\\/marktxxl.de\\\/markt\\\/produkt\\\/multistaender-weissholzringe-zum-basteln\\\/#breadcrumb\",\"itemListElement\":[{\"@type\":\"ListItem\",\"position\":1,\"name\":\"Startseite\",\"item\":\"https:\\\/\\\/marktxxl.de\\\/markt\\\/\"},{\"@type\":\"ListItem\",\"position\":2,\"name\":\"Markt\",\"item\":\"https:\\\/\\\/marktxxl.de\\\/markt\\\/\"},{\"@type\":\"ListItem\",\"position\":3,\"name\":\"Multist\u00e4nder wei\u00df,Holzringe Zum Basteln\"}]},{\"@type\":\"WebSite\",\"@id\":\"https:\\\/\\\/marktxxl.de\\\/markt\\\/#website\",\"url\":\"https:\\\/\\\/marktxxl.de\\\/markt\\\/\",\"name\":\"Markt-XXL\",\"description\":\"Ihr Markt Online\",\"publisher\":{\"@id\":\"https:\\\/\\\/marktxxl.de\\\/markt\\\/#organization\"},\"potentialAction\":[{\"@type\":\"SearchAction\",\"target\":{\"@type\":\"EntryPoint\",\"urlTemplate\":\"https:\\\/\\\/marktxxl.de\\\/markt\\\/?s={search_term_string}\"},\"query-input\":{\"@type\":\"PropertyValueSpecification\",\"valueRequired\":true,\"valueName\":\"search_term_string\"}}],\"inLanguage\":\"de\"},{\"@type\":\"Organization\",\"@id\":\"https:\\\/\\\/marktxxl.de\\\/markt\\\/#organization\",\"name\":\"Markt-XXL\",\"url\":\"https:\\\/\\\/marktxxl.de\\\/markt\\\/\",\"logo\":{\"@type\":\"ImageObject\",\"inLanguage\":\"de\",\"@id\":\"https:\\\/\\\/marktxxl.de\\\/markt\\\/#\\\/schema\\\/logo\\\/image\\\/\",\"url\":\"https:\\\/\\\/marktxxl.de\\\/markt\\\/wp-content\\\/uploads\\\/sites\\\/3\\\/2020\\\/12\\\/logo.png\",\"contentUrl\":\"https:\\\/\\\/marktxxl.de\\\/markt\\\/wp-content\\\/uploads\\\/sites\\\/3\\\/2020\\\/12\\\/logo.png\",\"width\":200,\"height\":70,\"caption\":\"Markt-XXL\"},\"image\":{\"@id\":\"https:\\\/\\\/marktxxl.de\\\/markt\\\/#\\\/schema\\\/logo\\\/image\\\/\"}}]}<\/script>\n<!-- \/ Yoast SEO plugin. -->","yoast_head_json":{"title":"Multist\u00e4nder wei\u00df,Holzringe Zum Basteln - Markt-XXL","description":"Markt-XXL Multist\u00e4nder wei\u00df,Holzringe Zum Basteln","robots":{"index":"index","follow":"follow","max-snippet":"max-snippet:-1","max-image-preview":"max-image-preview:large","max-video-preview":"max-video-preview:-1"},"canonical":"https:\/\/marktxxl.de\/markt\/produkt\/multistaender-weissholzringe-zum-basteln\/","og_locale":"de_DE","og_type":"article","og_title":"Multist\u00e4nder wei\u00df,Holzringe Zum Basteln - Markt-XXL","og_description":"Markt-XXL Multist\u00e4nder wei\u00df,Holzringe Zum Basteln","og_url":"https:\/\/marktxxl.de\/markt\/produkt\/multistaender-weissholzringe-zum-basteln\/","og_site_name":"Markt-XXL","article_modified_time":"2023-04-11T01:41:30+00:00","og_image":[{"width":500,"height":500,"url":"https:\/\/m.media-amazon.com\/images\/I\/31F5yTce50L._SL500_.jpg","type":"image\/jpeg"}],"twitter_card":"summary_large_image","twitter_misc":{"Gesch\u00e4tzte Lesezeit":"1\u00a0Minute"},"schema":{"@context":"https:\/\/schema.org","@graph":[{"@type":"WebPage","@id":"https:\/\/marktxxl.de\/markt\/produkt\/multistaender-weissholzringe-zum-basteln\/","url":"https:\/\/marktxxl.de\/markt\/produkt\/multistaender-weissholzringe-zum-basteln\/","name":"Multist\u00e4nder wei\u00df,Holzringe Zum Basteln - Markt-XXL","isPartOf":{"@id":"https:\/\/marktxxl.de\/markt\/#website"},"primaryImageOfPage":{"@id":"https:\/\/marktxxl.de\/markt\/produkt\/multistaender-weissholzringe-zum-basteln\/#primaryimage"},"image":{"@id":"https:\/\/marktxxl.de\/markt\/produkt\/multistaender-weissholzringe-zum-basteln\/#primaryimage"},"thumbnailUrl":"https:\/\/m.media-amazon.com\/images\/I\/31F5yTce50L._SL500_.jpg","datePublished":"2022-05-14T20:43:10+00:00","dateModified":"2023-04-11T01:41:30+00:00","description":"Markt-XXL Multist\u00e4nder wei\u00df,Holzringe Zum Basteln","breadcrumb":{"@id":"https:\/\/marktxxl.de\/markt\/produkt\/multistaender-weissholzringe-zum-basteln\/#breadcrumb"},"inLanguage":"de","potentialAction":[{"@type":"ReadAction","target":["https:\/\/marktxxl.de\/markt\/produkt\/multistaender-weissholzringe-zum-basteln\/"]}]},{"@type":"ImageObject","inLanguage":"de","@id":"https:\/\/marktxxl.de\/markt\/produkt\/multistaender-weissholzringe-zum-basteln\/#primaryimage","url":"https:\/\/m.media-amazon.com\/images\/I\/31F5yTce50L._SL500_.jpg","contentUrl":"https:\/\/m.media-amazon.com\/images\/I\/31F5yTce50L._SL500_.jpg","width":500,"height":500},{"@type":"BreadcrumbList","@id":"https:\/\/marktxxl.de\/markt\/produkt\/multistaender-weissholzringe-zum-basteln\/#breadcrumb","itemListElement":[{"@type":"ListItem","position":1,"name":"Startseite","item":"https:\/\/marktxxl.de\/markt\/"},{"@type":"ListItem","position":2,"name":"Markt","item":"https:\/\/marktxxl.de\/markt\/"},{"@type":"ListItem","position":3,"name":"Multist\u00e4nder wei\u00df,Holzringe Zum Basteln"}]},{"@type":"WebSite","@id":"https:\/\/marktxxl.de\/markt\/#website","url":"https:\/\/marktxxl.de\/markt\/","name":"Markt-XXL","description":"Ihr Markt Online","publisher":{"@id":"https:\/\/marktxxl.de\/markt\/#organization"},"potentialAction":[{"@type":"SearchAction","target":{"@type":"EntryPoint","urlTemplate":"https:\/\/marktxxl.de\/markt\/?s={search_term_string}"},"query-input":{"@type":"PropertyValueSpecification","valueRequired":true,"valueName":"search_term_string"}}],"inLanguage":"de"},{"@type":"Organization","@id":"https:\/\/marktxxl.de\/markt\/#organization","name":"Markt-XXL","url":"https:\/\/marktxxl.de\/markt\/","logo":{"@type":"ImageObject","inLanguage":"de","@id":"https:\/\/marktxxl.de\/markt\/#\/schema\/logo\/image\/","url":"https:\/\/marktxxl.de\/markt\/wp-content\/uploads\/sites\/3\/2020\/12\/logo.png","contentUrl":"https:\/\/marktxxl.de\/markt\/wp-content\/uploads\/sites\/3\/2020\/12\/logo.png","width":200,"height":70,"caption":"Markt-XXL"},"image":{"@id":"https:\/\/marktxxl.de\/markt\/#\/schema\/logo\/image\/"}}]}},"_links":{"self":[{"href":"https:\/\/marktxxl.de\/markt\/wp-json\/wp\/v2\/product\/114550","targetHints":{"allow":["GET"]}}],"collection":[{"href":"https:\/\/marktxxl.de\/markt\/wp-json\/wp\/v2\/product"}],"about":[{"href":"https:\/\/marktxxl.de\/markt\/wp-json\/wp\/v2\/types\/product"}],"replies":[{"embeddable":true,"href":"https:\/\/marktxxl.de\/markt\/wp-json\/wp\/v2\/comments?post=114550"}],"wp:featuredmedia":[{"embeddable":true,"href":"https:\/\/marktxxl.de\/markt\/wp-json\/wp\/v2\/media\/114551"}],"wp:attachment":[{"href":"https:\/\/marktxxl.de\/markt\/wp-json\/wp\/v2\/media?parent=114550"}],"wp:term":[{"taxonomy":"product_brand","embeddable":true,"href":"https:\/\/marktxxl.de\/markt\/wp-json\/wp\/v2\/product_brand?post=114550"},{"taxonomy":"product_cat","embeddable":true,"href":"https:\/\/marktxxl.de\/markt\/wp-json\/wp\/v2\/product_cat?post=114550"},{"taxonomy":"product_tag","embeddable":true,"href":"https:\/\/marktxxl.de\/markt\/wp-json\/wp\/v2\/product_tag?post=114550"}],"curies":[{"name":"wp","href":"https:\/\/api.w.org\/{rel}","templated":true}]}}