{"id":114367,"date":"2022-05-14T22:35:02","date_gmt":"2022-05-14T20:35:02","guid":{"rendered":"https:\/\/marktxxl.de\/markt\/produkt\/pasito-a-pasito-biscuit-babytragetasche-mit-wickelunterlage-praktisch-und-geraeumig-hergestellt-aus-umweltfreundlichem-rindsleder-farbe-rosa-masse-42-x-25-x-16-cm\/"},"modified":"2023-04-11T03:41:28","modified_gmt":"2023-04-11T01:41:28","slug":"pasito-a-pasito-biscuit-babytragetasche-mit-wickelunterlage-praktisch-und-geraeumig-hergestellt-aus-umweltfreundlichem-rindsleder-farbe-rosa-masse-42-x-25-x-16-cm","status":"publish","type":"product","link":"https:\/\/marktxxl.de\/markt\/produkt\/pasito-a-pasito-biscuit-babytragetasche-mit-wickelunterlage-praktisch-und-geraeumig-hergestellt-aus-umweltfreundlichem-rindsleder-farbe-rosa-masse-42-x-25-x-16-cm\/","title":{"rendered":"Pasito a Pasito 74079-PV18 Beutel"},"content":{"rendered":"<p>Gro\u00dfe Kapazit\u00e4t: Unsere Biscuit Babytaschen zeichnen sich durch ihre gro\u00dfe Breite aus, die es Ihnen erm\u00f6glicht, alles bequem zu tragen, was Sie brauchen.<br \/>\n100% QUALIT\u00c4T &#8211; Hergestellt aus hochwertigen Materialien, frei von AZO-Farbstoffen, Phthalaten und gesundheitssch\u00e4dlichen Substanzen. Komplett waschbar per Hand oder in der Waschmaschine bei 30 \u00b0C.<br \/>\nEinzigartiges Design und un\u00fcbertroffener Stil: Eine elegante und zarte Babytasche mit B\u00e4ndern an den Seiten. Perfekt zum Mitnehmen von alles, was Ihr Baby auf jedem Spaziergang braucht.<br \/>\nWickelunterlage im Lieferumfang enthalten: Eine weiche und faltbare Wickelunterlage macht es einfach, die Windel Ihres Babys \u00fcberall zu wechseln.<br \/>\nKomfortabel dank der Details: Sicherer Rei\u00dfverschluss, mit doppeltem Griff zum Aufh\u00e4ngen am Wagen oder Tragen in der Hand oder Schulter. Verst\u00e4rktes Innenfach mit Stoff\u00fcberzug und Taschen f\u00fcr die Organisation von Gegenst\u00e4nden, die Sie leicht finden m\u00fcssen.<br \/>\n<div class=\"main-cross-sell\" data-asin=\"B07GVNK2H7\">\n\n\t<div class=\"WooZone-cross-sell-loader\">\n\t\t<div>\n\t\t\t<div id=\"floatingBarsG\">\n\t\t\t\t<div class=\"blockG\" id=\"rotateG_01\"><\/div>\n\t\t\t\t<div class=\"blockG\" id=\"rotateG_02\"><\/div>\n\t\t\t\t<div class=\"blockG\" id=\"rotateG_03\"><\/div>\n\t\t\t\t<div class=\"blockG\" id=\"rotateG_04\"><\/div>\n\t\t\t\t<div class=\"blockG\" id=\"rotateG_05\"><\/div>\n\t\t\t\t<div class=\"blockG\" id=\"rotateG_06\"><\/div>\n\t\t\t\t<div class=\"blockG\" id=\"rotateG_07\"><\/div>\n\t\t\t\t<div class=\"blockG\" id=\"rotateG_08\"><\/div>\n\t\t\t<\/div>\n\t\t\t<div class=\"WooZone-cross-sell-loader-text\"><\/div>\n\t\t<\/div>\n\t<\/div>\n\n\t\t\n<\/div>\n<div style=\"clear:both;\"><\/div><\/p>\n","protected":false},"excerpt":{"rendered":"<p>Gro\u00dfe Kapazit\u00e4t: Unsere Biscuit Babytaschen zeichnen sich durch ihre gro\u00dfe Breite aus, die es Ihnen erm\u00f6glicht, alles bequem zu tragen, was Sie brauchen.<br \/>\n100% QUALIT\u00c4T &#8211; Hergestellt aus hochwertigen Materialien, frei von AZO-Farbstoffen, Phthalaten und gesundheitssch\u00e4dlichen Substanzen. Komplett waschbar per Hand oder in der Waschmaschine bei 30 \u00b0C.<br \/>\nEinzigartiges Design und un\u00fcbertroffener Stil: Eine elegante und zarte Babytasche mit B\u00e4ndern an den Seiten. Perfekt zum Mitnehmen von alles, was Ihr Baby auf jedem Spaziergang braucht.<\/p>\n","protected":false},"featured_media":114368,"comment_status":"open","ping_status":"closed","template":"","meta":[],"product_brand":[],"product_cat":[21,9329],"product_tag":[],"class_list":{"0":"post-114367","1":"product","2":"type-product","3":"status-publish","4":"has-post-thumbnail","6":"product_cat-baby","7":"product_cat-kinderwagen-buggys-zubehoer-baby","8":"pa_binding-babyartikel","9":"pa_brand-pasito-a-pasito","10":"pa_manufacturer-diset-s-a","12":"first","13":"instock","14":"shipping-taxable","15":"purchasable","16":"product-type-simple","17":"customify-col","18":"product-has-gallery"},"yoast_head":"<!-- This site is optimized with the Yoast SEO plugin v27.4 - https:\/\/yoast.com\/product\/yoast-seo-wordpress\/ -->\n<title>Pasito a Pasito 74079-PV18 Beutel - Markt-XXL<\/title>\n<meta name=\"description\" content=\"Markt-XXL Pasito a Pasito 74079-PV18 Beutel\" \/>\n<meta name=\"robots\" content=\"index, follow, max-snippet:-1, max-image-preview:large, max-video-preview:-1\" \/>\n<link rel=\"canonical\" href=\"https:\/\/marktxxl.de\/markt\/produkt\/pasito-a-pasito-biscuit-babytragetasche-mit-wickelunterlage-praktisch-und-geraeumig-hergestellt-aus-umweltfreundlichem-rindsleder-farbe-rosa-masse-42-x-25-x-16-cm\/\" \/>\n<meta property=\"og:locale\" content=\"de_DE\" \/>\n<meta property=\"og:type\" content=\"article\" \/>\n<meta property=\"og:title\" content=\"Pasito a Pasito 74079-PV18 Beutel - Markt-XXL\" \/>\n<meta property=\"og:description\" content=\"Markt-XXL Pasito a Pasito 74079-PV18 Beutel\" \/>\n<meta property=\"og:url\" content=\"https:\/\/marktxxl.de\/markt\/produkt\/pasito-a-pasito-biscuit-babytragetasche-mit-wickelunterlage-praktisch-und-geraeumig-hergestellt-aus-umweltfreundlichem-rindsleder-farbe-rosa-masse-42-x-25-x-16-cm\/\" \/>\n<meta property=\"og:site_name\" content=\"Markt-XXL\" \/>\n<meta property=\"article:modified_time\" content=\"2023-04-11T01:41:28+00:00\" \/>\n<meta property=\"og:image\" content=\"https:\/\/m.media-amazon.com\/images\/I\/21wTokDJuiL._SL500_.jpg\" \/>\n\t<meta property=\"og:image:width\" content=\"500\" \/>\n\t<meta property=\"og:image:height\" content=\"500\" \/>\n\t<meta property=\"og:image:type\" content=\"image\/jpeg\" \/>\n<meta name=\"twitter:card\" content=\"summary_large_image\" \/>\n<meta name=\"twitter:label1\" content=\"Gesch\u00e4tzte Lesezeit\" \/>\n\t<meta name=\"twitter:data1\" content=\"1\u00a0Minute\" \/>\n<script type=\"application\/ld+json\" class=\"yoast-schema-graph\">{\"@context\":\"https:\\\/\\\/schema.org\",\"@graph\":[{\"@type\":\"WebPage\",\"@id\":\"https:\\\/\\\/marktxxl.de\\\/markt\\\/produkt\\\/pasito-a-pasito-biscuit-babytragetasche-mit-wickelunterlage-praktisch-und-geraeumig-hergestellt-aus-umweltfreundlichem-rindsleder-farbe-rosa-masse-42-x-25-x-16-cm\\\/\",\"url\":\"https:\\\/\\\/marktxxl.de\\\/markt\\\/produkt\\\/pasito-a-pasito-biscuit-babytragetasche-mit-wickelunterlage-praktisch-und-geraeumig-hergestellt-aus-umweltfreundlichem-rindsleder-farbe-rosa-masse-42-x-25-x-16-cm\\\/\",\"name\":\"Pasito a Pasito 74079-PV18 Beutel - Markt-XXL\",\"isPartOf\":{\"@id\":\"https:\\\/\\\/marktxxl.de\\\/markt\\\/#website\"},\"primaryImageOfPage\":{\"@id\":\"https:\\\/\\\/marktxxl.de\\\/markt\\\/produkt\\\/pasito-a-pasito-biscuit-babytragetasche-mit-wickelunterlage-praktisch-und-geraeumig-hergestellt-aus-umweltfreundlichem-rindsleder-farbe-rosa-masse-42-x-25-x-16-cm\\\/#primaryimage\"},\"image\":{\"@id\":\"https:\\\/\\\/marktxxl.de\\\/markt\\\/produkt\\\/pasito-a-pasito-biscuit-babytragetasche-mit-wickelunterlage-praktisch-und-geraeumig-hergestellt-aus-umweltfreundlichem-rindsleder-farbe-rosa-masse-42-x-25-x-16-cm\\\/#primaryimage\"},\"thumbnailUrl\":\"https:\\\/\\\/m.media-amazon.com\\\/images\\\/I\\\/21wTokDJuiL._SL500_.jpg\",\"datePublished\":\"2022-05-14T20:35:02+00:00\",\"dateModified\":\"2023-04-11T01:41:28+00:00\",\"description\":\"Markt-XXL Pasito a Pasito 74079-PV18 Beutel\",\"breadcrumb\":{\"@id\":\"https:\\\/\\\/marktxxl.de\\\/markt\\\/produkt\\\/pasito-a-pasito-biscuit-babytragetasche-mit-wickelunterlage-praktisch-und-geraeumig-hergestellt-aus-umweltfreundlichem-rindsleder-farbe-rosa-masse-42-x-25-x-16-cm\\\/#breadcrumb\"},\"inLanguage\":\"de\",\"potentialAction\":[{\"@type\":\"ReadAction\",\"target\":[\"https:\\\/\\\/marktxxl.de\\\/markt\\\/produkt\\\/pasito-a-pasito-biscuit-babytragetasche-mit-wickelunterlage-praktisch-und-geraeumig-hergestellt-aus-umweltfreundlichem-rindsleder-farbe-rosa-masse-42-x-25-x-16-cm\\\/\"]}]},{\"@type\":\"ImageObject\",\"inLanguage\":\"de\",\"@id\":\"https:\\\/\\\/marktxxl.de\\\/markt\\\/produkt\\\/pasito-a-pasito-biscuit-babytragetasche-mit-wickelunterlage-praktisch-und-geraeumig-hergestellt-aus-umweltfreundlichem-rindsleder-farbe-rosa-masse-42-x-25-x-16-cm\\\/#primaryimage\",\"url\":\"https:\\\/\\\/m.media-amazon.com\\\/images\\\/I\\\/21wTokDJuiL._SL500_.jpg\",\"contentUrl\":\"https:\\\/\\\/m.media-amazon.com\\\/images\\\/I\\\/21wTokDJuiL._SL500_.jpg\",\"width\":500,\"height\":500},{\"@type\":\"BreadcrumbList\",\"@id\":\"https:\\\/\\\/marktxxl.de\\\/markt\\\/produkt\\\/pasito-a-pasito-biscuit-babytragetasche-mit-wickelunterlage-praktisch-und-geraeumig-hergestellt-aus-umweltfreundlichem-rindsleder-farbe-rosa-masse-42-x-25-x-16-cm\\\/#breadcrumb\",\"itemListElement\":[{\"@type\":\"ListItem\",\"position\":1,\"name\":\"Startseite\",\"item\":\"https:\\\/\\\/marktxxl.de\\\/markt\\\/\"},{\"@type\":\"ListItem\",\"position\":2,\"name\":\"Markt\",\"item\":\"https:\\\/\\\/marktxxl.de\\\/markt\\\/\"},{\"@type\":\"ListItem\",\"position\":3,\"name\":\"Pasito a Pasito 74079-PV18 Beutel\"}]},{\"@type\":\"WebSite\",\"@id\":\"https:\\\/\\\/marktxxl.de\\\/markt\\\/#website\",\"url\":\"https:\\\/\\\/marktxxl.de\\\/markt\\\/\",\"name\":\"Markt-XXL\",\"description\":\"Ihr Markt Online\",\"publisher\":{\"@id\":\"https:\\\/\\\/marktxxl.de\\\/markt\\\/#organization\"},\"potentialAction\":[{\"@type\":\"SearchAction\",\"target\":{\"@type\":\"EntryPoint\",\"urlTemplate\":\"https:\\\/\\\/marktxxl.de\\\/markt\\\/?s={search_term_string}\"},\"query-input\":{\"@type\":\"PropertyValueSpecification\",\"valueRequired\":true,\"valueName\":\"search_term_string\"}}],\"inLanguage\":\"de\"},{\"@type\":\"Organization\",\"@id\":\"https:\\\/\\\/marktxxl.de\\\/markt\\\/#organization\",\"name\":\"Markt-XXL\",\"url\":\"https:\\\/\\\/marktxxl.de\\\/markt\\\/\",\"logo\":{\"@type\":\"ImageObject\",\"inLanguage\":\"de\",\"@id\":\"https:\\\/\\\/marktxxl.de\\\/markt\\\/#\\\/schema\\\/logo\\\/image\\\/\",\"url\":\"https:\\\/\\\/marktxxl.de\\\/markt\\\/wp-content\\\/uploads\\\/sites\\\/3\\\/2020\\\/12\\\/logo.png\",\"contentUrl\":\"https:\\\/\\\/marktxxl.de\\\/markt\\\/wp-content\\\/uploads\\\/sites\\\/3\\\/2020\\\/12\\\/logo.png\",\"width\":200,\"height\":70,\"caption\":\"Markt-XXL\"},\"image\":{\"@id\":\"https:\\\/\\\/marktxxl.de\\\/markt\\\/#\\\/schema\\\/logo\\\/image\\\/\"}}]}<\/script>\n<!-- \/ Yoast SEO plugin. -->","yoast_head_json":{"title":"Pasito a Pasito 74079-PV18 Beutel - Markt-XXL","description":"Markt-XXL Pasito a Pasito 74079-PV18 Beutel","robots":{"index":"index","follow":"follow","max-snippet":"max-snippet:-1","max-image-preview":"max-image-preview:large","max-video-preview":"max-video-preview:-1"},"canonical":"https:\/\/marktxxl.de\/markt\/produkt\/pasito-a-pasito-biscuit-babytragetasche-mit-wickelunterlage-praktisch-und-geraeumig-hergestellt-aus-umweltfreundlichem-rindsleder-farbe-rosa-masse-42-x-25-x-16-cm\/","og_locale":"de_DE","og_type":"article","og_title":"Pasito a Pasito 74079-PV18 Beutel - Markt-XXL","og_description":"Markt-XXL Pasito a Pasito 74079-PV18 Beutel","og_url":"https:\/\/marktxxl.de\/markt\/produkt\/pasito-a-pasito-biscuit-babytragetasche-mit-wickelunterlage-praktisch-und-geraeumig-hergestellt-aus-umweltfreundlichem-rindsleder-farbe-rosa-masse-42-x-25-x-16-cm\/","og_site_name":"Markt-XXL","article_modified_time":"2023-04-11T01:41:28+00:00","og_image":[{"width":500,"height":500,"url":"https:\/\/m.media-amazon.com\/images\/I\/21wTokDJuiL._SL500_.jpg","type":"image\/jpeg"}],"twitter_card":"summary_large_image","twitter_misc":{"Gesch\u00e4tzte Lesezeit":"1\u00a0Minute"},"schema":{"@context":"https:\/\/schema.org","@graph":[{"@type":"WebPage","@id":"https:\/\/marktxxl.de\/markt\/produkt\/pasito-a-pasito-biscuit-babytragetasche-mit-wickelunterlage-praktisch-und-geraeumig-hergestellt-aus-umweltfreundlichem-rindsleder-farbe-rosa-masse-42-x-25-x-16-cm\/","url":"https:\/\/marktxxl.de\/markt\/produkt\/pasito-a-pasito-biscuit-babytragetasche-mit-wickelunterlage-praktisch-und-geraeumig-hergestellt-aus-umweltfreundlichem-rindsleder-farbe-rosa-masse-42-x-25-x-16-cm\/","name":"Pasito a Pasito 74079-PV18 Beutel - Markt-XXL","isPartOf":{"@id":"https:\/\/marktxxl.de\/markt\/#website"},"primaryImageOfPage":{"@id":"https:\/\/marktxxl.de\/markt\/produkt\/pasito-a-pasito-biscuit-babytragetasche-mit-wickelunterlage-praktisch-und-geraeumig-hergestellt-aus-umweltfreundlichem-rindsleder-farbe-rosa-masse-42-x-25-x-16-cm\/#primaryimage"},"image":{"@id":"https:\/\/marktxxl.de\/markt\/produkt\/pasito-a-pasito-biscuit-babytragetasche-mit-wickelunterlage-praktisch-und-geraeumig-hergestellt-aus-umweltfreundlichem-rindsleder-farbe-rosa-masse-42-x-25-x-16-cm\/#primaryimage"},"thumbnailUrl":"https:\/\/m.media-amazon.com\/images\/I\/21wTokDJuiL._SL500_.jpg","datePublished":"2022-05-14T20:35:02+00:00","dateModified":"2023-04-11T01:41:28+00:00","description":"Markt-XXL Pasito a Pasito 74079-PV18 Beutel","breadcrumb":{"@id":"https:\/\/marktxxl.de\/markt\/produkt\/pasito-a-pasito-biscuit-babytragetasche-mit-wickelunterlage-praktisch-und-geraeumig-hergestellt-aus-umweltfreundlichem-rindsleder-farbe-rosa-masse-42-x-25-x-16-cm\/#breadcrumb"},"inLanguage":"de","potentialAction":[{"@type":"ReadAction","target":["https:\/\/marktxxl.de\/markt\/produkt\/pasito-a-pasito-biscuit-babytragetasche-mit-wickelunterlage-praktisch-und-geraeumig-hergestellt-aus-umweltfreundlichem-rindsleder-farbe-rosa-masse-42-x-25-x-16-cm\/"]}]},{"@type":"ImageObject","inLanguage":"de","@id":"https:\/\/marktxxl.de\/markt\/produkt\/pasito-a-pasito-biscuit-babytragetasche-mit-wickelunterlage-praktisch-und-geraeumig-hergestellt-aus-umweltfreundlichem-rindsleder-farbe-rosa-masse-42-x-25-x-16-cm\/#primaryimage","url":"https:\/\/m.media-amazon.com\/images\/I\/21wTokDJuiL._SL500_.jpg","contentUrl":"https:\/\/m.media-amazon.com\/images\/I\/21wTokDJuiL._SL500_.jpg","width":500,"height":500},{"@type":"BreadcrumbList","@id":"https:\/\/marktxxl.de\/markt\/produkt\/pasito-a-pasito-biscuit-babytragetasche-mit-wickelunterlage-praktisch-und-geraeumig-hergestellt-aus-umweltfreundlichem-rindsleder-farbe-rosa-masse-42-x-25-x-16-cm\/#breadcrumb","itemListElement":[{"@type":"ListItem","position":1,"name":"Startseite","item":"https:\/\/marktxxl.de\/markt\/"},{"@type":"ListItem","position":2,"name":"Markt","item":"https:\/\/marktxxl.de\/markt\/"},{"@type":"ListItem","position":3,"name":"Pasito a Pasito 74079-PV18 Beutel"}]},{"@type":"WebSite","@id":"https:\/\/marktxxl.de\/markt\/#website","url":"https:\/\/marktxxl.de\/markt\/","name":"Markt-XXL","description":"Ihr Markt Online","publisher":{"@id":"https:\/\/marktxxl.de\/markt\/#organization"},"potentialAction":[{"@type":"SearchAction","target":{"@type":"EntryPoint","urlTemplate":"https:\/\/marktxxl.de\/markt\/?s={search_term_string}"},"query-input":{"@type":"PropertyValueSpecification","valueRequired":true,"valueName":"search_term_string"}}],"inLanguage":"de"},{"@type":"Organization","@id":"https:\/\/marktxxl.de\/markt\/#organization","name":"Markt-XXL","url":"https:\/\/marktxxl.de\/markt\/","logo":{"@type":"ImageObject","inLanguage":"de","@id":"https:\/\/marktxxl.de\/markt\/#\/schema\/logo\/image\/","url":"https:\/\/marktxxl.de\/markt\/wp-content\/uploads\/sites\/3\/2020\/12\/logo.png","contentUrl":"https:\/\/marktxxl.de\/markt\/wp-content\/uploads\/sites\/3\/2020\/12\/logo.png","width":200,"height":70,"caption":"Markt-XXL"},"image":{"@id":"https:\/\/marktxxl.de\/markt\/#\/schema\/logo\/image\/"}}]}},"_links":{"self":[{"href":"https:\/\/marktxxl.de\/markt\/wp-json\/wp\/v2\/product\/114367","targetHints":{"allow":["GET"]}}],"collection":[{"href":"https:\/\/marktxxl.de\/markt\/wp-json\/wp\/v2\/product"}],"about":[{"href":"https:\/\/marktxxl.de\/markt\/wp-json\/wp\/v2\/types\/product"}],"replies":[{"embeddable":true,"href":"https:\/\/marktxxl.de\/markt\/wp-json\/wp\/v2\/comments?post=114367"}],"wp:featuredmedia":[{"embeddable":true,"href":"https:\/\/marktxxl.de\/markt\/wp-json\/wp\/v2\/media\/114368"}],"wp:attachment":[{"href":"https:\/\/marktxxl.de\/markt\/wp-json\/wp\/v2\/media?parent=114367"}],"wp:term":[{"taxonomy":"product_brand","embeddable":true,"href":"https:\/\/marktxxl.de\/markt\/wp-json\/wp\/v2\/product_brand?post=114367"},{"taxonomy":"product_cat","embeddable":true,"href":"https:\/\/marktxxl.de\/markt\/wp-json\/wp\/v2\/product_cat?post=114367"},{"taxonomy":"product_tag","embeddable":true,"href":"https:\/\/marktxxl.de\/markt\/wp-json\/wp\/v2\/product_tag?post=114367"}],"curies":[{"name":"wp","href":"https:\/\/api.w.org\/{rel}","templated":true}]}}