{"id":114109,"date":"2022-05-14T22:22:59","date_gmt":"2022-05-14T20:22:59","guid":{"rendered":"https:\/\/marktxxl.de\/markt\/produkt\/milupa-milumil-kindermilch-ab-2-jahren-5er-pack-5-x-550-g\/"},"modified":"2023-04-11T03:41:22","modified_gmt":"2023-04-11T01:41:22","slug":"milupa-milumil-kindermilch-ab-2-jahren-5er-pack-5-x-550-g","status":"publish","type":"product","link":"https:\/\/marktxxl.de\/markt\/produkt\/milupa-milumil-kindermilch-ab-2-jahren-5er-pack-5-x-550-g\/","title":{"rendered":"Milupa Milumil Kindermilch &#8211; Milchgetr\u00e4nk ab 2 Jahren, Ohne Palm\u00f6l, GOS &amp; FOS, Babynahrung, Beikost, Milchpulver, 5er\u2026"},"content":{"rendered":"<p>Aus Liebe zu kleinen B\u00e4uchlein: Seit 100 Jahren stecken wir all unsere Erfahrung und unser Wissen in unsere Produkte. Unsere Kindermilchen sind auf die nat\u00fcrliche Entwicklung deines Kleinkindes abgestimmt und entsprechen den neuesten Empfehlungen von Ern\u00e4hrungsexperten. Mit unseren hohen Qualit\u00e4tsstandards stellen wir sicher, dass unsere Produkte genau das enthalten, was kleine B\u00e4uchlein brauchen und drau\u00dfen bleibt, was nicht reingeh\u00f6rt<br \/>\nGOS\/FOS<br \/>\nCALCIUM &amp; VITAMIN D<br \/>\nPFLANZLICHE \u00d6LE OHNE PALM\u00d6L<br \/>\nSCHMECKT WARM ODER KALT<br \/>\n<div class=\"main-cross-sell\" data-asin=\"B01BHPW69Y\">\n\n\t<div class=\"WooZone-cross-sell-loader\">\n\t\t<div>\n\t\t\t<div id=\"floatingBarsG\">\n\t\t\t\t<div class=\"blockG\" id=\"rotateG_01\"><\/div>\n\t\t\t\t<div class=\"blockG\" id=\"rotateG_02\"><\/div>\n\t\t\t\t<div class=\"blockG\" id=\"rotateG_03\"><\/div>\n\t\t\t\t<div class=\"blockG\" id=\"rotateG_04\"><\/div>\n\t\t\t\t<div class=\"blockG\" id=\"rotateG_05\"><\/div>\n\t\t\t\t<div class=\"blockG\" id=\"rotateG_06\"><\/div>\n\t\t\t\t<div class=\"blockG\" id=\"rotateG_07\"><\/div>\n\t\t\t\t<div class=\"blockG\" id=\"rotateG_08\"><\/div>\n\t\t\t<\/div>\n\t\t\t<div class=\"WooZone-cross-sell-loader-text\"><\/div>\n\t\t<\/div>\n\t<\/div>\n\n\t\t\n<\/div>\n<div style=\"clear:both;\"><\/div><\/p>\n","protected":false},"excerpt":{"rendered":"<p>Aus Liebe zu kleinen B\u00e4uchlein: Seit 100 Jahren stecken wir all unsere Erfahrung und unser Wissen in unsere Produkte. Unsere Kindermilchen sind auf die nat\u00fcrliche Entwicklung deines Kleinkindes abgestimmt und entsprechen den neuesten Empfehlungen von Ern\u00e4hrungsexperten. Mit unseren hohen Qualit\u00e4tsstandards stellen wir sicher, dass unsere Produkte genau das enthalten, was kleine B\u00e4uchlein brauchen und drau\u00dfen bleibt, was nicht reingeh\u00f6rt<br \/>\nGOS\/FOS<br \/>\nCALCIUM &amp; VITAMIN D<\/p>\n","protected":false},"featured_media":114110,"comment_status":"open","ping_status":"closed","template":"","meta":[],"product_brand":[],"product_cat":[21,9216],"product_tag":[],"class_list":{"0":"post-114109","1":"product","2":"type-product","3":"status-publish","4":"has-post-thumbnail","6":"product_cat-baby","7":"product_cat-ernaehrung-stillen-baby","8":"pa_binding-lebensmittel-getraenke","9":"pa_brand-milumil","10":"pa_languages-bestandteile-deutsch","11":"pa_manufacturer-nutricia-milupa-gmbh-postfach-100359-60003-frankfurt","12":"pa_model-33710","13":"pa_size-550-g-5er-pack","14":"pa_weight-6-062712205-pfund","16":"first","17":"instock","18":"shipping-taxable","19":"purchasable","20":"product-type-simple","21":"customify-col","22":"product-has-gallery"},"yoast_head":"<!-- This site is optimized with the Yoast SEO plugin v27.3 - https:\/\/yoast.com\/product\/yoast-seo-wordpress\/ -->\n<title>Milupa Milumil Kindermilch - Milchgetr\u00e4nk ab 2 Jahren, Ohne Palm\u00f6l, GOS &amp; FOS, Babynahrung, Beikost, Milchpulver, 5er\u2026 - Markt-XXL<\/title>\n<meta name=\"description\" content=\"Markt-XXL Milupa Milumil Kindermilch - Milchgetr\u00e4nk ab 2 Jahren, Ohne Palm\u00f6l, GOS &amp; FOS, Babynahrung, Beikost, Milchpulver, 5er\u2026\" \/>\n<meta name=\"robots\" content=\"index, follow, max-snippet:-1, max-image-preview:large, max-video-preview:-1\" \/>\n<link rel=\"canonical\" href=\"https:\/\/marktxxl.de\/markt\/produkt\/milupa-milumil-kindermilch-ab-2-jahren-5er-pack-5-x-550-g\/\" \/>\n<meta property=\"og:locale\" content=\"de_DE\" \/>\n<meta property=\"og:type\" content=\"article\" \/>\n<meta property=\"og:title\" content=\"Milupa Milumil Kindermilch - Milchgetr\u00e4nk ab 2 Jahren, Ohne Palm\u00f6l, GOS &amp; FOS, Babynahrung, Beikost, Milchpulver, 5er\u2026 - Markt-XXL\" \/>\n<meta property=\"og:description\" content=\"Markt-XXL Milupa Milumil Kindermilch - Milchgetr\u00e4nk ab 2 Jahren, Ohne Palm\u00f6l, GOS &amp; FOS, Babynahrung, Beikost, Milchpulver, 5er\u2026\" \/>\n<meta property=\"og:url\" content=\"https:\/\/marktxxl.de\/markt\/produkt\/milupa-milumil-kindermilch-ab-2-jahren-5er-pack-5-x-550-g\/\" \/>\n<meta property=\"og:site_name\" content=\"Markt-XXL\" \/>\n<meta property=\"article:modified_time\" content=\"2023-04-11T01:41:22+00:00\" \/>\n<meta property=\"og:image\" content=\"https:\/\/m.media-amazon.com\/images\/I\/51oABW0HauL._SL500_.jpg\" \/>\n\t<meta property=\"og:image:width\" content=\"350\" \/>\n\t<meta property=\"og:image:height\" content=\"500\" \/>\n\t<meta property=\"og:image:type\" content=\"image\/jpeg\" \/>\n<meta name=\"twitter:card\" content=\"summary_large_image\" \/>\n<script type=\"application\/ld+json\" class=\"yoast-schema-graph\">{\"@context\":\"https:\\\/\\\/schema.org\",\"@graph\":[{\"@type\":\"WebPage\",\"@id\":\"https:\\\/\\\/marktxxl.de\\\/markt\\\/produkt\\\/milupa-milumil-kindermilch-ab-2-jahren-5er-pack-5-x-550-g\\\/\",\"url\":\"https:\\\/\\\/marktxxl.de\\\/markt\\\/produkt\\\/milupa-milumil-kindermilch-ab-2-jahren-5er-pack-5-x-550-g\\\/\",\"name\":\"Milupa Milumil Kindermilch - Milchgetr\u00e4nk ab 2 Jahren, Ohne Palm\u00f6l, GOS &amp; FOS, Babynahrung, Beikost, Milchpulver, 5er\u2026 - Markt-XXL\",\"isPartOf\":{\"@id\":\"https:\\\/\\\/marktxxl.de\\\/markt\\\/#website\"},\"primaryImageOfPage\":{\"@id\":\"https:\\\/\\\/marktxxl.de\\\/markt\\\/produkt\\\/milupa-milumil-kindermilch-ab-2-jahren-5er-pack-5-x-550-g\\\/#primaryimage\"},\"image\":{\"@id\":\"https:\\\/\\\/marktxxl.de\\\/markt\\\/produkt\\\/milupa-milumil-kindermilch-ab-2-jahren-5er-pack-5-x-550-g\\\/#primaryimage\"},\"thumbnailUrl\":\"https:\\\/\\\/m.media-amazon.com\\\/images\\\/I\\\/51oABW0HauL._SL500_.jpg\",\"datePublished\":\"2022-05-14T20:22:59+00:00\",\"dateModified\":\"2023-04-11T01:41:22+00:00\",\"description\":\"Markt-XXL Milupa Milumil Kindermilch - Milchgetr\u00e4nk ab 2 Jahren, Ohne Palm\u00f6l, GOS &amp; FOS, Babynahrung, Beikost, Milchpulver, 5er\u2026\",\"breadcrumb\":{\"@id\":\"https:\\\/\\\/marktxxl.de\\\/markt\\\/produkt\\\/milupa-milumil-kindermilch-ab-2-jahren-5er-pack-5-x-550-g\\\/#breadcrumb\"},\"inLanguage\":\"de\",\"potentialAction\":[{\"@type\":\"ReadAction\",\"target\":[\"https:\\\/\\\/marktxxl.de\\\/markt\\\/produkt\\\/milupa-milumil-kindermilch-ab-2-jahren-5er-pack-5-x-550-g\\\/\"]}]},{\"@type\":\"ImageObject\",\"inLanguage\":\"de\",\"@id\":\"https:\\\/\\\/marktxxl.de\\\/markt\\\/produkt\\\/milupa-milumil-kindermilch-ab-2-jahren-5er-pack-5-x-550-g\\\/#primaryimage\",\"url\":\"https:\\\/\\\/m.media-amazon.com\\\/images\\\/I\\\/51oABW0HauL._SL500_.jpg\",\"contentUrl\":\"https:\\\/\\\/m.media-amazon.com\\\/images\\\/I\\\/51oABW0HauL._SL500_.jpg\",\"width\":350,\"height\":500},{\"@type\":\"BreadcrumbList\",\"@id\":\"https:\\\/\\\/marktxxl.de\\\/markt\\\/produkt\\\/milupa-milumil-kindermilch-ab-2-jahren-5er-pack-5-x-550-g\\\/#breadcrumb\",\"itemListElement\":[{\"@type\":\"ListItem\",\"position\":1,\"name\":\"Startseite\",\"item\":\"https:\\\/\\\/marktxxl.de\\\/markt\\\/\"},{\"@type\":\"ListItem\",\"position\":2,\"name\":\"Markt\",\"item\":\"https:\\\/\\\/marktxxl.de\\\/markt\\\/\"},{\"@type\":\"ListItem\",\"position\":3,\"name\":\"Milupa Milumil Kindermilch &#8211; Milchgetr\u00e4nk ab 2 Jahren, Ohne Palm\u00f6l, GOS &amp; FOS, Babynahrung, Beikost, Milchpulver, 5er\u2026\"}]},{\"@type\":\"WebSite\",\"@id\":\"https:\\\/\\\/marktxxl.de\\\/markt\\\/#website\",\"url\":\"https:\\\/\\\/marktxxl.de\\\/markt\\\/\",\"name\":\"Markt-XXL\",\"description\":\"Ihr Markt Online\",\"publisher\":{\"@id\":\"https:\\\/\\\/marktxxl.de\\\/markt\\\/#organization\"},\"potentialAction\":[{\"@type\":\"SearchAction\",\"target\":{\"@type\":\"EntryPoint\",\"urlTemplate\":\"https:\\\/\\\/marktxxl.de\\\/markt\\\/?s={search_term_string}\"},\"query-input\":{\"@type\":\"PropertyValueSpecification\",\"valueRequired\":true,\"valueName\":\"search_term_string\"}}],\"inLanguage\":\"de\"},{\"@type\":\"Organization\",\"@id\":\"https:\\\/\\\/marktxxl.de\\\/markt\\\/#organization\",\"name\":\"Markt-XXL\",\"url\":\"https:\\\/\\\/marktxxl.de\\\/markt\\\/\",\"logo\":{\"@type\":\"ImageObject\",\"inLanguage\":\"de\",\"@id\":\"https:\\\/\\\/marktxxl.de\\\/markt\\\/#\\\/schema\\\/logo\\\/image\\\/\",\"url\":\"https:\\\/\\\/marktxxl.de\\\/markt\\\/wp-content\\\/uploads\\\/sites\\\/3\\\/2020\\\/12\\\/logo.png\",\"contentUrl\":\"https:\\\/\\\/marktxxl.de\\\/markt\\\/wp-content\\\/uploads\\\/sites\\\/3\\\/2020\\\/12\\\/logo.png\",\"width\":200,\"height\":70,\"caption\":\"Markt-XXL\"},\"image\":{\"@id\":\"https:\\\/\\\/marktxxl.de\\\/markt\\\/#\\\/schema\\\/logo\\\/image\\\/\"}}]}<\/script>\n<!-- \/ Yoast SEO plugin. -->","yoast_head_json":{"title":"Milupa Milumil Kindermilch - Milchgetr\u00e4nk ab 2 Jahren, Ohne Palm\u00f6l, GOS &amp; FOS, Babynahrung, Beikost, Milchpulver, 5er\u2026 - Markt-XXL","description":"Markt-XXL Milupa Milumil Kindermilch - Milchgetr\u00e4nk ab 2 Jahren, Ohne Palm\u00f6l, GOS &amp; FOS, Babynahrung, Beikost, Milchpulver, 5er\u2026","robots":{"index":"index","follow":"follow","max-snippet":"max-snippet:-1","max-image-preview":"max-image-preview:large","max-video-preview":"max-video-preview:-1"},"canonical":"https:\/\/marktxxl.de\/markt\/produkt\/milupa-milumil-kindermilch-ab-2-jahren-5er-pack-5-x-550-g\/","og_locale":"de_DE","og_type":"article","og_title":"Milupa Milumil Kindermilch - Milchgetr\u00e4nk ab 2 Jahren, Ohne Palm\u00f6l, GOS &amp; FOS, Babynahrung, Beikost, Milchpulver, 5er\u2026 - Markt-XXL","og_description":"Markt-XXL Milupa Milumil Kindermilch - Milchgetr\u00e4nk ab 2 Jahren, Ohne Palm\u00f6l, GOS &amp; FOS, Babynahrung, Beikost, Milchpulver, 5er\u2026","og_url":"https:\/\/marktxxl.de\/markt\/produkt\/milupa-milumil-kindermilch-ab-2-jahren-5er-pack-5-x-550-g\/","og_site_name":"Markt-XXL","article_modified_time":"2023-04-11T01:41:22+00:00","og_image":[{"width":350,"height":500,"url":"https:\/\/m.media-amazon.com\/images\/I\/51oABW0HauL._SL500_.jpg","type":"image\/jpeg"}],"twitter_card":"summary_large_image","schema":{"@context":"https:\/\/schema.org","@graph":[{"@type":"WebPage","@id":"https:\/\/marktxxl.de\/markt\/produkt\/milupa-milumil-kindermilch-ab-2-jahren-5er-pack-5-x-550-g\/","url":"https:\/\/marktxxl.de\/markt\/produkt\/milupa-milumil-kindermilch-ab-2-jahren-5er-pack-5-x-550-g\/","name":"Milupa Milumil Kindermilch - Milchgetr\u00e4nk ab 2 Jahren, Ohne Palm\u00f6l, GOS &amp; FOS, Babynahrung, Beikost, Milchpulver, 5er\u2026 - Markt-XXL","isPartOf":{"@id":"https:\/\/marktxxl.de\/markt\/#website"},"primaryImageOfPage":{"@id":"https:\/\/marktxxl.de\/markt\/produkt\/milupa-milumil-kindermilch-ab-2-jahren-5er-pack-5-x-550-g\/#primaryimage"},"image":{"@id":"https:\/\/marktxxl.de\/markt\/produkt\/milupa-milumil-kindermilch-ab-2-jahren-5er-pack-5-x-550-g\/#primaryimage"},"thumbnailUrl":"https:\/\/m.media-amazon.com\/images\/I\/51oABW0HauL._SL500_.jpg","datePublished":"2022-05-14T20:22:59+00:00","dateModified":"2023-04-11T01:41:22+00:00","description":"Markt-XXL Milupa Milumil Kindermilch - Milchgetr\u00e4nk ab 2 Jahren, Ohne Palm\u00f6l, GOS &amp; FOS, Babynahrung, Beikost, Milchpulver, 5er\u2026","breadcrumb":{"@id":"https:\/\/marktxxl.de\/markt\/produkt\/milupa-milumil-kindermilch-ab-2-jahren-5er-pack-5-x-550-g\/#breadcrumb"},"inLanguage":"de","potentialAction":[{"@type":"ReadAction","target":["https:\/\/marktxxl.de\/markt\/produkt\/milupa-milumil-kindermilch-ab-2-jahren-5er-pack-5-x-550-g\/"]}]},{"@type":"ImageObject","inLanguage":"de","@id":"https:\/\/marktxxl.de\/markt\/produkt\/milupa-milumil-kindermilch-ab-2-jahren-5er-pack-5-x-550-g\/#primaryimage","url":"https:\/\/m.media-amazon.com\/images\/I\/51oABW0HauL._SL500_.jpg","contentUrl":"https:\/\/m.media-amazon.com\/images\/I\/51oABW0HauL._SL500_.jpg","width":350,"height":500},{"@type":"BreadcrumbList","@id":"https:\/\/marktxxl.de\/markt\/produkt\/milupa-milumil-kindermilch-ab-2-jahren-5er-pack-5-x-550-g\/#breadcrumb","itemListElement":[{"@type":"ListItem","position":1,"name":"Startseite","item":"https:\/\/marktxxl.de\/markt\/"},{"@type":"ListItem","position":2,"name":"Markt","item":"https:\/\/marktxxl.de\/markt\/"},{"@type":"ListItem","position":3,"name":"Milupa Milumil Kindermilch &#8211; Milchgetr\u00e4nk ab 2 Jahren, Ohne Palm\u00f6l, GOS &amp; FOS, Babynahrung, Beikost, Milchpulver, 5er\u2026"}]},{"@type":"WebSite","@id":"https:\/\/marktxxl.de\/markt\/#website","url":"https:\/\/marktxxl.de\/markt\/","name":"Markt-XXL","description":"Ihr Markt Online","publisher":{"@id":"https:\/\/marktxxl.de\/markt\/#organization"},"potentialAction":[{"@type":"SearchAction","target":{"@type":"EntryPoint","urlTemplate":"https:\/\/marktxxl.de\/markt\/?s={search_term_string}"},"query-input":{"@type":"PropertyValueSpecification","valueRequired":true,"valueName":"search_term_string"}}],"inLanguage":"de"},{"@type":"Organization","@id":"https:\/\/marktxxl.de\/markt\/#organization","name":"Markt-XXL","url":"https:\/\/marktxxl.de\/markt\/","logo":{"@type":"ImageObject","inLanguage":"de","@id":"https:\/\/marktxxl.de\/markt\/#\/schema\/logo\/image\/","url":"https:\/\/marktxxl.de\/markt\/wp-content\/uploads\/sites\/3\/2020\/12\/logo.png","contentUrl":"https:\/\/marktxxl.de\/markt\/wp-content\/uploads\/sites\/3\/2020\/12\/logo.png","width":200,"height":70,"caption":"Markt-XXL"},"image":{"@id":"https:\/\/marktxxl.de\/markt\/#\/schema\/logo\/image\/"}}]}},"_links":{"self":[{"href":"https:\/\/marktxxl.de\/markt\/wp-json\/wp\/v2\/product\/114109","targetHints":{"allow":["GET"]}}],"collection":[{"href":"https:\/\/marktxxl.de\/markt\/wp-json\/wp\/v2\/product"}],"about":[{"href":"https:\/\/marktxxl.de\/markt\/wp-json\/wp\/v2\/types\/product"}],"replies":[{"embeddable":true,"href":"https:\/\/marktxxl.de\/markt\/wp-json\/wp\/v2\/comments?post=114109"}],"wp:featuredmedia":[{"embeddable":true,"href":"https:\/\/marktxxl.de\/markt\/wp-json\/wp\/v2\/media\/114110"}],"wp:attachment":[{"href":"https:\/\/marktxxl.de\/markt\/wp-json\/wp\/v2\/media?parent=114109"}],"wp:term":[{"taxonomy":"product_brand","embeddable":true,"href":"https:\/\/marktxxl.de\/markt\/wp-json\/wp\/v2\/product_brand?post=114109"},{"taxonomy":"product_cat","embeddable":true,"href":"https:\/\/marktxxl.de\/markt\/wp-json\/wp\/v2\/product_cat?post=114109"},{"taxonomy":"product_tag","embeddable":true,"href":"https:\/\/marktxxl.de\/markt\/wp-json\/wp\/v2\/product_tag?post=114109"}],"curies":[{"name":"wp","href":"https:\/\/api.w.org\/{rel}","templated":true}]}}