{"id":114083,"date":"2022-05-14T22:22:42","date_gmt":"2022-05-14T20:22:42","guid":{"rendered":"https:\/\/marktxxl.de\/markt\/produkt\/bumkins-unisex-baby-toddler-waterproof-junior-bib-1-3yrs-jungle-kinderlaetzchen-jungle-einheitsgroesse\/"},"modified":"2023-04-11T03:41:21","modified_gmt":"2023-04-11T01:41:21","slug":"bumkins-unisex-baby-toddler-waterproof-junior-bib-1-3yrs-jungle-kinderlaetzchen-jungle-einheitsgroesse","status":"publish","type":"product","link":"https:\/\/marktxxl.de\/markt\/produkt\/bumkins-unisex-baby-toddler-waterproof-junior-bib-1-3yrs-jungle-kinderlaetzchen-jungle-einheitsgroesse\/","title":{"rendered":"Bumkins Baby-Jungen Kinderl\u00e4tzchen"},"content":{"rendered":"<p>Passend f\u00fcr 1 \u2013 3 Jahre \u2013 die Auffangtasche hilft Versch\u00fcttungen aufzufangen. Mit leicht verstellbarem Klettverschluss Ma\u00dfe: ca. 37 cm Durchmesser, 35,5 cm vom Hals abw\u00e4rts, 42 cm von \u00c4rmel zu \u00c4rmel.<br \/>\nSch\u00fctzen Sie sich vor Unordnungen \u2013 Hergestellt aus leichtem, wasserdichtem, leicht abwischbarem, flecken- und geruchsabweisendem Stoff. Die einlagige Konstruktion bedeutet, dass Sie sich keine Sorgen machen m\u00fcssen, dass Sie sich zwischen den Stoffschichten wachsen. Ohne eine Baumwollschicht haften Flecken und Ger\u00fcche nicht<br \/>\nSicher im Labor getestet: Bei Bumkins sind wir stolz auf unsere strengen Produkttests, um sicherzustellen, dass Sie die sichersten Produkte haben. Unsere L\u00e4tzchen sind BPA-frei, PVC-frei, vinylfrei, phthalatfrei und bleifrei.<br \/>\nLeicht zu reinigen \u2013 unser Stoff ist abwischbar und maschinenwaschbar. Drehen Sie die Tasche auf links zum Waschen.Um die Lebensdauer unserer L\u00e4tzchen zu verl\u00e4ngern, empfehlen wir das Trocknen unseres schnell trocknenden Stoffes aufzuh\u00e4ngen.<br \/>\n\u00dcber unseren Stoff &#8211; 100% Polyester, leicht und atmungsaktiv mit TPU-Beschichtung f\u00fcr Wasserdichtigkeit.<br \/>\nMaterialzusammensetzung: 100 % Polyester mit TPU-Beschichtung; Stoffart: 100 % Polyester mit wasserdichter TPU-Beschichtung; Pflegehinweis: Maschinenw\u00e4sche<br \/>\n<div class=\"main-cross-sell\" data-asin=\"B093XMBQ5X\">\n\n\t<div class=\"WooZone-cross-sell-loader\">\n\t\t<div>\n\t\t\t<div id=\"floatingBarsG\">\n\t\t\t\t<div class=\"blockG\" id=\"rotateG_01\"><\/div>\n\t\t\t\t<div class=\"blockG\" id=\"rotateG_02\"><\/div>\n\t\t\t\t<div class=\"blockG\" id=\"rotateG_03\"><\/div>\n\t\t\t\t<div class=\"blockG\" id=\"rotateG_04\"><\/div>\n\t\t\t\t<div class=\"blockG\" id=\"rotateG_05\"><\/div>\n\t\t\t\t<div class=\"blockG\" id=\"rotateG_06\"><\/div>\n\t\t\t\t<div class=\"blockG\" id=\"rotateG_07\"><\/div>\n\t\t\t\t<div class=\"blockG\" id=\"rotateG_08\"><\/div>\n\t\t\t<\/div>\n\t\t\t<div class=\"WooZone-cross-sell-loader-text\"><\/div>\n\t\t<\/div>\n\t<\/div>\n\n\t\t\n<\/div>\n<div style=\"clear:both;\"><\/div><\/p>\n","protected":false},"excerpt":{"rendered":"<p>Passend f\u00fcr 1 \u2013 3 Jahre \u2013 die Auffangtasche hilft Versch\u00fcttungen aufzufangen. Mit leicht verstellbarem Klettverschluss Ma\u00dfe: ca. 37 cm Durchmesser, 35,5 cm vom Hals abw\u00e4rts, 42 cm von \u00c4rmel zu \u00c4rmel.<br \/>\nSch\u00fctzen Sie sich vor Unordnungen \u2013 Hergestellt aus leichtem, wasserdichtem, leicht abwischbarem, flecken- und geruchsabweisendem Stoff. Die einlagige Konstruktion bedeutet, dass Sie sich keine Sorgen machen m\u00fcssen, dass Sie sich zwischen den Stoffschichten wachsen. Ohne eine Baumwollschicht haften Flecken und Ger\u00fcche nicht<br \/>\nSicher im Labor getestet: Bei Bumkins sind wir stolz auf unsere strengen Produkttests, um sicherzustellen, dass Sie die sichersten Produkte haben. Unsere L\u00e4tzchen sind BPA-frei, PVC-frei, vinylfrei, phthalatfrei und bleifrei.<\/p>\n","protected":false},"featured_media":114084,"comment_status":"open","ping_status":"closed","template":"","meta":[],"product_brand":[],"product_cat":[21,9216],"product_tag":[],"class_list":{"0":"post-114083","1":"product","2":"type-product","3":"status-publish","4":"has-post-thumbnail","6":"product_cat-baby","7":"product_cat-ernaehrung-stillen-baby","8":"pa_binding-textilien","9":"pa_brand-bumkins","10":"pa_color-jungle","11":"pa_height-16-zoll","12":"pa_length-15-zoll","13":"pa_manufacturer-bumkins","14":"pa_model-u-52","15":"pa_size-einheitsgroesse","16":"pa_width-0-2-zoll","18":"first","19":"instock","20":"shipping-taxable","21":"purchasable","22":"product-type-simple","23":"customify-col","24":"product-has-gallery"},"yoast_head":"<!-- This site is optimized with the Yoast SEO plugin v27.3 - https:\/\/yoast.com\/product\/yoast-seo-wordpress\/ -->\n<title>Bumkins Baby-Jungen Kinderl\u00e4tzchen - Markt-XXL<\/title>\n<meta name=\"description\" content=\"Markt-XXL Bumkins Baby-Jungen Kinderl\u00e4tzchen\" \/>\n<meta name=\"robots\" content=\"index, follow, max-snippet:-1, max-image-preview:large, max-video-preview:-1\" \/>\n<link rel=\"canonical\" href=\"https:\/\/marktxxl.de\/markt\/produkt\/bumkins-unisex-baby-toddler-waterproof-junior-bib-1-3yrs-jungle-kinderlaetzchen-jungle-einheitsgroesse\/\" \/>\n<meta property=\"og:locale\" content=\"de_DE\" \/>\n<meta property=\"og:type\" content=\"article\" \/>\n<meta property=\"og:title\" content=\"Bumkins Baby-Jungen Kinderl\u00e4tzchen - Markt-XXL\" \/>\n<meta property=\"og:description\" content=\"Markt-XXL Bumkins Baby-Jungen Kinderl\u00e4tzchen\" \/>\n<meta property=\"og:url\" content=\"https:\/\/marktxxl.de\/markt\/produkt\/bumkins-unisex-baby-toddler-waterproof-junior-bib-1-3yrs-jungle-kinderlaetzchen-jungle-einheitsgroesse\/\" \/>\n<meta property=\"og:site_name\" content=\"Markt-XXL\" \/>\n<meta property=\"article:modified_time\" content=\"2023-04-11T01:41:21+00:00\" \/>\n<meta property=\"og:image\" content=\"https:\/\/m.media-amazon.com\/images\/I\/61AtyEZ7HEL._SL500_.jpg\" \/>\n\t<meta property=\"og:image:width\" content=\"500\" \/>\n\t<meta property=\"og:image:height\" content=\"500\" \/>\n\t<meta property=\"og:image:type\" content=\"image\/jpeg\" \/>\n<meta name=\"twitter:card\" content=\"summary_large_image\" \/>\n<meta name=\"twitter:label1\" content=\"Gesch\u00e4tzte Lesezeit\" \/>\n\t<meta name=\"twitter:data1\" content=\"1\u00a0Minute\" \/>\n<script type=\"application\/ld+json\" class=\"yoast-schema-graph\">{\"@context\":\"https:\\\/\\\/schema.org\",\"@graph\":[{\"@type\":\"WebPage\",\"@id\":\"https:\\\/\\\/marktxxl.de\\\/markt\\\/produkt\\\/bumkins-unisex-baby-toddler-waterproof-junior-bib-1-3yrs-jungle-kinderlaetzchen-jungle-einheitsgroesse\\\/\",\"url\":\"https:\\\/\\\/marktxxl.de\\\/markt\\\/produkt\\\/bumkins-unisex-baby-toddler-waterproof-junior-bib-1-3yrs-jungle-kinderlaetzchen-jungle-einheitsgroesse\\\/\",\"name\":\"Bumkins Baby-Jungen Kinderl\u00e4tzchen - Markt-XXL\",\"isPartOf\":{\"@id\":\"https:\\\/\\\/marktxxl.de\\\/markt\\\/#website\"},\"primaryImageOfPage\":{\"@id\":\"https:\\\/\\\/marktxxl.de\\\/markt\\\/produkt\\\/bumkins-unisex-baby-toddler-waterproof-junior-bib-1-3yrs-jungle-kinderlaetzchen-jungle-einheitsgroesse\\\/#primaryimage\"},\"image\":{\"@id\":\"https:\\\/\\\/marktxxl.de\\\/markt\\\/produkt\\\/bumkins-unisex-baby-toddler-waterproof-junior-bib-1-3yrs-jungle-kinderlaetzchen-jungle-einheitsgroesse\\\/#primaryimage\"},\"thumbnailUrl\":\"https:\\\/\\\/m.media-amazon.com\\\/images\\\/I\\\/61AtyEZ7HEL._SL500_.jpg\",\"datePublished\":\"2022-05-14T20:22:42+00:00\",\"dateModified\":\"2023-04-11T01:41:21+00:00\",\"description\":\"Markt-XXL Bumkins Baby-Jungen Kinderl\u00e4tzchen\",\"breadcrumb\":{\"@id\":\"https:\\\/\\\/marktxxl.de\\\/markt\\\/produkt\\\/bumkins-unisex-baby-toddler-waterproof-junior-bib-1-3yrs-jungle-kinderlaetzchen-jungle-einheitsgroesse\\\/#breadcrumb\"},\"inLanguage\":\"de\",\"potentialAction\":[{\"@type\":\"ReadAction\",\"target\":[\"https:\\\/\\\/marktxxl.de\\\/markt\\\/produkt\\\/bumkins-unisex-baby-toddler-waterproof-junior-bib-1-3yrs-jungle-kinderlaetzchen-jungle-einheitsgroesse\\\/\"]}]},{\"@type\":\"ImageObject\",\"inLanguage\":\"de\",\"@id\":\"https:\\\/\\\/marktxxl.de\\\/markt\\\/produkt\\\/bumkins-unisex-baby-toddler-waterproof-junior-bib-1-3yrs-jungle-kinderlaetzchen-jungle-einheitsgroesse\\\/#primaryimage\",\"url\":\"https:\\\/\\\/m.media-amazon.com\\\/images\\\/I\\\/61AtyEZ7HEL._SL500_.jpg\",\"contentUrl\":\"https:\\\/\\\/m.media-amazon.com\\\/images\\\/I\\\/61AtyEZ7HEL._SL500_.jpg\",\"width\":500,\"height\":500},{\"@type\":\"BreadcrumbList\",\"@id\":\"https:\\\/\\\/marktxxl.de\\\/markt\\\/produkt\\\/bumkins-unisex-baby-toddler-waterproof-junior-bib-1-3yrs-jungle-kinderlaetzchen-jungle-einheitsgroesse\\\/#breadcrumb\",\"itemListElement\":[{\"@type\":\"ListItem\",\"position\":1,\"name\":\"Startseite\",\"item\":\"https:\\\/\\\/marktxxl.de\\\/markt\\\/\"},{\"@type\":\"ListItem\",\"position\":2,\"name\":\"Markt\",\"item\":\"https:\\\/\\\/marktxxl.de\\\/markt\\\/\"},{\"@type\":\"ListItem\",\"position\":3,\"name\":\"Bumkins Baby-Jungen Kinderl\u00e4tzchen\"}]},{\"@type\":\"WebSite\",\"@id\":\"https:\\\/\\\/marktxxl.de\\\/markt\\\/#website\",\"url\":\"https:\\\/\\\/marktxxl.de\\\/markt\\\/\",\"name\":\"Markt-XXL\",\"description\":\"Ihr Markt Online\",\"publisher\":{\"@id\":\"https:\\\/\\\/marktxxl.de\\\/markt\\\/#organization\"},\"potentialAction\":[{\"@type\":\"SearchAction\",\"target\":{\"@type\":\"EntryPoint\",\"urlTemplate\":\"https:\\\/\\\/marktxxl.de\\\/markt\\\/?s={search_term_string}\"},\"query-input\":{\"@type\":\"PropertyValueSpecification\",\"valueRequired\":true,\"valueName\":\"search_term_string\"}}],\"inLanguage\":\"de\"},{\"@type\":\"Organization\",\"@id\":\"https:\\\/\\\/marktxxl.de\\\/markt\\\/#organization\",\"name\":\"Markt-XXL\",\"url\":\"https:\\\/\\\/marktxxl.de\\\/markt\\\/\",\"logo\":{\"@type\":\"ImageObject\",\"inLanguage\":\"de\",\"@id\":\"https:\\\/\\\/marktxxl.de\\\/markt\\\/#\\\/schema\\\/logo\\\/image\\\/\",\"url\":\"https:\\\/\\\/marktxxl.de\\\/markt\\\/wp-content\\\/uploads\\\/sites\\\/3\\\/2020\\\/12\\\/logo.png\",\"contentUrl\":\"https:\\\/\\\/marktxxl.de\\\/markt\\\/wp-content\\\/uploads\\\/sites\\\/3\\\/2020\\\/12\\\/logo.png\",\"width\":200,\"height\":70,\"caption\":\"Markt-XXL\"},\"image\":{\"@id\":\"https:\\\/\\\/marktxxl.de\\\/markt\\\/#\\\/schema\\\/logo\\\/image\\\/\"}}]}<\/script>\n<!-- \/ Yoast SEO plugin. -->","yoast_head_json":{"title":"Bumkins Baby-Jungen Kinderl\u00e4tzchen - Markt-XXL","description":"Markt-XXL Bumkins Baby-Jungen Kinderl\u00e4tzchen","robots":{"index":"index","follow":"follow","max-snippet":"max-snippet:-1","max-image-preview":"max-image-preview:large","max-video-preview":"max-video-preview:-1"},"canonical":"https:\/\/marktxxl.de\/markt\/produkt\/bumkins-unisex-baby-toddler-waterproof-junior-bib-1-3yrs-jungle-kinderlaetzchen-jungle-einheitsgroesse\/","og_locale":"de_DE","og_type":"article","og_title":"Bumkins Baby-Jungen Kinderl\u00e4tzchen - Markt-XXL","og_description":"Markt-XXL Bumkins Baby-Jungen Kinderl\u00e4tzchen","og_url":"https:\/\/marktxxl.de\/markt\/produkt\/bumkins-unisex-baby-toddler-waterproof-junior-bib-1-3yrs-jungle-kinderlaetzchen-jungle-einheitsgroesse\/","og_site_name":"Markt-XXL","article_modified_time":"2023-04-11T01:41:21+00:00","og_image":[{"width":500,"height":500,"url":"https:\/\/m.media-amazon.com\/images\/I\/61AtyEZ7HEL._SL500_.jpg","type":"image\/jpeg"}],"twitter_card":"summary_large_image","twitter_misc":{"Gesch\u00e4tzte Lesezeit":"1\u00a0Minute"},"schema":{"@context":"https:\/\/schema.org","@graph":[{"@type":"WebPage","@id":"https:\/\/marktxxl.de\/markt\/produkt\/bumkins-unisex-baby-toddler-waterproof-junior-bib-1-3yrs-jungle-kinderlaetzchen-jungle-einheitsgroesse\/","url":"https:\/\/marktxxl.de\/markt\/produkt\/bumkins-unisex-baby-toddler-waterproof-junior-bib-1-3yrs-jungle-kinderlaetzchen-jungle-einheitsgroesse\/","name":"Bumkins Baby-Jungen Kinderl\u00e4tzchen - Markt-XXL","isPartOf":{"@id":"https:\/\/marktxxl.de\/markt\/#website"},"primaryImageOfPage":{"@id":"https:\/\/marktxxl.de\/markt\/produkt\/bumkins-unisex-baby-toddler-waterproof-junior-bib-1-3yrs-jungle-kinderlaetzchen-jungle-einheitsgroesse\/#primaryimage"},"image":{"@id":"https:\/\/marktxxl.de\/markt\/produkt\/bumkins-unisex-baby-toddler-waterproof-junior-bib-1-3yrs-jungle-kinderlaetzchen-jungle-einheitsgroesse\/#primaryimage"},"thumbnailUrl":"https:\/\/m.media-amazon.com\/images\/I\/61AtyEZ7HEL._SL500_.jpg","datePublished":"2022-05-14T20:22:42+00:00","dateModified":"2023-04-11T01:41:21+00:00","description":"Markt-XXL Bumkins Baby-Jungen Kinderl\u00e4tzchen","breadcrumb":{"@id":"https:\/\/marktxxl.de\/markt\/produkt\/bumkins-unisex-baby-toddler-waterproof-junior-bib-1-3yrs-jungle-kinderlaetzchen-jungle-einheitsgroesse\/#breadcrumb"},"inLanguage":"de","potentialAction":[{"@type":"ReadAction","target":["https:\/\/marktxxl.de\/markt\/produkt\/bumkins-unisex-baby-toddler-waterproof-junior-bib-1-3yrs-jungle-kinderlaetzchen-jungle-einheitsgroesse\/"]}]},{"@type":"ImageObject","inLanguage":"de","@id":"https:\/\/marktxxl.de\/markt\/produkt\/bumkins-unisex-baby-toddler-waterproof-junior-bib-1-3yrs-jungle-kinderlaetzchen-jungle-einheitsgroesse\/#primaryimage","url":"https:\/\/m.media-amazon.com\/images\/I\/61AtyEZ7HEL._SL500_.jpg","contentUrl":"https:\/\/m.media-amazon.com\/images\/I\/61AtyEZ7HEL._SL500_.jpg","width":500,"height":500},{"@type":"BreadcrumbList","@id":"https:\/\/marktxxl.de\/markt\/produkt\/bumkins-unisex-baby-toddler-waterproof-junior-bib-1-3yrs-jungle-kinderlaetzchen-jungle-einheitsgroesse\/#breadcrumb","itemListElement":[{"@type":"ListItem","position":1,"name":"Startseite","item":"https:\/\/marktxxl.de\/markt\/"},{"@type":"ListItem","position":2,"name":"Markt","item":"https:\/\/marktxxl.de\/markt\/"},{"@type":"ListItem","position":3,"name":"Bumkins Baby-Jungen Kinderl\u00e4tzchen"}]},{"@type":"WebSite","@id":"https:\/\/marktxxl.de\/markt\/#website","url":"https:\/\/marktxxl.de\/markt\/","name":"Markt-XXL","description":"Ihr Markt Online","publisher":{"@id":"https:\/\/marktxxl.de\/markt\/#organization"},"potentialAction":[{"@type":"SearchAction","target":{"@type":"EntryPoint","urlTemplate":"https:\/\/marktxxl.de\/markt\/?s={search_term_string}"},"query-input":{"@type":"PropertyValueSpecification","valueRequired":true,"valueName":"search_term_string"}}],"inLanguage":"de"},{"@type":"Organization","@id":"https:\/\/marktxxl.de\/markt\/#organization","name":"Markt-XXL","url":"https:\/\/marktxxl.de\/markt\/","logo":{"@type":"ImageObject","inLanguage":"de","@id":"https:\/\/marktxxl.de\/markt\/#\/schema\/logo\/image\/","url":"https:\/\/marktxxl.de\/markt\/wp-content\/uploads\/sites\/3\/2020\/12\/logo.png","contentUrl":"https:\/\/marktxxl.de\/markt\/wp-content\/uploads\/sites\/3\/2020\/12\/logo.png","width":200,"height":70,"caption":"Markt-XXL"},"image":{"@id":"https:\/\/marktxxl.de\/markt\/#\/schema\/logo\/image\/"}}]}},"_links":{"self":[{"href":"https:\/\/marktxxl.de\/markt\/wp-json\/wp\/v2\/product\/114083","targetHints":{"allow":["GET"]}}],"collection":[{"href":"https:\/\/marktxxl.de\/markt\/wp-json\/wp\/v2\/product"}],"about":[{"href":"https:\/\/marktxxl.de\/markt\/wp-json\/wp\/v2\/types\/product"}],"replies":[{"embeddable":true,"href":"https:\/\/marktxxl.de\/markt\/wp-json\/wp\/v2\/comments?post=114083"}],"wp:featuredmedia":[{"embeddable":true,"href":"https:\/\/marktxxl.de\/markt\/wp-json\/wp\/v2\/media\/114084"}],"wp:attachment":[{"href":"https:\/\/marktxxl.de\/markt\/wp-json\/wp\/v2\/media?parent=114083"}],"wp:term":[{"taxonomy":"product_brand","embeddable":true,"href":"https:\/\/marktxxl.de\/markt\/wp-json\/wp\/v2\/product_brand?post=114083"},{"taxonomy":"product_cat","embeddable":true,"href":"https:\/\/marktxxl.de\/markt\/wp-json\/wp\/v2\/product_cat?post=114083"},{"taxonomy":"product_tag","embeddable":true,"href":"https:\/\/marktxxl.de\/markt\/wp-json\/wp\/v2\/product_tag?post=114083"}],"curies":[{"name":"wp","href":"https:\/\/api.w.org\/{rel}","templated":true}]}}