{"id":113836,"date":"2022-05-14T22:10:05","date_gmt":"2022-05-14T20:10:05","guid":{"rendered":"https:\/\/marktxxl.de\/markt\/produkt\/click-carry-tragetasche-fuer-lebensmittel-mit-weichem-gepolstertem-griff-kann-als-freihaendiger-einkaufstasche-plastiktuetenhalter-sportausruestung-und-mehr-verwendet-werden\/"},"modified":"2023-04-11T03:40:38","modified_gmt":"2023-04-11T01:40:38","slug":"click-carry-tragetasche-fuer-lebensmittel-mit-weichem-gepolstertem-griff-kann-als-freihaendiger-einkaufstasche-plastiktuetenhalter-sportausruestung-und-mehr-verwendet-werden","status":"publish","type":"product","link":"https:\/\/marktxxl.de\/markt\/produkt\/click-carry-tragetasche-fuer-lebensmittel-mit-weichem-gepolstertem-griff-kann-als-freihaendiger-einkaufstasche-plastiktuetenhalter-sportausruestung-und-mehr-verwendet-werden\/","title":{"rendered":"Click &amp; Carry Einkaufstasche, mit weichem gepolstertem Griff. Verwendung als freih\u00e4ndige Einkaufstasche\u2026"},"content":{"rendered":"<p>Bekannt aus dem TV: Click and Carry wurde auf Shark Tank, QVC \u2013 In the Kitchen with David, Bethenny, I Want That und Food Fortunes. Sein innovatives und multifunktionales Design hat es zu einem sofortigen Hit bei M\u00fcttern, Senioren, Malern, Sportbegeisterten und mehr gemacht.<br \/>\nWie es funktioniert: Das patentierte Design von Click &amp; Carry erm\u00f6glicht eine gleichm\u00e4\u00dfige Gewichtsverteilung von Taschen (Kunststoff, Papier oder Leinwand) und anderen schweren Gegenst\u00e4nden mit komfortabler Gel-Polsterung zur Polsterung Ihrer Schultern und H\u00e4nde. Jeder Click &amp; Carry Bag Carrier ist in der Mitte mit einer Drehs\u00e4ule mit 2 identischen Seitenmulden unterteilt, um Ihre Taschen oder Ladung zu halten.<br \/>\nMehrzweck: Zum Tragen von Lebensmitteln, Farbdosen, Sportausr\u00fcstung, und anderen schweren Gegenst\u00e4nden mit Griffen. Tragen Sie es in den H\u00e4nden oder tragen Sie es \u00fcber den Schultern f\u00fcr eine freih\u00e4ndige Verwendung. Unsere praktische Einkaufstasche kann auch verwendet werden, um Trockenreinigung, Baueimer, Skischuhe und mehrere Hundeleinen auf einmal zu transportieren. Ideal f\u00fcr Senioren mit Fingerfertigkeit, vielbesch\u00e4ftigte M\u00fctter und Stadtbewohner.<br \/>\nErgonomisches Design: Einfach einklemmen und transportieren Sie Einkaufstaschen an unseren Tragegriff. Die drehbare Oberseite l\u00e4sst sich zum einfachen Be- und Entladen von Beuteln drehen, rastet sie ein, w\u00e4hrend sie einen bequemen gepolsterten Griff bietet. Click &amp; Carry ist der ultimative Einkaufst\u00fctentr\u00e4ger f\u00fcr Plastikt\u00fcten und vieles mehr.<br \/>\nLeicht und praktisch: Mit einem Gewicht von ca. 90 g und einer Gr\u00f6\u00dfe von 13 cm x 4,5 cm x 3,8 cm ist der Click &amp; Carry leicht und klein und kann einfach in Ihre Handtasche, Ihren Rucksack oder den Kofferraum Ihres Autos geworfen werden. Jeder Seitenhohlraum kann bis zu 18 kg tragen (maximales Gewicht). 36,3 kg.) mit 2 Abschnitten auf jeder Seite Aus glattem, farbigem Kunststoff in Blau, Lila, Gr\u00fcn, Pink oder Schwarz.<br \/>\n<div class=\"main-cross-sell\" data-asin=\"B07QN5WYRD\">\n\n\t<div class=\"WooZone-cross-sell-loader\">\n\t\t<div>\n\t\t\t<div id=\"floatingBarsG\">\n\t\t\t\t<div class=\"blockG\" id=\"rotateG_01\"><\/div>\n\t\t\t\t<div class=\"blockG\" id=\"rotateG_02\"><\/div>\n\t\t\t\t<div class=\"blockG\" id=\"rotateG_03\"><\/div>\n\t\t\t\t<div class=\"blockG\" id=\"rotateG_04\"><\/div>\n\t\t\t\t<div class=\"blockG\" id=\"rotateG_05\"><\/div>\n\t\t\t\t<div class=\"blockG\" id=\"rotateG_06\"><\/div>\n\t\t\t\t<div class=\"blockG\" id=\"rotateG_07\"><\/div>\n\t\t\t\t<div class=\"blockG\" id=\"rotateG_08\"><\/div>\n\t\t\t<\/div>\n\t\t\t<div class=\"WooZone-cross-sell-loader-text\"><\/div>\n\t\t<\/div>\n\t<\/div>\n\n\t\t\n<\/div>\n<div style=\"clear:both;\"><\/div><\/p>\n","protected":false},"excerpt":{"rendered":"<p>Bekannt aus dem TV: Click and Carry wurde auf Shark Tank, QVC \u2013 In the Kitchen with David, Bethenny, I Want That und Food Fortunes. Sein innovatives und multifunktionales Design hat es zu einem sofortigen Hit bei M\u00fcttern, Senioren, Malern, Sportbegeisterten und mehr gemacht.<br \/>\nWie es funktioniert: Das patentierte Design von Click &amp; Carry erm\u00f6glicht eine gleichm\u00e4\u00dfige Gewichtsverteilung von Taschen (Kunststoff, Papier oder Leinwand) und anderen schweren Gegenst\u00e4nden mit komfortabler Gel-Polsterung zur Polsterung Ihrer Schultern und H\u00e4nde. Jeder Click &amp; Carry Bag Carrier ist in der Mitte mit einer Drehs\u00e4ule mit 2 identischen Seitenmulden unterteilt, um Ihre Taschen oder Ladung zu halten.<br \/>\nMehrzweck: Zum Tragen von Lebensmitteln, Farbdosen, Sportausr\u00fcstung, und anderen schweren Gegenst\u00e4nden mit Griffen. Tragen Sie es in den H\u00e4nden oder tragen Sie es \u00fcber den Schultern f\u00fcr eine freih\u00e4ndige Verwendung. Unsere praktische Einkaufstasche kann auch verwendet werden, um Trockenreinigung, Baueimer, Skischuhe und mehrere Hundeleinen auf einmal zu transportieren. Ideal f\u00fcr Senioren mit Fingerfertigkeit, vielbesch\u00e4ftigte M\u00fctter und Stadtbewohner.<\/p>\n","protected":false},"featured_media":113837,"comment_status":"open","ping_status":"closed","template":"","meta":[],"product_brand":[],"product_cat":[21,9074],"product_tag":[],"class_list":{"0":"post-113836","1":"product","2":"type-product","3":"status-publish","4":"has-post-thumbnail","6":"product_cat-baby","7":"product_cat-babytragen-baby","8":"pa_brand-click-carry","9":"pa_color-blau","10":"pa_height-1-96-zoll","11":"pa_length-5-25-zoll","12":"pa_manufacturer-click-carry","13":"pa_size-one-size","14":"pa_weight-5-14-unzen","15":"pa_width-1-37-zoll","17":"first","18":"instock","19":"shipping-taxable","20":"purchasable","21":"product-type-simple","22":"customify-col","23":"product-has-gallery"},"yoast_head":"<!-- This site is optimized with the Yoast SEO plugin v27.4 - https:\/\/yoast.com\/product\/yoast-seo-wordpress\/ -->\n<title>Click &amp; Carry Einkaufstasche, mit weichem gepolstertem Griff. Verwendung als freih\u00e4ndige Einkaufstasche\u2026 - Markt-XXL<\/title>\n<meta name=\"description\" content=\"Markt-XXL Click &amp; Carry Einkaufstasche, mit weichem gepolstertem Griff. Verwendung als freih\u00e4ndige Einkaufstasche\u2026\" \/>\n<meta name=\"robots\" content=\"index, follow, max-snippet:-1, max-image-preview:large, max-video-preview:-1\" \/>\n<link rel=\"canonical\" href=\"https:\/\/marktxxl.de\/markt\/produkt\/click-carry-tragetasche-fuer-lebensmittel-mit-weichem-gepolstertem-griff-kann-als-freihaendiger-einkaufstasche-plastiktuetenhalter-sportausruestung-und-mehr-verwendet-werden\/\" \/>\n<meta property=\"og:locale\" content=\"de_DE\" \/>\n<meta property=\"og:type\" content=\"article\" \/>\n<meta property=\"og:title\" content=\"Click &amp; Carry Einkaufstasche, mit weichem gepolstertem Griff. Verwendung als freih\u00e4ndige Einkaufstasche\u2026 - Markt-XXL\" \/>\n<meta property=\"og:description\" content=\"Markt-XXL Click &amp; Carry Einkaufstasche, mit weichem gepolstertem Griff. Verwendung als freih\u00e4ndige Einkaufstasche\u2026\" \/>\n<meta property=\"og:url\" content=\"https:\/\/marktxxl.de\/markt\/produkt\/click-carry-tragetasche-fuer-lebensmittel-mit-weichem-gepolstertem-griff-kann-als-freihaendiger-einkaufstasche-plastiktuetenhalter-sportausruestung-und-mehr-verwendet-werden\/\" \/>\n<meta property=\"og:site_name\" content=\"Markt-XXL\" \/>\n<meta property=\"article:modified_time\" content=\"2023-04-11T01:40:38+00:00\" \/>\n<meta property=\"og:image\" content=\"https:\/\/m.media-amazon.com\/images\/I\/41ioXQYrGsL._SL500_.jpg\" \/>\n\t<meta property=\"og:image:width\" content=\"500\" \/>\n\t<meta property=\"og:image:height\" content=\"463\" \/>\n\t<meta property=\"og:image:type\" content=\"image\/jpeg\" \/>\n<meta name=\"twitter:card\" content=\"summary_large_image\" \/>\n<meta name=\"twitter:label1\" content=\"Gesch\u00e4tzte Lesezeit\" \/>\n\t<meta name=\"twitter:data1\" content=\"2\u00a0Minuten\" \/>\n<script type=\"application\/ld+json\" class=\"yoast-schema-graph\">{\"@context\":\"https:\\\/\\\/schema.org\",\"@graph\":[{\"@type\":\"WebPage\",\"@id\":\"https:\\\/\\\/marktxxl.de\\\/markt\\\/produkt\\\/click-carry-tragetasche-fuer-lebensmittel-mit-weichem-gepolstertem-griff-kann-als-freihaendiger-einkaufstasche-plastiktuetenhalter-sportausruestung-und-mehr-verwendet-werden\\\/\",\"url\":\"https:\\\/\\\/marktxxl.de\\\/markt\\\/produkt\\\/click-carry-tragetasche-fuer-lebensmittel-mit-weichem-gepolstertem-griff-kann-als-freihaendiger-einkaufstasche-plastiktuetenhalter-sportausruestung-und-mehr-verwendet-werden\\\/\",\"name\":\"Click &amp; Carry Einkaufstasche, mit weichem gepolstertem Griff. Verwendung als freih\u00e4ndige Einkaufstasche\u2026 - Markt-XXL\",\"isPartOf\":{\"@id\":\"https:\\\/\\\/marktxxl.de\\\/markt\\\/#website\"},\"primaryImageOfPage\":{\"@id\":\"https:\\\/\\\/marktxxl.de\\\/markt\\\/produkt\\\/click-carry-tragetasche-fuer-lebensmittel-mit-weichem-gepolstertem-griff-kann-als-freihaendiger-einkaufstasche-plastiktuetenhalter-sportausruestung-und-mehr-verwendet-werden\\\/#primaryimage\"},\"image\":{\"@id\":\"https:\\\/\\\/marktxxl.de\\\/markt\\\/produkt\\\/click-carry-tragetasche-fuer-lebensmittel-mit-weichem-gepolstertem-griff-kann-als-freihaendiger-einkaufstasche-plastiktuetenhalter-sportausruestung-und-mehr-verwendet-werden\\\/#primaryimage\"},\"thumbnailUrl\":\"https:\\\/\\\/m.media-amazon.com\\\/images\\\/I\\\/41ioXQYrGsL._SL500_.jpg\",\"datePublished\":\"2022-05-14T20:10:05+00:00\",\"dateModified\":\"2023-04-11T01:40:38+00:00\",\"description\":\"Markt-XXL Click &amp; Carry Einkaufstasche, mit weichem gepolstertem Griff. Verwendung als freih\u00e4ndige Einkaufstasche\u2026\",\"breadcrumb\":{\"@id\":\"https:\\\/\\\/marktxxl.de\\\/markt\\\/produkt\\\/click-carry-tragetasche-fuer-lebensmittel-mit-weichem-gepolstertem-griff-kann-als-freihaendiger-einkaufstasche-plastiktuetenhalter-sportausruestung-und-mehr-verwendet-werden\\\/#breadcrumb\"},\"inLanguage\":\"de\",\"potentialAction\":[{\"@type\":\"ReadAction\",\"target\":[\"https:\\\/\\\/marktxxl.de\\\/markt\\\/produkt\\\/click-carry-tragetasche-fuer-lebensmittel-mit-weichem-gepolstertem-griff-kann-als-freihaendiger-einkaufstasche-plastiktuetenhalter-sportausruestung-und-mehr-verwendet-werden\\\/\"]}]},{\"@type\":\"ImageObject\",\"inLanguage\":\"de\",\"@id\":\"https:\\\/\\\/marktxxl.de\\\/markt\\\/produkt\\\/click-carry-tragetasche-fuer-lebensmittel-mit-weichem-gepolstertem-griff-kann-als-freihaendiger-einkaufstasche-plastiktuetenhalter-sportausruestung-und-mehr-verwendet-werden\\\/#primaryimage\",\"url\":\"https:\\\/\\\/m.media-amazon.com\\\/images\\\/I\\\/41ioXQYrGsL._SL500_.jpg\",\"contentUrl\":\"https:\\\/\\\/m.media-amazon.com\\\/images\\\/I\\\/41ioXQYrGsL._SL500_.jpg\",\"width\":500,\"height\":463},{\"@type\":\"BreadcrumbList\",\"@id\":\"https:\\\/\\\/marktxxl.de\\\/markt\\\/produkt\\\/click-carry-tragetasche-fuer-lebensmittel-mit-weichem-gepolstertem-griff-kann-als-freihaendiger-einkaufstasche-plastiktuetenhalter-sportausruestung-und-mehr-verwendet-werden\\\/#breadcrumb\",\"itemListElement\":[{\"@type\":\"ListItem\",\"position\":1,\"name\":\"Startseite\",\"item\":\"https:\\\/\\\/marktxxl.de\\\/markt\\\/\"},{\"@type\":\"ListItem\",\"position\":2,\"name\":\"Markt\",\"item\":\"https:\\\/\\\/marktxxl.de\\\/markt\\\/\"},{\"@type\":\"ListItem\",\"position\":3,\"name\":\"Click &amp; Carry Einkaufstasche, mit weichem gepolstertem Griff. Verwendung als freih\u00e4ndige Einkaufstasche\u2026\"}]},{\"@type\":\"WebSite\",\"@id\":\"https:\\\/\\\/marktxxl.de\\\/markt\\\/#website\",\"url\":\"https:\\\/\\\/marktxxl.de\\\/markt\\\/\",\"name\":\"Markt-XXL\",\"description\":\"Ihr Markt Online\",\"publisher\":{\"@id\":\"https:\\\/\\\/marktxxl.de\\\/markt\\\/#organization\"},\"potentialAction\":[{\"@type\":\"SearchAction\",\"target\":{\"@type\":\"EntryPoint\",\"urlTemplate\":\"https:\\\/\\\/marktxxl.de\\\/markt\\\/?s={search_term_string}\"},\"query-input\":{\"@type\":\"PropertyValueSpecification\",\"valueRequired\":true,\"valueName\":\"search_term_string\"}}],\"inLanguage\":\"de\"},{\"@type\":\"Organization\",\"@id\":\"https:\\\/\\\/marktxxl.de\\\/markt\\\/#organization\",\"name\":\"Markt-XXL\",\"url\":\"https:\\\/\\\/marktxxl.de\\\/markt\\\/\",\"logo\":{\"@type\":\"ImageObject\",\"inLanguage\":\"de\",\"@id\":\"https:\\\/\\\/marktxxl.de\\\/markt\\\/#\\\/schema\\\/logo\\\/image\\\/\",\"url\":\"https:\\\/\\\/marktxxl.de\\\/markt\\\/wp-content\\\/uploads\\\/sites\\\/3\\\/2020\\\/12\\\/logo.png\",\"contentUrl\":\"https:\\\/\\\/marktxxl.de\\\/markt\\\/wp-content\\\/uploads\\\/sites\\\/3\\\/2020\\\/12\\\/logo.png\",\"width\":200,\"height\":70,\"caption\":\"Markt-XXL\"},\"image\":{\"@id\":\"https:\\\/\\\/marktxxl.de\\\/markt\\\/#\\\/schema\\\/logo\\\/image\\\/\"}}]}<\/script>\n<!-- \/ Yoast SEO plugin. -->","yoast_head_json":{"title":"Click &amp; Carry Einkaufstasche, mit weichem gepolstertem Griff. Verwendung als freih\u00e4ndige Einkaufstasche\u2026 - Markt-XXL","description":"Markt-XXL Click &amp; Carry Einkaufstasche, mit weichem gepolstertem Griff. Verwendung als freih\u00e4ndige Einkaufstasche\u2026","robots":{"index":"index","follow":"follow","max-snippet":"max-snippet:-1","max-image-preview":"max-image-preview:large","max-video-preview":"max-video-preview:-1"},"canonical":"https:\/\/marktxxl.de\/markt\/produkt\/click-carry-tragetasche-fuer-lebensmittel-mit-weichem-gepolstertem-griff-kann-als-freihaendiger-einkaufstasche-plastiktuetenhalter-sportausruestung-und-mehr-verwendet-werden\/","og_locale":"de_DE","og_type":"article","og_title":"Click &amp; Carry Einkaufstasche, mit weichem gepolstertem Griff. Verwendung als freih\u00e4ndige Einkaufstasche\u2026 - Markt-XXL","og_description":"Markt-XXL Click &amp; Carry Einkaufstasche, mit weichem gepolstertem Griff. Verwendung als freih\u00e4ndige Einkaufstasche\u2026","og_url":"https:\/\/marktxxl.de\/markt\/produkt\/click-carry-tragetasche-fuer-lebensmittel-mit-weichem-gepolstertem-griff-kann-als-freihaendiger-einkaufstasche-plastiktuetenhalter-sportausruestung-und-mehr-verwendet-werden\/","og_site_name":"Markt-XXL","article_modified_time":"2023-04-11T01:40:38+00:00","og_image":[{"width":500,"height":463,"url":"https:\/\/m.media-amazon.com\/images\/I\/41ioXQYrGsL._SL500_.jpg","type":"image\/jpeg"}],"twitter_card":"summary_large_image","twitter_misc":{"Gesch\u00e4tzte Lesezeit":"2\u00a0Minuten"},"schema":{"@context":"https:\/\/schema.org","@graph":[{"@type":"WebPage","@id":"https:\/\/marktxxl.de\/markt\/produkt\/click-carry-tragetasche-fuer-lebensmittel-mit-weichem-gepolstertem-griff-kann-als-freihaendiger-einkaufstasche-plastiktuetenhalter-sportausruestung-und-mehr-verwendet-werden\/","url":"https:\/\/marktxxl.de\/markt\/produkt\/click-carry-tragetasche-fuer-lebensmittel-mit-weichem-gepolstertem-griff-kann-als-freihaendiger-einkaufstasche-plastiktuetenhalter-sportausruestung-und-mehr-verwendet-werden\/","name":"Click &amp; Carry Einkaufstasche, mit weichem gepolstertem Griff. Verwendung als freih\u00e4ndige Einkaufstasche\u2026 - Markt-XXL","isPartOf":{"@id":"https:\/\/marktxxl.de\/markt\/#website"},"primaryImageOfPage":{"@id":"https:\/\/marktxxl.de\/markt\/produkt\/click-carry-tragetasche-fuer-lebensmittel-mit-weichem-gepolstertem-griff-kann-als-freihaendiger-einkaufstasche-plastiktuetenhalter-sportausruestung-und-mehr-verwendet-werden\/#primaryimage"},"image":{"@id":"https:\/\/marktxxl.de\/markt\/produkt\/click-carry-tragetasche-fuer-lebensmittel-mit-weichem-gepolstertem-griff-kann-als-freihaendiger-einkaufstasche-plastiktuetenhalter-sportausruestung-und-mehr-verwendet-werden\/#primaryimage"},"thumbnailUrl":"https:\/\/m.media-amazon.com\/images\/I\/41ioXQYrGsL._SL500_.jpg","datePublished":"2022-05-14T20:10:05+00:00","dateModified":"2023-04-11T01:40:38+00:00","description":"Markt-XXL Click &amp; Carry Einkaufstasche, mit weichem gepolstertem Griff. Verwendung als freih\u00e4ndige Einkaufstasche\u2026","breadcrumb":{"@id":"https:\/\/marktxxl.de\/markt\/produkt\/click-carry-tragetasche-fuer-lebensmittel-mit-weichem-gepolstertem-griff-kann-als-freihaendiger-einkaufstasche-plastiktuetenhalter-sportausruestung-und-mehr-verwendet-werden\/#breadcrumb"},"inLanguage":"de","potentialAction":[{"@type":"ReadAction","target":["https:\/\/marktxxl.de\/markt\/produkt\/click-carry-tragetasche-fuer-lebensmittel-mit-weichem-gepolstertem-griff-kann-als-freihaendiger-einkaufstasche-plastiktuetenhalter-sportausruestung-und-mehr-verwendet-werden\/"]}]},{"@type":"ImageObject","inLanguage":"de","@id":"https:\/\/marktxxl.de\/markt\/produkt\/click-carry-tragetasche-fuer-lebensmittel-mit-weichem-gepolstertem-griff-kann-als-freihaendiger-einkaufstasche-plastiktuetenhalter-sportausruestung-und-mehr-verwendet-werden\/#primaryimage","url":"https:\/\/m.media-amazon.com\/images\/I\/41ioXQYrGsL._SL500_.jpg","contentUrl":"https:\/\/m.media-amazon.com\/images\/I\/41ioXQYrGsL._SL500_.jpg","width":500,"height":463},{"@type":"BreadcrumbList","@id":"https:\/\/marktxxl.de\/markt\/produkt\/click-carry-tragetasche-fuer-lebensmittel-mit-weichem-gepolstertem-griff-kann-als-freihaendiger-einkaufstasche-plastiktuetenhalter-sportausruestung-und-mehr-verwendet-werden\/#breadcrumb","itemListElement":[{"@type":"ListItem","position":1,"name":"Startseite","item":"https:\/\/marktxxl.de\/markt\/"},{"@type":"ListItem","position":2,"name":"Markt","item":"https:\/\/marktxxl.de\/markt\/"},{"@type":"ListItem","position":3,"name":"Click &amp; Carry Einkaufstasche, mit weichem gepolstertem Griff. Verwendung als freih\u00e4ndige Einkaufstasche\u2026"}]},{"@type":"WebSite","@id":"https:\/\/marktxxl.de\/markt\/#website","url":"https:\/\/marktxxl.de\/markt\/","name":"Markt-XXL","description":"Ihr Markt Online","publisher":{"@id":"https:\/\/marktxxl.de\/markt\/#organization"},"potentialAction":[{"@type":"SearchAction","target":{"@type":"EntryPoint","urlTemplate":"https:\/\/marktxxl.de\/markt\/?s={search_term_string}"},"query-input":{"@type":"PropertyValueSpecification","valueRequired":true,"valueName":"search_term_string"}}],"inLanguage":"de"},{"@type":"Organization","@id":"https:\/\/marktxxl.de\/markt\/#organization","name":"Markt-XXL","url":"https:\/\/marktxxl.de\/markt\/","logo":{"@type":"ImageObject","inLanguage":"de","@id":"https:\/\/marktxxl.de\/markt\/#\/schema\/logo\/image\/","url":"https:\/\/marktxxl.de\/markt\/wp-content\/uploads\/sites\/3\/2020\/12\/logo.png","contentUrl":"https:\/\/marktxxl.de\/markt\/wp-content\/uploads\/sites\/3\/2020\/12\/logo.png","width":200,"height":70,"caption":"Markt-XXL"},"image":{"@id":"https:\/\/marktxxl.de\/markt\/#\/schema\/logo\/image\/"}}]}},"_links":{"self":[{"href":"https:\/\/marktxxl.de\/markt\/wp-json\/wp\/v2\/product\/113836","targetHints":{"allow":["GET"]}}],"collection":[{"href":"https:\/\/marktxxl.de\/markt\/wp-json\/wp\/v2\/product"}],"about":[{"href":"https:\/\/marktxxl.de\/markt\/wp-json\/wp\/v2\/types\/product"}],"replies":[{"embeddable":true,"href":"https:\/\/marktxxl.de\/markt\/wp-json\/wp\/v2\/comments?post=113836"}],"wp:featuredmedia":[{"embeddable":true,"href":"https:\/\/marktxxl.de\/markt\/wp-json\/wp\/v2\/media\/113837"}],"wp:attachment":[{"href":"https:\/\/marktxxl.de\/markt\/wp-json\/wp\/v2\/media?parent=113836"}],"wp:term":[{"taxonomy":"product_brand","embeddable":true,"href":"https:\/\/marktxxl.de\/markt\/wp-json\/wp\/v2\/product_brand?post=113836"},{"taxonomy":"product_cat","embeddable":true,"href":"https:\/\/marktxxl.de\/markt\/wp-json\/wp\/v2\/product_cat?post=113836"},{"taxonomy":"product_tag","embeddable":true,"href":"https:\/\/marktxxl.de\/markt\/wp-json\/wp\/v2\/product_tag?post=113836"}],"curies":[{"name":"wp","href":"https:\/\/api.w.org\/{rel}","templated":true}]}}