{"id":113794,"date":"2022-05-14T22:07:27","date_gmt":"2022-05-14T20:07:27","guid":{"rendered":"https:\/\/marktxxl.de\/markt\/produkt\/tula-free-to-grow-coast-urbanista-babytrage-breite-und-hoehe-einstellbar-fuer-babys-von-32-bis-204-kg-ohne-babykissen\/"},"modified":"2023-04-11T03:40:37","modified_gmt":"2023-04-11T01:40:37","slug":"tula-free-to-grow-coast-urbanista-babytrage-breite-und-hoehe-einstellbar-fuer-babys-von-32-bis-204-kg-ohne-babykissen","status":"publish","type":"product","link":"https:\/\/marktxxl.de\/markt\/produkt\/tula-free-to-grow-coast-urbanista-babytrage-breite-und-hoehe-einstellbar-fuer-babys-von-32-bis-204-kg-ohne-babykissen\/","title":{"rendered":"Tula TBCP7A48 Free-to-Grow Coast Peggy Babytrage in Breite und H\u00f6he verstellbar f\u00fcr Babys von 3,2 bis 20,4 kg ohne\u2026"},"content":{"rendered":"<p>ERGONOMISCHE BABYTRAGE &#8211; Die Form des R\u00fcckens und des Bauches garantiert eine nat\u00fcrliche und ergonomische Position des Babys. Unterst\u00fctzt die Haltung von Kniebeugen und eine bequeme Haltung f\u00fcr das Kind.<br \/>\nNetzr\u00fcckenteil \u2013 ein gro\u00dfes Mesh-R\u00fcckenteil bietet zus\u00e4tzliche Luftzirkulation f\u00fcr optimale Atmungsaktivit\u00e4t und ein angenehm k\u00fchles Gef\u00fchl f\u00fcr das Baby und die Tr\u00e4gerin.<br \/>\nVom Geburt bis zum Kleinkind: Das innovative R\u00fcckenteil ist leicht verstellbar und dehnbar. Der Steg ist in der Breite verstellbar, das Hinterteil kann in der H\u00f6he verstellt werden. Dies garantiert eine ergonomische und komfortable Position f\u00fcr Neugeborene, Babys und Kleinkinder.<br \/>\nLEICHT UND KOMFORTABEL: Babywanne aus Baumwolle nach \u00d6ko-Tex Standard 100 zertifiziert Ein breiter gepolsterter H\u00fcftgurt f\u00fcr eine gleichm\u00e4\u00dfige Gewichtsverteilung w\u00e4hrend des Tragens.<br \/>\nEinfach zu bedienen: Das leicht verstellbare Tragesystem erm\u00f6glicht eine lange Nutzung von Neugeborenen bis hin zu Kleinkindern mit einem Gewicht von 3,2 kg bis 20,4 kg.<br \/>\n<div class=\"main-cross-sell\" data-asin=\"B08MRXSNDM\">\n\n\t<div class=\"WooZone-cross-sell-loader\">\n\t\t<div>\n\t\t\t<div id=\"floatingBarsG\">\n\t\t\t\t<div class=\"blockG\" id=\"rotateG_01\"><\/div>\n\t\t\t\t<div class=\"blockG\" id=\"rotateG_02\"><\/div>\n\t\t\t\t<div class=\"blockG\" id=\"rotateG_03\"><\/div>\n\t\t\t\t<div class=\"blockG\" id=\"rotateG_04\"><\/div>\n\t\t\t\t<div class=\"blockG\" id=\"rotateG_05\"><\/div>\n\t\t\t\t<div class=\"blockG\" id=\"rotateG_06\"><\/div>\n\t\t\t\t<div class=\"blockG\" id=\"rotateG_07\"><\/div>\n\t\t\t\t<div class=\"blockG\" id=\"rotateG_08\"><\/div>\n\t\t\t<\/div>\n\t\t\t<div class=\"WooZone-cross-sell-loader-text\"><\/div>\n\t\t<\/div>\n\t<\/div>\n\n\t\t\n<\/div>\n<div style=\"clear:both;\"><\/div><\/p>\n","protected":false},"excerpt":{"rendered":"<p>ERGONOMISCHE BABYTRAGE &#8211; Die Form des R\u00fcckens und des Bauches garantiert eine nat\u00fcrliche und ergonomische Position des Babys. Unterst\u00fctzt die Haltung von Kniebeugen und eine bequeme Haltung f\u00fcr das Kind.<br \/>\nNetzr\u00fcckenteil \u2013 ein gro\u00dfes Mesh-R\u00fcckenteil bietet zus\u00e4tzliche Luftzirkulation f\u00fcr optimale Atmungsaktivit\u00e4t und ein angenehm k\u00fchles Gef\u00fchl f\u00fcr das Baby und die Tr\u00e4gerin.<br \/>\nVom Geburt bis zum Kleinkind: Das innovative R\u00fcckenteil ist leicht verstellbar und dehnbar. Der Steg ist in der Breite verstellbar, das Hinterteil kann in der H\u00f6he verstellt werden. Dies garantiert eine ergonomische und komfortable Position f\u00fcr Neugeborene, Babys und Kleinkinder.<\/p>\n","protected":false},"featured_media":113795,"comment_status":"open","ping_status":"closed","template":"","meta":[],"product_brand":[],"product_cat":[21,9074],"product_tag":[],"class_list":{"0":"post-113794","1":"product","2":"type-product","3":"status-publish","4":"has-post-thumbnail","6":"product_cat-baby","7":"product_cat-babytragen-baby","8":"pa_binding-babyartikel","9":"pa_brand-tula","10":"pa_manufacturer-tula","12":"first","13":"instock","14":"shipping-taxable","15":"purchasable","16":"product-type-simple","17":"customify-col","18":"product-has-gallery"},"yoast_head":"<!-- This site is optimized with the Yoast SEO plugin v27.4 - https:\/\/yoast.com\/product\/yoast-seo-wordpress\/ -->\n<title>Tula TBCP7A48 Free-to-Grow Coast Peggy Babytrage in Breite und H\u00f6he verstellbar f\u00fcr Babys von 3,2 bis 20,4 kg ohne\u2026 - Markt-XXL<\/title>\n<meta name=\"description\" content=\"Markt-XXL Tula TBCP7A48 Free-to-Grow Coast Peggy Babytrage in Breite und H\u00f6he verstellbar f\u00fcr Babys von 3,2 bis 20,4 kg ohne\u2026\" \/>\n<meta name=\"robots\" content=\"index, follow, max-snippet:-1, max-image-preview:large, max-video-preview:-1\" \/>\n<link rel=\"canonical\" href=\"https:\/\/marktxxl.de\/markt\/produkt\/tula-free-to-grow-coast-urbanista-babytrage-breite-und-hoehe-einstellbar-fuer-babys-von-32-bis-204-kg-ohne-babykissen\/\" \/>\n<meta property=\"og:locale\" content=\"de_DE\" \/>\n<meta property=\"og:type\" content=\"article\" \/>\n<meta property=\"og:title\" content=\"Tula TBCP7A48 Free-to-Grow Coast Peggy Babytrage in Breite und H\u00f6he verstellbar f\u00fcr Babys von 3,2 bis 20,4 kg ohne\u2026 - Markt-XXL\" \/>\n<meta property=\"og:description\" content=\"Markt-XXL Tula TBCP7A48 Free-to-Grow Coast Peggy Babytrage in Breite und H\u00f6he verstellbar f\u00fcr Babys von 3,2 bis 20,4 kg ohne\u2026\" \/>\n<meta property=\"og:url\" content=\"https:\/\/marktxxl.de\/markt\/produkt\/tula-free-to-grow-coast-urbanista-babytrage-breite-und-hoehe-einstellbar-fuer-babys-von-32-bis-204-kg-ohne-babykissen\/\" \/>\n<meta property=\"og:site_name\" content=\"Markt-XXL\" \/>\n<meta property=\"article:modified_time\" content=\"2023-04-11T01:40:37+00:00\" \/>\n<meta property=\"og:image\" content=\"https:\/\/m.media-amazon.com\/images\/I\/51Jk8y3-5xL._SL500_.jpg\" \/>\n\t<meta property=\"og:image:width\" content=\"443\" \/>\n\t<meta property=\"og:image:height\" content=\"500\" \/>\n\t<meta property=\"og:image:type\" content=\"image\/jpeg\" \/>\n<meta name=\"twitter:card\" content=\"summary_large_image\" \/>\n<meta name=\"twitter:label1\" content=\"Gesch\u00e4tzte Lesezeit\" \/>\n\t<meta name=\"twitter:data1\" content=\"1\u00a0Minute\" \/>\n<script type=\"application\/ld+json\" class=\"yoast-schema-graph\">{\"@context\":\"https:\\\/\\\/schema.org\",\"@graph\":[{\"@type\":\"WebPage\",\"@id\":\"https:\\\/\\\/marktxxl.de\\\/markt\\\/produkt\\\/tula-free-to-grow-coast-urbanista-babytrage-breite-und-hoehe-einstellbar-fuer-babys-von-32-bis-204-kg-ohne-babykissen\\\/\",\"url\":\"https:\\\/\\\/marktxxl.de\\\/markt\\\/produkt\\\/tula-free-to-grow-coast-urbanista-babytrage-breite-und-hoehe-einstellbar-fuer-babys-von-32-bis-204-kg-ohne-babykissen\\\/\",\"name\":\"Tula TBCP7A48 Free-to-Grow Coast Peggy Babytrage in Breite und H\u00f6he verstellbar f\u00fcr Babys von 3,2 bis 20,4 kg ohne\u2026 - Markt-XXL\",\"isPartOf\":{\"@id\":\"https:\\\/\\\/marktxxl.de\\\/markt\\\/#website\"},\"primaryImageOfPage\":{\"@id\":\"https:\\\/\\\/marktxxl.de\\\/markt\\\/produkt\\\/tula-free-to-grow-coast-urbanista-babytrage-breite-und-hoehe-einstellbar-fuer-babys-von-32-bis-204-kg-ohne-babykissen\\\/#primaryimage\"},\"image\":{\"@id\":\"https:\\\/\\\/marktxxl.de\\\/markt\\\/produkt\\\/tula-free-to-grow-coast-urbanista-babytrage-breite-und-hoehe-einstellbar-fuer-babys-von-32-bis-204-kg-ohne-babykissen\\\/#primaryimage\"},\"thumbnailUrl\":\"https:\\\/\\\/m.media-amazon.com\\\/images\\\/I\\\/51Jk8y3-5xL._SL500_.jpg\",\"datePublished\":\"2022-05-14T20:07:27+00:00\",\"dateModified\":\"2023-04-11T01:40:37+00:00\",\"description\":\"Markt-XXL Tula TBCP7A48 Free-to-Grow Coast Peggy Babytrage in Breite und H\u00f6he verstellbar f\u00fcr Babys von 3,2 bis 20,4 kg ohne\u2026\",\"breadcrumb\":{\"@id\":\"https:\\\/\\\/marktxxl.de\\\/markt\\\/produkt\\\/tula-free-to-grow-coast-urbanista-babytrage-breite-und-hoehe-einstellbar-fuer-babys-von-32-bis-204-kg-ohne-babykissen\\\/#breadcrumb\"},\"inLanguage\":\"de\",\"potentialAction\":[{\"@type\":\"ReadAction\",\"target\":[\"https:\\\/\\\/marktxxl.de\\\/markt\\\/produkt\\\/tula-free-to-grow-coast-urbanista-babytrage-breite-und-hoehe-einstellbar-fuer-babys-von-32-bis-204-kg-ohne-babykissen\\\/\"]}]},{\"@type\":\"ImageObject\",\"inLanguage\":\"de\",\"@id\":\"https:\\\/\\\/marktxxl.de\\\/markt\\\/produkt\\\/tula-free-to-grow-coast-urbanista-babytrage-breite-und-hoehe-einstellbar-fuer-babys-von-32-bis-204-kg-ohne-babykissen\\\/#primaryimage\",\"url\":\"https:\\\/\\\/m.media-amazon.com\\\/images\\\/I\\\/51Jk8y3-5xL._SL500_.jpg\",\"contentUrl\":\"https:\\\/\\\/m.media-amazon.com\\\/images\\\/I\\\/51Jk8y3-5xL._SL500_.jpg\",\"width\":443,\"height\":500},{\"@type\":\"BreadcrumbList\",\"@id\":\"https:\\\/\\\/marktxxl.de\\\/markt\\\/produkt\\\/tula-free-to-grow-coast-urbanista-babytrage-breite-und-hoehe-einstellbar-fuer-babys-von-32-bis-204-kg-ohne-babykissen\\\/#breadcrumb\",\"itemListElement\":[{\"@type\":\"ListItem\",\"position\":1,\"name\":\"Startseite\",\"item\":\"https:\\\/\\\/marktxxl.de\\\/markt\\\/\"},{\"@type\":\"ListItem\",\"position\":2,\"name\":\"Markt\",\"item\":\"https:\\\/\\\/marktxxl.de\\\/markt\\\/\"},{\"@type\":\"ListItem\",\"position\":3,\"name\":\"Tula TBCP7A48 Free-to-Grow Coast Peggy Babytrage in Breite und H\u00f6he verstellbar f\u00fcr Babys von 3,2 bis 20,4 kg ohne\u2026\"}]},{\"@type\":\"WebSite\",\"@id\":\"https:\\\/\\\/marktxxl.de\\\/markt\\\/#website\",\"url\":\"https:\\\/\\\/marktxxl.de\\\/markt\\\/\",\"name\":\"Markt-XXL\",\"description\":\"Ihr Markt Online\",\"publisher\":{\"@id\":\"https:\\\/\\\/marktxxl.de\\\/markt\\\/#organization\"},\"potentialAction\":[{\"@type\":\"SearchAction\",\"target\":{\"@type\":\"EntryPoint\",\"urlTemplate\":\"https:\\\/\\\/marktxxl.de\\\/markt\\\/?s={search_term_string}\"},\"query-input\":{\"@type\":\"PropertyValueSpecification\",\"valueRequired\":true,\"valueName\":\"search_term_string\"}}],\"inLanguage\":\"de\"},{\"@type\":\"Organization\",\"@id\":\"https:\\\/\\\/marktxxl.de\\\/markt\\\/#organization\",\"name\":\"Markt-XXL\",\"url\":\"https:\\\/\\\/marktxxl.de\\\/markt\\\/\",\"logo\":{\"@type\":\"ImageObject\",\"inLanguage\":\"de\",\"@id\":\"https:\\\/\\\/marktxxl.de\\\/markt\\\/#\\\/schema\\\/logo\\\/image\\\/\",\"url\":\"https:\\\/\\\/marktxxl.de\\\/markt\\\/wp-content\\\/uploads\\\/sites\\\/3\\\/2020\\\/12\\\/logo.png\",\"contentUrl\":\"https:\\\/\\\/marktxxl.de\\\/markt\\\/wp-content\\\/uploads\\\/sites\\\/3\\\/2020\\\/12\\\/logo.png\",\"width\":200,\"height\":70,\"caption\":\"Markt-XXL\"},\"image\":{\"@id\":\"https:\\\/\\\/marktxxl.de\\\/markt\\\/#\\\/schema\\\/logo\\\/image\\\/\"}}]}<\/script>\n<!-- \/ Yoast SEO plugin. -->","yoast_head_json":{"title":"Tula TBCP7A48 Free-to-Grow Coast Peggy Babytrage in Breite und H\u00f6he verstellbar f\u00fcr Babys von 3,2 bis 20,4 kg ohne\u2026 - Markt-XXL","description":"Markt-XXL Tula TBCP7A48 Free-to-Grow Coast Peggy Babytrage in Breite und H\u00f6he verstellbar f\u00fcr Babys von 3,2 bis 20,4 kg ohne\u2026","robots":{"index":"index","follow":"follow","max-snippet":"max-snippet:-1","max-image-preview":"max-image-preview:large","max-video-preview":"max-video-preview:-1"},"canonical":"https:\/\/marktxxl.de\/markt\/produkt\/tula-free-to-grow-coast-urbanista-babytrage-breite-und-hoehe-einstellbar-fuer-babys-von-32-bis-204-kg-ohne-babykissen\/","og_locale":"de_DE","og_type":"article","og_title":"Tula TBCP7A48 Free-to-Grow Coast Peggy Babytrage in Breite und H\u00f6he verstellbar f\u00fcr Babys von 3,2 bis 20,4 kg ohne\u2026 - Markt-XXL","og_description":"Markt-XXL Tula TBCP7A48 Free-to-Grow Coast Peggy Babytrage in Breite und H\u00f6he verstellbar f\u00fcr Babys von 3,2 bis 20,4 kg ohne\u2026","og_url":"https:\/\/marktxxl.de\/markt\/produkt\/tula-free-to-grow-coast-urbanista-babytrage-breite-und-hoehe-einstellbar-fuer-babys-von-32-bis-204-kg-ohne-babykissen\/","og_site_name":"Markt-XXL","article_modified_time":"2023-04-11T01:40:37+00:00","og_image":[{"width":443,"height":500,"url":"https:\/\/m.media-amazon.com\/images\/I\/51Jk8y3-5xL._SL500_.jpg","type":"image\/jpeg"}],"twitter_card":"summary_large_image","twitter_misc":{"Gesch\u00e4tzte Lesezeit":"1\u00a0Minute"},"schema":{"@context":"https:\/\/schema.org","@graph":[{"@type":"WebPage","@id":"https:\/\/marktxxl.de\/markt\/produkt\/tula-free-to-grow-coast-urbanista-babytrage-breite-und-hoehe-einstellbar-fuer-babys-von-32-bis-204-kg-ohne-babykissen\/","url":"https:\/\/marktxxl.de\/markt\/produkt\/tula-free-to-grow-coast-urbanista-babytrage-breite-und-hoehe-einstellbar-fuer-babys-von-32-bis-204-kg-ohne-babykissen\/","name":"Tula TBCP7A48 Free-to-Grow Coast Peggy Babytrage in Breite und H\u00f6he verstellbar f\u00fcr Babys von 3,2 bis 20,4 kg ohne\u2026 - Markt-XXL","isPartOf":{"@id":"https:\/\/marktxxl.de\/markt\/#website"},"primaryImageOfPage":{"@id":"https:\/\/marktxxl.de\/markt\/produkt\/tula-free-to-grow-coast-urbanista-babytrage-breite-und-hoehe-einstellbar-fuer-babys-von-32-bis-204-kg-ohne-babykissen\/#primaryimage"},"image":{"@id":"https:\/\/marktxxl.de\/markt\/produkt\/tula-free-to-grow-coast-urbanista-babytrage-breite-und-hoehe-einstellbar-fuer-babys-von-32-bis-204-kg-ohne-babykissen\/#primaryimage"},"thumbnailUrl":"https:\/\/m.media-amazon.com\/images\/I\/51Jk8y3-5xL._SL500_.jpg","datePublished":"2022-05-14T20:07:27+00:00","dateModified":"2023-04-11T01:40:37+00:00","description":"Markt-XXL Tula TBCP7A48 Free-to-Grow Coast Peggy Babytrage in Breite und H\u00f6he verstellbar f\u00fcr Babys von 3,2 bis 20,4 kg ohne\u2026","breadcrumb":{"@id":"https:\/\/marktxxl.de\/markt\/produkt\/tula-free-to-grow-coast-urbanista-babytrage-breite-und-hoehe-einstellbar-fuer-babys-von-32-bis-204-kg-ohne-babykissen\/#breadcrumb"},"inLanguage":"de","potentialAction":[{"@type":"ReadAction","target":["https:\/\/marktxxl.de\/markt\/produkt\/tula-free-to-grow-coast-urbanista-babytrage-breite-und-hoehe-einstellbar-fuer-babys-von-32-bis-204-kg-ohne-babykissen\/"]}]},{"@type":"ImageObject","inLanguage":"de","@id":"https:\/\/marktxxl.de\/markt\/produkt\/tula-free-to-grow-coast-urbanista-babytrage-breite-und-hoehe-einstellbar-fuer-babys-von-32-bis-204-kg-ohne-babykissen\/#primaryimage","url":"https:\/\/m.media-amazon.com\/images\/I\/51Jk8y3-5xL._SL500_.jpg","contentUrl":"https:\/\/m.media-amazon.com\/images\/I\/51Jk8y3-5xL._SL500_.jpg","width":443,"height":500},{"@type":"BreadcrumbList","@id":"https:\/\/marktxxl.de\/markt\/produkt\/tula-free-to-grow-coast-urbanista-babytrage-breite-und-hoehe-einstellbar-fuer-babys-von-32-bis-204-kg-ohne-babykissen\/#breadcrumb","itemListElement":[{"@type":"ListItem","position":1,"name":"Startseite","item":"https:\/\/marktxxl.de\/markt\/"},{"@type":"ListItem","position":2,"name":"Markt","item":"https:\/\/marktxxl.de\/markt\/"},{"@type":"ListItem","position":3,"name":"Tula TBCP7A48 Free-to-Grow Coast Peggy Babytrage in Breite und H\u00f6he verstellbar f\u00fcr Babys von 3,2 bis 20,4 kg ohne\u2026"}]},{"@type":"WebSite","@id":"https:\/\/marktxxl.de\/markt\/#website","url":"https:\/\/marktxxl.de\/markt\/","name":"Markt-XXL","description":"Ihr Markt Online","publisher":{"@id":"https:\/\/marktxxl.de\/markt\/#organization"},"potentialAction":[{"@type":"SearchAction","target":{"@type":"EntryPoint","urlTemplate":"https:\/\/marktxxl.de\/markt\/?s={search_term_string}"},"query-input":{"@type":"PropertyValueSpecification","valueRequired":true,"valueName":"search_term_string"}}],"inLanguage":"de"},{"@type":"Organization","@id":"https:\/\/marktxxl.de\/markt\/#organization","name":"Markt-XXL","url":"https:\/\/marktxxl.de\/markt\/","logo":{"@type":"ImageObject","inLanguage":"de","@id":"https:\/\/marktxxl.de\/markt\/#\/schema\/logo\/image\/","url":"https:\/\/marktxxl.de\/markt\/wp-content\/uploads\/sites\/3\/2020\/12\/logo.png","contentUrl":"https:\/\/marktxxl.de\/markt\/wp-content\/uploads\/sites\/3\/2020\/12\/logo.png","width":200,"height":70,"caption":"Markt-XXL"},"image":{"@id":"https:\/\/marktxxl.de\/markt\/#\/schema\/logo\/image\/"}}]}},"_links":{"self":[{"href":"https:\/\/marktxxl.de\/markt\/wp-json\/wp\/v2\/product\/113794","targetHints":{"allow":["GET"]}}],"collection":[{"href":"https:\/\/marktxxl.de\/markt\/wp-json\/wp\/v2\/product"}],"about":[{"href":"https:\/\/marktxxl.de\/markt\/wp-json\/wp\/v2\/types\/product"}],"replies":[{"embeddable":true,"href":"https:\/\/marktxxl.de\/markt\/wp-json\/wp\/v2\/comments?post=113794"}],"wp:featuredmedia":[{"embeddable":true,"href":"https:\/\/marktxxl.de\/markt\/wp-json\/wp\/v2\/media\/113795"}],"wp:attachment":[{"href":"https:\/\/marktxxl.de\/markt\/wp-json\/wp\/v2\/media?parent=113794"}],"wp:term":[{"taxonomy":"product_brand","embeddable":true,"href":"https:\/\/marktxxl.de\/markt\/wp-json\/wp\/v2\/product_brand?post=113794"},{"taxonomy":"product_cat","embeddable":true,"href":"https:\/\/marktxxl.de\/markt\/wp-json\/wp\/v2\/product_cat?post=113794"},{"taxonomy":"product_tag","embeddable":true,"href":"https:\/\/marktxxl.de\/markt\/wp-json\/wp\/v2\/product_tag?post=113794"}],"curies":[{"name":"wp","href":"https:\/\/api.w.org\/{rel}","templated":true}]}}