{"id":113750,"date":"2022-05-14T22:04:59","date_gmt":"2022-05-14T20:04:59","guid":{"rendered":"https:\/\/marktxxl.de\/markt\/produkt\/ergobaby-omni-breeze-babytrage-fuer-neugeborene-ab-geburt-bis-20kg-4-positionen-softflex-mesh-ergonomische-babybauchtrage-rueckentrage-baby-tragetasche\/"},"modified":"2023-04-11T03:40:37","modified_gmt":"2023-04-11T01:40:37","slug":"ergobaby-omni-breeze-babytrage-fuer-neugeborene-ab-geburt-bis-20kg-4-positionen-softflex-mesh-ergonomische-babybauchtrage-rueckentrage-baby-tragetasche","status":"publish","type":"product","link":"https:\/\/marktxxl.de\/markt\/produkt\/ergobaby-omni-breeze-babytrage-fuer-neugeborene-ab-geburt-bis-20kg-4-positionen-softflex-mesh-ergonomische-babybauchtrage-rueckentrage-baby-tragetasche\/","title":{"rendered":"Ergobaby Omni Breeze Babytrage f\u00fcr Neugeborene ab Geburt bis 20kg, 4 Positionen SoftFlex Mesh Ergonomische\u2026"},"content":{"rendered":"<p>ERGONOMISCHE BABYTRAGE &#8211; 4 Tragepositionen: Bauch-, H\u00fcft-, R\u00fccken- und Fronttrageweise in Blickrichtung nach vorne. Die gr\u00f6\u00dfenverstellbare Stegbreite unterst\u00fctzt ab Geburt bis zum Kleinkind (3,2-20,4 kg) die nat\u00fcrliche, ergonomische Anhock-Spreiz-Haltung (M-Position)<br \/>\nATMUNGSAKTIV &#8211; Das innovative SoftFlex Meshmaterial mit seiner rautenf\u00f6rmigen Netzstruktur befindet sich auf der gesamten Trage und sorgt an allen Stellen f\u00fcr maximale Luftzirkulation<br \/>\nMAXIMALER TRAGEKOMFORT &#8211; Lordosenst\u00fctze sowie individuell anpassbare, gepolsterte Schultergurte mit \u00dcber-Kreuz Option f\u00fcr eine noch komfortablere Passform und extra langen Trage-Komfort<br \/>\nSCHUTZ IM ALLTAG &#8211; Mit gepolsterter, faltbarer Nacken- und Kopfst\u00fctze, verstaubarer Kapuze f\u00fcr Sonnen- und Sichtschutz (zum Stillen), sowie reflektierender Akzente f\u00fcr mehr Sichtbarkeit<br \/>\nAUSGEZEICHNET vom International Hip Dysplasia Institut als \u201egesund f\u00fcr die H\u00fcften\u201d und mit dem G\u00fctesiegel der \u201eAktion gesunder R\u00fccken e.V.\u201c<br \/>\n<div class=\"main-cross-sell\" data-asin=\"B09F3LV3CG\">\n\n\t<div class=\"WooZone-cross-sell-loader\">\n\t\t<div>\n\t\t\t<div id=\"floatingBarsG\">\n\t\t\t\t<div class=\"blockG\" id=\"rotateG_01\"><\/div>\n\t\t\t\t<div class=\"blockG\" id=\"rotateG_02\"><\/div>\n\t\t\t\t<div class=\"blockG\" id=\"rotateG_03\"><\/div>\n\t\t\t\t<div class=\"blockG\" id=\"rotateG_04\"><\/div>\n\t\t\t\t<div class=\"blockG\" id=\"rotateG_05\"><\/div>\n\t\t\t\t<div class=\"blockG\" id=\"rotateG_06\"><\/div>\n\t\t\t\t<div class=\"blockG\" id=\"rotateG_07\"><\/div>\n\t\t\t\t<div class=\"blockG\" id=\"rotateG_08\"><\/div>\n\t\t\t<\/div>\n\t\t\t<div class=\"WooZone-cross-sell-loader-text\"><\/div>\n\t\t<\/div>\n\t<\/div>\n\n\t\t\n<\/div>\n<div style=\"clear:both;\"><\/div><\/p>\n","protected":false},"excerpt":{"rendered":"<p>ERGONOMISCHE BABYTRAGE &#8211; 4 Tragepositionen: Bauch-, H\u00fcft-, R\u00fccken- und Fronttrageweise in Blickrichtung nach vorne. Die gr\u00f6\u00dfenverstellbare Stegbreite unterst\u00fctzt ab Geburt bis zum Kleinkind (3,2-20,4 kg) die nat\u00fcrliche, ergonomische Anhock-Spreiz-Haltung (M-Position)<br \/>\nATMUNGSAKTIV &#8211; Das innovative SoftFlex Meshmaterial mit seiner rautenf\u00f6rmigen Netzstruktur befindet sich auf der gesamten Trage und sorgt an allen Stellen f\u00fcr maximale Luftzirkulation<br \/>\nMAXIMALER TRAGEKOMFORT &#8211; Lordosenst\u00fctze sowie individuell anpassbare, gepolsterte Schultergurte mit \u00dcber-Kreuz Option f\u00fcr eine noch komfortablere Passform und extra langen Trage-Komfort<\/p>\n","protected":false},"featured_media":113751,"comment_status":"open","ping_status":"closed","template":"","meta":[],"product_brand":[],"product_cat":[21,9074],"product_tag":[],"class_list":{"0":"post-113750","1":"product","2":"type-product","3":"status-publish","4":"has-post-thumbnail","6":"product_cat-baby","7":"product_cat-babytragen-baby","8":"pa_brand-ergobaby","9":"pa_manufacturer-ergobaby","10":"pa_warranty-24-monate","12":"first","13":"instock","14":"shipping-taxable","15":"purchasable","16":"product-type-simple","17":"customify-col","18":"product-has-gallery"},"yoast_head":"<!-- This site is optimized with the Yoast SEO plugin v27.3 - https:\/\/yoast.com\/product\/yoast-seo-wordpress\/ -->\n<title>Ergobaby Omni Breeze Babytrage f\u00fcr Neugeborene ab Geburt bis 20kg, 4 Positionen SoftFlex Mesh Ergonomische\u2026 - Markt-XXL<\/title>\n<meta name=\"description\" content=\"Markt-XXL Ergobaby Omni Breeze Babytrage f\u00fcr Neugeborene ab Geburt bis 20kg, 4 Positionen SoftFlex Mesh Ergonomische\u2026\" \/>\n<meta name=\"robots\" content=\"index, follow, max-snippet:-1, max-image-preview:large, max-video-preview:-1\" \/>\n<link rel=\"canonical\" href=\"https:\/\/marktxxl.de\/markt\/produkt\/ergobaby-omni-breeze-babytrage-fuer-neugeborene-ab-geburt-bis-20kg-4-positionen-softflex-mesh-ergonomische-babybauchtrage-rueckentrage-baby-tragetasche\/\" \/>\n<meta property=\"og:locale\" content=\"de_DE\" \/>\n<meta property=\"og:type\" content=\"article\" \/>\n<meta property=\"og:title\" content=\"Ergobaby Omni Breeze Babytrage f\u00fcr Neugeborene ab Geburt bis 20kg, 4 Positionen SoftFlex Mesh Ergonomische\u2026 - Markt-XXL\" \/>\n<meta property=\"og:description\" content=\"Markt-XXL Ergobaby Omni Breeze Babytrage f\u00fcr Neugeborene ab Geburt bis 20kg, 4 Positionen SoftFlex Mesh Ergonomische\u2026\" \/>\n<meta property=\"og:url\" content=\"https:\/\/marktxxl.de\/markt\/produkt\/ergobaby-omni-breeze-babytrage-fuer-neugeborene-ab-geburt-bis-20kg-4-positionen-softflex-mesh-ergonomische-babybauchtrage-rueckentrage-baby-tragetasche\/\" \/>\n<meta property=\"og:site_name\" content=\"Markt-XXL\" \/>\n<meta property=\"article:modified_time\" content=\"2023-04-11T01:40:37+00:00\" \/>\n<meta property=\"og:image\" content=\"https:\/\/m.media-amazon.com\/images\/I\/412IAootLVL._SL500_.jpg\" \/>\n\t<meta property=\"og:image:width\" content=\"500\" \/>\n\t<meta property=\"og:image:height\" content=\"500\" \/>\n\t<meta property=\"og:image:type\" content=\"image\/jpeg\" \/>\n<meta name=\"twitter:card\" content=\"summary_large_image\" \/>\n<meta name=\"twitter:label1\" content=\"Gesch\u00e4tzte Lesezeit\" \/>\n\t<meta name=\"twitter:data1\" content=\"1\u00a0Minute\" \/>\n<script type=\"application\/ld+json\" class=\"yoast-schema-graph\">{\"@context\":\"https:\\\/\\\/schema.org\",\"@graph\":[{\"@type\":\"WebPage\",\"@id\":\"https:\\\/\\\/marktxxl.de\\\/markt\\\/produkt\\\/ergobaby-omni-breeze-babytrage-fuer-neugeborene-ab-geburt-bis-20kg-4-positionen-softflex-mesh-ergonomische-babybauchtrage-rueckentrage-baby-tragetasche\\\/\",\"url\":\"https:\\\/\\\/marktxxl.de\\\/markt\\\/produkt\\\/ergobaby-omni-breeze-babytrage-fuer-neugeborene-ab-geburt-bis-20kg-4-positionen-softflex-mesh-ergonomische-babybauchtrage-rueckentrage-baby-tragetasche\\\/\",\"name\":\"Ergobaby Omni Breeze Babytrage f\u00fcr Neugeborene ab Geburt bis 20kg, 4 Positionen SoftFlex Mesh Ergonomische\u2026 - Markt-XXL\",\"isPartOf\":{\"@id\":\"https:\\\/\\\/marktxxl.de\\\/markt\\\/#website\"},\"primaryImageOfPage\":{\"@id\":\"https:\\\/\\\/marktxxl.de\\\/markt\\\/produkt\\\/ergobaby-omni-breeze-babytrage-fuer-neugeborene-ab-geburt-bis-20kg-4-positionen-softflex-mesh-ergonomische-babybauchtrage-rueckentrage-baby-tragetasche\\\/#primaryimage\"},\"image\":{\"@id\":\"https:\\\/\\\/marktxxl.de\\\/markt\\\/produkt\\\/ergobaby-omni-breeze-babytrage-fuer-neugeborene-ab-geburt-bis-20kg-4-positionen-softflex-mesh-ergonomische-babybauchtrage-rueckentrage-baby-tragetasche\\\/#primaryimage\"},\"thumbnailUrl\":\"https:\\\/\\\/m.media-amazon.com\\\/images\\\/I\\\/412IAootLVL._SL500_.jpg\",\"datePublished\":\"2022-05-14T20:04:59+00:00\",\"dateModified\":\"2023-04-11T01:40:37+00:00\",\"description\":\"Markt-XXL Ergobaby Omni Breeze Babytrage f\u00fcr Neugeborene ab Geburt bis 20kg, 4 Positionen SoftFlex Mesh Ergonomische\u2026\",\"breadcrumb\":{\"@id\":\"https:\\\/\\\/marktxxl.de\\\/markt\\\/produkt\\\/ergobaby-omni-breeze-babytrage-fuer-neugeborene-ab-geburt-bis-20kg-4-positionen-softflex-mesh-ergonomische-babybauchtrage-rueckentrage-baby-tragetasche\\\/#breadcrumb\"},\"inLanguage\":\"de\",\"potentialAction\":[{\"@type\":\"ReadAction\",\"target\":[\"https:\\\/\\\/marktxxl.de\\\/markt\\\/produkt\\\/ergobaby-omni-breeze-babytrage-fuer-neugeborene-ab-geburt-bis-20kg-4-positionen-softflex-mesh-ergonomische-babybauchtrage-rueckentrage-baby-tragetasche\\\/\"]}]},{\"@type\":\"ImageObject\",\"inLanguage\":\"de\",\"@id\":\"https:\\\/\\\/marktxxl.de\\\/markt\\\/produkt\\\/ergobaby-omni-breeze-babytrage-fuer-neugeborene-ab-geburt-bis-20kg-4-positionen-softflex-mesh-ergonomische-babybauchtrage-rueckentrage-baby-tragetasche\\\/#primaryimage\",\"url\":\"https:\\\/\\\/m.media-amazon.com\\\/images\\\/I\\\/412IAootLVL._SL500_.jpg\",\"contentUrl\":\"https:\\\/\\\/m.media-amazon.com\\\/images\\\/I\\\/412IAootLVL._SL500_.jpg\",\"width\":500,\"height\":500},{\"@type\":\"BreadcrumbList\",\"@id\":\"https:\\\/\\\/marktxxl.de\\\/markt\\\/produkt\\\/ergobaby-omni-breeze-babytrage-fuer-neugeborene-ab-geburt-bis-20kg-4-positionen-softflex-mesh-ergonomische-babybauchtrage-rueckentrage-baby-tragetasche\\\/#breadcrumb\",\"itemListElement\":[{\"@type\":\"ListItem\",\"position\":1,\"name\":\"Startseite\",\"item\":\"https:\\\/\\\/marktxxl.de\\\/markt\\\/\"},{\"@type\":\"ListItem\",\"position\":2,\"name\":\"Markt\",\"item\":\"https:\\\/\\\/marktxxl.de\\\/markt\\\/\"},{\"@type\":\"ListItem\",\"position\":3,\"name\":\"Ergobaby Omni Breeze Babytrage f\u00fcr Neugeborene ab Geburt bis 20kg, 4 Positionen SoftFlex Mesh Ergonomische\u2026\"}]},{\"@type\":\"WebSite\",\"@id\":\"https:\\\/\\\/marktxxl.de\\\/markt\\\/#website\",\"url\":\"https:\\\/\\\/marktxxl.de\\\/markt\\\/\",\"name\":\"Markt-XXL\",\"description\":\"Ihr Markt Online\",\"publisher\":{\"@id\":\"https:\\\/\\\/marktxxl.de\\\/markt\\\/#organization\"},\"potentialAction\":[{\"@type\":\"SearchAction\",\"target\":{\"@type\":\"EntryPoint\",\"urlTemplate\":\"https:\\\/\\\/marktxxl.de\\\/markt\\\/?s={search_term_string}\"},\"query-input\":{\"@type\":\"PropertyValueSpecification\",\"valueRequired\":true,\"valueName\":\"search_term_string\"}}],\"inLanguage\":\"de\"},{\"@type\":\"Organization\",\"@id\":\"https:\\\/\\\/marktxxl.de\\\/markt\\\/#organization\",\"name\":\"Markt-XXL\",\"url\":\"https:\\\/\\\/marktxxl.de\\\/markt\\\/\",\"logo\":{\"@type\":\"ImageObject\",\"inLanguage\":\"de\",\"@id\":\"https:\\\/\\\/marktxxl.de\\\/markt\\\/#\\\/schema\\\/logo\\\/image\\\/\",\"url\":\"https:\\\/\\\/marktxxl.de\\\/markt\\\/wp-content\\\/uploads\\\/sites\\\/3\\\/2020\\\/12\\\/logo.png\",\"contentUrl\":\"https:\\\/\\\/marktxxl.de\\\/markt\\\/wp-content\\\/uploads\\\/sites\\\/3\\\/2020\\\/12\\\/logo.png\",\"width\":200,\"height\":70,\"caption\":\"Markt-XXL\"},\"image\":{\"@id\":\"https:\\\/\\\/marktxxl.de\\\/markt\\\/#\\\/schema\\\/logo\\\/image\\\/\"}}]}<\/script>\n<!-- \/ Yoast SEO plugin. -->","yoast_head_json":{"title":"Ergobaby Omni Breeze Babytrage f\u00fcr Neugeborene ab Geburt bis 20kg, 4 Positionen SoftFlex Mesh Ergonomische\u2026 - Markt-XXL","description":"Markt-XXL Ergobaby Omni Breeze Babytrage f\u00fcr Neugeborene ab Geburt bis 20kg, 4 Positionen SoftFlex Mesh Ergonomische\u2026","robots":{"index":"index","follow":"follow","max-snippet":"max-snippet:-1","max-image-preview":"max-image-preview:large","max-video-preview":"max-video-preview:-1"},"canonical":"https:\/\/marktxxl.de\/markt\/produkt\/ergobaby-omni-breeze-babytrage-fuer-neugeborene-ab-geburt-bis-20kg-4-positionen-softflex-mesh-ergonomische-babybauchtrage-rueckentrage-baby-tragetasche\/","og_locale":"de_DE","og_type":"article","og_title":"Ergobaby Omni Breeze Babytrage f\u00fcr Neugeborene ab Geburt bis 20kg, 4 Positionen SoftFlex Mesh Ergonomische\u2026 - Markt-XXL","og_description":"Markt-XXL Ergobaby Omni Breeze Babytrage f\u00fcr Neugeborene ab Geburt bis 20kg, 4 Positionen SoftFlex Mesh Ergonomische\u2026","og_url":"https:\/\/marktxxl.de\/markt\/produkt\/ergobaby-omni-breeze-babytrage-fuer-neugeborene-ab-geburt-bis-20kg-4-positionen-softflex-mesh-ergonomische-babybauchtrage-rueckentrage-baby-tragetasche\/","og_site_name":"Markt-XXL","article_modified_time":"2023-04-11T01:40:37+00:00","og_image":[{"width":500,"height":500,"url":"https:\/\/m.media-amazon.com\/images\/I\/412IAootLVL._SL500_.jpg","type":"image\/jpeg"}],"twitter_card":"summary_large_image","twitter_misc":{"Gesch\u00e4tzte Lesezeit":"1\u00a0Minute"},"schema":{"@context":"https:\/\/schema.org","@graph":[{"@type":"WebPage","@id":"https:\/\/marktxxl.de\/markt\/produkt\/ergobaby-omni-breeze-babytrage-fuer-neugeborene-ab-geburt-bis-20kg-4-positionen-softflex-mesh-ergonomische-babybauchtrage-rueckentrage-baby-tragetasche\/","url":"https:\/\/marktxxl.de\/markt\/produkt\/ergobaby-omni-breeze-babytrage-fuer-neugeborene-ab-geburt-bis-20kg-4-positionen-softflex-mesh-ergonomische-babybauchtrage-rueckentrage-baby-tragetasche\/","name":"Ergobaby Omni Breeze Babytrage f\u00fcr Neugeborene ab Geburt bis 20kg, 4 Positionen SoftFlex Mesh Ergonomische\u2026 - Markt-XXL","isPartOf":{"@id":"https:\/\/marktxxl.de\/markt\/#website"},"primaryImageOfPage":{"@id":"https:\/\/marktxxl.de\/markt\/produkt\/ergobaby-omni-breeze-babytrage-fuer-neugeborene-ab-geburt-bis-20kg-4-positionen-softflex-mesh-ergonomische-babybauchtrage-rueckentrage-baby-tragetasche\/#primaryimage"},"image":{"@id":"https:\/\/marktxxl.de\/markt\/produkt\/ergobaby-omni-breeze-babytrage-fuer-neugeborene-ab-geburt-bis-20kg-4-positionen-softflex-mesh-ergonomische-babybauchtrage-rueckentrage-baby-tragetasche\/#primaryimage"},"thumbnailUrl":"https:\/\/m.media-amazon.com\/images\/I\/412IAootLVL._SL500_.jpg","datePublished":"2022-05-14T20:04:59+00:00","dateModified":"2023-04-11T01:40:37+00:00","description":"Markt-XXL Ergobaby Omni Breeze Babytrage f\u00fcr Neugeborene ab Geburt bis 20kg, 4 Positionen SoftFlex Mesh Ergonomische\u2026","breadcrumb":{"@id":"https:\/\/marktxxl.de\/markt\/produkt\/ergobaby-omni-breeze-babytrage-fuer-neugeborene-ab-geburt-bis-20kg-4-positionen-softflex-mesh-ergonomische-babybauchtrage-rueckentrage-baby-tragetasche\/#breadcrumb"},"inLanguage":"de","potentialAction":[{"@type":"ReadAction","target":["https:\/\/marktxxl.de\/markt\/produkt\/ergobaby-omni-breeze-babytrage-fuer-neugeborene-ab-geburt-bis-20kg-4-positionen-softflex-mesh-ergonomische-babybauchtrage-rueckentrage-baby-tragetasche\/"]}]},{"@type":"ImageObject","inLanguage":"de","@id":"https:\/\/marktxxl.de\/markt\/produkt\/ergobaby-omni-breeze-babytrage-fuer-neugeborene-ab-geburt-bis-20kg-4-positionen-softflex-mesh-ergonomische-babybauchtrage-rueckentrage-baby-tragetasche\/#primaryimage","url":"https:\/\/m.media-amazon.com\/images\/I\/412IAootLVL._SL500_.jpg","contentUrl":"https:\/\/m.media-amazon.com\/images\/I\/412IAootLVL._SL500_.jpg","width":500,"height":500},{"@type":"BreadcrumbList","@id":"https:\/\/marktxxl.de\/markt\/produkt\/ergobaby-omni-breeze-babytrage-fuer-neugeborene-ab-geburt-bis-20kg-4-positionen-softflex-mesh-ergonomische-babybauchtrage-rueckentrage-baby-tragetasche\/#breadcrumb","itemListElement":[{"@type":"ListItem","position":1,"name":"Startseite","item":"https:\/\/marktxxl.de\/markt\/"},{"@type":"ListItem","position":2,"name":"Markt","item":"https:\/\/marktxxl.de\/markt\/"},{"@type":"ListItem","position":3,"name":"Ergobaby Omni Breeze Babytrage f\u00fcr Neugeborene ab Geburt bis 20kg, 4 Positionen SoftFlex Mesh Ergonomische\u2026"}]},{"@type":"WebSite","@id":"https:\/\/marktxxl.de\/markt\/#website","url":"https:\/\/marktxxl.de\/markt\/","name":"Markt-XXL","description":"Ihr Markt Online","publisher":{"@id":"https:\/\/marktxxl.de\/markt\/#organization"},"potentialAction":[{"@type":"SearchAction","target":{"@type":"EntryPoint","urlTemplate":"https:\/\/marktxxl.de\/markt\/?s={search_term_string}"},"query-input":{"@type":"PropertyValueSpecification","valueRequired":true,"valueName":"search_term_string"}}],"inLanguage":"de"},{"@type":"Organization","@id":"https:\/\/marktxxl.de\/markt\/#organization","name":"Markt-XXL","url":"https:\/\/marktxxl.de\/markt\/","logo":{"@type":"ImageObject","inLanguage":"de","@id":"https:\/\/marktxxl.de\/markt\/#\/schema\/logo\/image\/","url":"https:\/\/marktxxl.de\/markt\/wp-content\/uploads\/sites\/3\/2020\/12\/logo.png","contentUrl":"https:\/\/marktxxl.de\/markt\/wp-content\/uploads\/sites\/3\/2020\/12\/logo.png","width":200,"height":70,"caption":"Markt-XXL"},"image":{"@id":"https:\/\/marktxxl.de\/markt\/#\/schema\/logo\/image\/"}}]}},"_links":{"self":[{"href":"https:\/\/marktxxl.de\/markt\/wp-json\/wp\/v2\/product\/113750","targetHints":{"allow":["GET"]}}],"collection":[{"href":"https:\/\/marktxxl.de\/markt\/wp-json\/wp\/v2\/product"}],"about":[{"href":"https:\/\/marktxxl.de\/markt\/wp-json\/wp\/v2\/types\/product"}],"replies":[{"embeddable":true,"href":"https:\/\/marktxxl.de\/markt\/wp-json\/wp\/v2\/comments?post=113750"}],"wp:featuredmedia":[{"embeddable":true,"href":"https:\/\/marktxxl.de\/markt\/wp-json\/wp\/v2\/media\/113751"}],"wp:attachment":[{"href":"https:\/\/marktxxl.de\/markt\/wp-json\/wp\/v2\/media?parent=113750"}],"wp:term":[{"taxonomy":"product_brand","embeddable":true,"href":"https:\/\/marktxxl.de\/markt\/wp-json\/wp\/v2\/product_brand?post=113750"},{"taxonomy":"product_cat","embeddable":true,"href":"https:\/\/marktxxl.de\/markt\/wp-json\/wp\/v2\/product_cat?post=113750"},{"taxonomy":"product_tag","embeddable":true,"href":"https:\/\/marktxxl.de\/markt\/wp-json\/wp\/v2\/product_tag?post=113750"}],"curies":[{"name":"wp","href":"https:\/\/api.w.org\/{rel}","templated":true}]}}