{"id":113699,"date":"2022-05-14T22:04:31","date_gmt":"2022-05-14T20:04:31","guid":{"rendered":"https:\/\/marktxxl.de\/markt\/produkt\/lillebaby-pursuit-pro-baby-und-kindertrage-in-sechs-positionen-mit-lordosenstuetze-melierter-onyx\/"},"modified":"2023-04-11T03:40:36","modified_gmt":"2023-04-11T01:40:36","slug":"lillebaby-pursuit-pro-baby-und-kindertrage-in-sechs-positionen-mit-lordosenstuetze-melierter-onyx","status":"publish","type":"product","link":"https:\/\/marktxxl.de\/markt\/produkt\/lillebaby-pursuit-pro-baby-und-kindertrage-in-sechs-positionen-mit-lordosenstuetze-melierter-onyx\/","title":{"rendered":"L\u00cdLL\u00c9baby Pursuit Pro Baby- und Kindertrage in sechs Positionen mit Lordosenst\u00fctze, melierter Onyx"},"content":{"rendered":"<p>Anpassbarer Komfort: Zwei-Wege-verstellbare Tr\u00e4ger, ausziehbare R\u00fcckenpartie, Lendenwirbelst\u00fctze und anpassungsf\u00e4higer Sitz schaffen nahezu unbegrenzte Optionen f\u00fcr eine ergonomische Passform, die zu Ihnen und Ihrem kleinen Liebling passt, Komfort und pers\u00f6nlichen Stil<br \/>\nSechs Positionen: Eine ergonomische Babytrage mit R\u00fcckenst\u00fctze, die Pursuit Pro hat auch einen anpassungsf\u00e4higen Sitz f\u00fcr nahezu unbegrenzte Tragem\u00f6glichkeiten, f\u00fcr eine ergonomische Passform, wohin Sie auch gehen<br \/>\nWeich gestrickte Stoffe: Strapazierf\u00e4higes und weiches Gewebe sorgt f\u00fcr Komfort und Komfort f\u00fcr Ihr Kind, damit Sie den Tag mit Vertrauen konfrontieren k\u00f6nnen<br \/>\nInnovative Technologie: Reflektierende Details, 7 praktische Taschen (einschlie\u00dflich unserer neuen Tech-Touch-Tasche) und unsere fortschrittlichsten Stoffe bis heute \u2013 Regen oder Sonnenschein, Besorgung oder Abenteuer, Sie sind bereit und bereit f\u00fcr die Welt<br \/>\nBei L\u00edLL\u00c9baby ist Innovation immer oberste Priorit\u00e4t. Wir wollen jedem Betreuer Zugang zu den besten Babytragel\u00f6sungen geben, damit Familien Komfort, N\u00e4he und Unabh\u00e4ngigkeit im Gleichgewicht halten k\u00f6nnen<br \/>\n<div class=\"main-cross-sell\" data-asin=\"B0859P9Q8V\">\n\n\t<div class=\"WooZone-cross-sell-loader\">\n\t\t<div>\n\t\t\t<div id=\"floatingBarsG\">\n\t\t\t\t<div class=\"blockG\" id=\"rotateG_01\"><\/div>\n\t\t\t\t<div class=\"blockG\" id=\"rotateG_02\"><\/div>\n\t\t\t\t<div class=\"blockG\" id=\"rotateG_03\"><\/div>\n\t\t\t\t<div class=\"blockG\" id=\"rotateG_04\"><\/div>\n\t\t\t\t<div class=\"blockG\" id=\"rotateG_05\"><\/div>\n\t\t\t\t<div class=\"blockG\" id=\"rotateG_06\"><\/div>\n\t\t\t\t<div class=\"blockG\" id=\"rotateG_07\"><\/div>\n\t\t\t\t<div class=\"blockG\" id=\"rotateG_08\"><\/div>\n\t\t\t<\/div>\n\t\t\t<div class=\"WooZone-cross-sell-loader-text\"><\/div>\n\t\t<\/div>\n\t<\/div>\n\n\t\t\n<\/div>\n<div style=\"clear:both;\"><\/div><\/p>\n","protected":false},"excerpt":{"rendered":"<p>Anpassbarer Komfort: Zwei-Wege-verstellbare Tr\u00e4ger, ausziehbare R\u00fcckenpartie, Lendenwirbelst\u00fctze und anpassungsf\u00e4higer Sitz schaffen nahezu unbegrenzte Optionen f\u00fcr eine ergonomische Passform, die zu Ihnen und Ihrem kleinen Liebling passt, Komfort und pers\u00f6nlichen Stil<br \/>\nSechs Positionen: Eine ergonomische Babytrage mit R\u00fcckenst\u00fctze, die Pursuit Pro hat auch einen anpassungsf\u00e4higen Sitz f\u00fcr nahezu unbegrenzte Tragem\u00f6glichkeiten, f\u00fcr eine ergonomische Passform, wohin Sie auch gehen<br \/>\nWeich gestrickte Stoffe: Strapazierf\u00e4higes und weiches Gewebe sorgt f\u00fcr Komfort und Komfort f\u00fcr Ihr Kind, damit Sie den Tag mit Vertrauen konfrontieren k\u00f6nnen<\/p>\n","protected":false},"featured_media":113700,"comment_status":"open","ping_status":"closed","template":"","meta":[],"product_brand":[],"product_cat":[21,9074],"product_tag":[],"class_list":{"0":"post-113699","1":"product","2":"type-product","3":"status-publish","4":"has-post-thumbnail","6":"product_cat-baby","7":"product_cat-babytragen-baby","8":"pa_binding-babyartikel","9":"pa_brand-lillebaby","10":"pa_manufacturer-lillebaby","11":"pa_model-1p-pro-101-h","12":"pa_weight-2-5-pfund","14":"first","15":"instock","16":"shipping-taxable","17":"purchasable","18":"product-type-simple","19":"customify-col","20":"product-has-gallery"},"yoast_head":"<!-- This site is optimized with the Yoast SEO plugin v27.4 - https:\/\/yoast.com\/product\/yoast-seo-wordpress\/ -->\n<title>L\u00cdLL\u00c9baby Pursuit Pro Baby- und Kindertrage in sechs Positionen mit Lordosenst\u00fctze, melierter Onyx - Markt-XXL<\/title>\n<meta name=\"description\" content=\"Markt-XXL L\u00cdLL\u00c9baby Pursuit Pro Baby- und Kindertrage in sechs Positionen mit Lordosenst\u00fctze, melierter Onyx\" \/>\n<meta name=\"robots\" content=\"index, follow, max-snippet:-1, max-image-preview:large, max-video-preview:-1\" \/>\n<link rel=\"canonical\" href=\"https:\/\/marktxxl.de\/markt\/produkt\/lillebaby-pursuit-pro-baby-und-kindertrage-in-sechs-positionen-mit-lordosenstuetze-melierter-onyx\/\" \/>\n<meta property=\"og:locale\" content=\"de_DE\" \/>\n<meta property=\"og:type\" content=\"article\" \/>\n<meta property=\"og:title\" content=\"L\u00cdLL\u00c9baby Pursuit Pro Baby- und Kindertrage in sechs Positionen mit Lordosenst\u00fctze, melierter Onyx - Markt-XXL\" \/>\n<meta property=\"og:description\" content=\"Markt-XXL L\u00cdLL\u00c9baby Pursuit Pro Baby- und Kindertrage in sechs Positionen mit Lordosenst\u00fctze, melierter Onyx\" \/>\n<meta property=\"og:url\" content=\"https:\/\/marktxxl.de\/markt\/produkt\/lillebaby-pursuit-pro-baby-und-kindertrage-in-sechs-positionen-mit-lordosenstuetze-melierter-onyx\/\" \/>\n<meta property=\"og:site_name\" content=\"Markt-XXL\" \/>\n<meta property=\"article:modified_time\" content=\"2023-04-11T01:40:36+00:00\" \/>\n<meta property=\"og:image\" content=\"https:\/\/m.media-amazon.com\/images\/I\/41EpqyxN+tL._SL500_.jpg\" \/>\n\t<meta property=\"og:image:width\" content=\"500\" \/>\n\t<meta property=\"og:image:height\" content=\"500\" \/>\n\t<meta property=\"og:image:type\" content=\"image\/jpeg\" \/>\n<meta name=\"twitter:card\" content=\"summary_large_image\" \/>\n<meta name=\"twitter:label1\" content=\"Gesch\u00e4tzte Lesezeit\" \/>\n\t<meta name=\"twitter:data1\" content=\"1\u00a0Minute\" \/>\n<script type=\"application\/ld+json\" class=\"yoast-schema-graph\">{\"@context\":\"https:\\\/\\\/schema.org\",\"@graph\":[{\"@type\":\"WebPage\",\"@id\":\"https:\\\/\\\/marktxxl.de\\\/markt\\\/produkt\\\/lillebaby-pursuit-pro-baby-und-kindertrage-in-sechs-positionen-mit-lordosenstuetze-melierter-onyx\\\/\",\"url\":\"https:\\\/\\\/marktxxl.de\\\/markt\\\/produkt\\\/lillebaby-pursuit-pro-baby-und-kindertrage-in-sechs-positionen-mit-lordosenstuetze-melierter-onyx\\\/\",\"name\":\"L\u00cdLL\u00c9baby Pursuit Pro Baby- und Kindertrage in sechs Positionen mit Lordosenst\u00fctze, melierter Onyx - Markt-XXL\",\"isPartOf\":{\"@id\":\"https:\\\/\\\/marktxxl.de\\\/markt\\\/#website\"},\"primaryImageOfPage\":{\"@id\":\"https:\\\/\\\/marktxxl.de\\\/markt\\\/produkt\\\/lillebaby-pursuit-pro-baby-und-kindertrage-in-sechs-positionen-mit-lordosenstuetze-melierter-onyx\\\/#primaryimage\"},\"image\":{\"@id\":\"https:\\\/\\\/marktxxl.de\\\/markt\\\/produkt\\\/lillebaby-pursuit-pro-baby-und-kindertrage-in-sechs-positionen-mit-lordosenstuetze-melierter-onyx\\\/#primaryimage\"},\"thumbnailUrl\":\"https:\\\/\\\/m.media-amazon.com\\\/images\\\/I\\\/41EpqyxN+tL._SL500_.jpg\",\"datePublished\":\"2022-05-14T20:04:31+00:00\",\"dateModified\":\"2023-04-11T01:40:36+00:00\",\"description\":\"Markt-XXL L\u00cdLL\u00c9baby Pursuit Pro Baby- und Kindertrage in sechs Positionen mit Lordosenst\u00fctze, melierter Onyx\",\"breadcrumb\":{\"@id\":\"https:\\\/\\\/marktxxl.de\\\/markt\\\/produkt\\\/lillebaby-pursuit-pro-baby-und-kindertrage-in-sechs-positionen-mit-lordosenstuetze-melierter-onyx\\\/#breadcrumb\"},\"inLanguage\":\"de\",\"potentialAction\":[{\"@type\":\"ReadAction\",\"target\":[\"https:\\\/\\\/marktxxl.de\\\/markt\\\/produkt\\\/lillebaby-pursuit-pro-baby-und-kindertrage-in-sechs-positionen-mit-lordosenstuetze-melierter-onyx\\\/\"]}]},{\"@type\":\"ImageObject\",\"inLanguage\":\"de\",\"@id\":\"https:\\\/\\\/marktxxl.de\\\/markt\\\/produkt\\\/lillebaby-pursuit-pro-baby-und-kindertrage-in-sechs-positionen-mit-lordosenstuetze-melierter-onyx\\\/#primaryimage\",\"url\":\"https:\\\/\\\/m.media-amazon.com\\\/images\\\/I\\\/41EpqyxN+tL._SL500_.jpg\",\"contentUrl\":\"https:\\\/\\\/m.media-amazon.com\\\/images\\\/I\\\/41EpqyxN+tL._SL500_.jpg\",\"width\":500,\"height\":500},{\"@type\":\"BreadcrumbList\",\"@id\":\"https:\\\/\\\/marktxxl.de\\\/markt\\\/produkt\\\/lillebaby-pursuit-pro-baby-und-kindertrage-in-sechs-positionen-mit-lordosenstuetze-melierter-onyx\\\/#breadcrumb\",\"itemListElement\":[{\"@type\":\"ListItem\",\"position\":1,\"name\":\"Startseite\",\"item\":\"https:\\\/\\\/marktxxl.de\\\/markt\\\/\"},{\"@type\":\"ListItem\",\"position\":2,\"name\":\"Markt\",\"item\":\"https:\\\/\\\/marktxxl.de\\\/markt\\\/\"},{\"@type\":\"ListItem\",\"position\":3,\"name\":\"L\u00cdLL\u00c9baby Pursuit Pro Baby- und Kindertrage in sechs Positionen mit Lordosenst\u00fctze, melierter Onyx\"}]},{\"@type\":\"WebSite\",\"@id\":\"https:\\\/\\\/marktxxl.de\\\/markt\\\/#website\",\"url\":\"https:\\\/\\\/marktxxl.de\\\/markt\\\/\",\"name\":\"Markt-XXL\",\"description\":\"Ihr Markt Online\",\"publisher\":{\"@id\":\"https:\\\/\\\/marktxxl.de\\\/markt\\\/#organization\"},\"potentialAction\":[{\"@type\":\"SearchAction\",\"target\":{\"@type\":\"EntryPoint\",\"urlTemplate\":\"https:\\\/\\\/marktxxl.de\\\/markt\\\/?s={search_term_string}\"},\"query-input\":{\"@type\":\"PropertyValueSpecification\",\"valueRequired\":true,\"valueName\":\"search_term_string\"}}],\"inLanguage\":\"de\"},{\"@type\":\"Organization\",\"@id\":\"https:\\\/\\\/marktxxl.de\\\/markt\\\/#organization\",\"name\":\"Markt-XXL\",\"url\":\"https:\\\/\\\/marktxxl.de\\\/markt\\\/\",\"logo\":{\"@type\":\"ImageObject\",\"inLanguage\":\"de\",\"@id\":\"https:\\\/\\\/marktxxl.de\\\/markt\\\/#\\\/schema\\\/logo\\\/image\\\/\",\"url\":\"https:\\\/\\\/marktxxl.de\\\/markt\\\/wp-content\\\/uploads\\\/sites\\\/3\\\/2020\\\/12\\\/logo.png\",\"contentUrl\":\"https:\\\/\\\/marktxxl.de\\\/markt\\\/wp-content\\\/uploads\\\/sites\\\/3\\\/2020\\\/12\\\/logo.png\",\"width\":200,\"height\":70,\"caption\":\"Markt-XXL\"},\"image\":{\"@id\":\"https:\\\/\\\/marktxxl.de\\\/markt\\\/#\\\/schema\\\/logo\\\/image\\\/\"}}]}<\/script>\n<!-- \/ Yoast SEO plugin. -->","yoast_head_json":{"title":"L\u00cdLL\u00c9baby Pursuit Pro Baby- und Kindertrage in sechs Positionen mit Lordosenst\u00fctze, melierter Onyx - Markt-XXL","description":"Markt-XXL L\u00cdLL\u00c9baby Pursuit Pro Baby- und Kindertrage in sechs Positionen mit Lordosenst\u00fctze, melierter Onyx","robots":{"index":"index","follow":"follow","max-snippet":"max-snippet:-1","max-image-preview":"max-image-preview:large","max-video-preview":"max-video-preview:-1"},"canonical":"https:\/\/marktxxl.de\/markt\/produkt\/lillebaby-pursuit-pro-baby-und-kindertrage-in-sechs-positionen-mit-lordosenstuetze-melierter-onyx\/","og_locale":"de_DE","og_type":"article","og_title":"L\u00cdLL\u00c9baby Pursuit Pro Baby- und Kindertrage in sechs Positionen mit Lordosenst\u00fctze, melierter Onyx - Markt-XXL","og_description":"Markt-XXL L\u00cdLL\u00c9baby Pursuit Pro Baby- und Kindertrage in sechs Positionen mit Lordosenst\u00fctze, melierter Onyx","og_url":"https:\/\/marktxxl.de\/markt\/produkt\/lillebaby-pursuit-pro-baby-und-kindertrage-in-sechs-positionen-mit-lordosenstuetze-melierter-onyx\/","og_site_name":"Markt-XXL","article_modified_time":"2023-04-11T01:40:36+00:00","og_image":[{"width":500,"height":500,"url":"https:\/\/m.media-amazon.com\/images\/I\/41EpqyxN+tL._SL500_.jpg","type":"image\/jpeg"}],"twitter_card":"summary_large_image","twitter_misc":{"Gesch\u00e4tzte Lesezeit":"1\u00a0Minute"},"schema":{"@context":"https:\/\/schema.org","@graph":[{"@type":"WebPage","@id":"https:\/\/marktxxl.de\/markt\/produkt\/lillebaby-pursuit-pro-baby-und-kindertrage-in-sechs-positionen-mit-lordosenstuetze-melierter-onyx\/","url":"https:\/\/marktxxl.de\/markt\/produkt\/lillebaby-pursuit-pro-baby-und-kindertrage-in-sechs-positionen-mit-lordosenstuetze-melierter-onyx\/","name":"L\u00cdLL\u00c9baby Pursuit Pro Baby- und Kindertrage in sechs Positionen mit Lordosenst\u00fctze, melierter Onyx - Markt-XXL","isPartOf":{"@id":"https:\/\/marktxxl.de\/markt\/#website"},"primaryImageOfPage":{"@id":"https:\/\/marktxxl.de\/markt\/produkt\/lillebaby-pursuit-pro-baby-und-kindertrage-in-sechs-positionen-mit-lordosenstuetze-melierter-onyx\/#primaryimage"},"image":{"@id":"https:\/\/marktxxl.de\/markt\/produkt\/lillebaby-pursuit-pro-baby-und-kindertrage-in-sechs-positionen-mit-lordosenstuetze-melierter-onyx\/#primaryimage"},"thumbnailUrl":"https:\/\/m.media-amazon.com\/images\/I\/41EpqyxN+tL._SL500_.jpg","datePublished":"2022-05-14T20:04:31+00:00","dateModified":"2023-04-11T01:40:36+00:00","description":"Markt-XXL L\u00cdLL\u00c9baby Pursuit Pro Baby- und Kindertrage in sechs Positionen mit Lordosenst\u00fctze, melierter Onyx","breadcrumb":{"@id":"https:\/\/marktxxl.de\/markt\/produkt\/lillebaby-pursuit-pro-baby-und-kindertrage-in-sechs-positionen-mit-lordosenstuetze-melierter-onyx\/#breadcrumb"},"inLanguage":"de","potentialAction":[{"@type":"ReadAction","target":["https:\/\/marktxxl.de\/markt\/produkt\/lillebaby-pursuit-pro-baby-und-kindertrage-in-sechs-positionen-mit-lordosenstuetze-melierter-onyx\/"]}]},{"@type":"ImageObject","inLanguage":"de","@id":"https:\/\/marktxxl.de\/markt\/produkt\/lillebaby-pursuit-pro-baby-und-kindertrage-in-sechs-positionen-mit-lordosenstuetze-melierter-onyx\/#primaryimage","url":"https:\/\/m.media-amazon.com\/images\/I\/41EpqyxN+tL._SL500_.jpg","contentUrl":"https:\/\/m.media-amazon.com\/images\/I\/41EpqyxN+tL._SL500_.jpg","width":500,"height":500},{"@type":"BreadcrumbList","@id":"https:\/\/marktxxl.de\/markt\/produkt\/lillebaby-pursuit-pro-baby-und-kindertrage-in-sechs-positionen-mit-lordosenstuetze-melierter-onyx\/#breadcrumb","itemListElement":[{"@type":"ListItem","position":1,"name":"Startseite","item":"https:\/\/marktxxl.de\/markt\/"},{"@type":"ListItem","position":2,"name":"Markt","item":"https:\/\/marktxxl.de\/markt\/"},{"@type":"ListItem","position":3,"name":"L\u00cdLL\u00c9baby Pursuit Pro Baby- und Kindertrage in sechs Positionen mit Lordosenst\u00fctze, melierter Onyx"}]},{"@type":"WebSite","@id":"https:\/\/marktxxl.de\/markt\/#website","url":"https:\/\/marktxxl.de\/markt\/","name":"Markt-XXL","description":"Ihr Markt Online","publisher":{"@id":"https:\/\/marktxxl.de\/markt\/#organization"},"potentialAction":[{"@type":"SearchAction","target":{"@type":"EntryPoint","urlTemplate":"https:\/\/marktxxl.de\/markt\/?s={search_term_string}"},"query-input":{"@type":"PropertyValueSpecification","valueRequired":true,"valueName":"search_term_string"}}],"inLanguage":"de"},{"@type":"Organization","@id":"https:\/\/marktxxl.de\/markt\/#organization","name":"Markt-XXL","url":"https:\/\/marktxxl.de\/markt\/","logo":{"@type":"ImageObject","inLanguage":"de","@id":"https:\/\/marktxxl.de\/markt\/#\/schema\/logo\/image\/","url":"https:\/\/marktxxl.de\/markt\/wp-content\/uploads\/sites\/3\/2020\/12\/logo.png","contentUrl":"https:\/\/marktxxl.de\/markt\/wp-content\/uploads\/sites\/3\/2020\/12\/logo.png","width":200,"height":70,"caption":"Markt-XXL"},"image":{"@id":"https:\/\/marktxxl.de\/markt\/#\/schema\/logo\/image\/"}}]}},"_links":{"self":[{"href":"https:\/\/marktxxl.de\/markt\/wp-json\/wp\/v2\/product\/113699","targetHints":{"allow":["GET"]}}],"collection":[{"href":"https:\/\/marktxxl.de\/markt\/wp-json\/wp\/v2\/product"}],"about":[{"href":"https:\/\/marktxxl.de\/markt\/wp-json\/wp\/v2\/types\/product"}],"replies":[{"embeddable":true,"href":"https:\/\/marktxxl.de\/markt\/wp-json\/wp\/v2\/comments?post=113699"}],"wp:featuredmedia":[{"embeddable":true,"href":"https:\/\/marktxxl.de\/markt\/wp-json\/wp\/v2\/media\/113700"}],"wp:attachment":[{"href":"https:\/\/marktxxl.de\/markt\/wp-json\/wp\/v2\/media?parent=113699"}],"wp:term":[{"taxonomy":"product_brand","embeddable":true,"href":"https:\/\/marktxxl.de\/markt\/wp-json\/wp\/v2\/product_brand?post=113699"},{"taxonomy":"product_cat","embeddable":true,"href":"https:\/\/marktxxl.de\/markt\/wp-json\/wp\/v2\/product_cat?post=113699"},{"taxonomy":"product_tag","embeddable":true,"href":"https:\/\/marktxxl.de\/markt\/wp-json\/wp\/v2\/product_tag?post=113699"}],"curies":[{"name":"wp","href":"https:\/\/api.w.org\/{rel}","templated":true}]}}