{"id":113654,"date":"2022-05-14T22:01:35","date_gmt":"2022-05-14T20:01:35","guid":{"rendered":"https:\/\/marktxxl.de\/markt\/produkt\/ergobaby-ergobaby-puppentrage-kinder-spielzeug-tragetasche-fuer-baby-puppe-100-baumwolle\/"},"modified":"2023-04-11T03:40:35","modified_gmt":"2023-04-11T01:40:35","slug":"ergobaby-ergobaby-puppentrage-kinder-spielzeug-tragetasche-fuer-baby-puppe-100-baumwolle","status":"publish","type":"product","link":"https:\/\/marktxxl.de\/markt\/produkt\/ergobaby-ergobaby-puppentrage-kinder-spielzeug-tragetasche-fuer-baby-puppe-100-baumwolle\/","title":{"rendered":"Ergobaby Puppentrage Kinder-Spielzeug, Galaxy Grau Tragetasche f\u00fcr Baby Puppe, 100% Baumwolle"},"content":{"rendered":"<p>KINDERSPIELZEUG &#8211; Die Puppentrage l\u00e4sst die Kleinen am Tragespa\u00df teilhaben und ist ein tolles Geschenk f\u00fcr \u00e4ltere Geschwister, damit sie Mutter und Vater spielen k\u00f6nnen.<br \/>\nPUPPENTRAGETASCHE &#8211; Die Puppentrage kann als Bauch- und R\u00fcckentrage benutzt werden. Die Trage eignet sich perfekt, um Kuschelfreunde zu tragen. Ab 18 Monate.<br \/>\nKOMFORTABEL &#8211; Die Puppentrage ist aus 100% Baumwolle und maschinenwaschbar bis 30\u00b0C. Der Puppentragegurt ist gepolstert and der H\u00fcfte und an den Schultern.<br \/>\nQUALIT\u00c4T &#8211; Entspricht dem Spielzeugstandard &#8211; ASTM F962 und EN71<br \/>\nDESIGN &#8211; Puppentrage in Grau mit trendigem Sternen Muster<br \/>\n<div class=\"main-cross-sell\" data-asin=\"B09Y3TQ7JF\">\n\n\t<div class=\"WooZone-cross-sell-loader\">\n\t\t<div>\n\t\t\t<div id=\"floatingBarsG\">\n\t\t\t\t<div class=\"blockG\" id=\"rotateG_01\"><\/div>\n\t\t\t\t<div class=\"blockG\" id=\"rotateG_02\"><\/div>\n\t\t\t\t<div class=\"blockG\" id=\"rotateG_03\"><\/div>\n\t\t\t\t<div class=\"blockG\" id=\"rotateG_04\"><\/div>\n\t\t\t\t<div class=\"blockG\" id=\"rotateG_05\"><\/div>\n\t\t\t\t<div class=\"blockG\" id=\"rotateG_06\"><\/div>\n\t\t\t\t<div class=\"blockG\" id=\"rotateG_07\"><\/div>\n\t\t\t\t<div class=\"blockG\" id=\"rotateG_08\"><\/div>\n\t\t\t<\/div>\n\t\t\t<div class=\"WooZone-cross-sell-loader-text\"><\/div>\n\t\t<\/div>\n\t<\/div>\n\n\t\t\n<\/div>\n<div style=\"clear:both;\"><\/div><\/p>\n","protected":false},"excerpt":{"rendered":"<p>KINDERSPIELZEUG &#8211; Die Puppentrage l\u00e4sst die Kleinen am Tragespa\u00df teilhaben und ist ein tolles Geschenk f\u00fcr \u00e4ltere Geschwister, damit sie Mutter und Vater spielen k\u00f6nnen.<br \/>\nPUPPENTRAGETASCHE &#8211; Die Puppentrage kann als Bauch- und R\u00fcckentrage benutzt werden. Die Trage eignet sich perfekt, um Kuschelfreunde zu tragen. Ab 18 Monate.<br \/>\nKOMFORTABEL &#8211; Die Puppentrage ist aus 100% Baumwolle und maschinenwaschbar bis 30\u00b0C. Der Puppentragegurt ist gepolstert and der H\u00fcfte und an den Schultern.<\/p>\n","protected":false},"featured_media":113655,"comment_status":"open","ping_status":"closed","template":"","meta":[],"product_brand":[],"product_cat":[21,9074],"product_tag":[],"class_list":{"0":"post-113654","1":"product","2":"type-product","3":"status-publish","4":"has-post-thumbnail","6":"product_cat-baby","7":"product_cat-babytragen-baby","8":"pa_binding-babyartikel","9":"pa_brand-ergobaby","11":"first","12":"instock","13":"shipping-taxable","14":"purchasable","15":"product-type-simple","16":"customify-col","17":"product-has-gallery"},"yoast_head":"<!-- This site is optimized with the Yoast SEO plugin v27.3 - https:\/\/yoast.com\/product\/yoast-seo-wordpress\/ -->\n<title>Ergobaby Puppentrage Kinder-Spielzeug, Galaxy Grau Tragetasche f\u00fcr Baby Puppe, 100% Baumwolle - Markt-XXL<\/title>\n<meta name=\"description\" content=\"Markt-XXL Ergobaby Puppentrage Kinder-Spielzeug, Galaxy Grau Tragetasche f\u00fcr Baby Puppe, 100% Baumwolle\" \/>\n<meta name=\"robots\" content=\"index, follow, max-snippet:-1, max-image-preview:large, max-video-preview:-1\" \/>\n<link rel=\"canonical\" href=\"https:\/\/marktxxl.de\/markt\/produkt\/ergobaby-ergobaby-puppentrage-kinder-spielzeug-tragetasche-fuer-baby-puppe-100-baumwolle\/\" \/>\n<meta property=\"og:locale\" content=\"de_DE\" \/>\n<meta property=\"og:type\" content=\"article\" \/>\n<meta property=\"og:title\" content=\"Ergobaby Puppentrage Kinder-Spielzeug, Galaxy Grau Tragetasche f\u00fcr Baby Puppe, 100% Baumwolle - Markt-XXL\" \/>\n<meta property=\"og:description\" content=\"Markt-XXL Ergobaby Puppentrage Kinder-Spielzeug, Galaxy Grau Tragetasche f\u00fcr Baby Puppe, 100% Baumwolle\" \/>\n<meta property=\"og:url\" content=\"https:\/\/marktxxl.de\/markt\/produkt\/ergobaby-ergobaby-puppentrage-kinder-spielzeug-tragetasche-fuer-baby-puppe-100-baumwolle\/\" \/>\n<meta property=\"og:site_name\" content=\"Markt-XXL\" \/>\n<meta property=\"article:modified_time\" content=\"2023-04-11T01:40:35+00:00\" \/>\n<meta property=\"og:image\" content=\"https:\/\/m.media-amazon.com\/images\/I\/31FUhJRkauL._SL500_.jpg\" \/>\n\t<meta property=\"og:image:width\" content=\"500\" \/>\n\t<meta property=\"og:image:height\" content=\"500\" \/>\n\t<meta property=\"og:image:type\" content=\"image\/jpeg\" \/>\n<meta name=\"twitter:card\" content=\"summary_large_image\" \/>\n<meta name=\"twitter:label1\" content=\"Gesch\u00e4tzte Lesezeit\" \/>\n\t<meta name=\"twitter:data1\" content=\"1\u00a0Minute\" \/>\n<script type=\"application\/ld+json\" class=\"yoast-schema-graph\">{\"@context\":\"https:\\\/\\\/schema.org\",\"@graph\":[{\"@type\":\"WebPage\",\"@id\":\"https:\\\/\\\/marktxxl.de\\\/markt\\\/produkt\\\/ergobaby-ergobaby-puppentrage-kinder-spielzeug-tragetasche-fuer-baby-puppe-100-baumwolle\\\/\",\"url\":\"https:\\\/\\\/marktxxl.de\\\/markt\\\/produkt\\\/ergobaby-ergobaby-puppentrage-kinder-spielzeug-tragetasche-fuer-baby-puppe-100-baumwolle\\\/\",\"name\":\"Ergobaby Puppentrage Kinder-Spielzeug, Galaxy Grau Tragetasche f\u00fcr Baby Puppe, 100% Baumwolle - Markt-XXL\",\"isPartOf\":{\"@id\":\"https:\\\/\\\/marktxxl.de\\\/markt\\\/#website\"},\"primaryImageOfPage\":{\"@id\":\"https:\\\/\\\/marktxxl.de\\\/markt\\\/produkt\\\/ergobaby-ergobaby-puppentrage-kinder-spielzeug-tragetasche-fuer-baby-puppe-100-baumwolle\\\/#primaryimage\"},\"image\":{\"@id\":\"https:\\\/\\\/marktxxl.de\\\/markt\\\/produkt\\\/ergobaby-ergobaby-puppentrage-kinder-spielzeug-tragetasche-fuer-baby-puppe-100-baumwolle\\\/#primaryimage\"},\"thumbnailUrl\":\"https:\\\/\\\/m.media-amazon.com\\\/images\\\/I\\\/31FUhJRkauL._SL500_.jpg\",\"datePublished\":\"2022-05-14T20:01:35+00:00\",\"dateModified\":\"2023-04-11T01:40:35+00:00\",\"description\":\"Markt-XXL Ergobaby Puppentrage Kinder-Spielzeug, Galaxy Grau Tragetasche f\u00fcr Baby Puppe, 100% Baumwolle\",\"breadcrumb\":{\"@id\":\"https:\\\/\\\/marktxxl.de\\\/markt\\\/produkt\\\/ergobaby-ergobaby-puppentrage-kinder-spielzeug-tragetasche-fuer-baby-puppe-100-baumwolle\\\/#breadcrumb\"},\"inLanguage\":\"de\",\"potentialAction\":[{\"@type\":\"ReadAction\",\"target\":[\"https:\\\/\\\/marktxxl.de\\\/markt\\\/produkt\\\/ergobaby-ergobaby-puppentrage-kinder-spielzeug-tragetasche-fuer-baby-puppe-100-baumwolle\\\/\"]}]},{\"@type\":\"ImageObject\",\"inLanguage\":\"de\",\"@id\":\"https:\\\/\\\/marktxxl.de\\\/markt\\\/produkt\\\/ergobaby-ergobaby-puppentrage-kinder-spielzeug-tragetasche-fuer-baby-puppe-100-baumwolle\\\/#primaryimage\",\"url\":\"https:\\\/\\\/m.media-amazon.com\\\/images\\\/I\\\/31FUhJRkauL._SL500_.jpg\",\"contentUrl\":\"https:\\\/\\\/m.media-amazon.com\\\/images\\\/I\\\/31FUhJRkauL._SL500_.jpg\",\"width\":500,\"height\":500},{\"@type\":\"BreadcrumbList\",\"@id\":\"https:\\\/\\\/marktxxl.de\\\/markt\\\/produkt\\\/ergobaby-ergobaby-puppentrage-kinder-spielzeug-tragetasche-fuer-baby-puppe-100-baumwolle\\\/#breadcrumb\",\"itemListElement\":[{\"@type\":\"ListItem\",\"position\":1,\"name\":\"Startseite\",\"item\":\"https:\\\/\\\/marktxxl.de\\\/markt\\\/\"},{\"@type\":\"ListItem\",\"position\":2,\"name\":\"Markt\",\"item\":\"https:\\\/\\\/marktxxl.de\\\/markt\\\/\"},{\"@type\":\"ListItem\",\"position\":3,\"name\":\"Ergobaby Puppentrage Kinder-Spielzeug, Galaxy Grau Tragetasche f\u00fcr Baby Puppe, 100% Baumwolle\"}]},{\"@type\":\"WebSite\",\"@id\":\"https:\\\/\\\/marktxxl.de\\\/markt\\\/#website\",\"url\":\"https:\\\/\\\/marktxxl.de\\\/markt\\\/\",\"name\":\"Markt-XXL\",\"description\":\"Ihr Markt Online\",\"publisher\":{\"@id\":\"https:\\\/\\\/marktxxl.de\\\/markt\\\/#organization\"},\"potentialAction\":[{\"@type\":\"SearchAction\",\"target\":{\"@type\":\"EntryPoint\",\"urlTemplate\":\"https:\\\/\\\/marktxxl.de\\\/markt\\\/?s={search_term_string}\"},\"query-input\":{\"@type\":\"PropertyValueSpecification\",\"valueRequired\":true,\"valueName\":\"search_term_string\"}}],\"inLanguage\":\"de\"},{\"@type\":\"Organization\",\"@id\":\"https:\\\/\\\/marktxxl.de\\\/markt\\\/#organization\",\"name\":\"Markt-XXL\",\"url\":\"https:\\\/\\\/marktxxl.de\\\/markt\\\/\",\"logo\":{\"@type\":\"ImageObject\",\"inLanguage\":\"de\",\"@id\":\"https:\\\/\\\/marktxxl.de\\\/markt\\\/#\\\/schema\\\/logo\\\/image\\\/\",\"url\":\"https:\\\/\\\/marktxxl.de\\\/markt\\\/wp-content\\\/uploads\\\/sites\\\/3\\\/2020\\\/12\\\/logo.png\",\"contentUrl\":\"https:\\\/\\\/marktxxl.de\\\/markt\\\/wp-content\\\/uploads\\\/sites\\\/3\\\/2020\\\/12\\\/logo.png\",\"width\":200,\"height\":70,\"caption\":\"Markt-XXL\"},\"image\":{\"@id\":\"https:\\\/\\\/marktxxl.de\\\/markt\\\/#\\\/schema\\\/logo\\\/image\\\/\"}}]}<\/script>\n<!-- \/ Yoast SEO plugin. -->","yoast_head_json":{"title":"Ergobaby Puppentrage Kinder-Spielzeug, Galaxy Grau Tragetasche f\u00fcr Baby Puppe, 100% Baumwolle - Markt-XXL","description":"Markt-XXL Ergobaby Puppentrage Kinder-Spielzeug, Galaxy Grau Tragetasche f\u00fcr Baby Puppe, 100% Baumwolle","robots":{"index":"index","follow":"follow","max-snippet":"max-snippet:-1","max-image-preview":"max-image-preview:large","max-video-preview":"max-video-preview:-1"},"canonical":"https:\/\/marktxxl.de\/markt\/produkt\/ergobaby-ergobaby-puppentrage-kinder-spielzeug-tragetasche-fuer-baby-puppe-100-baumwolle\/","og_locale":"de_DE","og_type":"article","og_title":"Ergobaby Puppentrage Kinder-Spielzeug, Galaxy Grau Tragetasche f\u00fcr Baby Puppe, 100% Baumwolle - Markt-XXL","og_description":"Markt-XXL Ergobaby Puppentrage Kinder-Spielzeug, Galaxy Grau Tragetasche f\u00fcr Baby Puppe, 100% Baumwolle","og_url":"https:\/\/marktxxl.de\/markt\/produkt\/ergobaby-ergobaby-puppentrage-kinder-spielzeug-tragetasche-fuer-baby-puppe-100-baumwolle\/","og_site_name":"Markt-XXL","article_modified_time":"2023-04-11T01:40:35+00:00","og_image":[{"width":500,"height":500,"url":"https:\/\/m.media-amazon.com\/images\/I\/31FUhJRkauL._SL500_.jpg","type":"image\/jpeg"}],"twitter_card":"summary_large_image","twitter_misc":{"Gesch\u00e4tzte Lesezeit":"1\u00a0Minute"},"schema":{"@context":"https:\/\/schema.org","@graph":[{"@type":"WebPage","@id":"https:\/\/marktxxl.de\/markt\/produkt\/ergobaby-ergobaby-puppentrage-kinder-spielzeug-tragetasche-fuer-baby-puppe-100-baumwolle\/","url":"https:\/\/marktxxl.de\/markt\/produkt\/ergobaby-ergobaby-puppentrage-kinder-spielzeug-tragetasche-fuer-baby-puppe-100-baumwolle\/","name":"Ergobaby Puppentrage Kinder-Spielzeug, Galaxy Grau Tragetasche f\u00fcr Baby Puppe, 100% Baumwolle - Markt-XXL","isPartOf":{"@id":"https:\/\/marktxxl.de\/markt\/#website"},"primaryImageOfPage":{"@id":"https:\/\/marktxxl.de\/markt\/produkt\/ergobaby-ergobaby-puppentrage-kinder-spielzeug-tragetasche-fuer-baby-puppe-100-baumwolle\/#primaryimage"},"image":{"@id":"https:\/\/marktxxl.de\/markt\/produkt\/ergobaby-ergobaby-puppentrage-kinder-spielzeug-tragetasche-fuer-baby-puppe-100-baumwolle\/#primaryimage"},"thumbnailUrl":"https:\/\/m.media-amazon.com\/images\/I\/31FUhJRkauL._SL500_.jpg","datePublished":"2022-05-14T20:01:35+00:00","dateModified":"2023-04-11T01:40:35+00:00","description":"Markt-XXL Ergobaby Puppentrage Kinder-Spielzeug, Galaxy Grau Tragetasche f\u00fcr Baby Puppe, 100% Baumwolle","breadcrumb":{"@id":"https:\/\/marktxxl.de\/markt\/produkt\/ergobaby-ergobaby-puppentrage-kinder-spielzeug-tragetasche-fuer-baby-puppe-100-baumwolle\/#breadcrumb"},"inLanguage":"de","potentialAction":[{"@type":"ReadAction","target":["https:\/\/marktxxl.de\/markt\/produkt\/ergobaby-ergobaby-puppentrage-kinder-spielzeug-tragetasche-fuer-baby-puppe-100-baumwolle\/"]}]},{"@type":"ImageObject","inLanguage":"de","@id":"https:\/\/marktxxl.de\/markt\/produkt\/ergobaby-ergobaby-puppentrage-kinder-spielzeug-tragetasche-fuer-baby-puppe-100-baumwolle\/#primaryimage","url":"https:\/\/m.media-amazon.com\/images\/I\/31FUhJRkauL._SL500_.jpg","contentUrl":"https:\/\/m.media-amazon.com\/images\/I\/31FUhJRkauL._SL500_.jpg","width":500,"height":500},{"@type":"BreadcrumbList","@id":"https:\/\/marktxxl.de\/markt\/produkt\/ergobaby-ergobaby-puppentrage-kinder-spielzeug-tragetasche-fuer-baby-puppe-100-baumwolle\/#breadcrumb","itemListElement":[{"@type":"ListItem","position":1,"name":"Startseite","item":"https:\/\/marktxxl.de\/markt\/"},{"@type":"ListItem","position":2,"name":"Markt","item":"https:\/\/marktxxl.de\/markt\/"},{"@type":"ListItem","position":3,"name":"Ergobaby Puppentrage Kinder-Spielzeug, Galaxy Grau Tragetasche f\u00fcr Baby Puppe, 100% Baumwolle"}]},{"@type":"WebSite","@id":"https:\/\/marktxxl.de\/markt\/#website","url":"https:\/\/marktxxl.de\/markt\/","name":"Markt-XXL","description":"Ihr Markt Online","publisher":{"@id":"https:\/\/marktxxl.de\/markt\/#organization"},"potentialAction":[{"@type":"SearchAction","target":{"@type":"EntryPoint","urlTemplate":"https:\/\/marktxxl.de\/markt\/?s={search_term_string}"},"query-input":{"@type":"PropertyValueSpecification","valueRequired":true,"valueName":"search_term_string"}}],"inLanguage":"de"},{"@type":"Organization","@id":"https:\/\/marktxxl.de\/markt\/#organization","name":"Markt-XXL","url":"https:\/\/marktxxl.de\/markt\/","logo":{"@type":"ImageObject","inLanguage":"de","@id":"https:\/\/marktxxl.de\/markt\/#\/schema\/logo\/image\/","url":"https:\/\/marktxxl.de\/markt\/wp-content\/uploads\/sites\/3\/2020\/12\/logo.png","contentUrl":"https:\/\/marktxxl.de\/markt\/wp-content\/uploads\/sites\/3\/2020\/12\/logo.png","width":200,"height":70,"caption":"Markt-XXL"},"image":{"@id":"https:\/\/marktxxl.de\/markt\/#\/schema\/logo\/image\/"}}]}},"_links":{"self":[{"href":"https:\/\/marktxxl.de\/markt\/wp-json\/wp\/v2\/product\/113654","targetHints":{"allow":["GET"]}}],"collection":[{"href":"https:\/\/marktxxl.de\/markt\/wp-json\/wp\/v2\/product"}],"about":[{"href":"https:\/\/marktxxl.de\/markt\/wp-json\/wp\/v2\/types\/product"}],"replies":[{"embeddable":true,"href":"https:\/\/marktxxl.de\/markt\/wp-json\/wp\/v2\/comments?post=113654"}],"wp:featuredmedia":[{"embeddable":true,"href":"https:\/\/marktxxl.de\/markt\/wp-json\/wp\/v2\/media\/113655"}],"wp:attachment":[{"href":"https:\/\/marktxxl.de\/markt\/wp-json\/wp\/v2\/media?parent=113654"}],"wp:term":[{"taxonomy":"product_brand","embeddable":true,"href":"https:\/\/marktxxl.de\/markt\/wp-json\/wp\/v2\/product_brand?post=113654"},{"taxonomy":"product_cat","embeddable":true,"href":"https:\/\/marktxxl.de\/markt\/wp-json\/wp\/v2\/product_cat?post=113654"},{"taxonomy":"product_tag","embeddable":true,"href":"https:\/\/marktxxl.de\/markt\/wp-json\/wp\/v2\/product_tag?post=113654"}],"curies":[{"name":"wp","href":"https:\/\/api.w.org\/{rel}","templated":true}]}}