{"id":113649,"date":"2022-05-14T22:01:31","date_gmt":"2022-05-14T20:01:31","guid":{"rendered":"https:\/\/marktxxl.de\/markt\/produkt\/miamily-hipster-babytrage-spucktuch-baby-zubehoer-baby-kissen-zahnungshilfe-baby-fuer-die-vorderseite-weiss\/"},"modified":"2023-04-11T03:40:35","modified_gmt":"2023-04-11T01:40:35","slug":"miamily-hipster-babytrage-spucktuch-baby-zubehoer-baby-kissen-zahnungshilfe-baby-fuer-die-vorderseite-weiss","status":"publish","type":"product","link":"https:\/\/marktxxl.de\/markt\/produkt\/miamily-hipster-babytrage-spucktuch-baby-zubehoer-baby-kissen-zahnungshilfe-baby-fuer-die-vorderseite-weiss\/","title":{"rendered":"MiaMily Hipster Babytrage Spucktuch Baby Zubeh\u00f6r, Baby Kissen, Zahnungshilfe Baby, f\u00fcr die Vorderseite, Wei\u00df"},"content":{"rendered":"<p>HYGIENESCHUTZ F\u00dcR IHRE BABY TRAGE: Unser Spucktuch verf\u00fcgt \u00fcber ein innovatives Design, welches leicht an der Vorderseite der Babytrage befestigt werden kann. Es bedeckt die beiden Schultergurte, h\u00e4lt Ihren Baby Tragegurt sauber und kann Ihrem Kind gleichzeitig als Baby Zahnungshilfe eine sichere Fl\u00e4che zum Zahnen bieten<br \/>\nEINFACH ANZUBRINGEN: Das Spucktuch l\u00e4sst sich durch das benutzerfreundliche Design und die langlebigen Druckkn\u00f6pfe ganz einfach an der Vorderseite Ihrer Babytrage anbringen und wieder abnehmen.<br \/>\nWEICHES, SAUGF\u00c4HIGES MATERIAL: Das Baumwolltuch f\u00fchlt sich weich an, ist sehr saugf\u00e4hig und wird aus 95 % Baumwolle und 5 % Elasthan hergestellt.<br \/>\nWASCHMASCHINENGEEIGNET: Das Spucktuch ist einfach zu reinigen. Es kann in der Waschmaschine gewaschen werden und sollte zum Trocknen flach hingelegt werden. Nicht im Trockner trocknen.<br \/>\nKOMPATIBEL MIT JEDER MIAMILY KINDERTRAGE: Das Babytuch wurde passend zu allen MiaMily Babytragen entworfen.<br \/>\n<div class=\"main-cross-sell\" data-asin=\"B01JMTYTCY\">\n\n\t<div class=\"WooZone-cross-sell-loader\">\n\t\t<div>\n\t\t\t<div id=\"floatingBarsG\">\n\t\t\t\t<div class=\"blockG\" id=\"rotateG_01\"><\/div>\n\t\t\t\t<div class=\"blockG\" id=\"rotateG_02\"><\/div>\n\t\t\t\t<div class=\"blockG\" id=\"rotateG_03\"><\/div>\n\t\t\t\t<div class=\"blockG\" id=\"rotateG_04\"><\/div>\n\t\t\t\t<div class=\"blockG\" id=\"rotateG_05\"><\/div>\n\t\t\t\t<div class=\"blockG\" id=\"rotateG_06\"><\/div>\n\t\t\t\t<div class=\"blockG\" id=\"rotateG_07\"><\/div>\n\t\t\t\t<div class=\"blockG\" id=\"rotateG_08\"><\/div>\n\t\t\t<\/div>\n\t\t\t<div class=\"WooZone-cross-sell-loader-text\"><\/div>\n\t\t<\/div>\n\t<\/div>\n\n\t\t\n<\/div>\n<div style=\"clear:both;\"><\/div><\/p>\n","protected":false},"excerpt":{"rendered":"<p>HYGIENESCHUTZ F\u00dcR IHRE BABY TRAGE: Unser Spucktuch verf\u00fcgt \u00fcber ein innovatives Design, welches leicht an der Vorderseite der Babytrage befestigt werden kann. Es bedeckt die beiden Schultergurte, h\u00e4lt Ihren Baby Tragegurt sauber und kann Ihrem Kind gleichzeitig als Baby Zahnungshilfe eine sichere Fl\u00e4che zum Zahnen bieten<br \/>\nEINFACH ANZUBRINGEN: Das Spucktuch l\u00e4sst sich durch das benutzerfreundliche Design und die langlebigen Druckkn\u00f6pfe ganz einfach an der Vorderseite Ihrer Babytrage anbringen und wieder abnehmen.<br \/>\nWEICHES, SAUGF\u00c4HIGES MATERIAL: Das Baumwolltuch f\u00fchlt sich weich an, ist sehr saugf\u00e4hig und wird aus 95 % Baumwolle und 5 % Elasthan hergestellt.<\/p>\n","protected":false},"featured_media":113650,"comment_status":"open","ping_status":"closed","template":"","meta":[],"product_brand":[],"product_cat":[21,9074],"product_tag":[],"class_list":{"0":"post-113649","1":"product","2":"type-product","3":"status-publish","4":"has-post-thumbnail","6":"product_cat-baby","7":"product_cat-babytragen-baby","8":"pa_binding-unbekannter-einband","9":"pa_brand-miamily","10":"pa_height-5-7086614115-zoll","11":"pa_length-5-905511805-zoll","12":"pa_manufacturer-miamily","13":"pa_model-mm-hip-fdp","14":"pa_weight-0-2755778275-pfund","15":"pa_width-1-3779527545-zoll","17":"first","18":"instock","19":"shipping-taxable","20":"purchasable","21":"product-type-simple","22":"customify-col","23":"product-has-gallery"},"yoast_head":"<!-- This site is optimized with the Yoast SEO plugin v27.4 - https:\/\/yoast.com\/product\/yoast-seo-wordpress\/ -->\n<title>MiaMily Hipster Babytrage Spucktuch Baby Zubeh\u00f6r, Baby Kissen, Zahnungshilfe Baby, f\u00fcr die Vorderseite, Wei\u00df - Markt-XXL<\/title>\n<meta name=\"description\" content=\"Markt-XXL MiaMily Hipster Babytrage Spucktuch Baby Zubeh\u00f6r, Baby Kissen, Zahnungshilfe Baby, f\u00fcr die Vorderseite, Wei\u00df\" \/>\n<meta name=\"robots\" content=\"index, follow, max-snippet:-1, max-image-preview:large, max-video-preview:-1\" \/>\n<link rel=\"canonical\" href=\"https:\/\/marktxxl.de\/markt\/produkt\/miamily-hipster-babytrage-spucktuch-baby-zubehoer-baby-kissen-zahnungshilfe-baby-fuer-die-vorderseite-weiss\/\" \/>\n<meta property=\"og:locale\" content=\"de_DE\" \/>\n<meta property=\"og:type\" content=\"article\" \/>\n<meta property=\"og:title\" content=\"MiaMily Hipster Babytrage Spucktuch Baby Zubeh\u00f6r, Baby Kissen, Zahnungshilfe Baby, f\u00fcr die Vorderseite, Wei\u00df - Markt-XXL\" \/>\n<meta property=\"og:description\" content=\"Markt-XXL MiaMily Hipster Babytrage Spucktuch Baby Zubeh\u00f6r, Baby Kissen, Zahnungshilfe Baby, f\u00fcr die Vorderseite, Wei\u00df\" \/>\n<meta property=\"og:url\" content=\"https:\/\/marktxxl.de\/markt\/produkt\/miamily-hipster-babytrage-spucktuch-baby-zubehoer-baby-kissen-zahnungshilfe-baby-fuer-die-vorderseite-weiss\/\" \/>\n<meta property=\"og:site_name\" content=\"Markt-XXL\" \/>\n<meta property=\"article:modified_time\" content=\"2023-04-11T01:40:35+00:00\" \/>\n<meta property=\"og:image\" content=\"https:\/\/m.media-amazon.com\/images\/I\/21z5SCDEFvL._SL500_.jpg\" \/>\n\t<meta property=\"og:image:width\" content=\"500\" \/>\n\t<meta property=\"og:image:height\" content=\"500\" \/>\n\t<meta property=\"og:image:type\" content=\"image\/jpeg\" \/>\n<meta name=\"twitter:card\" content=\"summary_large_image\" \/>\n<meta name=\"twitter:label1\" content=\"Gesch\u00e4tzte Lesezeit\" \/>\n\t<meta name=\"twitter:data1\" content=\"1\u00a0Minute\" \/>\n<script type=\"application\/ld+json\" class=\"yoast-schema-graph\">{\"@context\":\"https:\\\/\\\/schema.org\",\"@graph\":[{\"@type\":\"WebPage\",\"@id\":\"https:\\\/\\\/marktxxl.de\\\/markt\\\/produkt\\\/miamily-hipster-babytrage-spucktuch-baby-zubehoer-baby-kissen-zahnungshilfe-baby-fuer-die-vorderseite-weiss\\\/\",\"url\":\"https:\\\/\\\/marktxxl.de\\\/markt\\\/produkt\\\/miamily-hipster-babytrage-spucktuch-baby-zubehoer-baby-kissen-zahnungshilfe-baby-fuer-die-vorderseite-weiss\\\/\",\"name\":\"MiaMily Hipster Babytrage Spucktuch Baby Zubeh\u00f6r, Baby Kissen, Zahnungshilfe Baby, f\u00fcr die Vorderseite, Wei\u00df - Markt-XXL\",\"isPartOf\":{\"@id\":\"https:\\\/\\\/marktxxl.de\\\/markt\\\/#website\"},\"primaryImageOfPage\":{\"@id\":\"https:\\\/\\\/marktxxl.de\\\/markt\\\/produkt\\\/miamily-hipster-babytrage-spucktuch-baby-zubehoer-baby-kissen-zahnungshilfe-baby-fuer-die-vorderseite-weiss\\\/#primaryimage\"},\"image\":{\"@id\":\"https:\\\/\\\/marktxxl.de\\\/markt\\\/produkt\\\/miamily-hipster-babytrage-spucktuch-baby-zubehoer-baby-kissen-zahnungshilfe-baby-fuer-die-vorderseite-weiss\\\/#primaryimage\"},\"thumbnailUrl\":\"https:\\\/\\\/m.media-amazon.com\\\/images\\\/I\\\/21z5SCDEFvL._SL500_.jpg\",\"datePublished\":\"2022-05-14T20:01:31+00:00\",\"dateModified\":\"2023-04-11T01:40:35+00:00\",\"description\":\"Markt-XXL MiaMily Hipster Babytrage Spucktuch Baby Zubeh\u00f6r, Baby Kissen, Zahnungshilfe Baby, f\u00fcr die Vorderseite, Wei\u00df\",\"breadcrumb\":{\"@id\":\"https:\\\/\\\/marktxxl.de\\\/markt\\\/produkt\\\/miamily-hipster-babytrage-spucktuch-baby-zubehoer-baby-kissen-zahnungshilfe-baby-fuer-die-vorderseite-weiss\\\/#breadcrumb\"},\"inLanguage\":\"de\",\"potentialAction\":[{\"@type\":\"ReadAction\",\"target\":[\"https:\\\/\\\/marktxxl.de\\\/markt\\\/produkt\\\/miamily-hipster-babytrage-spucktuch-baby-zubehoer-baby-kissen-zahnungshilfe-baby-fuer-die-vorderseite-weiss\\\/\"]}]},{\"@type\":\"ImageObject\",\"inLanguage\":\"de\",\"@id\":\"https:\\\/\\\/marktxxl.de\\\/markt\\\/produkt\\\/miamily-hipster-babytrage-spucktuch-baby-zubehoer-baby-kissen-zahnungshilfe-baby-fuer-die-vorderseite-weiss\\\/#primaryimage\",\"url\":\"https:\\\/\\\/m.media-amazon.com\\\/images\\\/I\\\/21z5SCDEFvL._SL500_.jpg\",\"contentUrl\":\"https:\\\/\\\/m.media-amazon.com\\\/images\\\/I\\\/21z5SCDEFvL._SL500_.jpg\",\"width\":500,\"height\":500},{\"@type\":\"BreadcrumbList\",\"@id\":\"https:\\\/\\\/marktxxl.de\\\/markt\\\/produkt\\\/miamily-hipster-babytrage-spucktuch-baby-zubehoer-baby-kissen-zahnungshilfe-baby-fuer-die-vorderseite-weiss\\\/#breadcrumb\",\"itemListElement\":[{\"@type\":\"ListItem\",\"position\":1,\"name\":\"Startseite\",\"item\":\"https:\\\/\\\/marktxxl.de\\\/markt\\\/\"},{\"@type\":\"ListItem\",\"position\":2,\"name\":\"Markt\",\"item\":\"https:\\\/\\\/marktxxl.de\\\/markt\\\/\"},{\"@type\":\"ListItem\",\"position\":3,\"name\":\"MiaMily Hipster Babytrage Spucktuch Baby Zubeh\u00f6r, Baby Kissen, Zahnungshilfe Baby, f\u00fcr die Vorderseite, Wei\u00df\"}]},{\"@type\":\"WebSite\",\"@id\":\"https:\\\/\\\/marktxxl.de\\\/markt\\\/#website\",\"url\":\"https:\\\/\\\/marktxxl.de\\\/markt\\\/\",\"name\":\"Markt-XXL\",\"description\":\"Ihr Markt Online\",\"publisher\":{\"@id\":\"https:\\\/\\\/marktxxl.de\\\/markt\\\/#organization\"},\"potentialAction\":[{\"@type\":\"SearchAction\",\"target\":{\"@type\":\"EntryPoint\",\"urlTemplate\":\"https:\\\/\\\/marktxxl.de\\\/markt\\\/?s={search_term_string}\"},\"query-input\":{\"@type\":\"PropertyValueSpecification\",\"valueRequired\":true,\"valueName\":\"search_term_string\"}}],\"inLanguage\":\"de\"},{\"@type\":\"Organization\",\"@id\":\"https:\\\/\\\/marktxxl.de\\\/markt\\\/#organization\",\"name\":\"Markt-XXL\",\"url\":\"https:\\\/\\\/marktxxl.de\\\/markt\\\/\",\"logo\":{\"@type\":\"ImageObject\",\"inLanguage\":\"de\",\"@id\":\"https:\\\/\\\/marktxxl.de\\\/markt\\\/#\\\/schema\\\/logo\\\/image\\\/\",\"url\":\"https:\\\/\\\/marktxxl.de\\\/markt\\\/wp-content\\\/uploads\\\/sites\\\/3\\\/2020\\\/12\\\/logo.png\",\"contentUrl\":\"https:\\\/\\\/marktxxl.de\\\/markt\\\/wp-content\\\/uploads\\\/sites\\\/3\\\/2020\\\/12\\\/logo.png\",\"width\":200,\"height\":70,\"caption\":\"Markt-XXL\"},\"image\":{\"@id\":\"https:\\\/\\\/marktxxl.de\\\/markt\\\/#\\\/schema\\\/logo\\\/image\\\/\"}}]}<\/script>\n<!-- \/ Yoast SEO plugin. -->","yoast_head_json":{"title":"MiaMily Hipster Babytrage Spucktuch Baby Zubeh\u00f6r, Baby Kissen, Zahnungshilfe Baby, f\u00fcr die Vorderseite, Wei\u00df - Markt-XXL","description":"Markt-XXL MiaMily Hipster Babytrage Spucktuch Baby Zubeh\u00f6r, Baby Kissen, Zahnungshilfe Baby, f\u00fcr die Vorderseite, Wei\u00df","robots":{"index":"index","follow":"follow","max-snippet":"max-snippet:-1","max-image-preview":"max-image-preview:large","max-video-preview":"max-video-preview:-1"},"canonical":"https:\/\/marktxxl.de\/markt\/produkt\/miamily-hipster-babytrage-spucktuch-baby-zubehoer-baby-kissen-zahnungshilfe-baby-fuer-die-vorderseite-weiss\/","og_locale":"de_DE","og_type":"article","og_title":"MiaMily Hipster Babytrage Spucktuch Baby Zubeh\u00f6r, Baby Kissen, Zahnungshilfe Baby, f\u00fcr die Vorderseite, Wei\u00df - Markt-XXL","og_description":"Markt-XXL MiaMily Hipster Babytrage Spucktuch Baby Zubeh\u00f6r, Baby Kissen, Zahnungshilfe Baby, f\u00fcr die Vorderseite, Wei\u00df","og_url":"https:\/\/marktxxl.de\/markt\/produkt\/miamily-hipster-babytrage-spucktuch-baby-zubehoer-baby-kissen-zahnungshilfe-baby-fuer-die-vorderseite-weiss\/","og_site_name":"Markt-XXL","article_modified_time":"2023-04-11T01:40:35+00:00","og_image":[{"width":500,"height":500,"url":"https:\/\/m.media-amazon.com\/images\/I\/21z5SCDEFvL._SL500_.jpg","type":"image\/jpeg"}],"twitter_card":"summary_large_image","twitter_misc":{"Gesch\u00e4tzte Lesezeit":"1\u00a0Minute"},"schema":{"@context":"https:\/\/schema.org","@graph":[{"@type":"WebPage","@id":"https:\/\/marktxxl.de\/markt\/produkt\/miamily-hipster-babytrage-spucktuch-baby-zubehoer-baby-kissen-zahnungshilfe-baby-fuer-die-vorderseite-weiss\/","url":"https:\/\/marktxxl.de\/markt\/produkt\/miamily-hipster-babytrage-spucktuch-baby-zubehoer-baby-kissen-zahnungshilfe-baby-fuer-die-vorderseite-weiss\/","name":"MiaMily Hipster Babytrage Spucktuch Baby Zubeh\u00f6r, Baby Kissen, Zahnungshilfe Baby, f\u00fcr die Vorderseite, Wei\u00df - Markt-XXL","isPartOf":{"@id":"https:\/\/marktxxl.de\/markt\/#website"},"primaryImageOfPage":{"@id":"https:\/\/marktxxl.de\/markt\/produkt\/miamily-hipster-babytrage-spucktuch-baby-zubehoer-baby-kissen-zahnungshilfe-baby-fuer-die-vorderseite-weiss\/#primaryimage"},"image":{"@id":"https:\/\/marktxxl.de\/markt\/produkt\/miamily-hipster-babytrage-spucktuch-baby-zubehoer-baby-kissen-zahnungshilfe-baby-fuer-die-vorderseite-weiss\/#primaryimage"},"thumbnailUrl":"https:\/\/m.media-amazon.com\/images\/I\/21z5SCDEFvL._SL500_.jpg","datePublished":"2022-05-14T20:01:31+00:00","dateModified":"2023-04-11T01:40:35+00:00","description":"Markt-XXL MiaMily Hipster Babytrage Spucktuch Baby Zubeh\u00f6r, Baby Kissen, Zahnungshilfe Baby, f\u00fcr die Vorderseite, Wei\u00df","breadcrumb":{"@id":"https:\/\/marktxxl.de\/markt\/produkt\/miamily-hipster-babytrage-spucktuch-baby-zubehoer-baby-kissen-zahnungshilfe-baby-fuer-die-vorderseite-weiss\/#breadcrumb"},"inLanguage":"de","potentialAction":[{"@type":"ReadAction","target":["https:\/\/marktxxl.de\/markt\/produkt\/miamily-hipster-babytrage-spucktuch-baby-zubehoer-baby-kissen-zahnungshilfe-baby-fuer-die-vorderseite-weiss\/"]}]},{"@type":"ImageObject","inLanguage":"de","@id":"https:\/\/marktxxl.de\/markt\/produkt\/miamily-hipster-babytrage-spucktuch-baby-zubehoer-baby-kissen-zahnungshilfe-baby-fuer-die-vorderseite-weiss\/#primaryimage","url":"https:\/\/m.media-amazon.com\/images\/I\/21z5SCDEFvL._SL500_.jpg","contentUrl":"https:\/\/m.media-amazon.com\/images\/I\/21z5SCDEFvL._SL500_.jpg","width":500,"height":500},{"@type":"BreadcrumbList","@id":"https:\/\/marktxxl.de\/markt\/produkt\/miamily-hipster-babytrage-spucktuch-baby-zubehoer-baby-kissen-zahnungshilfe-baby-fuer-die-vorderseite-weiss\/#breadcrumb","itemListElement":[{"@type":"ListItem","position":1,"name":"Startseite","item":"https:\/\/marktxxl.de\/markt\/"},{"@type":"ListItem","position":2,"name":"Markt","item":"https:\/\/marktxxl.de\/markt\/"},{"@type":"ListItem","position":3,"name":"MiaMily Hipster Babytrage Spucktuch Baby Zubeh\u00f6r, Baby Kissen, Zahnungshilfe Baby, f\u00fcr die Vorderseite, Wei\u00df"}]},{"@type":"WebSite","@id":"https:\/\/marktxxl.de\/markt\/#website","url":"https:\/\/marktxxl.de\/markt\/","name":"Markt-XXL","description":"Ihr Markt Online","publisher":{"@id":"https:\/\/marktxxl.de\/markt\/#organization"},"potentialAction":[{"@type":"SearchAction","target":{"@type":"EntryPoint","urlTemplate":"https:\/\/marktxxl.de\/markt\/?s={search_term_string}"},"query-input":{"@type":"PropertyValueSpecification","valueRequired":true,"valueName":"search_term_string"}}],"inLanguage":"de"},{"@type":"Organization","@id":"https:\/\/marktxxl.de\/markt\/#organization","name":"Markt-XXL","url":"https:\/\/marktxxl.de\/markt\/","logo":{"@type":"ImageObject","inLanguage":"de","@id":"https:\/\/marktxxl.de\/markt\/#\/schema\/logo\/image\/","url":"https:\/\/marktxxl.de\/markt\/wp-content\/uploads\/sites\/3\/2020\/12\/logo.png","contentUrl":"https:\/\/marktxxl.de\/markt\/wp-content\/uploads\/sites\/3\/2020\/12\/logo.png","width":200,"height":70,"caption":"Markt-XXL"},"image":{"@id":"https:\/\/marktxxl.de\/markt\/#\/schema\/logo\/image\/"}}]}},"_links":{"self":[{"href":"https:\/\/marktxxl.de\/markt\/wp-json\/wp\/v2\/product\/113649","targetHints":{"allow":["GET"]}}],"collection":[{"href":"https:\/\/marktxxl.de\/markt\/wp-json\/wp\/v2\/product"}],"about":[{"href":"https:\/\/marktxxl.de\/markt\/wp-json\/wp\/v2\/types\/product"}],"replies":[{"embeddable":true,"href":"https:\/\/marktxxl.de\/markt\/wp-json\/wp\/v2\/comments?post=113649"}],"wp:featuredmedia":[{"embeddable":true,"href":"https:\/\/marktxxl.de\/markt\/wp-json\/wp\/v2\/media\/113650"}],"wp:attachment":[{"href":"https:\/\/marktxxl.de\/markt\/wp-json\/wp\/v2\/media?parent=113649"}],"wp:term":[{"taxonomy":"product_brand","embeddable":true,"href":"https:\/\/marktxxl.de\/markt\/wp-json\/wp\/v2\/product_brand?post=113649"},{"taxonomy":"product_cat","embeddable":true,"href":"https:\/\/marktxxl.de\/markt\/wp-json\/wp\/v2\/product_cat?post=113649"},{"taxonomy":"product_tag","embeddable":true,"href":"https:\/\/marktxxl.de\/markt\/wp-json\/wp\/v2\/product_tag?post=113649"}],"curies":[{"name":"wp","href":"https:\/\/api.w.org\/{rel}","templated":true}]}}