{"id":113630,"date":"2022-05-14T22:01:19","date_gmt":"2022-05-14T20:01:19","guid":{"rendered":"https:\/\/marktxxl.de\/markt\/produkt\/adidas-fortarun-elastischer-crosstrainer-fuer-kinder\/"},"modified":"2023-04-11T03:40:35","modified_gmt":"2023-04-11T01:40:35","slug":"adidas-fortarun-elastischer-crosstrainer-fuer-kinder","status":"publish","type":"product","link":"https:\/\/marktxxl.de\/markt\/produkt\/adidas-fortarun-elastischer-crosstrainer-fuer-kinder\/","title":{"rendered":"adidas Fortarun Elastischer Crosstrainer f\u00fcr Kinder"},"content":{"rendered":"<p>adidas Unisex Crosstrainer<br \/>\nDie Marke adidas hat eine lange Geschichte und tiefe Verbindung mit dem Sport. Alles, was wir tun, ist im Sport verwurzelt<br \/>\nAngetrieben von einem unerm\u00fcdlichen Streben nach Innovation sowie jahrzehntelanger akkumulierender Sportwissenschaft, bieten wir f\u00fcr alle, von professionellen Athleten und Teams bis hin zu jedem Person, der Sport Teil ihres Lebens machen m\u00f6chte.<br \/>\n<div class=\"main-cross-sell\" data-asin=\"B08B4KT165\">\n\n\t<div class=\"WooZone-cross-sell-loader\">\n\t\t<div>\n\t\t\t<div id=\"floatingBarsG\">\n\t\t\t\t<div class=\"blockG\" id=\"rotateG_01\"><\/div>\n\t\t\t\t<div class=\"blockG\" id=\"rotateG_02\"><\/div>\n\t\t\t\t<div class=\"blockG\" id=\"rotateG_03\"><\/div>\n\t\t\t\t<div class=\"blockG\" id=\"rotateG_04\"><\/div>\n\t\t\t\t<div class=\"blockG\" id=\"rotateG_05\"><\/div>\n\t\t\t\t<div class=\"blockG\" id=\"rotateG_06\"><\/div>\n\t\t\t\t<div class=\"blockG\" id=\"rotateG_07\"><\/div>\n\t\t\t\t<div class=\"blockG\" id=\"rotateG_08\"><\/div>\n\t\t\t<\/div>\n\t\t\t<div class=\"WooZone-cross-sell-loader-text\"><\/div>\n\t\t<\/div>\n\t<\/div>\n\n\t\t\n<\/div>\n<div style=\"clear:both;\"><\/div><\/p>\n","protected":false},"excerpt":{"rendered":"<p>adidas Unisex Crosstrainer<br \/>\nDie Marke adidas hat eine lange Geschichte und tiefe Verbindung mit dem Sport. Alles, was wir tun, ist im Sport verwurzelt<br \/>\nAngetrieben von einem unerm\u00fcdlichen Streben nach Innovation sowie jahrzehntelanger akkumulierender Sportwissenschaft, bieten wir f\u00fcr alle, von professionellen Athleten und Teams bis hin zu jedem Person, der Sport Teil ihres Lebens machen m\u00f6chte.<\/p>\n","protected":false},"featured_media":113631,"comment_status":"open","ping_status":"closed","template":"","meta":[],"product_brand":[],"product_cat":[21,9036],"product_tag":[],"class_list":{"0":"post-113630","1":"product","2":"type-product","3":"status-publish","4":"has-post-thumbnail","6":"product_cat-baby","7":"product_cat-babyschuhe-baby","8":"pa_binding-textilien","9":"pa_brand-adidas","10":"pa_color-vivid-red-cloud-white-core-black","11":"pa_height-4-5-zoll","12":"pa_length-12-7-zoll","13":"pa_manufacturer-adidas","14":"pa_model-lal36","15":"pa_width-7-9-zoll","17":"first","18":"instock","19":"shipping-taxable","20":"purchasable","21":"product-type-simple","22":"customify-col","23":"product-has-gallery"},"yoast_head":"<!-- This site is optimized with the Yoast SEO plugin v27.4 - https:\/\/yoast.com\/product\/yoast-seo-wordpress\/ -->\n<title>adidas Fortarun Elastischer Crosstrainer f\u00fcr Kinder - Markt-XXL<\/title>\n<meta name=\"description\" content=\"Markt-XXL adidas Fortarun Elastischer Crosstrainer f\u00fcr Kinder\" \/>\n<meta name=\"robots\" content=\"index, follow, max-snippet:-1, max-image-preview:large, max-video-preview:-1\" \/>\n<link rel=\"canonical\" href=\"https:\/\/marktxxl.de\/markt\/produkt\/adidas-fortarun-elastischer-crosstrainer-fuer-kinder\/\" \/>\n<meta property=\"og:locale\" content=\"de_DE\" \/>\n<meta property=\"og:type\" content=\"article\" \/>\n<meta property=\"og:title\" content=\"adidas Fortarun Elastischer Crosstrainer f\u00fcr Kinder - Markt-XXL\" \/>\n<meta property=\"og:description\" content=\"Markt-XXL adidas Fortarun Elastischer Crosstrainer f\u00fcr Kinder\" \/>\n<meta property=\"og:url\" content=\"https:\/\/marktxxl.de\/markt\/produkt\/adidas-fortarun-elastischer-crosstrainer-fuer-kinder\/\" \/>\n<meta property=\"og:site_name\" content=\"Markt-XXL\" \/>\n<meta property=\"article:modified_time\" content=\"2023-04-11T01:40:35+00:00\" \/>\n<meta property=\"og:image\" content=\"https:\/\/m.media-amazon.com\/images\/I\/41okXoVALYL._SL500_.jpg\" \/>\n\t<meta property=\"og:image:width\" content=\"500\" \/>\n\t<meta property=\"og:image:height\" content=\"332\" \/>\n\t<meta property=\"og:image:type\" content=\"image\/jpeg\" \/>\n<meta name=\"twitter:card\" content=\"summary_large_image\" \/>\n<script type=\"application\/ld+json\" class=\"yoast-schema-graph\">{\"@context\":\"https:\\\/\\\/schema.org\",\"@graph\":[{\"@type\":\"WebPage\",\"@id\":\"https:\\\/\\\/marktxxl.de\\\/markt\\\/produkt\\\/adidas-fortarun-elastischer-crosstrainer-fuer-kinder\\\/\",\"url\":\"https:\\\/\\\/marktxxl.de\\\/markt\\\/produkt\\\/adidas-fortarun-elastischer-crosstrainer-fuer-kinder\\\/\",\"name\":\"adidas Fortarun Elastischer Crosstrainer f\u00fcr Kinder - Markt-XXL\",\"isPartOf\":{\"@id\":\"https:\\\/\\\/marktxxl.de\\\/markt\\\/#website\"},\"primaryImageOfPage\":{\"@id\":\"https:\\\/\\\/marktxxl.de\\\/markt\\\/produkt\\\/adidas-fortarun-elastischer-crosstrainer-fuer-kinder\\\/#primaryimage\"},\"image\":{\"@id\":\"https:\\\/\\\/marktxxl.de\\\/markt\\\/produkt\\\/adidas-fortarun-elastischer-crosstrainer-fuer-kinder\\\/#primaryimage\"},\"thumbnailUrl\":\"https:\\\/\\\/m.media-amazon.com\\\/images\\\/I\\\/41okXoVALYL._SL500_.jpg\",\"datePublished\":\"2022-05-14T20:01:19+00:00\",\"dateModified\":\"2023-04-11T01:40:35+00:00\",\"description\":\"Markt-XXL adidas Fortarun Elastischer Crosstrainer f\u00fcr Kinder\",\"breadcrumb\":{\"@id\":\"https:\\\/\\\/marktxxl.de\\\/markt\\\/produkt\\\/adidas-fortarun-elastischer-crosstrainer-fuer-kinder\\\/#breadcrumb\"},\"inLanguage\":\"de\",\"potentialAction\":[{\"@type\":\"ReadAction\",\"target\":[\"https:\\\/\\\/marktxxl.de\\\/markt\\\/produkt\\\/adidas-fortarun-elastischer-crosstrainer-fuer-kinder\\\/\"]}]},{\"@type\":\"ImageObject\",\"inLanguage\":\"de\",\"@id\":\"https:\\\/\\\/marktxxl.de\\\/markt\\\/produkt\\\/adidas-fortarun-elastischer-crosstrainer-fuer-kinder\\\/#primaryimage\",\"url\":\"https:\\\/\\\/m.media-amazon.com\\\/images\\\/I\\\/41okXoVALYL._SL500_.jpg\",\"contentUrl\":\"https:\\\/\\\/m.media-amazon.com\\\/images\\\/I\\\/41okXoVALYL._SL500_.jpg\",\"width\":500,\"height\":332},{\"@type\":\"BreadcrumbList\",\"@id\":\"https:\\\/\\\/marktxxl.de\\\/markt\\\/produkt\\\/adidas-fortarun-elastischer-crosstrainer-fuer-kinder\\\/#breadcrumb\",\"itemListElement\":[{\"@type\":\"ListItem\",\"position\":1,\"name\":\"Startseite\",\"item\":\"https:\\\/\\\/marktxxl.de\\\/markt\\\/\"},{\"@type\":\"ListItem\",\"position\":2,\"name\":\"Markt\",\"item\":\"https:\\\/\\\/marktxxl.de\\\/markt\\\/\"},{\"@type\":\"ListItem\",\"position\":3,\"name\":\"adidas Fortarun Elastischer Crosstrainer f\u00fcr Kinder\"}]},{\"@type\":\"WebSite\",\"@id\":\"https:\\\/\\\/marktxxl.de\\\/markt\\\/#website\",\"url\":\"https:\\\/\\\/marktxxl.de\\\/markt\\\/\",\"name\":\"Markt-XXL\",\"description\":\"Ihr Markt Online\",\"publisher\":{\"@id\":\"https:\\\/\\\/marktxxl.de\\\/markt\\\/#organization\"},\"potentialAction\":[{\"@type\":\"SearchAction\",\"target\":{\"@type\":\"EntryPoint\",\"urlTemplate\":\"https:\\\/\\\/marktxxl.de\\\/markt\\\/?s={search_term_string}\"},\"query-input\":{\"@type\":\"PropertyValueSpecification\",\"valueRequired\":true,\"valueName\":\"search_term_string\"}}],\"inLanguage\":\"de\"},{\"@type\":\"Organization\",\"@id\":\"https:\\\/\\\/marktxxl.de\\\/markt\\\/#organization\",\"name\":\"Markt-XXL\",\"url\":\"https:\\\/\\\/marktxxl.de\\\/markt\\\/\",\"logo\":{\"@type\":\"ImageObject\",\"inLanguage\":\"de\",\"@id\":\"https:\\\/\\\/marktxxl.de\\\/markt\\\/#\\\/schema\\\/logo\\\/image\\\/\",\"url\":\"https:\\\/\\\/marktxxl.de\\\/markt\\\/wp-content\\\/uploads\\\/sites\\\/3\\\/2020\\\/12\\\/logo.png\",\"contentUrl\":\"https:\\\/\\\/marktxxl.de\\\/markt\\\/wp-content\\\/uploads\\\/sites\\\/3\\\/2020\\\/12\\\/logo.png\",\"width\":200,\"height\":70,\"caption\":\"Markt-XXL\"},\"image\":{\"@id\":\"https:\\\/\\\/marktxxl.de\\\/markt\\\/#\\\/schema\\\/logo\\\/image\\\/\"}}]}<\/script>\n<!-- \/ Yoast SEO plugin. -->","yoast_head_json":{"title":"adidas Fortarun Elastischer Crosstrainer f\u00fcr Kinder - Markt-XXL","description":"Markt-XXL adidas Fortarun Elastischer Crosstrainer f\u00fcr Kinder","robots":{"index":"index","follow":"follow","max-snippet":"max-snippet:-1","max-image-preview":"max-image-preview:large","max-video-preview":"max-video-preview:-1"},"canonical":"https:\/\/marktxxl.de\/markt\/produkt\/adidas-fortarun-elastischer-crosstrainer-fuer-kinder\/","og_locale":"de_DE","og_type":"article","og_title":"adidas Fortarun Elastischer Crosstrainer f\u00fcr Kinder - Markt-XXL","og_description":"Markt-XXL adidas Fortarun Elastischer Crosstrainer f\u00fcr Kinder","og_url":"https:\/\/marktxxl.de\/markt\/produkt\/adidas-fortarun-elastischer-crosstrainer-fuer-kinder\/","og_site_name":"Markt-XXL","article_modified_time":"2023-04-11T01:40:35+00:00","og_image":[{"width":500,"height":332,"url":"https:\/\/m.media-amazon.com\/images\/I\/41okXoVALYL._SL500_.jpg","type":"image\/jpeg"}],"twitter_card":"summary_large_image","schema":{"@context":"https:\/\/schema.org","@graph":[{"@type":"WebPage","@id":"https:\/\/marktxxl.de\/markt\/produkt\/adidas-fortarun-elastischer-crosstrainer-fuer-kinder\/","url":"https:\/\/marktxxl.de\/markt\/produkt\/adidas-fortarun-elastischer-crosstrainer-fuer-kinder\/","name":"adidas Fortarun Elastischer Crosstrainer f\u00fcr Kinder - Markt-XXL","isPartOf":{"@id":"https:\/\/marktxxl.de\/markt\/#website"},"primaryImageOfPage":{"@id":"https:\/\/marktxxl.de\/markt\/produkt\/adidas-fortarun-elastischer-crosstrainer-fuer-kinder\/#primaryimage"},"image":{"@id":"https:\/\/marktxxl.de\/markt\/produkt\/adidas-fortarun-elastischer-crosstrainer-fuer-kinder\/#primaryimage"},"thumbnailUrl":"https:\/\/m.media-amazon.com\/images\/I\/41okXoVALYL._SL500_.jpg","datePublished":"2022-05-14T20:01:19+00:00","dateModified":"2023-04-11T01:40:35+00:00","description":"Markt-XXL adidas Fortarun Elastischer Crosstrainer f\u00fcr Kinder","breadcrumb":{"@id":"https:\/\/marktxxl.de\/markt\/produkt\/adidas-fortarun-elastischer-crosstrainer-fuer-kinder\/#breadcrumb"},"inLanguage":"de","potentialAction":[{"@type":"ReadAction","target":["https:\/\/marktxxl.de\/markt\/produkt\/adidas-fortarun-elastischer-crosstrainer-fuer-kinder\/"]}]},{"@type":"ImageObject","inLanguage":"de","@id":"https:\/\/marktxxl.de\/markt\/produkt\/adidas-fortarun-elastischer-crosstrainer-fuer-kinder\/#primaryimage","url":"https:\/\/m.media-amazon.com\/images\/I\/41okXoVALYL._SL500_.jpg","contentUrl":"https:\/\/m.media-amazon.com\/images\/I\/41okXoVALYL._SL500_.jpg","width":500,"height":332},{"@type":"BreadcrumbList","@id":"https:\/\/marktxxl.de\/markt\/produkt\/adidas-fortarun-elastischer-crosstrainer-fuer-kinder\/#breadcrumb","itemListElement":[{"@type":"ListItem","position":1,"name":"Startseite","item":"https:\/\/marktxxl.de\/markt\/"},{"@type":"ListItem","position":2,"name":"Markt","item":"https:\/\/marktxxl.de\/markt\/"},{"@type":"ListItem","position":3,"name":"adidas Fortarun Elastischer Crosstrainer f\u00fcr Kinder"}]},{"@type":"WebSite","@id":"https:\/\/marktxxl.de\/markt\/#website","url":"https:\/\/marktxxl.de\/markt\/","name":"Markt-XXL","description":"Ihr Markt Online","publisher":{"@id":"https:\/\/marktxxl.de\/markt\/#organization"},"potentialAction":[{"@type":"SearchAction","target":{"@type":"EntryPoint","urlTemplate":"https:\/\/marktxxl.de\/markt\/?s={search_term_string}"},"query-input":{"@type":"PropertyValueSpecification","valueRequired":true,"valueName":"search_term_string"}}],"inLanguage":"de"},{"@type":"Organization","@id":"https:\/\/marktxxl.de\/markt\/#organization","name":"Markt-XXL","url":"https:\/\/marktxxl.de\/markt\/","logo":{"@type":"ImageObject","inLanguage":"de","@id":"https:\/\/marktxxl.de\/markt\/#\/schema\/logo\/image\/","url":"https:\/\/marktxxl.de\/markt\/wp-content\/uploads\/sites\/3\/2020\/12\/logo.png","contentUrl":"https:\/\/marktxxl.de\/markt\/wp-content\/uploads\/sites\/3\/2020\/12\/logo.png","width":200,"height":70,"caption":"Markt-XXL"},"image":{"@id":"https:\/\/marktxxl.de\/markt\/#\/schema\/logo\/image\/"}}]}},"_links":{"self":[{"href":"https:\/\/marktxxl.de\/markt\/wp-json\/wp\/v2\/product\/113630","targetHints":{"allow":["GET"]}}],"collection":[{"href":"https:\/\/marktxxl.de\/markt\/wp-json\/wp\/v2\/product"}],"about":[{"href":"https:\/\/marktxxl.de\/markt\/wp-json\/wp\/v2\/types\/product"}],"replies":[{"embeddable":true,"href":"https:\/\/marktxxl.de\/markt\/wp-json\/wp\/v2\/comments?post=113630"}],"wp:featuredmedia":[{"embeddable":true,"href":"https:\/\/marktxxl.de\/markt\/wp-json\/wp\/v2\/media\/113631"}],"wp:attachment":[{"href":"https:\/\/marktxxl.de\/markt\/wp-json\/wp\/v2\/media?parent=113630"}],"wp:term":[{"taxonomy":"product_brand","embeddable":true,"href":"https:\/\/marktxxl.de\/markt\/wp-json\/wp\/v2\/product_brand?post=113630"},{"taxonomy":"product_cat","embeddable":true,"href":"https:\/\/marktxxl.de\/markt\/wp-json\/wp\/v2\/product_cat?post=113630"},{"taxonomy":"product_tag","embeddable":true,"href":"https:\/\/marktxxl.de\/markt\/wp-json\/wp\/v2\/product_tag?post=113630"}],"curies":[{"name":"wp","href":"https:\/\/api.w.org\/{rel}","templated":true}]}}