{"id":113469,"date":"2022-05-14T21:55:17","date_gmt":"2022-05-14T19:55:17","guid":{"rendered":"https:\/\/marktxxl.de\/markt\/produkt\/impfpass-huelle-aus-filz-stoff-reisepasshuelle-fuer-damen-herren-reisepass-kreditkartenausweis-und-reisedokumente-12x17cm\/"},"modified":"2023-04-11T03:40:34","modified_gmt":"2023-04-11T01:40:34","slug":"impfpass-huelle-aus-filz-stoff-reisepasshuelle-fuer-damen-herren-reisepass-kreditkartenausweis-und-reisedokumente-12x17cm","status":"publish","type":"product","link":"https:\/\/marktxxl.de\/markt\/produkt\/impfpass-huelle-aus-filz-stoff-reisepasshuelle-fuer-damen-herren-reisepass-kreditkartenausweis-und-reisedokumente-12x17cm\/","title":{"rendered":"Impfpass H\u00fclle aus Filz-Stoff Reisepassh\u00fclle &#8211; f\u00fcr Damen Herren Reisepass Kreditkarten,Ausweis und Reisedokumente, 12\u2026"},"content":{"rendered":"<p>Filzmaterial: Die Impfkartenh\u00fclle besteht aus hochwertigem umweltfreundlichem Filzmaterial, das umweltfreundlich, recycelbar und langlebig ist. Es kann Ihre Dateien vor Abrieb, Schmutz und Wasserflecken sch\u00fctzen.<br \/>\nImpfausweis Schutzh\u00fclle: Unser Internationaler Impfausweis H\u00fclle kann nicht nur Impfausweise aufbewahren, sondern auch Personalausweise, Kreditkarten, Reisep\u00e4sse etc. aufnehmen, damit Ihre Dokumente sicher sind und nicht verloren gehen.<br \/>\nPassende Gr\u00f6\u00dfe: Die Gr\u00f6\u00dfe der Impfpassh\u00fclle betr\u00e4gt 120mm x 160mm, was f\u00fcr neue Impfausweise und alte Reisep\u00e4sse geeignet ist. Bitte messen Sie vor dem Kauf unbedingt die Gr\u00f6\u00dfe Ihres Impfpasses.<br \/>\nReisebegleitung: Die Schutzh\u00fclle des Impfpasses ist hauchd\u00fcnn und leicht. Sie k\u00f6nnen es direkt in Ihren Rucksack oder Koffer stecken, um Ihre Dokumente sicher und ordentlich aufzubewahren und nicht so leicht verloren zu gehen.<br \/>\nServicegarantie: Nachdem Sie das Produkt erhalten haben, k\u00f6nnen Sie uns bei Fragen kontaktieren, und wir bieten Ihnen einen qualitativ hochwertigen Service (12 Monate R\u00fcckerstattung und 24 Monate Service).<br \/>\n<div class=\"main-cross-sell\" data-asin=\"B09K6YG6FF\">\n\n\t<div class=\"WooZone-cross-sell-loader\">\n\t\t<div>\n\t\t\t<div id=\"floatingBarsG\">\n\t\t\t\t<div class=\"blockG\" id=\"rotateG_01\"><\/div>\n\t\t\t\t<div class=\"blockG\" id=\"rotateG_02\"><\/div>\n\t\t\t\t<div class=\"blockG\" id=\"rotateG_03\"><\/div>\n\t\t\t\t<div class=\"blockG\" id=\"rotateG_04\"><\/div>\n\t\t\t\t<div class=\"blockG\" id=\"rotateG_05\"><\/div>\n\t\t\t\t<div class=\"blockG\" id=\"rotateG_06\"><\/div>\n\t\t\t\t<div class=\"blockG\" id=\"rotateG_07\"><\/div>\n\t\t\t\t<div class=\"blockG\" id=\"rotateG_08\"><\/div>\n\t\t\t<\/div>\n\t\t\t<div class=\"WooZone-cross-sell-loader-text\"><\/div>\n\t\t<\/div>\n\t<\/div>\n\n\t\t\n<\/div>\n<div style=\"clear:both;\"><\/div><\/p>\n","protected":false},"excerpt":{"rendered":"<p>Filzmaterial: Die Impfkartenh\u00fclle besteht aus hochwertigem umweltfreundlichem Filzmaterial, das umweltfreundlich, recycelbar und langlebig ist. Es kann Ihre Dateien vor Abrieb, Schmutz und Wasserflecken sch\u00fctzen.<br \/>\nImpfausweis Schutzh\u00fclle: Unser Internationaler Impfausweis H\u00fclle kann nicht nur Impfausweise aufbewahren, sondern auch Personalausweise, Kreditkarten, Reisep\u00e4sse etc. aufnehmen, damit Ihre Dokumente sicher sind und nicht verloren gehen.<br \/>\nPassende Gr\u00f6\u00dfe: Die Gr\u00f6\u00dfe der Impfpassh\u00fclle betr\u00e4gt 120mm x 160mm, was f\u00fcr neue Impfausweise und alte Reisep\u00e4sse geeignet ist. Bitte messen Sie vor dem Kauf unbedingt die Gr\u00f6\u00dfe Ihres Impfpasses.<\/p>\n","protected":false},"featured_media":113470,"comment_status":"open","ping_status":"closed","template":"","meta":[],"product_brand":[],"product_cat":[21,8929],"product_tag":[],"class_list":{"0":"post-113469","1":"product","2":"type-product","3":"status-publish","4":"has-post-thumbnail","6":"product_cat-baby","7":"product_cat-babygeschenke-baby","8":"pa_binding-babyartikel","9":"pa_brand-lfkjumy","10":"pa_manufacturer-nuetlisy","12":"first","13":"instock","14":"shipping-taxable","15":"purchasable","16":"product-type-simple","17":"customify-col","18":"product-has-gallery"},"yoast_head":"<!-- This site is optimized with the Yoast SEO plugin v27.4 - https:\/\/yoast.com\/product\/yoast-seo-wordpress\/ -->\n<title>Impfpass H\u00fclle aus Filz-Stoff Reisepassh\u00fclle - f\u00fcr Damen Herren Reisepass Kreditkarten,Ausweis und Reisedokumente, 12\u2026 - Markt-XXL<\/title>\n<meta name=\"description\" content=\"Markt-XXL Impfpass H\u00fclle aus Filz-Stoff Reisepassh\u00fclle - f\u00fcr Damen Herren Reisepass Kreditkarten,Ausweis und Reisedokumente, 12\u2026\" \/>\n<meta name=\"robots\" content=\"index, follow, max-snippet:-1, max-image-preview:large, max-video-preview:-1\" \/>\n<link rel=\"canonical\" href=\"https:\/\/marktxxl.de\/markt\/produkt\/impfpass-huelle-aus-filz-stoff-reisepasshuelle-fuer-damen-herren-reisepass-kreditkartenausweis-und-reisedokumente-12x17cm\/\" \/>\n<meta property=\"og:locale\" content=\"de_DE\" \/>\n<meta property=\"og:type\" content=\"article\" \/>\n<meta property=\"og:title\" content=\"Impfpass H\u00fclle aus Filz-Stoff Reisepassh\u00fclle - f\u00fcr Damen Herren Reisepass Kreditkarten,Ausweis und Reisedokumente, 12\u2026 - Markt-XXL\" \/>\n<meta property=\"og:description\" content=\"Markt-XXL Impfpass H\u00fclle aus Filz-Stoff Reisepassh\u00fclle - f\u00fcr Damen Herren Reisepass Kreditkarten,Ausweis und Reisedokumente, 12\u2026\" \/>\n<meta property=\"og:url\" content=\"https:\/\/marktxxl.de\/markt\/produkt\/impfpass-huelle-aus-filz-stoff-reisepasshuelle-fuer-damen-herren-reisepass-kreditkartenausweis-und-reisedokumente-12x17cm\/\" \/>\n<meta property=\"og:site_name\" content=\"Markt-XXL\" \/>\n<meta property=\"article:modified_time\" content=\"2023-04-11T01:40:34+00:00\" \/>\n<meta property=\"og:image\" content=\"https:\/\/m.media-amazon.com\/images\/I\/51GStDKu-sL._SL500_.jpg\" \/>\n\t<meta property=\"og:image:width\" content=\"500\" \/>\n\t<meta property=\"og:image:height\" content=\"500\" \/>\n\t<meta property=\"og:image:type\" content=\"image\/jpeg\" \/>\n<meta name=\"twitter:card\" content=\"summary_large_image\" \/>\n<meta name=\"twitter:label1\" content=\"Gesch\u00e4tzte Lesezeit\" \/>\n\t<meta name=\"twitter:data1\" content=\"1\u00a0Minute\" \/>\n<script type=\"application\/ld+json\" class=\"yoast-schema-graph\">{\"@context\":\"https:\\\/\\\/schema.org\",\"@graph\":[{\"@type\":\"WebPage\",\"@id\":\"https:\\\/\\\/marktxxl.de\\\/markt\\\/produkt\\\/impfpass-huelle-aus-filz-stoff-reisepasshuelle-fuer-damen-herren-reisepass-kreditkartenausweis-und-reisedokumente-12x17cm\\\/\",\"url\":\"https:\\\/\\\/marktxxl.de\\\/markt\\\/produkt\\\/impfpass-huelle-aus-filz-stoff-reisepasshuelle-fuer-damen-herren-reisepass-kreditkartenausweis-und-reisedokumente-12x17cm\\\/\",\"name\":\"Impfpass H\u00fclle aus Filz-Stoff Reisepassh\u00fclle - f\u00fcr Damen Herren Reisepass Kreditkarten,Ausweis und Reisedokumente, 12\u2026 - Markt-XXL\",\"isPartOf\":{\"@id\":\"https:\\\/\\\/marktxxl.de\\\/markt\\\/#website\"},\"primaryImageOfPage\":{\"@id\":\"https:\\\/\\\/marktxxl.de\\\/markt\\\/produkt\\\/impfpass-huelle-aus-filz-stoff-reisepasshuelle-fuer-damen-herren-reisepass-kreditkartenausweis-und-reisedokumente-12x17cm\\\/#primaryimage\"},\"image\":{\"@id\":\"https:\\\/\\\/marktxxl.de\\\/markt\\\/produkt\\\/impfpass-huelle-aus-filz-stoff-reisepasshuelle-fuer-damen-herren-reisepass-kreditkartenausweis-und-reisedokumente-12x17cm\\\/#primaryimage\"},\"thumbnailUrl\":\"https:\\\/\\\/m.media-amazon.com\\\/images\\\/I\\\/51GStDKu-sL._SL500_.jpg\",\"datePublished\":\"2022-05-14T19:55:17+00:00\",\"dateModified\":\"2023-04-11T01:40:34+00:00\",\"description\":\"Markt-XXL Impfpass H\u00fclle aus Filz-Stoff Reisepassh\u00fclle - f\u00fcr Damen Herren Reisepass Kreditkarten,Ausweis und Reisedokumente, 12\u2026\",\"breadcrumb\":{\"@id\":\"https:\\\/\\\/marktxxl.de\\\/markt\\\/produkt\\\/impfpass-huelle-aus-filz-stoff-reisepasshuelle-fuer-damen-herren-reisepass-kreditkartenausweis-und-reisedokumente-12x17cm\\\/#breadcrumb\"},\"inLanguage\":\"de\",\"potentialAction\":[{\"@type\":\"ReadAction\",\"target\":[\"https:\\\/\\\/marktxxl.de\\\/markt\\\/produkt\\\/impfpass-huelle-aus-filz-stoff-reisepasshuelle-fuer-damen-herren-reisepass-kreditkartenausweis-und-reisedokumente-12x17cm\\\/\"]}]},{\"@type\":\"ImageObject\",\"inLanguage\":\"de\",\"@id\":\"https:\\\/\\\/marktxxl.de\\\/markt\\\/produkt\\\/impfpass-huelle-aus-filz-stoff-reisepasshuelle-fuer-damen-herren-reisepass-kreditkartenausweis-und-reisedokumente-12x17cm\\\/#primaryimage\",\"url\":\"https:\\\/\\\/m.media-amazon.com\\\/images\\\/I\\\/51GStDKu-sL._SL500_.jpg\",\"contentUrl\":\"https:\\\/\\\/m.media-amazon.com\\\/images\\\/I\\\/51GStDKu-sL._SL500_.jpg\",\"width\":500,\"height\":500},{\"@type\":\"BreadcrumbList\",\"@id\":\"https:\\\/\\\/marktxxl.de\\\/markt\\\/produkt\\\/impfpass-huelle-aus-filz-stoff-reisepasshuelle-fuer-damen-herren-reisepass-kreditkartenausweis-und-reisedokumente-12x17cm\\\/#breadcrumb\",\"itemListElement\":[{\"@type\":\"ListItem\",\"position\":1,\"name\":\"Startseite\",\"item\":\"https:\\\/\\\/marktxxl.de\\\/markt\\\/\"},{\"@type\":\"ListItem\",\"position\":2,\"name\":\"Markt\",\"item\":\"https:\\\/\\\/marktxxl.de\\\/markt\\\/\"},{\"@type\":\"ListItem\",\"position\":3,\"name\":\"Impfpass H\u00fclle aus Filz-Stoff Reisepassh\u00fclle &#8211; f\u00fcr Damen Herren Reisepass Kreditkarten,Ausweis und Reisedokumente, 12\u2026\"}]},{\"@type\":\"WebSite\",\"@id\":\"https:\\\/\\\/marktxxl.de\\\/markt\\\/#website\",\"url\":\"https:\\\/\\\/marktxxl.de\\\/markt\\\/\",\"name\":\"Markt-XXL\",\"description\":\"Ihr Markt Online\",\"publisher\":{\"@id\":\"https:\\\/\\\/marktxxl.de\\\/markt\\\/#organization\"},\"potentialAction\":[{\"@type\":\"SearchAction\",\"target\":{\"@type\":\"EntryPoint\",\"urlTemplate\":\"https:\\\/\\\/marktxxl.de\\\/markt\\\/?s={search_term_string}\"},\"query-input\":{\"@type\":\"PropertyValueSpecification\",\"valueRequired\":true,\"valueName\":\"search_term_string\"}}],\"inLanguage\":\"de\"},{\"@type\":\"Organization\",\"@id\":\"https:\\\/\\\/marktxxl.de\\\/markt\\\/#organization\",\"name\":\"Markt-XXL\",\"url\":\"https:\\\/\\\/marktxxl.de\\\/markt\\\/\",\"logo\":{\"@type\":\"ImageObject\",\"inLanguage\":\"de\",\"@id\":\"https:\\\/\\\/marktxxl.de\\\/markt\\\/#\\\/schema\\\/logo\\\/image\\\/\",\"url\":\"https:\\\/\\\/marktxxl.de\\\/markt\\\/wp-content\\\/uploads\\\/sites\\\/3\\\/2020\\\/12\\\/logo.png\",\"contentUrl\":\"https:\\\/\\\/marktxxl.de\\\/markt\\\/wp-content\\\/uploads\\\/sites\\\/3\\\/2020\\\/12\\\/logo.png\",\"width\":200,\"height\":70,\"caption\":\"Markt-XXL\"},\"image\":{\"@id\":\"https:\\\/\\\/marktxxl.de\\\/markt\\\/#\\\/schema\\\/logo\\\/image\\\/\"}}]}<\/script>\n<!-- \/ Yoast SEO plugin. -->","yoast_head_json":{"title":"Impfpass H\u00fclle aus Filz-Stoff Reisepassh\u00fclle - f\u00fcr Damen Herren Reisepass Kreditkarten,Ausweis und Reisedokumente, 12\u2026 - Markt-XXL","description":"Markt-XXL Impfpass H\u00fclle aus Filz-Stoff Reisepassh\u00fclle - f\u00fcr Damen Herren Reisepass Kreditkarten,Ausweis und Reisedokumente, 12\u2026","robots":{"index":"index","follow":"follow","max-snippet":"max-snippet:-1","max-image-preview":"max-image-preview:large","max-video-preview":"max-video-preview:-1"},"canonical":"https:\/\/marktxxl.de\/markt\/produkt\/impfpass-huelle-aus-filz-stoff-reisepasshuelle-fuer-damen-herren-reisepass-kreditkartenausweis-und-reisedokumente-12x17cm\/","og_locale":"de_DE","og_type":"article","og_title":"Impfpass H\u00fclle aus Filz-Stoff Reisepassh\u00fclle - f\u00fcr Damen Herren Reisepass Kreditkarten,Ausweis und Reisedokumente, 12\u2026 - Markt-XXL","og_description":"Markt-XXL Impfpass H\u00fclle aus Filz-Stoff Reisepassh\u00fclle - f\u00fcr Damen Herren Reisepass Kreditkarten,Ausweis und Reisedokumente, 12\u2026","og_url":"https:\/\/marktxxl.de\/markt\/produkt\/impfpass-huelle-aus-filz-stoff-reisepasshuelle-fuer-damen-herren-reisepass-kreditkartenausweis-und-reisedokumente-12x17cm\/","og_site_name":"Markt-XXL","article_modified_time":"2023-04-11T01:40:34+00:00","og_image":[{"width":500,"height":500,"url":"https:\/\/m.media-amazon.com\/images\/I\/51GStDKu-sL._SL500_.jpg","type":"image\/jpeg"}],"twitter_card":"summary_large_image","twitter_misc":{"Gesch\u00e4tzte Lesezeit":"1\u00a0Minute"},"schema":{"@context":"https:\/\/schema.org","@graph":[{"@type":"WebPage","@id":"https:\/\/marktxxl.de\/markt\/produkt\/impfpass-huelle-aus-filz-stoff-reisepasshuelle-fuer-damen-herren-reisepass-kreditkartenausweis-und-reisedokumente-12x17cm\/","url":"https:\/\/marktxxl.de\/markt\/produkt\/impfpass-huelle-aus-filz-stoff-reisepasshuelle-fuer-damen-herren-reisepass-kreditkartenausweis-und-reisedokumente-12x17cm\/","name":"Impfpass H\u00fclle aus Filz-Stoff Reisepassh\u00fclle - f\u00fcr Damen Herren Reisepass Kreditkarten,Ausweis und Reisedokumente, 12\u2026 - Markt-XXL","isPartOf":{"@id":"https:\/\/marktxxl.de\/markt\/#website"},"primaryImageOfPage":{"@id":"https:\/\/marktxxl.de\/markt\/produkt\/impfpass-huelle-aus-filz-stoff-reisepasshuelle-fuer-damen-herren-reisepass-kreditkartenausweis-und-reisedokumente-12x17cm\/#primaryimage"},"image":{"@id":"https:\/\/marktxxl.de\/markt\/produkt\/impfpass-huelle-aus-filz-stoff-reisepasshuelle-fuer-damen-herren-reisepass-kreditkartenausweis-und-reisedokumente-12x17cm\/#primaryimage"},"thumbnailUrl":"https:\/\/m.media-amazon.com\/images\/I\/51GStDKu-sL._SL500_.jpg","datePublished":"2022-05-14T19:55:17+00:00","dateModified":"2023-04-11T01:40:34+00:00","description":"Markt-XXL Impfpass H\u00fclle aus Filz-Stoff Reisepassh\u00fclle - f\u00fcr Damen Herren Reisepass Kreditkarten,Ausweis und Reisedokumente, 12\u2026","breadcrumb":{"@id":"https:\/\/marktxxl.de\/markt\/produkt\/impfpass-huelle-aus-filz-stoff-reisepasshuelle-fuer-damen-herren-reisepass-kreditkartenausweis-und-reisedokumente-12x17cm\/#breadcrumb"},"inLanguage":"de","potentialAction":[{"@type":"ReadAction","target":["https:\/\/marktxxl.de\/markt\/produkt\/impfpass-huelle-aus-filz-stoff-reisepasshuelle-fuer-damen-herren-reisepass-kreditkartenausweis-und-reisedokumente-12x17cm\/"]}]},{"@type":"ImageObject","inLanguage":"de","@id":"https:\/\/marktxxl.de\/markt\/produkt\/impfpass-huelle-aus-filz-stoff-reisepasshuelle-fuer-damen-herren-reisepass-kreditkartenausweis-und-reisedokumente-12x17cm\/#primaryimage","url":"https:\/\/m.media-amazon.com\/images\/I\/51GStDKu-sL._SL500_.jpg","contentUrl":"https:\/\/m.media-amazon.com\/images\/I\/51GStDKu-sL._SL500_.jpg","width":500,"height":500},{"@type":"BreadcrumbList","@id":"https:\/\/marktxxl.de\/markt\/produkt\/impfpass-huelle-aus-filz-stoff-reisepasshuelle-fuer-damen-herren-reisepass-kreditkartenausweis-und-reisedokumente-12x17cm\/#breadcrumb","itemListElement":[{"@type":"ListItem","position":1,"name":"Startseite","item":"https:\/\/marktxxl.de\/markt\/"},{"@type":"ListItem","position":2,"name":"Markt","item":"https:\/\/marktxxl.de\/markt\/"},{"@type":"ListItem","position":3,"name":"Impfpass H\u00fclle aus Filz-Stoff Reisepassh\u00fclle &#8211; f\u00fcr Damen Herren Reisepass Kreditkarten,Ausweis und Reisedokumente, 12\u2026"}]},{"@type":"WebSite","@id":"https:\/\/marktxxl.de\/markt\/#website","url":"https:\/\/marktxxl.de\/markt\/","name":"Markt-XXL","description":"Ihr Markt Online","publisher":{"@id":"https:\/\/marktxxl.de\/markt\/#organization"},"potentialAction":[{"@type":"SearchAction","target":{"@type":"EntryPoint","urlTemplate":"https:\/\/marktxxl.de\/markt\/?s={search_term_string}"},"query-input":{"@type":"PropertyValueSpecification","valueRequired":true,"valueName":"search_term_string"}}],"inLanguage":"de"},{"@type":"Organization","@id":"https:\/\/marktxxl.de\/markt\/#organization","name":"Markt-XXL","url":"https:\/\/marktxxl.de\/markt\/","logo":{"@type":"ImageObject","inLanguage":"de","@id":"https:\/\/marktxxl.de\/markt\/#\/schema\/logo\/image\/","url":"https:\/\/marktxxl.de\/markt\/wp-content\/uploads\/sites\/3\/2020\/12\/logo.png","contentUrl":"https:\/\/marktxxl.de\/markt\/wp-content\/uploads\/sites\/3\/2020\/12\/logo.png","width":200,"height":70,"caption":"Markt-XXL"},"image":{"@id":"https:\/\/marktxxl.de\/markt\/#\/schema\/logo\/image\/"}}]}},"_links":{"self":[{"href":"https:\/\/marktxxl.de\/markt\/wp-json\/wp\/v2\/product\/113469","targetHints":{"allow":["GET"]}}],"collection":[{"href":"https:\/\/marktxxl.de\/markt\/wp-json\/wp\/v2\/product"}],"about":[{"href":"https:\/\/marktxxl.de\/markt\/wp-json\/wp\/v2\/types\/product"}],"replies":[{"embeddable":true,"href":"https:\/\/marktxxl.de\/markt\/wp-json\/wp\/v2\/comments?post=113469"}],"wp:featuredmedia":[{"embeddable":true,"href":"https:\/\/marktxxl.de\/markt\/wp-json\/wp\/v2\/media\/113470"}],"wp:attachment":[{"href":"https:\/\/marktxxl.de\/markt\/wp-json\/wp\/v2\/media?parent=113469"}],"wp:term":[{"taxonomy":"product_brand","embeddable":true,"href":"https:\/\/marktxxl.de\/markt\/wp-json\/wp\/v2\/product_brand?post=113469"},{"taxonomy":"product_cat","embeddable":true,"href":"https:\/\/marktxxl.de\/markt\/wp-json\/wp\/v2\/product_cat?post=113469"},{"taxonomy":"product_tag","embeddable":true,"href":"https:\/\/marktxxl.de\/markt\/wp-json\/wp\/v2\/product_tag?post=113469"}],"curies":[{"name":"wp","href":"https:\/\/api.w.org\/{rel}","templated":true}]}}