{"id":113295,"date":"2022-05-14T21:46:56","date_gmt":"2022-05-14T19:46:56","guid":{"rendered":"https:\/\/marktxxl.de\/markt\/produkt\/erinnerungsbuch-fuer-babys-mit-box-und-30-monats-und-baby-stickern-fuer-erste-meilensteine-geschlechtsneutrales-sammelalbum-fuer-jungen-und-maedchen\/"},"modified":"2023-04-11T03:40:30","modified_gmt":"2023-04-11T01:40:30","slug":"erinnerungsbuch-fuer-babys-mit-box-und-30-monats-und-baby-stickern-fuer-erste-meilensteine-geschlechtsneutrales-sammelalbum-fuer-jungen-und-maedchen","status":"publish","type":"product","link":"https:\/\/marktxxl.de\/markt\/produkt\/erinnerungsbuch-fuer-babys-mit-box-und-30-monats-und-baby-stickern-fuer-erste-meilensteine-geschlechtsneutrales-sammelalbum-fuer-jungen-und-maedchen\/","title":{"rendered":"Erinnerungsbuch f\u00fcr Babys, mit Box und 30 Monats- und Baby-Stickern f\u00fcr erste Meilensteine, Geschlechtsneutrales\u2026"},"content":{"rendered":"<p>\u2605 bewahren Sie jedes wertvolle Erinnerungsst\u00fcck f\u00fcr ein Leben lang auf: Ihr neues Baby Erinnerungsbuch erz\u00e4hlt die Geschichte des wichtigsten Babys der Welt. 64 Seiten, die sagen, wie Mama und Papa sich trafen, als Sie herausgefunden haben, dass Sie erwartet haben, Babyparty-Geschenke\/G\u00e4ste, erster Geburtstag, Baby-Familienstamm, die Welt um Ihr Baby und vieles mehr.<br \/>\n\u2605 Baby-Aufbewahrungsbox f\u00fcr behandelte Gegenst\u00e4nde: Alles im ersten Jahr Ihres Babys ist ein Schatz. Mit der Erinnerungsbox haben Sie jetzt einen sicheren und sicheren Platz zum Aufbewahren der ersten Babyschuhe und Hut, ersten Zahn, Haarlocke, Krankenhaus-Armband und alle wichtigen Token in den ersten Jahren.<br \/>\n\u2605 30 Bonus Monatsmahlstein &amp; Baby &#8216;s First Urlaub Aufkleber: Ihr neues Set kommt mit 13 monatlichen Meilenstein-Aufklebern von Just Born bis 1 Jahr. 6 Aufkleber f\u00fcr erste Feiertage, einschlie\u00dflich Weihnachten, Neujahr, Valentinstag, Halloween, Ostern und Thanksgiving. 11 Baby-Erstlingsfiguren inklusive 1. Zahn, 1. Sitzen, 1. Haarschnitt, 1. Schritt, 1. Krabbel, 1. feste Nahrung, 1. Lachen, 1. Vollnachtsschlaf, 1. Wort, 1. Stehen und 1. Rolle \u00fcber.<br \/>\n\u2605 Das perfekte Geschenk f\u00fcr erlesene Eltern: Mit 3 Produkten in einem ist dies die perfekte Erg\u00e4nzung f\u00fcr jede Baby-Registrierung. Ein tolles Geschenk f\u00fcr Babypartys, Geburtstage und andere besondere Anl\u00e4sse f\u00fcr werdende Eltern Bieten Sie Ihrem Liebsten eine unkomplizierte M\u00f6glichkeit, jeden Moment des liebenswerten kleinen B\u00fcndels der Freude aufzuzeichnen.<br \/>\n\u2605 Einzigartiges GENDER-NEUTRAL DESIGN: Wenn Sie von diesen einfachen und langweiligen geschlechtsspezifischen Designs m\u00fcde sind, dann ist das Next Mommy Erinnerungsbuch mit Erinnerungsbox genau das Richtige f\u00fcr Sie. Unser s\u00fc\u00dfes und geschlechtsneutrales Design ist mit super lustigen Seiten verpackt, um die wichtigste Geschichte zu erg\u00e4nzen, die Sie jemals erz\u00e4hlen werden. Die Erinnerungsbox und Erinnerungsbuch sind mit speziellen W\u00f6rtern und Spr\u00fcchen versehen, die genau hervorheben, wie Sie sich \u00fcber die neueste Erg\u00e4nzung der Familie f\u00fchlen.<br \/>\n<div class=\"main-cross-sell\" data-asin=\"B07DCCVJ6G\">\n\n\t<div class=\"WooZone-cross-sell-loader\">\n\t\t<div>\n\t\t\t<div id=\"floatingBarsG\">\n\t\t\t\t<div class=\"blockG\" id=\"rotateG_01\"><\/div>\n\t\t\t\t<div class=\"blockG\" id=\"rotateG_02\"><\/div>\n\t\t\t\t<div class=\"blockG\" id=\"rotateG_03\"><\/div>\n\t\t\t\t<div class=\"blockG\" id=\"rotateG_04\"><\/div>\n\t\t\t\t<div class=\"blockG\" id=\"rotateG_05\"><\/div>\n\t\t\t\t<div class=\"blockG\" id=\"rotateG_06\"><\/div>\n\t\t\t\t<div class=\"blockG\" id=\"rotateG_07\"><\/div>\n\t\t\t\t<div class=\"blockG\" id=\"rotateG_08\"><\/div>\n\t\t\t<\/div>\n\t\t\t<div class=\"WooZone-cross-sell-loader-text\"><\/div>\n\t\t<\/div>\n\t<\/div>\n\n\t\t\n<\/div>\n<div style=\"clear:both;\"><\/div><\/p>\n","protected":false},"excerpt":{"rendered":"<p>\u2605 bewahren Sie jedes wertvolle Erinnerungsst\u00fcck f\u00fcr ein Leben lang auf: Ihr neues Baby Erinnerungsbuch erz\u00e4hlt die Geschichte des wichtigsten Babys der Welt. 64 Seiten, die sagen, wie Mama und Papa sich trafen, als Sie herausgefunden haben, dass Sie erwartet haben, Babyparty-Geschenke\/G\u00e4ste, erster Geburtstag, Baby-Familienstamm, die Welt um Ihr Baby und vieles mehr.<br \/>\n\u2605 Baby-Aufbewahrungsbox f\u00fcr behandelte Gegenst\u00e4nde: Alles im ersten Jahr Ihres Babys ist ein Schatz. Mit der Erinnerungsbox haben Sie jetzt einen sicheren und sicheren Platz zum Aufbewahren der ersten Babyschuhe und Hut, ersten Zahn, Haarlocke, Krankenhaus-Armband und alle wichtigen Token in den ersten Jahren.<br \/>\n\u2605 30 Bonus Monatsmahlstein &amp; Baby &#8216;s First Urlaub Aufkleber: Ihr neues Set kommt mit 13 monatlichen Meilenstein-Aufklebern von Just Born bis 1 Jahr. 6 Aufkleber f\u00fcr erste Feiertage, einschlie\u00dflich Weihnachten, Neujahr, Valentinstag, Halloween, Ostern und Thanksgiving. 11 Baby-Erstlingsfiguren inklusive 1. Zahn, 1. Sitzen, 1. Haarschnitt, 1. Schritt, 1. Krabbel, 1. feste Nahrung, 1. Lachen, 1. Vollnachtsschlaf, 1. Wort, 1. Stehen und 1. Rolle \u00fcber.<\/p>\n","protected":false},"featured_media":113296,"comment_status":"open","ping_status":"closed","template":"","meta":[],"product_brand":[],"product_cat":[21,8929],"product_tag":[],"class_list":{"0":"post-113295","1":"product","2":"type-product","3":"status-publish","4":"has-post-thumbnail","6":"product_cat-baby","7":"product_cat-babygeschenke-baby","8":"pa_binding-babyartikel","9":"pa_brand-next-mommy","10":"pa_height-2-6-zoll","11":"pa_length-13-7-zoll","12":"pa_manufacturer-next-mommy","13":"pa_width-11-18-zoll","15":"first","16":"instock","17":"shipping-taxable","18":"purchasable","19":"product-type-simple","20":"customify-col","21":"product-has-gallery"},"yoast_head":"<!-- This site is optimized with the Yoast SEO plugin v27.4 - https:\/\/yoast.com\/product\/yoast-seo-wordpress\/ -->\n<title>Erinnerungsbuch f\u00fcr Babys, mit Box und 30 Monats- und Baby-Stickern f\u00fcr erste Meilensteine, Geschlechtsneutrales\u2026 - Markt-XXL<\/title>\n<meta name=\"description\" content=\"Markt-XXL Erinnerungsbuch f\u00fcr Babys, mit Box und 30 Monats- und Baby-Stickern f\u00fcr erste Meilensteine, Geschlechtsneutrales\u2026\" \/>\n<meta name=\"robots\" content=\"index, follow, max-snippet:-1, max-image-preview:large, max-video-preview:-1\" \/>\n<link rel=\"canonical\" href=\"https:\/\/marktxxl.de\/markt\/produkt\/erinnerungsbuch-fuer-babys-mit-box-und-30-monats-und-baby-stickern-fuer-erste-meilensteine-geschlechtsneutrales-sammelalbum-fuer-jungen-und-maedchen\/\" \/>\n<meta property=\"og:locale\" content=\"de_DE\" \/>\n<meta property=\"og:type\" content=\"article\" \/>\n<meta property=\"og:title\" content=\"Erinnerungsbuch f\u00fcr Babys, mit Box und 30 Monats- und Baby-Stickern f\u00fcr erste Meilensteine, Geschlechtsneutrales\u2026 - Markt-XXL\" \/>\n<meta property=\"og:description\" content=\"Markt-XXL Erinnerungsbuch f\u00fcr Babys, mit Box und 30 Monats- und Baby-Stickern f\u00fcr erste Meilensteine, Geschlechtsneutrales\u2026\" \/>\n<meta property=\"og:url\" content=\"https:\/\/marktxxl.de\/markt\/produkt\/erinnerungsbuch-fuer-babys-mit-box-und-30-monats-und-baby-stickern-fuer-erste-meilensteine-geschlechtsneutrales-sammelalbum-fuer-jungen-und-maedchen\/\" \/>\n<meta property=\"og:site_name\" content=\"Markt-XXL\" \/>\n<meta property=\"article:modified_time\" content=\"2023-04-11T01:40:30+00:00\" \/>\n<meta property=\"og:image\" content=\"https:\/\/m.media-amazon.com\/images\/I\/51dkU-NYg0L._SL500_.jpg\" \/>\n\t<meta property=\"og:image:width\" content=\"500\" \/>\n\t<meta property=\"og:image:height\" content=\"500\" \/>\n\t<meta property=\"og:image:type\" content=\"image\/jpeg\" \/>\n<meta name=\"twitter:card\" content=\"summary_large_image\" \/>\n<meta name=\"twitter:label1\" content=\"Gesch\u00e4tzte Lesezeit\" \/>\n\t<meta name=\"twitter:data1\" content=\"1\u00a0Minute\" \/>\n<script type=\"application\/ld+json\" class=\"yoast-schema-graph\">{\"@context\":\"https:\\\/\\\/schema.org\",\"@graph\":[{\"@type\":\"WebPage\",\"@id\":\"https:\\\/\\\/marktxxl.de\\\/markt\\\/produkt\\\/erinnerungsbuch-fuer-babys-mit-box-und-30-monats-und-baby-stickern-fuer-erste-meilensteine-geschlechtsneutrales-sammelalbum-fuer-jungen-und-maedchen\\\/\",\"url\":\"https:\\\/\\\/marktxxl.de\\\/markt\\\/produkt\\\/erinnerungsbuch-fuer-babys-mit-box-und-30-monats-und-baby-stickern-fuer-erste-meilensteine-geschlechtsneutrales-sammelalbum-fuer-jungen-und-maedchen\\\/\",\"name\":\"Erinnerungsbuch f\u00fcr Babys, mit Box und 30 Monats- und Baby-Stickern f\u00fcr erste Meilensteine, Geschlechtsneutrales\u2026 - Markt-XXL\",\"isPartOf\":{\"@id\":\"https:\\\/\\\/marktxxl.de\\\/markt\\\/#website\"},\"primaryImageOfPage\":{\"@id\":\"https:\\\/\\\/marktxxl.de\\\/markt\\\/produkt\\\/erinnerungsbuch-fuer-babys-mit-box-und-30-monats-und-baby-stickern-fuer-erste-meilensteine-geschlechtsneutrales-sammelalbum-fuer-jungen-und-maedchen\\\/#primaryimage\"},\"image\":{\"@id\":\"https:\\\/\\\/marktxxl.de\\\/markt\\\/produkt\\\/erinnerungsbuch-fuer-babys-mit-box-und-30-monats-und-baby-stickern-fuer-erste-meilensteine-geschlechtsneutrales-sammelalbum-fuer-jungen-und-maedchen\\\/#primaryimage\"},\"thumbnailUrl\":\"https:\\\/\\\/m.media-amazon.com\\\/images\\\/I\\\/51dkU-NYg0L._SL500_.jpg\",\"datePublished\":\"2022-05-14T19:46:56+00:00\",\"dateModified\":\"2023-04-11T01:40:30+00:00\",\"description\":\"Markt-XXL Erinnerungsbuch f\u00fcr Babys, mit Box und 30 Monats- und Baby-Stickern f\u00fcr erste Meilensteine, Geschlechtsneutrales\u2026\",\"breadcrumb\":{\"@id\":\"https:\\\/\\\/marktxxl.de\\\/markt\\\/produkt\\\/erinnerungsbuch-fuer-babys-mit-box-und-30-monats-und-baby-stickern-fuer-erste-meilensteine-geschlechtsneutrales-sammelalbum-fuer-jungen-und-maedchen\\\/#breadcrumb\"},\"inLanguage\":\"de\",\"potentialAction\":[{\"@type\":\"ReadAction\",\"target\":[\"https:\\\/\\\/marktxxl.de\\\/markt\\\/produkt\\\/erinnerungsbuch-fuer-babys-mit-box-und-30-monats-und-baby-stickern-fuer-erste-meilensteine-geschlechtsneutrales-sammelalbum-fuer-jungen-und-maedchen\\\/\"]}]},{\"@type\":\"ImageObject\",\"inLanguage\":\"de\",\"@id\":\"https:\\\/\\\/marktxxl.de\\\/markt\\\/produkt\\\/erinnerungsbuch-fuer-babys-mit-box-und-30-monats-und-baby-stickern-fuer-erste-meilensteine-geschlechtsneutrales-sammelalbum-fuer-jungen-und-maedchen\\\/#primaryimage\",\"url\":\"https:\\\/\\\/m.media-amazon.com\\\/images\\\/I\\\/51dkU-NYg0L._SL500_.jpg\",\"contentUrl\":\"https:\\\/\\\/m.media-amazon.com\\\/images\\\/I\\\/51dkU-NYg0L._SL500_.jpg\",\"width\":500,\"height\":500},{\"@type\":\"BreadcrumbList\",\"@id\":\"https:\\\/\\\/marktxxl.de\\\/markt\\\/produkt\\\/erinnerungsbuch-fuer-babys-mit-box-und-30-monats-und-baby-stickern-fuer-erste-meilensteine-geschlechtsneutrales-sammelalbum-fuer-jungen-und-maedchen\\\/#breadcrumb\",\"itemListElement\":[{\"@type\":\"ListItem\",\"position\":1,\"name\":\"Startseite\",\"item\":\"https:\\\/\\\/marktxxl.de\\\/markt\\\/\"},{\"@type\":\"ListItem\",\"position\":2,\"name\":\"Markt\",\"item\":\"https:\\\/\\\/marktxxl.de\\\/markt\\\/\"},{\"@type\":\"ListItem\",\"position\":3,\"name\":\"Erinnerungsbuch f\u00fcr Babys, mit Box und 30 Monats- und Baby-Stickern f\u00fcr erste Meilensteine, Geschlechtsneutrales\u2026\"}]},{\"@type\":\"WebSite\",\"@id\":\"https:\\\/\\\/marktxxl.de\\\/markt\\\/#website\",\"url\":\"https:\\\/\\\/marktxxl.de\\\/markt\\\/\",\"name\":\"Markt-XXL\",\"description\":\"Ihr Markt Online\",\"publisher\":{\"@id\":\"https:\\\/\\\/marktxxl.de\\\/markt\\\/#organization\"},\"potentialAction\":[{\"@type\":\"SearchAction\",\"target\":{\"@type\":\"EntryPoint\",\"urlTemplate\":\"https:\\\/\\\/marktxxl.de\\\/markt\\\/?s={search_term_string}\"},\"query-input\":{\"@type\":\"PropertyValueSpecification\",\"valueRequired\":true,\"valueName\":\"search_term_string\"}}],\"inLanguage\":\"de\"},{\"@type\":\"Organization\",\"@id\":\"https:\\\/\\\/marktxxl.de\\\/markt\\\/#organization\",\"name\":\"Markt-XXL\",\"url\":\"https:\\\/\\\/marktxxl.de\\\/markt\\\/\",\"logo\":{\"@type\":\"ImageObject\",\"inLanguage\":\"de\",\"@id\":\"https:\\\/\\\/marktxxl.de\\\/markt\\\/#\\\/schema\\\/logo\\\/image\\\/\",\"url\":\"https:\\\/\\\/marktxxl.de\\\/markt\\\/wp-content\\\/uploads\\\/sites\\\/3\\\/2020\\\/12\\\/logo.png\",\"contentUrl\":\"https:\\\/\\\/marktxxl.de\\\/markt\\\/wp-content\\\/uploads\\\/sites\\\/3\\\/2020\\\/12\\\/logo.png\",\"width\":200,\"height\":70,\"caption\":\"Markt-XXL\"},\"image\":{\"@id\":\"https:\\\/\\\/marktxxl.de\\\/markt\\\/#\\\/schema\\\/logo\\\/image\\\/\"}}]}<\/script>\n<!-- \/ Yoast SEO plugin. -->","yoast_head_json":{"title":"Erinnerungsbuch f\u00fcr Babys, mit Box und 30 Monats- und Baby-Stickern f\u00fcr erste Meilensteine, Geschlechtsneutrales\u2026 - Markt-XXL","description":"Markt-XXL Erinnerungsbuch f\u00fcr Babys, mit Box und 30 Monats- und Baby-Stickern f\u00fcr erste Meilensteine, Geschlechtsneutrales\u2026","robots":{"index":"index","follow":"follow","max-snippet":"max-snippet:-1","max-image-preview":"max-image-preview:large","max-video-preview":"max-video-preview:-1"},"canonical":"https:\/\/marktxxl.de\/markt\/produkt\/erinnerungsbuch-fuer-babys-mit-box-und-30-monats-und-baby-stickern-fuer-erste-meilensteine-geschlechtsneutrales-sammelalbum-fuer-jungen-und-maedchen\/","og_locale":"de_DE","og_type":"article","og_title":"Erinnerungsbuch f\u00fcr Babys, mit Box und 30 Monats- und Baby-Stickern f\u00fcr erste Meilensteine, Geschlechtsneutrales\u2026 - Markt-XXL","og_description":"Markt-XXL Erinnerungsbuch f\u00fcr Babys, mit Box und 30 Monats- und Baby-Stickern f\u00fcr erste Meilensteine, Geschlechtsneutrales\u2026","og_url":"https:\/\/marktxxl.de\/markt\/produkt\/erinnerungsbuch-fuer-babys-mit-box-und-30-monats-und-baby-stickern-fuer-erste-meilensteine-geschlechtsneutrales-sammelalbum-fuer-jungen-und-maedchen\/","og_site_name":"Markt-XXL","article_modified_time":"2023-04-11T01:40:30+00:00","og_image":[{"width":500,"height":500,"url":"https:\/\/m.media-amazon.com\/images\/I\/51dkU-NYg0L._SL500_.jpg","type":"image\/jpeg"}],"twitter_card":"summary_large_image","twitter_misc":{"Gesch\u00e4tzte Lesezeit":"1\u00a0Minute"},"schema":{"@context":"https:\/\/schema.org","@graph":[{"@type":"WebPage","@id":"https:\/\/marktxxl.de\/markt\/produkt\/erinnerungsbuch-fuer-babys-mit-box-und-30-monats-und-baby-stickern-fuer-erste-meilensteine-geschlechtsneutrales-sammelalbum-fuer-jungen-und-maedchen\/","url":"https:\/\/marktxxl.de\/markt\/produkt\/erinnerungsbuch-fuer-babys-mit-box-und-30-monats-und-baby-stickern-fuer-erste-meilensteine-geschlechtsneutrales-sammelalbum-fuer-jungen-und-maedchen\/","name":"Erinnerungsbuch f\u00fcr Babys, mit Box und 30 Monats- und Baby-Stickern f\u00fcr erste Meilensteine, Geschlechtsneutrales\u2026 - Markt-XXL","isPartOf":{"@id":"https:\/\/marktxxl.de\/markt\/#website"},"primaryImageOfPage":{"@id":"https:\/\/marktxxl.de\/markt\/produkt\/erinnerungsbuch-fuer-babys-mit-box-und-30-monats-und-baby-stickern-fuer-erste-meilensteine-geschlechtsneutrales-sammelalbum-fuer-jungen-und-maedchen\/#primaryimage"},"image":{"@id":"https:\/\/marktxxl.de\/markt\/produkt\/erinnerungsbuch-fuer-babys-mit-box-und-30-monats-und-baby-stickern-fuer-erste-meilensteine-geschlechtsneutrales-sammelalbum-fuer-jungen-und-maedchen\/#primaryimage"},"thumbnailUrl":"https:\/\/m.media-amazon.com\/images\/I\/51dkU-NYg0L._SL500_.jpg","datePublished":"2022-05-14T19:46:56+00:00","dateModified":"2023-04-11T01:40:30+00:00","description":"Markt-XXL Erinnerungsbuch f\u00fcr Babys, mit Box und 30 Monats- und Baby-Stickern f\u00fcr erste Meilensteine, Geschlechtsneutrales\u2026","breadcrumb":{"@id":"https:\/\/marktxxl.de\/markt\/produkt\/erinnerungsbuch-fuer-babys-mit-box-und-30-monats-und-baby-stickern-fuer-erste-meilensteine-geschlechtsneutrales-sammelalbum-fuer-jungen-und-maedchen\/#breadcrumb"},"inLanguage":"de","potentialAction":[{"@type":"ReadAction","target":["https:\/\/marktxxl.de\/markt\/produkt\/erinnerungsbuch-fuer-babys-mit-box-und-30-monats-und-baby-stickern-fuer-erste-meilensteine-geschlechtsneutrales-sammelalbum-fuer-jungen-und-maedchen\/"]}]},{"@type":"ImageObject","inLanguage":"de","@id":"https:\/\/marktxxl.de\/markt\/produkt\/erinnerungsbuch-fuer-babys-mit-box-und-30-monats-und-baby-stickern-fuer-erste-meilensteine-geschlechtsneutrales-sammelalbum-fuer-jungen-und-maedchen\/#primaryimage","url":"https:\/\/m.media-amazon.com\/images\/I\/51dkU-NYg0L._SL500_.jpg","contentUrl":"https:\/\/m.media-amazon.com\/images\/I\/51dkU-NYg0L._SL500_.jpg","width":500,"height":500},{"@type":"BreadcrumbList","@id":"https:\/\/marktxxl.de\/markt\/produkt\/erinnerungsbuch-fuer-babys-mit-box-und-30-monats-und-baby-stickern-fuer-erste-meilensteine-geschlechtsneutrales-sammelalbum-fuer-jungen-und-maedchen\/#breadcrumb","itemListElement":[{"@type":"ListItem","position":1,"name":"Startseite","item":"https:\/\/marktxxl.de\/markt\/"},{"@type":"ListItem","position":2,"name":"Markt","item":"https:\/\/marktxxl.de\/markt\/"},{"@type":"ListItem","position":3,"name":"Erinnerungsbuch f\u00fcr Babys, mit Box und 30 Monats- und Baby-Stickern f\u00fcr erste Meilensteine, Geschlechtsneutrales\u2026"}]},{"@type":"WebSite","@id":"https:\/\/marktxxl.de\/markt\/#website","url":"https:\/\/marktxxl.de\/markt\/","name":"Markt-XXL","description":"Ihr Markt Online","publisher":{"@id":"https:\/\/marktxxl.de\/markt\/#organization"},"potentialAction":[{"@type":"SearchAction","target":{"@type":"EntryPoint","urlTemplate":"https:\/\/marktxxl.de\/markt\/?s={search_term_string}"},"query-input":{"@type":"PropertyValueSpecification","valueRequired":true,"valueName":"search_term_string"}}],"inLanguage":"de"},{"@type":"Organization","@id":"https:\/\/marktxxl.de\/markt\/#organization","name":"Markt-XXL","url":"https:\/\/marktxxl.de\/markt\/","logo":{"@type":"ImageObject","inLanguage":"de","@id":"https:\/\/marktxxl.de\/markt\/#\/schema\/logo\/image\/","url":"https:\/\/marktxxl.de\/markt\/wp-content\/uploads\/sites\/3\/2020\/12\/logo.png","contentUrl":"https:\/\/marktxxl.de\/markt\/wp-content\/uploads\/sites\/3\/2020\/12\/logo.png","width":200,"height":70,"caption":"Markt-XXL"},"image":{"@id":"https:\/\/marktxxl.de\/markt\/#\/schema\/logo\/image\/"}}]}},"_links":{"self":[{"href":"https:\/\/marktxxl.de\/markt\/wp-json\/wp\/v2\/product\/113295","targetHints":{"allow":["GET"]}}],"collection":[{"href":"https:\/\/marktxxl.de\/markt\/wp-json\/wp\/v2\/product"}],"about":[{"href":"https:\/\/marktxxl.de\/markt\/wp-json\/wp\/v2\/types\/product"}],"replies":[{"embeddable":true,"href":"https:\/\/marktxxl.de\/markt\/wp-json\/wp\/v2\/comments?post=113295"}],"wp:featuredmedia":[{"embeddable":true,"href":"https:\/\/marktxxl.de\/markt\/wp-json\/wp\/v2\/media\/113296"}],"wp:attachment":[{"href":"https:\/\/marktxxl.de\/markt\/wp-json\/wp\/v2\/media?parent=113295"}],"wp:term":[{"taxonomy":"product_brand","embeddable":true,"href":"https:\/\/marktxxl.de\/markt\/wp-json\/wp\/v2\/product_brand?post=113295"},{"taxonomy":"product_cat","embeddable":true,"href":"https:\/\/marktxxl.de\/markt\/wp-json\/wp\/v2\/product_cat?post=113295"},{"taxonomy":"product_tag","embeddable":true,"href":"https:\/\/marktxxl.de\/markt\/wp-json\/wp\/v2\/product_tag?post=113295"}],"curies":[{"name":"wp","href":"https:\/\/api.w.org\/{rel}","templated":true}]}}