{"id":113288,"date":"2022-05-14T21:46:52","date_gmt":"2022-05-14T19:46:52","guid":{"rendered":"https:\/\/marktxxl.de\/markt\/produkt\/lucy-liebling-die-little-jahren-kleinkinder-buch\/"},"modified":"2023-04-11T03:40:30","modified_gmt":"2023-04-11T01:40:30","slug":"lucy-liebling-die-little-jahren-kleinkinder-buch","status":"publish","type":"product","link":"https:\/\/marktxxl.de\/markt\/produkt\/lucy-liebling-die-little-jahren-kleinkinder-buch\/","title":{"rendered":"Lucy Liebling die Little Jahren Kleinkinder Buch"},"content":{"rendered":"<p>Stilvolle Verarbeitung: Die Seiten sind sehr stabil und Ihre Schrift durchl\u00e4uft nicht durch die Seiten, wie bei anderen Baby-Tageb\u00fcchern oder Babyb\u00fcchern. Umweltfreundliches Tagebuch mit 106 Seiten, 30,5 x 30,5 cm, professionell f\u00fcr frischgebackene Eltern oder Eltern, die das Wachstum ihres Jungen folgen.<br \/>\nZeichnen Sie wertvolle Meilensteine auf. Seiten in unserem Babybuch enthalten Orte, um die Jahre der wichtigen Meilensteine Ihres Babys zu dokumentieren. Folgen Sie Ihrem Kleinkind, w\u00e4hrend es w\u00e4chst, beginnend am ersten Geburtstag und endet vor seinem sechsten Geburtstag. Diese besch\u00e4ftigten Jahre fliegen vorbei und wir wollen nicht, dass Sie sie vergessen.<br \/>\nEinfach Fotos und Schreiben hinzuf\u00fcgen: Entworfen f\u00fcr besch\u00e4ftigte Eltern, um Zeit zu sparen, unsere Babyb\u00fccher sind die perfekte Kombination aus einem Baby-Tagebuch und einem Baby-Fotoalbum, so dass alle Details des Scrapbook-Designs bereits auf die Seiten gedruckt sind. F\u00fcgen Sie einfach Bilder von Ihrem Baby hinzu und f\u00fcgen Sie kurze Punkte zu jedem Ereignis entlang des Weges hinzu<br \/>\nHalten Sie eine bleibende Nachhaltigkeit: Andenken sind kostbar f\u00fcr Familien und dieses gebrauchsfertige Hardcover-Erinnerungsbuch mit hochwertigen Seiten wird Ihnen helfen, eine lange Zeit zu halten. . Bewahren Sie die Erinnerungen Ihres Babys von 1 Jahr bis zu 6 Jahren auf, um sie f\u00fcr immer bei sich zu halten und zusammen zu schauen.<br \/>\nDesign und Druck in den USA, Lucy Darling hat seinen Hauptsitz in den USA und alle unsere Babyb\u00fccher werden in den USA verantwortungsvoll mit Tinte auf Sojabasis und ohne aggressive Chemikalien gedruckt, sodass Sie sich Sorgen \u00fcber unsere Erinnerungsb\u00fccher machen k\u00f6nnen.<br \/>\n<div class=\"main-cross-sell\" data-asin=\"B0787MCJNP\">\n\n\t<div class=\"WooZone-cross-sell-loader\">\n\t\t<div>\n\t\t\t<div id=\"floatingBarsG\">\n\t\t\t\t<div class=\"blockG\" id=\"rotateG_01\"><\/div>\n\t\t\t\t<div class=\"blockG\" id=\"rotateG_02\"><\/div>\n\t\t\t\t<div class=\"blockG\" id=\"rotateG_03\"><\/div>\n\t\t\t\t<div class=\"blockG\" id=\"rotateG_04\"><\/div>\n\t\t\t\t<div class=\"blockG\" id=\"rotateG_05\"><\/div>\n\t\t\t\t<div class=\"blockG\" id=\"rotateG_06\"><\/div>\n\t\t\t\t<div class=\"blockG\" id=\"rotateG_07\"><\/div>\n\t\t\t\t<div class=\"blockG\" id=\"rotateG_08\"><\/div>\n\t\t\t<\/div>\n\t\t\t<div class=\"WooZone-cross-sell-loader-text\"><\/div>\n\t\t<\/div>\n\t<\/div>\n\n\t\t\n<\/div>\n<div style=\"clear:both;\"><\/div><\/p>\n","protected":false},"excerpt":{"rendered":"<p>Stilvolle Verarbeitung: Die Seiten sind sehr stabil und Ihre Schrift durchl\u00e4uft nicht durch die Seiten, wie bei anderen Baby-Tageb\u00fcchern oder Babyb\u00fcchern. Umweltfreundliches Tagebuch mit 106 Seiten, 30,5 x 30,5 cm, professionell f\u00fcr frischgebackene Eltern oder Eltern, die das Wachstum ihres Jungen folgen.<br \/>\nZeichnen Sie wertvolle Meilensteine auf. Seiten in unserem Babybuch enthalten Orte, um die Jahre der wichtigen Meilensteine Ihres Babys zu dokumentieren. Folgen Sie Ihrem Kleinkind, w\u00e4hrend es w\u00e4chst, beginnend am ersten Geburtstag und endet vor seinem sechsten Geburtstag. Diese besch\u00e4ftigten Jahre fliegen vorbei und wir wollen nicht, dass Sie sie vergessen.<br \/>\nEinfach Fotos und Schreiben hinzuf\u00fcgen: Entworfen f\u00fcr besch\u00e4ftigte Eltern, um Zeit zu sparen, unsere Babyb\u00fccher sind die perfekte Kombination aus einem Baby-Tagebuch und einem Baby-Fotoalbum, so dass alle Details des Scrapbook-Designs bereits auf die Seiten gedruckt sind. F\u00fcgen Sie einfach Bilder von Ihrem Baby hinzu und f\u00fcgen Sie kurze Punkte zu jedem Ereignis entlang des Weges hinzu<\/p>\n","protected":false},"featured_media":113289,"comment_status":"open","ping_status":"closed","template":"","meta":[],"product_brand":[],"product_cat":[21,8929],"product_tag":[],"class_list":{"0":"post-113288","1":"product","2":"type-product","3":"status-publish","4":"has-post-thumbnail","6":"product_cat-baby","7":"product_cat-babygeschenke-baby","8":"pa_binding-babyartikel","9":"pa_brand-lucy-darling","10":"pa_height-1-3-zoll","11":"pa_length-12-2-zoll","12":"pa_manufacturer-lucy-darling","13":"pa_weight-3-pfund","14":"pa_width-12-09-zoll","16":"first","17":"instock","18":"shipping-taxable","19":"purchasable","20":"product-type-simple","21":"customify-col","22":"product-has-gallery"},"yoast_head":"<!-- This site is optimized with the Yoast SEO plugin v27.3 - https:\/\/yoast.com\/product\/yoast-seo-wordpress\/ -->\n<title>Lucy Liebling die Little Jahren Kleinkinder Buch - Markt-XXL<\/title>\n<meta name=\"description\" content=\"Markt-XXL Lucy Liebling die Little Jahren Kleinkinder Buch\" \/>\n<meta name=\"robots\" content=\"index, follow, max-snippet:-1, max-image-preview:large, max-video-preview:-1\" \/>\n<link rel=\"canonical\" href=\"https:\/\/marktxxl.de\/markt\/produkt\/lucy-liebling-die-little-jahren-kleinkinder-buch\/\" \/>\n<meta property=\"og:locale\" content=\"de_DE\" \/>\n<meta property=\"og:type\" content=\"article\" \/>\n<meta property=\"og:title\" content=\"Lucy Liebling die Little Jahren Kleinkinder Buch - Markt-XXL\" \/>\n<meta property=\"og:description\" content=\"Markt-XXL Lucy Liebling die Little Jahren Kleinkinder Buch\" \/>\n<meta property=\"og:url\" content=\"https:\/\/marktxxl.de\/markt\/produkt\/lucy-liebling-die-little-jahren-kleinkinder-buch\/\" \/>\n<meta property=\"og:site_name\" content=\"Markt-XXL\" \/>\n<meta property=\"article:modified_time\" content=\"2023-04-11T01:40:30+00:00\" \/>\n<meta property=\"og:image\" content=\"https:\/\/m.media-amazon.com\/images\/I\/41Y0aebgTiL._SL500_.jpg\" \/>\n\t<meta property=\"og:image:width\" content=\"495\" \/>\n\t<meta property=\"og:image:height\" content=\"500\" \/>\n\t<meta property=\"og:image:type\" content=\"image\/jpeg\" \/>\n<meta name=\"twitter:card\" content=\"summary_large_image\" \/>\n<meta name=\"twitter:label1\" content=\"Gesch\u00e4tzte Lesezeit\" \/>\n\t<meta name=\"twitter:data1\" content=\"1\u00a0Minute\" \/>\n<script type=\"application\/ld+json\" class=\"yoast-schema-graph\">{\"@context\":\"https:\\\/\\\/schema.org\",\"@graph\":[{\"@type\":\"WebPage\",\"@id\":\"https:\\\/\\\/marktxxl.de\\\/markt\\\/produkt\\\/lucy-liebling-die-little-jahren-kleinkinder-buch\\\/\",\"url\":\"https:\\\/\\\/marktxxl.de\\\/markt\\\/produkt\\\/lucy-liebling-die-little-jahren-kleinkinder-buch\\\/\",\"name\":\"Lucy Liebling die Little Jahren Kleinkinder Buch - Markt-XXL\",\"isPartOf\":{\"@id\":\"https:\\\/\\\/marktxxl.de\\\/markt\\\/#website\"},\"primaryImageOfPage\":{\"@id\":\"https:\\\/\\\/marktxxl.de\\\/markt\\\/produkt\\\/lucy-liebling-die-little-jahren-kleinkinder-buch\\\/#primaryimage\"},\"image\":{\"@id\":\"https:\\\/\\\/marktxxl.de\\\/markt\\\/produkt\\\/lucy-liebling-die-little-jahren-kleinkinder-buch\\\/#primaryimage\"},\"thumbnailUrl\":\"https:\\\/\\\/m.media-amazon.com\\\/images\\\/I\\\/41Y0aebgTiL._SL500_.jpg\",\"datePublished\":\"2022-05-14T19:46:52+00:00\",\"dateModified\":\"2023-04-11T01:40:30+00:00\",\"description\":\"Markt-XXL Lucy Liebling die Little Jahren Kleinkinder Buch\",\"breadcrumb\":{\"@id\":\"https:\\\/\\\/marktxxl.de\\\/markt\\\/produkt\\\/lucy-liebling-die-little-jahren-kleinkinder-buch\\\/#breadcrumb\"},\"inLanguage\":\"de\",\"potentialAction\":[{\"@type\":\"ReadAction\",\"target\":[\"https:\\\/\\\/marktxxl.de\\\/markt\\\/produkt\\\/lucy-liebling-die-little-jahren-kleinkinder-buch\\\/\"]}]},{\"@type\":\"ImageObject\",\"inLanguage\":\"de\",\"@id\":\"https:\\\/\\\/marktxxl.de\\\/markt\\\/produkt\\\/lucy-liebling-die-little-jahren-kleinkinder-buch\\\/#primaryimage\",\"url\":\"https:\\\/\\\/m.media-amazon.com\\\/images\\\/I\\\/41Y0aebgTiL._SL500_.jpg\",\"contentUrl\":\"https:\\\/\\\/m.media-amazon.com\\\/images\\\/I\\\/41Y0aebgTiL._SL500_.jpg\",\"width\":495,\"height\":500},{\"@type\":\"BreadcrumbList\",\"@id\":\"https:\\\/\\\/marktxxl.de\\\/markt\\\/produkt\\\/lucy-liebling-die-little-jahren-kleinkinder-buch\\\/#breadcrumb\",\"itemListElement\":[{\"@type\":\"ListItem\",\"position\":1,\"name\":\"Startseite\",\"item\":\"https:\\\/\\\/marktxxl.de\\\/markt\\\/\"},{\"@type\":\"ListItem\",\"position\":2,\"name\":\"Markt\",\"item\":\"https:\\\/\\\/marktxxl.de\\\/markt\\\/\"},{\"@type\":\"ListItem\",\"position\":3,\"name\":\"Lucy Liebling die Little Jahren Kleinkinder Buch\"}]},{\"@type\":\"WebSite\",\"@id\":\"https:\\\/\\\/marktxxl.de\\\/markt\\\/#website\",\"url\":\"https:\\\/\\\/marktxxl.de\\\/markt\\\/\",\"name\":\"Markt-XXL\",\"description\":\"Ihr Markt Online\",\"publisher\":{\"@id\":\"https:\\\/\\\/marktxxl.de\\\/markt\\\/#organization\"},\"potentialAction\":[{\"@type\":\"SearchAction\",\"target\":{\"@type\":\"EntryPoint\",\"urlTemplate\":\"https:\\\/\\\/marktxxl.de\\\/markt\\\/?s={search_term_string}\"},\"query-input\":{\"@type\":\"PropertyValueSpecification\",\"valueRequired\":true,\"valueName\":\"search_term_string\"}}],\"inLanguage\":\"de\"},{\"@type\":\"Organization\",\"@id\":\"https:\\\/\\\/marktxxl.de\\\/markt\\\/#organization\",\"name\":\"Markt-XXL\",\"url\":\"https:\\\/\\\/marktxxl.de\\\/markt\\\/\",\"logo\":{\"@type\":\"ImageObject\",\"inLanguage\":\"de\",\"@id\":\"https:\\\/\\\/marktxxl.de\\\/markt\\\/#\\\/schema\\\/logo\\\/image\\\/\",\"url\":\"https:\\\/\\\/marktxxl.de\\\/markt\\\/wp-content\\\/uploads\\\/sites\\\/3\\\/2020\\\/12\\\/logo.png\",\"contentUrl\":\"https:\\\/\\\/marktxxl.de\\\/markt\\\/wp-content\\\/uploads\\\/sites\\\/3\\\/2020\\\/12\\\/logo.png\",\"width\":200,\"height\":70,\"caption\":\"Markt-XXL\"},\"image\":{\"@id\":\"https:\\\/\\\/marktxxl.de\\\/markt\\\/#\\\/schema\\\/logo\\\/image\\\/\"}}]}<\/script>\n<!-- \/ Yoast SEO plugin. -->","yoast_head_json":{"title":"Lucy Liebling die Little Jahren Kleinkinder Buch - Markt-XXL","description":"Markt-XXL Lucy Liebling die Little Jahren Kleinkinder Buch","robots":{"index":"index","follow":"follow","max-snippet":"max-snippet:-1","max-image-preview":"max-image-preview:large","max-video-preview":"max-video-preview:-1"},"canonical":"https:\/\/marktxxl.de\/markt\/produkt\/lucy-liebling-die-little-jahren-kleinkinder-buch\/","og_locale":"de_DE","og_type":"article","og_title":"Lucy Liebling die Little Jahren Kleinkinder Buch - Markt-XXL","og_description":"Markt-XXL Lucy Liebling die Little Jahren Kleinkinder Buch","og_url":"https:\/\/marktxxl.de\/markt\/produkt\/lucy-liebling-die-little-jahren-kleinkinder-buch\/","og_site_name":"Markt-XXL","article_modified_time":"2023-04-11T01:40:30+00:00","og_image":[{"width":495,"height":500,"url":"https:\/\/m.media-amazon.com\/images\/I\/41Y0aebgTiL._SL500_.jpg","type":"image\/jpeg"}],"twitter_card":"summary_large_image","twitter_misc":{"Gesch\u00e4tzte Lesezeit":"1\u00a0Minute"},"schema":{"@context":"https:\/\/schema.org","@graph":[{"@type":"WebPage","@id":"https:\/\/marktxxl.de\/markt\/produkt\/lucy-liebling-die-little-jahren-kleinkinder-buch\/","url":"https:\/\/marktxxl.de\/markt\/produkt\/lucy-liebling-die-little-jahren-kleinkinder-buch\/","name":"Lucy Liebling die Little Jahren Kleinkinder Buch - Markt-XXL","isPartOf":{"@id":"https:\/\/marktxxl.de\/markt\/#website"},"primaryImageOfPage":{"@id":"https:\/\/marktxxl.de\/markt\/produkt\/lucy-liebling-die-little-jahren-kleinkinder-buch\/#primaryimage"},"image":{"@id":"https:\/\/marktxxl.de\/markt\/produkt\/lucy-liebling-die-little-jahren-kleinkinder-buch\/#primaryimage"},"thumbnailUrl":"https:\/\/m.media-amazon.com\/images\/I\/41Y0aebgTiL._SL500_.jpg","datePublished":"2022-05-14T19:46:52+00:00","dateModified":"2023-04-11T01:40:30+00:00","description":"Markt-XXL Lucy Liebling die Little Jahren Kleinkinder Buch","breadcrumb":{"@id":"https:\/\/marktxxl.de\/markt\/produkt\/lucy-liebling-die-little-jahren-kleinkinder-buch\/#breadcrumb"},"inLanguage":"de","potentialAction":[{"@type":"ReadAction","target":["https:\/\/marktxxl.de\/markt\/produkt\/lucy-liebling-die-little-jahren-kleinkinder-buch\/"]}]},{"@type":"ImageObject","inLanguage":"de","@id":"https:\/\/marktxxl.de\/markt\/produkt\/lucy-liebling-die-little-jahren-kleinkinder-buch\/#primaryimage","url":"https:\/\/m.media-amazon.com\/images\/I\/41Y0aebgTiL._SL500_.jpg","contentUrl":"https:\/\/m.media-amazon.com\/images\/I\/41Y0aebgTiL._SL500_.jpg","width":495,"height":500},{"@type":"BreadcrumbList","@id":"https:\/\/marktxxl.de\/markt\/produkt\/lucy-liebling-die-little-jahren-kleinkinder-buch\/#breadcrumb","itemListElement":[{"@type":"ListItem","position":1,"name":"Startseite","item":"https:\/\/marktxxl.de\/markt\/"},{"@type":"ListItem","position":2,"name":"Markt","item":"https:\/\/marktxxl.de\/markt\/"},{"@type":"ListItem","position":3,"name":"Lucy Liebling die Little Jahren Kleinkinder Buch"}]},{"@type":"WebSite","@id":"https:\/\/marktxxl.de\/markt\/#website","url":"https:\/\/marktxxl.de\/markt\/","name":"Markt-XXL","description":"Ihr Markt Online","publisher":{"@id":"https:\/\/marktxxl.de\/markt\/#organization"},"potentialAction":[{"@type":"SearchAction","target":{"@type":"EntryPoint","urlTemplate":"https:\/\/marktxxl.de\/markt\/?s={search_term_string}"},"query-input":{"@type":"PropertyValueSpecification","valueRequired":true,"valueName":"search_term_string"}}],"inLanguage":"de"},{"@type":"Organization","@id":"https:\/\/marktxxl.de\/markt\/#organization","name":"Markt-XXL","url":"https:\/\/marktxxl.de\/markt\/","logo":{"@type":"ImageObject","inLanguage":"de","@id":"https:\/\/marktxxl.de\/markt\/#\/schema\/logo\/image\/","url":"https:\/\/marktxxl.de\/markt\/wp-content\/uploads\/sites\/3\/2020\/12\/logo.png","contentUrl":"https:\/\/marktxxl.de\/markt\/wp-content\/uploads\/sites\/3\/2020\/12\/logo.png","width":200,"height":70,"caption":"Markt-XXL"},"image":{"@id":"https:\/\/marktxxl.de\/markt\/#\/schema\/logo\/image\/"}}]}},"_links":{"self":[{"href":"https:\/\/marktxxl.de\/markt\/wp-json\/wp\/v2\/product\/113288","targetHints":{"allow":["GET"]}}],"collection":[{"href":"https:\/\/marktxxl.de\/markt\/wp-json\/wp\/v2\/product"}],"about":[{"href":"https:\/\/marktxxl.de\/markt\/wp-json\/wp\/v2\/types\/product"}],"replies":[{"embeddable":true,"href":"https:\/\/marktxxl.de\/markt\/wp-json\/wp\/v2\/comments?post=113288"}],"wp:featuredmedia":[{"embeddable":true,"href":"https:\/\/marktxxl.de\/markt\/wp-json\/wp\/v2\/media\/113289"}],"wp:attachment":[{"href":"https:\/\/marktxxl.de\/markt\/wp-json\/wp\/v2\/media?parent=113288"}],"wp:term":[{"taxonomy":"product_brand","embeddable":true,"href":"https:\/\/marktxxl.de\/markt\/wp-json\/wp\/v2\/product_brand?post=113288"},{"taxonomy":"product_cat","embeddable":true,"href":"https:\/\/marktxxl.de\/markt\/wp-json\/wp\/v2\/product_cat?post=113288"},{"taxonomy":"product_tag","embeddable":true,"href":"https:\/\/marktxxl.de\/markt\/wp-json\/wp\/v2\/product_tag?post=113288"}],"curies":[{"name":"wp","href":"https:\/\/api.w.org\/{rel}","templated":true}]}}