{"id":113280,"date":"2022-05-14T21:46:48","date_gmt":"2022-05-14T19:46:48","guid":{"rendered":"https:\/\/marktxxl.de\/markt\/produkt\/neu-45-premium-meilensteinkarten-baby-fuer-junge-maedchen-inkl-geschenkbox-geschenk-zur-geburt-babyparty-und-schwangerschaft-deutsch\/"},"modified":"2023-04-11T03:40:30","modified_gmt":"2023-04-11T01:40:30","slug":"neu-45-premium-meilensteinkarten-baby-fuer-junge-maedchen-inkl-geschenkbox-geschenk-zur-geburt-babyparty-und-schwangerschaft-deutsch","status":"publish","type":"product","link":"https:\/\/marktxxl.de\/markt\/produkt\/neu-45-premium-meilensteinkarten-baby-fuer-junge-maedchen-inkl-geschenkbox-geschenk-zur-geburt-babyparty-und-schwangerschaft-deutsch\/","title":{"rendered":"NEU &#8211; 45 Premium Meilensteinkarten Baby f\u00fcr Junge &amp; M\u00e4dchen inkl. Geschenkbox &#8211; Geschenk zur Geburt, Babyparty und\u2026"},"content":{"rendered":"<p>\ud83d\udc9a \ud835\udde3\ud835\uddd8\ud835\udde5\ud835\uddd9\ud835\uddd8\ud835\uddde\ud835\udde7\ud835\uddd8\ud835\udde6 \ud835\uddda\ud835\uddd8\ud835\udde6\ud835\uddd6\ud835\udddb\ud835\uddd8\ud835\udde1\ud835\uddde: Die exklusiven Karten + Magnetbox eignen sich perfekt als Geschenk f\u00fcr werdende Eltern. Sowohl als Geschenkidee f\u00fcr die Schwangerschaft, Geburt oder auch f\u00fcr Babyparty \/ Babyshower.<br \/>\n\ud83d\udc9a \ud835\udff0\ud835\udff1 \ud835\udde0\ud835\uddd8\ud835\udddc\ud835\udddf\ud835\uddd8\ud835\udde1\ud835\udde6\ud835\udde7\ud835\uddd8\ud835\udddc\ud835\udde1\ud835\uddde\ud835\uddd4\ud835\udde5\ud835\udde7\ud835\uddd8\ud835\udde1: Eltern k\u00f6nnen so die wichtigsten Meilensteine des Babys mit einem Foto und Kommentar auf der R\u00fcckseite der Karte f\u00fcr immer festhalten.<br \/>\n\ud83d\udc9a \ud835\udde3\ud835\udde5\ud835\uddd8\ud835\udde0\ud835\udddc\ud835\udde8\ud835\udde0 \ud835\uddde\ud835\uddd4\ud835\udde5\ud835\udde7\ud835\uddd8\ud835\udde1 &amp; \ud835\udde0\ud835\uddd4\ud835\uddda\ud835\udde1\ud835\uddd8\ud835\udde7\ud835\uddd5\ud835\udde2\ud835\uddeb: Die Karten bestehen aus wertigem Designer-Papier in 400 g\/m2 und DIN A6 Format mit abgerundeten Ecken. Die Karten sind in einer hochwertigen Magnet-Box verpackt und matt veredelt.<br \/>\n\ud83d\udc9a \ud835\uddd7\ud835\uddd8\ud835\udde6\ud835\udddc\ud835\uddda\ud835\udde1\ud835\udde6 \ud835\uddd7\ud835\uddd8\ud835\udde8\ud835\udde7\ud835\udde6\ud835\uddd6\ud835\udddb\ud835\uddd8\ud835\udde5 \ud835\uddde\u00dc\ud835\udde1\ud835\udde6\ud835\udde7\ud835\udddf\ud835\uddd8\ud835\udde5\ud835\udddc\ud835\udde1: Die einzigartigen Designs der Karten sind von einer deutschen K\u00fcnstlerin in Wasserfarben angefertigt. Das neutrale Kartenset eignet sich sowohl f\u00fcr M\u00e4dchen als auch Jungs.<br \/>\n\ud83d\udc9a \ud835\udfed\ud835\udfec\ud835\udfec% \ud835\udded\ud835\udde8\ud835\uddd9\ud835\udde5\ud835\udddc\ud835\uddd8\ud835\uddd7\ud835\uddd8\ud835\udde1\ud835\udddb\ud835\uddd8\ud835\udddc\ud835\udde7\ud835\udde6\ud835\uddda\ud835\uddd4\ud835\udde5\ud835\uddd4\ud835\udde1\ud835\udde7\ud835\udddc\ud835\uddd8: Wir vertrauen auf unsere Qualit\u00e4t &#8211; als Service bieten wir daher jedem Kunden eine 60-Tage-R\u00fccksendem\u00f6glichkeit mit Geld-zur\u00fcck-Garantie.<br \/>\n<div class=\"main-cross-sell\" data-asin=\"B09FRQLH5V\">\n\n\t<div class=\"WooZone-cross-sell-loader\">\n\t\t<div>\n\t\t\t<div id=\"floatingBarsG\">\n\t\t\t\t<div class=\"blockG\" id=\"rotateG_01\"><\/div>\n\t\t\t\t<div class=\"blockG\" id=\"rotateG_02\"><\/div>\n\t\t\t\t<div class=\"blockG\" id=\"rotateG_03\"><\/div>\n\t\t\t\t<div class=\"blockG\" id=\"rotateG_04\"><\/div>\n\t\t\t\t<div class=\"blockG\" id=\"rotateG_05\"><\/div>\n\t\t\t\t<div class=\"blockG\" id=\"rotateG_06\"><\/div>\n\t\t\t\t<div class=\"blockG\" id=\"rotateG_07\"><\/div>\n\t\t\t\t<div class=\"blockG\" id=\"rotateG_08\"><\/div>\n\t\t\t<\/div>\n\t\t\t<div class=\"WooZone-cross-sell-loader-text\"><\/div>\n\t\t<\/div>\n\t<\/div>\n\n\t\t\n<\/div>\n<div style=\"clear:both;\"><\/div><\/p>\n","protected":false},"excerpt":{"rendered":"<p>\ud83d\udc9a \ud835\udde3\ud835\uddd8\ud835\udde5\ud835\uddd9\ud835\uddd8\ud835\uddde\ud835\udde7\ud835\uddd8\ud835\udde6 \ud835\uddda\ud835\uddd8\ud835\udde6\ud835\uddd6\ud835\udddb\ud835\uddd8\ud835\udde1\ud835\uddde: Die exklusiven Karten + Magnetbox eignen sich perfekt als Geschenk f\u00fcr werdende Eltern. Sowohl als Geschenkidee f\u00fcr die Schwangerschaft, Geburt oder auch f\u00fcr Babyparty \/ Babyshower.<br \/>\n\ud83d\udc9a \ud835\udff0\ud835\udff1 \ud835\udde0\ud835\uddd8\ud835\udddc\ud835\udddf\ud835\uddd8\ud835\udde1\ud835\udde6\ud835\udde7\ud835\uddd8\ud835\udddc\ud835\udde1\ud835\uddde\ud835\uddd4\ud835\udde5\ud835\udde7\ud835\uddd8\ud835\udde1: Eltern k\u00f6nnen so die wichtigsten Meilensteine des Babys mit einem Foto und Kommentar auf der R\u00fcckseite der Karte f\u00fcr immer festhalten.<br \/>\n\ud83d\udc9a \ud835\udde3\ud835\udde5\ud835\uddd8\ud835\udde0\ud835\udddc\ud835\udde8\ud835\udde0 \ud835\uddde\ud835\uddd4\ud835\udde5\ud835\udde7\ud835\uddd8\ud835\udde1 &amp; \ud835\udde0\ud835\uddd4\ud835\uddda\ud835\udde1\ud835\uddd8\ud835\udde7\ud835\uddd5\ud835\udde2\ud835\uddeb: Die Karten bestehen aus wertigem Designer-Papier in 400 g\/m2 und DIN A6 Format mit abgerundeten Ecken. Die Karten sind in einer hochwertigen Magnet-Box verpackt und matt veredelt.<\/p>\n","protected":false},"featured_media":113281,"comment_status":"open","ping_status":"closed","template":"","meta":[],"product_brand":[],"product_cat":[21,8929],"product_tag":[],"class_list":{"0":"post-113280","1":"product","2":"type-product","3":"status-publish","4":"has-post-thumbnail","6":"product_cat-baby","7":"product_cat-babygeschenke-baby","8":"pa_binding-babyartikel","9":"pa_brand-melu-kids","10":"pa_manufacturer-gregor-marc-u-peters-luke-gbr","12":"first","13":"instock","14":"shipping-taxable","15":"purchasable","16":"product-type-simple","17":"customify-col","18":"product-has-gallery"},"yoast_head":"<!-- This site is optimized with the Yoast SEO plugin v27.4 - https:\/\/yoast.com\/product\/yoast-seo-wordpress\/ -->\n<title>NEU - 45 Premium Meilensteinkarten Baby f\u00fcr Junge &amp; M\u00e4dchen inkl. Geschenkbox - Geschenk zur Geburt, Babyparty und\u2026 - Markt-XXL<\/title>\n<meta name=\"description\" content=\"Markt-XXL NEU - 45 Premium Meilensteinkarten Baby f\u00fcr Junge &amp; M\u00e4dchen inkl. Geschenkbox - Geschenk zur Geburt, Babyparty und\u2026\" \/>\n<meta name=\"robots\" content=\"index, follow, max-snippet:-1, max-image-preview:large, max-video-preview:-1\" \/>\n<link rel=\"canonical\" href=\"https:\/\/marktxxl.de\/markt\/produkt\/neu-45-premium-meilensteinkarten-baby-fuer-junge-maedchen-inkl-geschenkbox-geschenk-zur-geburt-babyparty-und-schwangerschaft-deutsch\/\" \/>\n<meta property=\"og:locale\" content=\"de_DE\" \/>\n<meta property=\"og:type\" content=\"article\" \/>\n<meta property=\"og:title\" content=\"NEU - 45 Premium Meilensteinkarten Baby f\u00fcr Junge &amp; M\u00e4dchen inkl. Geschenkbox - Geschenk zur Geburt, Babyparty und\u2026 - Markt-XXL\" \/>\n<meta property=\"og:description\" content=\"Markt-XXL NEU - 45 Premium Meilensteinkarten Baby f\u00fcr Junge &amp; M\u00e4dchen inkl. Geschenkbox - Geschenk zur Geburt, Babyparty und\u2026\" \/>\n<meta property=\"og:url\" content=\"https:\/\/marktxxl.de\/markt\/produkt\/neu-45-premium-meilensteinkarten-baby-fuer-junge-maedchen-inkl-geschenkbox-geschenk-zur-geburt-babyparty-und-schwangerschaft-deutsch\/\" \/>\n<meta property=\"og:site_name\" content=\"Markt-XXL\" \/>\n<meta property=\"article:modified_time\" content=\"2023-04-11T01:40:30+00:00\" \/>\n<meta property=\"og:image\" content=\"https:\/\/m.media-amazon.com\/images\/I\/511YW8Jk1GL._SL500_.jpg\" \/>\n\t<meta property=\"og:image:width\" content=\"500\" \/>\n\t<meta property=\"og:image:height\" content=\"500\" \/>\n\t<meta property=\"og:image:type\" content=\"image\/jpeg\" \/>\n<meta name=\"twitter:card\" content=\"summary_large_image\" \/>\n<meta name=\"twitter:label1\" content=\"Gesch\u00e4tzte Lesezeit\" \/>\n\t<meta name=\"twitter:data1\" content=\"1\u00a0Minute\" \/>\n<script type=\"application\/ld+json\" class=\"yoast-schema-graph\">{\"@context\":\"https:\\\/\\\/schema.org\",\"@graph\":[{\"@type\":\"WebPage\",\"@id\":\"https:\\\/\\\/marktxxl.de\\\/markt\\\/produkt\\\/neu-45-premium-meilensteinkarten-baby-fuer-junge-maedchen-inkl-geschenkbox-geschenk-zur-geburt-babyparty-und-schwangerschaft-deutsch\\\/\",\"url\":\"https:\\\/\\\/marktxxl.de\\\/markt\\\/produkt\\\/neu-45-premium-meilensteinkarten-baby-fuer-junge-maedchen-inkl-geschenkbox-geschenk-zur-geburt-babyparty-und-schwangerschaft-deutsch\\\/\",\"name\":\"NEU - 45 Premium Meilensteinkarten Baby f\u00fcr Junge &amp; M\u00e4dchen inkl. Geschenkbox - Geschenk zur Geburt, Babyparty und\u2026 - Markt-XXL\",\"isPartOf\":{\"@id\":\"https:\\\/\\\/marktxxl.de\\\/markt\\\/#website\"},\"primaryImageOfPage\":{\"@id\":\"https:\\\/\\\/marktxxl.de\\\/markt\\\/produkt\\\/neu-45-premium-meilensteinkarten-baby-fuer-junge-maedchen-inkl-geschenkbox-geschenk-zur-geburt-babyparty-und-schwangerschaft-deutsch\\\/#primaryimage\"},\"image\":{\"@id\":\"https:\\\/\\\/marktxxl.de\\\/markt\\\/produkt\\\/neu-45-premium-meilensteinkarten-baby-fuer-junge-maedchen-inkl-geschenkbox-geschenk-zur-geburt-babyparty-und-schwangerschaft-deutsch\\\/#primaryimage\"},\"thumbnailUrl\":\"https:\\\/\\\/m.media-amazon.com\\\/images\\\/I\\\/511YW8Jk1GL._SL500_.jpg\",\"datePublished\":\"2022-05-14T19:46:48+00:00\",\"dateModified\":\"2023-04-11T01:40:30+00:00\",\"description\":\"Markt-XXL NEU - 45 Premium Meilensteinkarten Baby f\u00fcr Junge &amp; M\u00e4dchen inkl. Geschenkbox - Geschenk zur Geburt, Babyparty und\u2026\",\"breadcrumb\":{\"@id\":\"https:\\\/\\\/marktxxl.de\\\/markt\\\/produkt\\\/neu-45-premium-meilensteinkarten-baby-fuer-junge-maedchen-inkl-geschenkbox-geschenk-zur-geburt-babyparty-und-schwangerschaft-deutsch\\\/#breadcrumb\"},\"inLanguage\":\"de\",\"potentialAction\":[{\"@type\":\"ReadAction\",\"target\":[\"https:\\\/\\\/marktxxl.de\\\/markt\\\/produkt\\\/neu-45-premium-meilensteinkarten-baby-fuer-junge-maedchen-inkl-geschenkbox-geschenk-zur-geburt-babyparty-und-schwangerschaft-deutsch\\\/\"]}]},{\"@type\":\"ImageObject\",\"inLanguage\":\"de\",\"@id\":\"https:\\\/\\\/marktxxl.de\\\/markt\\\/produkt\\\/neu-45-premium-meilensteinkarten-baby-fuer-junge-maedchen-inkl-geschenkbox-geschenk-zur-geburt-babyparty-und-schwangerschaft-deutsch\\\/#primaryimage\",\"url\":\"https:\\\/\\\/m.media-amazon.com\\\/images\\\/I\\\/511YW8Jk1GL._SL500_.jpg\",\"contentUrl\":\"https:\\\/\\\/m.media-amazon.com\\\/images\\\/I\\\/511YW8Jk1GL._SL500_.jpg\",\"width\":500,\"height\":500},{\"@type\":\"BreadcrumbList\",\"@id\":\"https:\\\/\\\/marktxxl.de\\\/markt\\\/produkt\\\/neu-45-premium-meilensteinkarten-baby-fuer-junge-maedchen-inkl-geschenkbox-geschenk-zur-geburt-babyparty-und-schwangerschaft-deutsch\\\/#breadcrumb\",\"itemListElement\":[{\"@type\":\"ListItem\",\"position\":1,\"name\":\"Startseite\",\"item\":\"https:\\\/\\\/marktxxl.de\\\/markt\\\/\"},{\"@type\":\"ListItem\",\"position\":2,\"name\":\"Markt\",\"item\":\"https:\\\/\\\/marktxxl.de\\\/markt\\\/\"},{\"@type\":\"ListItem\",\"position\":3,\"name\":\"NEU &#8211; 45 Premium Meilensteinkarten Baby f\u00fcr Junge &amp; M\u00e4dchen inkl. Geschenkbox &#8211; Geschenk zur Geburt, Babyparty und\u2026\"}]},{\"@type\":\"WebSite\",\"@id\":\"https:\\\/\\\/marktxxl.de\\\/markt\\\/#website\",\"url\":\"https:\\\/\\\/marktxxl.de\\\/markt\\\/\",\"name\":\"Markt-XXL\",\"description\":\"Ihr Markt Online\",\"publisher\":{\"@id\":\"https:\\\/\\\/marktxxl.de\\\/markt\\\/#organization\"},\"potentialAction\":[{\"@type\":\"SearchAction\",\"target\":{\"@type\":\"EntryPoint\",\"urlTemplate\":\"https:\\\/\\\/marktxxl.de\\\/markt\\\/?s={search_term_string}\"},\"query-input\":{\"@type\":\"PropertyValueSpecification\",\"valueRequired\":true,\"valueName\":\"search_term_string\"}}],\"inLanguage\":\"de\"},{\"@type\":\"Organization\",\"@id\":\"https:\\\/\\\/marktxxl.de\\\/markt\\\/#organization\",\"name\":\"Markt-XXL\",\"url\":\"https:\\\/\\\/marktxxl.de\\\/markt\\\/\",\"logo\":{\"@type\":\"ImageObject\",\"inLanguage\":\"de\",\"@id\":\"https:\\\/\\\/marktxxl.de\\\/markt\\\/#\\\/schema\\\/logo\\\/image\\\/\",\"url\":\"https:\\\/\\\/marktxxl.de\\\/markt\\\/wp-content\\\/uploads\\\/sites\\\/3\\\/2020\\\/12\\\/logo.png\",\"contentUrl\":\"https:\\\/\\\/marktxxl.de\\\/markt\\\/wp-content\\\/uploads\\\/sites\\\/3\\\/2020\\\/12\\\/logo.png\",\"width\":200,\"height\":70,\"caption\":\"Markt-XXL\"},\"image\":{\"@id\":\"https:\\\/\\\/marktxxl.de\\\/markt\\\/#\\\/schema\\\/logo\\\/image\\\/\"}}]}<\/script>\n<!-- \/ Yoast SEO plugin. -->","yoast_head_json":{"title":"NEU - 45 Premium Meilensteinkarten Baby f\u00fcr Junge &amp; M\u00e4dchen inkl. Geschenkbox - Geschenk zur Geburt, Babyparty und\u2026 - Markt-XXL","description":"Markt-XXL NEU - 45 Premium Meilensteinkarten Baby f\u00fcr Junge &amp; M\u00e4dchen inkl. Geschenkbox - Geschenk zur Geburt, Babyparty und\u2026","robots":{"index":"index","follow":"follow","max-snippet":"max-snippet:-1","max-image-preview":"max-image-preview:large","max-video-preview":"max-video-preview:-1"},"canonical":"https:\/\/marktxxl.de\/markt\/produkt\/neu-45-premium-meilensteinkarten-baby-fuer-junge-maedchen-inkl-geschenkbox-geschenk-zur-geburt-babyparty-und-schwangerschaft-deutsch\/","og_locale":"de_DE","og_type":"article","og_title":"NEU - 45 Premium Meilensteinkarten Baby f\u00fcr Junge &amp; M\u00e4dchen inkl. Geschenkbox - Geschenk zur Geburt, Babyparty und\u2026 - Markt-XXL","og_description":"Markt-XXL NEU - 45 Premium Meilensteinkarten Baby f\u00fcr Junge &amp; M\u00e4dchen inkl. Geschenkbox - Geschenk zur Geburt, Babyparty und\u2026","og_url":"https:\/\/marktxxl.de\/markt\/produkt\/neu-45-premium-meilensteinkarten-baby-fuer-junge-maedchen-inkl-geschenkbox-geschenk-zur-geburt-babyparty-und-schwangerschaft-deutsch\/","og_site_name":"Markt-XXL","article_modified_time":"2023-04-11T01:40:30+00:00","og_image":[{"width":500,"height":500,"url":"https:\/\/m.media-amazon.com\/images\/I\/511YW8Jk1GL._SL500_.jpg","type":"image\/jpeg"}],"twitter_card":"summary_large_image","twitter_misc":{"Gesch\u00e4tzte Lesezeit":"1\u00a0Minute"},"schema":{"@context":"https:\/\/schema.org","@graph":[{"@type":"WebPage","@id":"https:\/\/marktxxl.de\/markt\/produkt\/neu-45-premium-meilensteinkarten-baby-fuer-junge-maedchen-inkl-geschenkbox-geschenk-zur-geburt-babyparty-und-schwangerschaft-deutsch\/","url":"https:\/\/marktxxl.de\/markt\/produkt\/neu-45-premium-meilensteinkarten-baby-fuer-junge-maedchen-inkl-geschenkbox-geschenk-zur-geburt-babyparty-und-schwangerschaft-deutsch\/","name":"NEU - 45 Premium Meilensteinkarten Baby f\u00fcr Junge &amp; M\u00e4dchen inkl. Geschenkbox - Geschenk zur Geburt, Babyparty und\u2026 - Markt-XXL","isPartOf":{"@id":"https:\/\/marktxxl.de\/markt\/#website"},"primaryImageOfPage":{"@id":"https:\/\/marktxxl.de\/markt\/produkt\/neu-45-premium-meilensteinkarten-baby-fuer-junge-maedchen-inkl-geschenkbox-geschenk-zur-geburt-babyparty-und-schwangerschaft-deutsch\/#primaryimage"},"image":{"@id":"https:\/\/marktxxl.de\/markt\/produkt\/neu-45-premium-meilensteinkarten-baby-fuer-junge-maedchen-inkl-geschenkbox-geschenk-zur-geburt-babyparty-und-schwangerschaft-deutsch\/#primaryimage"},"thumbnailUrl":"https:\/\/m.media-amazon.com\/images\/I\/511YW8Jk1GL._SL500_.jpg","datePublished":"2022-05-14T19:46:48+00:00","dateModified":"2023-04-11T01:40:30+00:00","description":"Markt-XXL NEU - 45 Premium Meilensteinkarten Baby f\u00fcr Junge &amp; M\u00e4dchen inkl. Geschenkbox - Geschenk zur Geburt, Babyparty und\u2026","breadcrumb":{"@id":"https:\/\/marktxxl.de\/markt\/produkt\/neu-45-premium-meilensteinkarten-baby-fuer-junge-maedchen-inkl-geschenkbox-geschenk-zur-geburt-babyparty-und-schwangerschaft-deutsch\/#breadcrumb"},"inLanguage":"de","potentialAction":[{"@type":"ReadAction","target":["https:\/\/marktxxl.de\/markt\/produkt\/neu-45-premium-meilensteinkarten-baby-fuer-junge-maedchen-inkl-geschenkbox-geschenk-zur-geburt-babyparty-und-schwangerschaft-deutsch\/"]}]},{"@type":"ImageObject","inLanguage":"de","@id":"https:\/\/marktxxl.de\/markt\/produkt\/neu-45-premium-meilensteinkarten-baby-fuer-junge-maedchen-inkl-geschenkbox-geschenk-zur-geburt-babyparty-und-schwangerschaft-deutsch\/#primaryimage","url":"https:\/\/m.media-amazon.com\/images\/I\/511YW8Jk1GL._SL500_.jpg","contentUrl":"https:\/\/m.media-amazon.com\/images\/I\/511YW8Jk1GL._SL500_.jpg","width":500,"height":500},{"@type":"BreadcrumbList","@id":"https:\/\/marktxxl.de\/markt\/produkt\/neu-45-premium-meilensteinkarten-baby-fuer-junge-maedchen-inkl-geschenkbox-geschenk-zur-geburt-babyparty-und-schwangerschaft-deutsch\/#breadcrumb","itemListElement":[{"@type":"ListItem","position":1,"name":"Startseite","item":"https:\/\/marktxxl.de\/markt\/"},{"@type":"ListItem","position":2,"name":"Markt","item":"https:\/\/marktxxl.de\/markt\/"},{"@type":"ListItem","position":3,"name":"NEU &#8211; 45 Premium Meilensteinkarten Baby f\u00fcr Junge &amp; M\u00e4dchen inkl. Geschenkbox &#8211; Geschenk zur Geburt, Babyparty und\u2026"}]},{"@type":"WebSite","@id":"https:\/\/marktxxl.de\/markt\/#website","url":"https:\/\/marktxxl.de\/markt\/","name":"Markt-XXL","description":"Ihr Markt Online","publisher":{"@id":"https:\/\/marktxxl.de\/markt\/#organization"},"potentialAction":[{"@type":"SearchAction","target":{"@type":"EntryPoint","urlTemplate":"https:\/\/marktxxl.de\/markt\/?s={search_term_string}"},"query-input":{"@type":"PropertyValueSpecification","valueRequired":true,"valueName":"search_term_string"}}],"inLanguage":"de"},{"@type":"Organization","@id":"https:\/\/marktxxl.de\/markt\/#organization","name":"Markt-XXL","url":"https:\/\/marktxxl.de\/markt\/","logo":{"@type":"ImageObject","inLanguage":"de","@id":"https:\/\/marktxxl.de\/markt\/#\/schema\/logo\/image\/","url":"https:\/\/marktxxl.de\/markt\/wp-content\/uploads\/sites\/3\/2020\/12\/logo.png","contentUrl":"https:\/\/marktxxl.de\/markt\/wp-content\/uploads\/sites\/3\/2020\/12\/logo.png","width":200,"height":70,"caption":"Markt-XXL"},"image":{"@id":"https:\/\/marktxxl.de\/markt\/#\/schema\/logo\/image\/"}}]}},"_links":{"self":[{"href":"https:\/\/marktxxl.de\/markt\/wp-json\/wp\/v2\/product\/113280","targetHints":{"allow":["GET"]}}],"collection":[{"href":"https:\/\/marktxxl.de\/markt\/wp-json\/wp\/v2\/product"}],"about":[{"href":"https:\/\/marktxxl.de\/markt\/wp-json\/wp\/v2\/types\/product"}],"replies":[{"embeddable":true,"href":"https:\/\/marktxxl.de\/markt\/wp-json\/wp\/v2\/comments?post=113280"}],"wp:featuredmedia":[{"embeddable":true,"href":"https:\/\/marktxxl.de\/markt\/wp-json\/wp\/v2\/media\/113281"}],"wp:attachment":[{"href":"https:\/\/marktxxl.de\/markt\/wp-json\/wp\/v2\/media?parent=113280"}],"wp:term":[{"taxonomy":"product_brand","embeddable":true,"href":"https:\/\/marktxxl.de\/markt\/wp-json\/wp\/v2\/product_brand?post=113280"},{"taxonomy":"product_cat","embeddable":true,"href":"https:\/\/marktxxl.de\/markt\/wp-json\/wp\/v2\/product_cat?post=113280"},{"taxonomy":"product_tag","embeddable":true,"href":"https:\/\/marktxxl.de\/markt\/wp-json\/wp\/v2\/product_tag?post=113280"}],"curies":[{"name":"wp","href":"https:\/\/api.w.org\/{rel}","templated":true}]}}