{"id":113168,"date":"2022-05-14T21:40:37","date_gmt":"2022-05-14T19:40:37","guid":{"rendered":"https:\/\/marktxxl.de\/markt\/produkt\/pippi-baby-halstuecher-3er-pack-dreieckstuecher\/"},"modified":"2023-04-11T03:40:28","modified_gmt":"2023-04-11T01:40:28","slug":"pippi-baby-halstuecher-3er-pack-dreieckstuecher","status":"publish","type":"product","link":"https:\/\/marktxxl.de\/markt\/produkt\/pippi-baby-halstuecher-3er-pack-dreieckstuecher\/","title":{"rendered":"Pippi Baby Halst\u00fccher 3er Pack Dreieckst\u00fccher"},"content":{"rendered":"<p>\ud83d\udc66 Zahnt Ihr Baby, und sabbert viel ? Dann ist das genau das Richtige Accessoire : 3er Mix Spar-Pack Baby Halst\u00fccher \/ Dreieckst\u00fccher. Dieses h\u00fcbsche Halstuch Set besteht aus 3 Pippi Babywear L\u00e4tzchen ( siehe Foto )<br \/>\n\ud83d\udc66 Hergestellt werden die praktischen Babyhalst\u00fccher aus BIO Baumwolle, die Halsweite im Nacken verstellbar durch 2 nickelfreie Druckkn\u00f6pfe ( reibt nicht wie es bei Klettverschl\u00fcssen oft der Fall ist) Ma\u00dfe: L\u00e4nge des unteren Halstuch Teils, mittig am Latz gemessen (ohne die oberen d\u00fcnnen Verschlu\u00df-Teile ) ca. 12 cm Durchmesser Halskreis ca. 8 cm Gesamtl\u00e4nge des geschlossenen Halstuchs von oben Druckkopf bis runter zur unteren Spitze ca. 24 cm.<br \/>\n\ud83d\udc66 Die praktischen L\u00e4tzchen sch\u00fctzen die Kleidung gegen durchn\u00e4ssen , gegen Zug und K\u00e4lte am Hals, und die Halst\u00fcchlein sehen auch durch den speziellen Schnitt mit Faltenlegung h\u00fcbsch aus . Ideal zum t\u00e4glichen Gebrauch, Optimal f\u00fcr zahnende Kleinkinder, Kleidungsschutz vor N\u00e4sse und Schmutz dank hoher Saugf\u00e4higkeit<br \/>\n\ud83d\udc66 Materialzusammensetzung: 65% Baumwolle, 35% Polyester &#8211; mit innenliegender Membran, damit nichts durchweicht<br \/>\n\ud83d\udc66 Die L\u00e4tzchen sind ein gern gesehenes Geschenk f\u00fcr frisch gebackene Eltern. Nicht nur wegen der sch\u00f6nen Farben und Muster, sondern auch weil die praktischen Dreieckst\u00fccher jeden Tag zum Einsatz kommen k\u00f6nnen.<br \/>\n<div class=\"main-cross-sell\" data-asin=\"B08ZJSDWVX\">\n\n\t<div class=\"WooZone-cross-sell-loader\">\n\t\t<div>\n\t\t\t<div id=\"floatingBarsG\">\n\t\t\t\t<div class=\"blockG\" id=\"rotateG_01\"><\/div>\n\t\t\t\t<div class=\"blockG\" id=\"rotateG_02\"><\/div>\n\t\t\t\t<div class=\"blockG\" id=\"rotateG_03\"><\/div>\n\t\t\t\t<div class=\"blockG\" id=\"rotateG_04\"><\/div>\n\t\t\t\t<div class=\"blockG\" id=\"rotateG_05\"><\/div>\n\t\t\t\t<div class=\"blockG\" id=\"rotateG_06\"><\/div>\n\t\t\t\t<div class=\"blockG\" id=\"rotateG_07\"><\/div>\n\t\t\t\t<div class=\"blockG\" id=\"rotateG_08\"><\/div>\n\t\t\t<\/div>\n\t\t\t<div class=\"WooZone-cross-sell-loader-text\"><\/div>\n\t\t<\/div>\n\t<\/div>\n\n\t\t\n<\/div>\n<div style=\"clear:both;\"><\/div><\/p>\n","protected":false},"excerpt":{"rendered":"<p>\ud83d\udc66 Zahnt Ihr Baby, und sabbert viel ? Dann ist das genau das Richtige Accessoire : 3er Mix Spar-Pack Baby Halst\u00fccher \/ Dreieckst\u00fccher. Dieses h\u00fcbsche Halstuch Set besteht aus 3 Pippi Babywear L\u00e4tzchen ( siehe Foto )<br \/>\n\ud83d\udc66 Hergestellt werden die praktischen Babyhalst\u00fccher aus BIO Baumwolle, die Halsweite im Nacken verstellbar durch 2 nickelfreie Druckkn\u00f6pfe ( reibt nicht wie es bei Klettverschl\u00fcssen oft der Fall ist) Ma\u00dfe: L\u00e4nge des unteren Halstuch Teils, mittig am Latz gemessen (ohne die oberen d\u00fcnnen Verschlu\u00df-Teile ) ca. 12 cm Durchmesser Halskreis ca. 8 cm Gesamtl\u00e4nge des geschlossenen Halstuchs von oben Druckkopf bis runter zur unteren Spitze ca. 24 cm.<br \/>\n\ud83d\udc66 Die praktischen L\u00e4tzchen sch\u00fctzen die Kleidung gegen durchn\u00e4ssen , gegen Zug und K\u00e4lte am Hals, und die Halst\u00fcchlein sehen auch durch den speziellen Schnitt mit Faltenlegung h\u00fcbsch aus . Ideal zum t\u00e4glichen Gebrauch, Optimal f\u00fcr zahnende Kleinkinder, Kleidungsschutz vor N\u00e4sse und Schmutz dank hoher Saugf\u00e4higkeit<\/p>\n","protected":false},"featured_media":113169,"comment_status":"open","ping_status":"closed","template":"","meta":[],"product_brand":[],"product_cat":[21,8913],"product_tag":[],"class_list":{"0":"post-113168","1":"product","2":"type-product","3":"status-publish","4":"has-post-thumbnail","6":"product_cat-baby","7":"product_cat-babybekleidung-baby","8":"pa_brand-pippi","9":"pa_size-einheitsgroesse","11":"first","12":"instock","13":"shipping-taxable","14":"purchasable","15":"product-type-simple","16":"customify-col","17":"product-has-gallery"},"yoast_head":"<!-- This site is optimized with the Yoast SEO plugin v27.4 - https:\/\/yoast.com\/product\/yoast-seo-wordpress\/ -->\n<title>Pippi Baby Halst\u00fccher 3er Pack Dreieckst\u00fccher - Markt-XXL<\/title>\n<meta name=\"description\" content=\"Markt-XXL Pippi Baby Halst\u00fccher 3er Pack Dreieckst\u00fccher\" \/>\n<meta name=\"robots\" content=\"index, follow, max-snippet:-1, max-image-preview:large, max-video-preview:-1\" \/>\n<link rel=\"canonical\" href=\"https:\/\/marktxxl.de\/markt\/produkt\/pippi-baby-halstuecher-3er-pack-dreieckstuecher\/\" \/>\n<meta property=\"og:locale\" content=\"de_DE\" \/>\n<meta property=\"og:type\" content=\"article\" \/>\n<meta property=\"og:title\" content=\"Pippi Baby Halst\u00fccher 3er Pack Dreieckst\u00fccher - Markt-XXL\" \/>\n<meta property=\"og:description\" content=\"Markt-XXL Pippi Baby Halst\u00fccher 3er Pack Dreieckst\u00fccher\" \/>\n<meta property=\"og:url\" content=\"https:\/\/marktxxl.de\/markt\/produkt\/pippi-baby-halstuecher-3er-pack-dreieckstuecher\/\" \/>\n<meta property=\"og:site_name\" content=\"Markt-XXL\" \/>\n<meta property=\"article:modified_time\" content=\"2023-04-11T01:40:28+00:00\" \/>\n<meta property=\"og:image\" content=\"https:\/\/m.media-amazon.com\/images\/I\/416ZOf2WAEL._SL500_.jpg\" \/>\n\t<meta property=\"og:image:width\" content=\"500\" \/>\n\t<meta property=\"og:image:height\" content=\"230\" \/>\n\t<meta property=\"og:image:type\" content=\"image\/jpeg\" \/>\n<meta name=\"twitter:card\" content=\"summary_large_image\" \/>\n<meta name=\"twitter:label1\" content=\"Gesch\u00e4tzte Lesezeit\" \/>\n\t<meta name=\"twitter:data1\" content=\"1\u00a0Minute\" \/>\n<script type=\"application\/ld+json\" class=\"yoast-schema-graph\">{\"@context\":\"https:\\\/\\\/schema.org\",\"@graph\":[{\"@type\":\"WebPage\",\"@id\":\"https:\\\/\\\/marktxxl.de\\\/markt\\\/produkt\\\/pippi-baby-halstuecher-3er-pack-dreieckstuecher\\\/\",\"url\":\"https:\\\/\\\/marktxxl.de\\\/markt\\\/produkt\\\/pippi-baby-halstuecher-3er-pack-dreieckstuecher\\\/\",\"name\":\"Pippi Baby Halst\u00fccher 3er Pack Dreieckst\u00fccher - Markt-XXL\",\"isPartOf\":{\"@id\":\"https:\\\/\\\/marktxxl.de\\\/markt\\\/#website\"},\"primaryImageOfPage\":{\"@id\":\"https:\\\/\\\/marktxxl.de\\\/markt\\\/produkt\\\/pippi-baby-halstuecher-3er-pack-dreieckstuecher\\\/#primaryimage\"},\"image\":{\"@id\":\"https:\\\/\\\/marktxxl.de\\\/markt\\\/produkt\\\/pippi-baby-halstuecher-3er-pack-dreieckstuecher\\\/#primaryimage\"},\"thumbnailUrl\":\"https:\\\/\\\/m.media-amazon.com\\\/images\\\/I\\\/416ZOf2WAEL._SL500_.jpg\",\"datePublished\":\"2022-05-14T19:40:37+00:00\",\"dateModified\":\"2023-04-11T01:40:28+00:00\",\"description\":\"Markt-XXL Pippi Baby Halst\u00fccher 3er Pack Dreieckst\u00fccher\",\"breadcrumb\":{\"@id\":\"https:\\\/\\\/marktxxl.de\\\/markt\\\/produkt\\\/pippi-baby-halstuecher-3er-pack-dreieckstuecher\\\/#breadcrumb\"},\"inLanguage\":\"de\",\"potentialAction\":[{\"@type\":\"ReadAction\",\"target\":[\"https:\\\/\\\/marktxxl.de\\\/markt\\\/produkt\\\/pippi-baby-halstuecher-3er-pack-dreieckstuecher\\\/\"]}]},{\"@type\":\"ImageObject\",\"inLanguage\":\"de\",\"@id\":\"https:\\\/\\\/marktxxl.de\\\/markt\\\/produkt\\\/pippi-baby-halstuecher-3er-pack-dreieckstuecher\\\/#primaryimage\",\"url\":\"https:\\\/\\\/m.media-amazon.com\\\/images\\\/I\\\/416ZOf2WAEL._SL500_.jpg\",\"contentUrl\":\"https:\\\/\\\/m.media-amazon.com\\\/images\\\/I\\\/416ZOf2WAEL._SL500_.jpg\",\"width\":500,\"height\":230},{\"@type\":\"BreadcrumbList\",\"@id\":\"https:\\\/\\\/marktxxl.de\\\/markt\\\/produkt\\\/pippi-baby-halstuecher-3er-pack-dreieckstuecher\\\/#breadcrumb\",\"itemListElement\":[{\"@type\":\"ListItem\",\"position\":1,\"name\":\"Startseite\",\"item\":\"https:\\\/\\\/marktxxl.de\\\/markt\\\/\"},{\"@type\":\"ListItem\",\"position\":2,\"name\":\"Markt\",\"item\":\"https:\\\/\\\/marktxxl.de\\\/markt\\\/\"},{\"@type\":\"ListItem\",\"position\":3,\"name\":\"Pippi Baby Halst\u00fccher 3er Pack Dreieckst\u00fccher\"}]},{\"@type\":\"WebSite\",\"@id\":\"https:\\\/\\\/marktxxl.de\\\/markt\\\/#website\",\"url\":\"https:\\\/\\\/marktxxl.de\\\/markt\\\/\",\"name\":\"Markt-XXL\",\"description\":\"Ihr Markt Online\",\"publisher\":{\"@id\":\"https:\\\/\\\/marktxxl.de\\\/markt\\\/#organization\"},\"potentialAction\":[{\"@type\":\"SearchAction\",\"target\":{\"@type\":\"EntryPoint\",\"urlTemplate\":\"https:\\\/\\\/marktxxl.de\\\/markt\\\/?s={search_term_string}\"},\"query-input\":{\"@type\":\"PropertyValueSpecification\",\"valueRequired\":true,\"valueName\":\"search_term_string\"}}],\"inLanguage\":\"de\"},{\"@type\":\"Organization\",\"@id\":\"https:\\\/\\\/marktxxl.de\\\/markt\\\/#organization\",\"name\":\"Markt-XXL\",\"url\":\"https:\\\/\\\/marktxxl.de\\\/markt\\\/\",\"logo\":{\"@type\":\"ImageObject\",\"inLanguage\":\"de\",\"@id\":\"https:\\\/\\\/marktxxl.de\\\/markt\\\/#\\\/schema\\\/logo\\\/image\\\/\",\"url\":\"https:\\\/\\\/marktxxl.de\\\/markt\\\/wp-content\\\/uploads\\\/sites\\\/3\\\/2020\\\/12\\\/logo.png\",\"contentUrl\":\"https:\\\/\\\/marktxxl.de\\\/markt\\\/wp-content\\\/uploads\\\/sites\\\/3\\\/2020\\\/12\\\/logo.png\",\"width\":200,\"height\":70,\"caption\":\"Markt-XXL\"},\"image\":{\"@id\":\"https:\\\/\\\/marktxxl.de\\\/markt\\\/#\\\/schema\\\/logo\\\/image\\\/\"}}]}<\/script>\n<!-- \/ Yoast SEO plugin. -->","yoast_head_json":{"title":"Pippi Baby Halst\u00fccher 3er Pack Dreieckst\u00fccher - Markt-XXL","description":"Markt-XXL Pippi Baby Halst\u00fccher 3er Pack Dreieckst\u00fccher","robots":{"index":"index","follow":"follow","max-snippet":"max-snippet:-1","max-image-preview":"max-image-preview:large","max-video-preview":"max-video-preview:-1"},"canonical":"https:\/\/marktxxl.de\/markt\/produkt\/pippi-baby-halstuecher-3er-pack-dreieckstuecher\/","og_locale":"de_DE","og_type":"article","og_title":"Pippi Baby Halst\u00fccher 3er Pack Dreieckst\u00fccher - Markt-XXL","og_description":"Markt-XXL Pippi Baby Halst\u00fccher 3er Pack Dreieckst\u00fccher","og_url":"https:\/\/marktxxl.de\/markt\/produkt\/pippi-baby-halstuecher-3er-pack-dreieckstuecher\/","og_site_name":"Markt-XXL","article_modified_time":"2023-04-11T01:40:28+00:00","og_image":[{"width":500,"height":230,"url":"https:\/\/m.media-amazon.com\/images\/I\/416ZOf2WAEL._SL500_.jpg","type":"image\/jpeg"}],"twitter_card":"summary_large_image","twitter_misc":{"Gesch\u00e4tzte Lesezeit":"1\u00a0Minute"},"schema":{"@context":"https:\/\/schema.org","@graph":[{"@type":"WebPage","@id":"https:\/\/marktxxl.de\/markt\/produkt\/pippi-baby-halstuecher-3er-pack-dreieckstuecher\/","url":"https:\/\/marktxxl.de\/markt\/produkt\/pippi-baby-halstuecher-3er-pack-dreieckstuecher\/","name":"Pippi Baby Halst\u00fccher 3er Pack Dreieckst\u00fccher - Markt-XXL","isPartOf":{"@id":"https:\/\/marktxxl.de\/markt\/#website"},"primaryImageOfPage":{"@id":"https:\/\/marktxxl.de\/markt\/produkt\/pippi-baby-halstuecher-3er-pack-dreieckstuecher\/#primaryimage"},"image":{"@id":"https:\/\/marktxxl.de\/markt\/produkt\/pippi-baby-halstuecher-3er-pack-dreieckstuecher\/#primaryimage"},"thumbnailUrl":"https:\/\/m.media-amazon.com\/images\/I\/416ZOf2WAEL._SL500_.jpg","datePublished":"2022-05-14T19:40:37+00:00","dateModified":"2023-04-11T01:40:28+00:00","description":"Markt-XXL Pippi Baby Halst\u00fccher 3er Pack Dreieckst\u00fccher","breadcrumb":{"@id":"https:\/\/marktxxl.de\/markt\/produkt\/pippi-baby-halstuecher-3er-pack-dreieckstuecher\/#breadcrumb"},"inLanguage":"de","potentialAction":[{"@type":"ReadAction","target":["https:\/\/marktxxl.de\/markt\/produkt\/pippi-baby-halstuecher-3er-pack-dreieckstuecher\/"]}]},{"@type":"ImageObject","inLanguage":"de","@id":"https:\/\/marktxxl.de\/markt\/produkt\/pippi-baby-halstuecher-3er-pack-dreieckstuecher\/#primaryimage","url":"https:\/\/m.media-amazon.com\/images\/I\/416ZOf2WAEL._SL500_.jpg","contentUrl":"https:\/\/m.media-amazon.com\/images\/I\/416ZOf2WAEL._SL500_.jpg","width":500,"height":230},{"@type":"BreadcrumbList","@id":"https:\/\/marktxxl.de\/markt\/produkt\/pippi-baby-halstuecher-3er-pack-dreieckstuecher\/#breadcrumb","itemListElement":[{"@type":"ListItem","position":1,"name":"Startseite","item":"https:\/\/marktxxl.de\/markt\/"},{"@type":"ListItem","position":2,"name":"Markt","item":"https:\/\/marktxxl.de\/markt\/"},{"@type":"ListItem","position":3,"name":"Pippi Baby Halst\u00fccher 3er Pack Dreieckst\u00fccher"}]},{"@type":"WebSite","@id":"https:\/\/marktxxl.de\/markt\/#website","url":"https:\/\/marktxxl.de\/markt\/","name":"Markt-XXL","description":"Ihr Markt Online","publisher":{"@id":"https:\/\/marktxxl.de\/markt\/#organization"},"potentialAction":[{"@type":"SearchAction","target":{"@type":"EntryPoint","urlTemplate":"https:\/\/marktxxl.de\/markt\/?s={search_term_string}"},"query-input":{"@type":"PropertyValueSpecification","valueRequired":true,"valueName":"search_term_string"}}],"inLanguage":"de"},{"@type":"Organization","@id":"https:\/\/marktxxl.de\/markt\/#organization","name":"Markt-XXL","url":"https:\/\/marktxxl.de\/markt\/","logo":{"@type":"ImageObject","inLanguage":"de","@id":"https:\/\/marktxxl.de\/markt\/#\/schema\/logo\/image\/","url":"https:\/\/marktxxl.de\/markt\/wp-content\/uploads\/sites\/3\/2020\/12\/logo.png","contentUrl":"https:\/\/marktxxl.de\/markt\/wp-content\/uploads\/sites\/3\/2020\/12\/logo.png","width":200,"height":70,"caption":"Markt-XXL"},"image":{"@id":"https:\/\/marktxxl.de\/markt\/#\/schema\/logo\/image\/"}}]}},"_links":{"self":[{"href":"https:\/\/marktxxl.de\/markt\/wp-json\/wp\/v2\/product\/113168","targetHints":{"allow":["GET"]}}],"collection":[{"href":"https:\/\/marktxxl.de\/markt\/wp-json\/wp\/v2\/product"}],"about":[{"href":"https:\/\/marktxxl.de\/markt\/wp-json\/wp\/v2\/types\/product"}],"replies":[{"embeddable":true,"href":"https:\/\/marktxxl.de\/markt\/wp-json\/wp\/v2\/comments?post=113168"}],"wp:featuredmedia":[{"embeddable":true,"href":"https:\/\/marktxxl.de\/markt\/wp-json\/wp\/v2\/media\/113169"}],"wp:attachment":[{"href":"https:\/\/marktxxl.de\/markt\/wp-json\/wp\/v2\/media?parent=113168"}],"wp:term":[{"taxonomy":"product_brand","embeddable":true,"href":"https:\/\/marktxxl.de\/markt\/wp-json\/wp\/v2\/product_brand?post=113168"},{"taxonomy":"product_cat","embeddable":true,"href":"https:\/\/marktxxl.de\/markt\/wp-json\/wp\/v2\/product_cat?post=113168"},{"taxonomy":"product_tag","embeddable":true,"href":"https:\/\/marktxxl.de\/markt\/wp-json\/wp\/v2\/product_tag?post=113168"}],"curies":[{"name":"wp","href":"https:\/\/api.w.org\/{rel}","templated":true}]}}