{"id":113039,"date":"2022-05-14T21:34:19","date_gmt":"2022-05-14T19:34:19","guid":{"rendered":"https:\/\/marktxxl.de\/markt\/produkt\/nicetown-rauminspirierter-sternenhimmel-twinkle-star-kinderzimmer-vorhang-kreative-kinderzimmer-verdunkelungsvorhaenge-fuer-schlafzimmer\/"},"modified":"2023-04-11T03:40:26","modified_gmt":"2023-04-11T01:40:26","slug":"nicetown-rauminspirierter-sternenhimmel-twinkle-star-kinderzimmer-vorhang-kreative-kinderzimmer-verdunkelungsvorhaenge-fuer-schlafzimmer","status":"publish","type":"product","link":"https:\/\/marktxxl.de\/markt\/produkt\/nicetown-rauminspirierter-sternenhimmel-twinkle-star-kinderzimmer-vorhang-kreative-kinderzimmer-verdunkelungsvorhaenge-fuer-schlafzimmer\/","title":{"rendered":"Nicetown Vorhang f\u00fcr Kinderzimmer, inspiriert von Weltraum, Sternmotiv, Verdunkelungsvorh\u00e4nge f\u00fcr Schlafzimmer, Textil\u2026"},"content":{"rendered":"<p>Fertig gemacht: Paket enth\u00e4lt 1 klassische lasergeschnittene Sternen-Platte mit 8 \u00d6sen (4,1 cm Innendurchmesser), 132,1 cm breit, erh\u00e4ltlich in 160 cm, 213,4 cm, 22,9 cm L\u00e4nge<br \/>\nGute Leistung: Vorh\u00e4nge behindern die meisten Licht- und UV-Strahlen (dunkle Vorh\u00e4nge funktionieren gut), au\u00dfer der Teil des Sterns.<br \/>\nSch\u00f6ne Dekoration: Diese einzigartigen Designs von gestanzten Sternen schm\u00fccken Ihre Fenster mit einem unverwechselbaren Stil, stellen Sie sich das fantastische Gef\u00fchl vor, dass die Sterne auf Ihr Bett, Boden fallen<br \/>\nEnergy Smart: Der dreifach gewebte Verdunkelungsstoff gleicht die Raumtemperatur aus, indem er gegen Sommerhitze und Winterk\u00e4lte isoliert und Ihre Privatsph\u00e4re sch\u00fctzt.<br \/>\n\u3010Einfach zu pflegen\u3011 NICETOWN Verdunkelungsvorh\u00e4nge sind f\u00fcr die Ewigkeit gemacht. Maschinenwaschbar in kaltem Wasser, trocknergeeignet. Schnelles B\u00fcgeln oder Dampf reinigen, wenn n\u00f6tig. Besuchen Sie den niceTown Store und finden Sie die Lieblingsvorh\u00e4nge.<br \/>\n<div class=\"main-cross-sell\" data-asin=\"B071ZLQ7XC\">\n\n\t<div class=\"WooZone-cross-sell-loader\">\n\t\t<div>\n\t\t\t<div id=\"floatingBarsG\">\n\t\t\t\t<div class=\"blockG\" id=\"rotateG_01\"><\/div>\n\t\t\t\t<div class=\"blockG\" id=\"rotateG_02\"><\/div>\n\t\t\t\t<div class=\"blockG\" id=\"rotateG_03\"><\/div>\n\t\t\t\t<div class=\"blockG\" id=\"rotateG_04\"><\/div>\n\t\t\t\t<div class=\"blockG\" id=\"rotateG_05\"><\/div>\n\t\t\t\t<div class=\"blockG\" id=\"rotateG_06\"><\/div>\n\t\t\t\t<div class=\"blockG\" id=\"rotateG_07\"><\/div>\n\t\t\t\t<div class=\"blockG\" id=\"rotateG_08\"><\/div>\n\t\t\t<\/div>\n\t\t\t<div class=\"WooZone-cross-sell-loader-text\"><\/div>\n\t\t<\/div>\n\t<\/div>\n\n\t\t\n<\/div>\n<div style=\"clear:both;\"><\/div><\/p>\n","protected":false},"excerpt":{"rendered":"<p>Fertig gemacht: Paket enth\u00e4lt 1 klassische lasergeschnittene Sternen-Platte mit 8 \u00d6sen (4,1 cm Innendurchmesser), 132,1 cm breit, erh\u00e4ltlich in 160 cm, 213,4 cm, 22,9 cm L\u00e4nge<br \/>\nGute Leistung: Vorh\u00e4nge behindern die meisten Licht- und UV-Strahlen (dunkle Vorh\u00e4nge funktionieren gut), au\u00dfer der Teil des Sterns.<br \/>\nSch\u00f6ne Dekoration: Diese einzigartigen Designs von gestanzten Sternen schm\u00fccken Ihre Fenster mit einem unverwechselbaren Stil, stellen Sie sich das fantastische Gef\u00fchl vor, dass die Sterne auf Ihr Bett, Boden fallen<\/p>\n","protected":false},"featured_media":113040,"comment_status":"open","ping_status":"closed","template":"","meta":[],"product_brand":[],"product_cat":[21,8825],"product_tag":[],"class_list":{"0":"post-113039","1":"product","2":"type-product","3":"status-publish","4":"has-post-thumbnail","6":"product_cat-baby","7":"product_cat-baby-kleinkinderzimmer-baby","8":"pa_binding-haushaltswaren","9":"pa_brand-nicetown","10":"pa_manufacturer-nicetown","11":"pa_model-nicetown_blackout","13":"first","14":"instock","15":"shipping-taxable","16":"purchasable","17":"product-type-simple","18":"customify-col","19":"product-has-gallery"},"yoast_head":"<!-- This site is optimized with the Yoast SEO plugin v27.4 - https:\/\/yoast.com\/product\/yoast-seo-wordpress\/ -->\n<title>Nicetown Vorhang f\u00fcr Kinderzimmer, inspiriert von Weltraum, Sternmotiv, Verdunkelungsvorh\u00e4nge f\u00fcr Schlafzimmer, Textil\u2026 - Markt-XXL<\/title>\n<meta name=\"description\" content=\"Markt-XXL Nicetown Vorhang f\u00fcr Kinderzimmer, inspiriert von Weltraum, Sternmotiv, Verdunkelungsvorh\u00e4nge f\u00fcr Schlafzimmer, Textil\u2026\" \/>\n<meta name=\"robots\" content=\"index, follow, max-snippet:-1, max-image-preview:large, max-video-preview:-1\" \/>\n<link rel=\"canonical\" href=\"https:\/\/marktxxl.de\/markt\/produkt\/nicetown-rauminspirierter-sternenhimmel-twinkle-star-kinderzimmer-vorhang-kreative-kinderzimmer-verdunkelungsvorhaenge-fuer-schlafzimmer\/\" \/>\n<meta property=\"og:locale\" content=\"de_DE\" \/>\n<meta property=\"og:type\" content=\"article\" \/>\n<meta property=\"og:title\" content=\"Nicetown Vorhang f\u00fcr Kinderzimmer, inspiriert von Weltraum, Sternmotiv, Verdunkelungsvorh\u00e4nge f\u00fcr Schlafzimmer, Textil\u2026 - Markt-XXL\" \/>\n<meta property=\"og:description\" content=\"Markt-XXL Nicetown Vorhang f\u00fcr Kinderzimmer, inspiriert von Weltraum, Sternmotiv, Verdunkelungsvorh\u00e4nge f\u00fcr Schlafzimmer, Textil\u2026\" \/>\n<meta property=\"og:url\" content=\"https:\/\/marktxxl.de\/markt\/produkt\/nicetown-rauminspirierter-sternenhimmel-twinkle-star-kinderzimmer-vorhang-kreative-kinderzimmer-verdunkelungsvorhaenge-fuer-schlafzimmer\/\" \/>\n<meta property=\"og:site_name\" content=\"Markt-XXL\" \/>\n<meta property=\"article:modified_time\" content=\"2023-04-11T01:40:26+00:00\" \/>\n<meta property=\"og:image\" content=\"https:\/\/m.media-amazon.com\/images\/I\/41fUNawdbLL._SL500_.jpg\" \/>\n\t<meta property=\"og:image:width\" content=\"500\" \/>\n\t<meta property=\"og:image:height\" content=\"500\" \/>\n\t<meta property=\"og:image:type\" content=\"image\/jpeg\" \/>\n<meta name=\"twitter:card\" content=\"summary_large_image\" \/>\n<meta name=\"twitter:label1\" content=\"Gesch\u00e4tzte Lesezeit\" \/>\n\t<meta name=\"twitter:data1\" content=\"1\u00a0Minute\" \/>\n<script type=\"application\/ld+json\" class=\"yoast-schema-graph\">{\"@context\":\"https:\\\/\\\/schema.org\",\"@graph\":[{\"@type\":\"WebPage\",\"@id\":\"https:\\\/\\\/marktxxl.de\\\/markt\\\/produkt\\\/nicetown-rauminspirierter-sternenhimmel-twinkle-star-kinderzimmer-vorhang-kreative-kinderzimmer-verdunkelungsvorhaenge-fuer-schlafzimmer\\\/\",\"url\":\"https:\\\/\\\/marktxxl.de\\\/markt\\\/produkt\\\/nicetown-rauminspirierter-sternenhimmel-twinkle-star-kinderzimmer-vorhang-kreative-kinderzimmer-verdunkelungsvorhaenge-fuer-schlafzimmer\\\/\",\"name\":\"Nicetown Vorhang f\u00fcr Kinderzimmer, inspiriert von Weltraum, Sternmotiv, Verdunkelungsvorh\u00e4nge f\u00fcr Schlafzimmer, Textil\u2026 - Markt-XXL\",\"isPartOf\":{\"@id\":\"https:\\\/\\\/marktxxl.de\\\/markt\\\/#website\"},\"primaryImageOfPage\":{\"@id\":\"https:\\\/\\\/marktxxl.de\\\/markt\\\/produkt\\\/nicetown-rauminspirierter-sternenhimmel-twinkle-star-kinderzimmer-vorhang-kreative-kinderzimmer-verdunkelungsvorhaenge-fuer-schlafzimmer\\\/#primaryimage\"},\"image\":{\"@id\":\"https:\\\/\\\/marktxxl.de\\\/markt\\\/produkt\\\/nicetown-rauminspirierter-sternenhimmel-twinkle-star-kinderzimmer-vorhang-kreative-kinderzimmer-verdunkelungsvorhaenge-fuer-schlafzimmer\\\/#primaryimage\"},\"thumbnailUrl\":\"https:\\\/\\\/m.media-amazon.com\\\/images\\\/I\\\/41fUNawdbLL._SL500_.jpg\",\"datePublished\":\"2022-05-14T19:34:19+00:00\",\"dateModified\":\"2023-04-11T01:40:26+00:00\",\"description\":\"Markt-XXL Nicetown Vorhang f\u00fcr Kinderzimmer, inspiriert von Weltraum, Sternmotiv, Verdunkelungsvorh\u00e4nge f\u00fcr Schlafzimmer, Textil\u2026\",\"breadcrumb\":{\"@id\":\"https:\\\/\\\/marktxxl.de\\\/markt\\\/produkt\\\/nicetown-rauminspirierter-sternenhimmel-twinkle-star-kinderzimmer-vorhang-kreative-kinderzimmer-verdunkelungsvorhaenge-fuer-schlafzimmer\\\/#breadcrumb\"},\"inLanguage\":\"de\",\"potentialAction\":[{\"@type\":\"ReadAction\",\"target\":[\"https:\\\/\\\/marktxxl.de\\\/markt\\\/produkt\\\/nicetown-rauminspirierter-sternenhimmel-twinkle-star-kinderzimmer-vorhang-kreative-kinderzimmer-verdunkelungsvorhaenge-fuer-schlafzimmer\\\/\"]}]},{\"@type\":\"ImageObject\",\"inLanguage\":\"de\",\"@id\":\"https:\\\/\\\/marktxxl.de\\\/markt\\\/produkt\\\/nicetown-rauminspirierter-sternenhimmel-twinkle-star-kinderzimmer-vorhang-kreative-kinderzimmer-verdunkelungsvorhaenge-fuer-schlafzimmer\\\/#primaryimage\",\"url\":\"https:\\\/\\\/m.media-amazon.com\\\/images\\\/I\\\/41fUNawdbLL._SL500_.jpg\",\"contentUrl\":\"https:\\\/\\\/m.media-amazon.com\\\/images\\\/I\\\/41fUNawdbLL._SL500_.jpg\",\"width\":500,\"height\":500},{\"@type\":\"BreadcrumbList\",\"@id\":\"https:\\\/\\\/marktxxl.de\\\/markt\\\/produkt\\\/nicetown-rauminspirierter-sternenhimmel-twinkle-star-kinderzimmer-vorhang-kreative-kinderzimmer-verdunkelungsvorhaenge-fuer-schlafzimmer\\\/#breadcrumb\",\"itemListElement\":[{\"@type\":\"ListItem\",\"position\":1,\"name\":\"Startseite\",\"item\":\"https:\\\/\\\/marktxxl.de\\\/markt\\\/\"},{\"@type\":\"ListItem\",\"position\":2,\"name\":\"Markt\",\"item\":\"https:\\\/\\\/marktxxl.de\\\/markt\\\/\"},{\"@type\":\"ListItem\",\"position\":3,\"name\":\"Nicetown Vorhang f\u00fcr Kinderzimmer, inspiriert von Weltraum, Sternmotiv, Verdunkelungsvorh\u00e4nge f\u00fcr Schlafzimmer, Textil\u2026\"}]},{\"@type\":\"WebSite\",\"@id\":\"https:\\\/\\\/marktxxl.de\\\/markt\\\/#website\",\"url\":\"https:\\\/\\\/marktxxl.de\\\/markt\\\/\",\"name\":\"Markt-XXL\",\"description\":\"Ihr Markt Online\",\"publisher\":{\"@id\":\"https:\\\/\\\/marktxxl.de\\\/markt\\\/#organization\"},\"potentialAction\":[{\"@type\":\"SearchAction\",\"target\":{\"@type\":\"EntryPoint\",\"urlTemplate\":\"https:\\\/\\\/marktxxl.de\\\/markt\\\/?s={search_term_string}\"},\"query-input\":{\"@type\":\"PropertyValueSpecification\",\"valueRequired\":true,\"valueName\":\"search_term_string\"}}],\"inLanguage\":\"de\"},{\"@type\":\"Organization\",\"@id\":\"https:\\\/\\\/marktxxl.de\\\/markt\\\/#organization\",\"name\":\"Markt-XXL\",\"url\":\"https:\\\/\\\/marktxxl.de\\\/markt\\\/\",\"logo\":{\"@type\":\"ImageObject\",\"inLanguage\":\"de\",\"@id\":\"https:\\\/\\\/marktxxl.de\\\/markt\\\/#\\\/schema\\\/logo\\\/image\\\/\",\"url\":\"https:\\\/\\\/marktxxl.de\\\/markt\\\/wp-content\\\/uploads\\\/sites\\\/3\\\/2020\\\/12\\\/logo.png\",\"contentUrl\":\"https:\\\/\\\/marktxxl.de\\\/markt\\\/wp-content\\\/uploads\\\/sites\\\/3\\\/2020\\\/12\\\/logo.png\",\"width\":200,\"height\":70,\"caption\":\"Markt-XXL\"},\"image\":{\"@id\":\"https:\\\/\\\/marktxxl.de\\\/markt\\\/#\\\/schema\\\/logo\\\/image\\\/\"}}]}<\/script>\n<!-- \/ Yoast SEO plugin. -->","yoast_head_json":{"title":"Nicetown Vorhang f\u00fcr Kinderzimmer, inspiriert von Weltraum, Sternmotiv, Verdunkelungsvorh\u00e4nge f\u00fcr Schlafzimmer, Textil\u2026 - Markt-XXL","description":"Markt-XXL Nicetown Vorhang f\u00fcr Kinderzimmer, inspiriert von Weltraum, Sternmotiv, Verdunkelungsvorh\u00e4nge f\u00fcr Schlafzimmer, Textil\u2026","robots":{"index":"index","follow":"follow","max-snippet":"max-snippet:-1","max-image-preview":"max-image-preview:large","max-video-preview":"max-video-preview:-1"},"canonical":"https:\/\/marktxxl.de\/markt\/produkt\/nicetown-rauminspirierter-sternenhimmel-twinkle-star-kinderzimmer-vorhang-kreative-kinderzimmer-verdunkelungsvorhaenge-fuer-schlafzimmer\/","og_locale":"de_DE","og_type":"article","og_title":"Nicetown Vorhang f\u00fcr Kinderzimmer, inspiriert von Weltraum, Sternmotiv, Verdunkelungsvorh\u00e4nge f\u00fcr Schlafzimmer, Textil\u2026 - Markt-XXL","og_description":"Markt-XXL Nicetown Vorhang f\u00fcr Kinderzimmer, inspiriert von Weltraum, Sternmotiv, Verdunkelungsvorh\u00e4nge f\u00fcr Schlafzimmer, Textil\u2026","og_url":"https:\/\/marktxxl.de\/markt\/produkt\/nicetown-rauminspirierter-sternenhimmel-twinkle-star-kinderzimmer-vorhang-kreative-kinderzimmer-verdunkelungsvorhaenge-fuer-schlafzimmer\/","og_site_name":"Markt-XXL","article_modified_time":"2023-04-11T01:40:26+00:00","og_image":[{"width":500,"height":500,"url":"https:\/\/m.media-amazon.com\/images\/I\/41fUNawdbLL._SL500_.jpg","type":"image\/jpeg"}],"twitter_card":"summary_large_image","twitter_misc":{"Gesch\u00e4tzte Lesezeit":"1\u00a0Minute"},"schema":{"@context":"https:\/\/schema.org","@graph":[{"@type":"WebPage","@id":"https:\/\/marktxxl.de\/markt\/produkt\/nicetown-rauminspirierter-sternenhimmel-twinkle-star-kinderzimmer-vorhang-kreative-kinderzimmer-verdunkelungsvorhaenge-fuer-schlafzimmer\/","url":"https:\/\/marktxxl.de\/markt\/produkt\/nicetown-rauminspirierter-sternenhimmel-twinkle-star-kinderzimmer-vorhang-kreative-kinderzimmer-verdunkelungsvorhaenge-fuer-schlafzimmer\/","name":"Nicetown Vorhang f\u00fcr Kinderzimmer, inspiriert von Weltraum, Sternmotiv, Verdunkelungsvorh\u00e4nge f\u00fcr Schlafzimmer, Textil\u2026 - Markt-XXL","isPartOf":{"@id":"https:\/\/marktxxl.de\/markt\/#website"},"primaryImageOfPage":{"@id":"https:\/\/marktxxl.de\/markt\/produkt\/nicetown-rauminspirierter-sternenhimmel-twinkle-star-kinderzimmer-vorhang-kreative-kinderzimmer-verdunkelungsvorhaenge-fuer-schlafzimmer\/#primaryimage"},"image":{"@id":"https:\/\/marktxxl.de\/markt\/produkt\/nicetown-rauminspirierter-sternenhimmel-twinkle-star-kinderzimmer-vorhang-kreative-kinderzimmer-verdunkelungsvorhaenge-fuer-schlafzimmer\/#primaryimage"},"thumbnailUrl":"https:\/\/m.media-amazon.com\/images\/I\/41fUNawdbLL._SL500_.jpg","datePublished":"2022-05-14T19:34:19+00:00","dateModified":"2023-04-11T01:40:26+00:00","description":"Markt-XXL Nicetown Vorhang f\u00fcr Kinderzimmer, inspiriert von Weltraum, Sternmotiv, Verdunkelungsvorh\u00e4nge f\u00fcr Schlafzimmer, Textil\u2026","breadcrumb":{"@id":"https:\/\/marktxxl.de\/markt\/produkt\/nicetown-rauminspirierter-sternenhimmel-twinkle-star-kinderzimmer-vorhang-kreative-kinderzimmer-verdunkelungsvorhaenge-fuer-schlafzimmer\/#breadcrumb"},"inLanguage":"de","potentialAction":[{"@type":"ReadAction","target":["https:\/\/marktxxl.de\/markt\/produkt\/nicetown-rauminspirierter-sternenhimmel-twinkle-star-kinderzimmer-vorhang-kreative-kinderzimmer-verdunkelungsvorhaenge-fuer-schlafzimmer\/"]}]},{"@type":"ImageObject","inLanguage":"de","@id":"https:\/\/marktxxl.de\/markt\/produkt\/nicetown-rauminspirierter-sternenhimmel-twinkle-star-kinderzimmer-vorhang-kreative-kinderzimmer-verdunkelungsvorhaenge-fuer-schlafzimmer\/#primaryimage","url":"https:\/\/m.media-amazon.com\/images\/I\/41fUNawdbLL._SL500_.jpg","contentUrl":"https:\/\/m.media-amazon.com\/images\/I\/41fUNawdbLL._SL500_.jpg","width":500,"height":500},{"@type":"BreadcrumbList","@id":"https:\/\/marktxxl.de\/markt\/produkt\/nicetown-rauminspirierter-sternenhimmel-twinkle-star-kinderzimmer-vorhang-kreative-kinderzimmer-verdunkelungsvorhaenge-fuer-schlafzimmer\/#breadcrumb","itemListElement":[{"@type":"ListItem","position":1,"name":"Startseite","item":"https:\/\/marktxxl.de\/markt\/"},{"@type":"ListItem","position":2,"name":"Markt","item":"https:\/\/marktxxl.de\/markt\/"},{"@type":"ListItem","position":3,"name":"Nicetown Vorhang f\u00fcr Kinderzimmer, inspiriert von Weltraum, Sternmotiv, Verdunkelungsvorh\u00e4nge f\u00fcr Schlafzimmer, Textil\u2026"}]},{"@type":"WebSite","@id":"https:\/\/marktxxl.de\/markt\/#website","url":"https:\/\/marktxxl.de\/markt\/","name":"Markt-XXL","description":"Ihr Markt Online","publisher":{"@id":"https:\/\/marktxxl.de\/markt\/#organization"},"potentialAction":[{"@type":"SearchAction","target":{"@type":"EntryPoint","urlTemplate":"https:\/\/marktxxl.de\/markt\/?s={search_term_string}"},"query-input":{"@type":"PropertyValueSpecification","valueRequired":true,"valueName":"search_term_string"}}],"inLanguage":"de"},{"@type":"Organization","@id":"https:\/\/marktxxl.de\/markt\/#organization","name":"Markt-XXL","url":"https:\/\/marktxxl.de\/markt\/","logo":{"@type":"ImageObject","inLanguage":"de","@id":"https:\/\/marktxxl.de\/markt\/#\/schema\/logo\/image\/","url":"https:\/\/marktxxl.de\/markt\/wp-content\/uploads\/sites\/3\/2020\/12\/logo.png","contentUrl":"https:\/\/marktxxl.de\/markt\/wp-content\/uploads\/sites\/3\/2020\/12\/logo.png","width":200,"height":70,"caption":"Markt-XXL"},"image":{"@id":"https:\/\/marktxxl.de\/markt\/#\/schema\/logo\/image\/"}}]}},"_links":{"self":[{"href":"https:\/\/marktxxl.de\/markt\/wp-json\/wp\/v2\/product\/113039","targetHints":{"allow":["GET"]}}],"collection":[{"href":"https:\/\/marktxxl.de\/markt\/wp-json\/wp\/v2\/product"}],"about":[{"href":"https:\/\/marktxxl.de\/markt\/wp-json\/wp\/v2\/types\/product"}],"replies":[{"embeddable":true,"href":"https:\/\/marktxxl.de\/markt\/wp-json\/wp\/v2\/comments?post=113039"}],"wp:featuredmedia":[{"embeddable":true,"href":"https:\/\/marktxxl.de\/markt\/wp-json\/wp\/v2\/media\/113040"}],"wp:attachment":[{"href":"https:\/\/marktxxl.de\/markt\/wp-json\/wp\/v2\/media?parent=113039"}],"wp:term":[{"taxonomy":"product_brand","embeddable":true,"href":"https:\/\/marktxxl.de\/markt\/wp-json\/wp\/v2\/product_brand?post=113039"},{"taxonomy":"product_cat","embeddable":true,"href":"https:\/\/marktxxl.de\/markt\/wp-json\/wp\/v2\/product_cat?post=113039"},{"taxonomy":"product_tag","embeddable":true,"href":"https:\/\/marktxxl.de\/markt\/wp-json\/wp\/v2\/product_tag?post=113039"}],"curies":[{"name":"wp","href":"https:\/\/api.w.org\/{rel}","templated":true}]}}