{"id":112720,"date":"2022-05-14T20:55:20","date_gmt":"2022-05-14T18:55:20","guid":{"rendered":"https:\/\/marktxxl.de\/markt\/produkt\/masturbator-sexspielzeug-maenner-saugen-blowjob-3-in-1-elektrischer-masturbator-mit-auto-cleaning-funktion-4-saugfunktion-und-10-vibrationsmodi-oral-sex-toyset-herren-realistische-silikon\/"},"modified":"2023-04-07T02:53:31","modified_gmt":"2023-04-07T00:53:31","slug":"masturbator-sexspielzeug-maenner-saugen-blowjob-3-in-1-elektrischer-masturbator-mit-auto-cleaning-funktion-4-saugfunktion-und-10-vibrationsmodi-oral-sex-toyset-herren-realistische-silikon","status":"publish","type":"product","link":"https:\/\/marktxxl.de\/markt\/produkt\/masturbator-sexspielzeug-maenner-saugen-blowjob-3-in-1-elektrischer-masturbator-mit-auto-cleaning-funktion-4-saugfunktion-und-10-vibrationsmodi-oral-sex-toyset-herren-realistische-silikon\/","title":{"rendered":"Masturbator Sexspielzeug M\u00e4nner Saugen Blowjob 3 in 1 Elektrischer Masturbator mit Auto-Cleaning Funktion, 4\u2026"},"content":{"rendered":"<p>[4 Saugmodi + 10 Vibrationsmodi]: Nichts ist aufregender als die Kombination aus Saugen und Vibration. Stellen Sie sich vor, Tauchen Sie in die weiche Vagina ein und finden Sie einen glatten, rippenf\u00f6rmigen Kanal mit Reihen irritierender Knoten und Perlen, der darauf wartet, dass Sie die atemberaubende Stimulation genie\u00dfen.sie leckte zuerst Ihre Eichel. Dann wickelt sie Ihren gesamten Penis mit ihrem weichen Mund ein, und beginnt rein und raus zu schlucken.<br \/>\n[Einzigartig entwickeltes masturbator]: Dieses sexspielzeug m\u00e4nner kombiniert drei Funktionen in einer: Saugen, Vibration und automatische Reinigung. Dar\u00fcber hinaus ist dieses masturbieren mann mit einem Manipulator ausgestattet, mit dem Sie die Saug- und Vibrationsfunktionen frei einstellen k\u00f6nnen, so dass Sie den Spa\u00df haben, geleckt und gesaugt zu werden. Wenn Sie eindringen, wird Ihr Vergn\u00fcgen st\u00e4rker und angenehmer.<br \/>\n[Deep Throat &#8211; 20 cm langer Liner] Der 20 cm tiefe Hals dieses m\u00e4nnlichen Produkts umh\u00fcllt Sie fest und das intensive Saugen und Vibrieren stimuliert den empfindlichen Penis, genau wie der echte Mund immer kleiner wird. Und die Verteilung der 32 Punkte auf dem langer Liner stimuliert jeden empfindlichen Teil Ihres Penis besser.<br \/>\n[Sicheres Silikone]Das weiche und medizinische TPR ist wunderbar geschmeidig. Es bildet eine 3D Vagina, und Sie k\u00f6nnen den Komfort der glatten Haut f\u00fchlen, w\u00e4hrend Sie den Orgasmus heftiger machen. plissierten Spiraldesign machen diesen Blowjob Masturbator fantastisch. Das Einf\u00fchren des Penis funktioniert dank des weichen Gummi und der dehnbaren \u00d6ffnung, was gut f\u00fcr jegliche Gr\u00f6\u00dfe ist, problemlos.Das innere Silikon l\u00e4sst sich leicht herausnehmen.<br \/>\n[Auto-Cleaning-Funktion] Dieser sex toyset herren l\u00f6st die Probleme, die viele Menschen nach dem Genuss der Ejakulation beim Zerlegen und Reinigen haben m\u00fcssen. Um diesen Masturbator zu verwenden, m\u00fcssen Sie nur den Deckel des Bechers mit Wasser f\u00fcllen, den Einlass mit dem Deckel ausrichten und den Inhalationsknopf dr\u00fccken. Dann flie\u00dft das Reinigungswasser aus dem Manipulator.<br \/>\n<div class=\"main-cross-sell\" data-asin=\"B08MFR35F3\">\n\n\t<div class=\"WooZone-cross-sell-loader\">\n\t\t<div>\n\t\t\t<div id=\"floatingBarsG\">\n\t\t\t\t<div class=\"blockG\" id=\"rotateG_01\"><\/div>\n\t\t\t\t<div class=\"blockG\" id=\"rotateG_02\"><\/div>\n\t\t\t\t<div class=\"blockG\" id=\"rotateG_03\"><\/div>\n\t\t\t\t<div class=\"blockG\" id=\"rotateG_04\"><\/div>\n\t\t\t\t<div class=\"blockG\" id=\"rotateG_05\"><\/div>\n\t\t\t\t<div class=\"blockG\" id=\"rotateG_06\"><\/div>\n\t\t\t\t<div class=\"blockG\" id=\"rotateG_07\"><\/div>\n\t\t\t\t<div class=\"blockG\" id=\"rotateG_08\"><\/div>\n\t\t\t<\/div>\n\t\t\t<div class=\"WooZone-cross-sell-loader-text\"><\/div>\n\t\t<\/div>\n\t<\/div>\n\n\t\t\n<\/div>\n<div style=\"clear:both;\"><\/div><\/p>\n","protected":false},"excerpt":{"rendered":"<p>[4 Saugmodi + 10 Vibrationsmodi]: Nichts ist aufregender als die Kombination aus Saugen und Vibration. Stellen Sie sich vor, Tauchen Sie in die weiche Vagina ein und finden Sie einen glatten, rippenf\u00f6rmigen Kanal mit Reihen irritierender Knoten und Perlen, der darauf wartet, dass Sie die atemberaubende Stimulation genie\u00dfen.sie leckte zuerst Ihre Eichel. Dann wickelt sie Ihren gesamten Penis mit ihrem weichen Mund ein, und beginnt rein und raus zu schlucken.<br \/>\n[Einzigartig entwickeltes masturbator]: Dieses sexspielzeug m\u00e4nner kombiniert drei Funktionen in einer: Saugen, Vibration und automatische Reinigung. Dar\u00fcber hinaus ist dieses masturbieren mann mit einem Manipulator ausgestattet, mit dem Sie die Saug- und Vibrationsfunktionen frei einstellen k\u00f6nnen, so dass Sie den Spa\u00df haben, geleckt und gesaugt zu werden. Wenn Sie eindringen, wird Ihr Vergn\u00fcgen st\u00e4rker und angenehmer.<br \/>\n[Deep Throat &#8211; 20 cm langer Liner] Der 20 cm tiefe Hals dieses m\u00e4nnlichen Produkts umh\u00fcllt Sie fest und das intensive Saugen und Vibrieren stimuliert den empfindlichen Penis, genau wie der echte Mund immer kleiner wird. Und die Verteilung der 32 Punkte auf dem langer Liner stimuliert jeden empfindlichen Teil Ihres Penis besser.<\/p>\n","protected":false},"featured_media":112721,"comment_status":"open","ping_status":"closed","template":"","meta":[],"product_brand":[],"product_cat":[652,2977],"product_tag":[],"class_list":{"0":"post-112720","1":"product","2":"type-product","3":"status-publish","4":"has-post-thumbnail","6":"product_cat-erotik-markt-xxl","7":"product_cat-sexspielzeug","8":"pa_brand-yalaso","9":"pa_manufacturer-yalaso","11":"first","12":"instock","13":"shipping-taxable","14":"purchasable","15":"product-type-simple","16":"customify-col","17":"product-has-gallery"},"yoast_head":"<!-- This site is optimized with the Yoast SEO plugin v27.3 - https:\/\/yoast.com\/product\/yoast-seo-wordpress\/ -->\n<title>Masturbator Sexspielzeug M\u00e4nner Saugen Blowjob 3 in 1 Elektrischer Masturbator mit Auto-Cleaning Funktion, 4\u2026 - Markt-XXL<\/title>\n<meta name=\"description\" content=\"Markt-XXL Masturbator Sexspielzeug M\u00e4nner Saugen Blowjob 3 in 1 Elektrischer Masturbator mit Auto-Cleaning Funktion, 4\u2026\" \/>\n<meta name=\"robots\" content=\"index, follow, max-snippet:-1, max-image-preview:large, max-video-preview:-1\" \/>\n<link rel=\"canonical\" href=\"https:\/\/marktxxl.de\/markt\/produkt\/masturbator-sexspielzeug-maenner-saugen-blowjob-3-in-1-elektrischer-masturbator-mit-auto-cleaning-funktion-4-saugfunktion-und-10-vibrationsmodi-oral-sex-toyset-herren-realistische-silikon\/\" \/>\n<meta property=\"og:locale\" content=\"de_DE\" \/>\n<meta property=\"og:type\" content=\"article\" \/>\n<meta property=\"og:title\" content=\"Masturbator Sexspielzeug M\u00e4nner Saugen Blowjob 3 in 1 Elektrischer Masturbator mit Auto-Cleaning Funktion, 4\u2026 - Markt-XXL\" \/>\n<meta property=\"og:description\" content=\"Markt-XXL Masturbator Sexspielzeug M\u00e4nner Saugen Blowjob 3 in 1 Elektrischer Masturbator mit Auto-Cleaning Funktion, 4\u2026\" \/>\n<meta property=\"og:url\" content=\"https:\/\/marktxxl.de\/markt\/produkt\/masturbator-sexspielzeug-maenner-saugen-blowjob-3-in-1-elektrischer-masturbator-mit-auto-cleaning-funktion-4-saugfunktion-und-10-vibrationsmodi-oral-sex-toyset-herren-realistische-silikon\/\" \/>\n<meta property=\"og:site_name\" content=\"Markt-XXL\" \/>\n<meta property=\"article:modified_time\" content=\"2023-04-07T00:53:31+00:00\" \/>\n<meta property=\"og:image\" content=\"https:\/\/m.media-amazon.com\/images\/I\/41IZaiVBDkL._SL500_.jpg\" \/>\n\t<meta property=\"og:image:width\" content=\"500\" \/>\n\t<meta property=\"og:image:height\" content=\"487\" \/>\n\t<meta property=\"og:image:type\" content=\"image\/jpeg\" \/>\n<meta name=\"twitter:card\" content=\"summary_large_image\" \/>\n<meta name=\"twitter:label1\" content=\"Gesch\u00e4tzte Lesezeit\" \/>\n\t<meta name=\"twitter:data1\" content=\"2\u00a0Minuten\" \/>\n<script type=\"application\/ld+json\" class=\"yoast-schema-graph\">{\"@context\":\"https:\\\/\\\/schema.org\",\"@graph\":[{\"@type\":\"WebPage\",\"@id\":\"https:\\\/\\\/marktxxl.de\\\/markt\\\/produkt\\\/masturbator-sexspielzeug-maenner-saugen-blowjob-3-in-1-elektrischer-masturbator-mit-auto-cleaning-funktion-4-saugfunktion-und-10-vibrationsmodi-oral-sex-toyset-herren-realistische-silikon\\\/\",\"url\":\"https:\\\/\\\/marktxxl.de\\\/markt\\\/produkt\\\/masturbator-sexspielzeug-maenner-saugen-blowjob-3-in-1-elektrischer-masturbator-mit-auto-cleaning-funktion-4-saugfunktion-und-10-vibrationsmodi-oral-sex-toyset-herren-realistische-silikon\\\/\",\"name\":\"Masturbator Sexspielzeug M\u00e4nner Saugen Blowjob 3 in 1 Elektrischer Masturbator mit Auto-Cleaning Funktion, 4\u2026 - Markt-XXL\",\"isPartOf\":{\"@id\":\"https:\\\/\\\/marktxxl.de\\\/markt\\\/#website\"},\"primaryImageOfPage\":{\"@id\":\"https:\\\/\\\/marktxxl.de\\\/markt\\\/produkt\\\/masturbator-sexspielzeug-maenner-saugen-blowjob-3-in-1-elektrischer-masturbator-mit-auto-cleaning-funktion-4-saugfunktion-und-10-vibrationsmodi-oral-sex-toyset-herren-realistische-silikon\\\/#primaryimage\"},\"image\":{\"@id\":\"https:\\\/\\\/marktxxl.de\\\/markt\\\/produkt\\\/masturbator-sexspielzeug-maenner-saugen-blowjob-3-in-1-elektrischer-masturbator-mit-auto-cleaning-funktion-4-saugfunktion-und-10-vibrationsmodi-oral-sex-toyset-herren-realistische-silikon\\\/#primaryimage\"},\"thumbnailUrl\":\"https:\\\/\\\/m.media-amazon.com\\\/images\\\/I\\\/41IZaiVBDkL._SL500_.jpg\",\"datePublished\":\"2022-05-14T18:55:20+00:00\",\"dateModified\":\"2023-04-07T00:53:31+00:00\",\"description\":\"Markt-XXL Masturbator Sexspielzeug M\u00e4nner Saugen Blowjob 3 in 1 Elektrischer Masturbator mit Auto-Cleaning Funktion, 4\u2026\",\"breadcrumb\":{\"@id\":\"https:\\\/\\\/marktxxl.de\\\/markt\\\/produkt\\\/masturbator-sexspielzeug-maenner-saugen-blowjob-3-in-1-elektrischer-masturbator-mit-auto-cleaning-funktion-4-saugfunktion-und-10-vibrationsmodi-oral-sex-toyset-herren-realistische-silikon\\\/#breadcrumb\"},\"inLanguage\":\"de\",\"potentialAction\":[{\"@type\":\"ReadAction\",\"target\":[\"https:\\\/\\\/marktxxl.de\\\/markt\\\/produkt\\\/masturbator-sexspielzeug-maenner-saugen-blowjob-3-in-1-elektrischer-masturbator-mit-auto-cleaning-funktion-4-saugfunktion-und-10-vibrationsmodi-oral-sex-toyset-herren-realistische-silikon\\\/\"]}]},{\"@type\":\"ImageObject\",\"inLanguage\":\"de\",\"@id\":\"https:\\\/\\\/marktxxl.de\\\/markt\\\/produkt\\\/masturbator-sexspielzeug-maenner-saugen-blowjob-3-in-1-elektrischer-masturbator-mit-auto-cleaning-funktion-4-saugfunktion-und-10-vibrationsmodi-oral-sex-toyset-herren-realistische-silikon\\\/#primaryimage\",\"url\":\"https:\\\/\\\/m.media-amazon.com\\\/images\\\/I\\\/41IZaiVBDkL._SL500_.jpg\",\"contentUrl\":\"https:\\\/\\\/m.media-amazon.com\\\/images\\\/I\\\/41IZaiVBDkL._SL500_.jpg\",\"width\":500,\"height\":487},{\"@type\":\"BreadcrumbList\",\"@id\":\"https:\\\/\\\/marktxxl.de\\\/markt\\\/produkt\\\/masturbator-sexspielzeug-maenner-saugen-blowjob-3-in-1-elektrischer-masturbator-mit-auto-cleaning-funktion-4-saugfunktion-und-10-vibrationsmodi-oral-sex-toyset-herren-realistische-silikon\\\/#breadcrumb\",\"itemListElement\":[{\"@type\":\"ListItem\",\"position\":1,\"name\":\"Startseite\",\"item\":\"https:\\\/\\\/marktxxl.de\\\/markt\\\/\"},{\"@type\":\"ListItem\",\"position\":2,\"name\":\"Markt\",\"item\":\"https:\\\/\\\/marktxxl.de\\\/markt\\\/\"},{\"@type\":\"ListItem\",\"position\":3,\"name\":\"Masturbator Sexspielzeug M\u00e4nner Saugen Blowjob 3 in 1 Elektrischer Masturbator mit Auto-Cleaning Funktion, 4\u2026\"}]},{\"@type\":\"WebSite\",\"@id\":\"https:\\\/\\\/marktxxl.de\\\/markt\\\/#website\",\"url\":\"https:\\\/\\\/marktxxl.de\\\/markt\\\/\",\"name\":\"Markt-XXL\",\"description\":\"Ihr Markt Online\",\"publisher\":{\"@id\":\"https:\\\/\\\/marktxxl.de\\\/markt\\\/#organization\"},\"potentialAction\":[{\"@type\":\"SearchAction\",\"target\":{\"@type\":\"EntryPoint\",\"urlTemplate\":\"https:\\\/\\\/marktxxl.de\\\/markt\\\/?s={search_term_string}\"},\"query-input\":{\"@type\":\"PropertyValueSpecification\",\"valueRequired\":true,\"valueName\":\"search_term_string\"}}],\"inLanguage\":\"de\"},{\"@type\":\"Organization\",\"@id\":\"https:\\\/\\\/marktxxl.de\\\/markt\\\/#organization\",\"name\":\"Markt-XXL\",\"url\":\"https:\\\/\\\/marktxxl.de\\\/markt\\\/\",\"logo\":{\"@type\":\"ImageObject\",\"inLanguage\":\"de\",\"@id\":\"https:\\\/\\\/marktxxl.de\\\/markt\\\/#\\\/schema\\\/logo\\\/image\\\/\",\"url\":\"https:\\\/\\\/marktxxl.de\\\/markt\\\/wp-content\\\/uploads\\\/sites\\\/3\\\/2020\\\/12\\\/logo.png\",\"contentUrl\":\"https:\\\/\\\/marktxxl.de\\\/markt\\\/wp-content\\\/uploads\\\/sites\\\/3\\\/2020\\\/12\\\/logo.png\",\"width\":200,\"height\":70,\"caption\":\"Markt-XXL\"},\"image\":{\"@id\":\"https:\\\/\\\/marktxxl.de\\\/markt\\\/#\\\/schema\\\/logo\\\/image\\\/\"}}]}<\/script>\n<!-- \/ Yoast SEO plugin. -->","yoast_head_json":{"title":"Masturbator Sexspielzeug M\u00e4nner Saugen Blowjob 3 in 1 Elektrischer Masturbator mit Auto-Cleaning Funktion, 4\u2026 - Markt-XXL","description":"Markt-XXL Masturbator Sexspielzeug M\u00e4nner Saugen Blowjob 3 in 1 Elektrischer Masturbator mit Auto-Cleaning Funktion, 4\u2026","robots":{"index":"index","follow":"follow","max-snippet":"max-snippet:-1","max-image-preview":"max-image-preview:large","max-video-preview":"max-video-preview:-1"},"canonical":"https:\/\/marktxxl.de\/markt\/produkt\/masturbator-sexspielzeug-maenner-saugen-blowjob-3-in-1-elektrischer-masturbator-mit-auto-cleaning-funktion-4-saugfunktion-und-10-vibrationsmodi-oral-sex-toyset-herren-realistische-silikon\/","og_locale":"de_DE","og_type":"article","og_title":"Masturbator Sexspielzeug M\u00e4nner Saugen Blowjob 3 in 1 Elektrischer Masturbator mit Auto-Cleaning Funktion, 4\u2026 - Markt-XXL","og_description":"Markt-XXL Masturbator Sexspielzeug M\u00e4nner Saugen Blowjob 3 in 1 Elektrischer Masturbator mit Auto-Cleaning Funktion, 4\u2026","og_url":"https:\/\/marktxxl.de\/markt\/produkt\/masturbator-sexspielzeug-maenner-saugen-blowjob-3-in-1-elektrischer-masturbator-mit-auto-cleaning-funktion-4-saugfunktion-und-10-vibrationsmodi-oral-sex-toyset-herren-realistische-silikon\/","og_site_name":"Markt-XXL","article_modified_time":"2023-04-07T00:53:31+00:00","og_image":[{"width":500,"height":487,"url":"https:\/\/m.media-amazon.com\/images\/I\/41IZaiVBDkL._SL500_.jpg","type":"image\/jpeg"}],"twitter_card":"summary_large_image","twitter_misc":{"Gesch\u00e4tzte Lesezeit":"2\u00a0Minuten"},"schema":{"@context":"https:\/\/schema.org","@graph":[{"@type":"WebPage","@id":"https:\/\/marktxxl.de\/markt\/produkt\/masturbator-sexspielzeug-maenner-saugen-blowjob-3-in-1-elektrischer-masturbator-mit-auto-cleaning-funktion-4-saugfunktion-und-10-vibrationsmodi-oral-sex-toyset-herren-realistische-silikon\/","url":"https:\/\/marktxxl.de\/markt\/produkt\/masturbator-sexspielzeug-maenner-saugen-blowjob-3-in-1-elektrischer-masturbator-mit-auto-cleaning-funktion-4-saugfunktion-und-10-vibrationsmodi-oral-sex-toyset-herren-realistische-silikon\/","name":"Masturbator Sexspielzeug M\u00e4nner Saugen Blowjob 3 in 1 Elektrischer Masturbator mit Auto-Cleaning Funktion, 4\u2026 - Markt-XXL","isPartOf":{"@id":"https:\/\/marktxxl.de\/markt\/#website"},"primaryImageOfPage":{"@id":"https:\/\/marktxxl.de\/markt\/produkt\/masturbator-sexspielzeug-maenner-saugen-blowjob-3-in-1-elektrischer-masturbator-mit-auto-cleaning-funktion-4-saugfunktion-und-10-vibrationsmodi-oral-sex-toyset-herren-realistische-silikon\/#primaryimage"},"image":{"@id":"https:\/\/marktxxl.de\/markt\/produkt\/masturbator-sexspielzeug-maenner-saugen-blowjob-3-in-1-elektrischer-masturbator-mit-auto-cleaning-funktion-4-saugfunktion-und-10-vibrationsmodi-oral-sex-toyset-herren-realistische-silikon\/#primaryimage"},"thumbnailUrl":"https:\/\/m.media-amazon.com\/images\/I\/41IZaiVBDkL._SL500_.jpg","datePublished":"2022-05-14T18:55:20+00:00","dateModified":"2023-04-07T00:53:31+00:00","description":"Markt-XXL Masturbator Sexspielzeug M\u00e4nner Saugen Blowjob 3 in 1 Elektrischer Masturbator mit Auto-Cleaning Funktion, 4\u2026","breadcrumb":{"@id":"https:\/\/marktxxl.de\/markt\/produkt\/masturbator-sexspielzeug-maenner-saugen-blowjob-3-in-1-elektrischer-masturbator-mit-auto-cleaning-funktion-4-saugfunktion-und-10-vibrationsmodi-oral-sex-toyset-herren-realistische-silikon\/#breadcrumb"},"inLanguage":"de","potentialAction":[{"@type":"ReadAction","target":["https:\/\/marktxxl.de\/markt\/produkt\/masturbator-sexspielzeug-maenner-saugen-blowjob-3-in-1-elektrischer-masturbator-mit-auto-cleaning-funktion-4-saugfunktion-und-10-vibrationsmodi-oral-sex-toyset-herren-realistische-silikon\/"]}]},{"@type":"ImageObject","inLanguage":"de","@id":"https:\/\/marktxxl.de\/markt\/produkt\/masturbator-sexspielzeug-maenner-saugen-blowjob-3-in-1-elektrischer-masturbator-mit-auto-cleaning-funktion-4-saugfunktion-und-10-vibrationsmodi-oral-sex-toyset-herren-realistische-silikon\/#primaryimage","url":"https:\/\/m.media-amazon.com\/images\/I\/41IZaiVBDkL._SL500_.jpg","contentUrl":"https:\/\/m.media-amazon.com\/images\/I\/41IZaiVBDkL._SL500_.jpg","width":500,"height":487},{"@type":"BreadcrumbList","@id":"https:\/\/marktxxl.de\/markt\/produkt\/masturbator-sexspielzeug-maenner-saugen-blowjob-3-in-1-elektrischer-masturbator-mit-auto-cleaning-funktion-4-saugfunktion-und-10-vibrationsmodi-oral-sex-toyset-herren-realistische-silikon\/#breadcrumb","itemListElement":[{"@type":"ListItem","position":1,"name":"Startseite","item":"https:\/\/marktxxl.de\/markt\/"},{"@type":"ListItem","position":2,"name":"Markt","item":"https:\/\/marktxxl.de\/markt\/"},{"@type":"ListItem","position":3,"name":"Masturbator Sexspielzeug M\u00e4nner Saugen Blowjob 3 in 1 Elektrischer Masturbator mit Auto-Cleaning Funktion, 4\u2026"}]},{"@type":"WebSite","@id":"https:\/\/marktxxl.de\/markt\/#website","url":"https:\/\/marktxxl.de\/markt\/","name":"Markt-XXL","description":"Ihr Markt Online","publisher":{"@id":"https:\/\/marktxxl.de\/markt\/#organization"},"potentialAction":[{"@type":"SearchAction","target":{"@type":"EntryPoint","urlTemplate":"https:\/\/marktxxl.de\/markt\/?s={search_term_string}"},"query-input":{"@type":"PropertyValueSpecification","valueRequired":true,"valueName":"search_term_string"}}],"inLanguage":"de"},{"@type":"Organization","@id":"https:\/\/marktxxl.de\/markt\/#organization","name":"Markt-XXL","url":"https:\/\/marktxxl.de\/markt\/","logo":{"@type":"ImageObject","inLanguage":"de","@id":"https:\/\/marktxxl.de\/markt\/#\/schema\/logo\/image\/","url":"https:\/\/marktxxl.de\/markt\/wp-content\/uploads\/sites\/3\/2020\/12\/logo.png","contentUrl":"https:\/\/marktxxl.de\/markt\/wp-content\/uploads\/sites\/3\/2020\/12\/logo.png","width":200,"height":70,"caption":"Markt-XXL"},"image":{"@id":"https:\/\/marktxxl.de\/markt\/#\/schema\/logo\/image\/"}}]}},"_links":{"self":[{"href":"https:\/\/marktxxl.de\/markt\/wp-json\/wp\/v2\/product\/112720","targetHints":{"allow":["GET"]}}],"collection":[{"href":"https:\/\/marktxxl.de\/markt\/wp-json\/wp\/v2\/product"}],"about":[{"href":"https:\/\/marktxxl.de\/markt\/wp-json\/wp\/v2\/types\/product"}],"replies":[{"embeddable":true,"href":"https:\/\/marktxxl.de\/markt\/wp-json\/wp\/v2\/comments?post=112720"}],"wp:featuredmedia":[{"embeddable":true,"href":"https:\/\/marktxxl.de\/markt\/wp-json\/wp\/v2\/media\/112721"}],"wp:attachment":[{"href":"https:\/\/marktxxl.de\/markt\/wp-json\/wp\/v2\/media?parent=112720"}],"wp:term":[{"taxonomy":"product_brand","embeddable":true,"href":"https:\/\/marktxxl.de\/markt\/wp-json\/wp\/v2\/product_brand?post=112720"},{"taxonomy":"product_cat","embeddable":true,"href":"https:\/\/marktxxl.de\/markt\/wp-json\/wp\/v2\/product_cat?post=112720"},{"taxonomy":"product_tag","embeddable":true,"href":"https:\/\/marktxxl.de\/markt\/wp-json\/wp\/v2\/product_tag?post=112720"}],"curies":[{"name":"wp","href":"https:\/\/api.w.org\/{rel}","templated":true}]}}