{"id":112710,"date":"2022-05-14T20:55:13","date_gmt":"2022-05-14T18:55:13","guid":{"rendered":"https:\/\/marktxxl.de\/markt\/produkt\/topquafocus-2l-klistier-eimer-darmreinigungsset-705-oz-auslaufsicherer-kunststoff-klistier-eimer-fuer-6-stueck-einlauf-duschkopf\/"},"modified":"2023-04-07T02:53:30","modified_gmt":"2023-04-07T00:53:30","slug":"topquafocus-2l-klistier-eimer-darmreinigungsset-705-oz-auslaufsicherer-kunststoff-klistier-eimer-fuer-6-stueck-einlauf-duschkopf","status":"publish","type":"product","link":"https:\/\/marktxxl.de\/markt\/produkt\/topquafocus-2l-klistier-eimer-darmreinigungsset-705-oz-auslaufsicherer-kunststoff-klistier-eimer-fuer-6-stueck-einlauf-duschkopf\/","title":{"rendered":"TopQuaFocus 2L Klistier Eimer Darmreinigungsset Irrigator zur Darmreinigung Auslaufsicherer Kunststoff Klistier Eimer\u2026"},"content":{"rendered":"<p>\u2705VOLL TRANSPARENT UND VOLUMENAUFZEICHNUNG &#8212; Dieser Einlaufeimer ist vollst\u00e4ndig transparent und verf\u00fcgt \u00fcber eine Volumenanzeige. Kunden k\u00f6nnen genau wissen, wie viel Fl\u00fcssigkeit sich im Eimer befindet. Es ist sehr bequem zu verwenden.<br \/>\n\u2705ANTI-\u00dcBERLAUF- UND STAUBSICHERER ABDECKUNG &#8212; Der Einlaufeimer hat eine Staubabdeckung, um zu verhindern, dass Staub beim Einlauf einf\u00e4llt. Es kann die Fl\u00fcssigkeit auch bis zu einem gewissen Grad warm halten.<br \/>\n\u2705SICHERHEITSMATERIAL &#8212; Dieses Klistier-Eimer-Kit besteht aus medizinischem Silikon, frei von BPA und Phthalaten. Entworfen f\u00fcr amerikanische Gesundheitsstandards. Der Edelstahlgriff, der haltbarer und sch\u00f6ner ist.<br \/>\n\u2705 EINFACH ZU BEDIENEN UND ZU REINIGEN &#8212; Machen Sie sich keine Sorgen, dass der Eimer bei l\u00e4ngerem Gebrauch schmutzig wird. Denn die gro\u00dfe obere \u00d6ffnung des Colonic Cleanse Eimers ist sehr einfach zu bef\u00fcllen, zu reinigen und zu trocknen.<br \/>\n\u27056 ST\u00dcCKE Klistier-Duschk\u00f6pfe &amp; EINFACH ZU \u00c4NDERN &#8212; Sie k\u00f6nnen eine lange, kurze Einlaufd\u00fcse und einen langen Einweg-Darmschlauch erhalten. Enth\u00e4lt 4 Arten und insgesamt 6 Tipps, um Ihnen eine Option zu geben. Alle Spitzen sind weich, glatt und gut f\u00fcr den K\u00f6rper des Kunden. Alle Anschlusstypen der Spitze sind Schraubgewinde f\u00fcr einfaches Wechseln und Reinigen.<br \/>\n<div class=\"main-cross-sell\" data-asin=\"B07RPQXVNF\">\n\n\t<div class=\"WooZone-cross-sell-loader\">\n\t\t<div>\n\t\t\t<div id=\"floatingBarsG\">\n\t\t\t\t<div class=\"blockG\" id=\"rotateG_01\"><\/div>\n\t\t\t\t<div class=\"blockG\" id=\"rotateG_02\"><\/div>\n\t\t\t\t<div class=\"blockG\" id=\"rotateG_03\"><\/div>\n\t\t\t\t<div class=\"blockG\" id=\"rotateG_04\"><\/div>\n\t\t\t\t<div class=\"blockG\" id=\"rotateG_05\"><\/div>\n\t\t\t\t<div class=\"blockG\" id=\"rotateG_06\"><\/div>\n\t\t\t\t<div class=\"blockG\" id=\"rotateG_07\"><\/div>\n\t\t\t\t<div class=\"blockG\" id=\"rotateG_08\"><\/div>\n\t\t\t<\/div>\n\t\t\t<div class=\"WooZone-cross-sell-loader-text\"><\/div>\n\t\t<\/div>\n\t<\/div>\n\n\t\t\n<\/div>\n<div style=\"clear:both;\"><\/div><\/p>\n","protected":false},"excerpt":{"rendered":"<p>\u2705VOLL TRANSPARENT UND VOLUMENAUFZEICHNUNG &#8212; Dieser Einlaufeimer ist vollst\u00e4ndig transparent und verf\u00fcgt \u00fcber eine Volumenanzeige. Kunden k\u00f6nnen genau wissen, wie viel Fl\u00fcssigkeit sich im Eimer befindet. Es ist sehr bequem zu verwenden.<br \/>\n\u2705ANTI-\u00dcBERLAUF- UND STAUBSICHERER ABDECKUNG &#8212; Der Einlaufeimer hat eine Staubabdeckung, um zu verhindern, dass Staub beim Einlauf einf\u00e4llt. Es kann die Fl\u00fcssigkeit auch bis zu einem gewissen Grad warm halten.<br \/>\n\u2705SICHERHEITSMATERIAL &#8212; Dieses Klistier-Eimer-Kit besteht aus medizinischem Silikon, frei von BPA und Phthalaten. Entworfen f\u00fcr amerikanische Gesundheitsstandards. Der Edelstahlgriff, der haltbarer und sch\u00f6ner ist.<\/p>\n","protected":false},"featured_media":112711,"comment_status":"open","ping_status":"closed","template":"","meta":[],"product_brand":[],"product_cat":[652,2977],"product_tag":[],"class_list":{"0":"post-112710","1":"product","2":"type-product","3":"status-publish","4":"has-post-thumbnail","6":"product_cat-erotik-markt-xxl","7":"product_cat-sexspielzeug","8":"pa_brand-topquafocus","9":"pa_manufacturer-luofunake","10":"pa_size-1-stueck-1er-pack","12":"first","13":"instock","14":"shipping-taxable","15":"purchasable","16":"product-type-simple","17":"customify-col","18":"product-has-gallery"},"yoast_head":"<!-- This site is optimized with the Yoast SEO plugin v27.3 - https:\/\/yoast.com\/product\/yoast-seo-wordpress\/ -->\n<title>TopQuaFocus 2L Klistier Eimer Darmreinigungsset Irrigator zur Darmreinigung Auslaufsicherer Kunststoff Klistier Eimer\u2026 - Markt-XXL<\/title>\n<meta name=\"description\" content=\"Markt-XXL TopQuaFocus 2L Klistier Eimer Darmreinigungsset Irrigator zur Darmreinigung Auslaufsicherer Kunststoff Klistier Eimer\u2026\" \/>\n<meta name=\"robots\" content=\"index, follow, max-snippet:-1, max-image-preview:large, max-video-preview:-1\" \/>\n<link rel=\"canonical\" href=\"https:\/\/marktxxl.de\/markt\/produkt\/topquafocus-2l-klistier-eimer-darmreinigungsset-705-oz-auslaufsicherer-kunststoff-klistier-eimer-fuer-6-stueck-einlauf-duschkopf\/\" \/>\n<meta property=\"og:locale\" content=\"de_DE\" \/>\n<meta property=\"og:type\" content=\"article\" \/>\n<meta property=\"og:title\" content=\"TopQuaFocus 2L Klistier Eimer Darmreinigungsset Irrigator zur Darmreinigung Auslaufsicherer Kunststoff Klistier Eimer\u2026 - Markt-XXL\" \/>\n<meta property=\"og:description\" content=\"Markt-XXL TopQuaFocus 2L Klistier Eimer Darmreinigungsset Irrigator zur Darmreinigung Auslaufsicherer Kunststoff Klistier Eimer\u2026\" \/>\n<meta property=\"og:url\" content=\"https:\/\/marktxxl.de\/markt\/produkt\/topquafocus-2l-klistier-eimer-darmreinigungsset-705-oz-auslaufsicherer-kunststoff-klistier-eimer-fuer-6-stueck-einlauf-duschkopf\/\" \/>\n<meta property=\"og:site_name\" content=\"Markt-XXL\" \/>\n<meta property=\"article:modified_time\" content=\"2023-04-07T00:53:30+00:00\" \/>\n<meta property=\"og:image\" content=\"https:\/\/m.media-amazon.com\/images\/I\/41xFkYsy7qL._SL500_.jpg\" \/>\n\t<meta property=\"og:image:width\" content=\"500\" \/>\n\t<meta property=\"og:image:height\" content=\"500\" \/>\n\t<meta property=\"og:image:type\" content=\"image\/jpeg\" \/>\n<meta name=\"twitter:card\" content=\"summary_large_image\" \/>\n<meta name=\"twitter:label1\" content=\"Gesch\u00e4tzte Lesezeit\" \/>\n\t<meta name=\"twitter:data1\" content=\"1\u00a0Minute\" \/>\n<script type=\"application\/ld+json\" class=\"yoast-schema-graph\">{\"@context\":\"https:\\\/\\\/schema.org\",\"@graph\":[{\"@type\":\"WebPage\",\"@id\":\"https:\\\/\\\/marktxxl.de\\\/markt\\\/produkt\\\/topquafocus-2l-klistier-eimer-darmreinigungsset-705-oz-auslaufsicherer-kunststoff-klistier-eimer-fuer-6-stueck-einlauf-duschkopf\\\/\",\"url\":\"https:\\\/\\\/marktxxl.de\\\/markt\\\/produkt\\\/topquafocus-2l-klistier-eimer-darmreinigungsset-705-oz-auslaufsicherer-kunststoff-klistier-eimer-fuer-6-stueck-einlauf-duschkopf\\\/\",\"name\":\"TopQuaFocus 2L Klistier Eimer Darmreinigungsset Irrigator zur Darmreinigung Auslaufsicherer Kunststoff Klistier Eimer\u2026 - Markt-XXL\",\"isPartOf\":{\"@id\":\"https:\\\/\\\/marktxxl.de\\\/markt\\\/#website\"},\"primaryImageOfPage\":{\"@id\":\"https:\\\/\\\/marktxxl.de\\\/markt\\\/produkt\\\/topquafocus-2l-klistier-eimer-darmreinigungsset-705-oz-auslaufsicherer-kunststoff-klistier-eimer-fuer-6-stueck-einlauf-duschkopf\\\/#primaryimage\"},\"image\":{\"@id\":\"https:\\\/\\\/marktxxl.de\\\/markt\\\/produkt\\\/topquafocus-2l-klistier-eimer-darmreinigungsset-705-oz-auslaufsicherer-kunststoff-klistier-eimer-fuer-6-stueck-einlauf-duschkopf\\\/#primaryimage\"},\"thumbnailUrl\":\"https:\\\/\\\/m.media-amazon.com\\\/images\\\/I\\\/41xFkYsy7qL._SL500_.jpg\",\"datePublished\":\"2022-05-14T18:55:13+00:00\",\"dateModified\":\"2023-04-07T00:53:30+00:00\",\"description\":\"Markt-XXL TopQuaFocus 2L Klistier Eimer Darmreinigungsset Irrigator zur Darmreinigung Auslaufsicherer Kunststoff Klistier Eimer\u2026\",\"breadcrumb\":{\"@id\":\"https:\\\/\\\/marktxxl.de\\\/markt\\\/produkt\\\/topquafocus-2l-klistier-eimer-darmreinigungsset-705-oz-auslaufsicherer-kunststoff-klistier-eimer-fuer-6-stueck-einlauf-duschkopf\\\/#breadcrumb\"},\"inLanguage\":\"de\",\"potentialAction\":[{\"@type\":\"ReadAction\",\"target\":[\"https:\\\/\\\/marktxxl.de\\\/markt\\\/produkt\\\/topquafocus-2l-klistier-eimer-darmreinigungsset-705-oz-auslaufsicherer-kunststoff-klistier-eimer-fuer-6-stueck-einlauf-duschkopf\\\/\"]}]},{\"@type\":\"ImageObject\",\"inLanguage\":\"de\",\"@id\":\"https:\\\/\\\/marktxxl.de\\\/markt\\\/produkt\\\/topquafocus-2l-klistier-eimer-darmreinigungsset-705-oz-auslaufsicherer-kunststoff-klistier-eimer-fuer-6-stueck-einlauf-duschkopf\\\/#primaryimage\",\"url\":\"https:\\\/\\\/m.media-amazon.com\\\/images\\\/I\\\/41xFkYsy7qL._SL500_.jpg\",\"contentUrl\":\"https:\\\/\\\/m.media-amazon.com\\\/images\\\/I\\\/41xFkYsy7qL._SL500_.jpg\",\"width\":500,\"height\":500},{\"@type\":\"BreadcrumbList\",\"@id\":\"https:\\\/\\\/marktxxl.de\\\/markt\\\/produkt\\\/topquafocus-2l-klistier-eimer-darmreinigungsset-705-oz-auslaufsicherer-kunststoff-klistier-eimer-fuer-6-stueck-einlauf-duschkopf\\\/#breadcrumb\",\"itemListElement\":[{\"@type\":\"ListItem\",\"position\":1,\"name\":\"Startseite\",\"item\":\"https:\\\/\\\/marktxxl.de\\\/markt\\\/\"},{\"@type\":\"ListItem\",\"position\":2,\"name\":\"Markt\",\"item\":\"https:\\\/\\\/marktxxl.de\\\/markt\\\/\"},{\"@type\":\"ListItem\",\"position\":3,\"name\":\"TopQuaFocus 2L Klistier Eimer Darmreinigungsset Irrigator zur Darmreinigung Auslaufsicherer Kunststoff Klistier Eimer\u2026\"}]},{\"@type\":\"WebSite\",\"@id\":\"https:\\\/\\\/marktxxl.de\\\/markt\\\/#website\",\"url\":\"https:\\\/\\\/marktxxl.de\\\/markt\\\/\",\"name\":\"Markt-XXL\",\"description\":\"Ihr Markt Online\",\"publisher\":{\"@id\":\"https:\\\/\\\/marktxxl.de\\\/markt\\\/#organization\"},\"potentialAction\":[{\"@type\":\"SearchAction\",\"target\":{\"@type\":\"EntryPoint\",\"urlTemplate\":\"https:\\\/\\\/marktxxl.de\\\/markt\\\/?s={search_term_string}\"},\"query-input\":{\"@type\":\"PropertyValueSpecification\",\"valueRequired\":true,\"valueName\":\"search_term_string\"}}],\"inLanguage\":\"de\"},{\"@type\":\"Organization\",\"@id\":\"https:\\\/\\\/marktxxl.de\\\/markt\\\/#organization\",\"name\":\"Markt-XXL\",\"url\":\"https:\\\/\\\/marktxxl.de\\\/markt\\\/\",\"logo\":{\"@type\":\"ImageObject\",\"inLanguage\":\"de\",\"@id\":\"https:\\\/\\\/marktxxl.de\\\/markt\\\/#\\\/schema\\\/logo\\\/image\\\/\",\"url\":\"https:\\\/\\\/marktxxl.de\\\/markt\\\/wp-content\\\/uploads\\\/sites\\\/3\\\/2020\\\/12\\\/logo.png\",\"contentUrl\":\"https:\\\/\\\/marktxxl.de\\\/markt\\\/wp-content\\\/uploads\\\/sites\\\/3\\\/2020\\\/12\\\/logo.png\",\"width\":200,\"height\":70,\"caption\":\"Markt-XXL\"},\"image\":{\"@id\":\"https:\\\/\\\/marktxxl.de\\\/markt\\\/#\\\/schema\\\/logo\\\/image\\\/\"}}]}<\/script>\n<!-- \/ Yoast SEO plugin. -->","yoast_head_json":{"title":"TopQuaFocus 2L Klistier Eimer Darmreinigungsset Irrigator zur Darmreinigung Auslaufsicherer Kunststoff Klistier Eimer\u2026 - Markt-XXL","description":"Markt-XXL TopQuaFocus 2L Klistier Eimer Darmreinigungsset Irrigator zur Darmreinigung Auslaufsicherer Kunststoff Klistier Eimer\u2026","robots":{"index":"index","follow":"follow","max-snippet":"max-snippet:-1","max-image-preview":"max-image-preview:large","max-video-preview":"max-video-preview:-1"},"canonical":"https:\/\/marktxxl.de\/markt\/produkt\/topquafocus-2l-klistier-eimer-darmreinigungsset-705-oz-auslaufsicherer-kunststoff-klistier-eimer-fuer-6-stueck-einlauf-duschkopf\/","og_locale":"de_DE","og_type":"article","og_title":"TopQuaFocus 2L Klistier Eimer Darmreinigungsset Irrigator zur Darmreinigung Auslaufsicherer Kunststoff Klistier Eimer\u2026 - Markt-XXL","og_description":"Markt-XXL TopQuaFocus 2L Klistier Eimer Darmreinigungsset Irrigator zur Darmreinigung Auslaufsicherer Kunststoff Klistier Eimer\u2026","og_url":"https:\/\/marktxxl.de\/markt\/produkt\/topquafocus-2l-klistier-eimer-darmreinigungsset-705-oz-auslaufsicherer-kunststoff-klistier-eimer-fuer-6-stueck-einlauf-duschkopf\/","og_site_name":"Markt-XXL","article_modified_time":"2023-04-07T00:53:30+00:00","og_image":[{"width":500,"height":500,"url":"https:\/\/m.media-amazon.com\/images\/I\/41xFkYsy7qL._SL500_.jpg","type":"image\/jpeg"}],"twitter_card":"summary_large_image","twitter_misc":{"Gesch\u00e4tzte Lesezeit":"1\u00a0Minute"},"schema":{"@context":"https:\/\/schema.org","@graph":[{"@type":"WebPage","@id":"https:\/\/marktxxl.de\/markt\/produkt\/topquafocus-2l-klistier-eimer-darmreinigungsset-705-oz-auslaufsicherer-kunststoff-klistier-eimer-fuer-6-stueck-einlauf-duschkopf\/","url":"https:\/\/marktxxl.de\/markt\/produkt\/topquafocus-2l-klistier-eimer-darmreinigungsset-705-oz-auslaufsicherer-kunststoff-klistier-eimer-fuer-6-stueck-einlauf-duschkopf\/","name":"TopQuaFocus 2L Klistier Eimer Darmreinigungsset Irrigator zur Darmreinigung Auslaufsicherer Kunststoff Klistier Eimer\u2026 - Markt-XXL","isPartOf":{"@id":"https:\/\/marktxxl.de\/markt\/#website"},"primaryImageOfPage":{"@id":"https:\/\/marktxxl.de\/markt\/produkt\/topquafocus-2l-klistier-eimer-darmreinigungsset-705-oz-auslaufsicherer-kunststoff-klistier-eimer-fuer-6-stueck-einlauf-duschkopf\/#primaryimage"},"image":{"@id":"https:\/\/marktxxl.de\/markt\/produkt\/topquafocus-2l-klistier-eimer-darmreinigungsset-705-oz-auslaufsicherer-kunststoff-klistier-eimer-fuer-6-stueck-einlauf-duschkopf\/#primaryimage"},"thumbnailUrl":"https:\/\/m.media-amazon.com\/images\/I\/41xFkYsy7qL._SL500_.jpg","datePublished":"2022-05-14T18:55:13+00:00","dateModified":"2023-04-07T00:53:30+00:00","description":"Markt-XXL TopQuaFocus 2L Klistier Eimer Darmreinigungsset Irrigator zur Darmreinigung Auslaufsicherer Kunststoff Klistier Eimer\u2026","breadcrumb":{"@id":"https:\/\/marktxxl.de\/markt\/produkt\/topquafocus-2l-klistier-eimer-darmreinigungsset-705-oz-auslaufsicherer-kunststoff-klistier-eimer-fuer-6-stueck-einlauf-duschkopf\/#breadcrumb"},"inLanguage":"de","potentialAction":[{"@type":"ReadAction","target":["https:\/\/marktxxl.de\/markt\/produkt\/topquafocus-2l-klistier-eimer-darmreinigungsset-705-oz-auslaufsicherer-kunststoff-klistier-eimer-fuer-6-stueck-einlauf-duschkopf\/"]}]},{"@type":"ImageObject","inLanguage":"de","@id":"https:\/\/marktxxl.de\/markt\/produkt\/topquafocus-2l-klistier-eimer-darmreinigungsset-705-oz-auslaufsicherer-kunststoff-klistier-eimer-fuer-6-stueck-einlauf-duschkopf\/#primaryimage","url":"https:\/\/m.media-amazon.com\/images\/I\/41xFkYsy7qL._SL500_.jpg","contentUrl":"https:\/\/m.media-amazon.com\/images\/I\/41xFkYsy7qL._SL500_.jpg","width":500,"height":500},{"@type":"BreadcrumbList","@id":"https:\/\/marktxxl.de\/markt\/produkt\/topquafocus-2l-klistier-eimer-darmreinigungsset-705-oz-auslaufsicherer-kunststoff-klistier-eimer-fuer-6-stueck-einlauf-duschkopf\/#breadcrumb","itemListElement":[{"@type":"ListItem","position":1,"name":"Startseite","item":"https:\/\/marktxxl.de\/markt\/"},{"@type":"ListItem","position":2,"name":"Markt","item":"https:\/\/marktxxl.de\/markt\/"},{"@type":"ListItem","position":3,"name":"TopQuaFocus 2L Klistier Eimer Darmreinigungsset Irrigator zur Darmreinigung Auslaufsicherer Kunststoff Klistier Eimer\u2026"}]},{"@type":"WebSite","@id":"https:\/\/marktxxl.de\/markt\/#website","url":"https:\/\/marktxxl.de\/markt\/","name":"Markt-XXL","description":"Ihr Markt Online","publisher":{"@id":"https:\/\/marktxxl.de\/markt\/#organization"},"potentialAction":[{"@type":"SearchAction","target":{"@type":"EntryPoint","urlTemplate":"https:\/\/marktxxl.de\/markt\/?s={search_term_string}"},"query-input":{"@type":"PropertyValueSpecification","valueRequired":true,"valueName":"search_term_string"}}],"inLanguage":"de"},{"@type":"Organization","@id":"https:\/\/marktxxl.de\/markt\/#organization","name":"Markt-XXL","url":"https:\/\/marktxxl.de\/markt\/","logo":{"@type":"ImageObject","inLanguage":"de","@id":"https:\/\/marktxxl.de\/markt\/#\/schema\/logo\/image\/","url":"https:\/\/marktxxl.de\/markt\/wp-content\/uploads\/sites\/3\/2020\/12\/logo.png","contentUrl":"https:\/\/marktxxl.de\/markt\/wp-content\/uploads\/sites\/3\/2020\/12\/logo.png","width":200,"height":70,"caption":"Markt-XXL"},"image":{"@id":"https:\/\/marktxxl.de\/markt\/#\/schema\/logo\/image\/"}}]}},"_links":{"self":[{"href":"https:\/\/marktxxl.de\/markt\/wp-json\/wp\/v2\/product\/112710","targetHints":{"allow":["GET"]}}],"collection":[{"href":"https:\/\/marktxxl.de\/markt\/wp-json\/wp\/v2\/product"}],"about":[{"href":"https:\/\/marktxxl.de\/markt\/wp-json\/wp\/v2\/types\/product"}],"replies":[{"embeddable":true,"href":"https:\/\/marktxxl.de\/markt\/wp-json\/wp\/v2\/comments?post=112710"}],"wp:featuredmedia":[{"embeddable":true,"href":"https:\/\/marktxxl.de\/markt\/wp-json\/wp\/v2\/media\/112711"}],"wp:attachment":[{"href":"https:\/\/marktxxl.de\/markt\/wp-json\/wp\/v2\/media?parent=112710"}],"wp:term":[{"taxonomy":"product_brand","embeddable":true,"href":"https:\/\/marktxxl.de\/markt\/wp-json\/wp\/v2\/product_brand?post=112710"},{"taxonomy":"product_cat","embeddable":true,"href":"https:\/\/marktxxl.de\/markt\/wp-json\/wp\/v2\/product_cat?post=112710"},{"taxonomy":"product_tag","embeddable":true,"href":"https:\/\/marktxxl.de\/markt\/wp-json\/wp\/v2\/product_tag?post=112710"}],"curies":[{"name":"wp","href":"https:\/\/api.w.org\/{rel}","templated":true}]}}