{"id":112701,"date":"2022-05-14T20:55:06","date_gmt":"2022-05-14T18:55:06","guid":{"rendered":"https:\/\/marktxxl.de\/markt\/produkt\/zuslab-real-weiche-silikonhuelle-kompatibel-mit-samsung-galaxy-s22-utra-huelle-zoll-2022-liquid-silicone-anti-scratch-gel-rubber-stossfest-schutz\/"},"modified":"2023-04-07T02:53:30","modified_gmt":"2023-04-07T00:53:30","slug":"zuslab-real-weiche-silikonhuelle-kompatibel-mit-samsung-galaxy-s22-utra-huelle-zoll-2022-liquid-silicone-anti-scratch-gel-rubber-stossfest-schutz","status":"publish","type":"product","link":"https:\/\/marktxxl.de\/markt\/produkt\/zuslab-real-weiche-silikonhuelle-kompatibel-mit-samsung-galaxy-s22-utra-huelle-zoll-2022-liquid-silicone-anti-scratch-gel-rubber-stossfest-schutz\/","title":{"rendered":"ZUSLAB Real weiche silikonh\u00fclle Kompatibel mit Samsung Galaxy S22 Utra H\u00fclle Zoll (2022), Liquid Silicone Anti-Scratch\u2026"},"content":{"rendered":"<p>\u3010Kompatibilit\u00e4t\u3011Diesem H\u00fclle ist Kompatibel mit (2022) Samsung Galaxy S22 Utra 2022 Only \u2757\u2757\u2757\u23e9 \u3010Nicht f\u00fcr Samsung Galaxy S22 \/ Samsung Galaxy S22 + \u3011<br \/>\n\u3010SLIM &amp; SCHUTZ\u3011Passt gem\u00fctlich und bieten eine gute menge an schutz, super schutzh\u00fclle silikon kissen widersteht meisten kratzer, tropfen, st\u00f6\u00dfen und schocks.<br \/>\n\u3010Nicht-slip Textur\u3011aus hohe qualit\u00e4t gummi silikon material,, die verhindert, dass ihr telefon rutschen aus der hand, oder vom tisch, weiche zu ber\u00fchren und gute griff, wenn es<br \/>\n\u3010BILDSCHIRM &amp; KAMERA &amp; ZUR\u00dcCK SCHUTZ\u3011mit ausreichend erh\u00f6hten kanten zu heben bildschirm und kamera off flache oberfl\u00e4che Zu sch\u00fctzen die frontscheibe und hinten kamera von bruch mit 2,5mm dicke (1,8mm f\u00fcr normalen f\u00e4llen\uff09\uff0cdie innenseite der fall ist gef\u00fcttert mit weichen mikrofaser material, die werden h\u00e4lt die zur\u00fcck von ihre ihre telefon kratzer frei<br \/>\n\u3010Pr\u00e4zise Cut-out\u3011Precise cutouts for speakers, charging ports, and Camera. Perfectly fit your phone&#8217;s shape while providing easy access to mobile functions.<br \/>\n<div class=\"main-cross-sell\" data-asin=\"B09MRC94JW\">\n\n\t<div class=\"WooZone-cross-sell-loader\">\n\t\t<div>\n\t\t\t<div id=\"floatingBarsG\">\n\t\t\t\t<div class=\"blockG\" id=\"rotateG_01\"><\/div>\n\t\t\t\t<div class=\"blockG\" id=\"rotateG_02\"><\/div>\n\t\t\t\t<div class=\"blockG\" id=\"rotateG_03\"><\/div>\n\t\t\t\t<div class=\"blockG\" id=\"rotateG_04\"><\/div>\n\t\t\t\t<div class=\"blockG\" id=\"rotateG_05\"><\/div>\n\t\t\t\t<div class=\"blockG\" id=\"rotateG_06\"><\/div>\n\t\t\t\t<div class=\"blockG\" id=\"rotateG_07\"><\/div>\n\t\t\t\t<div class=\"blockG\" id=\"rotateG_08\"><\/div>\n\t\t\t<\/div>\n\t\t\t<div class=\"WooZone-cross-sell-loader-text\"><\/div>\n\t\t<\/div>\n\t<\/div>\n\n\t\t\n<\/div>\n<div style=\"clear:both;\"><\/div><\/p>\n","protected":false},"excerpt":{"rendered":"<p>\u3010Kompatibilit\u00e4t\u3011Diesem H\u00fclle ist Kompatibel mit (2022) Samsung Galaxy S22 Utra 2022 Only \u2757\u2757\u2757\u23e9 \u3010Nicht f\u00fcr Samsung Galaxy S22 \/ Samsung Galaxy S22 + \u3011<br \/>\n\u3010SLIM &amp; SCHUTZ\u3011Passt gem\u00fctlich und bieten eine gute menge an schutz, super schutzh\u00fclle silikon kissen widersteht meisten kratzer, tropfen, st\u00f6\u00dfen und schocks.<br \/>\n\u3010Nicht-slip Textur\u3011aus hohe qualit\u00e4t gummi silikon material,, die verhindert, dass ihr telefon rutschen aus der hand, oder vom tisch, weiche zu ber\u00fchren und gute griff, wenn es<\/p>\n","protected":false},"featured_media":112702,"comment_status":"open","ping_status":"closed","template":"","meta":[],"product_brand":[],"product_cat":[652,2977],"product_tag":[],"class_list":{"0":"post-112701","1":"product","2":"type-product","3":"status-publish","4":"has-post-thumbnail","6":"product_cat-erotik-markt-xxl","7":"product_cat-sexspielzeug","8":"pa_binding-elektronik","9":"pa_brand-zuslab","10":"pa_manufacturer-zuslab","12":"first","13":"instock","14":"shipping-taxable","15":"purchasable","16":"product-type-simple","17":"customify-col","18":"product-has-gallery"},"yoast_head":"<!-- This site is optimized with the Yoast SEO plugin v27.4 - https:\/\/yoast.com\/product\/yoast-seo-wordpress\/ -->\n<title>ZUSLAB Real weiche silikonh\u00fclle Kompatibel mit Samsung Galaxy S22 Utra H\u00fclle Zoll (2022), Liquid Silicone Anti-Scratch\u2026 - Markt-XXL<\/title>\n<meta name=\"description\" content=\"Markt-XXL ZUSLAB Real weiche silikonh\u00fclle Kompatibel mit Samsung Galaxy S22 Utra H\u00fclle Zoll (2022), Liquid Silicone Anti-Scratch\u2026\" \/>\n<meta name=\"robots\" content=\"index, follow, max-snippet:-1, max-image-preview:large, max-video-preview:-1\" \/>\n<link rel=\"canonical\" href=\"https:\/\/marktxxl.de\/markt\/produkt\/zuslab-real-weiche-silikonhuelle-kompatibel-mit-samsung-galaxy-s22-utra-huelle-zoll-2022-liquid-silicone-anti-scratch-gel-rubber-stossfest-schutz\/\" \/>\n<meta property=\"og:locale\" content=\"de_DE\" \/>\n<meta property=\"og:type\" content=\"article\" \/>\n<meta property=\"og:title\" content=\"ZUSLAB Real weiche silikonh\u00fclle Kompatibel mit Samsung Galaxy S22 Utra H\u00fclle Zoll (2022), Liquid Silicone Anti-Scratch\u2026 - Markt-XXL\" \/>\n<meta property=\"og:description\" content=\"Markt-XXL ZUSLAB Real weiche silikonh\u00fclle Kompatibel mit Samsung Galaxy S22 Utra H\u00fclle Zoll (2022), Liquid Silicone Anti-Scratch\u2026\" \/>\n<meta property=\"og:url\" content=\"https:\/\/marktxxl.de\/markt\/produkt\/zuslab-real-weiche-silikonhuelle-kompatibel-mit-samsung-galaxy-s22-utra-huelle-zoll-2022-liquid-silicone-anti-scratch-gel-rubber-stossfest-schutz\/\" \/>\n<meta property=\"og:site_name\" content=\"Markt-XXL\" \/>\n<meta property=\"article:modified_time\" content=\"2023-04-07T00:53:30+00:00\" \/>\n<meta property=\"og:image\" content=\"https:\/\/m.media-amazon.com\/images\/I\/41G9-cnq2FL._SL500_.jpg\" \/>\n\t<meta property=\"og:image:width\" content=\"500\" \/>\n\t<meta property=\"og:image:height\" content=\"500\" \/>\n\t<meta property=\"og:image:type\" content=\"image\/jpeg\" \/>\n<meta name=\"twitter:card\" content=\"summary_large_image\" \/>\n<meta name=\"twitter:label1\" content=\"Gesch\u00e4tzte Lesezeit\" \/>\n\t<meta name=\"twitter:data1\" content=\"1\u00a0Minute\" \/>\n<script type=\"application\/ld+json\" class=\"yoast-schema-graph\">{\"@context\":\"https:\\\/\\\/schema.org\",\"@graph\":[{\"@type\":\"WebPage\",\"@id\":\"https:\\\/\\\/marktxxl.de\\\/markt\\\/produkt\\\/zuslab-real-weiche-silikonhuelle-kompatibel-mit-samsung-galaxy-s22-utra-huelle-zoll-2022-liquid-silicone-anti-scratch-gel-rubber-stossfest-schutz\\\/\",\"url\":\"https:\\\/\\\/marktxxl.de\\\/markt\\\/produkt\\\/zuslab-real-weiche-silikonhuelle-kompatibel-mit-samsung-galaxy-s22-utra-huelle-zoll-2022-liquid-silicone-anti-scratch-gel-rubber-stossfest-schutz\\\/\",\"name\":\"ZUSLAB Real weiche silikonh\u00fclle Kompatibel mit Samsung Galaxy S22 Utra H\u00fclle Zoll (2022), Liquid Silicone Anti-Scratch\u2026 - Markt-XXL\",\"isPartOf\":{\"@id\":\"https:\\\/\\\/marktxxl.de\\\/markt\\\/#website\"},\"primaryImageOfPage\":{\"@id\":\"https:\\\/\\\/marktxxl.de\\\/markt\\\/produkt\\\/zuslab-real-weiche-silikonhuelle-kompatibel-mit-samsung-galaxy-s22-utra-huelle-zoll-2022-liquid-silicone-anti-scratch-gel-rubber-stossfest-schutz\\\/#primaryimage\"},\"image\":{\"@id\":\"https:\\\/\\\/marktxxl.de\\\/markt\\\/produkt\\\/zuslab-real-weiche-silikonhuelle-kompatibel-mit-samsung-galaxy-s22-utra-huelle-zoll-2022-liquid-silicone-anti-scratch-gel-rubber-stossfest-schutz\\\/#primaryimage\"},\"thumbnailUrl\":\"https:\\\/\\\/m.media-amazon.com\\\/images\\\/I\\\/41G9-cnq2FL._SL500_.jpg\",\"datePublished\":\"2022-05-14T18:55:06+00:00\",\"dateModified\":\"2023-04-07T00:53:30+00:00\",\"description\":\"Markt-XXL ZUSLAB Real weiche silikonh\u00fclle Kompatibel mit Samsung Galaxy S22 Utra H\u00fclle Zoll (2022), Liquid Silicone Anti-Scratch\u2026\",\"breadcrumb\":{\"@id\":\"https:\\\/\\\/marktxxl.de\\\/markt\\\/produkt\\\/zuslab-real-weiche-silikonhuelle-kompatibel-mit-samsung-galaxy-s22-utra-huelle-zoll-2022-liquid-silicone-anti-scratch-gel-rubber-stossfest-schutz\\\/#breadcrumb\"},\"inLanguage\":\"de\",\"potentialAction\":[{\"@type\":\"ReadAction\",\"target\":[\"https:\\\/\\\/marktxxl.de\\\/markt\\\/produkt\\\/zuslab-real-weiche-silikonhuelle-kompatibel-mit-samsung-galaxy-s22-utra-huelle-zoll-2022-liquid-silicone-anti-scratch-gel-rubber-stossfest-schutz\\\/\"]}]},{\"@type\":\"ImageObject\",\"inLanguage\":\"de\",\"@id\":\"https:\\\/\\\/marktxxl.de\\\/markt\\\/produkt\\\/zuslab-real-weiche-silikonhuelle-kompatibel-mit-samsung-galaxy-s22-utra-huelle-zoll-2022-liquid-silicone-anti-scratch-gel-rubber-stossfest-schutz\\\/#primaryimage\",\"url\":\"https:\\\/\\\/m.media-amazon.com\\\/images\\\/I\\\/41G9-cnq2FL._SL500_.jpg\",\"contentUrl\":\"https:\\\/\\\/m.media-amazon.com\\\/images\\\/I\\\/41G9-cnq2FL._SL500_.jpg\",\"width\":500,\"height\":500},{\"@type\":\"BreadcrumbList\",\"@id\":\"https:\\\/\\\/marktxxl.de\\\/markt\\\/produkt\\\/zuslab-real-weiche-silikonhuelle-kompatibel-mit-samsung-galaxy-s22-utra-huelle-zoll-2022-liquid-silicone-anti-scratch-gel-rubber-stossfest-schutz\\\/#breadcrumb\",\"itemListElement\":[{\"@type\":\"ListItem\",\"position\":1,\"name\":\"Startseite\",\"item\":\"https:\\\/\\\/marktxxl.de\\\/markt\\\/\"},{\"@type\":\"ListItem\",\"position\":2,\"name\":\"Markt\",\"item\":\"https:\\\/\\\/marktxxl.de\\\/markt\\\/\"},{\"@type\":\"ListItem\",\"position\":3,\"name\":\"ZUSLAB Real weiche silikonh\u00fclle Kompatibel mit Samsung Galaxy S22 Utra H\u00fclle Zoll (2022), Liquid Silicone Anti-Scratch\u2026\"}]},{\"@type\":\"WebSite\",\"@id\":\"https:\\\/\\\/marktxxl.de\\\/markt\\\/#website\",\"url\":\"https:\\\/\\\/marktxxl.de\\\/markt\\\/\",\"name\":\"Markt-XXL\",\"description\":\"Ihr Markt Online\",\"publisher\":{\"@id\":\"https:\\\/\\\/marktxxl.de\\\/markt\\\/#organization\"},\"potentialAction\":[{\"@type\":\"SearchAction\",\"target\":{\"@type\":\"EntryPoint\",\"urlTemplate\":\"https:\\\/\\\/marktxxl.de\\\/markt\\\/?s={search_term_string}\"},\"query-input\":{\"@type\":\"PropertyValueSpecification\",\"valueRequired\":true,\"valueName\":\"search_term_string\"}}],\"inLanguage\":\"de\"},{\"@type\":\"Organization\",\"@id\":\"https:\\\/\\\/marktxxl.de\\\/markt\\\/#organization\",\"name\":\"Markt-XXL\",\"url\":\"https:\\\/\\\/marktxxl.de\\\/markt\\\/\",\"logo\":{\"@type\":\"ImageObject\",\"inLanguage\":\"de\",\"@id\":\"https:\\\/\\\/marktxxl.de\\\/markt\\\/#\\\/schema\\\/logo\\\/image\\\/\",\"url\":\"https:\\\/\\\/marktxxl.de\\\/markt\\\/wp-content\\\/uploads\\\/sites\\\/3\\\/2020\\\/12\\\/logo.png\",\"contentUrl\":\"https:\\\/\\\/marktxxl.de\\\/markt\\\/wp-content\\\/uploads\\\/sites\\\/3\\\/2020\\\/12\\\/logo.png\",\"width\":200,\"height\":70,\"caption\":\"Markt-XXL\"},\"image\":{\"@id\":\"https:\\\/\\\/marktxxl.de\\\/markt\\\/#\\\/schema\\\/logo\\\/image\\\/\"}}]}<\/script>\n<!-- \/ Yoast SEO plugin. -->","yoast_head_json":{"title":"ZUSLAB Real weiche silikonh\u00fclle Kompatibel mit Samsung Galaxy S22 Utra H\u00fclle Zoll (2022), Liquid Silicone Anti-Scratch\u2026 - Markt-XXL","description":"Markt-XXL ZUSLAB Real weiche silikonh\u00fclle Kompatibel mit Samsung Galaxy S22 Utra H\u00fclle Zoll (2022), Liquid Silicone Anti-Scratch\u2026","robots":{"index":"index","follow":"follow","max-snippet":"max-snippet:-1","max-image-preview":"max-image-preview:large","max-video-preview":"max-video-preview:-1"},"canonical":"https:\/\/marktxxl.de\/markt\/produkt\/zuslab-real-weiche-silikonhuelle-kompatibel-mit-samsung-galaxy-s22-utra-huelle-zoll-2022-liquid-silicone-anti-scratch-gel-rubber-stossfest-schutz\/","og_locale":"de_DE","og_type":"article","og_title":"ZUSLAB Real weiche silikonh\u00fclle Kompatibel mit Samsung Galaxy S22 Utra H\u00fclle Zoll (2022), Liquid Silicone Anti-Scratch\u2026 - Markt-XXL","og_description":"Markt-XXL ZUSLAB Real weiche silikonh\u00fclle Kompatibel mit Samsung Galaxy S22 Utra H\u00fclle Zoll (2022), Liquid Silicone Anti-Scratch\u2026","og_url":"https:\/\/marktxxl.de\/markt\/produkt\/zuslab-real-weiche-silikonhuelle-kompatibel-mit-samsung-galaxy-s22-utra-huelle-zoll-2022-liquid-silicone-anti-scratch-gel-rubber-stossfest-schutz\/","og_site_name":"Markt-XXL","article_modified_time":"2023-04-07T00:53:30+00:00","og_image":[{"width":500,"height":500,"url":"https:\/\/m.media-amazon.com\/images\/I\/41G9-cnq2FL._SL500_.jpg","type":"image\/jpeg"}],"twitter_card":"summary_large_image","twitter_misc":{"Gesch\u00e4tzte Lesezeit":"1\u00a0Minute"},"schema":{"@context":"https:\/\/schema.org","@graph":[{"@type":"WebPage","@id":"https:\/\/marktxxl.de\/markt\/produkt\/zuslab-real-weiche-silikonhuelle-kompatibel-mit-samsung-galaxy-s22-utra-huelle-zoll-2022-liquid-silicone-anti-scratch-gel-rubber-stossfest-schutz\/","url":"https:\/\/marktxxl.de\/markt\/produkt\/zuslab-real-weiche-silikonhuelle-kompatibel-mit-samsung-galaxy-s22-utra-huelle-zoll-2022-liquid-silicone-anti-scratch-gel-rubber-stossfest-schutz\/","name":"ZUSLAB Real weiche silikonh\u00fclle Kompatibel mit Samsung Galaxy S22 Utra H\u00fclle Zoll (2022), Liquid Silicone Anti-Scratch\u2026 - Markt-XXL","isPartOf":{"@id":"https:\/\/marktxxl.de\/markt\/#website"},"primaryImageOfPage":{"@id":"https:\/\/marktxxl.de\/markt\/produkt\/zuslab-real-weiche-silikonhuelle-kompatibel-mit-samsung-galaxy-s22-utra-huelle-zoll-2022-liquid-silicone-anti-scratch-gel-rubber-stossfest-schutz\/#primaryimage"},"image":{"@id":"https:\/\/marktxxl.de\/markt\/produkt\/zuslab-real-weiche-silikonhuelle-kompatibel-mit-samsung-galaxy-s22-utra-huelle-zoll-2022-liquid-silicone-anti-scratch-gel-rubber-stossfest-schutz\/#primaryimage"},"thumbnailUrl":"https:\/\/m.media-amazon.com\/images\/I\/41G9-cnq2FL._SL500_.jpg","datePublished":"2022-05-14T18:55:06+00:00","dateModified":"2023-04-07T00:53:30+00:00","description":"Markt-XXL ZUSLAB Real weiche silikonh\u00fclle Kompatibel mit Samsung Galaxy S22 Utra H\u00fclle Zoll (2022), Liquid Silicone Anti-Scratch\u2026","breadcrumb":{"@id":"https:\/\/marktxxl.de\/markt\/produkt\/zuslab-real-weiche-silikonhuelle-kompatibel-mit-samsung-galaxy-s22-utra-huelle-zoll-2022-liquid-silicone-anti-scratch-gel-rubber-stossfest-schutz\/#breadcrumb"},"inLanguage":"de","potentialAction":[{"@type":"ReadAction","target":["https:\/\/marktxxl.de\/markt\/produkt\/zuslab-real-weiche-silikonhuelle-kompatibel-mit-samsung-galaxy-s22-utra-huelle-zoll-2022-liquid-silicone-anti-scratch-gel-rubber-stossfest-schutz\/"]}]},{"@type":"ImageObject","inLanguage":"de","@id":"https:\/\/marktxxl.de\/markt\/produkt\/zuslab-real-weiche-silikonhuelle-kompatibel-mit-samsung-galaxy-s22-utra-huelle-zoll-2022-liquid-silicone-anti-scratch-gel-rubber-stossfest-schutz\/#primaryimage","url":"https:\/\/m.media-amazon.com\/images\/I\/41G9-cnq2FL._SL500_.jpg","contentUrl":"https:\/\/m.media-amazon.com\/images\/I\/41G9-cnq2FL._SL500_.jpg","width":500,"height":500},{"@type":"BreadcrumbList","@id":"https:\/\/marktxxl.de\/markt\/produkt\/zuslab-real-weiche-silikonhuelle-kompatibel-mit-samsung-galaxy-s22-utra-huelle-zoll-2022-liquid-silicone-anti-scratch-gel-rubber-stossfest-schutz\/#breadcrumb","itemListElement":[{"@type":"ListItem","position":1,"name":"Startseite","item":"https:\/\/marktxxl.de\/markt\/"},{"@type":"ListItem","position":2,"name":"Markt","item":"https:\/\/marktxxl.de\/markt\/"},{"@type":"ListItem","position":3,"name":"ZUSLAB Real weiche silikonh\u00fclle Kompatibel mit Samsung Galaxy S22 Utra H\u00fclle Zoll (2022), Liquid Silicone Anti-Scratch\u2026"}]},{"@type":"WebSite","@id":"https:\/\/marktxxl.de\/markt\/#website","url":"https:\/\/marktxxl.de\/markt\/","name":"Markt-XXL","description":"Ihr Markt Online","publisher":{"@id":"https:\/\/marktxxl.de\/markt\/#organization"},"potentialAction":[{"@type":"SearchAction","target":{"@type":"EntryPoint","urlTemplate":"https:\/\/marktxxl.de\/markt\/?s={search_term_string}"},"query-input":{"@type":"PropertyValueSpecification","valueRequired":true,"valueName":"search_term_string"}}],"inLanguage":"de"},{"@type":"Organization","@id":"https:\/\/marktxxl.de\/markt\/#organization","name":"Markt-XXL","url":"https:\/\/marktxxl.de\/markt\/","logo":{"@type":"ImageObject","inLanguage":"de","@id":"https:\/\/marktxxl.de\/markt\/#\/schema\/logo\/image\/","url":"https:\/\/marktxxl.de\/markt\/wp-content\/uploads\/sites\/3\/2020\/12\/logo.png","contentUrl":"https:\/\/marktxxl.de\/markt\/wp-content\/uploads\/sites\/3\/2020\/12\/logo.png","width":200,"height":70,"caption":"Markt-XXL"},"image":{"@id":"https:\/\/marktxxl.de\/markt\/#\/schema\/logo\/image\/"}}]}},"_links":{"self":[{"href":"https:\/\/marktxxl.de\/markt\/wp-json\/wp\/v2\/product\/112701","targetHints":{"allow":["GET"]}}],"collection":[{"href":"https:\/\/marktxxl.de\/markt\/wp-json\/wp\/v2\/product"}],"about":[{"href":"https:\/\/marktxxl.de\/markt\/wp-json\/wp\/v2\/types\/product"}],"replies":[{"embeddable":true,"href":"https:\/\/marktxxl.de\/markt\/wp-json\/wp\/v2\/comments?post=112701"}],"wp:featuredmedia":[{"embeddable":true,"href":"https:\/\/marktxxl.de\/markt\/wp-json\/wp\/v2\/media\/112702"}],"wp:attachment":[{"href":"https:\/\/marktxxl.de\/markt\/wp-json\/wp\/v2\/media?parent=112701"}],"wp:term":[{"taxonomy":"product_brand","embeddable":true,"href":"https:\/\/marktxxl.de\/markt\/wp-json\/wp\/v2\/product_brand?post=112701"},{"taxonomy":"product_cat","embeddable":true,"href":"https:\/\/marktxxl.de\/markt\/wp-json\/wp\/v2\/product_cat?post=112701"},{"taxonomy":"product_tag","embeddable":true,"href":"https:\/\/marktxxl.de\/markt\/wp-json\/wp\/v2\/product_tag?post=112701"}],"curies":[{"name":"wp","href":"https:\/\/api.w.org\/{rel}","templated":true}]}}