{"id":112661,"date":"2022-05-14T19:53:38","date_gmt":"2022-05-14T17:53:38","guid":{"rendered":"https:\/\/marktxxl.de\/markt\/produkt\/gargala-hochzeit-strumpfbaender-fuer-braut-mit-anti-rutsch-silikon-spitze-brautstrumpfband-set-mit-blau-klar-strass-kristall-perle\/"},"modified":"2023-04-07T02:53:29","modified_gmt":"2023-04-07T00:53:29","slug":"gargala-hochzeit-strumpfbaender-fuer-braut-mit-anti-rutsch-silikon-spitze-brautstrumpfband-set-mit-blau-klar-strass-kristall-perle","status":"publish","type":"product","link":"https:\/\/marktxxl.de\/markt\/produkt\/gargala-hochzeit-strumpfbaender-fuer-braut-mit-anti-rutsch-silikon-spitze-brautstrumpfband-set-mit-blau-klar-strass-kristall-perle\/","title":{"rendered":"GARGALA Hochzeit Strumpfb\u00e4nder f\u00fcr Braut mit rutschfestem Silikon, Spitze Braut Strumpfband Set mit klaren Strasssteinen\u2026"},"content":{"rendered":"<p>Die Strumpfb\u00e4nder sind in verschiedenen Gr\u00f6\u00dfen erh\u00e4ltlich. &#8220;S&#8221; ist f\u00fcr 38,1-40,6 cm Oberschenkel, &#8220;M&#8221; ist f\u00fcr 43,2-45,7 cm Oberschenkel, &#8220;L&#8221; ist f\u00fcr 48,3-53,3 cm Oberschenkel.<br \/>\nVerbessertes rutschfestes Silikon-Design, um das Strumpfband gut an den Oberschenkeln zu halten, ohne zu verrutschen.<br \/>\nUnterschiedliches Design zwischen zwei Strumpfhaltern, der Umfang des Strumpfhalters ist 2 cm kleiner als das Andenken. Es ist flexibler f\u00fcr Ihr Bein.<br \/>\nDer Strapsg\u00fcrtel ist aus hoher Elastizit\u00e4t und weicher Spitze, die sehr angenehm zu tragen ist. Das klassische Strumpfband Set eignet sich f\u00fcr Sie zu jedem Anlass, wie Hochzeiten, Flitterwochen, Party, Strand und so weiter.<br \/>\nExquisite Verpackung: Das Strumpfband Set wird mit einer sch\u00f6nen Verpackung geliefert. Es kann auch ein Geschenk f\u00fcr die Braut und Brautjungfer sein.<br \/>\n<div class=\"main-cross-sell\" data-asin=\"B0849JYXMS\">\n\n\t<div class=\"WooZone-cross-sell-loader\">\n\t\t<div>\n\t\t\t<div id=\"floatingBarsG\">\n\t\t\t\t<div class=\"blockG\" id=\"rotateG_01\"><\/div>\n\t\t\t\t<div class=\"blockG\" id=\"rotateG_02\"><\/div>\n\t\t\t\t<div class=\"blockG\" id=\"rotateG_03\"><\/div>\n\t\t\t\t<div class=\"blockG\" id=\"rotateG_04\"><\/div>\n\t\t\t\t<div class=\"blockG\" id=\"rotateG_05\"><\/div>\n\t\t\t\t<div class=\"blockG\" id=\"rotateG_06\"><\/div>\n\t\t\t\t<div class=\"blockG\" id=\"rotateG_07\"><\/div>\n\t\t\t\t<div class=\"blockG\" id=\"rotateG_08\"><\/div>\n\t\t\t<\/div>\n\t\t\t<div class=\"WooZone-cross-sell-loader-text\"><\/div>\n\t\t<\/div>\n\t<\/div>\n\n\t\t\n<\/div>\n<div style=\"clear:both;\"><\/div><\/p>\n","protected":false},"excerpt":{"rendered":"<p>Die Strumpfb\u00e4nder sind in verschiedenen Gr\u00f6\u00dfen erh\u00e4ltlich. &#8220;S&#8221; ist f\u00fcr 38,1-40,6 cm Oberschenkel, &#8220;M&#8221; ist f\u00fcr 43,2-45,7 cm Oberschenkel, &#8220;L&#8221; ist f\u00fcr 48,3-53,3 cm Oberschenkel.<br \/>\nVerbessertes rutschfestes Silikon-Design, um das Strumpfband gut an den Oberschenkeln zu halten, ohne zu verrutschen.<br \/>\nUnterschiedliches Design zwischen zwei Strumpfhaltern, der Umfang des Strumpfhalters ist 2 cm kleiner als das Andenken. Es ist flexibler f\u00fcr Ihr Bein.<\/p>\n","protected":false},"featured_media":112662,"comment_status":"open","ping_status":"closed","template":"","meta":[],"product_brand":[],"product_cat":[652],"product_tag":[],"class_list":{"0":"post-112661","1":"product","2":"type-product","3":"status-publish","4":"has-post-thumbnail","6":"product_cat-erotik-markt-xxl","7":"pa_binding-textilien","8":"pa_brand-gargala","9":"pa_height-0-5-zoll","10":"pa_length-8-zoll","11":"pa_width-3-5-zoll","13":"first","14":"instock","15":"shipping-taxable","16":"purchasable","17":"product-type-simple","18":"customify-col","19":"product-has-gallery"},"yoast_head":"<!-- This site is optimized with the Yoast SEO plugin v27.3 - https:\/\/yoast.com\/product\/yoast-seo-wordpress\/ -->\n<title>GARGALA Hochzeit Strumpfb\u00e4nder f\u00fcr Braut mit rutschfestem Silikon, Spitze Braut Strumpfband Set mit klaren Strasssteinen\u2026 - Markt-XXL<\/title>\n<meta name=\"description\" content=\"Markt-XXL GARGALA Hochzeit Strumpfb\u00e4nder f\u00fcr Braut mit rutschfestem Silikon, Spitze Braut Strumpfband Set mit klaren Strasssteinen\u2026\" \/>\n<meta name=\"robots\" content=\"index, follow, max-snippet:-1, max-image-preview:large, max-video-preview:-1\" \/>\n<link rel=\"canonical\" href=\"https:\/\/marktxxl.de\/markt\/produkt\/gargala-hochzeit-strumpfbaender-fuer-braut-mit-anti-rutsch-silikon-spitze-brautstrumpfband-set-mit-blau-klar-strass-kristall-perle\/\" \/>\n<meta property=\"og:locale\" content=\"de_DE\" \/>\n<meta property=\"og:type\" content=\"article\" \/>\n<meta property=\"og:title\" content=\"GARGALA Hochzeit Strumpfb\u00e4nder f\u00fcr Braut mit rutschfestem Silikon, Spitze Braut Strumpfband Set mit klaren Strasssteinen\u2026 - Markt-XXL\" \/>\n<meta property=\"og:description\" content=\"Markt-XXL GARGALA Hochzeit Strumpfb\u00e4nder f\u00fcr Braut mit rutschfestem Silikon, Spitze Braut Strumpfband Set mit klaren Strasssteinen\u2026\" \/>\n<meta property=\"og:url\" content=\"https:\/\/marktxxl.de\/markt\/produkt\/gargala-hochzeit-strumpfbaender-fuer-braut-mit-anti-rutsch-silikon-spitze-brautstrumpfband-set-mit-blau-klar-strass-kristall-perle\/\" \/>\n<meta property=\"og:site_name\" content=\"Markt-XXL\" \/>\n<meta property=\"article:modified_time\" content=\"2023-04-07T00:53:29+00:00\" \/>\n<meta property=\"og:image\" content=\"https:\/\/m.media-amazon.com\/images\/I\/51g4KiA8v1L._SL500_.jpg\" \/>\n\t<meta property=\"og:image:width\" content=\"500\" \/>\n\t<meta property=\"og:image:height\" content=\"396\" \/>\n\t<meta property=\"og:image:type\" content=\"image\/jpeg\" \/>\n<meta name=\"twitter:card\" content=\"summary_large_image\" \/>\n<meta name=\"twitter:label1\" content=\"Gesch\u00e4tzte Lesezeit\" \/>\n\t<meta name=\"twitter:data1\" content=\"1\u00a0Minute\" \/>\n<script type=\"application\/ld+json\" class=\"yoast-schema-graph\">{\"@context\":\"https:\\\/\\\/schema.org\",\"@graph\":[{\"@type\":\"WebPage\",\"@id\":\"https:\\\/\\\/marktxxl.de\\\/markt\\\/produkt\\\/gargala-hochzeit-strumpfbaender-fuer-braut-mit-anti-rutsch-silikon-spitze-brautstrumpfband-set-mit-blau-klar-strass-kristall-perle\\\/\",\"url\":\"https:\\\/\\\/marktxxl.de\\\/markt\\\/produkt\\\/gargala-hochzeit-strumpfbaender-fuer-braut-mit-anti-rutsch-silikon-spitze-brautstrumpfband-set-mit-blau-klar-strass-kristall-perle\\\/\",\"name\":\"GARGALA Hochzeit Strumpfb\u00e4nder f\u00fcr Braut mit rutschfestem Silikon, Spitze Braut Strumpfband Set mit klaren Strasssteinen\u2026 - Markt-XXL\",\"isPartOf\":{\"@id\":\"https:\\\/\\\/marktxxl.de\\\/markt\\\/#website\"},\"primaryImageOfPage\":{\"@id\":\"https:\\\/\\\/marktxxl.de\\\/markt\\\/produkt\\\/gargala-hochzeit-strumpfbaender-fuer-braut-mit-anti-rutsch-silikon-spitze-brautstrumpfband-set-mit-blau-klar-strass-kristall-perle\\\/#primaryimage\"},\"image\":{\"@id\":\"https:\\\/\\\/marktxxl.de\\\/markt\\\/produkt\\\/gargala-hochzeit-strumpfbaender-fuer-braut-mit-anti-rutsch-silikon-spitze-brautstrumpfband-set-mit-blau-klar-strass-kristall-perle\\\/#primaryimage\"},\"thumbnailUrl\":\"https:\\\/\\\/m.media-amazon.com\\\/images\\\/I\\\/51g4KiA8v1L._SL500_.jpg\",\"datePublished\":\"2022-05-14T17:53:38+00:00\",\"dateModified\":\"2023-04-07T00:53:29+00:00\",\"description\":\"Markt-XXL GARGALA Hochzeit Strumpfb\u00e4nder f\u00fcr Braut mit rutschfestem Silikon, Spitze Braut Strumpfband Set mit klaren Strasssteinen\u2026\",\"breadcrumb\":{\"@id\":\"https:\\\/\\\/marktxxl.de\\\/markt\\\/produkt\\\/gargala-hochzeit-strumpfbaender-fuer-braut-mit-anti-rutsch-silikon-spitze-brautstrumpfband-set-mit-blau-klar-strass-kristall-perle\\\/#breadcrumb\"},\"inLanguage\":\"de\",\"potentialAction\":[{\"@type\":\"ReadAction\",\"target\":[\"https:\\\/\\\/marktxxl.de\\\/markt\\\/produkt\\\/gargala-hochzeit-strumpfbaender-fuer-braut-mit-anti-rutsch-silikon-spitze-brautstrumpfband-set-mit-blau-klar-strass-kristall-perle\\\/\"]}]},{\"@type\":\"ImageObject\",\"inLanguage\":\"de\",\"@id\":\"https:\\\/\\\/marktxxl.de\\\/markt\\\/produkt\\\/gargala-hochzeit-strumpfbaender-fuer-braut-mit-anti-rutsch-silikon-spitze-brautstrumpfband-set-mit-blau-klar-strass-kristall-perle\\\/#primaryimage\",\"url\":\"https:\\\/\\\/m.media-amazon.com\\\/images\\\/I\\\/51g4KiA8v1L._SL500_.jpg\",\"contentUrl\":\"https:\\\/\\\/m.media-amazon.com\\\/images\\\/I\\\/51g4KiA8v1L._SL500_.jpg\",\"width\":500,\"height\":396},{\"@type\":\"BreadcrumbList\",\"@id\":\"https:\\\/\\\/marktxxl.de\\\/markt\\\/produkt\\\/gargala-hochzeit-strumpfbaender-fuer-braut-mit-anti-rutsch-silikon-spitze-brautstrumpfband-set-mit-blau-klar-strass-kristall-perle\\\/#breadcrumb\",\"itemListElement\":[{\"@type\":\"ListItem\",\"position\":1,\"name\":\"Startseite\",\"item\":\"https:\\\/\\\/marktxxl.de\\\/markt\\\/\"},{\"@type\":\"ListItem\",\"position\":2,\"name\":\"Markt\",\"item\":\"https:\\\/\\\/marktxxl.de\\\/markt\\\/\"},{\"@type\":\"ListItem\",\"position\":3,\"name\":\"GARGALA Hochzeit Strumpfb\u00e4nder f\u00fcr Braut mit rutschfestem Silikon, Spitze Braut Strumpfband Set mit klaren Strasssteinen\u2026\"}]},{\"@type\":\"WebSite\",\"@id\":\"https:\\\/\\\/marktxxl.de\\\/markt\\\/#website\",\"url\":\"https:\\\/\\\/marktxxl.de\\\/markt\\\/\",\"name\":\"Markt-XXL\",\"description\":\"Ihr Markt Online\",\"publisher\":{\"@id\":\"https:\\\/\\\/marktxxl.de\\\/markt\\\/#organization\"},\"potentialAction\":[{\"@type\":\"SearchAction\",\"target\":{\"@type\":\"EntryPoint\",\"urlTemplate\":\"https:\\\/\\\/marktxxl.de\\\/markt\\\/?s={search_term_string}\"},\"query-input\":{\"@type\":\"PropertyValueSpecification\",\"valueRequired\":true,\"valueName\":\"search_term_string\"}}],\"inLanguage\":\"de\"},{\"@type\":\"Organization\",\"@id\":\"https:\\\/\\\/marktxxl.de\\\/markt\\\/#organization\",\"name\":\"Markt-XXL\",\"url\":\"https:\\\/\\\/marktxxl.de\\\/markt\\\/\",\"logo\":{\"@type\":\"ImageObject\",\"inLanguage\":\"de\",\"@id\":\"https:\\\/\\\/marktxxl.de\\\/markt\\\/#\\\/schema\\\/logo\\\/image\\\/\",\"url\":\"https:\\\/\\\/marktxxl.de\\\/markt\\\/wp-content\\\/uploads\\\/sites\\\/3\\\/2020\\\/12\\\/logo.png\",\"contentUrl\":\"https:\\\/\\\/marktxxl.de\\\/markt\\\/wp-content\\\/uploads\\\/sites\\\/3\\\/2020\\\/12\\\/logo.png\",\"width\":200,\"height\":70,\"caption\":\"Markt-XXL\"},\"image\":{\"@id\":\"https:\\\/\\\/marktxxl.de\\\/markt\\\/#\\\/schema\\\/logo\\\/image\\\/\"}}]}<\/script>\n<!-- \/ Yoast SEO plugin. -->","yoast_head_json":{"title":"GARGALA Hochzeit Strumpfb\u00e4nder f\u00fcr Braut mit rutschfestem Silikon, Spitze Braut Strumpfband Set mit klaren Strasssteinen\u2026 - Markt-XXL","description":"Markt-XXL GARGALA Hochzeit Strumpfb\u00e4nder f\u00fcr Braut mit rutschfestem Silikon, Spitze Braut Strumpfband Set mit klaren Strasssteinen\u2026","robots":{"index":"index","follow":"follow","max-snippet":"max-snippet:-1","max-image-preview":"max-image-preview:large","max-video-preview":"max-video-preview:-1"},"canonical":"https:\/\/marktxxl.de\/markt\/produkt\/gargala-hochzeit-strumpfbaender-fuer-braut-mit-anti-rutsch-silikon-spitze-brautstrumpfband-set-mit-blau-klar-strass-kristall-perle\/","og_locale":"de_DE","og_type":"article","og_title":"GARGALA Hochzeit Strumpfb\u00e4nder f\u00fcr Braut mit rutschfestem Silikon, Spitze Braut Strumpfband Set mit klaren Strasssteinen\u2026 - Markt-XXL","og_description":"Markt-XXL GARGALA Hochzeit Strumpfb\u00e4nder f\u00fcr Braut mit rutschfestem Silikon, Spitze Braut Strumpfband Set mit klaren Strasssteinen\u2026","og_url":"https:\/\/marktxxl.de\/markt\/produkt\/gargala-hochzeit-strumpfbaender-fuer-braut-mit-anti-rutsch-silikon-spitze-brautstrumpfband-set-mit-blau-klar-strass-kristall-perle\/","og_site_name":"Markt-XXL","article_modified_time":"2023-04-07T00:53:29+00:00","og_image":[{"width":500,"height":396,"url":"https:\/\/m.media-amazon.com\/images\/I\/51g4KiA8v1L._SL500_.jpg","type":"image\/jpeg"}],"twitter_card":"summary_large_image","twitter_misc":{"Gesch\u00e4tzte Lesezeit":"1\u00a0Minute"},"schema":{"@context":"https:\/\/schema.org","@graph":[{"@type":"WebPage","@id":"https:\/\/marktxxl.de\/markt\/produkt\/gargala-hochzeit-strumpfbaender-fuer-braut-mit-anti-rutsch-silikon-spitze-brautstrumpfband-set-mit-blau-klar-strass-kristall-perle\/","url":"https:\/\/marktxxl.de\/markt\/produkt\/gargala-hochzeit-strumpfbaender-fuer-braut-mit-anti-rutsch-silikon-spitze-brautstrumpfband-set-mit-blau-klar-strass-kristall-perle\/","name":"GARGALA Hochzeit Strumpfb\u00e4nder f\u00fcr Braut mit rutschfestem Silikon, Spitze Braut Strumpfband Set mit klaren Strasssteinen\u2026 - Markt-XXL","isPartOf":{"@id":"https:\/\/marktxxl.de\/markt\/#website"},"primaryImageOfPage":{"@id":"https:\/\/marktxxl.de\/markt\/produkt\/gargala-hochzeit-strumpfbaender-fuer-braut-mit-anti-rutsch-silikon-spitze-brautstrumpfband-set-mit-blau-klar-strass-kristall-perle\/#primaryimage"},"image":{"@id":"https:\/\/marktxxl.de\/markt\/produkt\/gargala-hochzeit-strumpfbaender-fuer-braut-mit-anti-rutsch-silikon-spitze-brautstrumpfband-set-mit-blau-klar-strass-kristall-perle\/#primaryimage"},"thumbnailUrl":"https:\/\/m.media-amazon.com\/images\/I\/51g4KiA8v1L._SL500_.jpg","datePublished":"2022-05-14T17:53:38+00:00","dateModified":"2023-04-07T00:53:29+00:00","description":"Markt-XXL GARGALA Hochzeit Strumpfb\u00e4nder f\u00fcr Braut mit rutschfestem Silikon, Spitze Braut Strumpfband Set mit klaren Strasssteinen\u2026","breadcrumb":{"@id":"https:\/\/marktxxl.de\/markt\/produkt\/gargala-hochzeit-strumpfbaender-fuer-braut-mit-anti-rutsch-silikon-spitze-brautstrumpfband-set-mit-blau-klar-strass-kristall-perle\/#breadcrumb"},"inLanguage":"de","potentialAction":[{"@type":"ReadAction","target":["https:\/\/marktxxl.de\/markt\/produkt\/gargala-hochzeit-strumpfbaender-fuer-braut-mit-anti-rutsch-silikon-spitze-brautstrumpfband-set-mit-blau-klar-strass-kristall-perle\/"]}]},{"@type":"ImageObject","inLanguage":"de","@id":"https:\/\/marktxxl.de\/markt\/produkt\/gargala-hochzeit-strumpfbaender-fuer-braut-mit-anti-rutsch-silikon-spitze-brautstrumpfband-set-mit-blau-klar-strass-kristall-perle\/#primaryimage","url":"https:\/\/m.media-amazon.com\/images\/I\/51g4KiA8v1L._SL500_.jpg","contentUrl":"https:\/\/m.media-amazon.com\/images\/I\/51g4KiA8v1L._SL500_.jpg","width":500,"height":396},{"@type":"BreadcrumbList","@id":"https:\/\/marktxxl.de\/markt\/produkt\/gargala-hochzeit-strumpfbaender-fuer-braut-mit-anti-rutsch-silikon-spitze-brautstrumpfband-set-mit-blau-klar-strass-kristall-perle\/#breadcrumb","itemListElement":[{"@type":"ListItem","position":1,"name":"Startseite","item":"https:\/\/marktxxl.de\/markt\/"},{"@type":"ListItem","position":2,"name":"Markt","item":"https:\/\/marktxxl.de\/markt\/"},{"@type":"ListItem","position":3,"name":"GARGALA Hochzeit Strumpfb\u00e4nder f\u00fcr Braut mit rutschfestem Silikon, Spitze Braut Strumpfband Set mit klaren Strasssteinen\u2026"}]},{"@type":"WebSite","@id":"https:\/\/marktxxl.de\/markt\/#website","url":"https:\/\/marktxxl.de\/markt\/","name":"Markt-XXL","description":"Ihr Markt Online","publisher":{"@id":"https:\/\/marktxxl.de\/markt\/#organization"},"potentialAction":[{"@type":"SearchAction","target":{"@type":"EntryPoint","urlTemplate":"https:\/\/marktxxl.de\/markt\/?s={search_term_string}"},"query-input":{"@type":"PropertyValueSpecification","valueRequired":true,"valueName":"search_term_string"}}],"inLanguage":"de"},{"@type":"Organization","@id":"https:\/\/marktxxl.de\/markt\/#organization","name":"Markt-XXL","url":"https:\/\/marktxxl.de\/markt\/","logo":{"@type":"ImageObject","inLanguage":"de","@id":"https:\/\/marktxxl.de\/markt\/#\/schema\/logo\/image\/","url":"https:\/\/marktxxl.de\/markt\/wp-content\/uploads\/sites\/3\/2020\/12\/logo.png","contentUrl":"https:\/\/marktxxl.de\/markt\/wp-content\/uploads\/sites\/3\/2020\/12\/logo.png","width":200,"height":70,"caption":"Markt-XXL"},"image":{"@id":"https:\/\/marktxxl.de\/markt\/#\/schema\/logo\/image\/"}}]}},"_links":{"self":[{"href":"https:\/\/marktxxl.de\/markt\/wp-json\/wp\/v2\/product\/112661","targetHints":{"allow":["GET"]}}],"collection":[{"href":"https:\/\/marktxxl.de\/markt\/wp-json\/wp\/v2\/product"}],"about":[{"href":"https:\/\/marktxxl.de\/markt\/wp-json\/wp\/v2\/types\/product"}],"replies":[{"embeddable":true,"href":"https:\/\/marktxxl.de\/markt\/wp-json\/wp\/v2\/comments?post=112661"}],"wp:featuredmedia":[{"embeddable":true,"href":"https:\/\/marktxxl.de\/markt\/wp-json\/wp\/v2\/media\/112662"}],"wp:attachment":[{"href":"https:\/\/marktxxl.de\/markt\/wp-json\/wp\/v2\/media?parent=112661"}],"wp:term":[{"taxonomy":"product_brand","embeddable":true,"href":"https:\/\/marktxxl.de\/markt\/wp-json\/wp\/v2\/product_brand?post=112661"},{"taxonomy":"product_cat","embeddable":true,"href":"https:\/\/marktxxl.de\/markt\/wp-json\/wp\/v2\/product_cat?post=112661"},{"taxonomy":"product_tag","embeddable":true,"href":"https:\/\/marktxxl.de\/markt\/wp-json\/wp\/v2\/product_tag?post=112661"}],"curies":[{"name":"wp","href":"https:\/\/api.w.org\/{rel}","templated":true}]}}