{"id":112646,"date":"2022-05-14T19:53:18","date_gmt":"2022-05-14T17:53:18","guid":{"rendered":"https:\/\/marktxxl.de\/markt\/produkt\/herren-punk-kunstleder-body-chest-harness-blet-mit-metall-o-ringen-verstellbare-schnalle-riemen-clubwear-kostuem\/"},"modified":"2023-04-07T02:53:28","modified_gmt":"2023-04-07T00:53:28","slug":"herren-punk-kunstleder-body-chest-harness-blet-mit-metall-o-ringen-verstellbare-schnalle-riemen-clubwear-kostuem","status":"publish","type":"product","link":"https:\/\/marktxxl.de\/markt\/produkt\/herren-punk-kunstleder-body-chest-harness-blet-mit-metall-o-ringen-verstellbare-schnalle-riemen-clubwear-kostuem\/","title":{"rendered":"Herren Punk Kunstleder Body Chest Harness Blet mit Metall-O-Ringen Verstellbare Schnalle Riemen Clubwear Kost\u00fcm"},"content":{"rendered":"<p>\u2605 Material: PU-Leder, Metall, weiches Leder, langlebig und angenehm zu tragen. 100 % Handarbeit.<br \/>\n\u2605 Brustgeschirr f\u00fcr Herren, Unisex Hot Punk Tailleng\u00fcrtel, mit 2 Metall-O-Ringen, verstellbaren Schnallenriemen, praktisch f\u00fcr alle, einfach zu tragen und einfach zu \u00f6ffnen.<br \/>\n\u2605 Brustgeschirr aus Leder, originell und stilvoll, schafft einen gut muskeligen Look, l\u00e4sst Sie einzigartiger aussehen. Toll zu Jeans und Freizeitkleidung.<br \/>\n\u2605 Einheitsgr\u00f6\u00dfe, Taillenl\u00e4nge: 110 cm. Y-R\u00fcckenform, Schultergurte und Taille k\u00f6nnen je nach K\u00f6rpergr\u00f6\u00dfe angepasst werden, mit Metallschnalle.<br \/>\n\u2605 Der einzigartige Herren-Lederg\u00fcrtel kann f\u00fcr Routine-Kleidung, Urlaub, Partys, Halloween, Cosplay, Hochzeiten, Rollenspiele und fr\u00f6hliche Momente verwendet werden, um Sie attraktiver und auff\u00e4lliger zu machen. Dar\u00fcber hinaus ist er f\u00fcr den Urlaub sowie f\u00fcr andere formelle oder informelle Anl\u00e4sse geeignet.<br \/>\n<div class=\"main-cross-sell\" data-asin=\"B08NH5THG1\">\n\n\t<div class=\"WooZone-cross-sell-loader\">\n\t\t<div>\n\t\t\t<div id=\"floatingBarsG\">\n\t\t\t\t<div class=\"blockG\" id=\"rotateG_01\"><\/div>\n\t\t\t\t<div class=\"blockG\" id=\"rotateG_02\"><\/div>\n\t\t\t\t<div class=\"blockG\" id=\"rotateG_03\"><\/div>\n\t\t\t\t<div class=\"blockG\" id=\"rotateG_04\"><\/div>\n\t\t\t\t<div class=\"blockG\" id=\"rotateG_05\"><\/div>\n\t\t\t\t<div class=\"blockG\" id=\"rotateG_06\"><\/div>\n\t\t\t\t<div class=\"blockG\" id=\"rotateG_07\"><\/div>\n\t\t\t\t<div class=\"blockG\" id=\"rotateG_08\"><\/div>\n\t\t\t<\/div>\n\t\t\t<div class=\"WooZone-cross-sell-loader-text\"><\/div>\n\t\t<\/div>\n\t<\/div>\n\n\t\t\n<\/div>\n<div style=\"clear:both;\"><\/div><\/p>\n","protected":false},"excerpt":{"rendered":"<p>\u2605 Material: PU-Leder, Metall, weiches Leder, langlebig und angenehm zu tragen. 100 % Handarbeit.<br \/>\n\u2605 Brustgeschirr f\u00fcr Herren, Unisex Hot Punk Tailleng\u00fcrtel, mit 2 Metall-O-Ringen, verstellbaren Schnallenriemen, praktisch f\u00fcr alle, einfach zu tragen und einfach zu \u00f6ffnen.<br \/>\n\u2605 Brustgeschirr aus Leder, originell und stilvoll, schafft einen gut muskeligen Look, l\u00e4sst Sie einzigartiger aussehen. Toll zu Jeans und Freizeitkleidung.<\/p>\n","protected":false},"featured_media":112647,"comment_status":"open","ping_status":"closed","template":"","meta":[],"product_brand":[],"product_cat":[652,3064],"product_tag":[],"class_list":{"0":"post-112646","1":"product","2":"type-product","3":"status-publish","4":"has-post-thumbnail","6":"product_cat-erotik-markt-xxl","7":"product_cat-fesseln-bondage","8":"pa_brand-mridadsc","9":"pa_color-schwarz","10":"pa_manufacturer-mridadsc","11":"pa_size-einheitsgroesse","13":"first","14":"instock","15":"shipping-taxable","16":"purchasable","17":"product-type-simple","18":"customify-col","19":"product-has-gallery"},"yoast_head":"<!-- This site is optimized with the Yoast SEO plugin v27.4 - https:\/\/yoast.com\/product\/yoast-seo-wordpress\/ -->\n<title>Herren Punk Kunstleder Body Chest Harness Blet mit Metall-O-Ringen Verstellbare Schnalle Riemen Clubwear Kost\u00fcm - Markt-XXL<\/title>\n<meta name=\"description\" content=\"Markt-XXL Herren Punk Kunstleder Body Chest Harness Blet mit Metall-O-Ringen Verstellbare Schnalle Riemen Clubwear Kost\u00fcm\" \/>\n<meta name=\"robots\" content=\"index, follow, max-snippet:-1, max-image-preview:large, max-video-preview:-1\" \/>\n<link rel=\"canonical\" href=\"https:\/\/marktxxl.de\/markt\/produkt\/herren-punk-kunstleder-body-chest-harness-blet-mit-metall-o-ringen-verstellbare-schnalle-riemen-clubwear-kostuem\/\" \/>\n<meta property=\"og:locale\" content=\"de_DE\" \/>\n<meta property=\"og:type\" content=\"article\" \/>\n<meta property=\"og:title\" content=\"Herren Punk Kunstleder Body Chest Harness Blet mit Metall-O-Ringen Verstellbare Schnalle Riemen Clubwear Kost\u00fcm - Markt-XXL\" \/>\n<meta property=\"og:description\" content=\"Markt-XXL Herren Punk Kunstleder Body Chest Harness Blet mit Metall-O-Ringen Verstellbare Schnalle Riemen Clubwear Kost\u00fcm\" \/>\n<meta property=\"og:url\" content=\"https:\/\/marktxxl.de\/markt\/produkt\/herren-punk-kunstleder-body-chest-harness-blet-mit-metall-o-ringen-verstellbare-schnalle-riemen-clubwear-kostuem\/\" \/>\n<meta property=\"og:site_name\" content=\"Markt-XXL\" \/>\n<meta property=\"article:modified_time\" content=\"2023-04-07T00:53:28+00:00\" \/>\n<meta property=\"og:image\" content=\"https:\/\/m.media-amazon.com\/images\/I\/31TQnW0VW-L._SL500_.jpg\" \/>\n\t<meta property=\"og:image:width\" content=\"464\" \/>\n\t<meta property=\"og:image:height\" content=\"500\" \/>\n\t<meta property=\"og:image:type\" content=\"image\/jpeg\" \/>\n<meta name=\"twitter:card\" content=\"summary_large_image\" \/>\n<meta name=\"twitter:label1\" content=\"Gesch\u00e4tzte Lesezeit\" \/>\n\t<meta name=\"twitter:data1\" content=\"1\u00a0Minute\" \/>\n<script type=\"application\/ld+json\" class=\"yoast-schema-graph\">{\"@context\":\"https:\\\/\\\/schema.org\",\"@graph\":[{\"@type\":\"WebPage\",\"@id\":\"https:\\\/\\\/marktxxl.de\\\/markt\\\/produkt\\\/herren-punk-kunstleder-body-chest-harness-blet-mit-metall-o-ringen-verstellbare-schnalle-riemen-clubwear-kostuem\\\/\",\"url\":\"https:\\\/\\\/marktxxl.de\\\/markt\\\/produkt\\\/herren-punk-kunstleder-body-chest-harness-blet-mit-metall-o-ringen-verstellbare-schnalle-riemen-clubwear-kostuem\\\/\",\"name\":\"Herren Punk Kunstleder Body Chest Harness Blet mit Metall-O-Ringen Verstellbare Schnalle Riemen Clubwear Kost\u00fcm - Markt-XXL\",\"isPartOf\":{\"@id\":\"https:\\\/\\\/marktxxl.de\\\/markt\\\/#website\"},\"primaryImageOfPage\":{\"@id\":\"https:\\\/\\\/marktxxl.de\\\/markt\\\/produkt\\\/herren-punk-kunstleder-body-chest-harness-blet-mit-metall-o-ringen-verstellbare-schnalle-riemen-clubwear-kostuem\\\/#primaryimage\"},\"image\":{\"@id\":\"https:\\\/\\\/marktxxl.de\\\/markt\\\/produkt\\\/herren-punk-kunstleder-body-chest-harness-blet-mit-metall-o-ringen-verstellbare-schnalle-riemen-clubwear-kostuem\\\/#primaryimage\"},\"thumbnailUrl\":\"https:\\\/\\\/m.media-amazon.com\\\/images\\\/I\\\/31TQnW0VW-L._SL500_.jpg\",\"datePublished\":\"2022-05-14T17:53:18+00:00\",\"dateModified\":\"2023-04-07T00:53:28+00:00\",\"description\":\"Markt-XXL Herren Punk Kunstleder Body Chest Harness Blet mit Metall-O-Ringen Verstellbare Schnalle Riemen Clubwear Kost\u00fcm\",\"breadcrumb\":{\"@id\":\"https:\\\/\\\/marktxxl.de\\\/markt\\\/produkt\\\/herren-punk-kunstleder-body-chest-harness-blet-mit-metall-o-ringen-verstellbare-schnalle-riemen-clubwear-kostuem\\\/#breadcrumb\"},\"inLanguage\":\"de\",\"potentialAction\":[{\"@type\":\"ReadAction\",\"target\":[\"https:\\\/\\\/marktxxl.de\\\/markt\\\/produkt\\\/herren-punk-kunstleder-body-chest-harness-blet-mit-metall-o-ringen-verstellbare-schnalle-riemen-clubwear-kostuem\\\/\"]}]},{\"@type\":\"ImageObject\",\"inLanguage\":\"de\",\"@id\":\"https:\\\/\\\/marktxxl.de\\\/markt\\\/produkt\\\/herren-punk-kunstleder-body-chest-harness-blet-mit-metall-o-ringen-verstellbare-schnalle-riemen-clubwear-kostuem\\\/#primaryimage\",\"url\":\"https:\\\/\\\/m.media-amazon.com\\\/images\\\/I\\\/31TQnW0VW-L._SL500_.jpg\",\"contentUrl\":\"https:\\\/\\\/m.media-amazon.com\\\/images\\\/I\\\/31TQnW0VW-L._SL500_.jpg\",\"width\":464,\"height\":500},{\"@type\":\"BreadcrumbList\",\"@id\":\"https:\\\/\\\/marktxxl.de\\\/markt\\\/produkt\\\/herren-punk-kunstleder-body-chest-harness-blet-mit-metall-o-ringen-verstellbare-schnalle-riemen-clubwear-kostuem\\\/#breadcrumb\",\"itemListElement\":[{\"@type\":\"ListItem\",\"position\":1,\"name\":\"Startseite\",\"item\":\"https:\\\/\\\/marktxxl.de\\\/markt\\\/\"},{\"@type\":\"ListItem\",\"position\":2,\"name\":\"Markt\",\"item\":\"https:\\\/\\\/marktxxl.de\\\/markt\\\/\"},{\"@type\":\"ListItem\",\"position\":3,\"name\":\"Herren Punk Kunstleder Body Chest Harness Blet mit Metall-O-Ringen Verstellbare Schnalle Riemen Clubwear Kost\u00fcm\"}]},{\"@type\":\"WebSite\",\"@id\":\"https:\\\/\\\/marktxxl.de\\\/markt\\\/#website\",\"url\":\"https:\\\/\\\/marktxxl.de\\\/markt\\\/\",\"name\":\"Markt-XXL\",\"description\":\"Ihr Markt Online\",\"publisher\":{\"@id\":\"https:\\\/\\\/marktxxl.de\\\/markt\\\/#organization\"},\"potentialAction\":[{\"@type\":\"SearchAction\",\"target\":{\"@type\":\"EntryPoint\",\"urlTemplate\":\"https:\\\/\\\/marktxxl.de\\\/markt\\\/?s={search_term_string}\"},\"query-input\":{\"@type\":\"PropertyValueSpecification\",\"valueRequired\":true,\"valueName\":\"search_term_string\"}}],\"inLanguage\":\"de\"},{\"@type\":\"Organization\",\"@id\":\"https:\\\/\\\/marktxxl.de\\\/markt\\\/#organization\",\"name\":\"Markt-XXL\",\"url\":\"https:\\\/\\\/marktxxl.de\\\/markt\\\/\",\"logo\":{\"@type\":\"ImageObject\",\"inLanguage\":\"de\",\"@id\":\"https:\\\/\\\/marktxxl.de\\\/markt\\\/#\\\/schema\\\/logo\\\/image\\\/\",\"url\":\"https:\\\/\\\/marktxxl.de\\\/markt\\\/wp-content\\\/uploads\\\/sites\\\/3\\\/2020\\\/12\\\/logo.png\",\"contentUrl\":\"https:\\\/\\\/marktxxl.de\\\/markt\\\/wp-content\\\/uploads\\\/sites\\\/3\\\/2020\\\/12\\\/logo.png\",\"width\":200,\"height\":70,\"caption\":\"Markt-XXL\"},\"image\":{\"@id\":\"https:\\\/\\\/marktxxl.de\\\/markt\\\/#\\\/schema\\\/logo\\\/image\\\/\"}}]}<\/script>\n<!-- \/ Yoast SEO plugin. -->","yoast_head_json":{"title":"Herren Punk Kunstleder Body Chest Harness Blet mit Metall-O-Ringen Verstellbare Schnalle Riemen Clubwear Kost\u00fcm - Markt-XXL","description":"Markt-XXL Herren Punk Kunstleder Body Chest Harness Blet mit Metall-O-Ringen Verstellbare Schnalle Riemen Clubwear Kost\u00fcm","robots":{"index":"index","follow":"follow","max-snippet":"max-snippet:-1","max-image-preview":"max-image-preview:large","max-video-preview":"max-video-preview:-1"},"canonical":"https:\/\/marktxxl.de\/markt\/produkt\/herren-punk-kunstleder-body-chest-harness-blet-mit-metall-o-ringen-verstellbare-schnalle-riemen-clubwear-kostuem\/","og_locale":"de_DE","og_type":"article","og_title":"Herren Punk Kunstleder Body Chest Harness Blet mit Metall-O-Ringen Verstellbare Schnalle Riemen Clubwear Kost\u00fcm - Markt-XXL","og_description":"Markt-XXL Herren Punk Kunstleder Body Chest Harness Blet mit Metall-O-Ringen Verstellbare Schnalle Riemen Clubwear Kost\u00fcm","og_url":"https:\/\/marktxxl.de\/markt\/produkt\/herren-punk-kunstleder-body-chest-harness-blet-mit-metall-o-ringen-verstellbare-schnalle-riemen-clubwear-kostuem\/","og_site_name":"Markt-XXL","article_modified_time":"2023-04-07T00:53:28+00:00","og_image":[{"width":464,"height":500,"url":"https:\/\/m.media-amazon.com\/images\/I\/31TQnW0VW-L._SL500_.jpg","type":"image\/jpeg"}],"twitter_card":"summary_large_image","twitter_misc":{"Gesch\u00e4tzte Lesezeit":"1\u00a0Minute"},"schema":{"@context":"https:\/\/schema.org","@graph":[{"@type":"WebPage","@id":"https:\/\/marktxxl.de\/markt\/produkt\/herren-punk-kunstleder-body-chest-harness-blet-mit-metall-o-ringen-verstellbare-schnalle-riemen-clubwear-kostuem\/","url":"https:\/\/marktxxl.de\/markt\/produkt\/herren-punk-kunstleder-body-chest-harness-blet-mit-metall-o-ringen-verstellbare-schnalle-riemen-clubwear-kostuem\/","name":"Herren Punk Kunstleder Body Chest Harness Blet mit Metall-O-Ringen Verstellbare Schnalle Riemen Clubwear Kost\u00fcm - Markt-XXL","isPartOf":{"@id":"https:\/\/marktxxl.de\/markt\/#website"},"primaryImageOfPage":{"@id":"https:\/\/marktxxl.de\/markt\/produkt\/herren-punk-kunstleder-body-chest-harness-blet-mit-metall-o-ringen-verstellbare-schnalle-riemen-clubwear-kostuem\/#primaryimage"},"image":{"@id":"https:\/\/marktxxl.de\/markt\/produkt\/herren-punk-kunstleder-body-chest-harness-blet-mit-metall-o-ringen-verstellbare-schnalle-riemen-clubwear-kostuem\/#primaryimage"},"thumbnailUrl":"https:\/\/m.media-amazon.com\/images\/I\/31TQnW0VW-L._SL500_.jpg","datePublished":"2022-05-14T17:53:18+00:00","dateModified":"2023-04-07T00:53:28+00:00","description":"Markt-XXL Herren Punk Kunstleder Body Chest Harness Blet mit Metall-O-Ringen Verstellbare Schnalle Riemen Clubwear Kost\u00fcm","breadcrumb":{"@id":"https:\/\/marktxxl.de\/markt\/produkt\/herren-punk-kunstleder-body-chest-harness-blet-mit-metall-o-ringen-verstellbare-schnalle-riemen-clubwear-kostuem\/#breadcrumb"},"inLanguage":"de","potentialAction":[{"@type":"ReadAction","target":["https:\/\/marktxxl.de\/markt\/produkt\/herren-punk-kunstleder-body-chest-harness-blet-mit-metall-o-ringen-verstellbare-schnalle-riemen-clubwear-kostuem\/"]}]},{"@type":"ImageObject","inLanguage":"de","@id":"https:\/\/marktxxl.de\/markt\/produkt\/herren-punk-kunstleder-body-chest-harness-blet-mit-metall-o-ringen-verstellbare-schnalle-riemen-clubwear-kostuem\/#primaryimage","url":"https:\/\/m.media-amazon.com\/images\/I\/31TQnW0VW-L._SL500_.jpg","contentUrl":"https:\/\/m.media-amazon.com\/images\/I\/31TQnW0VW-L._SL500_.jpg","width":464,"height":500},{"@type":"BreadcrumbList","@id":"https:\/\/marktxxl.de\/markt\/produkt\/herren-punk-kunstleder-body-chest-harness-blet-mit-metall-o-ringen-verstellbare-schnalle-riemen-clubwear-kostuem\/#breadcrumb","itemListElement":[{"@type":"ListItem","position":1,"name":"Startseite","item":"https:\/\/marktxxl.de\/markt\/"},{"@type":"ListItem","position":2,"name":"Markt","item":"https:\/\/marktxxl.de\/markt\/"},{"@type":"ListItem","position":3,"name":"Herren Punk Kunstleder Body Chest Harness Blet mit Metall-O-Ringen Verstellbare Schnalle Riemen Clubwear Kost\u00fcm"}]},{"@type":"WebSite","@id":"https:\/\/marktxxl.de\/markt\/#website","url":"https:\/\/marktxxl.de\/markt\/","name":"Markt-XXL","description":"Ihr Markt Online","publisher":{"@id":"https:\/\/marktxxl.de\/markt\/#organization"},"potentialAction":[{"@type":"SearchAction","target":{"@type":"EntryPoint","urlTemplate":"https:\/\/marktxxl.de\/markt\/?s={search_term_string}"},"query-input":{"@type":"PropertyValueSpecification","valueRequired":true,"valueName":"search_term_string"}}],"inLanguage":"de"},{"@type":"Organization","@id":"https:\/\/marktxxl.de\/markt\/#organization","name":"Markt-XXL","url":"https:\/\/marktxxl.de\/markt\/","logo":{"@type":"ImageObject","inLanguage":"de","@id":"https:\/\/marktxxl.de\/markt\/#\/schema\/logo\/image\/","url":"https:\/\/marktxxl.de\/markt\/wp-content\/uploads\/sites\/3\/2020\/12\/logo.png","contentUrl":"https:\/\/marktxxl.de\/markt\/wp-content\/uploads\/sites\/3\/2020\/12\/logo.png","width":200,"height":70,"caption":"Markt-XXL"},"image":{"@id":"https:\/\/marktxxl.de\/markt\/#\/schema\/logo\/image\/"}}]}},"_links":{"self":[{"href":"https:\/\/marktxxl.de\/markt\/wp-json\/wp\/v2\/product\/112646","targetHints":{"allow":["GET"]}}],"collection":[{"href":"https:\/\/marktxxl.de\/markt\/wp-json\/wp\/v2\/product"}],"about":[{"href":"https:\/\/marktxxl.de\/markt\/wp-json\/wp\/v2\/types\/product"}],"replies":[{"embeddable":true,"href":"https:\/\/marktxxl.de\/markt\/wp-json\/wp\/v2\/comments?post=112646"}],"wp:featuredmedia":[{"embeddable":true,"href":"https:\/\/marktxxl.de\/markt\/wp-json\/wp\/v2\/media\/112647"}],"wp:attachment":[{"href":"https:\/\/marktxxl.de\/markt\/wp-json\/wp\/v2\/media?parent=112646"}],"wp:term":[{"taxonomy":"product_brand","embeddable":true,"href":"https:\/\/marktxxl.de\/markt\/wp-json\/wp\/v2\/product_brand?post=112646"},{"taxonomy":"product_cat","embeddable":true,"href":"https:\/\/marktxxl.de\/markt\/wp-json\/wp\/v2\/product_cat?post=112646"},{"taxonomy":"product_tag","embeddable":true,"href":"https:\/\/marktxxl.de\/markt\/wp-json\/wp\/v2\/product_tag?post=112646"}],"curies":[{"name":"wp","href":"https:\/\/api.w.org\/{rel}","templated":true}]}}