{"id":112565,"date":"2022-05-14T19:49:22","date_gmt":"2022-05-14T17:49:22","guid":{"rendered":"https:\/\/marktxxl.de\/markt\/produkt\/wiederverwendbares-vaginal-cleansing-system-vaginal-cleanser-douche-fuer-frauen-halten-sie-sich-sauber-ungiftig-100-sicher-kapazitaet-600-ml\/"},"modified":"2023-04-07T02:53:25","modified_gmt":"2023-04-07T00:53:25","slug":"wiederverwendbares-vaginal-cleansing-system-vaginal-cleanser-douche-fuer-frauen-halten-sie-sich-sauber-ungiftig-100-sicher-kapazitaet-600-ml","status":"publish","type":"product","link":"https:\/\/marktxxl.de\/markt\/produkt\/wiederverwendbares-vaginal-cleansing-system-vaginal-cleanser-douche-fuer-frauen-halten-sie-sich-sauber-ungiftig-100-sicher-kapazitaet-600-ml\/","title":{"rendered":"Wiederverwendbares Vaginal Cleansing System &#8211; Vaginal Cleanser Douche f\u00fcr Frauen, halten Sie sich sauber, ungiftig, 100\u2026"},"content":{"rendered":"<p>VAGINALREINIGUNGSSYSTEM &#8212; Nur zur vaginalen Reinigung &#8211; die D\u00fcse ist 4-1 \/ 2 Zoll lang und f\u00fcr alle Damen geeignet. Latexfrei f\u00fcr ein nicht allergenes Erlebnis. Es ist transparent. So k\u00f6nnen Sie sehen, wie viel Wasser sich darin befindet, ohne es zu \u00f6ffnen oder zu sch\u00fctteln.<br \/>\nNON ALLERGENIC \/ NON-TOXIC \/ BPA &amp; PVC FREE &#8211; Vaginal Douche wurde f\u00fcr die Einhaltung amerikanischer Gesundheitsstandards entwickelt. Diese Scheidendusche ist von medizinischer Qualit\u00e4t, sie wird nach ISO-Standards hergestellt und mit allen Ger\u00e4ten geliefert, die Sie f\u00fcr die Kolontherapie ben\u00f6tigen.<br \/>\nKOMFORTABEL &#8211; Nozzle ist ein biegsamer und extra d\u00fcnner Gummi mit 9 L\u00f6chern f\u00fcr die 360-Grad-Reinigung, der das Einf\u00fchren von Anal- oder Vaginalfl\u00fcssigkeit erleichtert.<br \/>\nEINFACH ZU REINIGEN &#8211; Einmal mit Ihrer Vaginaldusche erf\u00fcllt, macht unser wahrscheinliches Trennungsdesign das Aufr\u00e4umen zum Kinderspiel! Nehmen Sie einfach die D\u00fcse von der Gl\u00fchbirne ab, reinigen Sie jede Einheit mit Seife und warmem Wasser und lassen Sie sie bei jedem Gebrauch f\u00fcr eine sichere Reinigung trocknen. Dies ist eine wunderbare nat\u00fcrliche Scheidendusche Ger\u00fcche oder Ausfluss aus der Scheide.<br \/>\n100% KUNDENZUFRIEDENHEITSGARANTIE &#8211; Sie werden diesen Vaginalreiniger von uns lieben.<br \/>\n<div class=\"main-cross-sell\" data-asin=\"B07Y23YB9S\">\n\n\t<div class=\"WooZone-cross-sell-loader\">\n\t\t<div>\n\t\t\t<div id=\"floatingBarsG\">\n\t\t\t\t<div class=\"blockG\" id=\"rotateG_01\"><\/div>\n\t\t\t\t<div class=\"blockG\" id=\"rotateG_02\"><\/div>\n\t\t\t\t<div class=\"blockG\" id=\"rotateG_03\"><\/div>\n\t\t\t\t<div class=\"blockG\" id=\"rotateG_04\"><\/div>\n\t\t\t\t<div class=\"blockG\" id=\"rotateG_05\"><\/div>\n\t\t\t\t<div class=\"blockG\" id=\"rotateG_06\"><\/div>\n\t\t\t\t<div class=\"blockG\" id=\"rotateG_07\"><\/div>\n\t\t\t\t<div class=\"blockG\" id=\"rotateG_08\"><\/div>\n\t\t\t<\/div>\n\t\t\t<div class=\"WooZone-cross-sell-loader-text\"><\/div>\n\t\t<\/div>\n\t<\/div>\n\n\t\t\n<\/div>\n<div style=\"clear:both;\"><\/div><\/p>\n","protected":false},"excerpt":{"rendered":"<p>VAGINALREINIGUNGSSYSTEM &#8212; Nur zur vaginalen Reinigung &#8211; die D\u00fcse ist 4-1 \/ 2 Zoll lang und f\u00fcr alle Damen geeignet. Latexfrei f\u00fcr ein nicht allergenes Erlebnis. Es ist transparent. So k\u00f6nnen Sie sehen, wie viel Wasser sich darin befindet, ohne es zu \u00f6ffnen oder zu sch\u00fctteln.<br \/>\nNON ALLERGENIC \/ NON-TOXIC \/ BPA &amp; PVC FREE &#8211; Vaginal Douche wurde f\u00fcr die Einhaltung amerikanischer Gesundheitsstandards entwickelt. Diese Scheidendusche ist von medizinischer Qualit\u00e4t, sie wird nach ISO-Standards hergestellt und mit allen Ger\u00e4ten geliefert, die Sie f\u00fcr die Kolontherapie ben\u00f6tigen.<br \/>\nKOMFORTABEL &#8211; Nozzle ist ein biegsamer und extra d\u00fcnner Gummi mit 9 L\u00f6chern f\u00fcr die 360-Grad-Reinigung, der das Einf\u00fchren von Anal- oder Vaginalfl\u00fcssigkeit erleichtert.<\/p>\n","protected":false},"featured_media":112566,"comment_status":"open","ping_status":"closed","template":"","meta":[],"product_brand":[],"product_cat":[652,2977],"product_tag":[],"class_list":{"0":"post-112565","1":"product","2":"type-product","3":"status-publish","4":"has-post-thumbnail","6":"product_cat-erotik-markt-xxl","7":"product_cat-sexspielzeug","8":"pa_brand-worsy","9":"pa_manufacturer-worsy","11":"first","12":"instock","13":"shipping-taxable","14":"purchasable","15":"product-type-simple","16":"customify-col","17":"product-has-gallery"},"yoast_head":"<!-- This site is optimized with the Yoast SEO plugin v27.4 - https:\/\/yoast.com\/product\/yoast-seo-wordpress\/ -->\n<title>Wiederverwendbares Vaginal Cleansing System - Vaginal Cleanser Douche f\u00fcr Frauen, halten Sie sich sauber, ungiftig, 100\u2026 - Markt-XXL<\/title>\n<meta name=\"description\" content=\"Markt-XXL Wiederverwendbares Vaginal Cleansing System - Vaginal Cleanser Douche f\u00fcr Frauen, halten Sie sich sauber, ungiftig, 100\u2026\" \/>\n<meta name=\"robots\" content=\"index, follow, max-snippet:-1, max-image-preview:large, max-video-preview:-1\" \/>\n<link rel=\"canonical\" href=\"https:\/\/marktxxl.de\/markt\/produkt\/wiederverwendbares-vaginal-cleansing-system-vaginal-cleanser-douche-fuer-frauen-halten-sie-sich-sauber-ungiftig-100-sicher-kapazitaet-600-ml\/\" \/>\n<meta property=\"og:locale\" content=\"de_DE\" \/>\n<meta property=\"og:type\" content=\"article\" \/>\n<meta property=\"og:title\" content=\"Wiederverwendbares Vaginal Cleansing System - Vaginal Cleanser Douche f\u00fcr Frauen, halten Sie sich sauber, ungiftig, 100\u2026 - Markt-XXL\" \/>\n<meta property=\"og:description\" content=\"Markt-XXL Wiederverwendbares Vaginal Cleansing System - Vaginal Cleanser Douche f\u00fcr Frauen, halten Sie sich sauber, ungiftig, 100\u2026\" \/>\n<meta property=\"og:url\" content=\"https:\/\/marktxxl.de\/markt\/produkt\/wiederverwendbares-vaginal-cleansing-system-vaginal-cleanser-douche-fuer-frauen-halten-sie-sich-sauber-ungiftig-100-sicher-kapazitaet-600-ml\/\" \/>\n<meta property=\"og:site_name\" content=\"Markt-XXL\" \/>\n<meta property=\"article:modified_time\" content=\"2023-04-07T00:53:25+00:00\" \/>\n<meta property=\"og:image\" content=\"https:\/\/m.media-amazon.com\/images\/I\/41fQLguNT+L._SL500_.jpg\" \/>\n\t<meta property=\"og:image:width\" content=\"500\" \/>\n\t<meta property=\"og:image:height\" content=\"500\" \/>\n\t<meta property=\"og:image:type\" content=\"image\/jpeg\" \/>\n<meta name=\"twitter:card\" content=\"summary_large_image\" \/>\n<meta name=\"twitter:label1\" content=\"Gesch\u00e4tzte Lesezeit\" \/>\n\t<meta name=\"twitter:data1\" content=\"1\u00a0Minute\" \/>\n<script type=\"application\/ld+json\" class=\"yoast-schema-graph\">{\"@context\":\"https:\\\/\\\/schema.org\",\"@graph\":[{\"@type\":\"WebPage\",\"@id\":\"https:\\\/\\\/marktxxl.de\\\/markt\\\/produkt\\\/wiederverwendbares-vaginal-cleansing-system-vaginal-cleanser-douche-fuer-frauen-halten-sie-sich-sauber-ungiftig-100-sicher-kapazitaet-600-ml\\\/\",\"url\":\"https:\\\/\\\/marktxxl.de\\\/markt\\\/produkt\\\/wiederverwendbares-vaginal-cleansing-system-vaginal-cleanser-douche-fuer-frauen-halten-sie-sich-sauber-ungiftig-100-sicher-kapazitaet-600-ml\\\/\",\"name\":\"Wiederverwendbares Vaginal Cleansing System - Vaginal Cleanser Douche f\u00fcr Frauen, halten Sie sich sauber, ungiftig, 100\u2026 - Markt-XXL\",\"isPartOf\":{\"@id\":\"https:\\\/\\\/marktxxl.de\\\/markt\\\/#website\"},\"primaryImageOfPage\":{\"@id\":\"https:\\\/\\\/marktxxl.de\\\/markt\\\/produkt\\\/wiederverwendbares-vaginal-cleansing-system-vaginal-cleanser-douche-fuer-frauen-halten-sie-sich-sauber-ungiftig-100-sicher-kapazitaet-600-ml\\\/#primaryimage\"},\"image\":{\"@id\":\"https:\\\/\\\/marktxxl.de\\\/markt\\\/produkt\\\/wiederverwendbares-vaginal-cleansing-system-vaginal-cleanser-douche-fuer-frauen-halten-sie-sich-sauber-ungiftig-100-sicher-kapazitaet-600-ml\\\/#primaryimage\"},\"thumbnailUrl\":\"https:\\\/\\\/m.media-amazon.com\\\/images\\\/I\\\/41fQLguNT+L._SL500_.jpg\",\"datePublished\":\"2022-05-14T17:49:22+00:00\",\"dateModified\":\"2023-04-07T00:53:25+00:00\",\"description\":\"Markt-XXL Wiederverwendbares Vaginal Cleansing System - Vaginal Cleanser Douche f\u00fcr Frauen, halten Sie sich sauber, ungiftig, 100\u2026\",\"breadcrumb\":{\"@id\":\"https:\\\/\\\/marktxxl.de\\\/markt\\\/produkt\\\/wiederverwendbares-vaginal-cleansing-system-vaginal-cleanser-douche-fuer-frauen-halten-sie-sich-sauber-ungiftig-100-sicher-kapazitaet-600-ml\\\/#breadcrumb\"},\"inLanguage\":\"de\",\"potentialAction\":[{\"@type\":\"ReadAction\",\"target\":[\"https:\\\/\\\/marktxxl.de\\\/markt\\\/produkt\\\/wiederverwendbares-vaginal-cleansing-system-vaginal-cleanser-douche-fuer-frauen-halten-sie-sich-sauber-ungiftig-100-sicher-kapazitaet-600-ml\\\/\"]}]},{\"@type\":\"ImageObject\",\"inLanguage\":\"de\",\"@id\":\"https:\\\/\\\/marktxxl.de\\\/markt\\\/produkt\\\/wiederverwendbares-vaginal-cleansing-system-vaginal-cleanser-douche-fuer-frauen-halten-sie-sich-sauber-ungiftig-100-sicher-kapazitaet-600-ml\\\/#primaryimage\",\"url\":\"https:\\\/\\\/m.media-amazon.com\\\/images\\\/I\\\/41fQLguNT+L._SL500_.jpg\",\"contentUrl\":\"https:\\\/\\\/m.media-amazon.com\\\/images\\\/I\\\/41fQLguNT+L._SL500_.jpg\",\"width\":500,\"height\":500},{\"@type\":\"BreadcrumbList\",\"@id\":\"https:\\\/\\\/marktxxl.de\\\/markt\\\/produkt\\\/wiederverwendbares-vaginal-cleansing-system-vaginal-cleanser-douche-fuer-frauen-halten-sie-sich-sauber-ungiftig-100-sicher-kapazitaet-600-ml\\\/#breadcrumb\",\"itemListElement\":[{\"@type\":\"ListItem\",\"position\":1,\"name\":\"Startseite\",\"item\":\"https:\\\/\\\/marktxxl.de\\\/markt\\\/\"},{\"@type\":\"ListItem\",\"position\":2,\"name\":\"Markt\",\"item\":\"https:\\\/\\\/marktxxl.de\\\/markt\\\/\"},{\"@type\":\"ListItem\",\"position\":3,\"name\":\"Wiederverwendbares Vaginal Cleansing System &#8211; Vaginal Cleanser Douche f\u00fcr Frauen, halten Sie sich sauber, ungiftig, 100\u2026\"}]},{\"@type\":\"WebSite\",\"@id\":\"https:\\\/\\\/marktxxl.de\\\/markt\\\/#website\",\"url\":\"https:\\\/\\\/marktxxl.de\\\/markt\\\/\",\"name\":\"Markt-XXL\",\"description\":\"Ihr Markt Online\",\"publisher\":{\"@id\":\"https:\\\/\\\/marktxxl.de\\\/markt\\\/#organization\"},\"potentialAction\":[{\"@type\":\"SearchAction\",\"target\":{\"@type\":\"EntryPoint\",\"urlTemplate\":\"https:\\\/\\\/marktxxl.de\\\/markt\\\/?s={search_term_string}\"},\"query-input\":{\"@type\":\"PropertyValueSpecification\",\"valueRequired\":true,\"valueName\":\"search_term_string\"}}],\"inLanguage\":\"de\"},{\"@type\":\"Organization\",\"@id\":\"https:\\\/\\\/marktxxl.de\\\/markt\\\/#organization\",\"name\":\"Markt-XXL\",\"url\":\"https:\\\/\\\/marktxxl.de\\\/markt\\\/\",\"logo\":{\"@type\":\"ImageObject\",\"inLanguage\":\"de\",\"@id\":\"https:\\\/\\\/marktxxl.de\\\/markt\\\/#\\\/schema\\\/logo\\\/image\\\/\",\"url\":\"https:\\\/\\\/marktxxl.de\\\/markt\\\/wp-content\\\/uploads\\\/sites\\\/3\\\/2020\\\/12\\\/logo.png\",\"contentUrl\":\"https:\\\/\\\/marktxxl.de\\\/markt\\\/wp-content\\\/uploads\\\/sites\\\/3\\\/2020\\\/12\\\/logo.png\",\"width\":200,\"height\":70,\"caption\":\"Markt-XXL\"},\"image\":{\"@id\":\"https:\\\/\\\/marktxxl.de\\\/markt\\\/#\\\/schema\\\/logo\\\/image\\\/\"}}]}<\/script>\n<!-- \/ Yoast SEO plugin. -->","yoast_head_json":{"title":"Wiederverwendbares Vaginal Cleansing System - Vaginal Cleanser Douche f\u00fcr Frauen, halten Sie sich sauber, ungiftig, 100\u2026 - Markt-XXL","description":"Markt-XXL Wiederverwendbares Vaginal Cleansing System - Vaginal Cleanser Douche f\u00fcr Frauen, halten Sie sich sauber, ungiftig, 100\u2026","robots":{"index":"index","follow":"follow","max-snippet":"max-snippet:-1","max-image-preview":"max-image-preview:large","max-video-preview":"max-video-preview:-1"},"canonical":"https:\/\/marktxxl.de\/markt\/produkt\/wiederverwendbares-vaginal-cleansing-system-vaginal-cleanser-douche-fuer-frauen-halten-sie-sich-sauber-ungiftig-100-sicher-kapazitaet-600-ml\/","og_locale":"de_DE","og_type":"article","og_title":"Wiederverwendbares Vaginal Cleansing System - Vaginal Cleanser Douche f\u00fcr Frauen, halten Sie sich sauber, ungiftig, 100\u2026 - Markt-XXL","og_description":"Markt-XXL Wiederverwendbares Vaginal Cleansing System - Vaginal Cleanser Douche f\u00fcr Frauen, halten Sie sich sauber, ungiftig, 100\u2026","og_url":"https:\/\/marktxxl.de\/markt\/produkt\/wiederverwendbares-vaginal-cleansing-system-vaginal-cleanser-douche-fuer-frauen-halten-sie-sich-sauber-ungiftig-100-sicher-kapazitaet-600-ml\/","og_site_name":"Markt-XXL","article_modified_time":"2023-04-07T00:53:25+00:00","og_image":[{"width":500,"height":500,"url":"https:\/\/m.media-amazon.com\/images\/I\/41fQLguNT+L._SL500_.jpg","type":"image\/jpeg"}],"twitter_card":"summary_large_image","twitter_misc":{"Gesch\u00e4tzte Lesezeit":"1\u00a0Minute"},"schema":{"@context":"https:\/\/schema.org","@graph":[{"@type":"WebPage","@id":"https:\/\/marktxxl.de\/markt\/produkt\/wiederverwendbares-vaginal-cleansing-system-vaginal-cleanser-douche-fuer-frauen-halten-sie-sich-sauber-ungiftig-100-sicher-kapazitaet-600-ml\/","url":"https:\/\/marktxxl.de\/markt\/produkt\/wiederverwendbares-vaginal-cleansing-system-vaginal-cleanser-douche-fuer-frauen-halten-sie-sich-sauber-ungiftig-100-sicher-kapazitaet-600-ml\/","name":"Wiederverwendbares Vaginal Cleansing System - Vaginal Cleanser Douche f\u00fcr Frauen, halten Sie sich sauber, ungiftig, 100\u2026 - Markt-XXL","isPartOf":{"@id":"https:\/\/marktxxl.de\/markt\/#website"},"primaryImageOfPage":{"@id":"https:\/\/marktxxl.de\/markt\/produkt\/wiederverwendbares-vaginal-cleansing-system-vaginal-cleanser-douche-fuer-frauen-halten-sie-sich-sauber-ungiftig-100-sicher-kapazitaet-600-ml\/#primaryimage"},"image":{"@id":"https:\/\/marktxxl.de\/markt\/produkt\/wiederverwendbares-vaginal-cleansing-system-vaginal-cleanser-douche-fuer-frauen-halten-sie-sich-sauber-ungiftig-100-sicher-kapazitaet-600-ml\/#primaryimage"},"thumbnailUrl":"https:\/\/m.media-amazon.com\/images\/I\/41fQLguNT+L._SL500_.jpg","datePublished":"2022-05-14T17:49:22+00:00","dateModified":"2023-04-07T00:53:25+00:00","description":"Markt-XXL Wiederverwendbares Vaginal Cleansing System - Vaginal Cleanser Douche f\u00fcr Frauen, halten Sie sich sauber, ungiftig, 100\u2026","breadcrumb":{"@id":"https:\/\/marktxxl.de\/markt\/produkt\/wiederverwendbares-vaginal-cleansing-system-vaginal-cleanser-douche-fuer-frauen-halten-sie-sich-sauber-ungiftig-100-sicher-kapazitaet-600-ml\/#breadcrumb"},"inLanguage":"de","potentialAction":[{"@type":"ReadAction","target":["https:\/\/marktxxl.de\/markt\/produkt\/wiederverwendbares-vaginal-cleansing-system-vaginal-cleanser-douche-fuer-frauen-halten-sie-sich-sauber-ungiftig-100-sicher-kapazitaet-600-ml\/"]}]},{"@type":"ImageObject","inLanguage":"de","@id":"https:\/\/marktxxl.de\/markt\/produkt\/wiederverwendbares-vaginal-cleansing-system-vaginal-cleanser-douche-fuer-frauen-halten-sie-sich-sauber-ungiftig-100-sicher-kapazitaet-600-ml\/#primaryimage","url":"https:\/\/m.media-amazon.com\/images\/I\/41fQLguNT+L._SL500_.jpg","contentUrl":"https:\/\/m.media-amazon.com\/images\/I\/41fQLguNT+L._SL500_.jpg","width":500,"height":500},{"@type":"BreadcrumbList","@id":"https:\/\/marktxxl.de\/markt\/produkt\/wiederverwendbares-vaginal-cleansing-system-vaginal-cleanser-douche-fuer-frauen-halten-sie-sich-sauber-ungiftig-100-sicher-kapazitaet-600-ml\/#breadcrumb","itemListElement":[{"@type":"ListItem","position":1,"name":"Startseite","item":"https:\/\/marktxxl.de\/markt\/"},{"@type":"ListItem","position":2,"name":"Markt","item":"https:\/\/marktxxl.de\/markt\/"},{"@type":"ListItem","position":3,"name":"Wiederverwendbares Vaginal Cleansing System &#8211; Vaginal Cleanser Douche f\u00fcr Frauen, halten Sie sich sauber, ungiftig, 100\u2026"}]},{"@type":"WebSite","@id":"https:\/\/marktxxl.de\/markt\/#website","url":"https:\/\/marktxxl.de\/markt\/","name":"Markt-XXL","description":"Ihr Markt Online","publisher":{"@id":"https:\/\/marktxxl.de\/markt\/#organization"},"potentialAction":[{"@type":"SearchAction","target":{"@type":"EntryPoint","urlTemplate":"https:\/\/marktxxl.de\/markt\/?s={search_term_string}"},"query-input":{"@type":"PropertyValueSpecification","valueRequired":true,"valueName":"search_term_string"}}],"inLanguage":"de"},{"@type":"Organization","@id":"https:\/\/marktxxl.de\/markt\/#organization","name":"Markt-XXL","url":"https:\/\/marktxxl.de\/markt\/","logo":{"@type":"ImageObject","inLanguage":"de","@id":"https:\/\/marktxxl.de\/markt\/#\/schema\/logo\/image\/","url":"https:\/\/marktxxl.de\/markt\/wp-content\/uploads\/sites\/3\/2020\/12\/logo.png","contentUrl":"https:\/\/marktxxl.de\/markt\/wp-content\/uploads\/sites\/3\/2020\/12\/logo.png","width":200,"height":70,"caption":"Markt-XXL"},"image":{"@id":"https:\/\/marktxxl.de\/markt\/#\/schema\/logo\/image\/"}}]}},"_links":{"self":[{"href":"https:\/\/marktxxl.de\/markt\/wp-json\/wp\/v2\/product\/112565","targetHints":{"allow":["GET"]}}],"collection":[{"href":"https:\/\/marktxxl.de\/markt\/wp-json\/wp\/v2\/product"}],"about":[{"href":"https:\/\/marktxxl.de\/markt\/wp-json\/wp\/v2\/types\/product"}],"replies":[{"embeddable":true,"href":"https:\/\/marktxxl.de\/markt\/wp-json\/wp\/v2\/comments?post=112565"}],"wp:featuredmedia":[{"embeddable":true,"href":"https:\/\/marktxxl.de\/markt\/wp-json\/wp\/v2\/media\/112566"}],"wp:attachment":[{"href":"https:\/\/marktxxl.de\/markt\/wp-json\/wp\/v2\/media?parent=112565"}],"wp:term":[{"taxonomy":"product_brand","embeddable":true,"href":"https:\/\/marktxxl.de\/markt\/wp-json\/wp\/v2\/product_brand?post=112565"},{"taxonomy":"product_cat","embeddable":true,"href":"https:\/\/marktxxl.de\/markt\/wp-json\/wp\/v2\/product_cat?post=112565"},{"taxonomy":"product_tag","embeddable":true,"href":"https:\/\/marktxxl.de\/markt\/wp-json\/wp\/v2\/product_tag?post=112565"}],"curies":[{"name":"wp","href":"https:\/\/api.w.org\/{rel}","templated":true}]}}