{"id":112533,"date":"2022-05-14T19:48:56","date_gmt":"2022-05-14T17:48:56","guid":{"rendered":"https:\/\/marktxxl.de\/markt\/produkt\/couples-gespraechs-starterkarten-ueber-600-gespraechskarten-fuer-paare-zum-verbinden-und-verbessern-der-kommunikation-von-laessigen-gespraechen-bis-hin-zu-tiefen-und-wichtigen-them\/"},"modified":"2023-04-07T02:53:25","modified_gmt":"2023-04-07T00:53:25","slug":"couples-gespraechs-starterkarten-ueber-600-gespraechskarten-fuer-paare-zum-verbinden-und-verbessern-der-kommunikation-von-laessigen-gespraechen-bis-hin-zu-tiefen-und-wichtigen-them","status":"publish","type":"product","link":"https:\/\/marktxxl.de\/markt\/produkt\/couples-gespraechs-starterkarten-ueber-600-gespraechskarten-fuer-paare-zum-verbinden-und-verbessern-der-kommunikation-von-laessigen-gespraechen-bis-hin-zu-tiefen-und-wichtigen-them\/","title":{"rendered":"598 Gespr\u00e4chskarten f\u00fcr Paare &#8211; Kartenspiele f\u00fcr Paare &#8211; Gespr\u00e4chsstarter f\u00fcr Date Nacht &#8211; Beziehungsgeschenke und tiefe\u2026"},"content":{"rendered":"<p>Enth\u00e4lt 632 Fragen! 2-6x die Anzahl der Karten von anderen Gespr\u00e4chskartensets angeboten werden. Die Karten sind klein (6,3 x 4,4 cm) und doppelseitig ohne Branding, denn alles, was wichtig ist, sind die auf ihnen gedruckten Fragen und die Erfahrung, die Sie und Ihr Partner sie benutzen.<br \/>\nDiese Fragen wurden sorgf\u00e4ltig aus einer umfassenden Liste von \u00fcber 3.000 Fragen ausgew\u00e4hlt. Enth\u00e4lt Eisbrecher, Likes\/Ablehnungen, Erinnerungen, \u00c4ngste, Tr\u00e4ume, Favoriten, Feedback, Dating, Beziehung, Leben und sogar 26 w\u00fcrzige Fragen. Viele Fragen sind einzigartig und werden nicht in anderen Paarkarten gefunden werden. Wir haben unser Bestes gegeben um Fragen zu beseitigen, die \u00e4hnliche Antworten auffordern, damit Sie das Gef\u00fchl vermeiden, als w\u00e4ren die Fragen wiederholt.<br \/>\nFrom Icebreaker to Soul-Searching: We will be the first to be zugeben, dass Gespr\u00e4chskarten ein wenig gewaltsam erscheinen k\u00f6nnen. Wenn Sie denken, dass dies ein Problem sein wird, beginnen Sie Ihr Gespr\u00e4ch mit einer Karte aus dem cremefarbenen Deck, da es Softball-Fragen hat, die sogar ein widerwilliger oder ruhiger Partner schmerzlos finden sollte, um zu beantworten. Blaue Karten sind tiefer, rote Karten sind tiefer und die 26 lila Karten sind nicht f\u00fcr jedermann.<br \/>\nWir konzentrieren uns auf die Verbesserung der Beziehungen und wollen keine K\u00e4mpfe verursachen. Fragen direkt \u00fcber Ex&#8217;s waren nicht in diese Karten erlaubt, weil das niemand will.<br \/>\nEin hilfreiches Werkzeug zum \u00d6ffnen oder Verst\u00e4rken von Kommunikationslinien zwischen Partnern. Bauen Sie H\u00f6r- und Teilungsf\u00e4higkeiten auf und haben Sie einen Pool von gemeinsamen Informationen, mit denen Sie sich gegenseitig verstehen und Ihre Beziehung aufbauen k\u00f6nnen. Entwickelt, um die Vielfalt f\u00fcr neue Paare und f\u00fcr Paare, die zusammen waren, solange sie sich erinnern k\u00f6nnen. Ideal f\u00fcr Mahlzeiten, Autofahrten, Gespr\u00e4che im Schlafengehen, Verabredungen oder jedes Mal, wenn Sie Zeit zusammen verbringen m\u00f6chten.<br \/>\n<div class=\"main-cross-sell\" data-asin=\"B08HJGRVWF\">\n\n\t<div class=\"WooZone-cross-sell-loader\">\n\t\t<div>\n\t\t\t<div id=\"floatingBarsG\">\n\t\t\t\t<div class=\"blockG\" id=\"rotateG_01\"><\/div>\n\t\t\t\t<div class=\"blockG\" id=\"rotateG_02\"><\/div>\n\t\t\t\t<div class=\"blockG\" id=\"rotateG_03\"><\/div>\n\t\t\t\t<div class=\"blockG\" id=\"rotateG_04\"><\/div>\n\t\t\t\t<div class=\"blockG\" id=\"rotateG_05\"><\/div>\n\t\t\t\t<div class=\"blockG\" id=\"rotateG_06\"><\/div>\n\t\t\t\t<div class=\"blockG\" id=\"rotateG_07\"><\/div>\n\t\t\t\t<div class=\"blockG\" id=\"rotateG_08\"><\/div>\n\t\t\t<\/div>\n\t\t\t<div class=\"WooZone-cross-sell-loader-text\"><\/div>\n\t\t<\/div>\n\t<\/div>\n\n\t\t\n<\/div>\n<div style=\"clear:both;\"><\/div><\/p>\n","protected":false},"excerpt":{"rendered":"<p>Enth\u00e4lt 632 Fragen! 2-6x die Anzahl der Karten von anderen Gespr\u00e4chskartensets angeboten werden. Die Karten sind klein (6,3 x 4,4 cm) und doppelseitig ohne Branding, denn alles, was wichtig ist, sind die auf ihnen gedruckten Fragen und die Erfahrung, die Sie und Ihr Partner sie benutzen.<br \/>\nDiese Fragen wurden sorgf\u00e4ltig aus einer umfassenden Liste von \u00fcber 3.000 Fragen ausgew\u00e4hlt. Enth\u00e4lt Eisbrecher, Likes\/Ablehnungen, Erinnerungen, \u00c4ngste, Tr\u00e4ume, Favoriten, Feedback, Dating, Beziehung, Leben und sogar 26 w\u00fcrzige Fragen. Viele Fragen sind einzigartig und werden nicht in anderen Paarkarten gefunden werden. Wir haben unser Bestes gegeben um Fragen zu beseitigen, die \u00e4hnliche Antworten auffordern, damit Sie das Gef\u00fchl vermeiden, als w\u00e4ren die Fragen wiederholt.<br \/>\nFrom Icebreaker to Soul-Searching: We will be the first to be zugeben, dass Gespr\u00e4chskarten ein wenig gewaltsam erscheinen k\u00f6nnen. Wenn Sie denken, dass dies ein Problem sein wird, beginnen Sie Ihr Gespr\u00e4ch mit einer Karte aus dem cremefarbenen Deck, da es Softball-Fragen hat, die sogar ein widerwilliger oder ruhiger Partner schmerzlos finden sollte, um zu beantworten. Blaue Karten sind tiefer, rote Karten sind tiefer und die 26 lila Karten sind nicht f\u00fcr jedermann.<\/p>\n","protected":false},"featured_media":112534,"comment_status":"open","ping_status":"closed","template":"","meta":[],"product_brand":[],"product_cat":[652,2977],"product_tag":[],"class_list":{"0":"post-112533","1":"product","2":"type-product","3":"status-publish","4":"has-post-thumbnail","6":"product_cat-erotik-markt-xxl","7":"product_cat-sexspielzeug","8":"pa_brand-rayliad","9":"pa_manufacturer-good-odds-llc","11":"first","12":"instock","13":"shipping-taxable","14":"purchasable","15":"product-type-simple","16":"customify-col","17":"product-has-gallery"},"yoast_head":"<!-- This site is optimized with the Yoast SEO plugin v27.3 - https:\/\/yoast.com\/product\/yoast-seo-wordpress\/ -->\n<title>598 Gespr\u00e4chskarten f\u00fcr Paare - Kartenspiele f\u00fcr Paare - Gespr\u00e4chsstarter f\u00fcr Date Nacht - Beziehungsgeschenke und tiefe\u2026 - Markt-XXL<\/title>\n<meta name=\"description\" content=\"Markt-XXL 598 Gespr\u00e4chskarten f\u00fcr Paare - Kartenspiele f\u00fcr Paare - Gespr\u00e4chsstarter f\u00fcr Date Nacht - Beziehungsgeschenke und tiefe\u2026\" \/>\n<meta name=\"robots\" content=\"index, follow, max-snippet:-1, max-image-preview:large, max-video-preview:-1\" \/>\n<link rel=\"canonical\" href=\"https:\/\/marktxxl.de\/markt\/produkt\/couples-gespraechs-starterkarten-ueber-600-gespraechskarten-fuer-paare-zum-verbinden-und-verbessern-der-kommunikation-von-laessigen-gespraechen-bis-hin-zu-tiefen-und-wichtigen-them\/\" \/>\n<meta property=\"og:locale\" content=\"de_DE\" \/>\n<meta property=\"og:type\" content=\"article\" \/>\n<meta property=\"og:title\" content=\"598 Gespr\u00e4chskarten f\u00fcr Paare - Kartenspiele f\u00fcr Paare - Gespr\u00e4chsstarter f\u00fcr Date Nacht - Beziehungsgeschenke und tiefe\u2026 - Markt-XXL\" \/>\n<meta property=\"og:description\" content=\"Markt-XXL 598 Gespr\u00e4chskarten f\u00fcr Paare - Kartenspiele f\u00fcr Paare - Gespr\u00e4chsstarter f\u00fcr Date Nacht - Beziehungsgeschenke und tiefe\u2026\" \/>\n<meta property=\"og:url\" content=\"https:\/\/marktxxl.de\/markt\/produkt\/couples-gespraechs-starterkarten-ueber-600-gespraechskarten-fuer-paare-zum-verbinden-und-verbessern-der-kommunikation-von-laessigen-gespraechen-bis-hin-zu-tiefen-und-wichtigen-them\/\" \/>\n<meta property=\"og:site_name\" content=\"Markt-XXL\" \/>\n<meta property=\"article:modified_time\" content=\"2023-04-07T00:53:25+00:00\" \/>\n<meta property=\"og:image\" content=\"https:\/\/m.media-amazon.com\/images\/I\/419S2fqF1HL._SL500_.jpg\" \/>\n\t<meta property=\"og:image:width\" content=\"500\" \/>\n\t<meta property=\"og:image:height\" content=\"500\" \/>\n\t<meta property=\"og:image:type\" content=\"image\/jpeg\" \/>\n<meta name=\"twitter:card\" content=\"summary_large_image\" \/>\n<meta name=\"twitter:label1\" content=\"Gesch\u00e4tzte Lesezeit\" \/>\n\t<meta name=\"twitter:data1\" content=\"2\u00a0Minuten\" \/>\n<script type=\"application\/ld+json\" class=\"yoast-schema-graph\">{\"@context\":\"https:\\\/\\\/schema.org\",\"@graph\":[{\"@type\":\"WebPage\",\"@id\":\"https:\\\/\\\/marktxxl.de\\\/markt\\\/produkt\\\/couples-gespraechs-starterkarten-ueber-600-gespraechskarten-fuer-paare-zum-verbinden-und-verbessern-der-kommunikation-von-laessigen-gespraechen-bis-hin-zu-tiefen-und-wichtigen-them\\\/\",\"url\":\"https:\\\/\\\/marktxxl.de\\\/markt\\\/produkt\\\/couples-gespraechs-starterkarten-ueber-600-gespraechskarten-fuer-paare-zum-verbinden-und-verbessern-der-kommunikation-von-laessigen-gespraechen-bis-hin-zu-tiefen-und-wichtigen-them\\\/\",\"name\":\"598 Gespr\u00e4chskarten f\u00fcr Paare - Kartenspiele f\u00fcr Paare - Gespr\u00e4chsstarter f\u00fcr Date Nacht - Beziehungsgeschenke und tiefe\u2026 - Markt-XXL\",\"isPartOf\":{\"@id\":\"https:\\\/\\\/marktxxl.de\\\/markt\\\/#website\"},\"primaryImageOfPage\":{\"@id\":\"https:\\\/\\\/marktxxl.de\\\/markt\\\/produkt\\\/couples-gespraechs-starterkarten-ueber-600-gespraechskarten-fuer-paare-zum-verbinden-und-verbessern-der-kommunikation-von-laessigen-gespraechen-bis-hin-zu-tiefen-und-wichtigen-them\\\/#primaryimage\"},\"image\":{\"@id\":\"https:\\\/\\\/marktxxl.de\\\/markt\\\/produkt\\\/couples-gespraechs-starterkarten-ueber-600-gespraechskarten-fuer-paare-zum-verbinden-und-verbessern-der-kommunikation-von-laessigen-gespraechen-bis-hin-zu-tiefen-und-wichtigen-them\\\/#primaryimage\"},\"thumbnailUrl\":\"https:\\\/\\\/m.media-amazon.com\\\/images\\\/I\\\/419S2fqF1HL._SL500_.jpg\",\"datePublished\":\"2022-05-14T17:48:56+00:00\",\"dateModified\":\"2023-04-07T00:53:25+00:00\",\"description\":\"Markt-XXL 598 Gespr\u00e4chskarten f\u00fcr Paare - Kartenspiele f\u00fcr Paare - Gespr\u00e4chsstarter f\u00fcr Date Nacht - Beziehungsgeschenke und tiefe\u2026\",\"breadcrumb\":{\"@id\":\"https:\\\/\\\/marktxxl.de\\\/markt\\\/produkt\\\/couples-gespraechs-starterkarten-ueber-600-gespraechskarten-fuer-paare-zum-verbinden-und-verbessern-der-kommunikation-von-laessigen-gespraechen-bis-hin-zu-tiefen-und-wichtigen-them\\\/#breadcrumb\"},\"inLanguage\":\"de\",\"potentialAction\":[{\"@type\":\"ReadAction\",\"target\":[\"https:\\\/\\\/marktxxl.de\\\/markt\\\/produkt\\\/couples-gespraechs-starterkarten-ueber-600-gespraechskarten-fuer-paare-zum-verbinden-und-verbessern-der-kommunikation-von-laessigen-gespraechen-bis-hin-zu-tiefen-und-wichtigen-them\\\/\"]}]},{\"@type\":\"ImageObject\",\"inLanguage\":\"de\",\"@id\":\"https:\\\/\\\/marktxxl.de\\\/markt\\\/produkt\\\/couples-gespraechs-starterkarten-ueber-600-gespraechskarten-fuer-paare-zum-verbinden-und-verbessern-der-kommunikation-von-laessigen-gespraechen-bis-hin-zu-tiefen-und-wichtigen-them\\\/#primaryimage\",\"url\":\"https:\\\/\\\/m.media-amazon.com\\\/images\\\/I\\\/419S2fqF1HL._SL500_.jpg\",\"contentUrl\":\"https:\\\/\\\/m.media-amazon.com\\\/images\\\/I\\\/419S2fqF1HL._SL500_.jpg\",\"width\":500,\"height\":500},{\"@type\":\"BreadcrumbList\",\"@id\":\"https:\\\/\\\/marktxxl.de\\\/markt\\\/produkt\\\/couples-gespraechs-starterkarten-ueber-600-gespraechskarten-fuer-paare-zum-verbinden-und-verbessern-der-kommunikation-von-laessigen-gespraechen-bis-hin-zu-tiefen-und-wichtigen-them\\\/#breadcrumb\",\"itemListElement\":[{\"@type\":\"ListItem\",\"position\":1,\"name\":\"Startseite\",\"item\":\"https:\\\/\\\/marktxxl.de\\\/markt\\\/\"},{\"@type\":\"ListItem\",\"position\":2,\"name\":\"Markt\",\"item\":\"https:\\\/\\\/marktxxl.de\\\/markt\\\/\"},{\"@type\":\"ListItem\",\"position\":3,\"name\":\"598 Gespr\u00e4chskarten f\u00fcr Paare &#8211; Kartenspiele f\u00fcr Paare &#8211; Gespr\u00e4chsstarter f\u00fcr Date Nacht &#8211; Beziehungsgeschenke und tiefe\u2026\"}]},{\"@type\":\"WebSite\",\"@id\":\"https:\\\/\\\/marktxxl.de\\\/markt\\\/#website\",\"url\":\"https:\\\/\\\/marktxxl.de\\\/markt\\\/\",\"name\":\"Markt-XXL\",\"description\":\"Ihr Markt Online\",\"publisher\":{\"@id\":\"https:\\\/\\\/marktxxl.de\\\/markt\\\/#organization\"},\"potentialAction\":[{\"@type\":\"SearchAction\",\"target\":{\"@type\":\"EntryPoint\",\"urlTemplate\":\"https:\\\/\\\/marktxxl.de\\\/markt\\\/?s={search_term_string}\"},\"query-input\":{\"@type\":\"PropertyValueSpecification\",\"valueRequired\":true,\"valueName\":\"search_term_string\"}}],\"inLanguage\":\"de\"},{\"@type\":\"Organization\",\"@id\":\"https:\\\/\\\/marktxxl.de\\\/markt\\\/#organization\",\"name\":\"Markt-XXL\",\"url\":\"https:\\\/\\\/marktxxl.de\\\/markt\\\/\",\"logo\":{\"@type\":\"ImageObject\",\"inLanguage\":\"de\",\"@id\":\"https:\\\/\\\/marktxxl.de\\\/markt\\\/#\\\/schema\\\/logo\\\/image\\\/\",\"url\":\"https:\\\/\\\/marktxxl.de\\\/markt\\\/wp-content\\\/uploads\\\/sites\\\/3\\\/2020\\\/12\\\/logo.png\",\"contentUrl\":\"https:\\\/\\\/marktxxl.de\\\/markt\\\/wp-content\\\/uploads\\\/sites\\\/3\\\/2020\\\/12\\\/logo.png\",\"width\":200,\"height\":70,\"caption\":\"Markt-XXL\"},\"image\":{\"@id\":\"https:\\\/\\\/marktxxl.de\\\/markt\\\/#\\\/schema\\\/logo\\\/image\\\/\"}}]}<\/script>\n<!-- \/ Yoast SEO plugin. -->","yoast_head_json":{"title":"598 Gespr\u00e4chskarten f\u00fcr Paare - Kartenspiele f\u00fcr Paare - Gespr\u00e4chsstarter f\u00fcr Date Nacht - Beziehungsgeschenke und tiefe\u2026 - Markt-XXL","description":"Markt-XXL 598 Gespr\u00e4chskarten f\u00fcr Paare - Kartenspiele f\u00fcr Paare - Gespr\u00e4chsstarter f\u00fcr Date Nacht - Beziehungsgeschenke und tiefe\u2026","robots":{"index":"index","follow":"follow","max-snippet":"max-snippet:-1","max-image-preview":"max-image-preview:large","max-video-preview":"max-video-preview:-1"},"canonical":"https:\/\/marktxxl.de\/markt\/produkt\/couples-gespraechs-starterkarten-ueber-600-gespraechskarten-fuer-paare-zum-verbinden-und-verbessern-der-kommunikation-von-laessigen-gespraechen-bis-hin-zu-tiefen-und-wichtigen-them\/","og_locale":"de_DE","og_type":"article","og_title":"598 Gespr\u00e4chskarten f\u00fcr Paare - Kartenspiele f\u00fcr Paare - Gespr\u00e4chsstarter f\u00fcr Date Nacht - Beziehungsgeschenke und tiefe\u2026 - Markt-XXL","og_description":"Markt-XXL 598 Gespr\u00e4chskarten f\u00fcr Paare - Kartenspiele f\u00fcr Paare - Gespr\u00e4chsstarter f\u00fcr Date Nacht - Beziehungsgeschenke und tiefe\u2026","og_url":"https:\/\/marktxxl.de\/markt\/produkt\/couples-gespraechs-starterkarten-ueber-600-gespraechskarten-fuer-paare-zum-verbinden-und-verbessern-der-kommunikation-von-laessigen-gespraechen-bis-hin-zu-tiefen-und-wichtigen-them\/","og_site_name":"Markt-XXL","article_modified_time":"2023-04-07T00:53:25+00:00","og_image":[{"width":500,"height":500,"url":"https:\/\/m.media-amazon.com\/images\/I\/419S2fqF1HL._SL500_.jpg","type":"image\/jpeg"}],"twitter_card":"summary_large_image","twitter_misc":{"Gesch\u00e4tzte Lesezeit":"2\u00a0Minuten"},"schema":{"@context":"https:\/\/schema.org","@graph":[{"@type":"WebPage","@id":"https:\/\/marktxxl.de\/markt\/produkt\/couples-gespraechs-starterkarten-ueber-600-gespraechskarten-fuer-paare-zum-verbinden-und-verbessern-der-kommunikation-von-laessigen-gespraechen-bis-hin-zu-tiefen-und-wichtigen-them\/","url":"https:\/\/marktxxl.de\/markt\/produkt\/couples-gespraechs-starterkarten-ueber-600-gespraechskarten-fuer-paare-zum-verbinden-und-verbessern-der-kommunikation-von-laessigen-gespraechen-bis-hin-zu-tiefen-und-wichtigen-them\/","name":"598 Gespr\u00e4chskarten f\u00fcr Paare - Kartenspiele f\u00fcr Paare - Gespr\u00e4chsstarter f\u00fcr Date Nacht - Beziehungsgeschenke und tiefe\u2026 - Markt-XXL","isPartOf":{"@id":"https:\/\/marktxxl.de\/markt\/#website"},"primaryImageOfPage":{"@id":"https:\/\/marktxxl.de\/markt\/produkt\/couples-gespraechs-starterkarten-ueber-600-gespraechskarten-fuer-paare-zum-verbinden-und-verbessern-der-kommunikation-von-laessigen-gespraechen-bis-hin-zu-tiefen-und-wichtigen-them\/#primaryimage"},"image":{"@id":"https:\/\/marktxxl.de\/markt\/produkt\/couples-gespraechs-starterkarten-ueber-600-gespraechskarten-fuer-paare-zum-verbinden-und-verbessern-der-kommunikation-von-laessigen-gespraechen-bis-hin-zu-tiefen-und-wichtigen-them\/#primaryimage"},"thumbnailUrl":"https:\/\/m.media-amazon.com\/images\/I\/419S2fqF1HL._SL500_.jpg","datePublished":"2022-05-14T17:48:56+00:00","dateModified":"2023-04-07T00:53:25+00:00","description":"Markt-XXL 598 Gespr\u00e4chskarten f\u00fcr Paare - Kartenspiele f\u00fcr Paare - Gespr\u00e4chsstarter f\u00fcr Date Nacht - Beziehungsgeschenke und tiefe\u2026","breadcrumb":{"@id":"https:\/\/marktxxl.de\/markt\/produkt\/couples-gespraechs-starterkarten-ueber-600-gespraechskarten-fuer-paare-zum-verbinden-und-verbessern-der-kommunikation-von-laessigen-gespraechen-bis-hin-zu-tiefen-und-wichtigen-them\/#breadcrumb"},"inLanguage":"de","potentialAction":[{"@type":"ReadAction","target":["https:\/\/marktxxl.de\/markt\/produkt\/couples-gespraechs-starterkarten-ueber-600-gespraechskarten-fuer-paare-zum-verbinden-und-verbessern-der-kommunikation-von-laessigen-gespraechen-bis-hin-zu-tiefen-und-wichtigen-them\/"]}]},{"@type":"ImageObject","inLanguage":"de","@id":"https:\/\/marktxxl.de\/markt\/produkt\/couples-gespraechs-starterkarten-ueber-600-gespraechskarten-fuer-paare-zum-verbinden-und-verbessern-der-kommunikation-von-laessigen-gespraechen-bis-hin-zu-tiefen-und-wichtigen-them\/#primaryimage","url":"https:\/\/m.media-amazon.com\/images\/I\/419S2fqF1HL._SL500_.jpg","contentUrl":"https:\/\/m.media-amazon.com\/images\/I\/419S2fqF1HL._SL500_.jpg","width":500,"height":500},{"@type":"BreadcrumbList","@id":"https:\/\/marktxxl.de\/markt\/produkt\/couples-gespraechs-starterkarten-ueber-600-gespraechskarten-fuer-paare-zum-verbinden-und-verbessern-der-kommunikation-von-laessigen-gespraechen-bis-hin-zu-tiefen-und-wichtigen-them\/#breadcrumb","itemListElement":[{"@type":"ListItem","position":1,"name":"Startseite","item":"https:\/\/marktxxl.de\/markt\/"},{"@type":"ListItem","position":2,"name":"Markt","item":"https:\/\/marktxxl.de\/markt\/"},{"@type":"ListItem","position":3,"name":"598 Gespr\u00e4chskarten f\u00fcr Paare &#8211; Kartenspiele f\u00fcr Paare &#8211; Gespr\u00e4chsstarter f\u00fcr Date Nacht &#8211; Beziehungsgeschenke und tiefe\u2026"}]},{"@type":"WebSite","@id":"https:\/\/marktxxl.de\/markt\/#website","url":"https:\/\/marktxxl.de\/markt\/","name":"Markt-XXL","description":"Ihr Markt Online","publisher":{"@id":"https:\/\/marktxxl.de\/markt\/#organization"},"potentialAction":[{"@type":"SearchAction","target":{"@type":"EntryPoint","urlTemplate":"https:\/\/marktxxl.de\/markt\/?s={search_term_string}"},"query-input":{"@type":"PropertyValueSpecification","valueRequired":true,"valueName":"search_term_string"}}],"inLanguage":"de"},{"@type":"Organization","@id":"https:\/\/marktxxl.de\/markt\/#organization","name":"Markt-XXL","url":"https:\/\/marktxxl.de\/markt\/","logo":{"@type":"ImageObject","inLanguage":"de","@id":"https:\/\/marktxxl.de\/markt\/#\/schema\/logo\/image\/","url":"https:\/\/marktxxl.de\/markt\/wp-content\/uploads\/sites\/3\/2020\/12\/logo.png","contentUrl":"https:\/\/marktxxl.de\/markt\/wp-content\/uploads\/sites\/3\/2020\/12\/logo.png","width":200,"height":70,"caption":"Markt-XXL"},"image":{"@id":"https:\/\/marktxxl.de\/markt\/#\/schema\/logo\/image\/"}}]}},"_links":{"self":[{"href":"https:\/\/marktxxl.de\/markt\/wp-json\/wp\/v2\/product\/112533","targetHints":{"allow":["GET"]}}],"collection":[{"href":"https:\/\/marktxxl.de\/markt\/wp-json\/wp\/v2\/product"}],"about":[{"href":"https:\/\/marktxxl.de\/markt\/wp-json\/wp\/v2\/types\/product"}],"replies":[{"embeddable":true,"href":"https:\/\/marktxxl.de\/markt\/wp-json\/wp\/v2\/comments?post=112533"}],"wp:featuredmedia":[{"embeddable":true,"href":"https:\/\/marktxxl.de\/markt\/wp-json\/wp\/v2\/media\/112534"}],"wp:attachment":[{"href":"https:\/\/marktxxl.de\/markt\/wp-json\/wp\/v2\/media?parent=112533"}],"wp:term":[{"taxonomy":"product_brand","embeddable":true,"href":"https:\/\/marktxxl.de\/markt\/wp-json\/wp\/v2\/product_brand?post=112533"},{"taxonomy":"product_cat","embeddable":true,"href":"https:\/\/marktxxl.de\/markt\/wp-json\/wp\/v2\/product_cat?post=112533"},{"taxonomy":"product_tag","embeddable":true,"href":"https:\/\/marktxxl.de\/markt\/wp-json\/wp\/v2\/product_tag?post=112533"}],"curies":[{"name":"wp","href":"https:\/\/api.w.org\/{rel}","templated":true}]}}