{"id":112276,"date":"2022-03-02T18:04:18","date_gmt":"2022-03-02T17:04:18","guid":{"rendered":"https:\/\/marktxxl.de\/markt\/produkt\/damen-harness-leder-strumpfband-quaste-rock-body-harness-taillengurte-verstellbare-halloween-club-kostueme\/"},"modified":"2023-04-07T02:53:21","modified_gmt":"2023-04-07T00:53:21","slug":"damen-harness-leder-strumpfband-quaste-rock-body-harness-taillengurte-verstellbare-halloween-club-kostueme","status":"publish","type":"product","link":"https:\/\/marktxxl.de\/markt\/produkt\/damen-harness-leder-strumpfband-quaste-rock-body-harness-taillengurte-verstellbare-halloween-club-kostueme\/","title":{"rendered":"Damen Harness Leder Strumpfband Quaste Rock Body Harness Taillengurte Verstellbare Halloween Club Kost\u00fcme"},"content":{"rendered":"<p>\u2764\ufe0f\u3010Geschenke\uff1a\u3011Harness BH hat eine besondere und moderne Design, macht Sie attraktiver, charmant, Mode. Eines wunderbares Geschenk f\u00fcr Damen,Freund und Ihre Freundinnen.<br \/>\n\u2764\ufe0f\u3010Gr\u00f6\u00dfe:\u3011 Der Harness-BH war nur eine Gr\u00f6\u00dfe und gibt es Verstellbare Tr\u00e4ger (Passend f\u00fcr die meisten Frauen).<br \/>\n\u2764\ufe0f\u3010Material:\u3011 Der Geschirr-BH wurde aus elastischer Spandex hergestellt,passt perfekt zu Ihrem K\u00f6rper, Praktisch und sehr komfortabel .Damit f\u00fchlen Sie sich nicht gefesselt, wenn Sie den BH tragen.<br \/>\n\u2764\ufe0f Unsere B\u00fcstenhalter k\u00e4fig sind sehr weich und bequem.Beim Tragen ist auch sehr leicht das sexy und charmante Temperament zu reflektieren<br \/>\n\u2764\ufe0f\u3010Spezielles Design: \u3011 Anders als die meisten Dessous haben unsere Produkte ein besonderes und modernes Design, sie k\u00f6nnen Sie charmanter, modischer und schicker machen. Perfekt f\u00fcr Party, Modenschau, Cosplay und so weiter Bitte suchen Sie nach der Marke PETMHS, um zu kaufen. Wir garantieren, dass Ihre Quittung echt ist und die Qualit\u00e4t sehr, sehr gut ist<br \/>\n<div class=\"main-cross-sell\" data-asin=\"B07TRQ6MF1\">\n\n\t<div class=\"WooZone-cross-sell-loader\">\n\t\t<div>\n\t\t\t<div id=\"floatingBarsG\">\n\t\t\t\t<div class=\"blockG\" id=\"rotateG_01\"><\/div>\n\t\t\t\t<div class=\"blockG\" id=\"rotateG_02\"><\/div>\n\t\t\t\t<div class=\"blockG\" id=\"rotateG_03\"><\/div>\n\t\t\t\t<div class=\"blockG\" id=\"rotateG_04\"><\/div>\n\t\t\t\t<div class=\"blockG\" id=\"rotateG_05\"><\/div>\n\t\t\t\t<div class=\"blockG\" id=\"rotateG_06\"><\/div>\n\t\t\t\t<div class=\"blockG\" id=\"rotateG_07\"><\/div>\n\t\t\t\t<div class=\"blockG\" id=\"rotateG_08\"><\/div>\n\t\t\t<\/div>\n\t\t\t<div class=\"WooZone-cross-sell-loader-text\"><\/div>\n\t\t<\/div>\n\t<\/div>\n\n\t\t\n<\/div>\n<div style=\"clear:both;\"><\/div><\/p>\n","protected":false},"excerpt":{"rendered":"<p>\u2764\ufe0f\u3010Geschenke\uff1a\u3011Harness BH hat eine besondere und moderne Design, macht Sie attraktiver, charmant, Mode. Eines wunderbares Geschenk f\u00fcr Damen,Freund und Ihre Freundinnen.<br \/>\n\u2764\ufe0f\u3010Gr\u00f6\u00dfe:\u3011 Der Harness-BH war nur eine Gr\u00f6\u00dfe und gibt es Verstellbare Tr\u00e4ger (Passend f\u00fcr die meisten Frauen).<br \/>\n\u2764\ufe0f\u3010Material:\u3011 Der Geschirr-BH wurde aus elastischer Spandex hergestellt,passt perfekt zu Ihrem K\u00f6rper, Praktisch und sehr komfortabel .Damit f\u00fchlen Sie sich nicht gefesselt, wenn Sie den BH tragen.<\/p>\n","protected":false},"featured_media":112277,"comment_status":"open","ping_status":"closed","template":"","meta":[],"product_brand":[],"product_cat":[652,3064],"product_tag":[],"class_list":{"0":"post-112276","1":"product","2":"type-product","3":"status-publish","4":"has-post-thumbnail","6":"product_cat-erotik-markt-xxl","7":"product_cat-fesseln-bondage","8":"pa_binding-textilien","9":"pa_brand-petmhs","10":"pa_color-rose","11":"pa_size-einheitsgroesse","13":"first","14":"instock","15":"shipping-taxable","16":"purchasable","17":"product-type-simple","18":"customify-col","19":"product-has-gallery"},"yoast_head":"<!-- This site is optimized with the Yoast SEO plugin v27.4 - https:\/\/yoast.com\/product\/yoast-seo-wordpress\/ -->\n<title>Damen Harness Leder Strumpfband Quaste Rock Body Harness Taillengurte Verstellbare Halloween Club Kost\u00fcme - Markt-XXL<\/title>\n<meta name=\"description\" content=\"Markt-XXL Damen Harness Leder Strumpfband Quaste Rock Body Harness Taillengurte Verstellbare Halloween Club Kost\u00fcme\" \/>\n<meta name=\"robots\" content=\"index, follow, max-snippet:-1, max-image-preview:large, max-video-preview:-1\" \/>\n<link rel=\"canonical\" href=\"https:\/\/marktxxl.de\/markt\/produkt\/damen-harness-leder-strumpfband-quaste-rock-body-harness-taillengurte-verstellbare-halloween-club-kostueme\/\" \/>\n<meta property=\"og:locale\" content=\"de_DE\" \/>\n<meta property=\"og:type\" content=\"article\" \/>\n<meta property=\"og:title\" content=\"Damen Harness Leder Strumpfband Quaste Rock Body Harness Taillengurte Verstellbare Halloween Club Kost\u00fcme - Markt-XXL\" \/>\n<meta property=\"og:description\" content=\"Markt-XXL Damen Harness Leder Strumpfband Quaste Rock Body Harness Taillengurte Verstellbare Halloween Club Kost\u00fcme\" \/>\n<meta property=\"og:url\" content=\"https:\/\/marktxxl.de\/markt\/produkt\/damen-harness-leder-strumpfband-quaste-rock-body-harness-taillengurte-verstellbare-halloween-club-kostueme\/\" \/>\n<meta property=\"og:site_name\" content=\"Markt-XXL\" \/>\n<meta property=\"article:modified_time\" content=\"2023-04-07T00:53:21+00:00\" \/>\n<meta property=\"og:image\" content=\"https:\/\/m.media-amazon.com\/images\/I\/41CP4IbQrZL._SL500_.jpg\" \/>\n\t<meta property=\"og:image:width\" content=\"500\" \/>\n\t<meta property=\"og:image:height\" content=\"500\" \/>\n\t<meta property=\"og:image:type\" content=\"image\/jpeg\" \/>\n<meta name=\"twitter:card\" content=\"summary_large_image\" \/>\n<meta name=\"twitter:label1\" content=\"Gesch\u00e4tzte Lesezeit\" \/>\n\t<meta name=\"twitter:data1\" content=\"1\u00a0Minute\" \/>\n<script type=\"application\/ld+json\" class=\"yoast-schema-graph\">{\"@context\":\"https:\\\/\\\/schema.org\",\"@graph\":[{\"@type\":\"WebPage\",\"@id\":\"https:\\\/\\\/marktxxl.de\\\/markt\\\/produkt\\\/damen-harness-leder-strumpfband-quaste-rock-body-harness-taillengurte-verstellbare-halloween-club-kostueme\\\/\",\"url\":\"https:\\\/\\\/marktxxl.de\\\/markt\\\/produkt\\\/damen-harness-leder-strumpfband-quaste-rock-body-harness-taillengurte-verstellbare-halloween-club-kostueme\\\/\",\"name\":\"Damen Harness Leder Strumpfband Quaste Rock Body Harness Taillengurte Verstellbare Halloween Club Kost\u00fcme - Markt-XXL\",\"isPartOf\":{\"@id\":\"https:\\\/\\\/marktxxl.de\\\/markt\\\/#website\"},\"primaryImageOfPage\":{\"@id\":\"https:\\\/\\\/marktxxl.de\\\/markt\\\/produkt\\\/damen-harness-leder-strumpfband-quaste-rock-body-harness-taillengurte-verstellbare-halloween-club-kostueme\\\/#primaryimage\"},\"image\":{\"@id\":\"https:\\\/\\\/marktxxl.de\\\/markt\\\/produkt\\\/damen-harness-leder-strumpfband-quaste-rock-body-harness-taillengurte-verstellbare-halloween-club-kostueme\\\/#primaryimage\"},\"thumbnailUrl\":\"https:\\\/\\\/m.media-amazon.com\\\/images\\\/I\\\/41CP4IbQrZL._SL500_.jpg\",\"datePublished\":\"2022-03-02T17:04:18+00:00\",\"dateModified\":\"2023-04-07T00:53:21+00:00\",\"description\":\"Markt-XXL Damen Harness Leder Strumpfband Quaste Rock Body Harness Taillengurte Verstellbare Halloween Club Kost\u00fcme\",\"breadcrumb\":{\"@id\":\"https:\\\/\\\/marktxxl.de\\\/markt\\\/produkt\\\/damen-harness-leder-strumpfband-quaste-rock-body-harness-taillengurte-verstellbare-halloween-club-kostueme\\\/#breadcrumb\"},\"inLanguage\":\"de\",\"potentialAction\":[{\"@type\":\"ReadAction\",\"target\":[\"https:\\\/\\\/marktxxl.de\\\/markt\\\/produkt\\\/damen-harness-leder-strumpfband-quaste-rock-body-harness-taillengurte-verstellbare-halloween-club-kostueme\\\/\"]}]},{\"@type\":\"ImageObject\",\"inLanguage\":\"de\",\"@id\":\"https:\\\/\\\/marktxxl.de\\\/markt\\\/produkt\\\/damen-harness-leder-strumpfband-quaste-rock-body-harness-taillengurte-verstellbare-halloween-club-kostueme\\\/#primaryimage\",\"url\":\"https:\\\/\\\/m.media-amazon.com\\\/images\\\/I\\\/41CP4IbQrZL._SL500_.jpg\",\"contentUrl\":\"https:\\\/\\\/m.media-amazon.com\\\/images\\\/I\\\/41CP4IbQrZL._SL500_.jpg\",\"width\":500,\"height\":500},{\"@type\":\"BreadcrumbList\",\"@id\":\"https:\\\/\\\/marktxxl.de\\\/markt\\\/produkt\\\/damen-harness-leder-strumpfband-quaste-rock-body-harness-taillengurte-verstellbare-halloween-club-kostueme\\\/#breadcrumb\",\"itemListElement\":[{\"@type\":\"ListItem\",\"position\":1,\"name\":\"Startseite\",\"item\":\"https:\\\/\\\/marktxxl.de\\\/markt\\\/\"},{\"@type\":\"ListItem\",\"position\":2,\"name\":\"Markt\",\"item\":\"https:\\\/\\\/marktxxl.de\\\/markt\\\/\"},{\"@type\":\"ListItem\",\"position\":3,\"name\":\"Damen Harness Leder Strumpfband Quaste Rock Body Harness Taillengurte Verstellbare Halloween Club Kost\u00fcme\"}]},{\"@type\":\"WebSite\",\"@id\":\"https:\\\/\\\/marktxxl.de\\\/markt\\\/#website\",\"url\":\"https:\\\/\\\/marktxxl.de\\\/markt\\\/\",\"name\":\"Markt-XXL\",\"description\":\"Ihr Markt Online\",\"publisher\":{\"@id\":\"https:\\\/\\\/marktxxl.de\\\/markt\\\/#organization\"},\"potentialAction\":[{\"@type\":\"SearchAction\",\"target\":{\"@type\":\"EntryPoint\",\"urlTemplate\":\"https:\\\/\\\/marktxxl.de\\\/markt\\\/?s={search_term_string}\"},\"query-input\":{\"@type\":\"PropertyValueSpecification\",\"valueRequired\":true,\"valueName\":\"search_term_string\"}}],\"inLanguage\":\"de\"},{\"@type\":\"Organization\",\"@id\":\"https:\\\/\\\/marktxxl.de\\\/markt\\\/#organization\",\"name\":\"Markt-XXL\",\"url\":\"https:\\\/\\\/marktxxl.de\\\/markt\\\/\",\"logo\":{\"@type\":\"ImageObject\",\"inLanguage\":\"de\",\"@id\":\"https:\\\/\\\/marktxxl.de\\\/markt\\\/#\\\/schema\\\/logo\\\/image\\\/\",\"url\":\"https:\\\/\\\/marktxxl.de\\\/markt\\\/wp-content\\\/uploads\\\/sites\\\/3\\\/2020\\\/12\\\/logo.png\",\"contentUrl\":\"https:\\\/\\\/marktxxl.de\\\/markt\\\/wp-content\\\/uploads\\\/sites\\\/3\\\/2020\\\/12\\\/logo.png\",\"width\":200,\"height\":70,\"caption\":\"Markt-XXL\"},\"image\":{\"@id\":\"https:\\\/\\\/marktxxl.de\\\/markt\\\/#\\\/schema\\\/logo\\\/image\\\/\"}}]}<\/script>\n<!-- \/ Yoast SEO plugin. -->","yoast_head_json":{"title":"Damen Harness Leder Strumpfband Quaste Rock Body Harness Taillengurte Verstellbare Halloween Club Kost\u00fcme - Markt-XXL","description":"Markt-XXL Damen Harness Leder Strumpfband Quaste Rock Body Harness Taillengurte Verstellbare Halloween Club Kost\u00fcme","robots":{"index":"index","follow":"follow","max-snippet":"max-snippet:-1","max-image-preview":"max-image-preview:large","max-video-preview":"max-video-preview:-1"},"canonical":"https:\/\/marktxxl.de\/markt\/produkt\/damen-harness-leder-strumpfband-quaste-rock-body-harness-taillengurte-verstellbare-halloween-club-kostueme\/","og_locale":"de_DE","og_type":"article","og_title":"Damen Harness Leder Strumpfband Quaste Rock Body Harness Taillengurte Verstellbare Halloween Club Kost\u00fcme - Markt-XXL","og_description":"Markt-XXL Damen Harness Leder Strumpfband Quaste Rock Body Harness Taillengurte Verstellbare Halloween Club Kost\u00fcme","og_url":"https:\/\/marktxxl.de\/markt\/produkt\/damen-harness-leder-strumpfband-quaste-rock-body-harness-taillengurte-verstellbare-halloween-club-kostueme\/","og_site_name":"Markt-XXL","article_modified_time":"2023-04-07T00:53:21+00:00","og_image":[{"width":500,"height":500,"url":"https:\/\/m.media-amazon.com\/images\/I\/41CP4IbQrZL._SL500_.jpg","type":"image\/jpeg"}],"twitter_card":"summary_large_image","twitter_misc":{"Gesch\u00e4tzte Lesezeit":"1\u00a0Minute"},"schema":{"@context":"https:\/\/schema.org","@graph":[{"@type":"WebPage","@id":"https:\/\/marktxxl.de\/markt\/produkt\/damen-harness-leder-strumpfband-quaste-rock-body-harness-taillengurte-verstellbare-halloween-club-kostueme\/","url":"https:\/\/marktxxl.de\/markt\/produkt\/damen-harness-leder-strumpfband-quaste-rock-body-harness-taillengurte-verstellbare-halloween-club-kostueme\/","name":"Damen Harness Leder Strumpfband Quaste Rock Body Harness Taillengurte Verstellbare Halloween Club Kost\u00fcme - Markt-XXL","isPartOf":{"@id":"https:\/\/marktxxl.de\/markt\/#website"},"primaryImageOfPage":{"@id":"https:\/\/marktxxl.de\/markt\/produkt\/damen-harness-leder-strumpfband-quaste-rock-body-harness-taillengurte-verstellbare-halloween-club-kostueme\/#primaryimage"},"image":{"@id":"https:\/\/marktxxl.de\/markt\/produkt\/damen-harness-leder-strumpfband-quaste-rock-body-harness-taillengurte-verstellbare-halloween-club-kostueme\/#primaryimage"},"thumbnailUrl":"https:\/\/m.media-amazon.com\/images\/I\/41CP4IbQrZL._SL500_.jpg","datePublished":"2022-03-02T17:04:18+00:00","dateModified":"2023-04-07T00:53:21+00:00","description":"Markt-XXL Damen Harness Leder Strumpfband Quaste Rock Body Harness Taillengurte Verstellbare Halloween Club Kost\u00fcme","breadcrumb":{"@id":"https:\/\/marktxxl.de\/markt\/produkt\/damen-harness-leder-strumpfband-quaste-rock-body-harness-taillengurte-verstellbare-halloween-club-kostueme\/#breadcrumb"},"inLanguage":"de","potentialAction":[{"@type":"ReadAction","target":["https:\/\/marktxxl.de\/markt\/produkt\/damen-harness-leder-strumpfband-quaste-rock-body-harness-taillengurte-verstellbare-halloween-club-kostueme\/"]}]},{"@type":"ImageObject","inLanguage":"de","@id":"https:\/\/marktxxl.de\/markt\/produkt\/damen-harness-leder-strumpfband-quaste-rock-body-harness-taillengurte-verstellbare-halloween-club-kostueme\/#primaryimage","url":"https:\/\/m.media-amazon.com\/images\/I\/41CP4IbQrZL._SL500_.jpg","contentUrl":"https:\/\/m.media-amazon.com\/images\/I\/41CP4IbQrZL._SL500_.jpg","width":500,"height":500},{"@type":"BreadcrumbList","@id":"https:\/\/marktxxl.de\/markt\/produkt\/damen-harness-leder-strumpfband-quaste-rock-body-harness-taillengurte-verstellbare-halloween-club-kostueme\/#breadcrumb","itemListElement":[{"@type":"ListItem","position":1,"name":"Startseite","item":"https:\/\/marktxxl.de\/markt\/"},{"@type":"ListItem","position":2,"name":"Markt","item":"https:\/\/marktxxl.de\/markt\/"},{"@type":"ListItem","position":3,"name":"Damen Harness Leder Strumpfband Quaste Rock Body Harness Taillengurte Verstellbare Halloween Club Kost\u00fcme"}]},{"@type":"WebSite","@id":"https:\/\/marktxxl.de\/markt\/#website","url":"https:\/\/marktxxl.de\/markt\/","name":"Markt-XXL","description":"Ihr Markt Online","publisher":{"@id":"https:\/\/marktxxl.de\/markt\/#organization"},"potentialAction":[{"@type":"SearchAction","target":{"@type":"EntryPoint","urlTemplate":"https:\/\/marktxxl.de\/markt\/?s={search_term_string}"},"query-input":{"@type":"PropertyValueSpecification","valueRequired":true,"valueName":"search_term_string"}}],"inLanguage":"de"},{"@type":"Organization","@id":"https:\/\/marktxxl.de\/markt\/#organization","name":"Markt-XXL","url":"https:\/\/marktxxl.de\/markt\/","logo":{"@type":"ImageObject","inLanguage":"de","@id":"https:\/\/marktxxl.de\/markt\/#\/schema\/logo\/image\/","url":"https:\/\/marktxxl.de\/markt\/wp-content\/uploads\/sites\/3\/2020\/12\/logo.png","contentUrl":"https:\/\/marktxxl.de\/markt\/wp-content\/uploads\/sites\/3\/2020\/12\/logo.png","width":200,"height":70,"caption":"Markt-XXL"},"image":{"@id":"https:\/\/marktxxl.de\/markt\/#\/schema\/logo\/image\/"}}]}},"_links":{"self":[{"href":"https:\/\/marktxxl.de\/markt\/wp-json\/wp\/v2\/product\/112276","targetHints":{"allow":["GET"]}}],"collection":[{"href":"https:\/\/marktxxl.de\/markt\/wp-json\/wp\/v2\/product"}],"about":[{"href":"https:\/\/marktxxl.de\/markt\/wp-json\/wp\/v2\/types\/product"}],"replies":[{"embeddable":true,"href":"https:\/\/marktxxl.de\/markt\/wp-json\/wp\/v2\/comments?post=112276"}],"wp:featuredmedia":[{"embeddable":true,"href":"https:\/\/marktxxl.de\/markt\/wp-json\/wp\/v2\/media\/112277"}],"wp:attachment":[{"href":"https:\/\/marktxxl.de\/markt\/wp-json\/wp\/v2\/media?parent=112276"}],"wp:term":[{"taxonomy":"product_brand","embeddable":true,"href":"https:\/\/marktxxl.de\/markt\/wp-json\/wp\/v2\/product_brand?post=112276"},{"taxonomy":"product_cat","embeddable":true,"href":"https:\/\/marktxxl.de\/markt\/wp-json\/wp\/v2\/product_cat?post=112276"},{"taxonomy":"product_tag","embeddable":true,"href":"https:\/\/marktxxl.de\/markt\/wp-json\/wp\/v2\/product_tag?post=112276"}],"curies":[{"name":"wp","href":"https:\/\/api.w.org\/{rel}","templated":true}]}}