{"id":112198,"date":"2022-03-02T17:40:41","date_gmt":"2022-03-02T16:40:41","guid":{"rendered":"https:\/\/marktxxl.de\/markt\/produkt\/petmhs-herren-punk-leder-schritt-hose-body-harness-bandage-gothic-rave-party-cosplay-halloween\/"},"modified":"2023-04-11T03:38:35","modified_gmt":"2023-04-11T01:38:35","slug":"petmhs-herren-punk-leder-schritt-hose-body-harness-bandage-gothic-rave-party-cosplay-halloween","status":"publish","type":"product","link":"https:\/\/marktxxl.de\/markt\/produkt\/petmhs-herren-punk-leder-schritt-hose-body-harness-bandage-gothic-rave-party-cosplay-halloween\/","title":{"rendered":"PETMHS Herren Punk Leder Schritt Hose Body Harness Bandage Gothic Rave Party Cosplay Halloween"},"content":{"rendered":"<p>\u2764\ufe0fVerstellbarer Gurt aus PU-Leder f\u00fcr Frauen, handgefertigter Gurt, Einheitsgr\u00f6\u00dfe f\u00fcr die meisten Damen.<br \/>\n\u2764\ufe0fMaterial: Hochwertiges PU-Lederhalfter, weiches PU-Leder, langlebig und angenehm zu tragen, l\u00e4sst Sie charmanter und einzigartiger aussehen<br \/>\n\u2764\ufe0fSpezielles Geschirr und modernes Design machen dich charmanter, punkgotischer, modischer und cooler<br \/>\n\u2764\ufe0fImportiert, eine Gr\u00f6\u00dfe, k\u00f6nnen Sie den Einstellknopf verwenden, um Ihre K\u00f6rpergr\u00f6\u00dfe anzupassen. Eine gute Wahl, um ein Geschenk f\u00fcr Frauen, M\u00e4dchen, Muttertag zu sein.<br \/>\n\u2764\ufe0fKomfortabel und leicht zu tragen, Perfekt f\u00fcr Dating, Halloween, Nachtclub, Karneval, Cosplay, Bar, Maskerade-Kost\u00fcme, Tanzen, Musikfestival-Kleidung, Rave-Outfits, Konzertkleidung, Partykleidung, Clubparty und andere Veranstaltungen<br \/>\n<div class=\"main-cross-sell\" data-asin=\"B087JD7PF5\">\n\n\t<div class=\"WooZone-cross-sell-loader\">\n\t\t<div>\n\t\t\t<div id=\"floatingBarsG\">\n\t\t\t\t<div class=\"blockG\" id=\"rotateG_01\"><\/div>\n\t\t\t\t<div class=\"blockG\" id=\"rotateG_02\"><\/div>\n\t\t\t\t<div class=\"blockG\" id=\"rotateG_03\"><\/div>\n\t\t\t\t<div class=\"blockG\" id=\"rotateG_04\"><\/div>\n\t\t\t\t<div class=\"blockG\" id=\"rotateG_05\"><\/div>\n\t\t\t\t<div class=\"blockG\" id=\"rotateG_06\"><\/div>\n\t\t\t\t<div class=\"blockG\" id=\"rotateG_07\"><\/div>\n\t\t\t\t<div class=\"blockG\" id=\"rotateG_08\"><\/div>\n\t\t\t<\/div>\n\t\t\t<div class=\"WooZone-cross-sell-loader-text\"><\/div>\n\t\t<\/div>\n\t<\/div>\n\n\t\t\n<\/div>\n<div style=\"clear:both;\"><\/div><\/p>\n","protected":false},"excerpt":{"rendered":"<p>\u2764\ufe0fVerstellbarer Gurt aus PU-Leder f\u00fcr Frauen, handgefertigter Gurt, Einheitsgr\u00f6\u00dfe f\u00fcr die meisten Damen.<br \/>\n\u2764\ufe0fMaterial: Hochwertiges PU-Lederhalfter, weiches PU-Leder, langlebig und angenehm zu tragen, l\u00e4sst Sie charmanter und einzigartiger aussehen<br \/>\n\u2764\ufe0fSpezielles Geschirr und modernes Design machen dich charmanter, punkgotischer, modischer und cooler<\/p>\n","protected":false},"featured_media":112199,"comment_status":"open","ping_status":"closed","template":"","meta":[],"product_brand":[],"product_cat":[652,3064],"product_tag":[],"class_list":{"0":"post-112198","1":"product","2":"type-product","3":"status-publish","4":"has-post-thumbnail","6":"product_cat-erotik-markt-xxl","7":"product_cat-fesseln-bondage","8":"pa_binding-textilien","9":"pa_brand-petmhs","10":"pa_color-schwarz","11":"pa_height-9-842519675-zoll","12":"pa_length-7-87401574-zoll","13":"pa_size-einheitsgroesse","14":"pa_width-5-905511805-zoll","16":"first","17":"instock","18":"shipping-taxable","19":"purchasable","20":"product-type-simple","21":"customify-col","22":"product-has-gallery"},"yoast_head":"<!-- This site is optimized with the Yoast SEO plugin v27.4 - https:\/\/yoast.com\/product\/yoast-seo-wordpress\/ -->\n<title>PETMHS Herren Punk Leder Schritt Hose Body Harness Bandage Gothic Rave Party Cosplay Halloween - Markt-XXL<\/title>\n<meta name=\"description\" content=\"Markt-XXL PETMHS Herren Punk Leder Schritt Hose Body Harness Bandage Gothic Rave Party Cosplay Halloween\" \/>\n<meta name=\"robots\" content=\"index, follow, max-snippet:-1, max-image-preview:large, max-video-preview:-1\" \/>\n<link rel=\"canonical\" href=\"https:\/\/marktxxl.de\/markt\/produkt\/petmhs-herren-punk-leder-schritt-hose-body-harness-bandage-gothic-rave-party-cosplay-halloween\/\" \/>\n<meta property=\"og:locale\" content=\"de_DE\" \/>\n<meta property=\"og:type\" content=\"article\" \/>\n<meta property=\"og:title\" content=\"PETMHS Herren Punk Leder Schritt Hose Body Harness Bandage Gothic Rave Party Cosplay Halloween - Markt-XXL\" \/>\n<meta property=\"og:description\" content=\"Markt-XXL PETMHS Herren Punk Leder Schritt Hose Body Harness Bandage Gothic Rave Party Cosplay Halloween\" \/>\n<meta property=\"og:url\" content=\"https:\/\/marktxxl.de\/markt\/produkt\/petmhs-herren-punk-leder-schritt-hose-body-harness-bandage-gothic-rave-party-cosplay-halloween\/\" \/>\n<meta property=\"og:site_name\" content=\"Markt-XXL\" \/>\n<meta property=\"article:modified_time\" content=\"2023-04-11T01:38:35+00:00\" \/>\n<meta property=\"og:image\" content=\"https:\/\/m.media-amazon.com\/images\/I\/41ONdDdv8vL._SL500_.jpg\" \/>\n\t<meta property=\"og:image:width\" content=\"500\" \/>\n\t<meta property=\"og:image:height\" content=\"500\" \/>\n\t<meta property=\"og:image:type\" content=\"image\/jpeg\" \/>\n<meta name=\"twitter:card\" content=\"summary_large_image\" \/>\n<meta name=\"twitter:label1\" content=\"Gesch\u00e4tzte Lesezeit\" \/>\n\t<meta name=\"twitter:data1\" content=\"1\u00a0Minute\" \/>\n<script type=\"application\/ld+json\" class=\"yoast-schema-graph\">{\"@context\":\"https:\\\/\\\/schema.org\",\"@graph\":[{\"@type\":\"WebPage\",\"@id\":\"https:\\\/\\\/marktxxl.de\\\/markt\\\/produkt\\\/petmhs-herren-punk-leder-schritt-hose-body-harness-bandage-gothic-rave-party-cosplay-halloween\\\/\",\"url\":\"https:\\\/\\\/marktxxl.de\\\/markt\\\/produkt\\\/petmhs-herren-punk-leder-schritt-hose-body-harness-bandage-gothic-rave-party-cosplay-halloween\\\/\",\"name\":\"PETMHS Herren Punk Leder Schritt Hose Body Harness Bandage Gothic Rave Party Cosplay Halloween - Markt-XXL\",\"isPartOf\":{\"@id\":\"https:\\\/\\\/marktxxl.de\\\/markt\\\/#website\"},\"primaryImageOfPage\":{\"@id\":\"https:\\\/\\\/marktxxl.de\\\/markt\\\/produkt\\\/petmhs-herren-punk-leder-schritt-hose-body-harness-bandage-gothic-rave-party-cosplay-halloween\\\/#primaryimage\"},\"image\":{\"@id\":\"https:\\\/\\\/marktxxl.de\\\/markt\\\/produkt\\\/petmhs-herren-punk-leder-schritt-hose-body-harness-bandage-gothic-rave-party-cosplay-halloween\\\/#primaryimage\"},\"thumbnailUrl\":\"https:\\\/\\\/m.media-amazon.com\\\/images\\\/I\\\/41ONdDdv8vL._SL500_.jpg\",\"datePublished\":\"2022-03-02T16:40:41+00:00\",\"dateModified\":\"2023-04-11T01:38:35+00:00\",\"description\":\"Markt-XXL PETMHS Herren Punk Leder Schritt Hose Body Harness Bandage Gothic Rave Party Cosplay Halloween\",\"breadcrumb\":{\"@id\":\"https:\\\/\\\/marktxxl.de\\\/markt\\\/produkt\\\/petmhs-herren-punk-leder-schritt-hose-body-harness-bandage-gothic-rave-party-cosplay-halloween\\\/#breadcrumb\"},\"inLanguage\":\"de\",\"potentialAction\":[{\"@type\":\"ReadAction\",\"target\":[\"https:\\\/\\\/marktxxl.de\\\/markt\\\/produkt\\\/petmhs-herren-punk-leder-schritt-hose-body-harness-bandage-gothic-rave-party-cosplay-halloween\\\/\"]}]},{\"@type\":\"ImageObject\",\"inLanguage\":\"de\",\"@id\":\"https:\\\/\\\/marktxxl.de\\\/markt\\\/produkt\\\/petmhs-herren-punk-leder-schritt-hose-body-harness-bandage-gothic-rave-party-cosplay-halloween\\\/#primaryimage\",\"url\":\"https:\\\/\\\/m.media-amazon.com\\\/images\\\/I\\\/41ONdDdv8vL._SL500_.jpg\",\"contentUrl\":\"https:\\\/\\\/m.media-amazon.com\\\/images\\\/I\\\/41ONdDdv8vL._SL500_.jpg\",\"width\":500,\"height\":500},{\"@type\":\"BreadcrumbList\",\"@id\":\"https:\\\/\\\/marktxxl.de\\\/markt\\\/produkt\\\/petmhs-herren-punk-leder-schritt-hose-body-harness-bandage-gothic-rave-party-cosplay-halloween\\\/#breadcrumb\",\"itemListElement\":[{\"@type\":\"ListItem\",\"position\":1,\"name\":\"Startseite\",\"item\":\"https:\\\/\\\/marktxxl.de\\\/markt\\\/\"},{\"@type\":\"ListItem\",\"position\":2,\"name\":\"Markt\",\"item\":\"https:\\\/\\\/marktxxl.de\\\/markt\\\/\"},{\"@type\":\"ListItem\",\"position\":3,\"name\":\"PETMHS Herren Punk Leder Schritt Hose Body Harness Bandage Gothic Rave Party Cosplay Halloween\"}]},{\"@type\":\"WebSite\",\"@id\":\"https:\\\/\\\/marktxxl.de\\\/markt\\\/#website\",\"url\":\"https:\\\/\\\/marktxxl.de\\\/markt\\\/\",\"name\":\"Markt-XXL\",\"description\":\"Ihr Markt Online\",\"publisher\":{\"@id\":\"https:\\\/\\\/marktxxl.de\\\/markt\\\/#organization\"},\"potentialAction\":[{\"@type\":\"SearchAction\",\"target\":{\"@type\":\"EntryPoint\",\"urlTemplate\":\"https:\\\/\\\/marktxxl.de\\\/markt\\\/?s={search_term_string}\"},\"query-input\":{\"@type\":\"PropertyValueSpecification\",\"valueRequired\":true,\"valueName\":\"search_term_string\"}}],\"inLanguage\":\"de\"},{\"@type\":\"Organization\",\"@id\":\"https:\\\/\\\/marktxxl.de\\\/markt\\\/#organization\",\"name\":\"Markt-XXL\",\"url\":\"https:\\\/\\\/marktxxl.de\\\/markt\\\/\",\"logo\":{\"@type\":\"ImageObject\",\"inLanguage\":\"de\",\"@id\":\"https:\\\/\\\/marktxxl.de\\\/markt\\\/#\\\/schema\\\/logo\\\/image\\\/\",\"url\":\"https:\\\/\\\/marktxxl.de\\\/markt\\\/wp-content\\\/uploads\\\/sites\\\/3\\\/2020\\\/12\\\/logo.png\",\"contentUrl\":\"https:\\\/\\\/marktxxl.de\\\/markt\\\/wp-content\\\/uploads\\\/sites\\\/3\\\/2020\\\/12\\\/logo.png\",\"width\":200,\"height\":70,\"caption\":\"Markt-XXL\"},\"image\":{\"@id\":\"https:\\\/\\\/marktxxl.de\\\/markt\\\/#\\\/schema\\\/logo\\\/image\\\/\"}}]}<\/script>\n<!-- \/ Yoast SEO plugin. -->","yoast_head_json":{"title":"PETMHS Herren Punk Leder Schritt Hose Body Harness Bandage Gothic Rave Party Cosplay Halloween - Markt-XXL","description":"Markt-XXL PETMHS Herren Punk Leder Schritt Hose Body Harness Bandage Gothic Rave Party Cosplay Halloween","robots":{"index":"index","follow":"follow","max-snippet":"max-snippet:-1","max-image-preview":"max-image-preview:large","max-video-preview":"max-video-preview:-1"},"canonical":"https:\/\/marktxxl.de\/markt\/produkt\/petmhs-herren-punk-leder-schritt-hose-body-harness-bandage-gothic-rave-party-cosplay-halloween\/","og_locale":"de_DE","og_type":"article","og_title":"PETMHS Herren Punk Leder Schritt Hose Body Harness Bandage Gothic Rave Party Cosplay Halloween - Markt-XXL","og_description":"Markt-XXL PETMHS Herren Punk Leder Schritt Hose Body Harness Bandage Gothic Rave Party Cosplay Halloween","og_url":"https:\/\/marktxxl.de\/markt\/produkt\/petmhs-herren-punk-leder-schritt-hose-body-harness-bandage-gothic-rave-party-cosplay-halloween\/","og_site_name":"Markt-XXL","article_modified_time":"2023-04-11T01:38:35+00:00","og_image":[{"width":500,"height":500,"url":"https:\/\/m.media-amazon.com\/images\/I\/41ONdDdv8vL._SL500_.jpg","type":"image\/jpeg"}],"twitter_card":"summary_large_image","twitter_misc":{"Gesch\u00e4tzte Lesezeit":"1\u00a0Minute"},"schema":{"@context":"https:\/\/schema.org","@graph":[{"@type":"WebPage","@id":"https:\/\/marktxxl.de\/markt\/produkt\/petmhs-herren-punk-leder-schritt-hose-body-harness-bandage-gothic-rave-party-cosplay-halloween\/","url":"https:\/\/marktxxl.de\/markt\/produkt\/petmhs-herren-punk-leder-schritt-hose-body-harness-bandage-gothic-rave-party-cosplay-halloween\/","name":"PETMHS Herren Punk Leder Schritt Hose Body Harness Bandage Gothic Rave Party Cosplay Halloween - Markt-XXL","isPartOf":{"@id":"https:\/\/marktxxl.de\/markt\/#website"},"primaryImageOfPage":{"@id":"https:\/\/marktxxl.de\/markt\/produkt\/petmhs-herren-punk-leder-schritt-hose-body-harness-bandage-gothic-rave-party-cosplay-halloween\/#primaryimage"},"image":{"@id":"https:\/\/marktxxl.de\/markt\/produkt\/petmhs-herren-punk-leder-schritt-hose-body-harness-bandage-gothic-rave-party-cosplay-halloween\/#primaryimage"},"thumbnailUrl":"https:\/\/m.media-amazon.com\/images\/I\/41ONdDdv8vL._SL500_.jpg","datePublished":"2022-03-02T16:40:41+00:00","dateModified":"2023-04-11T01:38:35+00:00","description":"Markt-XXL PETMHS Herren Punk Leder Schritt Hose Body Harness Bandage Gothic Rave Party Cosplay Halloween","breadcrumb":{"@id":"https:\/\/marktxxl.de\/markt\/produkt\/petmhs-herren-punk-leder-schritt-hose-body-harness-bandage-gothic-rave-party-cosplay-halloween\/#breadcrumb"},"inLanguage":"de","potentialAction":[{"@type":"ReadAction","target":["https:\/\/marktxxl.de\/markt\/produkt\/petmhs-herren-punk-leder-schritt-hose-body-harness-bandage-gothic-rave-party-cosplay-halloween\/"]}]},{"@type":"ImageObject","inLanguage":"de","@id":"https:\/\/marktxxl.de\/markt\/produkt\/petmhs-herren-punk-leder-schritt-hose-body-harness-bandage-gothic-rave-party-cosplay-halloween\/#primaryimage","url":"https:\/\/m.media-amazon.com\/images\/I\/41ONdDdv8vL._SL500_.jpg","contentUrl":"https:\/\/m.media-amazon.com\/images\/I\/41ONdDdv8vL._SL500_.jpg","width":500,"height":500},{"@type":"BreadcrumbList","@id":"https:\/\/marktxxl.de\/markt\/produkt\/petmhs-herren-punk-leder-schritt-hose-body-harness-bandage-gothic-rave-party-cosplay-halloween\/#breadcrumb","itemListElement":[{"@type":"ListItem","position":1,"name":"Startseite","item":"https:\/\/marktxxl.de\/markt\/"},{"@type":"ListItem","position":2,"name":"Markt","item":"https:\/\/marktxxl.de\/markt\/"},{"@type":"ListItem","position":3,"name":"PETMHS Herren Punk Leder Schritt Hose Body Harness Bandage Gothic Rave Party Cosplay Halloween"}]},{"@type":"WebSite","@id":"https:\/\/marktxxl.de\/markt\/#website","url":"https:\/\/marktxxl.de\/markt\/","name":"Markt-XXL","description":"Ihr Markt Online","publisher":{"@id":"https:\/\/marktxxl.de\/markt\/#organization"},"potentialAction":[{"@type":"SearchAction","target":{"@type":"EntryPoint","urlTemplate":"https:\/\/marktxxl.de\/markt\/?s={search_term_string}"},"query-input":{"@type":"PropertyValueSpecification","valueRequired":true,"valueName":"search_term_string"}}],"inLanguage":"de"},{"@type":"Organization","@id":"https:\/\/marktxxl.de\/markt\/#organization","name":"Markt-XXL","url":"https:\/\/marktxxl.de\/markt\/","logo":{"@type":"ImageObject","inLanguage":"de","@id":"https:\/\/marktxxl.de\/markt\/#\/schema\/logo\/image\/","url":"https:\/\/marktxxl.de\/markt\/wp-content\/uploads\/sites\/3\/2020\/12\/logo.png","contentUrl":"https:\/\/marktxxl.de\/markt\/wp-content\/uploads\/sites\/3\/2020\/12\/logo.png","width":200,"height":70,"caption":"Markt-XXL"},"image":{"@id":"https:\/\/marktxxl.de\/markt\/#\/schema\/logo\/image\/"}}]}},"_links":{"self":[{"href":"https:\/\/marktxxl.de\/markt\/wp-json\/wp\/v2\/product\/112198","targetHints":{"allow":["GET"]}}],"collection":[{"href":"https:\/\/marktxxl.de\/markt\/wp-json\/wp\/v2\/product"}],"about":[{"href":"https:\/\/marktxxl.de\/markt\/wp-json\/wp\/v2\/types\/product"}],"replies":[{"embeddable":true,"href":"https:\/\/marktxxl.de\/markt\/wp-json\/wp\/v2\/comments?post=112198"}],"wp:featuredmedia":[{"embeddable":true,"href":"https:\/\/marktxxl.de\/markt\/wp-json\/wp\/v2\/media\/112199"}],"wp:attachment":[{"href":"https:\/\/marktxxl.de\/markt\/wp-json\/wp\/v2\/media?parent=112198"}],"wp:term":[{"taxonomy":"product_brand","embeddable":true,"href":"https:\/\/marktxxl.de\/markt\/wp-json\/wp\/v2\/product_brand?post=112198"},{"taxonomy":"product_cat","embeddable":true,"href":"https:\/\/marktxxl.de\/markt\/wp-json\/wp\/v2\/product_cat?post=112198"},{"taxonomy":"product_tag","embeddable":true,"href":"https:\/\/marktxxl.de\/markt\/wp-json\/wp\/v2\/product_tag?post=112198"}],"curies":[{"name":"wp","href":"https:\/\/api.w.org\/{rel}","templated":true}]}}