{"id":112056,"date":"2022-02-27T00:46:06","date_gmt":"2022-02-26T23:46:06","guid":{"rendered":"https:\/\/marktxxl.de\/markt\/produkt\/modaliv-laetzchen-fuer-erwachsene-wiederverwendbar-wasserfest-maschinenwaschbar-extra-lang-fuer-maenner-und-frauen-beige-burgunderrot\/"},"modified":"2023-04-11T03:38:34","modified_gmt":"2023-04-11T01:38:34","slug":"modaliv-laetzchen-fuer-erwachsene-wiederverwendbar-wasserfest-maschinenwaschbar-extra-lang-fuer-maenner-und-frauen-beige-burgunderrot","status":"publish","type":"product","link":"https:\/\/marktxxl.de\/markt\/produkt\/modaliv-laetzchen-fuer-erwachsene-wiederverwendbar-wasserfest-maschinenwaschbar-extra-lang-fuer-maenner-und-frauen-beige-burgunderrot\/","title":{"rendered":"Modaliv L\u00e4tzchen f\u00fcr Erwachsene, wiederverwendbar, wasserfest, maschinenwaschbar, extra lang, f\u00fcr M\u00e4nner und Frauen\u2026"},"content":{"rendered":"<p>Extra breite Abdeckung und gr\u679a\u813dere Hals\u679affnung f\u7709r mehr Komfort \u9225\ufffd extra breites L\u76f2tzchen (60 cm Breite) bietet mehr Schutz als normale L\u76f2tzchen. Der verstellbare Klettverschluss passt f\u7709r gr\u679a\u813dere Frauen und M\u76f2nnchen (bis zu 67 cm Halsumfang). Sie oder Ihre Liebsten werden in vollem Komfort speisen.<br \/>\nEinfach anzubringen \u9225\ufffd Sie werden nie wieder mit einem Verschluss hinter dem Hals k\u76f2mpfen. Das Modaliv L\u76f2tzchen zum Essen verf\u7709gt \u7709ber einen Schulter-Haken und eine Schlaufe f\u7709r einen leichteren Zugang f\u7709r Menschen mit eingeschr\u76f2nkter Mobilit\u76f2t.<br \/>\nF\u7709hlen Sie sich sicher \u9225\ufffd dieses subtile Design f\u7709r M\u76f2nner und Frauen sieht nicht aus wie Ihr &#8220;typisches L\u76f2tzchen&#8221; und hilft, Flecken zu verstecken, erh\u679aht das Vertrauen w\u76f2hrend der Mahlzeiten.<br \/>\nBleiben Sie sauber und reduzieren Sie die Reinigungszeit \u9225\ufffd das extra gro\u813de L\u76f2tzchen (88 cm L\u76f2nge x 60 cm Breite), bietet Ihrem Oberk\u679arper und Schoten eine vollst\u76f2ndige Abdeckung und ist super einfach abzuwischen. Der integrierte Auffangbeh\u76f2lter verhindert das Eindringen von Speisen und Versch\u7709tten auf den Boden und macht die Reinigung problemlos.<br \/>\nInternational products have separate terms, are sold from abroad and may differ from local products, including fit, age ratings, and language of product, labeling or instructions.<br \/>\n<div class=\"main-cross-sell\" data-asin=\"B07BH8D232\">\n\n\t<div class=\"WooZone-cross-sell-loader\">\n\t\t<div>\n\t\t\t<div id=\"floatingBarsG\">\n\t\t\t\t<div class=\"blockG\" id=\"rotateG_01\"><\/div>\n\t\t\t\t<div class=\"blockG\" id=\"rotateG_02\"><\/div>\n\t\t\t\t<div class=\"blockG\" id=\"rotateG_03\"><\/div>\n\t\t\t\t<div class=\"blockG\" id=\"rotateG_04\"><\/div>\n\t\t\t\t<div class=\"blockG\" id=\"rotateG_05\"><\/div>\n\t\t\t\t<div class=\"blockG\" id=\"rotateG_06\"><\/div>\n\t\t\t\t<div class=\"blockG\" id=\"rotateG_07\"><\/div>\n\t\t\t\t<div class=\"blockG\" id=\"rotateG_08\"><\/div>\n\t\t\t<\/div>\n\t\t\t<div class=\"WooZone-cross-sell-loader-text\"><\/div>\n\t\t<\/div>\n\t<\/div>\n\n\t\t\n<\/div>\n<div style=\"clear:both;\"><\/div><\/p>\n","protected":false},"excerpt":{"rendered":"<p>Extra breite Abdeckung und gr\u679a\u813dere Hals\u679affnung f\u7709r mehr Komfort \u9225\ufffd extra breites L\u76f2tzchen (60 cm Breite) bietet mehr Schutz als normale L\u76f2tzchen. Der verstellbare Klettverschluss passt f\u7709r gr\u679a\u813dere Frauen und M\u76f2nnchen (bis zu 67 cm Halsumfang). Sie oder Ihre Liebsten werden in vollem Komfort speisen.<br \/>\nEinfach anzubringen \u9225\ufffd Sie werden nie wieder mit einem Verschluss hinter dem Hals k\u76f2mpfen. Das Modaliv L\u76f2tzchen zum Essen verf\u7709gt \u7709ber einen Schulter-Haken und eine Schlaufe f\u7709r einen leichteren Zugang f\u7709r Menschen mit eingeschr\u76f2nkter Mobilit\u76f2t.<br \/>\nF\u7709hlen Sie sich sicher \u9225\ufffd dieses subtile Design f\u7709r M\u76f2nner und Frauen sieht nicht aus wie Ihr &#8220;typisches L\u76f2tzchen&#8221; und hilft, Flecken zu verstecken, erh\u679aht das Vertrauen w\u76f2hrend der Mahlzeiten.<\/p>\n","protected":false},"featured_media":112057,"comment_status":"open","ping_status":"closed","template":"","meta":[],"product_brand":[],"product_cat":[566,5908],"product_tag":[],"class_list":{"0":"post-112056","1":"product","2":"type-product","3":"status-publish","4":"has-post-thumbnail","6":"product_cat-drogerie-koerperpflege","7":"product_cat-medizinische-geraete-verbrauchsmaterialien","8":"pa_binding-badartikel","9":"pa_brand-modaliv","10":"pa_color-beige-burgundy","11":"pa_height-0-1968503935-zoll","12":"pa_length-34-645669256-zoll","13":"pa_manufacturer-modaliv","14":"pa_size-xl","15":"pa_width-23-62204722-zoll","17":"first","18":"instock","19":"shipping-taxable","20":"purchasable","21":"product-type-simple","22":"customify-col","23":"product-has-gallery"},"yoast_head":"<!-- This site is optimized with the Yoast SEO plugin v27.4 - https:\/\/yoast.com\/product\/yoast-seo-wordpress\/ -->\n<title>Modaliv L\u00e4tzchen f\u00fcr Erwachsene, wiederverwendbar, wasserfest, maschinenwaschbar, extra lang, f\u00fcr M\u00e4nner und Frauen\u2026 - Markt-XXL<\/title>\n<meta name=\"description\" content=\"Markt-XXL Modaliv L\u00e4tzchen f\u00fcr Erwachsene, wiederverwendbar, wasserfest, maschinenwaschbar, extra lang, f\u00fcr M\u00e4nner und Frauen\u2026\" \/>\n<meta name=\"robots\" content=\"index, follow, max-snippet:-1, max-image-preview:large, max-video-preview:-1\" \/>\n<link rel=\"canonical\" href=\"https:\/\/marktxxl.de\/markt\/produkt\/modaliv-laetzchen-fuer-erwachsene-wiederverwendbar-wasserfest-maschinenwaschbar-extra-lang-fuer-maenner-und-frauen-beige-burgunderrot\/\" \/>\n<meta property=\"og:locale\" content=\"de_DE\" \/>\n<meta property=\"og:type\" content=\"article\" \/>\n<meta property=\"og:title\" content=\"Modaliv L\u00e4tzchen f\u00fcr Erwachsene, wiederverwendbar, wasserfest, maschinenwaschbar, extra lang, f\u00fcr M\u00e4nner und Frauen\u2026 - Markt-XXL\" \/>\n<meta property=\"og:description\" content=\"Markt-XXL Modaliv L\u00e4tzchen f\u00fcr Erwachsene, wiederverwendbar, wasserfest, maschinenwaschbar, extra lang, f\u00fcr M\u00e4nner und Frauen\u2026\" \/>\n<meta property=\"og:url\" content=\"https:\/\/marktxxl.de\/markt\/produkt\/modaliv-laetzchen-fuer-erwachsene-wiederverwendbar-wasserfest-maschinenwaschbar-extra-lang-fuer-maenner-und-frauen-beige-burgunderrot\/\" \/>\n<meta property=\"og:site_name\" content=\"Markt-XXL\" \/>\n<meta property=\"article:modified_time\" content=\"2023-04-11T01:38:34+00:00\" \/>\n<meta property=\"og:image\" content=\"https:\/\/m.media-amazon.com\/images\/I\/51yK8hduy9L._SL500_.jpg\" \/>\n\t<meta property=\"og:image:width\" content=\"500\" \/>\n\t<meta property=\"og:image:height\" content=\"500\" \/>\n\t<meta property=\"og:image:type\" content=\"image\/jpeg\" \/>\n<meta name=\"twitter:card\" content=\"summary_large_image\" \/>\n<meta name=\"twitter:label1\" content=\"Gesch\u00e4tzte Lesezeit\" \/>\n\t<meta name=\"twitter:data1\" content=\"1\u00a0Minute\" \/>\n<script type=\"application\/ld+json\" class=\"yoast-schema-graph\">{\"@context\":\"https:\\\/\\\/schema.org\",\"@graph\":[{\"@type\":\"WebPage\",\"@id\":\"https:\\\/\\\/marktxxl.de\\\/markt\\\/produkt\\\/modaliv-laetzchen-fuer-erwachsene-wiederverwendbar-wasserfest-maschinenwaschbar-extra-lang-fuer-maenner-und-frauen-beige-burgunderrot\\\/\",\"url\":\"https:\\\/\\\/marktxxl.de\\\/markt\\\/produkt\\\/modaliv-laetzchen-fuer-erwachsene-wiederverwendbar-wasserfest-maschinenwaschbar-extra-lang-fuer-maenner-und-frauen-beige-burgunderrot\\\/\",\"name\":\"Modaliv L\u00e4tzchen f\u00fcr Erwachsene, wiederverwendbar, wasserfest, maschinenwaschbar, extra lang, f\u00fcr M\u00e4nner und Frauen\u2026 - Markt-XXL\",\"isPartOf\":{\"@id\":\"https:\\\/\\\/marktxxl.de\\\/markt\\\/#website\"},\"primaryImageOfPage\":{\"@id\":\"https:\\\/\\\/marktxxl.de\\\/markt\\\/produkt\\\/modaliv-laetzchen-fuer-erwachsene-wiederverwendbar-wasserfest-maschinenwaschbar-extra-lang-fuer-maenner-und-frauen-beige-burgunderrot\\\/#primaryimage\"},\"image\":{\"@id\":\"https:\\\/\\\/marktxxl.de\\\/markt\\\/produkt\\\/modaliv-laetzchen-fuer-erwachsene-wiederverwendbar-wasserfest-maschinenwaschbar-extra-lang-fuer-maenner-und-frauen-beige-burgunderrot\\\/#primaryimage\"},\"thumbnailUrl\":\"https:\\\/\\\/m.media-amazon.com\\\/images\\\/I\\\/51yK8hduy9L._SL500_.jpg\",\"datePublished\":\"2022-02-26T23:46:06+00:00\",\"dateModified\":\"2023-04-11T01:38:34+00:00\",\"description\":\"Markt-XXL Modaliv L\u00e4tzchen f\u00fcr Erwachsene, wiederverwendbar, wasserfest, maschinenwaschbar, extra lang, f\u00fcr M\u00e4nner und Frauen\u2026\",\"breadcrumb\":{\"@id\":\"https:\\\/\\\/marktxxl.de\\\/markt\\\/produkt\\\/modaliv-laetzchen-fuer-erwachsene-wiederverwendbar-wasserfest-maschinenwaschbar-extra-lang-fuer-maenner-und-frauen-beige-burgunderrot\\\/#breadcrumb\"},\"inLanguage\":\"de\",\"potentialAction\":[{\"@type\":\"ReadAction\",\"target\":[\"https:\\\/\\\/marktxxl.de\\\/markt\\\/produkt\\\/modaliv-laetzchen-fuer-erwachsene-wiederverwendbar-wasserfest-maschinenwaschbar-extra-lang-fuer-maenner-und-frauen-beige-burgunderrot\\\/\"]}]},{\"@type\":\"ImageObject\",\"inLanguage\":\"de\",\"@id\":\"https:\\\/\\\/marktxxl.de\\\/markt\\\/produkt\\\/modaliv-laetzchen-fuer-erwachsene-wiederverwendbar-wasserfest-maschinenwaschbar-extra-lang-fuer-maenner-und-frauen-beige-burgunderrot\\\/#primaryimage\",\"url\":\"https:\\\/\\\/m.media-amazon.com\\\/images\\\/I\\\/51yK8hduy9L._SL500_.jpg\",\"contentUrl\":\"https:\\\/\\\/m.media-amazon.com\\\/images\\\/I\\\/51yK8hduy9L._SL500_.jpg\",\"width\":500,\"height\":500},{\"@type\":\"BreadcrumbList\",\"@id\":\"https:\\\/\\\/marktxxl.de\\\/markt\\\/produkt\\\/modaliv-laetzchen-fuer-erwachsene-wiederverwendbar-wasserfest-maschinenwaschbar-extra-lang-fuer-maenner-und-frauen-beige-burgunderrot\\\/#breadcrumb\",\"itemListElement\":[{\"@type\":\"ListItem\",\"position\":1,\"name\":\"Startseite\",\"item\":\"https:\\\/\\\/marktxxl.de\\\/markt\\\/\"},{\"@type\":\"ListItem\",\"position\":2,\"name\":\"Markt\",\"item\":\"https:\\\/\\\/marktxxl.de\\\/markt\\\/\"},{\"@type\":\"ListItem\",\"position\":3,\"name\":\"Modaliv L\u00e4tzchen f\u00fcr Erwachsene, wiederverwendbar, wasserfest, maschinenwaschbar, extra lang, f\u00fcr M\u00e4nner und Frauen\u2026\"}]},{\"@type\":\"WebSite\",\"@id\":\"https:\\\/\\\/marktxxl.de\\\/markt\\\/#website\",\"url\":\"https:\\\/\\\/marktxxl.de\\\/markt\\\/\",\"name\":\"Markt-XXL\",\"description\":\"Ihr Markt Online\",\"publisher\":{\"@id\":\"https:\\\/\\\/marktxxl.de\\\/markt\\\/#organization\"},\"potentialAction\":[{\"@type\":\"SearchAction\",\"target\":{\"@type\":\"EntryPoint\",\"urlTemplate\":\"https:\\\/\\\/marktxxl.de\\\/markt\\\/?s={search_term_string}\"},\"query-input\":{\"@type\":\"PropertyValueSpecification\",\"valueRequired\":true,\"valueName\":\"search_term_string\"}}],\"inLanguage\":\"de\"},{\"@type\":\"Organization\",\"@id\":\"https:\\\/\\\/marktxxl.de\\\/markt\\\/#organization\",\"name\":\"Markt-XXL\",\"url\":\"https:\\\/\\\/marktxxl.de\\\/markt\\\/\",\"logo\":{\"@type\":\"ImageObject\",\"inLanguage\":\"de\",\"@id\":\"https:\\\/\\\/marktxxl.de\\\/markt\\\/#\\\/schema\\\/logo\\\/image\\\/\",\"url\":\"https:\\\/\\\/marktxxl.de\\\/markt\\\/wp-content\\\/uploads\\\/sites\\\/3\\\/2020\\\/12\\\/logo.png\",\"contentUrl\":\"https:\\\/\\\/marktxxl.de\\\/markt\\\/wp-content\\\/uploads\\\/sites\\\/3\\\/2020\\\/12\\\/logo.png\",\"width\":200,\"height\":70,\"caption\":\"Markt-XXL\"},\"image\":{\"@id\":\"https:\\\/\\\/marktxxl.de\\\/markt\\\/#\\\/schema\\\/logo\\\/image\\\/\"}}]}<\/script>\n<!-- \/ Yoast SEO plugin. -->","yoast_head_json":{"title":"Modaliv L\u00e4tzchen f\u00fcr Erwachsene, wiederverwendbar, wasserfest, maschinenwaschbar, extra lang, f\u00fcr M\u00e4nner und Frauen\u2026 - Markt-XXL","description":"Markt-XXL Modaliv L\u00e4tzchen f\u00fcr Erwachsene, wiederverwendbar, wasserfest, maschinenwaschbar, extra lang, f\u00fcr M\u00e4nner und Frauen\u2026","robots":{"index":"index","follow":"follow","max-snippet":"max-snippet:-1","max-image-preview":"max-image-preview:large","max-video-preview":"max-video-preview:-1"},"canonical":"https:\/\/marktxxl.de\/markt\/produkt\/modaliv-laetzchen-fuer-erwachsene-wiederverwendbar-wasserfest-maschinenwaschbar-extra-lang-fuer-maenner-und-frauen-beige-burgunderrot\/","og_locale":"de_DE","og_type":"article","og_title":"Modaliv L\u00e4tzchen f\u00fcr Erwachsene, wiederverwendbar, wasserfest, maschinenwaschbar, extra lang, f\u00fcr M\u00e4nner und Frauen\u2026 - Markt-XXL","og_description":"Markt-XXL Modaliv L\u00e4tzchen f\u00fcr Erwachsene, wiederverwendbar, wasserfest, maschinenwaschbar, extra lang, f\u00fcr M\u00e4nner und Frauen\u2026","og_url":"https:\/\/marktxxl.de\/markt\/produkt\/modaliv-laetzchen-fuer-erwachsene-wiederverwendbar-wasserfest-maschinenwaschbar-extra-lang-fuer-maenner-und-frauen-beige-burgunderrot\/","og_site_name":"Markt-XXL","article_modified_time":"2023-04-11T01:38:34+00:00","og_image":[{"width":500,"height":500,"url":"https:\/\/m.media-amazon.com\/images\/I\/51yK8hduy9L._SL500_.jpg","type":"image\/jpeg"}],"twitter_card":"summary_large_image","twitter_misc":{"Gesch\u00e4tzte Lesezeit":"1\u00a0Minute"},"schema":{"@context":"https:\/\/schema.org","@graph":[{"@type":"WebPage","@id":"https:\/\/marktxxl.de\/markt\/produkt\/modaliv-laetzchen-fuer-erwachsene-wiederverwendbar-wasserfest-maschinenwaschbar-extra-lang-fuer-maenner-und-frauen-beige-burgunderrot\/","url":"https:\/\/marktxxl.de\/markt\/produkt\/modaliv-laetzchen-fuer-erwachsene-wiederverwendbar-wasserfest-maschinenwaschbar-extra-lang-fuer-maenner-und-frauen-beige-burgunderrot\/","name":"Modaliv L\u00e4tzchen f\u00fcr Erwachsene, wiederverwendbar, wasserfest, maschinenwaschbar, extra lang, f\u00fcr M\u00e4nner und Frauen\u2026 - Markt-XXL","isPartOf":{"@id":"https:\/\/marktxxl.de\/markt\/#website"},"primaryImageOfPage":{"@id":"https:\/\/marktxxl.de\/markt\/produkt\/modaliv-laetzchen-fuer-erwachsene-wiederverwendbar-wasserfest-maschinenwaschbar-extra-lang-fuer-maenner-und-frauen-beige-burgunderrot\/#primaryimage"},"image":{"@id":"https:\/\/marktxxl.de\/markt\/produkt\/modaliv-laetzchen-fuer-erwachsene-wiederverwendbar-wasserfest-maschinenwaschbar-extra-lang-fuer-maenner-und-frauen-beige-burgunderrot\/#primaryimage"},"thumbnailUrl":"https:\/\/m.media-amazon.com\/images\/I\/51yK8hduy9L._SL500_.jpg","datePublished":"2022-02-26T23:46:06+00:00","dateModified":"2023-04-11T01:38:34+00:00","description":"Markt-XXL Modaliv L\u00e4tzchen f\u00fcr Erwachsene, wiederverwendbar, wasserfest, maschinenwaschbar, extra lang, f\u00fcr M\u00e4nner und Frauen\u2026","breadcrumb":{"@id":"https:\/\/marktxxl.de\/markt\/produkt\/modaliv-laetzchen-fuer-erwachsene-wiederverwendbar-wasserfest-maschinenwaschbar-extra-lang-fuer-maenner-und-frauen-beige-burgunderrot\/#breadcrumb"},"inLanguage":"de","potentialAction":[{"@type":"ReadAction","target":["https:\/\/marktxxl.de\/markt\/produkt\/modaliv-laetzchen-fuer-erwachsene-wiederverwendbar-wasserfest-maschinenwaschbar-extra-lang-fuer-maenner-und-frauen-beige-burgunderrot\/"]}]},{"@type":"ImageObject","inLanguage":"de","@id":"https:\/\/marktxxl.de\/markt\/produkt\/modaliv-laetzchen-fuer-erwachsene-wiederverwendbar-wasserfest-maschinenwaschbar-extra-lang-fuer-maenner-und-frauen-beige-burgunderrot\/#primaryimage","url":"https:\/\/m.media-amazon.com\/images\/I\/51yK8hduy9L._SL500_.jpg","contentUrl":"https:\/\/m.media-amazon.com\/images\/I\/51yK8hduy9L._SL500_.jpg","width":500,"height":500},{"@type":"BreadcrumbList","@id":"https:\/\/marktxxl.de\/markt\/produkt\/modaliv-laetzchen-fuer-erwachsene-wiederverwendbar-wasserfest-maschinenwaschbar-extra-lang-fuer-maenner-und-frauen-beige-burgunderrot\/#breadcrumb","itemListElement":[{"@type":"ListItem","position":1,"name":"Startseite","item":"https:\/\/marktxxl.de\/markt\/"},{"@type":"ListItem","position":2,"name":"Markt","item":"https:\/\/marktxxl.de\/markt\/"},{"@type":"ListItem","position":3,"name":"Modaliv L\u00e4tzchen f\u00fcr Erwachsene, wiederverwendbar, wasserfest, maschinenwaschbar, extra lang, f\u00fcr M\u00e4nner und Frauen\u2026"}]},{"@type":"WebSite","@id":"https:\/\/marktxxl.de\/markt\/#website","url":"https:\/\/marktxxl.de\/markt\/","name":"Markt-XXL","description":"Ihr Markt Online","publisher":{"@id":"https:\/\/marktxxl.de\/markt\/#organization"},"potentialAction":[{"@type":"SearchAction","target":{"@type":"EntryPoint","urlTemplate":"https:\/\/marktxxl.de\/markt\/?s={search_term_string}"},"query-input":{"@type":"PropertyValueSpecification","valueRequired":true,"valueName":"search_term_string"}}],"inLanguage":"de"},{"@type":"Organization","@id":"https:\/\/marktxxl.de\/markt\/#organization","name":"Markt-XXL","url":"https:\/\/marktxxl.de\/markt\/","logo":{"@type":"ImageObject","inLanguage":"de","@id":"https:\/\/marktxxl.de\/markt\/#\/schema\/logo\/image\/","url":"https:\/\/marktxxl.de\/markt\/wp-content\/uploads\/sites\/3\/2020\/12\/logo.png","contentUrl":"https:\/\/marktxxl.de\/markt\/wp-content\/uploads\/sites\/3\/2020\/12\/logo.png","width":200,"height":70,"caption":"Markt-XXL"},"image":{"@id":"https:\/\/marktxxl.de\/markt\/#\/schema\/logo\/image\/"}}]}},"_links":{"self":[{"href":"https:\/\/marktxxl.de\/markt\/wp-json\/wp\/v2\/product\/112056","targetHints":{"allow":["GET"]}}],"collection":[{"href":"https:\/\/marktxxl.de\/markt\/wp-json\/wp\/v2\/product"}],"about":[{"href":"https:\/\/marktxxl.de\/markt\/wp-json\/wp\/v2\/types\/product"}],"replies":[{"embeddable":true,"href":"https:\/\/marktxxl.de\/markt\/wp-json\/wp\/v2\/comments?post=112056"}],"wp:featuredmedia":[{"embeddable":true,"href":"https:\/\/marktxxl.de\/markt\/wp-json\/wp\/v2\/media\/112057"}],"wp:attachment":[{"href":"https:\/\/marktxxl.de\/markt\/wp-json\/wp\/v2\/media?parent=112056"}],"wp:term":[{"taxonomy":"product_brand","embeddable":true,"href":"https:\/\/marktxxl.de\/markt\/wp-json\/wp\/v2\/product_brand?post=112056"},{"taxonomy":"product_cat","embeddable":true,"href":"https:\/\/marktxxl.de\/markt\/wp-json\/wp\/v2\/product_cat?post=112056"},{"taxonomy":"product_tag","embeddable":true,"href":"https:\/\/marktxxl.de\/markt\/wp-json\/wp\/v2\/product_tag?post=112056"}],"curies":[{"name":"wp","href":"https:\/\/api.w.org\/{rel}","templated":true}]}}