{"id":112001,"date":"2022-02-27T00:43:04","date_gmt":"2022-02-26T23:43:04","guid":{"rendered":"https:\/\/marktxxl.de\/markt\/produkt\/tragbare-pillendosen-wasserdichte-pillendose-mini-pillendose-schluesselbund-luftdichtes-pillenetui-kleine-aluminium-pillenbox-fuer-ueberleben-im-freien-camping-reisen\/"},"modified":"2023-04-11T03:38:33","modified_gmt":"2023-04-11T01:38:33","slug":"tragbare-pillendosen-wasserdichte-pillendose-mini-pillendose-schluesselbund-luftdichtes-pillenetui-kleine-aluminium-pillenbox-fuer-ueberleben-im-freien-camping-reisen","status":"publish","type":"product","link":"https:\/\/marktxxl.de\/markt\/produkt\/tragbare-pillendosen-wasserdichte-pillendose-mini-pillendose-schluesselbund-luftdichtes-pillenetui-kleine-aluminium-pillenbox-fuer-ueberleben-im-freien-camping-reisen\/","title":{"rendered":"Tragbare Pillendosen Wasserdichte Pillendose, Mini Pillendose Schl\u00fcsselbund Luftdichtes Pillenetui Kleine Aluminium\u2026"},"content":{"rendered":"<p>Exzellent luftdicht \u2013 2021 Aufew Pillendosen sind mit verbesserten Silikonringen entworfen, um eine hervorragende Luftdichte zu bieten, um Geruch oder Feuchtigkeit aus der Luft zu verhindern, und bieten 360-Grad-Schutz f\u00fcr die Pillen, damit sie die ganze Zeit trocken bleiben.<br \/>\nTolle Verarbeitung \u2013 alle Aufew Pillendosen sind aus hochwertiger Legierung im Industriestandard hergestellt, um hervorragende Qualit\u00e4t zu bieten, super stabil mit guter H\u00e4rte, rostfrei und korrosionsbest\u00e4ndig. Es ist sicher und kann direkt mit Pillen in Kontakt kommen, langlebig und zuverl\u00e4ssig f\u00fcr eine l\u00e4ngere Lebensdauer.<br \/>\nErf\u00fcllt Ihre Bed\u00fcrfnisse \u2013 Au\u00dfenma\u00dfe 6,3 cm (L) x 3,4 cm (T), innere Tiefe 4,4 cm, Munddurchmesser 1,9 cm, klein, aber leistungsstark. Die Pillen-Organizer k\u00f6nnen nicht nur verwendet werden, um Ihre verschiedenen Pillen wie Vitamine, Aspirin oder andere Medikamente aufzubewahren, sondern auch ideal zur Aufbewahrung von Bargeld, Schmuck, Fischhaken, Kr\u00e4utern.<br \/>\nEinfach zu tragen und aufzubewahren \u2013 tragbar und leicht, diese Pillen-Organizer haben ein Schl\u00fcsselanh\u00e4nger-Design, mit dem Sie diese Mini-Pillenbox einfach an einem Schl\u00fcsselring, G\u00fcrtel oder Rucksackgurt befestigen k\u00f6nnen, w\u00e4hrend das kreative Aussehen es zu einem zarten Anh\u00e4nger f\u00fcr Ihren Rucksack macht.<br \/>\nKaufen Sie mit Vertrauen: Aufew ist ein professioneller Hersteller von Pillendosen und geruchsdichten Beh\u00e4ltern, alle H\u00fcllen und Boxen sind nach dem strengen Qualit\u00e4tsstandard konstruiert.<br \/>\n<div class=\"main-cross-sell\" data-asin=\"B08W15P6YK\">\n\n\t<div class=\"WooZone-cross-sell-loader\">\n\t\t<div>\n\t\t\t<div id=\"floatingBarsG\">\n\t\t\t\t<div class=\"blockG\" id=\"rotateG_01\"><\/div>\n\t\t\t\t<div class=\"blockG\" id=\"rotateG_02\"><\/div>\n\t\t\t\t<div class=\"blockG\" id=\"rotateG_03\"><\/div>\n\t\t\t\t<div class=\"blockG\" id=\"rotateG_04\"><\/div>\n\t\t\t\t<div class=\"blockG\" id=\"rotateG_05\"><\/div>\n\t\t\t\t<div class=\"blockG\" id=\"rotateG_06\"><\/div>\n\t\t\t\t<div class=\"blockG\" id=\"rotateG_07\"><\/div>\n\t\t\t\t<div class=\"blockG\" id=\"rotateG_08\"><\/div>\n\t\t\t<\/div>\n\t\t\t<div class=\"WooZone-cross-sell-loader-text\"><\/div>\n\t\t<\/div>\n\t<\/div>\n\n\t\t\n<\/div>\n<div style=\"clear:both;\"><\/div><\/p>\n","protected":false},"excerpt":{"rendered":"<p>Exzellent luftdicht \u2013 2021 Aufew Pillendosen sind mit verbesserten Silikonringen entworfen, um eine hervorragende Luftdichte zu bieten, um Geruch oder Feuchtigkeit aus der Luft zu verhindern, und bieten 360-Grad-Schutz f\u00fcr die Pillen, damit sie die ganze Zeit trocken bleiben.<br \/>\nTolle Verarbeitung \u2013 alle Aufew Pillendosen sind aus hochwertiger Legierung im Industriestandard hergestellt, um hervorragende Qualit\u00e4t zu bieten, super stabil mit guter H\u00e4rte, rostfrei und korrosionsbest\u00e4ndig. Es ist sicher und kann direkt mit Pillen in Kontakt kommen, langlebig und zuverl\u00e4ssig f\u00fcr eine l\u00e4ngere Lebensdauer.<br \/>\nErf\u00fcllt Ihre Bed\u00fcrfnisse \u2013 Au\u00dfenma\u00dfe 6,3 cm (L) x 3,4 cm (T), innere Tiefe 4,4 cm, Munddurchmesser 1,9 cm, klein, aber leistungsstark. Die Pillen-Organizer k\u00f6nnen nicht nur verwendet werden, um Ihre verschiedenen Pillen wie Vitamine, Aspirin oder andere Medikamente aufzubewahren, sondern auch ideal zur Aufbewahrung von Bargeld, Schmuck, Fischhaken, Kr\u00e4utern.<\/p>\n","protected":false},"featured_media":112002,"comment_status":"open","ping_status":"closed","template":"","meta":[],"product_brand":[],"product_cat":[566,5932],"product_tag":[],"class_list":{"0":"post-112001","1":"product","2":"type-product","3":"status-publish","4":"has-post-thumbnail","6":"product_cat-drogerie-koerperpflege","7":"product_cat-mobilitaetshilfen-zubehoer","8":"pa_brand-aufew","9":"pa_manufacturer-aufew","11":"first","12":"instock","13":"shipping-taxable","14":"purchasable","15":"product-type-simple","16":"customify-col","17":"product-has-gallery"},"yoast_head":"<!-- This site is optimized with the Yoast SEO plugin v27.5 - https:\/\/yoast.com\/product\/yoast-seo-wordpress\/ -->\n<title>Tragbare Pillendosen Wasserdichte Pillendose, Mini Pillendose Schl\u00fcsselbund Luftdichtes Pillenetui Kleine Aluminium\u2026 - Markt-XXL<\/title>\n<meta name=\"description\" content=\"Markt-XXL Tragbare Pillendosen Wasserdichte Pillendose, Mini Pillendose Schl\u00fcsselbund Luftdichtes Pillenetui Kleine Aluminium\u2026\" \/>\n<meta name=\"robots\" content=\"index, follow, max-snippet:-1, max-image-preview:large, max-video-preview:-1\" \/>\n<link rel=\"canonical\" href=\"https:\/\/marktxxl.de\/markt\/produkt\/tragbare-pillendosen-wasserdichte-pillendose-mini-pillendose-schluesselbund-luftdichtes-pillenetui-kleine-aluminium-pillenbox-fuer-ueberleben-im-freien-camping-reisen\/\" \/>\n<meta property=\"og:locale\" content=\"de_DE\" \/>\n<meta property=\"og:type\" content=\"article\" \/>\n<meta property=\"og:title\" content=\"Tragbare Pillendosen Wasserdichte Pillendose, Mini Pillendose Schl\u00fcsselbund Luftdichtes Pillenetui Kleine Aluminium\u2026 - Markt-XXL\" \/>\n<meta property=\"og:description\" content=\"Markt-XXL Tragbare Pillendosen Wasserdichte Pillendose, Mini Pillendose Schl\u00fcsselbund Luftdichtes Pillenetui Kleine Aluminium\u2026\" \/>\n<meta property=\"og:url\" content=\"https:\/\/marktxxl.de\/markt\/produkt\/tragbare-pillendosen-wasserdichte-pillendose-mini-pillendose-schluesselbund-luftdichtes-pillenetui-kleine-aluminium-pillenbox-fuer-ueberleben-im-freien-camping-reisen\/\" \/>\n<meta property=\"og:site_name\" content=\"Markt-XXL\" \/>\n<meta property=\"article:modified_time\" content=\"2023-04-11T01:38:33+00:00\" \/>\n<meta property=\"og:image\" content=\"https:\/\/m.media-amazon.com\/images\/I\/51FCaB9ybcL._SL500_.jpg\" \/>\n\t<meta property=\"og:image:width\" content=\"500\" \/>\n\t<meta property=\"og:image:height\" content=\"500\" \/>\n\t<meta property=\"og:image:type\" content=\"image\/jpeg\" \/>\n<meta name=\"twitter:card\" content=\"summary_large_image\" \/>\n<meta name=\"twitter:label1\" content=\"Gesch\u00e4tzte Lesezeit\" \/>\n\t<meta name=\"twitter:data1\" content=\"1\u00a0Minute\" \/>\n<script type=\"application\/ld+json\" class=\"yoast-schema-graph\">{\"@context\":\"https:\\\/\\\/schema.org\",\"@graph\":[{\"@type\":\"WebPage\",\"@id\":\"https:\\\/\\\/marktxxl.de\\\/markt\\\/produkt\\\/tragbare-pillendosen-wasserdichte-pillendose-mini-pillendose-schluesselbund-luftdichtes-pillenetui-kleine-aluminium-pillenbox-fuer-ueberleben-im-freien-camping-reisen\\\/\",\"url\":\"https:\\\/\\\/marktxxl.de\\\/markt\\\/produkt\\\/tragbare-pillendosen-wasserdichte-pillendose-mini-pillendose-schluesselbund-luftdichtes-pillenetui-kleine-aluminium-pillenbox-fuer-ueberleben-im-freien-camping-reisen\\\/\",\"name\":\"Tragbare Pillendosen Wasserdichte Pillendose, Mini Pillendose Schl\u00fcsselbund Luftdichtes Pillenetui Kleine Aluminium\u2026 - Markt-XXL\",\"isPartOf\":{\"@id\":\"https:\\\/\\\/marktxxl.de\\\/markt\\\/#website\"},\"primaryImageOfPage\":{\"@id\":\"https:\\\/\\\/marktxxl.de\\\/markt\\\/produkt\\\/tragbare-pillendosen-wasserdichte-pillendose-mini-pillendose-schluesselbund-luftdichtes-pillenetui-kleine-aluminium-pillenbox-fuer-ueberleben-im-freien-camping-reisen\\\/#primaryimage\"},\"image\":{\"@id\":\"https:\\\/\\\/marktxxl.de\\\/markt\\\/produkt\\\/tragbare-pillendosen-wasserdichte-pillendose-mini-pillendose-schluesselbund-luftdichtes-pillenetui-kleine-aluminium-pillenbox-fuer-ueberleben-im-freien-camping-reisen\\\/#primaryimage\"},\"thumbnailUrl\":\"https:\\\/\\\/m.media-amazon.com\\\/images\\\/I\\\/51FCaB9ybcL._SL500_.jpg\",\"datePublished\":\"2022-02-26T23:43:04+00:00\",\"dateModified\":\"2023-04-11T01:38:33+00:00\",\"description\":\"Markt-XXL Tragbare Pillendosen Wasserdichte Pillendose, Mini Pillendose Schl\u00fcsselbund Luftdichtes Pillenetui Kleine Aluminium\u2026\",\"breadcrumb\":{\"@id\":\"https:\\\/\\\/marktxxl.de\\\/markt\\\/produkt\\\/tragbare-pillendosen-wasserdichte-pillendose-mini-pillendose-schluesselbund-luftdichtes-pillenetui-kleine-aluminium-pillenbox-fuer-ueberleben-im-freien-camping-reisen\\\/#breadcrumb\"},\"inLanguage\":\"de\",\"potentialAction\":[{\"@type\":\"ReadAction\",\"target\":[\"https:\\\/\\\/marktxxl.de\\\/markt\\\/produkt\\\/tragbare-pillendosen-wasserdichte-pillendose-mini-pillendose-schluesselbund-luftdichtes-pillenetui-kleine-aluminium-pillenbox-fuer-ueberleben-im-freien-camping-reisen\\\/\"]}]},{\"@type\":\"ImageObject\",\"inLanguage\":\"de\",\"@id\":\"https:\\\/\\\/marktxxl.de\\\/markt\\\/produkt\\\/tragbare-pillendosen-wasserdichte-pillendose-mini-pillendose-schluesselbund-luftdichtes-pillenetui-kleine-aluminium-pillenbox-fuer-ueberleben-im-freien-camping-reisen\\\/#primaryimage\",\"url\":\"https:\\\/\\\/m.media-amazon.com\\\/images\\\/I\\\/51FCaB9ybcL._SL500_.jpg\",\"contentUrl\":\"https:\\\/\\\/m.media-amazon.com\\\/images\\\/I\\\/51FCaB9ybcL._SL500_.jpg\",\"width\":500,\"height\":500},{\"@type\":\"BreadcrumbList\",\"@id\":\"https:\\\/\\\/marktxxl.de\\\/markt\\\/produkt\\\/tragbare-pillendosen-wasserdichte-pillendose-mini-pillendose-schluesselbund-luftdichtes-pillenetui-kleine-aluminium-pillenbox-fuer-ueberleben-im-freien-camping-reisen\\\/#breadcrumb\",\"itemListElement\":[{\"@type\":\"ListItem\",\"position\":1,\"name\":\"Startseite\",\"item\":\"https:\\\/\\\/marktxxl.de\\\/markt\\\/\"},{\"@type\":\"ListItem\",\"position\":2,\"name\":\"Markt\",\"item\":\"https:\\\/\\\/marktxxl.de\\\/markt\\\/\"},{\"@type\":\"ListItem\",\"position\":3,\"name\":\"Tragbare Pillendosen Wasserdichte Pillendose, Mini Pillendose Schl\u00fcsselbund Luftdichtes Pillenetui Kleine Aluminium\u2026\"}]},{\"@type\":\"WebSite\",\"@id\":\"https:\\\/\\\/marktxxl.de\\\/markt\\\/#website\",\"url\":\"https:\\\/\\\/marktxxl.de\\\/markt\\\/\",\"name\":\"Markt-XXL\",\"description\":\"Ihr Markt Online\",\"publisher\":{\"@id\":\"https:\\\/\\\/marktxxl.de\\\/markt\\\/#organization\"},\"potentialAction\":[{\"@type\":\"SearchAction\",\"target\":{\"@type\":\"EntryPoint\",\"urlTemplate\":\"https:\\\/\\\/marktxxl.de\\\/markt\\\/?s={search_term_string}\"},\"query-input\":{\"@type\":\"PropertyValueSpecification\",\"valueRequired\":true,\"valueName\":\"search_term_string\"}}],\"inLanguage\":\"de\"},{\"@type\":\"Organization\",\"@id\":\"https:\\\/\\\/marktxxl.de\\\/markt\\\/#organization\",\"name\":\"Markt-XXL\",\"url\":\"https:\\\/\\\/marktxxl.de\\\/markt\\\/\",\"logo\":{\"@type\":\"ImageObject\",\"inLanguage\":\"de\",\"@id\":\"https:\\\/\\\/marktxxl.de\\\/markt\\\/#\\\/schema\\\/logo\\\/image\\\/\",\"url\":\"https:\\\/\\\/marktxxl.de\\\/markt\\\/wp-content\\\/uploads\\\/sites\\\/3\\\/2020\\\/12\\\/logo.png\",\"contentUrl\":\"https:\\\/\\\/marktxxl.de\\\/markt\\\/wp-content\\\/uploads\\\/sites\\\/3\\\/2020\\\/12\\\/logo.png\",\"width\":200,\"height\":70,\"caption\":\"Markt-XXL\"},\"image\":{\"@id\":\"https:\\\/\\\/marktxxl.de\\\/markt\\\/#\\\/schema\\\/logo\\\/image\\\/\"}}]}<\/script>\n<!-- \/ Yoast SEO plugin. -->","yoast_head_json":{"title":"Tragbare Pillendosen Wasserdichte Pillendose, Mini Pillendose Schl\u00fcsselbund Luftdichtes Pillenetui Kleine Aluminium\u2026 - Markt-XXL","description":"Markt-XXL Tragbare Pillendosen Wasserdichte Pillendose, Mini Pillendose Schl\u00fcsselbund Luftdichtes Pillenetui Kleine Aluminium\u2026","robots":{"index":"index","follow":"follow","max-snippet":"max-snippet:-1","max-image-preview":"max-image-preview:large","max-video-preview":"max-video-preview:-1"},"canonical":"https:\/\/marktxxl.de\/markt\/produkt\/tragbare-pillendosen-wasserdichte-pillendose-mini-pillendose-schluesselbund-luftdichtes-pillenetui-kleine-aluminium-pillenbox-fuer-ueberleben-im-freien-camping-reisen\/","og_locale":"de_DE","og_type":"article","og_title":"Tragbare Pillendosen Wasserdichte Pillendose, Mini Pillendose Schl\u00fcsselbund Luftdichtes Pillenetui Kleine Aluminium\u2026 - Markt-XXL","og_description":"Markt-XXL Tragbare Pillendosen Wasserdichte Pillendose, Mini Pillendose Schl\u00fcsselbund Luftdichtes Pillenetui Kleine Aluminium\u2026","og_url":"https:\/\/marktxxl.de\/markt\/produkt\/tragbare-pillendosen-wasserdichte-pillendose-mini-pillendose-schluesselbund-luftdichtes-pillenetui-kleine-aluminium-pillenbox-fuer-ueberleben-im-freien-camping-reisen\/","og_site_name":"Markt-XXL","article_modified_time":"2023-04-11T01:38:33+00:00","og_image":[{"width":500,"height":500,"url":"https:\/\/m.media-amazon.com\/images\/I\/51FCaB9ybcL._SL500_.jpg","type":"image\/jpeg"}],"twitter_card":"summary_large_image","twitter_misc":{"Gesch\u00e4tzte Lesezeit":"1\u00a0Minute"},"schema":{"@context":"https:\/\/schema.org","@graph":[{"@type":"WebPage","@id":"https:\/\/marktxxl.de\/markt\/produkt\/tragbare-pillendosen-wasserdichte-pillendose-mini-pillendose-schluesselbund-luftdichtes-pillenetui-kleine-aluminium-pillenbox-fuer-ueberleben-im-freien-camping-reisen\/","url":"https:\/\/marktxxl.de\/markt\/produkt\/tragbare-pillendosen-wasserdichte-pillendose-mini-pillendose-schluesselbund-luftdichtes-pillenetui-kleine-aluminium-pillenbox-fuer-ueberleben-im-freien-camping-reisen\/","name":"Tragbare Pillendosen Wasserdichte Pillendose, Mini Pillendose Schl\u00fcsselbund Luftdichtes Pillenetui Kleine Aluminium\u2026 - Markt-XXL","isPartOf":{"@id":"https:\/\/marktxxl.de\/markt\/#website"},"primaryImageOfPage":{"@id":"https:\/\/marktxxl.de\/markt\/produkt\/tragbare-pillendosen-wasserdichte-pillendose-mini-pillendose-schluesselbund-luftdichtes-pillenetui-kleine-aluminium-pillenbox-fuer-ueberleben-im-freien-camping-reisen\/#primaryimage"},"image":{"@id":"https:\/\/marktxxl.de\/markt\/produkt\/tragbare-pillendosen-wasserdichte-pillendose-mini-pillendose-schluesselbund-luftdichtes-pillenetui-kleine-aluminium-pillenbox-fuer-ueberleben-im-freien-camping-reisen\/#primaryimage"},"thumbnailUrl":"https:\/\/m.media-amazon.com\/images\/I\/51FCaB9ybcL._SL500_.jpg","datePublished":"2022-02-26T23:43:04+00:00","dateModified":"2023-04-11T01:38:33+00:00","description":"Markt-XXL Tragbare Pillendosen Wasserdichte Pillendose, Mini Pillendose Schl\u00fcsselbund Luftdichtes Pillenetui Kleine Aluminium\u2026","breadcrumb":{"@id":"https:\/\/marktxxl.de\/markt\/produkt\/tragbare-pillendosen-wasserdichte-pillendose-mini-pillendose-schluesselbund-luftdichtes-pillenetui-kleine-aluminium-pillenbox-fuer-ueberleben-im-freien-camping-reisen\/#breadcrumb"},"inLanguage":"de","potentialAction":[{"@type":"ReadAction","target":["https:\/\/marktxxl.de\/markt\/produkt\/tragbare-pillendosen-wasserdichte-pillendose-mini-pillendose-schluesselbund-luftdichtes-pillenetui-kleine-aluminium-pillenbox-fuer-ueberleben-im-freien-camping-reisen\/"]}]},{"@type":"ImageObject","inLanguage":"de","@id":"https:\/\/marktxxl.de\/markt\/produkt\/tragbare-pillendosen-wasserdichte-pillendose-mini-pillendose-schluesselbund-luftdichtes-pillenetui-kleine-aluminium-pillenbox-fuer-ueberleben-im-freien-camping-reisen\/#primaryimage","url":"https:\/\/m.media-amazon.com\/images\/I\/51FCaB9ybcL._SL500_.jpg","contentUrl":"https:\/\/m.media-amazon.com\/images\/I\/51FCaB9ybcL._SL500_.jpg","width":500,"height":500},{"@type":"BreadcrumbList","@id":"https:\/\/marktxxl.de\/markt\/produkt\/tragbare-pillendosen-wasserdichte-pillendose-mini-pillendose-schluesselbund-luftdichtes-pillenetui-kleine-aluminium-pillenbox-fuer-ueberleben-im-freien-camping-reisen\/#breadcrumb","itemListElement":[{"@type":"ListItem","position":1,"name":"Startseite","item":"https:\/\/marktxxl.de\/markt\/"},{"@type":"ListItem","position":2,"name":"Markt","item":"https:\/\/marktxxl.de\/markt\/"},{"@type":"ListItem","position":3,"name":"Tragbare Pillendosen Wasserdichte Pillendose, Mini Pillendose Schl\u00fcsselbund Luftdichtes Pillenetui Kleine Aluminium\u2026"}]},{"@type":"WebSite","@id":"https:\/\/marktxxl.de\/markt\/#website","url":"https:\/\/marktxxl.de\/markt\/","name":"Markt-XXL","description":"Ihr Markt Online","publisher":{"@id":"https:\/\/marktxxl.de\/markt\/#organization"},"potentialAction":[{"@type":"SearchAction","target":{"@type":"EntryPoint","urlTemplate":"https:\/\/marktxxl.de\/markt\/?s={search_term_string}"},"query-input":{"@type":"PropertyValueSpecification","valueRequired":true,"valueName":"search_term_string"}}],"inLanguage":"de"},{"@type":"Organization","@id":"https:\/\/marktxxl.de\/markt\/#organization","name":"Markt-XXL","url":"https:\/\/marktxxl.de\/markt\/","logo":{"@type":"ImageObject","inLanguage":"de","@id":"https:\/\/marktxxl.de\/markt\/#\/schema\/logo\/image\/","url":"https:\/\/marktxxl.de\/markt\/wp-content\/uploads\/sites\/3\/2020\/12\/logo.png","contentUrl":"https:\/\/marktxxl.de\/markt\/wp-content\/uploads\/sites\/3\/2020\/12\/logo.png","width":200,"height":70,"caption":"Markt-XXL"},"image":{"@id":"https:\/\/marktxxl.de\/markt\/#\/schema\/logo\/image\/"}}]}},"_links":{"self":[{"href":"https:\/\/marktxxl.de\/markt\/wp-json\/wp\/v2\/product\/112001","targetHints":{"allow":["GET"]}}],"collection":[{"href":"https:\/\/marktxxl.de\/markt\/wp-json\/wp\/v2\/product"}],"about":[{"href":"https:\/\/marktxxl.de\/markt\/wp-json\/wp\/v2\/types\/product"}],"replies":[{"embeddable":true,"href":"https:\/\/marktxxl.de\/markt\/wp-json\/wp\/v2\/comments?post=112001"}],"wp:featuredmedia":[{"embeddable":true,"href":"https:\/\/marktxxl.de\/markt\/wp-json\/wp\/v2\/media\/112002"}],"wp:attachment":[{"href":"https:\/\/marktxxl.de\/markt\/wp-json\/wp\/v2\/media?parent=112001"}],"wp:term":[{"taxonomy":"product_brand","embeddable":true,"href":"https:\/\/marktxxl.de\/markt\/wp-json\/wp\/v2\/product_brand?post=112001"},{"taxonomy":"product_cat","embeddable":true,"href":"https:\/\/marktxxl.de\/markt\/wp-json\/wp\/v2\/product_cat?post=112001"},{"taxonomy":"product_tag","embeddable":true,"href":"https:\/\/marktxxl.de\/markt\/wp-json\/wp\/v2\/product_tag?post=112001"}],"curies":[{"name":"wp","href":"https:\/\/api.w.org\/{rel}","templated":true}]}}