{"id":111953,"date":"2022-02-27T00:40:10","date_gmt":"2022-02-26T23:40:10","guid":{"rendered":"https:\/\/marktxxl.de\/markt\/produkt\/pill-pouch-bags-pack-of-500-3-x-2-75-bpa-free-poly-bag-disposable-zipper-pills-baggies-daily-am-pm-travel-medicine-organizer-storage-pouches\/"},"modified":"2023-04-11T03:38:32","modified_gmt":"2023-04-11T01:38:32","slug":"pill-pouch-bags-pack-of-500-3-x-2-75-bpa-free-poly-bag-disposable-zipper-pills-baggies-daily-am-pm-travel-medicine-organizer-storage-pouches","status":"publish","type":"product","link":"https:\/\/marktxxl.de\/markt\/produkt\/pill-pouch-bags-pack-of-500-3-x-2-75-bpa-free-poly-bag-disposable-zipper-pills-baggies-daily-am-pm-travel-medicine-organizer-storage-pouches\/","title":{"rendered":"Pill Pouch Bags &#8211; (Pack of 500) 3&#8243; x 2.75&#8243; &#8211; BPA Free, Poly Bag Disposable Zipper Pills Baggies, Daily AM PM Travel Medicine Organizer Storage Pouches"},"content":{"rendered":"<p>\u2705AMAZING WERT! BULK PACK VON 500: 3 x 2,75 Inch Bags &#8211; Dieses Pillen-Gro\u00dfpack wird mit einem 500 Pill Pouch Bag geliefert, damit Sie Ihre Medikamente und Ihr Gesundheitsmanagement viel einfacher gestalten k\u00f6nnen. Diese wiederverwendbaren Beutel sind nicht nur f\u00fcr Pillen oder Vitamine geeignet, sondern auch f\u00fcr Perlen, Schmuck, Ohrringe, Muster, Puder, Streusel, Gitarren-Plektren, alles, was Ihnen einf\u00e4llt &#8211; Das ist gro\u00dfartig f\u00fcr Sie, denn jetzt sind Sie besser organisiert und m\u00fcssen sich keine S<br \/>\n\u2705JUST SCHNAPPEN &amp; GEHEN! PRAKTISCHSTE GR\u00d6SSE F\u00dcR GR\u00d6SSERE PILLEN UND REISEN: Perfekte Gr\u00f6sse f\u00fcr alle Ihre Bed\u00fcrfnisse! Diese Polybeutel sind die perfekte Art und Weise, Pillen f\u00fcr Ihre t\u00e4glichen Medikamente zu transportieren. Egal, ob Sie viele Nahrungserg\u00e4nzungsmittel einnehmen, h\u00e4ufig reisen oder einfach nur eine bessere L\u00f6sung f\u00fcr Ihre sperrigen w\u00f6chentlichen Pillenschachteln suchen, diese Pillenbeutel sind kompakt und leicht in den Ma\u00dfen 3 Zoll mal 2,75 und eine bessere L\u00f6sung, um sich Ihre<br \/>\n\u2705KEEP IHRE PILLEN &amp; VITAMINE SIND SICHER! WIEDERVERWENDBARE VERRIEGELUNGSVERSCHLUSSSTASTE SO PILLEN WERDEN NICHT AUSF\u00dcLLEN: Diese Einweg-Pillenbeutel sind klar und gro\u00df, so dass Sie den Inhalt genau sehen k\u00f6nnen, was sich darin befindet. Sie sind sehr n\u00fctzlich, um kleine Gegenst\u00e4nde, die sonst leicht verloren gehen w\u00fcrden, erfolgreich zu organisieren. Das liegt daran, dass unsere wiederverschlie\u00dfbaren Plastikpillenbeutel eine luftdichte Versiegelung haben, die sicher verschlie\u00dft, so dass der Inh<br \/>\n\u2705WRITE-AUF ETIKETT! LEICHT ZU BESCHRIFTEN UND ZU SEHEN, WAS DRIN IST: Unsere Pillenbeutel sind die perfekte L\u00f6sung f\u00fcr die Lagerung Ihrer Medikamente und haben eine deutlich beschreibbare Seite. Das bedeutet f\u00fcr Sie, dass Sie sehen k\u00f6nnen, welche Medikamente Sie wo aufbewahren, und dass Sie diese zur Sicherheit beschriften k\u00f6nnen. Das bedeutet f\u00fcr Sie, dass Sie sich nie mehr fragen m\u00fcssen, an welche Pillen Sie sich erinnern oder vergessen haben, so dass Sie Ihre Pillen und Medikamentenerinnerung<br \/>\n\u2705WRITE-AUF ETIKETT! LEICHT ZU BESCHRIFTEN UND ZU SEHEN, WAS DRIN IST: Unsere Pillenbeutel sind die perfekte L\u00f6sung f\u00fcr die Lagerung Ihrer Medikamente und haben eine deutlich beschreibbare Seite. Das bedeutet f\u00fcr Sie, dass Sie sehen k\u00f6nnen, welche Medikamente Sie wo aufbewahren, und dass Sie diese zur Sicherheit beschriften k\u00f6nnen. Das bedeutet f\u00fcr Sie, dass Sie sich nie mehr fragen m\u00fcssen, an welche Pillen Sie sich erinnern oder vergessen haben, so dass Sie Ihre Pillen und Medikamentenerinnerung<br \/>\n<div class=\"main-cross-sell\" data-asin=\"B07TW7WKDJ\">\n\n\t<div class=\"WooZone-cross-sell-loader\">\n\t\t<div>\n\t\t\t<div id=\"floatingBarsG\">\n\t\t\t\t<div class=\"blockG\" id=\"rotateG_01\"><\/div>\n\t\t\t\t<div class=\"blockG\" id=\"rotateG_02\"><\/div>\n\t\t\t\t<div class=\"blockG\" id=\"rotateG_03\"><\/div>\n\t\t\t\t<div class=\"blockG\" id=\"rotateG_04\"><\/div>\n\t\t\t\t<div class=\"blockG\" id=\"rotateG_05\"><\/div>\n\t\t\t\t<div class=\"blockG\" id=\"rotateG_06\"><\/div>\n\t\t\t\t<div class=\"blockG\" id=\"rotateG_07\"><\/div>\n\t\t\t\t<div class=\"blockG\" id=\"rotateG_08\"><\/div>\n\t\t\t<\/div>\n\t\t\t<div class=\"WooZone-cross-sell-loader-text\"><\/div>\n\t\t<\/div>\n\t<\/div>\n\n\t\t\n<\/div>\n<div style=\"clear:both;\"><\/div><\/p>\n","protected":false},"excerpt":{"rendered":"<p>\u2705AMAZING WERT! BULK PACK VON 500: 3 x 2,75 Inch Bags &#8211; Dieses Pillen-Gro\u00dfpack wird mit einem 500 Pill Pouch Bag geliefert, damit Sie Ihre Medikamente und Ihr Gesundheitsmanagement viel einfacher gestalten k\u00f6nnen. Diese wiederverwendbaren Beutel sind nicht nur f\u00fcr Pillen oder Vitamine geeignet, sondern auch f\u00fcr Perlen, Schmuck, Ohrringe, Muster, Puder, Streusel, Gitarren-Plektren, alles, was Ihnen einf\u00e4llt &#8211; Das ist gro\u00dfartig f\u00fcr Sie, denn jetzt sind Sie besser organisiert und m\u00fcssen sich keine S<br \/>\n\u2705JUST SCHNAPPEN &amp; GEHEN! PRAKTISCHSTE GR\u00d6SSE F\u00dcR GR\u00d6SSERE PILLEN UND REISEN: Perfekte Gr\u00f6sse f\u00fcr alle Ihre Bed\u00fcrfnisse! Diese Polybeutel sind die perfekte Art und Weise, Pillen f\u00fcr Ihre t\u00e4glichen Medikamente zu transportieren. Egal, ob Sie viele Nahrungserg\u00e4nzungsmittel einnehmen, h\u00e4ufig reisen oder einfach nur eine bessere L\u00f6sung f\u00fcr Ihre sperrigen w\u00f6chentlichen Pillenschachteln suchen, diese Pillenbeutel sind kompakt und leicht in den Ma\u00dfen 3 Zoll mal 2,75 und eine bessere L\u00f6sung, um sich Ihre<br \/>\n\u2705KEEP IHRE PILLEN &amp; VITAMINE SIND SICHER! WIEDERVERWENDBARE VERRIEGELUNGSVERSCHLUSSSTASTE SO PILLEN WERDEN NICHT AUSF\u00dcLLEN: Diese Einweg-Pillenbeutel sind klar und gro\u00df, so dass Sie den Inhalt genau sehen k\u00f6nnen, was sich darin befindet. Sie sind sehr n\u00fctzlich, um kleine Gegenst\u00e4nde, die sonst leicht verloren gehen w\u00fcrden, erfolgreich zu organisieren. Das liegt daran, dass unsere wiederverschlie\u00dfbaren Plastikpillenbeutel eine luftdichte Versiegelung haben, die sicher verschlie\u00dft, so dass der Inh<\/p>\n","protected":false},"featured_media":111954,"comment_status":"open","ping_status":"closed","template":"","meta":[],"product_brand":[],"product_cat":[566,5932],"product_tag":[],"class_list":{"0":"post-111953","1":"product","2":"type-product","3":"status-publish","4":"has-post-thumbnail","6":"product_cat-drogerie-koerperpflege","7":"product_cat-mobilitaetshilfen-zubehoer","8":"pa_brand-medca","9":"pa_manufacturer-medca","11":"first","12":"instock","13":"shipping-taxable","14":"purchasable","15":"product-type-simple","16":"customify-col","17":"product-has-gallery"},"yoast_head":"<!-- This site is optimized with the Yoast SEO plugin v27.4 - https:\/\/yoast.com\/product\/yoast-seo-wordpress\/ -->\n<title>Pill Pouch Bags - (Pack of 500) 3&quot; x 2.75&quot; - BPA Free, Poly Bag Disposable Zipper Pills Baggies, Daily AM PM Travel Medicine Organizer Storage Pouches - Markt-XXL<\/title>\n<meta name=\"description\" content=\"Markt-XXL Pill Pouch Bags - (Pack of 500) 3&quot; x 2.75&quot; - BPA Free, Poly Bag Disposable Zipper Pills Baggies, Daily AM PM Travel Medicine Organizer Storage Pouches\" \/>\n<meta name=\"robots\" content=\"index, follow, max-snippet:-1, max-image-preview:large, max-video-preview:-1\" \/>\n<link rel=\"canonical\" href=\"https:\/\/marktxxl.de\/markt\/produkt\/pill-pouch-bags-pack-of-500-3-x-2-75-bpa-free-poly-bag-disposable-zipper-pills-baggies-daily-am-pm-travel-medicine-organizer-storage-pouches\/\" \/>\n<meta property=\"og:locale\" content=\"de_DE\" \/>\n<meta property=\"og:type\" content=\"article\" \/>\n<meta property=\"og:title\" content=\"Pill Pouch Bags - (Pack of 500) 3&quot; x 2.75&quot; - BPA Free, Poly Bag Disposable Zipper Pills Baggies, Daily AM PM Travel Medicine Organizer Storage Pouches - Markt-XXL\" \/>\n<meta property=\"og:description\" content=\"Markt-XXL Pill Pouch Bags - (Pack of 500) 3&quot; x 2.75&quot; - BPA Free, Poly Bag Disposable Zipper Pills Baggies, Daily AM PM Travel Medicine Organizer Storage Pouches\" \/>\n<meta property=\"og:url\" content=\"https:\/\/marktxxl.de\/markt\/produkt\/pill-pouch-bags-pack-of-500-3-x-2-75-bpa-free-poly-bag-disposable-zipper-pills-baggies-daily-am-pm-travel-medicine-organizer-storage-pouches\/\" \/>\n<meta property=\"og:site_name\" content=\"Markt-XXL\" \/>\n<meta property=\"article:modified_time\" content=\"2023-04-11T01:38:32+00:00\" \/>\n<meta property=\"og:image\" content=\"https:\/\/m.media-amazon.com\/images\/I\/41IFH4nUE1L._SL500_.jpg\" \/>\n\t<meta property=\"og:image:width\" content=\"500\" \/>\n\t<meta property=\"og:image:height\" content=\"500\" \/>\n\t<meta property=\"og:image:type\" content=\"image\/jpeg\" \/>\n<meta name=\"twitter:card\" content=\"summary_large_image\" \/>\n<meta name=\"twitter:label1\" content=\"Gesch\u00e4tzte Lesezeit\" \/>\n\t<meta name=\"twitter:data1\" content=\"2\u00a0Minuten\" \/>\n<script type=\"application\/ld+json\" class=\"yoast-schema-graph\">{\"@context\":\"https:\\\/\\\/schema.org\",\"@graph\":[{\"@type\":\"WebPage\",\"@id\":\"https:\\\/\\\/marktxxl.de\\\/markt\\\/produkt\\\/pill-pouch-bags-pack-of-500-3-x-2-75-bpa-free-poly-bag-disposable-zipper-pills-baggies-daily-am-pm-travel-medicine-organizer-storage-pouches\\\/\",\"url\":\"https:\\\/\\\/marktxxl.de\\\/markt\\\/produkt\\\/pill-pouch-bags-pack-of-500-3-x-2-75-bpa-free-poly-bag-disposable-zipper-pills-baggies-daily-am-pm-travel-medicine-organizer-storage-pouches\\\/\",\"name\":\"Pill Pouch Bags - (Pack of 500) 3\\\" x 2.75\\\" - BPA Free, Poly Bag Disposable Zipper Pills Baggies, Daily AM PM Travel Medicine Organizer Storage Pouches - Markt-XXL\",\"isPartOf\":{\"@id\":\"https:\\\/\\\/marktxxl.de\\\/markt\\\/#website\"},\"primaryImageOfPage\":{\"@id\":\"https:\\\/\\\/marktxxl.de\\\/markt\\\/produkt\\\/pill-pouch-bags-pack-of-500-3-x-2-75-bpa-free-poly-bag-disposable-zipper-pills-baggies-daily-am-pm-travel-medicine-organizer-storage-pouches\\\/#primaryimage\"},\"image\":{\"@id\":\"https:\\\/\\\/marktxxl.de\\\/markt\\\/produkt\\\/pill-pouch-bags-pack-of-500-3-x-2-75-bpa-free-poly-bag-disposable-zipper-pills-baggies-daily-am-pm-travel-medicine-organizer-storage-pouches\\\/#primaryimage\"},\"thumbnailUrl\":\"https:\\\/\\\/m.media-amazon.com\\\/images\\\/I\\\/41IFH4nUE1L._SL500_.jpg\",\"datePublished\":\"2022-02-26T23:40:10+00:00\",\"dateModified\":\"2023-04-11T01:38:32+00:00\",\"description\":\"Markt-XXL Pill Pouch Bags - (Pack of 500) 3\\\" x 2.75\\\" - BPA Free, Poly Bag Disposable Zipper Pills Baggies, Daily AM PM Travel Medicine Organizer Storage Pouches\",\"breadcrumb\":{\"@id\":\"https:\\\/\\\/marktxxl.de\\\/markt\\\/produkt\\\/pill-pouch-bags-pack-of-500-3-x-2-75-bpa-free-poly-bag-disposable-zipper-pills-baggies-daily-am-pm-travel-medicine-organizer-storage-pouches\\\/#breadcrumb\"},\"inLanguage\":\"de\",\"potentialAction\":[{\"@type\":\"ReadAction\",\"target\":[\"https:\\\/\\\/marktxxl.de\\\/markt\\\/produkt\\\/pill-pouch-bags-pack-of-500-3-x-2-75-bpa-free-poly-bag-disposable-zipper-pills-baggies-daily-am-pm-travel-medicine-organizer-storage-pouches\\\/\"]}]},{\"@type\":\"ImageObject\",\"inLanguage\":\"de\",\"@id\":\"https:\\\/\\\/marktxxl.de\\\/markt\\\/produkt\\\/pill-pouch-bags-pack-of-500-3-x-2-75-bpa-free-poly-bag-disposable-zipper-pills-baggies-daily-am-pm-travel-medicine-organizer-storage-pouches\\\/#primaryimage\",\"url\":\"https:\\\/\\\/m.media-amazon.com\\\/images\\\/I\\\/41IFH4nUE1L._SL500_.jpg\",\"contentUrl\":\"https:\\\/\\\/m.media-amazon.com\\\/images\\\/I\\\/41IFH4nUE1L._SL500_.jpg\",\"width\":500,\"height\":500},{\"@type\":\"BreadcrumbList\",\"@id\":\"https:\\\/\\\/marktxxl.de\\\/markt\\\/produkt\\\/pill-pouch-bags-pack-of-500-3-x-2-75-bpa-free-poly-bag-disposable-zipper-pills-baggies-daily-am-pm-travel-medicine-organizer-storage-pouches\\\/#breadcrumb\",\"itemListElement\":[{\"@type\":\"ListItem\",\"position\":1,\"name\":\"Startseite\",\"item\":\"https:\\\/\\\/marktxxl.de\\\/markt\\\/\"},{\"@type\":\"ListItem\",\"position\":2,\"name\":\"Markt\",\"item\":\"https:\\\/\\\/marktxxl.de\\\/markt\\\/\"},{\"@type\":\"ListItem\",\"position\":3,\"name\":\"Pill Pouch Bags &#8211; (Pack of 500) 3&#8243; x 2.75&#8243; &#8211; BPA Free, Poly Bag Disposable Zipper Pills Baggies, Daily AM PM Travel Medicine Organizer Storage Pouches\"}]},{\"@type\":\"WebSite\",\"@id\":\"https:\\\/\\\/marktxxl.de\\\/markt\\\/#website\",\"url\":\"https:\\\/\\\/marktxxl.de\\\/markt\\\/\",\"name\":\"Markt-XXL\",\"description\":\"Ihr Markt Online\",\"publisher\":{\"@id\":\"https:\\\/\\\/marktxxl.de\\\/markt\\\/#organization\"},\"potentialAction\":[{\"@type\":\"SearchAction\",\"target\":{\"@type\":\"EntryPoint\",\"urlTemplate\":\"https:\\\/\\\/marktxxl.de\\\/markt\\\/?s={search_term_string}\"},\"query-input\":{\"@type\":\"PropertyValueSpecification\",\"valueRequired\":true,\"valueName\":\"search_term_string\"}}],\"inLanguage\":\"de\"},{\"@type\":\"Organization\",\"@id\":\"https:\\\/\\\/marktxxl.de\\\/markt\\\/#organization\",\"name\":\"Markt-XXL\",\"url\":\"https:\\\/\\\/marktxxl.de\\\/markt\\\/\",\"logo\":{\"@type\":\"ImageObject\",\"inLanguage\":\"de\",\"@id\":\"https:\\\/\\\/marktxxl.de\\\/markt\\\/#\\\/schema\\\/logo\\\/image\\\/\",\"url\":\"https:\\\/\\\/marktxxl.de\\\/markt\\\/wp-content\\\/uploads\\\/sites\\\/3\\\/2020\\\/12\\\/logo.png\",\"contentUrl\":\"https:\\\/\\\/marktxxl.de\\\/markt\\\/wp-content\\\/uploads\\\/sites\\\/3\\\/2020\\\/12\\\/logo.png\",\"width\":200,\"height\":70,\"caption\":\"Markt-XXL\"},\"image\":{\"@id\":\"https:\\\/\\\/marktxxl.de\\\/markt\\\/#\\\/schema\\\/logo\\\/image\\\/\"}}]}<\/script>\n<!-- \/ Yoast SEO plugin. -->","yoast_head_json":{"title":"Pill Pouch Bags - (Pack of 500) 3\" x 2.75\" - BPA Free, Poly Bag Disposable Zipper Pills Baggies, Daily AM PM Travel Medicine Organizer Storage Pouches - Markt-XXL","description":"Markt-XXL Pill Pouch Bags - (Pack of 500) 3\" x 2.75\" - BPA Free, Poly Bag Disposable Zipper Pills Baggies, Daily AM PM Travel Medicine Organizer Storage Pouches","robots":{"index":"index","follow":"follow","max-snippet":"max-snippet:-1","max-image-preview":"max-image-preview:large","max-video-preview":"max-video-preview:-1"},"canonical":"https:\/\/marktxxl.de\/markt\/produkt\/pill-pouch-bags-pack-of-500-3-x-2-75-bpa-free-poly-bag-disposable-zipper-pills-baggies-daily-am-pm-travel-medicine-organizer-storage-pouches\/","og_locale":"de_DE","og_type":"article","og_title":"Pill Pouch Bags - (Pack of 500) 3\" x 2.75\" - BPA Free, Poly Bag Disposable Zipper Pills Baggies, Daily AM PM Travel Medicine Organizer Storage Pouches - Markt-XXL","og_description":"Markt-XXL Pill Pouch Bags - (Pack of 500) 3\" x 2.75\" - BPA Free, Poly Bag Disposable Zipper Pills Baggies, Daily AM PM Travel Medicine Organizer Storage Pouches","og_url":"https:\/\/marktxxl.de\/markt\/produkt\/pill-pouch-bags-pack-of-500-3-x-2-75-bpa-free-poly-bag-disposable-zipper-pills-baggies-daily-am-pm-travel-medicine-organizer-storage-pouches\/","og_site_name":"Markt-XXL","article_modified_time":"2023-04-11T01:38:32+00:00","og_image":[{"width":500,"height":500,"url":"https:\/\/m.media-amazon.com\/images\/I\/41IFH4nUE1L._SL500_.jpg","type":"image\/jpeg"}],"twitter_card":"summary_large_image","twitter_misc":{"Gesch\u00e4tzte Lesezeit":"2\u00a0Minuten"},"schema":{"@context":"https:\/\/schema.org","@graph":[{"@type":"WebPage","@id":"https:\/\/marktxxl.de\/markt\/produkt\/pill-pouch-bags-pack-of-500-3-x-2-75-bpa-free-poly-bag-disposable-zipper-pills-baggies-daily-am-pm-travel-medicine-organizer-storage-pouches\/","url":"https:\/\/marktxxl.de\/markt\/produkt\/pill-pouch-bags-pack-of-500-3-x-2-75-bpa-free-poly-bag-disposable-zipper-pills-baggies-daily-am-pm-travel-medicine-organizer-storage-pouches\/","name":"Pill Pouch Bags - (Pack of 500) 3\" x 2.75\" - BPA Free, Poly Bag Disposable Zipper Pills Baggies, Daily AM PM Travel Medicine Organizer Storage Pouches - Markt-XXL","isPartOf":{"@id":"https:\/\/marktxxl.de\/markt\/#website"},"primaryImageOfPage":{"@id":"https:\/\/marktxxl.de\/markt\/produkt\/pill-pouch-bags-pack-of-500-3-x-2-75-bpa-free-poly-bag-disposable-zipper-pills-baggies-daily-am-pm-travel-medicine-organizer-storage-pouches\/#primaryimage"},"image":{"@id":"https:\/\/marktxxl.de\/markt\/produkt\/pill-pouch-bags-pack-of-500-3-x-2-75-bpa-free-poly-bag-disposable-zipper-pills-baggies-daily-am-pm-travel-medicine-organizer-storage-pouches\/#primaryimage"},"thumbnailUrl":"https:\/\/m.media-amazon.com\/images\/I\/41IFH4nUE1L._SL500_.jpg","datePublished":"2022-02-26T23:40:10+00:00","dateModified":"2023-04-11T01:38:32+00:00","description":"Markt-XXL Pill Pouch Bags - (Pack of 500) 3\" x 2.75\" - BPA Free, Poly Bag Disposable Zipper Pills Baggies, Daily AM PM Travel Medicine Organizer Storage Pouches","breadcrumb":{"@id":"https:\/\/marktxxl.de\/markt\/produkt\/pill-pouch-bags-pack-of-500-3-x-2-75-bpa-free-poly-bag-disposable-zipper-pills-baggies-daily-am-pm-travel-medicine-organizer-storage-pouches\/#breadcrumb"},"inLanguage":"de","potentialAction":[{"@type":"ReadAction","target":["https:\/\/marktxxl.de\/markt\/produkt\/pill-pouch-bags-pack-of-500-3-x-2-75-bpa-free-poly-bag-disposable-zipper-pills-baggies-daily-am-pm-travel-medicine-organizer-storage-pouches\/"]}]},{"@type":"ImageObject","inLanguage":"de","@id":"https:\/\/marktxxl.de\/markt\/produkt\/pill-pouch-bags-pack-of-500-3-x-2-75-bpa-free-poly-bag-disposable-zipper-pills-baggies-daily-am-pm-travel-medicine-organizer-storage-pouches\/#primaryimage","url":"https:\/\/m.media-amazon.com\/images\/I\/41IFH4nUE1L._SL500_.jpg","contentUrl":"https:\/\/m.media-amazon.com\/images\/I\/41IFH4nUE1L._SL500_.jpg","width":500,"height":500},{"@type":"BreadcrumbList","@id":"https:\/\/marktxxl.de\/markt\/produkt\/pill-pouch-bags-pack-of-500-3-x-2-75-bpa-free-poly-bag-disposable-zipper-pills-baggies-daily-am-pm-travel-medicine-organizer-storage-pouches\/#breadcrumb","itemListElement":[{"@type":"ListItem","position":1,"name":"Startseite","item":"https:\/\/marktxxl.de\/markt\/"},{"@type":"ListItem","position":2,"name":"Markt","item":"https:\/\/marktxxl.de\/markt\/"},{"@type":"ListItem","position":3,"name":"Pill Pouch Bags &#8211; (Pack of 500) 3&#8243; x 2.75&#8243; &#8211; BPA Free, Poly Bag Disposable Zipper Pills Baggies, Daily AM PM Travel Medicine Organizer Storage Pouches"}]},{"@type":"WebSite","@id":"https:\/\/marktxxl.de\/markt\/#website","url":"https:\/\/marktxxl.de\/markt\/","name":"Markt-XXL","description":"Ihr Markt Online","publisher":{"@id":"https:\/\/marktxxl.de\/markt\/#organization"},"potentialAction":[{"@type":"SearchAction","target":{"@type":"EntryPoint","urlTemplate":"https:\/\/marktxxl.de\/markt\/?s={search_term_string}"},"query-input":{"@type":"PropertyValueSpecification","valueRequired":true,"valueName":"search_term_string"}}],"inLanguage":"de"},{"@type":"Organization","@id":"https:\/\/marktxxl.de\/markt\/#organization","name":"Markt-XXL","url":"https:\/\/marktxxl.de\/markt\/","logo":{"@type":"ImageObject","inLanguage":"de","@id":"https:\/\/marktxxl.de\/markt\/#\/schema\/logo\/image\/","url":"https:\/\/marktxxl.de\/markt\/wp-content\/uploads\/sites\/3\/2020\/12\/logo.png","contentUrl":"https:\/\/marktxxl.de\/markt\/wp-content\/uploads\/sites\/3\/2020\/12\/logo.png","width":200,"height":70,"caption":"Markt-XXL"},"image":{"@id":"https:\/\/marktxxl.de\/markt\/#\/schema\/logo\/image\/"}}]}},"_links":{"self":[{"href":"https:\/\/marktxxl.de\/markt\/wp-json\/wp\/v2\/product\/111953","targetHints":{"allow":["GET"]}}],"collection":[{"href":"https:\/\/marktxxl.de\/markt\/wp-json\/wp\/v2\/product"}],"about":[{"href":"https:\/\/marktxxl.de\/markt\/wp-json\/wp\/v2\/types\/product"}],"replies":[{"embeddable":true,"href":"https:\/\/marktxxl.de\/markt\/wp-json\/wp\/v2\/comments?post=111953"}],"wp:featuredmedia":[{"embeddable":true,"href":"https:\/\/marktxxl.de\/markt\/wp-json\/wp\/v2\/media\/111954"}],"wp:attachment":[{"href":"https:\/\/marktxxl.de\/markt\/wp-json\/wp\/v2\/media?parent=111953"}],"wp:term":[{"taxonomy":"product_brand","embeddable":true,"href":"https:\/\/marktxxl.de\/markt\/wp-json\/wp\/v2\/product_brand?post=111953"},{"taxonomy":"product_cat","embeddable":true,"href":"https:\/\/marktxxl.de\/markt\/wp-json\/wp\/v2\/product_cat?post=111953"},{"taxonomy":"product_tag","embeddable":true,"href":"https:\/\/marktxxl.de\/markt\/wp-json\/wp\/v2\/product_tag?post=111953"}],"curies":[{"name":"wp","href":"https:\/\/api.w.org\/{rel}","templated":true}]}}