{"id":111882,"date":"2022-02-27T00:36:41","date_gmt":"2022-02-26T23:36:41","guid":{"rendered":"https:\/\/marktxxl.de\/markt\/produkt\/neu-tretmann-pedaltrainer-set-extra-leise-gelenkschonend-ink-befestigungsband-dekra-geprueft-beintrainer-fuer-senioren-heimtrainer-mini-bike\/"},"modified":"2023-04-11T03:38:30","modified_gmt":"2023-04-11T01:38:30","slug":"neu-tretmann-pedaltrainer-set-extra-leise-gelenkschonend-ink-befestigungsband-dekra-geprueft-beintrainer-fuer-senioren-heimtrainer-mini-bike","status":"publish","type":"product","link":"https:\/\/marktxxl.de\/markt\/produkt\/neu-tretmann-pedaltrainer-set-extra-leise-gelenkschonend-ink-befestigungsband-dekra-geprueft-beintrainer-fuer-senioren-heimtrainer-mini-bike\/","title":{"rendered":"Tretmann Pedaltrainer PRO Set &#8211; extra Leise &amp; gelenkschonend &#8211; ink. Befestigungsband -DEKRA Gepr\u00fcft- Beintrainer f\u00fcr\u2026"},"content":{"rendered":"<p>WOW &#8211; ist das Wort, was einem durch den Kopf geht, wenn man etwas f\u00fcr seinen K\u00f6rper getan hat &#8211; Das gleichm\u00e4\u00dfige Tretgef\u00fchl l\u00e4sst einen nur so dahinschweben und das auch noch fl\u00fcsterleise dank *TX Riemen* &#8211; Sich fit halten ist mit dem Pedaltrainer ein Kinderspiel\/ damit Bewegung wieder Spa\u00df macht!<br \/>\nF\u00d6RDERT GESUNDHEIT: Unterst\u00fctzt bei Gewichtsabnahme &amp; der Vorbeugung von Gelenkschmerzen Aktivieren Sie ihre Durchblutung und mobilisieren Sie ihre Gelenke. Unser Heimtrainer kann bei Problemen wie Arthrose, Gelenkschmerzen und Muskelschwund unterst\u00fctzen.<br \/>\n\ud835\udde3\ud835\uddd8\ud835\udde5\ud835\uddd9\ud835\uddd8\ud835\uddde\ud835\udde7\ud835\uddd8\ud835\udde6 \ud835\udded\ud835\uddd8\ud835\udddc\ud835\udde7\ud835\udddf\ud835\udde2\ud835\udde6\ud835\uddd8\ud835\udde6 \ud835\uddda\ud835\uddd8\ud835\udde6\ud835\uddd6\ud835\udddb\ud835\uddd8\ud835\udde1\ud835\uddde \u2013 Der Heimtrainer passt in jedes Wohnzimmer und eignet sich ideal als Geschenk f\u00fcr Ihre Liebsten, egal ob Geburtstagsgeschenk, Muttertag oder als Weihnachtsgeschenk, der Pedaltrainer passt in jedes Zuhause &#8211; Bewegung h\u00e4lt jung!<br \/>\nGEPR\u00dcFTE SICHERHEIT: Mit Ingenieuren, \u00c4rzten und Physiotherapeuten entwickelt, um Ihnen das Beste zu bieten. Die Nutzung des Mini Heimtrainers ist bis 210 kg Nutzergewicht m\u00f6glich. Durch unser Befestigungsband ist der Beintrainer rutschsicher und 100 % standfest.<br \/>\nERFOLGSVERSPRECHEN &#8211; Wir machen Deutschland Fit! Die Leidenschaft vom ersten Training bis zur letzten Runde, sich das erste mal richtig gut f\u00fchlen und nat\u00fcrlich die Belohnung nach der Bewegung. Erleben Sie Bewegung wie niemals zuvor mit dem Pedaltrainer Set von Tretmann &#8211; \ud835\udddd\ud835\uddf2\ud835\ude01\ud835\ude07\ud835\ude01 \ud835\uddd5\ud835\uddf2\ud835\ude00\ud835\ude01\ud835\uddf2\ud835\uddf9\ud835\uddf9\ud835\uddf2\ud835\uddfb<br \/>\nDamit Bewegung wieder spa\u00df macht!<br \/>\n<div class=\"main-cross-sell\" data-asin=\"B09JP21172\">\n\n\t<div class=\"WooZone-cross-sell-loader\">\n\t\t<div>\n\t\t\t<div id=\"floatingBarsG\">\n\t\t\t\t<div class=\"blockG\" id=\"rotateG_01\"><\/div>\n\t\t\t\t<div class=\"blockG\" id=\"rotateG_02\"><\/div>\n\t\t\t\t<div class=\"blockG\" id=\"rotateG_03\"><\/div>\n\t\t\t\t<div class=\"blockG\" id=\"rotateG_04\"><\/div>\n\t\t\t\t<div class=\"blockG\" id=\"rotateG_05\"><\/div>\n\t\t\t\t<div class=\"blockG\" id=\"rotateG_06\"><\/div>\n\t\t\t\t<div class=\"blockG\" id=\"rotateG_07\"><\/div>\n\t\t\t\t<div class=\"blockG\" id=\"rotateG_08\"><\/div>\n\t\t\t<\/div>\n\t\t\t<div class=\"WooZone-cross-sell-loader-text\"><\/div>\n\t\t<\/div>\n\t<\/div>\n\n\t\t\n<\/div>\n<div style=\"clear:both;\"><\/div><\/p>\n","protected":false},"excerpt":{"rendered":"<p>WOW &#8211; ist das Wort, was einem durch den Kopf geht, wenn man etwas f\u00fcr seinen K\u00f6rper getan hat &#8211; Das gleichm\u00e4\u00dfige Tretgef\u00fchl l\u00e4sst einen nur so dahinschweben und das auch noch fl\u00fcsterleise dank *TX Riemen* &#8211; Sich fit halten ist mit dem Pedaltrainer ein Kinderspiel\/ damit Bewegung wieder Spa\u00df macht!<br \/>\nF\u00d6RDERT GESUNDHEIT: Unterst\u00fctzt bei Gewichtsabnahme &amp; der Vorbeugung von Gelenkschmerzen Aktivieren Sie ihre Durchblutung und mobilisieren Sie ihre Gelenke. Unser Heimtrainer kann bei Problemen wie Arthrose, Gelenkschmerzen und Muskelschwund unterst\u00fctzen.<br \/>\n\ud835\udde3\ud835\uddd8\ud835\udde5\ud835\uddd9\ud835\uddd8\ud835\uddde\ud835\udde7\ud835\uddd8\ud835\udde6 \ud835\udded\ud835\uddd8\ud835\udddc\ud835\udde7\ud835\udddf\ud835\udde2\ud835\udde6\ud835\uddd8\ud835\udde6 \ud835\uddda\ud835\uddd8\ud835\udde6\ud835\uddd6\ud835\udddb\ud835\uddd8\ud835\udde1\ud835\uddde \u2013 Der Heimtrainer passt in jedes Wohnzimmer und eignet sich ideal als Geschenk f\u00fcr Ihre Liebsten, egal ob Geburtstagsgeschenk, Muttertag oder als Weihnachtsgeschenk, der Pedaltrainer passt in jedes Zuhause &#8211; Bewegung h\u00e4lt jung!<\/p>\n","protected":false},"featured_media":111883,"comment_status":"open","ping_status":"closed","template":"","meta":[],"product_brand":[],"product_cat":[566,5908],"product_tag":[],"class_list":{"0":"post-111882","1":"product","2":"type-product","3":"status-publish","4":"has-post-thumbnail","6":"product_cat-drogerie-koerperpflege","7":"product_cat-medizinische-geraete-verbrauchsmaterialien","8":"pa_brand-tretmann","9":"pa_color-gruen-schwarz","10":"pa_languages-unbekannt-deutsch-unbekannt-englisch","11":"pa_manufacturer-tretmann","12":"pa_model-pt-ht-01","14":"first","15":"instock","16":"shipping-taxable","17":"purchasable","18":"product-type-simple","19":"customify-col","20":"product-has-gallery"},"yoast_head":"<!-- This site is optimized with the Yoast SEO plugin v27.4 - https:\/\/yoast.com\/product\/yoast-seo-wordpress\/ -->\n<title>Tretmann Pedaltrainer PRO Set - extra Leise &amp; gelenkschonend - ink. Befestigungsband -DEKRA Gepr\u00fcft- Beintrainer f\u00fcr\u2026 - Markt-XXL<\/title>\n<meta name=\"description\" content=\"Markt-XXL Tretmann Pedaltrainer PRO Set - extra Leise &amp; gelenkschonend - ink. Befestigungsband -DEKRA Gepr\u00fcft- Beintrainer f\u00fcr\u2026\" \/>\n<meta name=\"robots\" content=\"index, follow, max-snippet:-1, max-image-preview:large, max-video-preview:-1\" \/>\n<link rel=\"canonical\" href=\"https:\/\/marktxxl.de\/markt\/produkt\/neu-tretmann-pedaltrainer-set-extra-leise-gelenkschonend-ink-befestigungsband-dekra-geprueft-beintrainer-fuer-senioren-heimtrainer-mini-bike\/\" \/>\n<meta property=\"og:locale\" content=\"de_DE\" \/>\n<meta property=\"og:type\" content=\"article\" \/>\n<meta property=\"og:title\" content=\"Tretmann Pedaltrainer PRO Set - extra Leise &amp; gelenkschonend - ink. Befestigungsband -DEKRA Gepr\u00fcft- Beintrainer f\u00fcr\u2026 - Markt-XXL\" \/>\n<meta property=\"og:description\" content=\"Markt-XXL Tretmann Pedaltrainer PRO Set - extra Leise &amp; gelenkschonend - ink. Befestigungsband -DEKRA Gepr\u00fcft- Beintrainer f\u00fcr\u2026\" \/>\n<meta property=\"og:url\" content=\"https:\/\/marktxxl.de\/markt\/produkt\/neu-tretmann-pedaltrainer-set-extra-leise-gelenkschonend-ink-befestigungsband-dekra-geprueft-beintrainer-fuer-senioren-heimtrainer-mini-bike\/\" \/>\n<meta property=\"og:site_name\" content=\"Markt-XXL\" \/>\n<meta property=\"article:modified_time\" content=\"2023-04-11T01:38:30+00:00\" \/>\n<meta property=\"og:image\" content=\"https:\/\/m.media-amazon.com\/images\/I\/51em2c-Uf3L._SL500_.jpg\" \/>\n\t<meta property=\"og:image:width\" content=\"500\" \/>\n\t<meta property=\"og:image:height\" content=\"500\" \/>\n\t<meta property=\"og:image:type\" content=\"image\/jpeg\" \/>\n<meta name=\"twitter:card\" content=\"summary_large_image\" \/>\n<meta name=\"twitter:label1\" content=\"Gesch\u00e4tzte Lesezeit\" \/>\n\t<meta name=\"twitter:data1\" content=\"1\u00a0Minute\" \/>\n<script type=\"application\/ld+json\" class=\"yoast-schema-graph\">{\"@context\":\"https:\\\/\\\/schema.org\",\"@graph\":[{\"@type\":\"WebPage\",\"@id\":\"https:\\\/\\\/marktxxl.de\\\/markt\\\/produkt\\\/neu-tretmann-pedaltrainer-set-extra-leise-gelenkschonend-ink-befestigungsband-dekra-geprueft-beintrainer-fuer-senioren-heimtrainer-mini-bike\\\/\",\"url\":\"https:\\\/\\\/marktxxl.de\\\/markt\\\/produkt\\\/neu-tretmann-pedaltrainer-set-extra-leise-gelenkschonend-ink-befestigungsband-dekra-geprueft-beintrainer-fuer-senioren-heimtrainer-mini-bike\\\/\",\"name\":\"Tretmann Pedaltrainer PRO Set - extra Leise &amp; gelenkschonend - ink. Befestigungsband -DEKRA Gepr\u00fcft- Beintrainer f\u00fcr\u2026 - Markt-XXL\",\"isPartOf\":{\"@id\":\"https:\\\/\\\/marktxxl.de\\\/markt\\\/#website\"},\"primaryImageOfPage\":{\"@id\":\"https:\\\/\\\/marktxxl.de\\\/markt\\\/produkt\\\/neu-tretmann-pedaltrainer-set-extra-leise-gelenkschonend-ink-befestigungsband-dekra-geprueft-beintrainer-fuer-senioren-heimtrainer-mini-bike\\\/#primaryimage\"},\"image\":{\"@id\":\"https:\\\/\\\/marktxxl.de\\\/markt\\\/produkt\\\/neu-tretmann-pedaltrainer-set-extra-leise-gelenkschonend-ink-befestigungsband-dekra-geprueft-beintrainer-fuer-senioren-heimtrainer-mini-bike\\\/#primaryimage\"},\"thumbnailUrl\":\"https:\\\/\\\/m.media-amazon.com\\\/images\\\/I\\\/51em2c-Uf3L._SL500_.jpg\",\"datePublished\":\"2022-02-26T23:36:41+00:00\",\"dateModified\":\"2023-04-11T01:38:30+00:00\",\"description\":\"Markt-XXL Tretmann Pedaltrainer PRO Set - extra Leise &amp; gelenkschonend - ink. Befestigungsband -DEKRA Gepr\u00fcft- Beintrainer f\u00fcr\u2026\",\"breadcrumb\":{\"@id\":\"https:\\\/\\\/marktxxl.de\\\/markt\\\/produkt\\\/neu-tretmann-pedaltrainer-set-extra-leise-gelenkschonend-ink-befestigungsband-dekra-geprueft-beintrainer-fuer-senioren-heimtrainer-mini-bike\\\/#breadcrumb\"},\"inLanguage\":\"de\",\"potentialAction\":[{\"@type\":\"ReadAction\",\"target\":[\"https:\\\/\\\/marktxxl.de\\\/markt\\\/produkt\\\/neu-tretmann-pedaltrainer-set-extra-leise-gelenkschonend-ink-befestigungsband-dekra-geprueft-beintrainer-fuer-senioren-heimtrainer-mini-bike\\\/\"]}]},{\"@type\":\"ImageObject\",\"inLanguage\":\"de\",\"@id\":\"https:\\\/\\\/marktxxl.de\\\/markt\\\/produkt\\\/neu-tretmann-pedaltrainer-set-extra-leise-gelenkschonend-ink-befestigungsband-dekra-geprueft-beintrainer-fuer-senioren-heimtrainer-mini-bike\\\/#primaryimage\",\"url\":\"https:\\\/\\\/m.media-amazon.com\\\/images\\\/I\\\/51em2c-Uf3L._SL500_.jpg\",\"contentUrl\":\"https:\\\/\\\/m.media-amazon.com\\\/images\\\/I\\\/51em2c-Uf3L._SL500_.jpg\",\"width\":500,\"height\":500},{\"@type\":\"BreadcrumbList\",\"@id\":\"https:\\\/\\\/marktxxl.de\\\/markt\\\/produkt\\\/neu-tretmann-pedaltrainer-set-extra-leise-gelenkschonend-ink-befestigungsband-dekra-geprueft-beintrainer-fuer-senioren-heimtrainer-mini-bike\\\/#breadcrumb\",\"itemListElement\":[{\"@type\":\"ListItem\",\"position\":1,\"name\":\"Startseite\",\"item\":\"https:\\\/\\\/marktxxl.de\\\/markt\\\/\"},{\"@type\":\"ListItem\",\"position\":2,\"name\":\"Markt\",\"item\":\"https:\\\/\\\/marktxxl.de\\\/markt\\\/\"},{\"@type\":\"ListItem\",\"position\":3,\"name\":\"Tretmann Pedaltrainer PRO Set &#8211; extra Leise &amp; gelenkschonend &#8211; ink. Befestigungsband -DEKRA Gepr\u00fcft- Beintrainer f\u00fcr\u2026\"}]},{\"@type\":\"WebSite\",\"@id\":\"https:\\\/\\\/marktxxl.de\\\/markt\\\/#website\",\"url\":\"https:\\\/\\\/marktxxl.de\\\/markt\\\/\",\"name\":\"Markt-XXL\",\"description\":\"Ihr Markt Online\",\"publisher\":{\"@id\":\"https:\\\/\\\/marktxxl.de\\\/markt\\\/#organization\"},\"potentialAction\":[{\"@type\":\"SearchAction\",\"target\":{\"@type\":\"EntryPoint\",\"urlTemplate\":\"https:\\\/\\\/marktxxl.de\\\/markt\\\/?s={search_term_string}\"},\"query-input\":{\"@type\":\"PropertyValueSpecification\",\"valueRequired\":true,\"valueName\":\"search_term_string\"}}],\"inLanguage\":\"de\"},{\"@type\":\"Organization\",\"@id\":\"https:\\\/\\\/marktxxl.de\\\/markt\\\/#organization\",\"name\":\"Markt-XXL\",\"url\":\"https:\\\/\\\/marktxxl.de\\\/markt\\\/\",\"logo\":{\"@type\":\"ImageObject\",\"inLanguage\":\"de\",\"@id\":\"https:\\\/\\\/marktxxl.de\\\/markt\\\/#\\\/schema\\\/logo\\\/image\\\/\",\"url\":\"https:\\\/\\\/marktxxl.de\\\/markt\\\/wp-content\\\/uploads\\\/sites\\\/3\\\/2020\\\/12\\\/logo.png\",\"contentUrl\":\"https:\\\/\\\/marktxxl.de\\\/markt\\\/wp-content\\\/uploads\\\/sites\\\/3\\\/2020\\\/12\\\/logo.png\",\"width\":200,\"height\":70,\"caption\":\"Markt-XXL\"},\"image\":{\"@id\":\"https:\\\/\\\/marktxxl.de\\\/markt\\\/#\\\/schema\\\/logo\\\/image\\\/\"}}]}<\/script>\n<!-- \/ Yoast SEO plugin. -->","yoast_head_json":{"title":"Tretmann Pedaltrainer PRO Set - extra Leise &amp; gelenkschonend - ink. Befestigungsband -DEKRA Gepr\u00fcft- Beintrainer f\u00fcr\u2026 - Markt-XXL","description":"Markt-XXL Tretmann Pedaltrainer PRO Set - extra Leise &amp; gelenkschonend - ink. Befestigungsband -DEKRA Gepr\u00fcft- Beintrainer f\u00fcr\u2026","robots":{"index":"index","follow":"follow","max-snippet":"max-snippet:-1","max-image-preview":"max-image-preview:large","max-video-preview":"max-video-preview:-1"},"canonical":"https:\/\/marktxxl.de\/markt\/produkt\/neu-tretmann-pedaltrainer-set-extra-leise-gelenkschonend-ink-befestigungsband-dekra-geprueft-beintrainer-fuer-senioren-heimtrainer-mini-bike\/","og_locale":"de_DE","og_type":"article","og_title":"Tretmann Pedaltrainer PRO Set - extra Leise &amp; gelenkschonend - ink. Befestigungsband -DEKRA Gepr\u00fcft- Beintrainer f\u00fcr\u2026 - Markt-XXL","og_description":"Markt-XXL Tretmann Pedaltrainer PRO Set - extra Leise &amp; gelenkschonend - ink. Befestigungsband -DEKRA Gepr\u00fcft- Beintrainer f\u00fcr\u2026","og_url":"https:\/\/marktxxl.de\/markt\/produkt\/neu-tretmann-pedaltrainer-set-extra-leise-gelenkschonend-ink-befestigungsband-dekra-geprueft-beintrainer-fuer-senioren-heimtrainer-mini-bike\/","og_site_name":"Markt-XXL","article_modified_time":"2023-04-11T01:38:30+00:00","og_image":[{"width":500,"height":500,"url":"https:\/\/m.media-amazon.com\/images\/I\/51em2c-Uf3L._SL500_.jpg","type":"image\/jpeg"}],"twitter_card":"summary_large_image","twitter_misc":{"Gesch\u00e4tzte Lesezeit":"1\u00a0Minute"},"schema":{"@context":"https:\/\/schema.org","@graph":[{"@type":"WebPage","@id":"https:\/\/marktxxl.de\/markt\/produkt\/neu-tretmann-pedaltrainer-set-extra-leise-gelenkschonend-ink-befestigungsband-dekra-geprueft-beintrainer-fuer-senioren-heimtrainer-mini-bike\/","url":"https:\/\/marktxxl.de\/markt\/produkt\/neu-tretmann-pedaltrainer-set-extra-leise-gelenkschonend-ink-befestigungsband-dekra-geprueft-beintrainer-fuer-senioren-heimtrainer-mini-bike\/","name":"Tretmann Pedaltrainer PRO Set - extra Leise &amp; gelenkschonend - ink. Befestigungsband -DEKRA Gepr\u00fcft- Beintrainer f\u00fcr\u2026 - Markt-XXL","isPartOf":{"@id":"https:\/\/marktxxl.de\/markt\/#website"},"primaryImageOfPage":{"@id":"https:\/\/marktxxl.de\/markt\/produkt\/neu-tretmann-pedaltrainer-set-extra-leise-gelenkschonend-ink-befestigungsband-dekra-geprueft-beintrainer-fuer-senioren-heimtrainer-mini-bike\/#primaryimage"},"image":{"@id":"https:\/\/marktxxl.de\/markt\/produkt\/neu-tretmann-pedaltrainer-set-extra-leise-gelenkschonend-ink-befestigungsband-dekra-geprueft-beintrainer-fuer-senioren-heimtrainer-mini-bike\/#primaryimage"},"thumbnailUrl":"https:\/\/m.media-amazon.com\/images\/I\/51em2c-Uf3L._SL500_.jpg","datePublished":"2022-02-26T23:36:41+00:00","dateModified":"2023-04-11T01:38:30+00:00","description":"Markt-XXL Tretmann Pedaltrainer PRO Set - extra Leise &amp; gelenkschonend - ink. Befestigungsband -DEKRA Gepr\u00fcft- Beintrainer f\u00fcr\u2026","breadcrumb":{"@id":"https:\/\/marktxxl.de\/markt\/produkt\/neu-tretmann-pedaltrainer-set-extra-leise-gelenkschonend-ink-befestigungsband-dekra-geprueft-beintrainer-fuer-senioren-heimtrainer-mini-bike\/#breadcrumb"},"inLanguage":"de","potentialAction":[{"@type":"ReadAction","target":["https:\/\/marktxxl.de\/markt\/produkt\/neu-tretmann-pedaltrainer-set-extra-leise-gelenkschonend-ink-befestigungsband-dekra-geprueft-beintrainer-fuer-senioren-heimtrainer-mini-bike\/"]}]},{"@type":"ImageObject","inLanguage":"de","@id":"https:\/\/marktxxl.de\/markt\/produkt\/neu-tretmann-pedaltrainer-set-extra-leise-gelenkschonend-ink-befestigungsband-dekra-geprueft-beintrainer-fuer-senioren-heimtrainer-mini-bike\/#primaryimage","url":"https:\/\/m.media-amazon.com\/images\/I\/51em2c-Uf3L._SL500_.jpg","contentUrl":"https:\/\/m.media-amazon.com\/images\/I\/51em2c-Uf3L._SL500_.jpg","width":500,"height":500},{"@type":"BreadcrumbList","@id":"https:\/\/marktxxl.de\/markt\/produkt\/neu-tretmann-pedaltrainer-set-extra-leise-gelenkschonend-ink-befestigungsband-dekra-geprueft-beintrainer-fuer-senioren-heimtrainer-mini-bike\/#breadcrumb","itemListElement":[{"@type":"ListItem","position":1,"name":"Startseite","item":"https:\/\/marktxxl.de\/markt\/"},{"@type":"ListItem","position":2,"name":"Markt","item":"https:\/\/marktxxl.de\/markt\/"},{"@type":"ListItem","position":3,"name":"Tretmann Pedaltrainer PRO Set &#8211; extra Leise &amp; gelenkschonend &#8211; ink. Befestigungsband -DEKRA Gepr\u00fcft- Beintrainer f\u00fcr\u2026"}]},{"@type":"WebSite","@id":"https:\/\/marktxxl.de\/markt\/#website","url":"https:\/\/marktxxl.de\/markt\/","name":"Markt-XXL","description":"Ihr Markt Online","publisher":{"@id":"https:\/\/marktxxl.de\/markt\/#organization"},"potentialAction":[{"@type":"SearchAction","target":{"@type":"EntryPoint","urlTemplate":"https:\/\/marktxxl.de\/markt\/?s={search_term_string}"},"query-input":{"@type":"PropertyValueSpecification","valueRequired":true,"valueName":"search_term_string"}}],"inLanguage":"de"},{"@type":"Organization","@id":"https:\/\/marktxxl.de\/markt\/#organization","name":"Markt-XXL","url":"https:\/\/marktxxl.de\/markt\/","logo":{"@type":"ImageObject","inLanguage":"de","@id":"https:\/\/marktxxl.de\/markt\/#\/schema\/logo\/image\/","url":"https:\/\/marktxxl.de\/markt\/wp-content\/uploads\/sites\/3\/2020\/12\/logo.png","contentUrl":"https:\/\/marktxxl.de\/markt\/wp-content\/uploads\/sites\/3\/2020\/12\/logo.png","width":200,"height":70,"caption":"Markt-XXL"},"image":{"@id":"https:\/\/marktxxl.de\/markt\/#\/schema\/logo\/image\/"}}]}},"_links":{"self":[{"href":"https:\/\/marktxxl.de\/markt\/wp-json\/wp\/v2\/product\/111882","targetHints":{"allow":["GET"]}}],"collection":[{"href":"https:\/\/marktxxl.de\/markt\/wp-json\/wp\/v2\/product"}],"about":[{"href":"https:\/\/marktxxl.de\/markt\/wp-json\/wp\/v2\/types\/product"}],"replies":[{"embeddable":true,"href":"https:\/\/marktxxl.de\/markt\/wp-json\/wp\/v2\/comments?post=111882"}],"wp:featuredmedia":[{"embeddable":true,"href":"https:\/\/marktxxl.de\/markt\/wp-json\/wp\/v2\/media\/111883"}],"wp:attachment":[{"href":"https:\/\/marktxxl.de\/markt\/wp-json\/wp\/v2\/media?parent=111882"}],"wp:term":[{"taxonomy":"product_brand","embeddable":true,"href":"https:\/\/marktxxl.de\/markt\/wp-json\/wp\/v2\/product_brand?post=111882"},{"taxonomy":"product_cat","embeddable":true,"href":"https:\/\/marktxxl.de\/markt\/wp-json\/wp\/v2\/product_cat?post=111882"},{"taxonomy":"product_tag","embeddable":true,"href":"https:\/\/marktxxl.de\/markt\/wp-json\/wp\/v2\/product_tag?post=111882"}],"curies":[{"name":"wp","href":"https:\/\/api.w.org\/{rel}","templated":true}]}}