{"id":111780,"date":"2022-02-27T00:33:15","date_gmt":"2022-02-26T23:33:15","guid":{"rendered":"https:\/\/marktxxl.de\/markt\/produkt\/bright-day-2022-rettungshunde-wandkalender-305-x-305-cm-niedliche-welpen-kalender-fuer-eine-sache\/"},"modified":"2023-04-11T03:38:29","modified_gmt":"2023-04-11T01:38:29","slug":"bright-day-2022-rettungshunde-wandkalender-305-x-305-cm-niedliche-welpen-kalender-fuer-eine-sache","status":"publish","type":"product","link":"https:\/\/marktxxl.de\/markt\/produkt\/bright-day-2022-rettungshunde-wandkalender-305-x-305-cm-niedliche-welpen-kalender-fuer-eine-sache\/","title":{"rendered":"Bright Day 2022 Rettungshunde Wandkalender 30,5 x 30,5 cm, niedliche Welpen-Kalender f\u00fcr eine Sache"},"content":{"rendered":"<p>Bleiben Sie organisiert: 2022 Rettungshunde-Kalender. Kalender f\u00fcr eine Ursache! Auf der Abdeckung: trifft kleine Dinge. Dieser Welpe war auf dem Weg zu einem Leben des Missbrauchs und vernachl\u00e4ssigte, bis ein Fremder f\u00fcr seine Rechte gesprochen hat. Kleine und seine beiden Geschwister machten sich von einem l\u00e4ndlichen Unterschlupf zur PetConnect Rettung, wo er in die Arme seiner neuen Mutter Vanessa gefallen ist. Vanessa suchte nach einem Rettungswelpen, um den Schmerz des Verlusts ihres Sohnes zu lindern, der in Aktion get\u00f6tet wurde, w\u00e4hrend er unserem Land dient.<br \/>\nHohe Qualit\u00e4t: Gr\u00f6\u00dfe geschlossen: 30,5 x 30,5 cm. Ge\u00f6ffnet: 30,5 x 61 cm. blutet nicht durch! 13 Farbbilder. Alle Fotos werden von einer Vielzahl von Fotografen aus der ganzen Welt von Hand ausgew\u00e4hlt. In unserem Hunde-Wandkalender werden keine Kompromisse bei der Bildqualit\u00e4t oder dem Inhalt eingegangen.<br \/>\nVielseitig: Ein klassischer quadratischer Kalender ist ideal f\u00fcr die Schaffung eines individuellen Looks in Badezimmern, Wohnzimmern, Schlafzimmern, Heimk\u00fcchen, Ihrem B\u00fcro, auf Ihrem Schreibtisch, Garage, Klassenzimmer in der Schule, sogar Ihrem Schuppen oder M\u00e4nnerh\u00f6hle, H\u00f6hle oder Bar. Dieser Kalender l\u00e4uft von September 2022 bis Dezember 2022 und bietet vier zus\u00e4tzliche Monate f\u00fcr die Planung. (September 2022-Dezember 2022 ist ein Layout auf einen Blick.)<br \/>\nDesigns: Bright Day bietet Planer und Kalender f\u00fcr W\u00e4nde, Schreibtische und K\u00fchlschr\u00e4nke. Unz\u00e4hlige Designs: Katzen, K\u00e4tzchen, Hunde und Welpen aller Rassen. Sch\u00f6ne Nationalparks, amerikanische St\u00e4dte und Staaten, Pferde, Wildtiere, Naturfotografie und viele mehr!<br \/>\nPerfektes Geschenk: Weihnachten, Wichteln, wei\u00dfe Elefantenb\u00fcro-Party oder Familienaustausch, Kollegen, Freunde, Geburtstag, Jubil\u00e4en oder eine nette durchdachte \u00dcberraschung. Ideal f\u00fcr jemanden, der schwer zu kaufen ist und eine tolle Last-Minute-Geschenkidee.<br \/>\n<div class=\"main-cross-sell\" data-asin=\"B08QDVLHHF\">\n\n\t<div class=\"WooZone-cross-sell-loader\">\n\t\t<div>\n\t\t\t<div id=\"floatingBarsG\">\n\t\t\t\t<div class=\"blockG\" id=\"rotateG_01\"><\/div>\n\t\t\t\t<div class=\"blockG\" id=\"rotateG_02\"><\/div>\n\t\t\t\t<div class=\"blockG\" id=\"rotateG_03\"><\/div>\n\t\t\t\t<div class=\"blockG\" id=\"rotateG_04\"><\/div>\n\t\t\t\t<div class=\"blockG\" id=\"rotateG_05\"><\/div>\n\t\t\t\t<div class=\"blockG\" id=\"rotateG_06\"><\/div>\n\t\t\t\t<div class=\"blockG\" id=\"rotateG_07\"><\/div>\n\t\t\t\t<div class=\"blockG\" id=\"rotateG_08\"><\/div>\n\t\t\t<\/div>\n\t\t\t<div class=\"WooZone-cross-sell-loader-text\"><\/div>\n\t\t<\/div>\n\t<\/div>\n\n\t\t\n<\/div>\n<div style=\"clear:both;\"><\/div><\/p>\n","protected":false},"excerpt":{"rendered":"<p>Bleiben Sie organisiert: 2022 Rettungshunde-Kalender. Kalender f\u00fcr eine Ursache! Auf der Abdeckung: trifft kleine Dinge. Dieser Welpe war auf dem Weg zu einem Leben des Missbrauchs und vernachl\u00e4ssigte, bis ein Fremder f\u00fcr seine Rechte gesprochen hat. Kleine und seine beiden Geschwister machten sich von einem l\u00e4ndlichen Unterschlupf zur PetConnect Rettung, wo er in die Arme seiner neuen Mutter Vanessa gefallen ist. Vanessa suchte nach einem Rettungswelpen, um den Schmerz des Verlusts ihres Sohnes zu lindern, der in Aktion get\u00f6tet wurde, w\u00e4hrend er unserem Land dient.<br \/>\nHohe Qualit\u00e4t: Gr\u00f6\u00dfe geschlossen: 30,5 x 30,5 cm. Ge\u00f6ffnet: 30,5 x 61 cm. blutet nicht durch! 13 Farbbilder. Alle Fotos werden von einer Vielzahl von Fotografen aus der ganzen Welt von Hand ausgew\u00e4hlt. In unserem Hunde-Wandkalender werden keine Kompromisse bei der Bildqualit\u00e4t oder dem Inhalt eingegangen.<br \/>\nVielseitig: Ein klassischer quadratischer Kalender ist ideal f\u00fcr die Schaffung eines individuellen Looks in Badezimmern, Wohnzimmern, Schlafzimmern, Heimk\u00fcchen, Ihrem B\u00fcro, auf Ihrem Schreibtisch, Garage, Klassenzimmer in der Schule, sogar Ihrem Schuppen oder M\u00e4nnerh\u00f6hle, H\u00f6hle oder Bar. Dieser Kalender l\u00e4uft von September 2022 bis Dezember 2022 und bietet vier zus\u00e4tzliche Monate f\u00fcr die Planung. (September 2022-Dezember 2022 ist ein Layout auf einen Blick.)<\/p>\n","protected":false},"featured_media":111781,"comment_status":"open","ping_status":"closed","template":"","meta":[],"product_brand":[],"product_cat":[504,8381],"product_tag":[],"class_list":{"0":"post-111780","1":"product","2":"type-product","3":"status-publish","4":"has-post-thumbnail","6":"product_cat-buerobedarf-schreibwaren","7":"product_cat-kalender-planer-und-organizer","8":"pa_brand-bright-day-calendars","9":"pa_height-0-1-zoll","10":"pa_length-12-zoll","11":"pa_manufacturer-bright-day-calendars","12":"pa_weight-0-6-pfund","13":"pa_width-12-zoll","15":"first","16":"instock","17":"shipping-taxable","18":"purchasable","19":"product-type-simple","20":"customify-col","21":"product-has-gallery"},"yoast_head":"<!-- This site is optimized with the Yoast SEO plugin v27.4 - https:\/\/yoast.com\/product\/yoast-seo-wordpress\/ -->\n<title>Bright Day 2022 Rettungshunde Wandkalender 30,5 x 30,5 cm, niedliche Welpen-Kalender f\u00fcr eine Sache - Markt-XXL<\/title>\n<meta name=\"description\" content=\"Markt-XXL Bright Day 2022 Rettungshunde Wandkalender 30,5 x 30,5 cm, niedliche Welpen-Kalender f\u00fcr eine Sache\" \/>\n<meta name=\"robots\" content=\"index, follow, max-snippet:-1, max-image-preview:large, max-video-preview:-1\" \/>\n<link rel=\"canonical\" href=\"https:\/\/marktxxl.de\/markt\/produkt\/bright-day-2022-rettungshunde-wandkalender-305-x-305-cm-niedliche-welpen-kalender-fuer-eine-sache\/\" \/>\n<meta property=\"og:locale\" content=\"de_DE\" \/>\n<meta property=\"og:type\" content=\"article\" \/>\n<meta property=\"og:title\" content=\"Bright Day 2022 Rettungshunde Wandkalender 30,5 x 30,5 cm, niedliche Welpen-Kalender f\u00fcr eine Sache - Markt-XXL\" \/>\n<meta property=\"og:description\" content=\"Markt-XXL Bright Day 2022 Rettungshunde Wandkalender 30,5 x 30,5 cm, niedliche Welpen-Kalender f\u00fcr eine Sache\" \/>\n<meta property=\"og:url\" content=\"https:\/\/marktxxl.de\/markt\/produkt\/bright-day-2022-rettungshunde-wandkalender-305-x-305-cm-niedliche-welpen-kalender-fuer-eine-sache\/\" \/>\n<meta property=\"og:site_name\" content=\"Markt-XXL\" \/>\n<meta property=\"article:modified_time\" content=\"2023-04-11T01:38:29+00:00\" \/>\n<meta property=\"og:image\" content=\"https:\/\/m.media-amazon.com\/images\/I\/61Wp8n2lxKL._SL500_.jpg\" \/>\n\t<meta property=\"og:image:width\" content=\"500\" \/>\n\t<meta property=\"og:image:height\" content=\"500\" \/>\n\t<meta property=\"og:image:type\" content=\"image\/jpeg\" \/>\n<meta name=\"twitter:card\" content=\"summary_large_image\" \/>\n<meta name=\"twitter:label1\" content=\"Gesch\u00e4tzte Lesezeit\" \/>\n\t<meta name=\"twitter:data1\" content=\"1\u00a0Minute\" \/>\n<script type=\"application\/ld+json\" class=\"yoast-schema-graph\">{\"@context\":\"https:\\\/\\\/schema.org\",\"@graph\":[{\"@type\":\"WebPage\",\"@id\":\"https:\\\/\\\/marktxxl.de\\\/markt\\\/produkt\\\/bright-day-2022-rettungshunde-wandkalender-305-x-305-cm-niedliche-welpen-kalender-fuer-eine-sache\\\/\",\"url\":\"https:\\\/\\\/marktxxl.de\\\/markt\\\/produkt\\\/bright-day-2022-rettungshunde-wandkalender-305-x-305-cm-niedliche-welpen-kalender-fuer-eine-sache\\\/\",\"name\":\"Bright Day 2022 Rettungshunde Wandkalender 30,5 x 30,5 cm, niedliche Welpen-Kalender f\u00fcr eine Sache - Markt-XXL\",\"isPartOf\":{\"@id\":\"https:\\\/\\\/marktxxl.de\\\/markt\\\/#website\"},\"primaryImageOfPage\":{\"@id\":\"https:\\\/\\\/marktxxl.de\\\/markt\\\/produkt\\\/bright-day-2022-rettungshunde-wandkalender-305-x-305-cm-niedliche-welpen-kalender-fuer-eine-sache\\\/#primaryimage\"},\"image\":{\"@id\":\"https:\\\/\\\/marktxxl.de\\\/markt\\\/produkt\\\/bright-day-2022-rettungshunde-wandkalender-305-x-305-cm-niedliche-welpen-kalender-fuer-eine-sache\\\/#primaryimage\"},\"thumbnailUrl\":\"https:\\\/\\\/m.media-amazon.com\\\/images\\\/I\\\/61Wp8n2lxKL._SL500_.jpg\",\"datePublished\":\"2022-02-26T23:33:15+00:00\",\"dateModified\":\"2023-04-11T01:38:29+00:00\",\"description\":\"Markt-XXL Bright Day 2022 Rettungshunde Wandkalender 30,5 x 30,5 cm, niedliche Welpen-Kalender f\u00fcr eine Sache\",\"breadcrumb\":{\"@id\":\"https:\\\/\\\/marktxxl.de\\\/markt\\\/produkt\\\/bright-day-2022-rettungshunde-wandkalender-305-x-305-cm-niedliche-welpen-kalender-fuer-eine-sache\\\/#breadcrumb\"},\"inLanguage\":\"de\",\"potentialAction\":[{\"@type\":\"ReadAction\",\"target\":[\"https:\\\/\\\/marktxxl.de\\\/markt\\\/produkt\\\/bright-day-2022-rettungshunde-wandkalender-305-x-305-cm-niedliche-welpen-kalender-fuer-eine-sache\\\/\"]}]},{\"@type\":\"ImageObject\",\"inLanguage\":\"de\",\"@id\":\"https:\\\/\\\/marktxxl.de\\\/markt\\\/produkt\\\/bright-day-2022-rettungshunde-wandkalender-305-x-305-cm-niedliche-welpen-kalender-fuer-eine-sache\\\/#primaryimage\",\"url\":\"https:\\\/\\\/m.media-amazon.com\\\/images\\\/I\\\/61Wp8n2lxKL._SL500_.jpg\",\"contentUrl\":\"https:\\\/\\\/m.media-amazon.com\\\/images\\\/I\\\/61Wp8n2lxKL._SL500_.jpg\",\"width\":500,\"height\":500},{\"@type\":\"BreadcrumbList\",\"@id\":\"https:\\\/\\\/marktxxl.de\\\/markt\\\/produkt\\\/bright-day-2022-rettungshunde-wandkalender-305-x-305-cm-niedliche-welpen-kalender-fuer-eine-sache\\\/#breadcrumb\",\"itemListElement\":[{\"@type\":\"ListItem\",\"position\":1,\"name\":\"Startseite\",\"item\":\"https:\\\/\\\/marktxxl.de\\\/markt\\\/\"},{\"@type\":\"ListItem\",\"position\":2,\"name\":\"Markt\",\"item\":\"https:\\\/\\\/marktxxl.de\\\/markt\\\/\"},{\"@type\":\"ListItem\",\"position\":3,\"name\":\"Bright Day 2022 Rettungshunde Wandkalender 30,5 x 30,5 cm, niedliche Welpen-Kalender f\u00fcr eine Sache\"}]},{\"@type\":\"WebSite\",\"@id\":\"https:\\\/\\\/marktxxl.de\\\/markt\\\/#website\",\"url\":\"https:\\\/\\\/marktxxl.de\\\/markt\\\/\",\"name\":\"Markt-XXL\",\"description\":\"Ihr Markt Online\",\"publisher\":{\"@id\":\"https:\\\/\\\/marktxxl.de\\\/markt\\\/#organization\"},\"potentialAction\":[{\"@type\":\"SearchAction\",\"target\":{\"@type\":\"EntryPoint\",\"urlTemplate\":\"https:\\\/\\\/marktxxl.de\\\/markt\\\/?s={search_term_string}\"},\"query-input\":{\"@type\":\"PropertyValueSpecification\",\"valueRequired\":true,\"valueName\":\"search_term_string\"}}],\"inLanguage\":\"de\"},{\"@type\":\"Organization\",\"@id\":\"https:\\\/\\\/marktxxl.de\\\/markt\\\/#organization\",\"name\":\"Markt-XXL\",\"url\":\"https:\\\/\\\/marktxxl.de\\\/markt\\\/\",\"logo\":{\"@type\":\"ImageObject\",\"inLanguage\":\"de\",\"@id\":\"https:\\\/\\\/marktxxl.de\\\/markt\\\/#\\\/schema\\\/logo\\\/image\\\/\",\"url\":\"https:\\\/\\\/marktxxl.de\\\/markt\\\/wp-content\\\/uploads\\\/sites\\\/3\\\/2020\\\/12\\\/logo.png\",\"contentUrl\":\"https:\\\/\\\/marktxxl.de\\\/markt\\\/wp-content\\\/uploads\\\/sites\\\/3\\\/2020\\\/12\\\/logo.png\",\"width\":200,\"height\":70,\"caption\":\"Markt-XXL\"},\"image\":{\"@id\":\"https:\\\/\\\/marktxxl.de\\\/markt\\\/#\\\/schema\\\/logo\\\/image\\\/\"}}]}<\/script>\n<!-- \/ Yoast SEO plugin. -->","yoast_head_json":{"title":"Bright Day 2022 Rettungshunde Wandkalender 30,5 x 30,5 cm, niedliche Welpen-Kalender f\u00fcr eine Sache - Markt-XXL","description":"Markt-XXL Bright Day 2022 Rettungshunde Wandkalender 30,5 x 30,5 cm, niedliche Welpen-Kalender f\u00fcr eine Sache","robots":{"index":"index","follow":"follow","max-snippet":"max-snippet:-1","max-image-preview":"max-image-preview:large","max-video-preview":"max-video-preview:-1"},"canonical":"https:\/\/marktxxl.de\/markt\/produkt\/bright-day-2022-rettungshunde-wandkalender-305-x-305-cm-niedliche-welpen-kalender-fuer-eine-sache\/","og_locale":"de_DE","og_type":"article","og_title":"Bright Day 2022 Rettungshunde Wandkalender 30,5 x 30,5 cm, niedliche Welpen-Kalender f\u00fcr eine Sache - Markt-XXL","og_description":"Markt-XXL Bright Day 2022 Rettungshunde Wandkalender 30,5 x 30,5 cm, niedliche Welpen-Kalender f\u00fcr eine Sache","og_url":"https:\/\/marktxxl.de\/markt\/produkt\/bright-day-2022-rettungshunde-wandkalender-305-x-305-cm-niedliche-welpen-kalender-fuer-eine-sache\/","og_site_name":"Markt-XXL","article_modified_time":"2023-04-11T01:38:29+00:00","og_image":[{"width":500,"height":500,"url":"https:\/\/m.media-amazon.com\/images\/I\/61Wp8n2lxKL._SL500_.jpg","type":"image\/jpeg"}],"twitter_card":"summary_large_image","twitter_misc":{"Gesch\u00e4tzte Lesezeit":"1\u00a0Minute"},"schema":{"@context":"https:\/\/schema.org","@graph":[{"@type":"WebPage","@id":"https:\/\/marktxxl.de\/markt\/produkt\/bright-day-2022-rettungshunde-wandkalender-305-x-305-cm-niedliche-welpen-kalender-fuer-eine-sache\/","url":"https:\/\/marktxxl.de\/markt\/produkt\/bright-day-2022-rettungshunde-wandkalender-305-x-305-cm-niedliche-welpen-kalender-fuer-eine-sache\/","name":"Bright Day 2022 Rettungshunde Wandkalender 30,5 x 30,5 cm, niedliche Welpen-Kalender f\u00fcr eine Sache - Markt-XXL","isPartOf":{"@id":"https:\/\/marktxxl.de\/markt\/#website"},"primaryImageOfPage":{"@id":"https:\/\/marktxxl.de\/markt\/produkt\/bright-day-2022-rettungshunde-wandkalender-305-x-305-cm-niedliche-welpen-kalender-fuer-eine-sache\/#primaryimage"},"image":{"@id":"https:\/\/marktxxl.de\/markt\/produkt\/bright-day-2022-rettungshunde-wandkalender-305-x-305-cm-niedliche-welpen-kalender-fuer-eine-sache\/#primaryimage"},"thumbnailUrl":"https:\/\/m.media-amazon.com\/images\/I\/61Wp8n2lxKL._SL500_.jpg","datePublished":"2022-02-26T23:33:15+00:00","dateModified":"2023-04-11T01:38:29+00:00","description":"Markt-XXL Bright Day 2022 Rettungshunde Wandkalender 30,5 x 30,5 cm, niedliche Welpen-Kalender f\u00fcr eine Sache","breadcrumb":{"@id":"https:\/\/marktxxl.de\/markt\/produkt\/bright-day-2022-rettungshunde-wandkalender-305-x-305-cm-niedliche-welpen-kalender-fuer-eine-sache\/#breadcrumb"},"inLanguage":"de","potentialAction":[{"@type":"ReadAction","target":["https:\/\/marktxxl.de\/markt\/produkt\/bright-day-2022-rettungshunde-wandkalender-305-x-305-cm-niedliche-welpen-kalender-fuer-eine-sache\/"]}]},{"@type":"ImageObject","inLanguage":"de","@id":"https:\/\/marktxxl.de\/markt\/produkt\/bright-day-2022-rettungshunde-wandkalender-305-x-305-cm-niedliche-welpen-kalender-fuer-eine-sache\/#primaryimage","url":"https:\/\/m.media-amazon.com\/images\/I\/61Wp8n2lxKL._SL500_.jpg","contentUrl":"https:\/\/m.media-amazon.com\/images\/I\/61Wp8n2lxKL._SL500_.jpg","width":500,"height":500},{"@type":"BreadcrumbList","@id":"https:\/\/marktxxl.de\/markt\/produkt\/bright-day-2022-rettungshunde-wandkalender-305-x-305-cm-niedliche-welpen-kalender-fuer-eine-sache\/#breadcrumb","itemListElement":[{"@type":"ListItem","position":1,"name":"Startseite","item":"https:\/\/marktxxl.de\/markt\/"},{"@type":"ListItem","position":2,"name":"Markt","item":"https:\/\/marktxxl.de\/markt\/"},{"@type":"ListItem","position":3,"name":"Bright Day 2022 Rettungshunde Wandkalender 30,5 x 30,5 cm, niedliche Welpen-Kalender f\u00fcr eine Sache"}]},{"@type":"WebSite","@id":"https:\/\/marktxxl.de\/markt\/#website","url":"https:\/\/marktxxl.de\/markt\/","name":"Markt-XXL","description":"Ihr Markt Online","publisher":{"@id":"https:\/\/marktxxl.de\/markt\/#organization"},"potentialAction":[{"@type":"SearchAction","target":{"@type":"EntryPoint","urlTemplate":"https:\/\/marktxxl.de\/markt\/?s={search_term_string}"},"query-input":{"@type":"PropertyValueSpecification","valueRequired":true,"valueName":"search_term_string"}}],"inLanguage":"de"},{"@type":"Organization","@id":"https:\/\/marktxxl.de\/markt\/#organization","name":"Markt-XXL","url":"https:\/\/marktxxl.de\/markt\/","logo":{"@type":"ImageObject","inLanguage":"de","@id":"https:\/\/marktxxl.de\/markt\/#\/schema\/logo\/image\/","url":"https:\/\/marktxxl.de\/markt\/wp-content\/uploads\/sites\/3\/2020\/12\/logo.png","contentUrl":"https:\/\/marktxxl.de\/markt\/wp-content\/uploads\/sites\/3\/2020\/12\/logo.png","width":200,"height":70,"caption":"Markt-XXL"},"image":{"@id":"https:\/\/marktxxl.de\/markt\/#\/schema\/logo\/image\/"}}]}},"_links":{"self":[{"href":"https:\/\/marktxxl.de\/markt\/wp-json\/wp\/v2\/product\/111780","targetHints":{"allow":["GET"]}}],"collection":[{"href":"https:\/\/marktxxl.de\/markt\/wp-json\/wp\/v2\/product"}],"about":[{"href":"https:\/\/marktxxl.de\/markt\/wp-json\/wp\/v2\/types\/product"}],"replies":[{"embeddable":true,"href":"https:\/\/marktxxl.de\/markt\/wp-json\/wp\/v2\/comments?post=111780"}],"wp:featuredmedia":[{"embeddable":true,"href":"https:\/\/marktxxl.de\/markt\/wp-json\/wp\/v2\/media\/111781"}],"wp:attachment":[{"href":"https:\/\/marktxxl.de\/markt\/wp-json\/wp\/v2\/media?parent=111780"}],"wp:term":[{"taxonomy":"product_brand","embeddable":true,"href":"https:\/\/marktxxl.de\/markt\/wp-json\/wp\/v2\/product_brand?post=111780"},{"taxonomy":"product_cat","embeddable":true,"href":"https:\/\/marktxxl.de\/markt\/wp-json\/wp\/v2\/product_cat?post=111780"},{"taxonomy":"product_tag","embeddable":true,"href":"https:\/\/marktxxl.de\/markt\/wp-json\/wp\/v2\/product_tag?post=111780"}],"curies":[{"name":"wp","href":"https:\/\/api.w.org\/{rel}","templated":true}]}}