{"id":111520,"date":"2022-02-27T00:19:04","date_gmt":"2022-02-26T23:19:04","guid":{"rendered":"https:\/\/marktxxl.de\/markt\/produkt\/uv-lampe-fuer-gelnaegel-72-w-professionelle-nagellampe-mit-15-led-lampen-3-timern-automatischer-sensor-und-led-display-geeignet-fuer-alle-gel\/"},"modified":"2023-04-09T03:14:00","modified_gmt":"2023-04-09T01:14:00","slug":"uv-lampe-fuer-gelnaegel-72-w-professionelle-nagellampe-mit-15-led-lampen-3-timern-automatischer-sensor-und-led-display-geeignet-fuer-alle-gel","status":"publish","type":"product","link":"https:\/\/marktxxl.de\/markt\/produkt\/uv-lampe-fuer-gelnaegel-72-w-professionelle-nagellampe-mit-15-led-lampen-3-timern-automatischer-sensor-und-led-display-geeignet-fuer-alle-gel\/","title":{"rendered":"UV Lampe f\u00fcr Geln\u00e4gel, 72W Professionelle Nagellampe mit 15 LED Lampen, 3 Timern, Automatischer Sensor und LED-Display\u2026"},"content":{"rendered":"<p>\u3010Geeignet f\u00fcr alle Arten von Gel Nagellacken\u3011: 72W uv lampe n\u00e4gel mit 15 UV\/LED-Perlen (365nm + 406nm duale Wellenl\u00e4nge) zum schnellen Aush\u00e4rten von Gelen, geeignet f\u00fcr alle UV\/LED-Nagellacke wie Base Coat, Top \/Color \/ Builder \/ Acryl \/ Hard \/ Sculpture Gel und Edelstein-Kleber.<br \/>\n\u30103 Timer und Infrarot-Sensor-Design\u3011: Nageltrockner verf\u00fcgt \u00fcber 3 verschiedene Timer-Funktionen, 60s \/ 80s \/ 99s, damit Sie die richtige Zeit w\u00e4hlen k\u00f6nnen, um das Gel schnell nach Ihren Bed\u00fcrfnissen zu h\u00e4rten. Infrarot-Sensor-Design, wenn Sie Ihre Hand \/ Fu\u00df innen setzen, wird das Licht auf. Nehmen Sie die Hand\/den Fu\u00df weg und das Licht geht aus.<br \/>\n\u3010Schnelle Aush\u00e4rtung\u3011: UV\/LED Nagellampe ist mit einem 24-Volt-Netzadapter, der eine stabilere und sicherere Spannungsabgabe und mehr Leistung als herk\u00f6mmliche USB-Ladeger\u00e4te bietet und eine kurze Trocknungszeit f\u00fcr das Gel garantiert. Der Innenraum wird mit 15 langlebigen UV\/LED-Doppellichtquellen gleichm\u00e4\u00dfig ausgeleuchtet. Die 180\u00b0-Mehrwinkelausleuchtung ohne tote Winkel sorgt f\u00fcr eine gleichm\u00e4\u00dfige Aush\u00e4rtung der Finger- und Fu\u00dfn\u00e4gel.<br \/>\n\u3010Temperaturschutz, sicher im Gebrauch\u3011: UV led lampe f\u00fcr geln\u00e4gel eingebauter intelligenter Temperaturkontrollchip, intelligente Temperaturkontrolle zur Vermeidung von \u00dcberhitzung und Verbrennung der Haut, zum Schutz der empfindlichen H\u00e4nde, die Verwendung des Prozesses tut den Augen nicht weh.<br \/>\n\u3010Bestes Geschenk\u3011: LKE nagellack trocknerger\u00e4t ist sehr bequem zu bedienen und zu tragen, geeignet f\u00fcr zu Hause und im Freien Reisen, sondern auch als ein perfektes Geschenk f\u00fcr Muttertag, Valentinstag, Geburtstage, Weihnachten und Hochzeitstage, genie\u00dfen Sie die Freude an wechselnden Nagelkunst \u00fcberall, jederzeit!<br \/>\n<div class=\"main-cross-sell\" data-asin=\"B07MXF22NY\">\n\n\t<div class=\"WooZone-cross-sell-loader\">\n\t\t<div>\n\t\t\t<div id=\"floatingBarsG\">\n\t\t\t\t<div class=\"blockG\" id=\"rotateG_01\"><\/div>\n\t\t\t\t<div class=\"blockG\" id=\"rotateG_02\"><\/div>\n\t\t\t\t<div class=\"blockG\" id=\"rotateG_03\"><\/div>\n\t\t\t\t<div class=\"blockG\" id=\"rotateG_04\"><\/div>\n\t\t\t\t<div class=\"blockG\" id=\"rotateG_05\"><\/div>\n\t\t\t\t<div class=\"blockG\" id=\"rotateG_06\"><\/div>\n\t\t\t\t<div class=\"blockG\" id=\"rotateG_07\"><\/div>\n\t\t\t\t<div class=\"blockG\" id=\"rotateG_08\"><\/div>\n\t\t\t<\/div>\n\t\t\t<div class=\"WooZone-cross-sell-loader-text\"><\/div>\n\t\t<\/div>\n\t<\/div>\n\n\t\t\n<\/div>\n<div style=\"clear:both;\"><\/div><\/p>\n","protected":false},"excerpt":{"rendered":"<p>\u3010Geeignet f\u00fcr alle Arten von Gel Nagellacken\u3011: 72W uv lampe n\u00e4gel mit 15 UV\/LED-Perlen (365nm + 406nm duale Wellenl\u00e4nge) zum schnellen Aush\u00e4rten von Gelen, geeignet f\u00fcr alle UV\/LED-Nagellacke wie Base Coat, Top \/Color \/ Builder \/ Acryl \/ Hard \/ Sculpture Gel und Edelstein-Kleber.<br \/>\n\u30103 Timer und Infrarot-Sensor-Design\u3011: Nageltrockner verf\u00fcgt \u00fcber 3 verschiedene Timer-Funktionen, 60s \/ 80s \/ 99s, damit Sie die richtige Zeit w\u00e4hlen k\u00f6nnen, um das Gel schnell nach Ihren Bed\u00fcrfnissen zu h\u00e4rten. Infrarot-Sensor-Design, wenn Sie Ihre Hand \/ Fu\u00df innen setzen, wird das Licht auf. Nehmen Sie die Hand\/den Fu\u00df weg und das Licht geht aus.<br \/>\n\u3010Schnelle Aush\u00e4rtung\u3011: UV\/LED Nagellampe ist mit einem 24-Volt-Netzadapter, der eine stabilere und sicherere Spannungsabgabe und mehr Leistung als herk\u00f6mmliche USB-Ladeger\u00e4te bietet und eine kurze Trocknungszeit f\u00fcr das Gel garantiert. Der Innenraum wird mit 15 langlebigen UV\/LED-Doppellichtquellen gleichm\u00e4\u00dfig ausgeleuchtet. Die 180\u00b0-Mehrwinkelausleuchtung ohne tote Winkel sorgt f\u00fcr eine gleichm\u00e4\u00dfige Aush\u00e4rtung der Finger- und Fu\u00dfn\u00e4gel.<\/p>\n","protected":false},"featured_media":111521,"comment_status":"open","ping_status":"closed","template":"","meta":[],"product_brand":[],"product_cat":[2858,7659],"product_tag":[],"class_list":{"0":"post-111520","1":"product","2":"type-product","3":"status-publish","4":"has-post-thumbnail","6":"product_cat-beauty","7":"product_cat-manikuere-pedikuere","8":"pa_brand-lke","9":"pa_color-white","10":"pa_height-3-2283464534-zoll","11":"pa_length-7-1259842447-zoll","12":"pa_manufacturer-lke","13":"pa_model-s1","14":"pa_size-1-stueck-1er-pack","15":"pa_width-5-0787401523-zoll","17":"first","18":"instock","19":"shipping-taxable","20":"purchasable","21":"product-type-simple","22":"customify-col","23":"product-has-gallery"},"yoast_head":"<!-- This site is optimized with the Yoast SEO plugin v27.4 - https:\/\/yoast.com\/product\/yoast-seo-wordpress\/ -->\n<title>UV Lampe f\u00fcr Geln\u00e4gel, 72W Professionelle Nagellampe mit 15 LED Lampen, 3 Timern, Automatischer Sensor und LED-Display\u2026 - Markt-XXL<\/title>\n<meta name=\"description\" content=\"Markt-XXL UV Lampe f\u00fcr Geln\u00e4gel, 72W Professionelle Nagellampe mit 15 LED Lampen, 3 Timern, Automatischer Sensor und LED-Display\u2026\" \/>\n<meta name=\"robots\" content=\"index, follow, max-snippet:-1, max-image-preview:large, max-video-preview:-1\" \/>\n<link rel=\"canonical\" href=\"https:\/\/marktxxl.de\/markt\/produkt\/uv-lampe-fuer-gelnaegel-72-w-professionelle-nagellampe-mit-15-led-lampen-3-timern-automatischer-sensor-und-led-display-geeignet-fuer-alle-gel\/\" \/>\n<meta property=\"og:locale\" content=\"de_DE\" \/>\n<meta property=\"og:type\" content=\"article\" \/>\n<meta property=\"og:title\" content=\"UV Lampe f\u00fcr Geln\u00e4gel, 72W Professionelle Nagellampe mit 15 LED Lampen, 3 Timern, Automatischer Sensor und LED-Display\u2026 - Markt-XXL\" \/>\n<meta property=\"og:description\" content=\"Markt-XXL UV Lampe f\u00fcr Geln\u00e4gel, 72W Professionelle Nagellampe mit 15 LED Lampen, 3 Timern, Automatischer Sensor und LED-Display\u2026\" \/>\n<meta property=\"og:url\" content=\"https:\/\/marktxxl.de\/markt\/produkt\/uv-lampe-fuer-gelnaegel-72-w-professionelle-nagellampe-mit-15-led-lampen-3-timern-automatischer-sensor-und-led-display-geeignet-fuer-alle-gel\/\" \/>\n<meta property=\"og:site_name\" content=\"Markt-XXL\" \/>\n<meta property=\"article:modified_time\" content=\"2023-04-09T01:14:00+00:00\" \/>\n<meta property=\"og:image\" content=\"https:\/\/m.media-amazon.com\/images\/I\/31oArpIrj9L._SL500_.jpg\" \/>\n\t<meta property=\"og:image:width\" content=\"500\" \/>\n\t<meta property=\"og:image:height\" content=\"500\" \/>\n\t<meta property=\"og:image:type\" content=\"image\/jpeg\" \/>\n<meta name=\"twitter:card\" content=\"summary_large_image\" \/>\n<meta name=\"twitter:label1\" content=\"Gesch\u00e4tzte Lesezeit\" \/>\n\t<meta name=\"twitter:data1\" content=\"1\u00a0Minute\" \/>\n<script type=\"application\/ld+json\" class=\"yoast-schema-graph\">{\"@context\":\"https:\\\/\\\/schema.org\",\"@graph\":[{\"@type\":\"WebPage\",\"@id\":\"https:\\\/\\\/marktxxl.de\\\/markt\\\/produkt\\\/uv-lampe-fuer-gelnaegel-72-w-professionelle-nagellampe-mit-15-led-lampen-3-timern-automatischer-sensor-und-led-display-geeignet-fuer-alle-gel\\\/\",\"url\":\"https:\\\/\\\/marktxxl.de\\\/markt\\\/produkt\\\/uv-lampe-fuer-gelnaegel-72-w-professionelle-nagellampe-mit-15-led-lampen-3-timern-automatischer-sensor-und-led-display-geeignet-fuer-alle-gel\\\/\",\"name\":\"UV Lampe f\u00fcr Geln\u00e4gel, 72W Professionelle Nagellampe mit 15 LED Lampen, 3 Timern, Automatischer Sensor und LED-Display\u2026 - Markt-XXL\",\"isPartOf\":{\"@id\":\"https:\\\/\\\/marktxxl.de\\\/markt\\\/#website\"},\"primaryImageOfPage\":{\"@id\":\"https:\\\/\\\/marktxxl.de\\\/markt\\\/produkt\\\/uv-lampe-fuer-gelnaegel-72-w-professionelle-nagellampe-mit-15-led-lampen-3-timern-automatischer-sensor-und-led-display-geeignet-fuer-alle-gel\\\/#primaryimage\"},\"image\":{\"@id\":\"https:\\\/\\\/marktxxl.de\\\/markt\\\/produkt\\\/uv-lampe-fuer-gelnaegel-72-w-professionelle-nagellampe-mit-15-led-lampen-3-timern-automatischer-sensor-und-led-display-geeignet-fuer-alle-gel\\\/#primaryimage\"},\"thumbnailUrl\":\"https:\\\/\\\/m.media-amazon.com\\\/images\\\/I\\\/31oArpIrj9L._SL500_.jpg\",\"datePublished\":\"2022-02-26T23:19:04+00:00\",\"dateModified\":\"2023-04-09T01:14:00+00:00\",\"description\":\"Markt-XXL UV Lampe f\u00fcr Geln\u00e4gel, 72W Professionelle Nagellampe mit 15 LED Lampen, 3 Timern, Automatischer Sensor und LED-Display\u2026\",\"breadcrumb\":{\"@id\":\"https:\\\/\\\/marktxxl.de\\\/markt\\\/produkt\\\/uv-lampe-fuer-gelnaegel-72-w-professionelle-nagellampe-mit-15-led-lampen-3-timern-automatischer-sensor-und-led-display-geeignet-fuer-alle-gel\\\/#breadcrumb\"},\"inLanguage\":\"de\",\"potentialAction\":[{\"@type\":\"ReadAction\",\"target\":[\"https:\\\/\\\/marktxxl.de\\\/markt\\\/produkt\\\/uv-lampe-fuer-gelnaegel-72-w-professionelle-nagellampe-mit-15-led-lampen-3-timern-automatischer-sensor-und-led-display-geeignet-fuer-alle-gel\\\/\"]}]},{\"@type\":\"ImageObject\",\"inLanguage\":\"de\",\"@id\":\"https:\\\/\\\/marktxxl.de\\\/markt\\\/produkt\\\/uv-lampe-fuer-gelnaegel-72-w-professionelle-nagellampe-mit-15-led-lampen-3-timern-automatischer-sensor-und-led-display-geeignet-fuer-alle-gel\\\/#primaryimage\",\"url\":\"https:\\\/\\\/m.media-amazon.com\\\/images\\\/I\\\/31oArpIrj9L._SL500_.jpg\",\"contentUrl\":\"https:\\\/\\\/m.media-amazon.com\\\/images\\\/I\\\/31oArpIrj9L._SL500_.jpg\",\"width\":500,\"height\":500},{\"@type\":\"BreadcrumbList\",\"@id\":\"https:\\\/\\\/marktxxl.de\\\/markt\\\/produkt\\\/uv-lampe-fuer-gelnaegel-72-w-professionelle-nagellampe-mit-15-led-lampen-3-timern-automatischer-sensor-und-led-display-geeignet-fuer-alle-gel\\\/#breadcrumb\",\"itemListElement\":[{\"@type\":\"ListItem\",\"position\":1,\"name\":\"Startseite\",\"item\":\"https:\\\/\\\/marktxxl.de\\\/markt\\\/\"},{\"@type\":\"ListItem\",\"position\":2,\"name\":\"Markt\",\"item\":\"https:\\\/\\\/marktxxl.de\\\/markt\\\/\"},{\"@type\":\"ListItem\",\"position\":3,\"name\":\"UV Lampe f\u00fcr Geln\u00e4gel, 72W Professionelle Nagellampe mit 15 LED Lampen, 3 Timern, Automatischer Sensor und LED-Display\u2026\"}]},{\"@type\":\"WebSite\",\"@id\":\"https:\\\/\\\/marktxxl.de\\\/markt\\\/#website\",\"url\":\"https:\\\/\\\/marktxxl.de\\\/markt\\\/\",\"name\":\"Markt-XXL\",\"description\":\"Ihr Markt Online\",\"publisher\":{\"@id\":\"https:\\\/\\\/marktxxl.de\\\/markt\\\/#organization\"},\"potentialAction\":[{\"@type\":\"SearchAction\",\"target\":{\"@type\":\"EntryPoint\",\"urlTemplate\":\"https:\\\/\\\/marktxxl.de\\\/markt\\\/?s={search_term_string}\"},\"query-input\":{\"@type\":\"PropertyValueSpecification\",\"valueRequired\":true,\"valueName\":\"search_term_string\"}}],\"inLanguage\":\"de\"},{\"@type\":\"Organization\",\"@id\":\"https:\\\/\\\/marktxxl.de\\\/markt\\\/#organization\",\"name\":\"Markt-XXL\",\"url\":\"https:\\\/\\\/marktxxl.de\\\/markt\\\/\",\"logo\":{\"@type\":\"ImageObject\",\"inLanguage\":\"de\",\"@id\":\"https:\\\/\\\/marktxxl.de\\\/markt\\\/#\\\/schema\\\/logo\\\/image\\\/\",\"url\":\"https:\\\/\\\/marktxxl.de\\\/markt\\\/wp-content\\\/uploads\\\/sites\\\/3\\\/2020\\\/12\\\/logo.png\",\"contentUrl\":\"https:\\\/\\\/marktxxl.de\\\/markt\\\/wp-content\\\/uploads\\\/sites\\\/3\\\/2020\\\/12\\\/logo.png\",\"width\":200,\"height\":70,\"caption\":\"Markt-XXL\"},\"image\":{\"@id\":\"https:\\\/\\\/marktxxl.de\\\/markt\\\/#\\\/schema\\\/logo\\\/image\\\/\"}}]}<\/script>\n<!-- \/ Yoast SEO plugin. -->","yoast_head_json":{"title":"UV Lampe f\u00fcr Geln\u00e4gel, 72W Professionelle Nagellampe mit 15 LED Lampen, 3 Timern, Automatischer Sensor und LED-Display\u2026 - Markt-XXL","description":"Markt-XXL UV Lampe f\u00fcr Geln\u00e4gel, 72W Professionelle Nagellampe mit 15 LED Lampen, 3 Timern, Automatischer Sensor und LED-Display\u2026","robots":{"index":"index","follow":"follow","max-snippet":"max-snippet:-1","max-image-preview":"max-image-preview:large","max-video-preview":"max-video-preview:-1"},"canonical":"https:\/\/marktxxl.de\/markt\/produkt\/uv-lampe-fuer-gelnaegel-72-w-professionelle-nagellampe-mit-15-led-lampen-3-timern-automatischer-sensor-und-led-display-geeignet-fuer-alle-gel\/","og_locale":"de_DE","og_type":"article","og_title":"UV Lampe f\u00fcr Geln\u00e4gel, 72W Professionelle Nagellampe mit 15 LED Lampen, 3 Timern, Automatischer Sensor und LED-Display\u2026 - Markt-XXL","og_description":"Markt-XXL UV Lampe f\u00fcr Geln\u00e4gel, 72W Professionelle Nagellampe mit 15 LED Lampen, 3 Timern, Automatischer Sensor und LED-Display\u2026","og_url":"https:\/\/marktxxl.de\/markt\/produkt\/uv-lampe-fuer-gelnaegel-72-w-professionelle-nagellampe-mit-15-led-lampen-3-timern-automatischer-sensor-und-led-display-geeignet-fuer-alle-gel\/","og_site_name":"Markt-XXL","article_modified_time":"2023-04-09T01:14:00+00:00","og_image":[{"width":500,"height":500,"url":"https:\/\/m.media-amazon.com\/images\/I\/31oArpIrj9L._SL500_.jpg","type":"image\/jpeg"}],"twitter_card":"summary_large_image","twitter_misc":{"Gesch\u00e4tzte Lesezeit":"1\u00a0Minute"},"schema":{"@context":"https:\/\/schema.org","@graph":[{"@type":"WebPage","@id":"https:\/\/marktxxl.de\/markt\/produkt\/uv-lampe-fuer-gelnaegel-72-w-professionelle-nagellampe-mit-15-led-lampen-3-timern-automatischer-sensor-und-led-display-geeignet-fuer-alle-gel\/","url":"https:\/\/marktxxl.de\/markt\/produkt\/uv-lampe-fuer-gelnaegel-72-w-professionelle-nagellampe-mit-15-led-lampen-3-timern-automatischer-sensor-und-led-display-geeignet-fuer-alle-gel\/","name":"UV Lampe f\u00fcr Geln\u00e4gel, 72W Professionelle Nagellampe mit 15 LED Lampen, 3 Timern, Automatischer Sensor und LED-Display\u2026 - Markt-XXL","isPartOf":{"@id":"https:\/\/marktxxl.de\/markt\/#website"},"primaryImageOfPage":{"@id":"https:\/\/marktxxl.de\/markt\/produkt\/uv-lampe-fuer-gelnaegel-72-w-professionelle-nagellampe-mit-15-led-lampen-3-timern-automatischer-sensor-und-led-display-geeignet-fuer-alle-gel\/#primaryimage"},"image":{"@id":"https:\/\/marktxxl.de\/markt\/produkt\/uv-lampe-fuer-gelnaegel-72-w-professionelle-nagellampe-mit-15-led-lampen-3-timern-automatischer-sensor-und-led-display-geeignet-fuer-alle-gel\/#primaryimage"},"thumbnailUrl":"https:\/\/m.media-amazon.com\/images\/I\/31oArpIrj9L._SL500_.jpg","datePublished":"2022-02-26T23:19:04+00:00","dateModified":"2023-04-09T01:14:00+00:00","description":"Markt-XXL UV Lampe f\u00fcr Geln\u00e4gel, 72W Professionelle Nagellampe mit 15 LED Lampen, 3 Timern, Automatischer Sensor und LED-Display\u2026","breadcrumb":{"@id":"https:\/\/marktxxl.de\/markt\/produkt\/uv-lampe-fuer-gelnaegel-72-w-professionelle-nagellampe-mit-15-led-lampen-3-timern-automatischer-sensor-und-led-display-geeignet-fuer-alle-gel\/#breadcrumb"},"inLanguage":"de","potentialAction":[{"@type":"ReadAction","target":["https:\/\/marktxxl.de\/markt\/produkt\/uv-lampe-fuer-gelnaegel-72-w-professionelle-nagellampe-mit-15-led-lampen-3-timern-automatischer-sensor-und-led-display-geeignet-fuer-alle-gel\/"]}]},{"@type":"ImageObject","inLanguage":"de","@id":"https:\/\/marktxxl.de\/markt\/produkt\/uv-lampe-fuer-gelnaegel-72-w-professionelle-nagellampe-mit-15-led-lampen-3-timern-automatischer-sensor-und-led-display-geeignet-fuer-alle-gel\/#primaryimage","url":"https:\/\/m.media-amazon.com\/images\/I\/31oArpIrj9L._SL500_.jpg","contentUrl":"https:\/\/m.media-amazon.com\/images\/I\/31oArpIrj9L._SL500_.jpg","width":500,"height":500},{"@type":"BreadcrumbList","@id":"https:\/\/marktxxl.de\/markt\/produkt\/uv-lampe-fuer-gelnaegel-72-w-professionelle-nagellampe-mit-15-led-lampen-3-timern-automatischer-sensor-und-led-display-geeignet-fuer-alle-gel\/#breadcrumb","itemListElement":[{"@type":"ListItem","position":1,"name":"Startseite","item":"https:\/\/marktxxl.de\/markt\/"},{"@type":"ListItem","position":2,"name":"Markt","item":"https:\/\/marktxxl.de\/markt\/"},{"@type":"ListItem","position":3,"name":"UV Lampe f\u00fcr Geln\u00e4gel, 72W Professionelle Nagellampe mit 15 LED Lampen, 3 Timern, Automatischer Sensor und LED-Display\u2026"}]},{"@type":"WebSite","@id":"https:\/\/marktxxl.de\/markt\/#website","url":"https:\/\/marktxxl.de\/markt\/","name":"Markt-XXL","description":"Ihr Markt Online","publisher":{"@id":"https:\/\/marktxxl.de\/markt\/#organization"},"potentialAction":[{"@type":"SearchAction","target":{"@type":"EntryPoint","urlTemplate":"https:\/\/marktxxl.de\/markt\/?s={search_term_string}"},"query-input":{"@type":"PropertyValueSpecification","valueRequired":true,"valueName":"search_term_string"}}],"inLanguage":"de"},{"@type":"Organization","@id":"https:\/\/marktxxl.de\/markt\/#organization","name":"Markt-XXL","url":"https:\/\/marktxxl.de\/markt\/","logo":{"@type":"ImageObject","inLanguage":"de","@id":"https:\/\/marktxxl.de\/markt\/#\/schema\/logo\/image\/","url":"https:\/\/marktxxl.de\/markt\/wp-content\/uploads\/sites\/3\/2020\/12\/logo.png","contentUrl":"https:\/\/marktxxl.de\/markt\/wp-content\/uploads\/sites\/3\/2020\/12\/logo.png","width":200,"height":70,"caption":"Markt-XXL"},"image":{"@id":"https:\/\/marktxxl.de\/markt\/#\/schema\/logo\/image\/"}}]}},"_links":{"self":[{"href":"https:\/\/marktxxl.de\/markt\/wp-json\/wp\/v2\/product\/111520","targetHints":{"allow":["GET"]}}],"collection":[{"href":"https:\/\/marktxxl.de\/markt\/wp-json\/wp\/v2\/product"}],"about":[{"href":"https:\/\/marktxxl.de\/markt\/wp-json\/wp\/v2\/types\/product"}],"replies":[{"embeddable":true,"href":"https:\/\/marktxxl.de\/markt\/wp-json\/wp\/v2\/comments?post=111520"}],"wp:featuredmedia":[{"embeddable":true,"href":"https:\/\/marktxxl.de\/markt\/wp-json\/wp\/v2\/media\/111521"}],"wp:attachment":[{"href":"https:\/\/marktxxl.de\/markt\/wp-json\/wp\/v2\/media?parent=111520"}],"wp:term":[{"taxonomy":"product_brand","embeddable":true,"href":"https:\/\/marktxxl.de\/markt\/wp-json\/wp\/v2\/product_brand?post=111520"},{"taxonomy":"product_cat","embeddable":true,"href":"https:\/\/marktxxl.de\/markt\/wp-json\/wp\/v2\/product_cat?post=111520"},{"taxonomy":"product_tag","embeddable":true,"href":"https:\/\/marktxxl.de\/markt\/wp-json\/wp\/v2\/product_tag?post=111520"}],"curies":[{"name":"wp","href":"https:\/\/api.w.org\/{rel}","templated":true}]}}