{"id":111041,"date":"2022-02-26T23:33:53","date_gmt":"2022-02-26T22:33:53","guid":{"rendered":"https:\/\/marktxxl.de\/markt\/produkt\/minecraft-schlafanzug-jungen-pyjama-set-langarm-aus-baumwolle-mit-creeper-design\/"},"modified":"2023-04-10T03:37:12","modified_gmt":"2023-04-10T01:37:12","slug":"minecraft-schlafanzug-jungen-pyjama-set-langarm-aus-baumwolle-mit-creeper-design","status":"publish","type":"product","link":"https:\/\/marktxxl.de\/markt\/produkt\/minecraft-schlafanzug-jungen-pyjama-set-langarm-aus-baumwolle-mit-creeper-design\/","title":{"rendered":"Minecraft Schlafanzug Jungen Pyjama Set Langarm aus Baumwolle mit Creeper Design"},"content":{"rendered":"<p>MINECRAFT PYJAMA JUNGEN SET: Das offizielle Schlafanzug Kinder Jungen Set von Minecraft besteht aus einem lang\u00e4rmeligen Oberteil mit Creeper Minecraft Motiv und einer passenden, langen Schlafanzughose mit elastischem Bund. Der Baumwoll Jungen Schlafanzug ist ein tolles Gamer Geschenk f\u00fcr begeisterte Minecraft Fans<br \/>\nVERF\u00dcGBARE GR\u00d6SSEN: Das Kinder Schlafanzug Jungen Set ist erh\u00e4ltlich in verschiedenen Gr\u00f6\u00dfen f\u00fcr Jungs im Alter von 5 bis 14 Jahren<br \/>\nOFFIZIELLES MINECRAFT MERCH: Unser Schlafanzug f\u00fcr Kinder ist ein lizenzierter Minecraft Fanartikel der offiziellen Minecraft Merchandise Kollektion. Bei originalem Gaming Merchandise k\u00f6nnen Sie sich auf eine hervorragende Qualit\u00e4t und authentische Motive verlassen<br \/>\n100% BAUMWOLLE: Das Pyjama Kinder Junge Set ist aus sanfter 100% Baumwolle gefertigt und somit atmungsaktiv, hautfreundlich, kuschelig-weich und pflegeleicht<br \/>\nMINECRAFT GESCHENKE F\u00dcR JUNGS: Suchen Sie nach einem tollen Zocker Geschenk f\u00fcr einen begeisterten Minecraft Fan? Dann sollten Sie sich dieses coole Kinder Pyjama Jungen Set nicht entgehen lassen. Unsere Kinderschlafanz\u00fcge f\u00fcr Jungs eignen sich hervorragend als Geschenk zum Geburtstag oder zu Weihnachten<br \/>\n<div class=\"main-cross-sell\" data-asin=\"B07ZYBZVW9\">\n\n\t<div class=\"WooZone-cross-sell-loader\">\n\t\t<div>\n\t\t\t<div id=\"floatingBarsG\">\n\t\t\t\t<div class=\"blockG\" id=\"rotateG_01\"><\/div>\n\t\t\t\t<div class=\"blockG\" id=\"rotateG_02\"><\/div>\n\t\t\t\t<div class=\"blockG\" id=\"rotateG_03\"><\/div>\n\t\t\t\t<div class=\"blockG\" id=\"rotateG_04\"><\/div>\n\t\t\t\t<div class=\"blockG\" id=\"rotateG_05\"><\/div>\n\t\t\t\t<div class=\"blockG\" id=\"rotateG_06\"><\/div>\n\t\t\t\t<div class=\"blockG\" id=\"rotateG_07\"><\/div>\n\t\t\t\t<div class=\"blockG\" id=\"rotateG_08\"><\/div>\n\t\t\t<\/div>\n\t\t\t<div class=\"WooZone-cross-sell-loader-text\"><\/div>\n\t\t<\/div>\n\t<\/div>\n\n\t\t\n<\/div>\n<div style=\"clear:both;\"><\/div><\/p>\n","protected":false},"excerpt":{"rendered":"<p>MINECRAFT PYJAMA JUNGEN SET: Das offizielle Schlafanzug Kinder Jungen Set von Minecraft besteht aus einem lang\u00e4rmeligen Oberteil mit Creeper Minecraft Motiv und einer passenden, langen Schlafanzughose mit elastischem Bund. Der Baumwoll Jungen Schlafanzug ist ein tolles Gamer Geschenk f\u00fcr begeisterte Minecraft Fans<br \/>\nVERF\u00dcGBARE GR\u00d6SSEN: Das Kinder Schlafanzug Jungen Set ist erh\u00e4ltlich in verschiedenen Gr\u00f6\u00dfen f\u00fcr Jungs im Alter von 5 bis 14 Jahren<br \/>\nOFFIZIELLES MINECRAFT MERCH: Unser Schlafanzug f\u00fcr Kinder ist ein lizenzierter Minecraft Fanartikel der offiziellen Minecraft Merchandise Kollektion. Bei originalem Gaming Merchandise k\u00f6nnen Sie sich auf eine hervorragende Qualit\u00e4t und authentische Motive verlassen<\/p>\n","protected":false},"featured_media":111042,"comment_status":"open","ping_status":"closed","template":"","meta":[],"product_brand":[],"product_cat":[1186,4034],"product_tag":[],"class_list":{"0":"post-111041","1":"product","2":"type-product","3":"status-publish","4":"has-post-thumbnail","6":"product_cat-bekleidung","7":"product_cat-jungen","8":"pa_binding-textilien","9":"pa_brand-minecraft","10":"pa_color-schwarz","12":"first","13":"instock","14":"shipping-taxable","15":"purchasable","16":"product-type-simple","17":"customify-col","18":"product-has-gallery"},"yoast_head":"<!-- This site is optimized with the Yoast SEO plugin v27.3 - https:\/\/yoast.com\/product\/yoast-seo-wordpress\/ -->\n<title>Minecraft Schlafanzug Jungen Pyjama Set Langarm aus Baumwolle mit Creeper Design - Markt-XXL<\/title>\n<meta name=\"description\" content=\"Markt-XXL Minecraft Schlafanzug Jungen Pyjama Set Langarm aus Baumwolle mit Creeper Design\" \/>\n<meta name=\"robots\" content=\"index, follow, max-snippet:-1, max-image-preview:large, max-video-preview:-1\" \/>\n<link rel=\"canonical\" href=\"https:\/\/marktxxl.de\/markt\/produkt\/minecraft-schlafanzug-jungen-pyjama-set-langarm-aus-baumwolle-mit-creeper-design\/\" \/>\n<meta property=\"og:locale\" content=\"de_DE\" \/>\n<meta property=\"og:type\" content=\"article\" \/>\n<meta property=\"og:title\" content=\"Minecraft Schlafanzug Jungen Pyjama Set Langarm aus Baumwolle mit Creeper Design - Markt-XXL\" \/>\n<meta property=\"og:description\" content=\"Markt-XXL Minecraft Schlafanzug Jungen Pyjama Set Langarm aus Baumwolle mit Creeper Design\" \/>\n<meta property=\"og:url\" content=\"https:\/\/marktxxl.de\/markt\/produkt\/minecraft-schlafanzug-jungen-pyjama-set-langarm-aus-baumwolle-mit-creeper-design\/\" \/>\n<meta property=\"og:site_name\" content=\"Markt-XXL\" \/>\n<meta property=\"article:modified_time\" content=\"2023-04-10T01:37:12+00:00\" \/>\n<meta property=\"og:image\" content=\"https:\/\/m.media-amazon.com\/images\/I\/41cIedCqFVL._SL500_.jpg\" \/>\n\t<meta property=\"og:image:width\" content=\"371\" \/>\n\t<meta property=\"og:image:height\" content=\"500\" \/>\n\t<meta property=\"og:image:type\" content=\"image\/jpeg\" \/>\n<meta name=\"twitter:card\" content=\"summary_large_image\" \/>\n<meta name=\"twitter:label1\" content=\"Gesch\u00e4tzte Lesezeit\" \/>\n\t<meta name=\"twitter:data1\" content=\"1\u00a0Minute\" \/>\n<script type=\"application\/ld+json\" class=\"yoast-schema-graph\">{\"@context\":\"https:\\\/\\\/schema.org\",\"@graph\":[{\"@type\":\"WebPage\",\"@id\":\"https:\\\/\\\/marktxxl.de\\\/markt\\\/produkt\\\/minecraft-schlafanzug-jungen-pyjama-set-langarm-aus-baumwolle-mit-creeper-design\\\/\",\"url\":\"https:\\\/\\\/marktxxl.de\\\/markt\\\/produkt\\\/minecraft-schlafanzug-jungen-pyjama-set-langarm-aus-baumwolle-mit-creeper-design\\\/\",\"name\":\"Minecraft Schlafanzug Jungen Pyjama Set Langarm aus Baumwolle mit Creeper Design - Markt-XXL\",\"isPartOf\":{\"@id\":\"https:\\\/\\\/marktxxl.de\\\/markt\\\/#website\"},\"primaryImageOfPage\":{\"@id\":\"https:\\\/\\\/marktxxl.de\\\/markt\\\/produkt\\\/minecraft-schlafanzug-jungen-pyjama-set-langarm-aus-baumwolle-mit-creeper-design\\\/#primaryimage\"},\"image\":{\"@id\":\"https:\\\/\\\/marktxxl.de\\\/markt\\\/produkt\\\/minecraft-schlafanzug-jungen-pyjama-set-langarm-aus-baumwolle-mit-creeper-design\\\/#primaryimage\"},\"thumbnailUrl\":\"https:\\\/\\\/m.media-amazon.com\\\/images\\\/I\\\/41cIedCqFVL._SL500_.jpg\",\"datePublished\":\"2022-02-26T22:33:53+00:00\",\"dateModified\":\"2023-04-10T01:37:12+00:00\",\"description\":\"Markt-XXL Minecraft Schlafanzug Jungen Pyjama Set Langarm aus Baumwolle mit Creeper Design\",\"breadcrumb\":{\"@id\":\"https:\\\/\\\/marktxxl.de\\\/markt\\\/produkt\\\/minecraft-schlafanzug-jungen-pyjama-set-langarm-aus-baumwolle-mit-creeper-design\\\/#breadcrumb\"},\"inLanguage\":\"de\",\"potentialAction\":[{\"@type\":\"ReadAction\",\"target\":[\"https:\\\/\\\/marktxxl.de\\\/markt\\\/produkt\\\/minecraft-schlafanzug-jungen-pyjama-set-langarm-aus-baumwolle-mit-creeper-design\\\/\"]}]},{\"@type\":\"ImageObject\",\"inLanguage\":\"de\",\"@id\":\"https:\\\/\\\/marktxxl.de\\\/markt\\\/produkt\\\/minecraft-schlafanzug-jungen-pyjama-set-langarm-aus-baumwolle-mit-creeper-design\\\/#primaryimage\",\"url\":\"https:\\\/\\\/m.media-amazon.com\\\/images\\\/I\\\/41cIedCqFVL._SL500_.jpg\",\"contentUrl\":\"https:\\\/\\\/m.media-amazon.com\\\/images\\\/I\\\/41cIedCqFVL._SL500_.jpg\",\"width\":371,\"height\":500},{\"@type\":\"BreadcrumbList\",\"@id\":\"https:\\\/\\\/marktxxl.de\\\/markt\\\/produkt\\\/minecraft-schlafanzug-jungen-pyjama-set-langarm-aus-baumwolle-mit-creeper-design\\\/#breadcrumb\",\"itemListElement\":[{\"@type\":\"ListItem\",\"position\":1,\"name\":\"Startseite\",\"item\":\"https:\\\/\\\/marktxxl.de\\\/markt\\\/\"},{\"@type\":\"ListItem\",\"position\":2,\"name\":\"Markt\",\"item\":\"https:\\\/\\\/marktxxl.de\\\/markt\\\/\"},{\"@type\":\"ListItem\",\"position\":3,\"name\":\"Minecraft Schlafanzug Jungen Pyjama Set Langarm aus Baumwolle mit Creeper Design\"}]},{\"@type\":\"WebSite\",\"@id\":\"https:\\\/\\\/marktxxl.de\\\/markt\\\/#website\",\"url\":\"https:\\\/\\\/marktxxl.de\\\/markt\\\/\",\"name\":\"Markt-XXL\",\"description\":\"Ihr Markt Online\",\"publisher\":{\"@id\":\"https:\\\/\\\/marktxxl.de\\\/markt\\\/#organization\"},\"potentialAction\":[{\"@type\":\"SearchAction\",\"target\":{\"@type\":\"EntryPoint\",\"urlTemplate\":\"https:\\\/\\\/marktxxl.de\\\/markt\\\/?s={search_term_string}\"},\"query-input\":{\"@type\":\"PropertyValueSpecification\",\"valueRequired\":true,\"valueName\":\"search_term_string\"}}],\"inLanguage\":\"de\"},{\"@type\":\"Organization\",\"@id\":\"https:\\\/\\\/marktxxl.de\\\/markt\\\/#organization\",\"name\":\"Markt-XXL\",\"url\":\"https:\\\/\\\/marktxxl.de\\\/markt\\\/\",\"logo\":{\"@type\":\"ImageObject\",\"inLanguage\":\"de\",\"@id\":\"https:\\\/\\\/marktxxl.de\\\/markt\\\/#\\\/schema\\\/logo\\\/image\\\/\",\"url\":\"https:\\\/\\\/marktxxl.de\\\/markt\\\/wp-content\\\/uploads\\\/sites\\\/3\\\/2020\\\/12\\\/logo.png\",\"contentUrl\":\"https:\\\/\\\/marktxxl.de\\\/markt\\\/wp-content\\\/uploads\\\/sites\\\/3\\\/2020\\\/12\\\/logo.png\",\"width\":200,\"height\":70,\"caption\":\"Markt-XXL\"},\"image\":{\"@id\":\"https:\\\/\\\/marktxxl.de\\\/markt\\\/#\\\/schema\\\/logo\\\/image\\\/\"}}]}<\/script>\n<!-- \/ Yoast SEO plugin. -->","yoast_head_json":{"title":"Minecraft Schlafanzug Jungen Pyjama Set Langarm aus Baumwolle mit Creeper Design - Markt-XXL","description":"Markt-XXL Minecraft Schlafanzug Jungen Pyjama Set Langarm aus Baumwolle mit Creeper Design","robots":{"index":"index","follow":"follow","max-snippet":"max-snippet:-1","max-image-preview":"max-image-preview:large","max-video-preview":"max-video-preview:-1"},"canonical":"https:\/\/marktxxl.de\/markt\/produkt\/minecraft-schlafanzug-jungen-pyjama-set-langarm-aus-baumwolle-mit-creeper-design\/","og_locale":"de_DE","og_type":"article","og_title":"Minecraft Schlafanzug Jungen Pyjama Set Langarm aus Baumwolle mit Creeper Design - Markt-XXL","og_description":"Markt-XXL Minecraft Schlafanzug Jungen Pyjama Set Langarm aus Baumwolle mit Creeper Design","og_url":"https:\/\/marktxxl.de\/markt\/produkt\/minecraft-schlafanzug-jungen-pyjama-set-langarm-aus-baumwolle-mit-creeper-design\/","og_site_name":"Markt-XXL","article_modified_time":"2023-04-10T01:37:12+00:00","og_image":[{"width":371,"height":500,"url":"https:\/\/m.media-amazon.com\/images\/I\/41cIedCqFVL._SL500_.jpg","type":"image\/jpeg"}],"twitter_card":"summary_large_image","twitter_misc":{"Gesch\u00e4tzte Lesezeit":"1\u00a0Minute"},"schema":{"@context":"https:\/\/schema.org","@graph":[{"@type":"WebPage","@id":"https:\/\/marktxxl.de\/markt\/produkt\/minecraft-schlafanzug-jungen-pyjama-set-langarm-aus-baumwolle-mit-creeper-design\/","url":"https:\/\/marktxxl.de\/markt\/produkt\/minecraft-schlafanzug-jungen-pyjama-set-langarm-aus-baumwolle-mit-creeper-design\/","name":"Minecraft Schlafanzug Jungen Pyjama Set Langarm aus Baumwolle mit Creeper Design - Markt-XXL","isPartOf":{"@id":"https:\/\/marktxxl.de\/markt\/#website"},"primaryImageOfPage":{"@id":"https:\/\/marktxxl.de\/markt\/produkt\/minecraft-schlafanzug-jungen-pyjama-set-langarm-aus-baumwolle-mit-creeper-design\/#primaryimage"},"image":{"@id":"https:\/\/marktxxl.de\/markt\/produkt\/minecraft-schlafanzug-jungen-pyjama-set-langarm-aus-baumwolle-mit-creeper-design\/#primaryimage"},"thumbnailUrl":"https:\/\/m.media-amazon.com\/images\/I\/41cIedCqFVL._SL500_.jpg","datePublished":"2022-02-26T22:33:53+00:00","dateModified":"2023-04-10T01:37:12+00:00","description":"Markt-XXL Minecraft Schlafanzug Jungen Pyjama Set Langarm aus Baumwolle mit Creeper Design","breadcrumb":{"@id":"https:\/\/marktxxl.de\/markt\/produkt\/minecraft-schlafanzug-jungen-pyjama-set-langarm-aus-baumwolle-mit-creeper-design\/#breadcrumb"},"inLanguage":"de","potentialAction":[{"@type":"ReadAction","target":["https:\/\/marktxxl.de\/markt\/produkt\/minecraft-schlafanzug-jungen-pyjama-set-langarm-aus-baumwolle-mit-creeper-design\/"]}]},{"@type":"ImageObject","inLanguage":"de","@id":"https:\/\/marktxxl.de\/markt\/produkt\/minecraft-schlafanzug-jungen-pyjama-set-langarm-aus-baumwolle-mit-creeper-design\/#primaryimage","url":"https:\/\/m.media-amazon.com\/images\/I\/41cIedCqFVL._SL500_.jpg","contentUrl":"https:\/\/m.media-amazon.com\/images\/I\/41cIedCqFVL._SL500_.jpg","width":371,"height":500},{"@type":"BreadcrumbList","@id":"https:\/\/marktxxl.de\/markt\/produkt\/minecraft-schlafanzug-jungen-pyjama-set-langarm-aus-baumwolle-mit-creeper-design\/#breadcrumb","itemListElement":[{"@type":"ListItem","position":1,"name":"Startseite","item":"https:\/\/marktxxl.de\/markt\/"},{"@type":"ListItem","position":2,"name":"Markt","item":"https:\/\/marktxxl.de\/markt\/"},{"@type":"ListItem","position":3,"name":"Minecraft Schlafanzug Jungen Pyjama Set Langarm aus Baumwolle mit Creeper Design"}]},{"@type":"WebSite","@id":"https:\/\/marktxxl.de\/markt\/#website","url":"https:\/\/marktxxl.de\/markt\/","name":"Markt-XXL","description":"Ihr Markt Online","publisher":{"@id":"https:\/\/marktxxl.de\/markt\/#organization"},"potentialAction":[{"@type":"SearchAction","target":{"@type":"EntryPoint","urlTemplate":"https:\/\/marktxxl.de\/markt\/?s={search_term_string}"},"query-input":{"@type":"PropertyValueSpecification","valueRequired":true,"valueName":"search_term_string"}}],"inLanguage":"de"},{"@type":"Organization","@id":"https:\/\/marktxxl.de\/markt\/#organization","name":"Markt-XXL","url":"https:\/\/marktxxl.de\/markt\/","logo":{"@type":"ImageObject","inLanguage":"de","@id":"https:\/\/marktxxl.de\/markt\/#\/schema\/logo\/image\/","url":"https:\/\/marktxxl.de\/markt\/wp-content\/uploads\/sites\/3\/2020\/12\/logo.png","contentUrl":"https:\/\/marktxxl.de\/markt\/wp-content\/uploads\/sites\/3\/2020\/12\/logo.png","width":200,"height":70,"caption":"Markt-XXL"},"image":{"@id":"https:\/\/marktxxl.de\/markt\/#\/schema\/logo\/image\/"}}]}},"_links":{"self":[{"href":"https:\/\/marktxxl.de\/markt\/wp-json\/wp\/v2\/product\/111041","targetHints":{"allow":["GET"]}}],"collection":[{"href":"https:\/\/marktxxl.de\/markt\/wp-json\/wp\/v2\/product"}],"about":[{"href":"https:\/\/marktxxl.de\/markt\/wp-json\/wp\/v2\/types\/product"}],"replies":[{"embeddable":true,"href":"https:\/\/marktxxl.de\/markt\/wp-json\/wp\/v2\/comments?post=111041"}],"wp:featuredmedia":[{"embeddable":true,"href":"https:\/\/marktxxl.de\/markt\/wp-json\/wp\/v2\/media\/111042"}],"wp:attachment":[{"href":"https:\/\/marktxxl.de\/markt\/wp-json\/wp\/v2\/media?parent=111041"}],"wp:term":[{"taxonomy":"product_brand","embeddable":true,"href":"https:\/\/marktxxl.de\/markt\/wp-json\/wp\/v2\/product_brand?post=111041"},{"taxonomy":"product_cat","embeddable":true,"href":"https:\/\/marktxxl.de\/markt\/wp-json\/wp\/v2\/product_cat?post=111041"},{"taxonomy":"product_tag","embeddable":true,"href":"https:\/\/marktxxl.de\/markt\/wp-json\/wp\/v2\/product_tag?post=111041"}],"curies":[{"name":"wp","href":"https:\/\/api.w.org\/{rel}","templated":true}]}}