{"id":110943,"date":"2022-02-26T23:30:40","date_gmt":"2022-02-26T22:30:40","guid":{"rendered":"https:\/\/marktxxl.de\/markt\/produkt\/12-stuecke-nagelfeilen-set-fandamei-doppelseitige-nagelfeile-100-180-nagel-buffer-block-nagelhautschieber-eckenheber-nagelzangen-nagelknipser-nagelbuerste-manikuere-pedikuere-set\/"},"modified":"2023-04-10T03:37:11","modified_gmt":"2023-04-10T01:37:11","slug":"12-stuecke-nagelfeilen-set-fandamei-doppelseitige-nagelfeile-100-180-nagel-buffer-block-nagelhautschieber-eckenheber-nagelzangen-nagelknipser-nagelbuerste-manikuere-pedikuere-set","status":"publish","type":"product","link":"https:\/\/marktxxl.de\/markt\/produkt\/12-stuecke-nagelfeilen-set-fandamei-doppelseitige-nagelfeile-100-180-nagel-buffer-block-nagelhautschieber-eckenheber-nagelzangen-nagelknipser-nagelbuerste-manikuere-pedikuere-set\/","title":{"rendered":"12 St\u00fccke Nagelfeilen Set, FANDAMEI Doppelseitige Nagelfeile 100\/180 Nagel Buffer Block Nagelhautschieber Eckenheber\u2026"},"content":{"rendered":"<p>\u3010Professionelle Manik\u00fcre &amp; Pedik\u00fcre Set\u3011-Lieferumfang: 3 Stk. Nagelfeilen 100\/180, 2 Stk. Polierfeilen, 1 Stk. Nagel Buffer Block, 1 Stk. Nagelhautschieber, 1 Stk. dreieckige Nagelhautsch\u00e4ler, 1 Stk. Nagelfeile aus Edelstahl, 1 Stk. Eckenheber, 1 Stk. Nagelzange, 1 Stk. Nagelb\u00fcrste\uff5cWir bieten eine sehr gro\u00dfe Auswahl an professionellen, praktischen und haltbaren Manik\u00fcre &amp; Pedik\u00fcre Set an, um Ihre Bed\u00fcrfnisse zu erf\u00fcllen!<br \/>\n\u3010Praktische Werkzeuge zum Feilen und Polieren\u3011-Die Nagelfeile mit einer K\u00f6rnung von 100\/180 verf\u00fcgen \u00fcber den Kunststoffkern und hochwertigen Sandblatt f\u00fcr ein exaktes Feilen an den Nagelr\u00e4ndern und zum Entfernen von Modellierresten im Nagelfalz, eignen sich f\u00fcr die nat\u00fcrlichen und Acryln\u00e4geln. Der Buffer und Polierfeilen haben eine raue Maserung, die die L\u00e4nge Ihres Nagels k\u00fcrzen und Ihre N\u00e4gel polieren kann. Die kleine Nagelb\u00fcrste kann helfen, die R\u00fcckst\u00e4nde leicht von den N\u00e4geln zu b\u00fcrsten.<br \/>\n\u3010Perfektes Nagelpflege Set\u3011-Der doppelseitige Nagelhautschieber verf\u00fcgt \u00fcber eine l\u00f6ffelf\u00f6rmige Spitze und kleine Spitze, um die zus\u00e4tzliche Nagelhaut auf dem Nagel und den Schmutz von der Unterseite der Nagelspitze zu entfernen. Das spezielle dreieckige Nagelhautsch\u00e4ler kann die abgestorbene Nagelhaut leicht entfernen und auch den Nagellack und das Nagelgel entfernen. Die Nagelzange kann die dicke und tief Nagelhaut der Fu\u00dfn\u00e4gel und Fingern\u00e4gel einfach und nat\u00fcrlich entfernen.<br \/>\n\u3010Eckenheber und Nagelfeile f\u00fcr Pedik\u00fcre\u3011-Der Eckenheber kann die Nagelecken anheben, um Nagelkante leicht zu erreichen und die hartn\u00e4ckige Ablagerungen m\u00fchelos zu entfernen. Die Nagelfeile besteht aus einem geraden Ende f\u00fcr die \u00e4u\u00dfere Oberfl\u00e4che der N\u00e4geln und einem gekr\u00fcmmten Ende zum Feilen der inneren Oberfl\u00e4che und Nagelkante, um die Ecken des Nagels zu trimmen. Sie helfen Ihnen, sich von den Schmerzen und Beschwerden zu befreien, die durch eingewachsene Zehenn\u00e4gel verursacht werden.<br \/>\n\u3010Ein vollst\u00e4ndige Werkzeuge Set f\u00fcr Sie\u3011-Robust und verschlei\u00dffest, waschbar und mehrfach wiederverwendbar. Langlebige Profi Werkzeugset in h\u00f6chster Nagelsalon Qualit\u00e4t, die zur Manik\u00fcre &amp; Pedik\u00fcre in Ihrem Nagelstudio oder zu Hause geeignet sind.<br \/>\n<div class=\"main-cross-sell\" data-asin=\"B08TGJWH8J\">\n\n\t<div class=\"WooZone-cross-sell-loader\">\n\t\t<div>\n\t\t\t<div id=\"floatingBarsG\">\n\t\t\t\t<div class=\"blockG\" id=\"rotateG_01\"><\/div>\n\t\t\t\t<div class=\"blockG\" id=\"rotateG_02\"><\/div>\n\t\t\t\t<div class=\"blockG\" id=\"rotateG_03\"><\/div>\n\t\t\t\t<div class=\"blockG\" id=\"rotateG_04\"><\/div>\n\t\t\t\t<div class=\"blockG\" id=\"rotateG_05\"><\/div>\n\t\t\t\t<div class=\"blockG\" id=\"rotateG_06\"><\/div>\n\t\t\t\t<div class=\"blockG\" id=\"rotateG_07\"><\/div>\n\t\t\t\t<div class=\"blockG\" id=\"rotateG_08\"><\/div>\n\t\t\t<\/div>\n\t\t\t<div class=\"WooZone-cross-sell-loader-text\"><\/div>\n\t\t<\/div>\n\t<\/div>\n\n\t\t\n<\/div>\n<div style=\"clear:both;\"><\/div><\/p>\n","protected":false},"excerpt":{"rendered":"<p>\u3010Professionelle Manik\u00fcre &amp; Pedik\u00fcre Set\u3011-Lieferumfang: 3 Stk. Nagelfeilen 100\/180, 2 Stk. Polierfeilen, 1 Stk. Nagel Buffer Block, 1 Stk. Nagelhautschieber, 1 Stk. dreieckige Nagelhautsch\u00e4ler, 1 Stk. Nagelfeile aus Edelstahl, 1 Stk. Eckenheber, 1 Stk. Nagelzange, 1 Stk. Nagelb\u00fcrste\uff5cWir bieten eine sehr gro\u00dfe Auswahl an professionellen, praktischen und haltbaren Manik\u00fcre &amp; Pedik\u00fcre Set an, um Ihre Bed\u00fcrfnisse zu erf\u00fcllen!<br \/>\n\u3010Praktische Werkzeuge zum Feilen und Polieren\u3011-Die Nagelfeile mit einer K\u00f6rnung von 100\/180 verf\u00fcgen \u00fcber den Kunststoffkern und hochwertigen Sandblatt f\u00fcr ein exaktes Feilen an den Nagelr\u00e4ndern und zum Entfernen von Modellierresten im Nagelfalz, eignen sich f\u00fcr die nat\u00fcrlichen und Acryln\u00e4geln. Der Buffer und Polierfeilen haben eine raue Maserung, die die L\u00e4nge Ihres Nagels k\u00fcrzen und Ihre N\u00e4gel polieren kann. Die kleine Nagelb\u00fcrste kann helfen, die R\u00fcckst\u00e4nde leicht von den N\u00e4geln zu b\u00fcrsten.<br \/>\n\u3010Perfektes Nagelpflege Set\u3011-Der doppelseitige Nagelhautschieber verf\u00fcgt \u00fcber eine l\u00f6ffelf\u00f6rmige Spitze und kleine Spitze, um die zus\u00e4tzliche Nagelhaut auf dem Nagel und den Schmutz von der Unterseite der Nagelspitze zu entfernen. Das spezielle dreieckige Nagelhautsch\u00e4ler kann die abgestorbene Nagelhaut leicht entfernen und auch den Nagellack und das Nagelgel entfernen. Die Nagelzange kann die dicke und tief Nagelhaut der Fu\u00dfn\u00e4gel und Fingern\u00e4gel einfach und nat\u00fcrlich entfernen.<\/p>\n","protected":false},"featured_media":110944,"comment_status":"open","ping_status":"closed","template":"","meta":[],"product_brand":[],"product_cat":[2858,7659],"product_tag":[],"class_list":{"0":"post-110943","1":"product","2":"type-product","3":"status-publish","4":"has-post-thumbnail","6":"product_cat-beauty","7":"product_cat-manikuere-pedikuere","8":"pa_brand-fandamei","9":"pa_manufacturer-fandamei","11":"first","12":"instock","13":"shipping-taxable","14":"purchasable","15":"product-type-simple","16":"customify-col","17":"product-has-gallery"},"yoast_head":"<!-- This site is optimized with the Yoast SEO plugin v27.4 - https:\/\/yoast.com\/product\/yoast-seo-wordpress\/ -->\n<title>12 St\u00fccke Nagelfeilen Set, FANDAMEI Doppelseitige Nagelfeile 100\/180 Nagel Buffer Block Nagelhautschieber Eckenheber\u2026 - Markt-XXL<\/title>\n<meta name=\"description\" content=\"Markt-XXL 12 St\u00fccke Nagelfeilen Set, FANDAMEI Doppelseitige Nagelfeile 100\/180 Nagel Buffer Block Nagelhautschieber Eckenheber\u2026\" \/>\n<meta name=\"robots\" content=\"index, follow, max-snippet:-1, max-image-preview:large, max-video-preview:-1\" \/>\n<link rel=\"canonical\" href=\"https:\/\/marktxxl.de\/markt\/produkt\/12-stuecke-nagelfeilen-set-fandamei-doppelseitige-nagelfeile-100-180-nagel-buffer-block-nagelhautschieber-eckenheber-nagelzangen-nagelknipser-nagelbuerste-manikuere-pedikuere-set\/\" \/>\n<meta property=\"og:locale\" content=\"de_DE\" \/>\n<meta property=\"og:type\" content=\"article\" \/>\n<meta property=\"og:title\" content=\"12 St\u00fccke Nagelfeilen Set, FANDAMEI Doppelseitige Nagelfeile 100\/180 Nagel Buffer Block Nagelhautschieber Eckenheber\u2026 - Markt-XXL\" \/>\n<meta property=\"og:description\" content=\"Markt-XXL 12 St\u00fccke Nagelfeilen Set, FANDAMEI Doppelseitige Nagelfeile 100\/180 Nagel Buffer Block Nagelhautschieber Eckenheber\u2026\" \/>\n<meta property=\"og:url\" content=\"https:\/\/marktxxl.de\/markt\/produkt\/12-stuecke-nagelfeilen-set-fandamei-doppelseitige-nagelfeile-100-180-nagel-buffer-block-nagelhautschieber-eckenheber-nagelzangen-nagelknipser-nagelbuerste-manikuere-pedikuere-set\/\" \/>\n<meta property=\"og:site_name\" content=\"Markt-XXL\" \/>\n<meta property=\"article:modified_time\" content=\"2023-04-10T01:37:11+00:00\" \/>\n<meta property=\"og:image\" content=\"https:\/\/m.media-amazon.com\/images\/I\/51dNnwPeCHL._SL500_.jpg\" \/>\n\t<meta property=\"og:image:width\" content=\"500\" \/>\n\t<meta property=\"og:image:height\" content=\"500\" \/>\n\t<meta property=\"og:image:type\" content=\"image\/jpeg\" \/>\n<meta name=\"twitter:card\" content=\"summary_large_image\" \/>\n<meta name=\"twitter:label1\" content=\"Gesch\u00e4tzte Lesezeit\" \/>\n\t<meta name=\"twitter:data1\" content=\"2\u00a0Minuten\" \/>\n<script type=\"application\/ld+json\" class=\"yoast-schema-graph\">{\"@context\":\"https:\\\/\\\/schema.org\",\"@graph\":[{\"@type\":\"WebPage\",\"@id\":\"https:\\\/\\\/marktxxl.de\\\/markt\\\/produkt\\\/12-stuecke-nagelfeilen-set-fandamei-doppelseitige-nagelfeile-100-180-nagel-buffer-block-nagelhautschieber-eckenheber-nagelzangen-nagelknipser-nagelbuerste-manikuere-pedikuere-set\\\/\",\"url\":\"https:\\\/\\\/marktxxl.de\\\/markt\\\/produkt\\\/12-stuecke-nagelfeilen-set-fandamei-doppelseitige-nagelfeile-100-180-nagel-buffer-block-nagelhautschieber-eckenheber-nagelzangen-nagelknipser-nagelbuerste-manikuere-pedikuere-set\\\/\",\"name\":\"12 St\u00fccke Nagelfeilen Set, FANDAMEI Doppelseitige Nagelfeile 100\\\/180 Nagel Buffer Block Nagelhautschieber Eckenheber\u2026 - Markt-XXL\",\"isPartOf\":{\"@id\":\"https:\\\/\\\/marktxxl.de\\\/markt\\\/#website\"},\"primaryImageOfPage\":{\"@id\":\"https:\\\/\\\/marktxxl.de\\\/markt\\\/produkt\\\/12-stuecke-nagelfeilen-set-fandamei-doppelseitige-nagelfeile-100-180-nagel-buffer-block-nagelhautschieber-eckenheber-nagelzangen-nagelknipser-nagelbuerste-manikuere-pedikuere-set\\\/#primaryimage\"},\"image\":{\"@id\":\"https:\\\/\\\/marktxxl.de\\\/markt\\\/produkt\\\/12-stuecke-nagelfeilen-set-fandamei-doppelseitige-nagelfeile-100-180-nagel-buffer-block-nagelhautschieber-eckenheber-nagelzangen-nagelknipser-nagelbuerste-manikuere-pedikuere-set\\\/#primaryimage\"},\"thumbnailUrl\":\"https:\\\/\\\/m.media-amazon.com\\\/images\\\/I\\\/51dNnwPeCHL._SL500_.jpg\",\"datePublished\":\"2022-02-26T22:30:40+00:00\",\"dateModified\":\"2023-04-10T01:37:11+00:00\",\"description\":\"Markt-XXL 12 St\u00fccke Nagelfeilen Set, FANDAMEI Doppelseitige Nagelfeile 100\\\/180 Nagel Buffer Block Nagelhautschieber Eckenheber\u2026\",\"breadcrumb\":{\"@id\":\"https:\\\/\\\/marktxxl.de\\\/markt\\\/produkt\\\/12-stuecke-nagelfeilen-set-fandamei-doppelseitige-nagelfeile-100-180-nagel-buffer-block-nagelhautschieber-eckenheber-nagelzangen-nagelknipser-nagelbuerste-manikuere-pedikuere-set\\\/#breadcrumb\"},\"inLanguage\":\"de\",\"potentialAction\":[{\"@type\":\"ReadAction\",\"target\":[\"https:\\\/\\\/marktxxl.de\\\/markt\\\/produkt\\\/12-stuecke-nagelfeilen-set-fandamei-doppelseitige-nagelfeile-100-180-nagel-buffer-block-nagelhautschieber-eckenheber-nagelzangen-nagelknipser-nagelbuerste-manikuere-pedikuere-set\\\/\"]}]},{\"@type\":\"ImageObject\",\"inLanguage\":\"de\",\"@id\":\"https:\\\/\\\/marktxxl.de\\\/markt\\\/produkt\\\/12-stuecke-nagelfeilen-set-fandamei-doppelseitige-nagelfeile-100-180-nagel-buffer-block-nagelhautschieber-eckenheber-nagelzangen-nagelknipser-nagelbuerste-manikuere-pedikuere-set\\\/#primaryimage\",\"url\":\"https:\\\/\\\/m.media-amazon.com\\\/images\\\/I\\\/51dNnwPeCHL._SL500_.jpg\",\"contentUrl\":\"https:\\\/\\\/m.media-amazon.com\\\/images\\\/I\\\/51dNnwPeCHL._SL500_.jpg\",\"width\":500,\"height\":500},{\"@type\":\"BreadcrumbList\",\"@id\":\"https:\\\/\\\/marktxxl.de\\\/markt\\\/produkt\\\/12-stuecke-nagelfeilen-set-fandamei-doppelseitige-nagelfeile-100-180-nagel-buffer-block-nagelhautschieber-eckenheber-nagelzangen-nagelknipser-nagelbuerste-manikuere-pedikuere-set\\\/#breadcrumb\",\"itemListElement\":[{\"@type\":\"ListItem\",\"position\":1,\"name\":\"Startseite\",\"item\":\"https:\\\/\\\/marktxxl.de\\\/markt\\\/\"},{\"@type\":\"ListItem\",\"position\":2,\"name\":\"Markt\",\"item\":\"https:\\\/\\\/marktxxl.de\\\/markt\\\/\"},{\"@type\":\"ListItem\",\"position\":3,\"name\":\"12 St\u00fccke Nagelfeilen Set, FANDAMEI Doppelseitige Nagelfeile 100\\\/180 Nagel Buffer Block Nagelhautschieber Eckenheber\u2026\"}]},{\"@type\":\"WebSite\",\"@id\":\"https:\\\/\\\/marktxxl.de\\\/markt\\\/#website\",\"url\":\"https:\\\/\\\/marktxxl.de\\\/markt\\\/\",\"name\":\"Markt-XXL\",\"description\":\"Ihr Markt Online\",\"publisher\":{\"@id\":\"https:\\\/\\\/marktxxl.de\\\/markt\\\/#organization\"},\"potentialAction\":[{\"@type\":\"SearchAction\",\"target\":{\"@type\":\"EntryPoint\",\"urlTemplate\":\"https:\\\/\\\/marktxxl.de\\\/markt\\\/?s={search_term_string}\"},\"query-input\":{\"@type\":\"PropertyValueSpecification\",\"valueRequired\":true,\"valueName\":\"search_term_string\"}}],\"inLanguage\":\"de\"},{\"@type\":\"Organization\",\"@id\":\"https:\\\/\\\/marktxxl.de\\\/markt\\\/#organization\",\"name\":\"Markt-XXL\",\"url\":\"https:\\\/\\\/marktxxl.de\\\/markt\\\/\",\"logo\":{\"@type\":\"ImageObject\",\"inLanguage\":\"de\",\"@id\":\"https:\\\/\\\/marktxxl.de\\\/markt\\\/#\\\/schema\\\/logo\\\/image\\\/\",\"url\":\"https:\\\/\\\/marktxxl.de\\\/markt\\\/wp-content\\\/uploads\\\/sites\\\/3\\\/2020\\\/12\\\/logo.png\",\"contentUrl\":\"https:\\\/\\\/marktxxl.de\\\/markt\\\/wp-content\\\/uploads\\\/sites\\\/3\\\/2020\\\/12\\\/logo.png\",\"width\":200,\"height\":70,\"caption\":\"Markt-XXL\"},\"image\":{\"@id\":\"https:\\\/\\\/marktxxl.de\\\/markt\\\/#\\\/schema\\\/logo\\\/image\\\/\"}}]}<\/script>\n<!-- \/ Yoast SEO plugin. -->","yoast_head_json":{"title":"12 St\u00fccke Nagelfeilen Set, FANDAMEI Doppelseitige Nagelfeile 100\/180 Nagel Buffer Block Nagelhautschieber Eckenheber\u2026 - Markt-XXL","description":"Markt-XXL 12 St\u00fccke Nagelfeilen Set, FANDAMEI Doppelseitige Nagelfeile 100\/180 Nagel Buffer Block Nagelhautschieber Eckenheber\u2026","robots":{"index":"index","follow":"follow","max-snippet":"max-snippet:-1","max-image-preview":"max-image-preview:large","max-video-preview":"max-video-preview:-1"},"canonical":"https:\/\/marktxxl.de\/markt\/produkt\/12-stuecke-nagelfeilen-set-fandamei-doppelseitige-nagelfeile-100-180-nagel-buffer-block-nagelhautschieber-eckenheber-nagelzangen-nagelknipser-nagelbuerste-manikuere-pedikuere-set\/","og_locale":"de_DE","og_type":"article","og_title":"12 St\u00fccke Nagelfeilen Set, FANDAMEI Doppelseitige Nagelfeile 100\/180 Nagel Buffer Block Nagelhautschieber Eckenheber\u2026 - Markt-XXL","og_description":"Markt-XXL 12 St\u00fccke Nagelfeilen Set, FANDAMEI Doppelseitige Nagelfeile 100\/180 Nagel Buffer Block Nagelhautschieber Eckenheber\u2026","og_url":"https:\/\/marktxxl.de\/markt\/produkt\/12-stuecke-nagelfeilen-set-fandamei-doppelseitige-nagelfeile-100-180-nagel-buffer-block-nagelhautschieber-eckenheber-nagelzangen-nagelknipser-nagelbuerste-manikuere-pedikuere-set\/","og_site_name":"Markt-XXL","article_modified_time":"2023-04-10T01:37:11+00:00","og_image":[{"width":500,"height":500,"url":"https:\/\/m.media-amazon.com\/images\/I\/51dNnwPeCHL._SL500_.jpg","type":"image\/jpeg"}],"twitter_card":"summary_large_image","twitter_misc":{"Gesch\u00e4tzte Lesezeit":"2\u00a0Minuten"},"schema":{"@context":"https:\/\/schema.org","@graph":[{"@type":"WebPage","@id":"https:\/\/marktxxl.de\/markt\/produkt\/12-stuecke-nagelfeilen-set-fandamei-doppelseitige-nagelfeile-100-180-nagel-buffer-block-nagelhautschieber-eckenheber-nagelzangen-nagelknipser-nagelbuerste-manikuere-pedikuere-set\/","url":"https:\/\/marktxxl.de\/markt\/produkt\/12-stuecke-nagelfeilen-set-fandamei-doppelseitige-nagelfeile-100-180-nagel-buffer-block-nagelhautschieber-eckenheber-nagelzangen-nagelknipser-nagelbuerste-manikuere-pedikuere-set\/","name":"12 St\u00fccke Nagelfeilen Set, FANDAMEI Doppelseitige Nagelfeile 100\/180 Nagel Buffer Block Nagelhautschieber Eckenheber\u2026 - Markt-XXL","isPartOf":{"@id":"https:\/\/marktxxl.de\/markt\/#website"},"primaryImageOfPage":{"@id":"https:\/\/marktxxl.de\/markt\/produkt\/12-stuecke-nagelfeilen-set-fandamei-doppelseitige-nagelfeile-100-180-nagel-buffer-block-nagelhautschieber-eckenheber-nagelzangen-nagelknipser-nagelbuerste-manikuere-pedikuere-set\/#primaryimage"},"image":{"@id":"https:\/\/marktxxl.de\/markt\/produkt\/12-stuecke-nagelfeilen-set-fandamei-doppelseitige-nagelfeile-100-180-nagel-buffer-block-nagelhautschieber-eckenheber-nagelzangen-nagelknipser-nagelbuerste-manikuere-pedikuere-set\/#primaryimage"},"thumbnailUrl":"https:\/\/m.media-amazon.com\/images\/I\/51dNnwPeCHL._SL500_.jpg","datePublished":"2022-02-26T22:30:40+00:00","dateModified":"2023-04-10T01:37:11+00:00","description":"Markt-XXL 12 St\u00fccke Nagelfeilen Set, FANDAMEI Doppelseitige Nagelfeile 100\/180 Nagel Buffer Block Nagelhautschieber Eckenheber\u2026","breadcrumb":{"@id":"https:\/\/marktxxl.de\/markt\/produkt\/12-stuecke-nagelfeilen-set-fandamei-doppelseitige-nagelfeile-100-180-nagel-buffer-block-nagelhautschieber-eckenheber-nagelzangen-nagelknipser-nagelbuerste-manikuere-pedikuere-set\/#breadcrumb"},"inLanguage":"de","potentialAction":[{"@type":"ReadAction","target":["https:\/\/marktxxl.de\/markt\/produkt\/12-stuecke-nagelfeilen-set-fandamei-doppelseitige-nagelfeile-100-180-nagel-buffer-block-nagelhautschieber-eckenheber-nagelzangen-nagelknipser-nagelbuerste-manikuere-pedikuere-set\/"]}]},{"@type":"ImageObject","inLanguage":"de","@id":"https:\/\/marktxxl.de\/markt\/produkt\/12-stuecke-nagelfeilen-set-fandamei-doppelseitige-nagelfeile-100-180-nagel-buffer-block-nagelhautschieber-eckenheber-nagelzangen-nagelknipser-nagelbuerste-manikuere-pedikuere-set\/#primaryimage","url":"https:\/\/m.media-amazon.com\/images\/I\/51dNnwPeCHL._SL500_.jpg","contentUrl":"https:\/\/m.media-amazon.com\/images\/I\/51dNnwPeCHL._SL500_.jpg","width":500,"height":500},{"@type":"BreadcrumbList","@id":"https:\/\/marktxxl.de\/markt\/produkt\/12-stuecke-nagelfeilen-set-fandamei-doppelseitige-nagelfeile-100-180-nagel-buffer-block-nagelhautschieber-eckenheber-nagelzangen-nagelknipser-nagelbuerste-manikuere-pedikuere-set\/#breadcrumb","itemListElement":[{"@type":"ListItem","position":1,"name":"Startseite","item":"https:\/\/marktxxl.de\/markt\/"},{"@type":"ListItem","position":2,"name":"Markt","item":"https:\/\/marktxxl.de\/markt\/"},{"@type":"ListItem","position":3,"name":"12 St\u00fccke Nagelfeilen Set, FANDAMEI Doppelseitige Nagelfeile 100\/180 Nagel Buffer Block Nagelhautschieber Eckenheber\u2026"}]},{"@type":"WebSite","@id":"https:\/\/marktxxl.de\/markt\/#website","url":"https:\/\/marktxxl.de\/markt\/","name":"Markt-XXL","description":"Ihr Markt Online","publisher":{"@id":"https:\/\/marktxxl.de\/markt\/#organization"},"potentialAction":[{"@type":"SearchAction","target":{"@type":"EntryPoint","urlTemplate":"https:\/\/marktxxl.de\/markt\/?s={search_term_string}"},"query-input":{"@type":"PropertyValueSpecification","valueRequired":true,"valueName":"search_term_string"}}],"inLanguage":"de"},{"@type":"Organization","@id":"https:\/\/marktxxl.de\/markt\/#organization","name":"Markt-XXL","url":"https:\/\/marktxxl.de\/markt\/","logo":{"@type":"ImageObject","inLanguage":"de","@id":"https:\/\/marktxxl.de\/markt\/#\/schema\/logo\/image\/","url":"https:\/\/marktxxl.de\/markt\/wp-content\/uploads\/sites\/3\/2020\/12\/logo.png","contentUrl":"https:\/\/marktxxl.de\/markt\/wp-content\/uploads\/sites\/3\/2020\/12\/logo.png","width":200,"height":70,"caption":"Markt-XXL"},"image":{"@id":"https:\/\/marktxxl.de\/markt\/#\/schema\/logo\/image\/"}}]}},"_links":{"self":[{"href":"https:\/\/marktxxl.de\/markt\/wp-json\/wp\/v2\/product\/110943","targetHints":{"allow":["GET"]}}],"collection":[{"href":"https:\/\/marktxxl.de\/markt\/wp-json\/wp\/v2\/product"}],"about":[{"href":"https:\/\/marktxxl.de\/markt\/wp-json\/wp\/v2\/types\/product"}],"replies":[{"embeddable":true,"href":"https:\/\/marktxxl.de\/markt\/wp-json\/wp\/v2\/comments?post=110943"}],"wp:featuredmedia":[{"embeddable":true,"href":"https:\/\/marktxxl.de\/markt\/wp-json\/wp\/v2\/media\/110944"}],"wp:attachment":[{"href":"https:\/\/marktxxl.de\/markt\/wp-json\/wp\/v2\/media?parent=110943"}],"wp:term":[{"taxonomy":"product_brand","embeddable":true,"href":"https:\/\/marktxxl.de\/markt\/wp-json\/wp\/v2\/product_brand?post=110943"},{"taxonomy":"product_cat","embeddable":true,"href":"https:\/\/marktxxl.de\/markt\/wp-json\/wp\/v2\/product_cat?post=110943"},{"taxonomy":"product_tag","embeddable":true,"href":"https:\/\/marktxxl.de\/markt\/wp-json\/wp\/v2\/product_tag?post=110943"}],"curies":[{"name":"wp","href":"https:\/\/api.w.org\/{rel}","templated":true}]}}