{"id":110788,"date":"2022-02-26T23:24:51","date_gmt":"2022-02-26T22:24:51","guid":{"rendered":"https:\/\/marktxxl.de\/markt\/produkt\/columbia-maedchen-arcadia-regenjacke\/"},"modified":"2023-04-06T02:51:05","modified_gmt":"2023-04-06T00:51:05","slug":"columbia-maedchen-arcadia-regenjacke","status":"publish","type":"product","link":"https:\/\/marktxxl.de\/markt\/produkt\/columbia-maedchen-arcadia-regenjacke\/","title":{"rendered":"Columbia M\u00e4dchen Arcadia Regenjacke"},"content":{"rendered":"<p>Fortschrittliche Technologie: Columbia Youth Girls Arcadia Jacke verf\u00fcgt \u00fcber unseren charakteristischen, luftdurchl\u00e4ssigen Schutz, der wasserdicht und atmungsaktiv ist, um Ihr Kind vor Nieselregen bis Regenguss zu sch\u00fctzen.<br \/>\nVerstellbare Funktionen: Diese Jacke verf\u00fcgt \u00fcber eine verstellbare Sturmkapuze, einen verstellbaren Kordelzug und Taschen mit Rei\u00dfverschluss f\u00fcr die H\u00e4nde f\u00fcr ultimativen Komfort.<br \/>\nLeicht und verstaubar: Das wasserdichte, leichte Design l\u00e4sst sich in die Handtasche Ihres Kindes einpacken und bietet Komfort an Tagen, an denen das Wetter unvorhersehbar ist.<br \/>\nStrapazierf\u00e4higes Material: 100% Nylon 2L Gewebe mit einem 100% Polyester-Netzfutter h\u00e4lt Ihr Kind warm, w\u00e4hrend die reflektierenden Details arbeiten, um sie gesehen und sicher zu halten.<br \/>\nOMNI-TECH: Unsere Omni-Tech-Technologie verf\u00fcgt \u00fcber einen luftdurchl\u00e4ssigen Schutz, der wasserdicht und atmungsaktiv ist. Es bietet hervorragenden wasserdichten Schutz, h\u00e4lt die Elemente der Mutter Natur fern, und erm\u00f6glicht gleichzeitig das Innere zu atmen.<br \/>\n<div class=\"main-cross-sell\" data-asin=\"B01A6W6DCU\">\n\n\t<div class=\"WooZone-cross-sell-loader\">\n\t\t<div>\n\t\t\t<div id=\"floatingBarsG\">\n\t\t\t\t<div class=\"blockG\" id=\"rotateG_01\"><\/div>\n\t\t\t\t<div class=\"blockG\" id=\"rotateG_02\"><\/div>\n\t\t\t\t<div class=\"blockG\" id=\"rotateG_03\"><\/div>\n\t\t\t\t<div class=\"blockG\" id=\"rotateG_04\"><\/div>\n\t\t\t\t<div class=\"blockG\" id=\"rotateG_05\"><\/div>\n\t\t\t\t<div class=\"blockG\" id=\"rotateG_06\"><\/div>\n\t\t\t\t<div class=\"blockG\" id=\"rotateG_07\"><\/div>\n\t\t\t\t<div class=\"blockG\" id=\"rotateG_08\"><\/div>\n\t\t\t<\/div>\n\t\t\t<div class=\"WooZone-cross-sell-loader-text\"><\/div>\n\t\t<\/div>\n\t<\/div>\n\n\t\t\n<\/div>\n<div style=\"clear:both;\"><\/div><\/p>\n","protected":false},"excerpt":{"rendered":"<p>Fortschrittliche Technologie: Columbia Youth Girls Arcadia Jacke verf\u00fcgt \u00fcber unseren charakteristischen, luftdurchl\u00e4ssigen Schutz, der wasserdicht und atmungsaktiv ist, um Ihr Kind vor Nieselregen bis Regenguss zu sch\u00fctzen.<br \/>\nVerstellbare Funktionen: Diese Jacke verf\u00fcgt \u00fcber eine verstellbare Sturmkapuze, einen verstellbaren Kordelzug und Taschen mit Rei\u00dfverschluss f\u00fcr die H\u00e4nde f\u00fcr ultimativen Komfort.<br \/>\nLeicht und verstaubar: Das wasserdichte, leichte Design l\u00e4sst sich in die Handtasche Ihres Kindes einpacken und bietet Komfort an Tagen, an denen das Wetter unvorhersehbar ist.<\/p>\n","protected":false},"featured_media":110789,"comment_status":"open","ping_status":"closed","template":"","meta":[],"product_brand":[],"product_cat":[1186,3990],"product_tag":[],"class_list":{"0":"post-110788","1":"product","2":"type-product","3":"status-publish","4":"has-post-thumbnail","6":"product_cat-bekleidung","7":"product_cat-maedchen","8":"pa_binding-sports-apparel","9":"pa_brand-columbia","10":"pa_color-lichterkette","11":"pa_height-3-zoll","12":"pa_length-14-zoll","13":"pa_manufacturer-columbia","14":"pa_model-33075","15":"pa_size-l","16":"pa_width-11-zoll","18":"first","19":"instock","20":"shipping-taxable","21":"purchasable","22":"product-type-simple","23":"customify-col","24":"product-has-gallery"},"yoast_head":"<!-- This site is optimized with the Yoast SEO plugin v27.4 - https:\/\/yoast.com\/product\/yoast-seo-wordpress\/ -->\n<title>Columbia M\u00e4dchen Arcadia Regenjacke - Markt-XXL<\/title>\n<meta name=\"description\" content=\"Markt-XXL Columbia M\u00e4dchen Arcadia Regenjacke\" \/>\n<meta name=\"robots\" content=\"index, follow, max-snippet:-1, max-image-preview:large, max-video-preview:-1\" \/>\n<link rel=\"canonical\" href=\"https:\/\/marktxxl.de\/markt\/produkt\/columbia-maedchen-arcadia-regenjacke\/\" \/>\n<meta property=\"og:locale\" content=\"de_DE\" \/>\n<meta property=\"og:type\" content=\"article\" \/>\n<meta property=\"og:title\" content=\"Columbia M\u00e4dchen Arcadia Regenjacke - Markt-XXL\" \/>\n<meta property=\"og:description\" content=\"Markt-XXL Columbia M\u00e4dchen Arcadia Regenjacke\" \/>\n<meta property=\"og:url\" content=\"https:\/\/marktxxl.de\/markt\/produkt\/columbia-maedchen-arcadia-regenjacke\/\" \/>\n<meta property=\"og:site_name\" content=\"Markt-XXL\" \/>\n<meta property=\"article:modified_time\" content=\"2023-04-06T00:51:05+00:00\" \/>\n<meta property=\"og:image\" content=\"https:\/\/m.media-amazon.com\/images\/I\/41E8pLf6giL._SL500_.jpg\" \/>\n\t<meta property=\"og:image:width\" content=\"476\" \/>\n\t<meta property=\"og:image:height\" content=\"500\" \/>\n\t<meta property=\"og:image:type\" content=\"image\/jpeg\" \/>\n<meta name=\"twitter:card\" content=\"summary_large_image\" \/>\n<meta name=\"twitter:label1\" content=\"Gesch\u00e4tzte Lesezeit\" \/>\n\t<meta name=\"twitter:data1\" content=\"1\u00a0Minute\" \/>\n<script type=\"application\/ld+json\" class=\"yoast-schema-graph\">{\"@context\":\"https:\\\/\\\/schema.org\",\"@graph\":[{\"@type\":\"WebPage\",\"@id\":\"https:\\\/\\\/marktxxl.de\\\/markt\\\/produkt\\\/columbia-maedchen-arcadia-regenjacke\\\/\",\"url\":\"https:\\\/\\\/marktxxl.de\\\/markt\\\/produkt\\\/columbia-maedchen-arcadia-regenjacke\\\/\",\"name\":\"Columbia M\u00e4dchen Arcadia Regenjacke - Markt-XXL\",\"isPartOf\":{\"@id\":\"https:\\\/\\\/marktxxl.de\\\/markt\\\/#website\"},\"primaryImageOfPage\":{\"@id\":\"https:\\\/\\\/marktxxl.de\\\/markt\\\/produkt\\\/columbia-maedchen-arcadia-regenjacke\\\/#primaryimage\"},\"image\":{\"@id\":\"https:\\\/\\\/marktxxl.de\\\/markt\\\/produkt\\\/columbia-maedchen-arcadia-regenjacke\\\/#primaryimage\"},\"thumbnailUrl\":\"https:\\\/\\\/m.media-amazon.com\\\/images\\\/I\\\/41E8pLf6giL._SL500_.jpg\",\"datePublished\":\"2022-02-26T22:24:51+00:00\",\"dateModified\":\"2023-04-06T00:51:05+00:00\",\"description\":\"Markt-XXL Columbia M\u00e4dchen Arcadia Regenjacke\",\"breadcrumb\":{\"@id\":\"https:\\\/\\\/marktxxl.de\\\/markt\\\/produkt\\\/columbia-maedchen-arcadia-regenjacke\\\/#breadcrumb\"},\"inLanguage\":\"de\",\"potentialAction\":[{\"@type\":\"ReadAction\",\"target\":[\"https:\\\/\\\/marktxxl.de\\\/markt\\\/produkt\\\/columbia-maedchen-arcadia-regenjacke\\\/\"]}]},{\"@type\":\"ImageObject\",\"inLanguage\":\"de\",\"@id\":\"https:\\\/\\\/marktxxl.de\\\/markt\\\/produkt\\\/columbia-maedchen-arcadia-regenjacke\\\/#primaryimage\",\"url\":\"https:\\\/\\\/m.media-amazon.com\\\/images\\\/I\\\/41E8pLf6giL._SL500_.jpg\",\"contentUrl\":\"https:\\\/\\\/m.media-amazon.com\\\/images\\\/I\\\/41E8pLf6giL._SL500_.jpg\",\"width\":476,\"height\":500},{\"@type\":\"BreadcrumbList\",\"@id\":\"https:\\\/\\\/marktxxl.de\\\/markt\\\/produkt\\\/columbia-maedchen-arcadia-regenjacke\\\/#breadcrumb\",\"itemListElement\":[{\"@type\":\"ListItem\",\"position\":1,\"name\":\"Startseite\",\"item\":\"https:\\\/\\\/marktxxl.de\\\/markt\\\/\"},{\"@type\":\"ListItem\",\"position\":2,\"name\":\"Markt\",\"item\":\"https:\\\/\\\/marktxxl.de\\\/markt\\\/\"},{\"@type\":\"ListItem\",\"position\":3,\"name\":\"Columbia M\u00e4dchen Arcadia Regenjacke\"}]},{\"@type\":\"WebSite\",\"@id\":\"https:\\\/\\\/marktxxl.de\\\/markt\\\/#website\",\"url\":\"https:\\\/\\\/marktxxl.de\\\/markt\\\/\",\"name\":\"Markt-XXL\",\"description\":\"Ihr Markt Online\",\"publisher\":{\"@id\":\"https:\\\/\\\/marktxxl.de\\\/markt\\\/#organization\"},\"potentialAction\":[{\"@type\":\"SearchAction\",\"target\":{\"@type\":\"EntryPoint\",\"urlTemplate\":\"https:\\\/\\\/marktxxl.de\\\/markt\\\/?s={search_term_string}\"},\"query-input\":{\"@type\":\"PropertyValueSpecification\",\"valueRequired\":true,\"valueName\":\"search_term_string\"}}],\"inLanguage\":\"de\"},{\"@type\":\"Organization\",\"@id\":\"https:\\\/\\\/marktxxl.de\\\/markt\\\/#organization\",\"name\":\"Markt-XXL\",\"url\":\"https:\\\/\\\/marktxxl.de\\\/markt\\\/\",\"logo\":{\"@type\":\"ImageObject\",\"inLanguage\":\"de\",\"@id\":\"https:\\\/\\\/marktxxl.de\\\/markt\\\/#\\\/schema\\\/logo\\\/image\\\/\",\"url\":\"https:\\\/\\\/marktxxl.de\\\/markt\\\/wp-content\\\/uploads\\\/sites\\\/3\\\/2020\\\/12\\\/logo.png\",\"contentUrl\":\"https:\\\/\\\/marktxxl.de\\\/markt\\\/wp-content\\\/uploads\\\/sites\\\/3\\\/2020\\\/12\\\/logo.png\",\"width\":200,\"height\":70,\"caption\":\"Markt-XXL\"},\"image\":{\"@id\":\"https:\\\/\\\/marktxxl.de\\\/markt\\\/#\\\/schema\\\/logo\\\/image\\\/\"}}]}<\/script>\n<!-- \/ Yoast SEO plugin. -->","yoast_head_json":{"title":"Columbia M\u00e4dchen Arcadia Regenjacke - Markt-XXL","description":"Markt-XXL Columbia M\u00e4dchen Arcadia Regenjacke","robots":{"index":"index","follow":"follow","max-snippet":"max-snippet:-1","max-image-preview":"max-image-preview:large","max-video-preview":"max-video-preview:-1"},"canonical":"https:\/\/marktxxl.de\/markt\/produkt\/columbia-maedchen-arcadia-regenjacke\/","og_locale":"de_DE","og_type":"article","og_title":"Columbia M\u00e4dchen Arcadia Regenjacke - Markt-XXL","og_description":"Markt-XXL Columbia M\u00e4dchen Arcadia Regenjacke","og_url":"https:\/\/marktxxl.de\/markt\/produkt\/columbia-maedchen-arcadia-regenjacke\/","og_site_name":"Markt-XXL","article_modified_time":"2023-04-06T00:51:05+00:00","og_image":[{"width":476,"height":500,"url":"https:\/\/m.media-amazon.com\/images\/I\/41E8pLf6giL._SL500_.jpg","type":"image\/jpeg"}],"twitter_card":"summary_large_image","twitter_misc":{"Gesch\u00e4tzte Lesezeit":"1\u00a0Minute"},"schema":{"@context":"https:\/\/schema.org","@graph":[{"@type":"WebPage","@id":"https:\/\/marktxxl.de\/markt\/produkt\/columbia-maedchen-arcadia-regenjacke\/","url":"https:\/\/marktxxl.de\/markt\/produkt\/columbia-maedchen-arcadia-regenjacke\/","name":"Columbia M\u00e4dchen Arcadia Regenjacke - Markt-XXL","isPartOf":{"@id":"https:\/\/marktxxl.de\/markt\/#website"},"primaryImageOfPage":{"@id":"https:\/\/marktxxl.de\/markt\/produkt\/columbia-maedchen-arcadia-regenjacke\/#primaryimage"},"image":{"@id":"https:\/\/marktxxl.de\/markt\/produkt\/columbia-maedchen-arcadia-regenjacke\/#primaryimage"},"thumbnailUrl":"https:\/\/m.media-amazon.com\/images\/I\/41E8pLf6giL._SL500_.jpg","datePublished":"2022-02-26T22:24:51+00:00","dateModified":"2023-04-06T00:51:05+00:00","description":"Markt-XXL Columbia M\u00e4dchen Arcadia Regenjacke","breadcrumb":{"@id":"https:\/\/marktxxl.de\/markt\/produkt\/columbia-maedchen-arcadia-regenjacke\/#breadcrumb"},"inLanguage":"de","potentialAction":[{"@type":"ReadAction","target":["https:\/\/marktxxl.de\/markt\/produkt\/columbia-maedchen-arcadia-regenjacke\/"]}]},{"@type":"ImageObject","inLanguage":"de","@id":"https:\/\/marktxxl.de\/markt\/produkt\/columbia-maedchen-arcadia-regenjacke\/#primaryimage","url":"https:\/\/m.media-amazon.com\/images\/I\/41E8pLf6giL._SL500_.jpg","contentUrl":"https:\/\/m.media-amazon.com\/images\/I\/41E8pLf6giL._SL500_.jpg","width":476,"height":500},{"@type":"BreadcrumbList","@id":"https:\/\/marktxxl.de\/markt\/produkt\/columbia-maedchen-arcadia-regenjacke\/#breadcrumb","itemListElement":[{"@type":"ListItem","position":1,"name":"Startseite","item":"https:\/\/marktxxl.de\/markt\/"},{"@type":"ListItem","position":2,"name":"Markt","item":"https:\/\/marktxxl.de\/markt\/"},{"@type":"ListItem","position":3,"name":"Columbia M\u00e4dchen Arcadia Regenjacke"}]},{"@type":"WebSite","@id":"https:\/\/marktxxl.de\/markt\/#website","url":"https:\/\/marktxxl.de\/markt\/","name":"Markt-XXL","description":"Ihr Markt Online","publisher":{"@id":"https:\/\/marktxxl.de\/markt\/#organization"},"potentialAction":[{"@type":"SearchAction","target":{"@type":"EntryPoint","urlTemplate":"https:\/\/marktxxl.de\/markt\/?s={search_term_string}"},"query-input":{"@type":"PropertyValueSpecification","valueRequired":true,"valueName":"search_term_string"}}],"inLanguage":"de"},{"@type":"Organization","@id":"https:\/\/marktxxl.de\/markt\/#organization","name":"Markt-XXL","url":"https:\/\/marktxxl.de\/markt\/","logo":{"@type":"ImageObject","inLanguage":"de","@id":"https:\/\/marktxxl.de\/markt\/#\/schema\/logo\/image\/","url":"https:\/\/marktxxl.de\/markt\/wp-content\/uploads\/sites\/3\/2020\/12\/logo.png","contentUrl":"https:\/\/marktxxl.de\/markt\/wp-content\/uploads\/sites\/3\/2020\/12\/logo.png","width":200,"height":70,"caption":"Markt-XXL"},"image":{"@id":"https:\/\/marktxxl.de\/markt\/#\/schema\/logo\/image\/"}}]}},"_links":{"self":[{"href":"https:\/\/marktxxl.de\/markt\/wp-json\/wp\/v2\/product\/110788","targetHints":{"allow":["GET"]}}],"collection":[{"href":"https:\/\/marktxxl.de\/markt\/wp-json\/wp\/v2\/product"}],"about":[{"href":"https:\/\/marktxxl.de\/markt\/wp-json\/wp\/v2\/types\/product"}],"replies":[{"embeddable":true,"href":"https:\/\/marktxxl.de\/markt\/wp-json\/wp\/v2\/comments?post=110788"}],"wp:featuredmedia":[{"embeddable":true,"href":"https:\/\/marktxxl.de\/markt\/wp-json\/wp\/v2\/media\/110789"}],"wp:attachment":[{"href":"https:\/\/marktxxl.de\/markt\/wp-json\/wp\/v2\/media?parent=110788"}],"wp:term":[{"taxonomy":"product_brand","embeddable":true,"href":"https:\/\/marktxxl.de\/markt\/wp-json\/wp\/v2\/product_brand?post=110788"},{"taxonomy":"product_cat","embeddable":true,"href":"https:\/\/marktxxl.de\/markt\/wp-json\/wp\/v2\/product_cat?post=110788"},{"taxonomy":"product_tag","embeddable":true,"href":"https:\/\/marktxxl.de\/markt\/wp-json\/wp\/v2\/product_tag?post=110788"}],"curies":[{"name":"wp","href":"https:\/\/api.w.org\/{rel}","templated":true}]}}