{"id":110765,"date":"2022-02-26T23:21:51","date_gmt":"2022-02-26T22:21:51","guid":{"rendered":"https:\/\/marktxxl.de\/markt\/produkt\/dreamwave-maedchen-mix-and-match-one-piece-tankini-rash-guard-rashguard-schwimmen-hemd-zu-set\/"},"modified":"2023-04-07T02:50:27","modified_gmt":"2023-04-07T00:50:27","slug":"dreamwave-maedchen-mix-and-match-one-piece-tankini-rash-guard-rashguard-schwimmen-hemd-zu-set","status":"publish","type":"product","link":"https:\/\/marktxxl.de\/markt\/produkt\/dreamwave-maedchen-mix-and-match-one-piece-tankini-rash-guard-rashguard-schwimmen-hemd-zu-set\/","title":{"rendered":"Dreamwave m\u00e4dchen mix and match one piece tankini rash guard rashguard-schwimmen-hemd zu set"},"content":{"rendered":"<p>mit mehr als 25 verschiedenen kombinationen, sagt hallo zu dem nur badeanzug kaufen m\u00fcssen sie in diesen sommer machen! ein st\u00fcck, tankini oben und unten, und rashguard badeanzug mix and match m\u00f6glichkeiten. 85% polyester 15% spandex. upf 50+ sonnenschutz. quick dry stoff<br \/>\nauthentisch lizenzierte waren heute zu den beliebtesten marken und figuren.<br \/>\nkonstruiert nach den h\u00f6chsten qualit\u00e4ts- und sicherheitsstandards geben eltern seelenfrieden. konform mit den usa sicherheitsvorschriften und testanforderungen.<br \/>\nunsere produkte sind in der maschine waschbar und sehr leicht zu reinigen!<br \/>\nrainbow pride<br \/>\n<div class=\"main-cross-sell\" data-asin=\"B085L8929R\">\n\n\t<div class=\"WooZone-cross-sell-loader\">\n\t\t<div>\n\t\t\t<div id=\"floatingBarsG\">\n\t\t\t\t<div class=\"blockG\" id=\"rotateG_01\"><\/div>\n\t\t\t\t<div class=\"blockG\" id=\"rotateG_02\"><\/div>\n\t\t\t\t<div class=\"blockG\" id=\"rotateG_03\"><\/div>\n\t\t\t\t<div class=\"blockG\" id=\"rotateG_04\"><\/div>\n\t\t\t\t<div class=\"blockG\" id=\"rotateG_05\"><\/div>\n\t\t\t\t<div class=\"blockG\" id=\"rotateG_06\"><\/div>\n\t\t\t\t<div class=\"blockG\" id=\"rotateG_07\"><\/div>\n\t\t\t\t<div class=\"blockG\" id=\"rotateG_08\"><\/div>\n\t\t\t<\/div>\n\t\t\t<div class=\"WooZone-cross-sell-loader-text\"><\/div>\n\t\t<\/div>\n\t<\/div>\n\n\t\t\n<\/div>\n<div style=\"clear:both;\"><\/div><\/p>\n","protected":false},"excerpt":{"rendered":"<p>mit mehr als 25 verschiedenen kombinationen, sagt hallo zu dem nur badeanzug kaufen m\u00fcssen sie in diesen sommer machen! ein st\u00fcck, tankini oben und unten, und rashguard badeanzug mix and match m\u00f6glichkeiten. 85% polyester 15% spandex. upf 50+ sonnenschutz. quick dry stoff<br \/>\nauthentisch lizenzierte waren heute zu den beliebtesten marken und figuren.<br \/>\nkonstruiert nach den h\u00f6chsten qualit\u00e4ts- und sicherheitsstandards geben eltern seelenfrieden. konform mit den usa sicherheitsvorschriften und testanforderungen.<\/p>\n","protected":false},"featured_media":110766,"comment_status":"open","ping_status":"closed","template":"","meta":[],"product_brand":[],"product_cat":[1186,3990],"product_tag":[],"class_list":{"0":"post-110765","1":"product","2":"type-product","3":"status-publish","4":"has-post-thumbnail","6":"product_cat-bekleidung","7":"product_cat-maedchen","8":"pa_binding-textilien","9":"pa_brand-dreamwave","10":"pa_manufacturer-dreamwave","12":"first","13":"instock","14":"shipping-taxable","15":"purchasable","16":"product-type-simple","17":"customify-col","18":"product-has-gallery"},"yoast_head":"<!-- This site is optimized with the Yoast SEO plugin v27.3 - https:\/\/yoast.com\/product\/yoast-seo-wordpress\/ -->\n<title>Dreamwave m\u00e4dchen mix and match one piece tankini rash guard rashguard-schwimmen-hemd zu set - Markt-XXL<\/title>\n<meta name=\"description\" content=\"Markt-XXL Dreamwave m\u00e4dchen mix and match one piece tankini rash guard rashguard-schwimmen-hemd zu set\" \/>\n<meta name=\"robots\" content=\"index, follow, max-snippet:-1, max-image-preview:large, max-video-preview:-1\" \/>\n<link rel=\"canonical\" href=\"https:\/\/marktxxl.de\/markt\/produkt\/dreamwave-maedchen-mix-and-match-one-piece-tankini-rash-guard-rashguard-schwimmen-hemd-zu-set\/\" \/>\n<meta property=\"og:locale\" content=\"de_DE\" \/>\n<meta property=\"og:type\" content=\"article\" \/>\n<meta property=\"og:title\" content=\"Dreamwave m\u00e4dchen mix and match one piece tankini rash guard rashguard-schwimmen-hemd zu set - Markt-XXL\" \/>\n<meta property=\"og:description\" content=\"Markt-XXL Dreamwave m\u00e4dchen mix and match one piece tankini rash guard rashguard-schwimmen-hemd zu set\" \/>\n<meta property=\"og:url\" content=\"https:\/\/marktxxl.de\/markt\/produkt\/dreamwave-maedchen-mix-and-match-one-piece-tankini-rash-guard-rashguard-schwimmen-hemd-zu-set\/\" \/>\n<meta property=\"og:site_name\" content=\"Markt-XXL\" \/>\n<meta property=\"article:modified_time\" content=\"2023-04-07T00:50:27+00:00\" \/>\n<meta property=\"og:image\" content=\"https:\/\/m.media-amazon.com\/images\/I\/51bWU1AFGaL._SL500_.jpg\" \/>\n\t<meta property=\"og:image:width\" content=\"500\" \/>\n\t<meta property=\"og:image:height\" content=\"500\" \/>\n\t<meta property=\"og:image:type\" content=\"image\/jpeg\" \/>\n<meta name=\"twitter:card\" content=\"summary_large_image\" \/>\n<script type=\"application\/ld+json\" class=\"yoast-schema-graph\">{\"@context\":\"https:\\\/\\\/schema.org\",\"@graph\":[{\"@type\":\"WebPage\",\"@id\":\"https:\\\/\\\/marktxxl.de\\\/markt\\\/produkt\\\/dreamwave-maedchen-mix-and-match-one-piece-tankini-rash-guard-rashguard-schwimmen-hemd-zu-set\\\/\",\"url\":\"https:\\\/\\\/marktxxl.de\\\/markt\\\/produkt\\\/dreamwave-maedchen-mix-and-match-one-piece-tankini-rash-guard-rashguard-schwimmen-hemd-zu-set\\\/\",\"name\":\"Dreamwave m\u00e4dchen mix and match one piece tankini rash guard rashguard-schwimmen-hemd zu set - Markt-XXL\",\"isPartOf\":{\"@id\":\"https:\\\/\\\/marktxxl.de\\\/markt\\\/#website\"},\"primaryImageOfPage\":{\"@id\":\"https:\\\/\\\/marktxxl.de\\\/markt\\\/produkt\\\/dreamwave-maedchen-mix-and-match-one-piece-tankini-rash-guard-rashguard-schwimmen-hemd-zu-set\\\/#primaryimage\"},\"image\":{\"@id\":\"https:\\\/\\\/marktxxl.de\\\/markt\\\/produkt\\\/dreamwave-maedchen-mix-and-match-one-piece-tankini-rash-guard-rashguard-schwimmen-hemd-zu-set\\\/#primaryimage\"},\"thumbnailUrl\":\"https:\\\/\\\/m.media-amazon.com\\\/images\\\/I\\\/51bWU1AFGaL._SL500_.jpg\",\"datePublished\":\"2022-02-26T22:21:51+00:00\",\"dateModified\":\"2023-04-07T00:50:27+00:00\",\"description\":\"Markt-XXL Dreamwave m\u00e4dchen mix and match one piece tankini rash guard rashguard-schwimmen-hemd zu set\",\"breadcrumb\":{\"@id\":\"https:\\\/\\\/marktxxl.de\\\/markt\\\/produkt\\\/dreamwave-maedchen-mix-and-match-one-piece-tankini-rash-guard-rashguard-schwimmen-hemd-zu-set\\\/#breadcrumb\"},\"inLanguage\":\"de\",\"potentialAction\":[{\"@type\":\"ReadAction\",\"target\":[\"https:\\\/\\\/marktxxl.de\\\/markt\\\/produkt\\\/dreamwave-maedchen-mix-and-match-one-piece-tankini-rash-guard-rashguard-schwimmen-hemd-zu-set\\\/\"]}]},{\"@type\":\"ImageObject\",\"inLanguage\":\"de\",\"@id\":\"https:\\\/\\\/marktxxl.de\\\/markt\\\/produkt\\\/dreamwave-maedchen-mix-and-match-one-piece-tankini-rash-guard-rashguard-schwimmen-hemd-zu-set\\\/#primaryimage\",\"url\":\"https:\\\/\\\/m.media-amazon.com\\\/images\\\/I\\\/51bWU1AFGaL._SL500_.jpg\",\"contentUrl\":\"https:\\\/\\\/m.media-amazon.com\\\/images\\\/I\\\/51bWU1AFGaL._SL500_.jpg\",\"width\":500,\"height\":500},{\"@type\":\"BreadcrumbList\",\"@id\":\"https:\\\/\\\/marktxxl.de\\\/markt\\\/produkt\\\/dreamwave-maedchen-mix-and-match-one-piece-tankini-rash-guard-rashguard-schwimmen-hemd-zu-set\\\/#breadcrumb\",\"itemListElement\":[{\"@type\":\"ListItem\",\"position\":1,\"name\":\"Startseite\",\"item\":\"https:\\\/\\\/marktxxl.de\\\/markt\\\/\"},{\"@type\":\"ListItem\",\"position\":2,\"name\":\"Markt\",\"item\":\"https:\\\/\\\/marktxxl.de\\\/markt\\\/\"},{\"@type\":\"ListItem\",\"position\":3,\"name\":\"Dreamwave m\u00e4dchen mix and match one piece tankini rash guard rashguard-schwimmen-hemd zu set\"}]},{\"@type\":\"WebSite\",\"@id\":\"https:\\\/\\\/marktxxl.de\\\/markt\\\/#website\",\"url\":\"https:\\\/\\\/marktxxl.de\\\/markt\\\/\",\"name\":\"Markt-XXL\",\"description\":\"Ihr Markt Online\",\"publisher\":{\"@id\":\"https:\\\/\\\/marktxxl.de\\\/markt\\\/#organization\"},\"potentialAction\":[{\"@type\":\"SearchAction\",\"target\":{\"@type\":\"EntryPoint\",\"urlTemplate\":\"https:\\\/\\\/marktxxl.de\\\/markt\\\/?s={search_term_string}\"},\"query-input\":{\"@type\":\"PropertyValueSpecification\",\"valueRequired\":true,\"valueName\":\"search_term_string\"}}],\"inLanguage\":\"de\"},{\"@type\":\"Organization\",\"@id\":\"https:\\\/\\\/marktxxl.de\\\/markt\\\/#organization\",\"name\":\"Markt-XXL\",\"url\":\"https:\\\/\\\/marktxxl.de\\\/markt\\\/\",\"logo\":{\"@type\":\"ImageObject\",\"inLanguage\":\"de\",\"@id\":\"https:\\\/\\\/marktxxl.de\\\/markt\\\/#\\\/schema\\\/logo\\\/image\\\/\",\"url\":\"https:\\\/\\\/marktxxl.de\\\/markt\\\/wp-content\\\/uploads\\\/sites\\\/3\\\/2020\\\/12\\\/logo.png\",\"contentUrl\":\"https:\\\/\\\/marktxxl.de\\\/markt\\\/wp-content\\\/uploads\\\/sites\\\/3\\\/2020\\\/12\\\/logo.png\",\"width\":200,\"height\":70,\"caption\":\"Markt-XXL\"},\"image\":{\"@id\":\"https:\\\/\\\/marktxxl.de\\\/markt\\\/#\\\/schema\\\/logo\\\/image\\\/\"}}]}<\/script>\n<!-- \/ Yoast SEO plugin. -->","yoast_head_json":{"title":"Dreamwave m\u00e4dchen mix and match one piece tankini rash guard rashguard-schwimmen-hemd zu set - Markt-XXL","description":"Markt-XXL Dreamwave m\u00e4dchen mix and match one piece tankini rash guard rashguard-schwimmen-hemd zu set","robots":{"index":"index","follow":"follow","max-snippet":"max-snippet:-1","max-image-preview":"max-image-preview:large","max-video-preview":"max-video-preview:-1"},"canonical":"https:\/\/marktxxl.de\/markt\/produkt\/dreamwave-maedchen-mix-and-match-one-piece-tankini-rash-guard-rashguard-schwimmen-hemd-zu-set\/","og_locale":"de_DE","og_type":"article","og_title":"Dreamwave m\u00e4dchen mix and match one piece tankini rash guard rashguard-schwimmen-hemd zu set - Markt-XXL","og_description":"Markt-XXL Dreamwave m\u00e4dchen mix and match one piece tankini rash guard rashguard-schwimmen-hemd zu set","og_url":"https:\/\/marktxxl.de\/markt\/produkt\/dreamwave-maedchen-mix-and-match-one-piece-tankini-rash-guard-rashguard-schwimmen-hemd-zu-set\/","og_site_name":"Markt-XXL","article_modified_time":"2023-04-07T00:50:27+00:00","og_image":[{"width":500,"height":500,"url":"https:\/\/m.media-amazon.com\/images\/I\/51bWU1AFGaL._SL500_.jpg","type":"image\/jpeg"}],"twitter_card":"summary_large_image","schema":{"@context":"https:\/\/schema.org","@graph":[{"@type":"WebPage","@id":"https:\/\/marktxxl.de\/markt\/produkt\/dreamwave-maedchen-mix-and-match-one-piece-tankini-rash-guard-rashguard-schwimmen-hemd-zu-set\/","url":"https:\/\/marktxxl.de\/markt\/produkt\/dreamwave-maedchen-mix-and-match-one-piece-tankini-rash-guard-rashguard-schwimmen-hemd-zu-set\/","name":"Dreamwave m\u00e4dchen mix and match one piece tankini rash guard rashguard-schwimmen-hemd zu set - Markt-XXL","isPartOf":{"@id":"https:\/\/marktxxl.de\/markt\/#website"},"primaryImageOfPage":{"@id":"https:\/\/marktxxl.de\/markt\/produkt\/dreamwave-maedchen-mix-and-match-one-piece-tankini-rash-guard-rashguard-schwimmen-hemd-zu-set\/#primaryimage"},"image":{"@id":"https:\/\/marktxxl.de\/markt\/produkt\/dreamwave-maedchen-mix-and-match-one-piece-tankini-rash-guard-rashguard-schwimmen-hemd-zu-set\/#primaryimage"},"thumbnailUrl":"https:\/\/m.media-amazon.com\/images\/I\/51bWU1AFGaL._SL500_.jpg","datePublished":"2022-02-26T22:21:51+00:00","dateModified":"2023-04-07T00:50:27+00:00","description":"Markt-XXL Dreamwave m\u00e4dchen mix and match one piece tankini rash guard rashguard-schwimmen-hemd zu set","breadcrumb":{"@id":"https:\/\/marktxxl.de\/markt\/produkt\/dreamwave-maedchen-mix-and-match-one-piece-tankini-rash-guard-rashguard-schwimmen-hemd-zu-set\/#breadcrumb"},"inLanguage":"de","potentialAction":[{"@type":"ReadAction","target":["https:\/\/marktxxl.de\/markt\/produkt\/dreamwave-maedchen-mix-and-match-one-piece-tankini-rash-guard-rashguard-schwimmen-hemd-zu-set\/"]}]},{"@type":"ImageObject","inLanguage":"de","@id":"https:\/\/marktxxl.de\/markt\/produkt\/dreamwave-maedchen-mix-and-match-one-piece-tankini-rash-guard-rashguard-schwimmen-hemd-zu-set\/#primaryimage","url":"https:\/\/m.media-amazon.com\/images\/I\/51bWU1AFGaL._SL500_.jpg","contentUrl":"https:\/\/m.media-amazon.com\/images\/I\/51bWU1AFGaL._SL500_.jpg","width":500,"height":500},{"@type":"BreadcrumbList","@id":"https:\/\/marktxxl.de\/markt\/produkt\/dreamwave-maedchen-mix-and-match-one-piece-tankini-rash-guard-rashguard-schwimmen-hemd-zu-set\/#breadcrumb","itemListElement":[{"@type":"ListItem","position":1,"name":"Startseite","item":"https:\/\/marktxxl.de\/markt\/"},{"@type":"ListItem","position":2,"name":"Markt","item":"https:\/\/marktxxl.de\/markt\/"},{"@type":"ListItem","position":3,"name":"Dreamwave m\u00e4dchen mix and match one piece tankini rash guard rashguard-schwimmen-hemd zu set"}]},{"@type":"WebSite","@id":"https:\/\/marktxxl.de\/markt\/#website","url":"https:\/\/marktxxl.de\/markt\/","name":"Markt-XXL","description":"Ihr Markt Online","publisher":{"@id":"https:\/\/marktxxl.de\/markt\/#organization"},"potentialAction":[{"@type":"SearchAction","target":{"@type":"EntryPoint","urlTemplate":"https:\/\/marktxxl.de\/markt\/?s={search_term_string}"},"query-input":{"@type":"PropertyValueSpecification","valueRequired":true,"valueName":"search_term_string"}}],"inLanguage":"de"},{"@type":"Organization","@id":"https:\/\/marktxxl.de\/markt\/#organization","name":"Markt-XXL","url":"https:\/\/marktxxl.de\/markt\/","logo":{"@type":"ImageObject","inLanguage":"de","@id":"https:\/\/marktxxl.de\/markt\/#\/schema\/logo\/image\/","url":"https:\/\/marktxxl.de\/markt\/wp-content\/uploads\/sites\/3\/2020\/12\/logo.png","contentUrl":"https:\/\/marktxxl.de\/markt\/wp-content\/uploads\/sites\/3\/2020\/12\/logo.png","width":200,"height":70,"caption":"Markt-XXL"},"image":{"@id":"https:\/\/marktxxl.de\/markt\/#\/schema\/logo\/image\/"}}]}},"_links":{"self":[{"href":"https:\/\/marktxxl.de\/markt\/wp-json\/wp\/v2\/product\/110765","targetHints":{"allow":["GET"]}}],"collection":[{"href":"https:\/\/marktxxl.de\/markt\/wp-json\/wp\/v2\/product"}],"about":[{"href":"https:\/\/marktxxl.de\/markt\/wp-json\/wp\/v2\/types\/product"}],"replies":[{"embeddable":true,"href":"https:\/\/marktxxl.de\/markt\/wp-json\/wp\/v2\/comments?post=110765"}],"wp:featuredmedia":[{"embeddable":true,"href":"https:\/\/marktxxl.de\/markt\/wp-json\/wp\/v2\/media\/110766"}],"wp:attachment":[{"href":"https:\/\/marktxxl.de\/markt\/wp-json\/wp\/v2\/media?parent=110765"}],"wp:term":[{"taxonomy":"product_brand","embeddable":true,"href":"https:\/\/marktxxl.de\/markt\/wp-json\/wp\/v2\/product_brand?post=110765"},{"taxonomy":"product_cat","embeddable":true,"href":"https:\/\/marktxxl.de\/markt\/wp-json\/wp\/v2\/product_cat?post=110765"},{"taxonomy":"product_tag","embeddable":true,"href":"https:\/\/marktxxl.de\/markt\/wp-json\/wp\/v2\/product_tag?post=110765"}],"curies":[{"name":"wp","href":"https:\/\/api.w.org\/{rel}","templated":true}]}}