{"id":110654,"date":"2022-02-26T23:16:01","date_gmt":"2022-02-26T22:16:01","guid":{"rendered":"https:\/\/marktxxl.de\/markt\/produkt\/marvel-herren-logo-baseball-cap\/"},"modified":"2023-04-07T02:50:25","modified_gmt":"2023-04-07T00:50:25","slug":"marvel-herren-logo-baseball-cap","status":"publish","type":"product","link":"https:\/\/marktxxl.de\/markt\/produkt\/marvel-herren-logo-baseball-cap\/","title":{"rendered":"Marvel Herren Logo Baseball Cap"},"content":{"rendered":"<p>Offizielles Lizenzprodukt \u2013 echter Marvel-Artikel mit Original-Design, lizenziert von Warner Bros.<br \/>\nThe Marvel Comics Collection \u2013 Der weltbekannte Marvel Comics, Sch\u00f6pfer der ikonischsten Superhelden und B\u00f6sewichte dominierende Boxb\u00fcros hat heute den Weg f\u00fcr die Ver\u00f6ffentlichung seit 1939. Die k\u00fchnen Logos dieser legend\u00e4ren Figuren sorgen f\u00fcr auff\u00e4llige bedruckte T-Shirts, Sweatshirts, Hoodies und Accessoires mit dieser Kollektion von offiziellen Lizenzprodukten von Marvel Comics.<br \/>\nQualit\u00e4t \u2013 Hergestellt aus hochwertigem Material, sind diese Produkte ma\u00dfgetreu und langlebig. Tragen Sie sie \u00fcbergro\u00df oder tailliert, diese klassischen und doch vielseitigen Artikel k\u00f6nnen gestylt werden, um Ihnen zu passen.<br \/>\nGeschenk: Entdecken Sie die Kollektion, um das perfekte Geschenk f\u00fcr jeden Marvel-Fan zu finden. Ideal f\u00fcr Ihren Sohn, Bruder, Vater, Freund, Ehemann oder Marvel-besessenen Freund. Geeignet f\u00fcr alle Anl\u00e4sse wie Geburtstage, Vatertag, Weihnachten und nat\u00fcrlich die neuesten Marvel-Filmver\u00f6ffentlichungen.<br \/>\n<div class=\"main-cross-sell\" data-asin=\"B01ICTHL5M\">\n\n\t<div class=\"WooZone-cross-sell-loader\">\n\t\t<div>\n\t\t\t<div id=\"floatingBarsG\">\n\t\t\t\t<div class=\"blockG\" id=\"rotateG_01\"><\/div>\n\t\t\t\t<div class=\"blockG\" id=\"rotateG_02\"><\/div>\n\t\t\t\t<div class=\"blockG\" id=\"rotateG_03\"><\/div>\n\t\t\t\t<div class=\"blockG\" id=\"rotateG_04\"><\/div>\n\t\t\t\t<div class=\"blockG\" id=\"rotateG_05\"><\/div>\n\t\t\t\t<div class=\"blockG\" id=\"rotateG_06\"><\/div>\n\t\t\t\t<div class=\"blockG\" id=\"rotateG_07\"><\/div>\n\t\t\t\t<div class=\"blockG\" id=\"rotateG_08\"><\/div>\n\t\t\t<\/div>\n\t\t\t<div class=\"WooZone-cross-sell-loader-text\"><\/div>\n\t\t<\/div>\n\t<\/div>\n\n\t\t\n<\/div>\n<div style=\"clear:both;\"><\/div><\/p>\n","protected":false},"excerpt":{"rendered":"<p>Offizielles Lizenzprodukt \u2013 echter Marvel-Artikel mit Original-Design, lizenziert von Warner Bros.<br \/>\nThe Marvel Comics Collection \u2013 Der weltbekannte Marvel Comics, Sch\u00f6pfer der ikonischsten Superhelden und B\u00f6sewichte dominierende Boxb\u00fcros hat heute den Weg f\u00fcr die Ver\u00f6ffentlichung seit 1939. Die k\u00fchnen Logos dieser legend\u00e4ren Figuren sorgen f\u00fcr auff\u00e4llige bedruckte T-Shirts, Sweatshirts, Hoodies und Accessoires mit dieser Kollektion von offiziellen Lizenzprodukten von Marvel Comics.<br \/>\nQualit\u00e4t \u2013 Hergestellt aus hochwertigem Material, sind diese Produkte ma\u00dfgetreu und langlebig. Tragen Sie sie \u00fcbergro\u00df oder tailliert, diese klassischen und doch vielseitigen Artikel k\u00f6nnen gestylt werden, um Ihnen zu passen.<\/p>\n","protected":false},"featured_media":110655,"comment_status":"open","ping_status":"closed","template":"","meta":[],"product_brand":[],"product_cat":[1186,3960],"product_tag":[],"class_list":{"0":"post-110654","1":"product","2":"type-product","3":"status-publish","4":"has-post-thumbnail","6":"product_cat-bekleidung","7":"product_cat-herren","8":"pa_binding-textilien","9":"pa_brand-marvel","10":"pa_manufacturer-marvel","11":"pa_model-rfmbh447","13":"first","14":"instock","15":"shipping-taxable","16":"purchasable","17":"product-type-simple","18":"customify-col","19":"product-has-gallery"},"yoast_head":"<!-- This site is optimized with the Yoast SEO plugin v27.3 - https:\/\/yoast.com\/product\/yoast-seo-wordpress\/ -->\n<title>Marvel Herren Logo Baseball Cap - Markt-XXL<\/title>\n<meta name=\"description\" content=\"Markt-XXL Marvel Herren Logo Baseball Cap\" \/>\n<meta name=\"robots\" content=\"index, follow, max-snippet:-1, max-image-preview:large, max-video-preview:-1\" \/>\n<link rel=\"canonical\" href=\"https:\/\/marktxxl.de\/markt\/produkt\/marvel-herren-logo-baseball-cap\/\" \/>\n<meta property=\"og:locale\" content=\"de_DE\" \/>\n<meta property=\"og:type\" content=\"article\" \/>\n<meta property=\"og:title\" content=\"Marvel Herren Logo Baseball Cap - Markt-XXL\" \/>\n<meta property=\"og:description\" content=\"Markt-XXL Marvel Herren Logo Baseball Cap\" \/>\n<meta property=\"og:url\" content=\"https:\/\/marktxxl.de\/markt\/produkt\/marvel-herren-logo-baseball-cap\/\" \/>\n<meta property=\"og:site_name\" content=\"Markt-XXL\" \/>\n<meta property=\"article:modified_time\" content=\"2023-04-07T00:50:25+00:00\" \/>\n<meta property=\"og:image\" content=\"https:\/\/m.media-amazon.com\/images\/I\/41OoqESa7xS._SL500_.jpg\" \/>\n\t<meta property=\"og:image:width\" content=\"500\" \/>\n\t<meta property=\"og:image:height\" content=\"500\" \/>\n\t<meta property=\"og:image:type\" content=\"image\/jpeg\" \/>\n<meta name=\"twitter:card\" content=\"summary_large_image\" \/>\n<meta name=\"twitter:label1\" content=\"Gesch\u00e4tzte Lesezeit\" \/>\n\t<meta name=\"twitter:data1\" content=\"1\u00a0Minute\" \/>\n<script type=\"application\/ld+json\" class=\"yoast-schema-graph\">{\"@context\":\"https:\\\/\\\/schema.org\",\"@graph\":[{\"@type\":\"WebPage\",\"@id\":\"https:\\\/\\\/marktxxl.de\\\/markt\\\/produkt\\\/marvel-herren-logo-baseball-cap\\\/\",\"url\":\"https:\\\/\\\/marktxxl.de\\\/markt\\\/produkt\\\/marvel-herren-logo-baseball-cap\\\/\",\"name\":\"Marvel Herren Logo Baseball Cap - Markt-XXL\",\"isPartOf\":{\"@id\":\"https:\\\/\\\/marktxxl.de\\\/markt\\\/#website\"},\"primaryImageOfPage\":{\"@id\":\"https:\\\/\\\/marktxxl.de\\\/markt\\\/produkt\\\/marvel-herren-logo-baseball-cap\\\/#primaryimage\"},\"image\":{\"@id\":\"https:\\\/\\\/marktxxl.de\\\/markt\\\/produkt\\\/marvel-herren-logo-baseball-cap\\\/#primaryimage\"},\"thumbnailUrl\":\"https:\\\/\\\/m.media-amazon.com\\\/images\\\/I\\\/41OoqESa7xS._SL500_.jpg\",\"datePublished\":\"2022-02-26T22:16:01+00:00\",\"dateModified\":\"2023-04-07T00:50:25+00:00\",\"description\":\"Markt-XXL Marvel Herren Logo Baseball Cap\",\"breadcrumb\":{\"@id\":\"https:\\\/\\\/marktxxl.de\\\/markt\\\/produkt\\\/marvel-herren-logo-baseball-cap\\\/#breadcrumb\"},\"inLanguage\":\"de\",\"potentialAction\":[{\"@type\":\"ReadAction\",\"target\":[\"https:\\\/\\\/marktxxl.de\\\/markt\\\/produkt\\\/marvel-herren-logo-baseball-cap\\\/\"]}]},{\"@type\":\"ImageObject\",\"inLanguage\":\"de\",\"@id\":\"https:\\\/\\\/marktxxl.de\\\/markt\\\/produkt\\\/marvel-herren-logo-baseball-cap\\\/#primaryimage\",\"url\":\"https:\\\/\\\/m.media-amazon.com\\\/images\\\/I\\\/41OoqESa7xS._SL500_.jpg\",\"contentUrl\":\"https:\\\/\\\/m.media-amazon.com\\\/images\\\/I\\\/41OoqESa7xS._SL500_.jpg\",\"width\":500,\"height\":500},{\"@type\":\"BreadcrumbList\",\"@id\":\"https:\\\/\\\/marktxxl.de\\\/markt\\\/produkt\\\/marvel-herren-logo-baseball-cap\\\/#breadcrumb\",\"itemListElement\":[{\"@type\":\"ListItem\",\"position\":1,\"name\":\"Startseite\",\"item\":\"https:\\\/\\\/marktxxl.de\\\/markt\\\/\"},{\"@type\":\"ListItem\",\"position\":2,\"name\":\"Markt\",\"item\":\"https:\\\/\\\/marktxxl.de\\\/markt\\\/\"},{\"@type\":\"ListItem\",\"position\":3,\"name\":\"Marvel Herren Logo Baseball Cap\"}]},{\"@type\":\"WebSite\",\"@id\":\"https:\\\/\\\/marktxxl.de\\\/markt\\\/#website\",\"url\":\"https:\\\/\\\/marktxxl.de\\\/markt\\\/\",\"name\":\"Markt-XXL\",\"description\":\"Ihr Markt Online\",\"publisher\":{\"@id\":\"https:\\\/\\\/marktxxl.de\\\/markt\\\/#organization\"},\"potentialAction\":[{\"@type\":\"SearchAction\",\"target\":{\"@type\":\"EntryPoint\",\"urlTemplate\":\"https:\\\/\\\/marktxxl.de\\\/markt\\\/?s={search_term_string}\"},\"query-input\":{\"@type\":\"PropertyValueSpecification\",\"valueRequired\":true,\"valueName\":\"search_term_string\"}}],\"inLanguage\":\"de\"},{\"@type\":\"Organization\",\"@id\":\"https:\\\/\\\/marktxxl.de\\\/markt\\\/#organization\",\"name\":\"Markt-XXL\",\"url\":\"https:\\\/\\\/marktxxl.de\\\/markt\\\/\",\"logo\":{\"@type\":\"ImageObject\",\"inLanguage\":\"de\",\"@id\":\"https:\\\/\\\/marktxxl.de\\\/markt\\\/#\\\/schema\\\/logo\\\/image\\\/\",\"url\":\"https:\\\/\\\/marktxxl.de\\\/markt\\\/wp-content\\\/uploads\\\/sites\\\/3\\\/2020\\\/12\\\/logo.png\",\"contentUrl\":\"https:\\\/\\\/marktxxl.de\\\/markt\\\/wp-content\\\/uploads\\\/sites\\\/3\\\/2020\\\/12\\\/logo.png\",\"width\":200,\"height\":70,\"caption\":\"Markt-XXL\"},\"image\":{\"@id\":\"https:\\\/\\\/marktxxl.de\\\/markt\\\/#\\\/schema\\\/logo\\\/image\\\/\"}}]}<\/script>\n<!-- \/ Yoast SEO plugin. -->","yoast_head_json":{"title":"Marvel Herren Logo Baseball Cap - Markt-XXL","description":"Markt-XXL Marvel Herren Logo Baseball Cap","robots":{"index":"index","follow":"follow","max-snippet":"max-snippet:-1","max-image-preview":"max-image-preview:large","max-video-preview":"max-video-preview:-1"},"canonical":"https:\/\/marktxxl.de\/markt\/produkt\/marvel-herren-logo-baseball-cap\/","og_locale":"de_DE","og_type":"article","og_title":"Marvel Herren Logo Baseball Cap - Markt-XXL","og_description":"Markt-XXL Marvel Herren Logo Baseball Cap","og_url":"https:\/\/marktxxl.de\/markt\/produkt\/marvel-herren-logo-baseball-cap\/","og_site_name":"Markt-XXL","article_modified_time":"2023-04-07T00:50:25+00:00","og_image":[{"width":500,"height":500,"url":"https:\/\/m.media-amazon.com\/images\/I\/41OoqESa7xS._SL500_.jpg","type":"image\/jpeg"}],"twitter_card":"summary_large_image","twitter_misc":{"Gesch\u00e4tzte Lesezeit":"1\u00a0Minute"},"schema":{"@context":"https:\/\/schema.org","@graph":[{"@type":"WebPage","@id":"https:\/\/marktxxl.de\/markt\/produkt\/marvel-herren-logo-baseball-cap\/","url":"https:\/\/marktxxl.de\/markt\/produkt\/marvel-herren-logo-baseball-cap\/","name":"Marvel Herren Logo Baseball Cap - Markt-XXL","isPartOf":{"@id":"https:\/\/marktxxl.de\/markt\/#website"},"primaryImageOfPage":{"@id":"https:\/\/marktxxl.de\/markt\/produkt\/marvel-herren-logo-baseball-cap\/#primaryimage"},"image":{"@id":"https:\/\/marktxxl.de\/markt\/produkt\/marvel-herren-logo-baseball-cap\/#primaryimage"},"thumbnailUrl":"https:\/\/m.media-amazon.com\/images\/I\/41OoqESa7xS._SL500_.jpg","datePublished":"2022-02-26T22:16:01+00:00","dateModified":"2023-04-07T00:50:25+00:00","description":"Markt-XXL Marvel Herren Logo Baseball Cap","breadcrumb":{"@id":"https:\/\/marktxxl.de\/markt\/produkt\/marvel-herren-logo-baseball-cap\/#breadcrumb"},"inLanguage":"de","potentialAction":[{"@type":"ReadAction","target":["https:\/\/marktxxl.de\/markt\/produkt\/marvel-herren-logo-baseball-cap\/"]}]},{"@type":"ImageObject","inLanguage":"de","@id":"https:\/\/marktxxl.de\/markt\/produkt\/marvel-herren-logo-baseball-cap\/#primaryimage","url":"https:\/\/m.media-amazon.com\/images\/I\/41OoqESa7xS._SL500_.jpg","contentUrl":"https:\/\/m.media-amazon.com\/images\/I\/41OoqESa7xS._SL500_.jpg","width":500,"height":500},{"@type":"BreadcrumbList","@id":"https:\/\/marktxxl.de\/markt\/produkt\/marvel-herren-logo-baseball-cap\/#breadcrumb","itemListElement":[{"@type":"ListItem","position":1,"name":"Startseite","item":"https:\/\/marktxxl.de\/markt\/"},{"@type":"ListItem","position":2,"name":"Markt","item":"https:\/\/marktxxl.de\/markt\/"},{"@type":"ListItem","position":3,"name":"Marvel Herren Logo Baseball Cap"}]},{"@type":"WebSite","@id":"https:\/\/marktxxl.de\/markt\/#website","url":"https:\/\/marktxxl.de\/markt\/","name":"Markt-XXL","description":"Ihr Markt Online","publisher":{"@id":"https:\/\/marktxxl.de\/markt\/#organization"},"potentialAction":[{"@type":"SearchAction","target":{"@type":"EntryPoint","urlTemplate":"https:\/\/marktxxl.de\/markt\/?s={search_term_string}"},"query-input":{"@type":"PropertyValueSpecification","valueRequired":true,"valueName":"search_term_string"}}],"inLanguage":"de"},{"@type":"Organization","@id":"https:\/\/marktxxl.de\/markt\/#organization","name":"Markt-XXL","url":"https:\/\/marktxxl.de\/markt\/","logo":{"@type":"ImageObject","inLanguage":"de","@id":"https:\/\/marktxxl.de\/markt\/#\/schema\/logo\/image\/","url":"https:\/\/marktxxl.de\/markt\/wp-content\/uploads\/sites\/3\/2020\/12\/logo.png","contentUrl":"https:\/\/marktxxl.de\/markt\/wp-content\/uploads\/sites\/3\/2020\/12\/logo.png","width":200,"height":70,"caption":"Markt-XXL"},"image":{"@id":"https:\/\/marktxxl.de\/markt\/#\/schema\/logo\/image\/"}}]}},"_links":{"self":[{"href":"https:\/\/marktxxl.de\/markt\/wp-json\/wp\/v2\/product\/110654","targetHints":{"allow":["GET"]}}],"collection":[{"href":"https:\/\/marktxxl.de\/markt\/wp-json\/wp\/v2\/product"}],"about":[{"href":"https:\/\/marktxxl.de\/markt\/wp-json\/wp\/v2\/types\/product"}],"replies":[{"embeddable":true,"href":"https:\/\/marktxxl.de\/markt\/wp-json\/wp\/v2\/comments?post=110654"}],"wp:featuredmedia":[{"embeddable":true,"href":"https:\/\/marktxxl.de\/markt\/wp-json\/wp\/v2\/media\/110655"}],"wp:attachment":[{"href":"https:\/\/marktxxl.de\/markt\/wp-json\/wp\/v2\/media?parent=110654"}],"wp:term":[{"taxonomy":"product_brand","embeddable":true,"href":"https:\/\/marktxxl.de\/markt\/wp-json\/wp\/v2\/product_brand?post=110654"},{"taxonomy":"product_cat","embeddable":true,"href":"https:\/\/marktxxl.de\/markt\/wp-json\/wp\/v2\/product_cat?post=110654"},{"taxonomy":"product_tag","embeddable":true,"href":"https:\/\/marktxxl.de\/markt\/wp-json\/wp\/v2\/product_tag?post=110654"}],"curies":[{"name":"wp","href":"https:\/\/api.w.org\/{rel}","templated":true}]}}