{"id":110559,"date":"2022-02-26T22:55:18","date_gmt":"2022-02-26T21:55:18","guid":{"rendered":"https:\/\/marktxxl.de\/markt\/produkt\/klar-kunststoff-umschlag-taschen-a2-5-7-203-cm-x-4-1-51-cm-200-umschlag-staubbeutel\/"},"modified":"2023-04-07T02:50:23","modified_gmt":"2023-04-07T00:50:23","slug":"klar-kunststoff-umschlag-taschen-a2-5-7-203-cm-x-4-1-51-cm-200-umschlag-staubbeutel","status":"publish","type":"product","link":"https:\/\/marktxxl.de\/markt\/produkt\/klar-kunststoff-umschlag-taschen-a2-5-7-203-cm-x-4-1-51-cm-200-umschlag-staubbeutel\/","title":{"rendered":"Klar Kunststoff Umschlag Taschen, A2\u00a0(5\u00a07\/20,3\u00a0cm X 4\u00a01\/5,1\u00a0cm)\u00a0\u2013\u00a0200\u00a0Umschlag Staubbeutel"},"content":{"rendered":"<p>Klar Kunststoff-Umschlag<br \/>\nPassend f\u00fcr A2\u00a0Gr\u00f6\u00dfe Karten und Umschl\u00e4ge bis zu 5\u00a03\/10,2\u00a0cm x 4\u00a01\/5,1\u00a0cm<br \/>\nPerfekt zum Versiegeln Ihre Gru\u00dfkarten<br \/>\nDichtung selbstklebend<br \/>\nMa\u00dfnahme 5\u00a07\/20,3\u00a0cm x 4\u00a01\/5,1\u00a0cm wenn versiegelt<br \/>\n<div class=\"main-cross-sell\" data-asin=\"B00B5GVUE8\">\n\n\t<div class=\"WooZone-cross-sell-loader\">\n\t\t<div>\n\t\t\t<div id=\"floatingBarsG\">\n\t\t\t\t<div class=\"blockG\" id=\"rotateG_01\"><\/div>\n\t\t\t\t<div class=\"blockG\" id=\"rotateG_02\"><\/div>\n\t\t\t\t<div class=\"blockG\" id=\"rotateG_03\"><\/div>\n\t\t\t\t<div class=\"blockG\" id=\"rotateG_04\"><\/div>\n\t\t\t\t<div class=\"blockG\" id=\"rotateG_05\"><\/div>\n\t\t\t\t<div class=\"blockG\" id=\"rotateG_06\"><\/div>\n\t\t\t\t<div class=\"blockG\" id=\"rotateG_07\"><\/div>\n\t\t\t\t<div class=\"blockG\" id=\"rotateG_08\"><\/div>\n\t\t\t<\/div>\n\t\t\t<div class=\"WooZone-cross-sell-loader-text\"><\/div>\n\t\t<\/div>\n\t<\/div>\n\n\t\t\n<\/div>\n<div style=\"clear:both;\"><\/div><\/p>\n","protected":false},"excerpt":{"rendered":"<p>Klar Kunststoff-Umschlag<br \/>\nPassend f\u00fcr A2\u00a0Gr\u00f6\u00dfe Karten und Umschl\u00e4ge bis zu 5\u00a03\/10,2\u00a0cm x 4\u00a01\/5,1\u00a0cm<br \/>\nPerfekt zum Versiegeln Ihre Gru\u00dfkarten<\/p>\n","protected":false},"featured_media":110560,"comment_status":"open","ping_status":"closed","template":"","meta":[],"product_brand":[],"product_cat":[504,8703],"product_tag":[],"class_list":{"0":"post-110559","1":"product","2":"type-product","3":"status-publish","4":"has-post-thumbnail","6":"product_cat-buerobedarf-schreibwaren","7":"product_cat-umschlaege-versandzubehoer","8":"pa_binding-buerobedarf-schreibwaren","9":"pa_brand-desktop-publishing-supplies-inc","10":"pa_manufacturer-desktop-publishing-supplies-inc","11":"pa_model-57980-200","13":"first","14":"instock","15":"shipping-taxable","16":"purchasable","17":"product-type-simple","18":"customify-col","19":"product-has-gallery"},"yoast_head":"<!-- This site is optimized with the Yoast SEO plugin v27.4 - https:\/\/yoast.com\/product\/yoast-seo-wordpress\/ -->\n<title>Klar Kunststoff Umschlag Taschen, A2\u00a0(5\u00a07\/20,3\u00a0cm X 4\u00a01\/5,1\u00a0cm)\u00a0\u2013\u00a0200\u00a0Umschlag Staubbeutel - Markt-XXL<\/title>\n<meta name=\"description\" content=\"Markt-XXL Klar Kunststoff Umschlag Taschen, A2\u00a0(5\u00a07\/20,3\u00a0cm X 4\u00a01\/5,1\u00a0cm)\u00a0\u2013\u00a0200\u00a0Umschlag Staubbeutel\" \/>\n<meta name=\"robots\" content=\"index, follow, max-snippet:-1, max-image-preview:large, max-video-preview:-1\" \/>\n<link rel=\"canonical\" href=\"https:\/\/marktxxl.de\/markt\/produkt\/klar-kunststoff-umschlag-taschen-a2-5-7-203-cm-x-4-1-51-cm-200-umschlag-staubbeutel\/\" \/>\n<meta property=\"og:locale\" content=\"de_DE\" \/>\n<meta property=\"og:type\" content=\"article\" \/>\n<meta property=\"og:title\" content=\"Klar Kunststoff Umschlag Taschen, A2\u00a0(5\u00a07\/20,3\u00a0cm X 4\u00a01\/5,1\u00a0cm)\u00a0\u2013\u00a0200\u00a0Umschlag Staubbeutel - Markt-XXL\" \/>\n<meta property=\"og:description\" content=\"Markt-XXL Klar Kunststoff Umschlag Taschen, A2\u00a0(5\u00a07\/20,3\u00a0cm X 4\u00a01\/5,1\u00a0cm)\u00a0\u2013\u00a0200\u00a0Umschlag Staubbeutel\" \/>\n<meta property=\"og:url\" content=\"https:\/\/marktxxl.de\/markt\/produkt\/klar-kunststoff-umschlag-taschen-a2-5-7-203-cm-x-4-1-51-cm-200-umschlag-staubbeutel\/\" \/>\n<meta property=\"og:site_name\" content=\"Markt-XXL\" \/>\n<meta property=\"article:modified_time\" content=\"2023-04-07T00:50:23+00:00\" \/>\n<meta property=\"og:image\" content=\"https:\/\/m.media-amazon.com\/images\/I\/31hd8gMegFL._SL500_.jpg\" \/>\n\t<meta property=\"og:image:width\" content=\"459\" \/>\n\t<meta property=\"og:image:height\" content=\"500\" \/>\n\t<meta property=\"og:image:type\" content=\"image\/jpeg\" \/>\n<meta name=\"twitter:card\" content=\"summary_large_image\" \/>\n<script type=\"application\/ld+json\" class=\"yoast-schema-graph\">{\"@context\":\"https:\\\/\\\/schema.org\",\"@graph\":[{\"@type\":\"WebPage\",\"@id\":\"https:\\\/\\\/marktxxl.de\\\/markt\\\/produkt\\\/klar-kunststoff-umschlag-taschen-a2-5-7-203-cm-x-4-1-51-cm-200-umschlag-staubbeutel\\\/\",\"url\":\"https:\\\/\\\/marktxxl.de\\\/markt\\\/produkt\\\/klar-kunststoff-umschlag-taschen-a2-5-7-203-cm-x-4-1-51-cm-200-umschlag-staubbeutel\\\/\",\"name\":\"Klar Kunststoff Umschlag Taschen, A2\u00a0(5\u00a07\\\/20,3\u00a0cm X 4\u00a01\\\/5,1\u00a0cm)\u00a0\u2013\u00a0200\u00a0Umschlag Staubbeutel - Markt-XXL\",\"isPartOf\":{\"@id\":\"https:\\\/\\\/marktxxl.de\\\/markt\\\/#website\"},\"primaryImageOfPage\":{\"@id\":\"https:\\\/\\\/marktxxl.de\\\/markt\\\/produkt\\\/klar-kunststoff-umschlag-taschen-a2-5-7-203-cm-x-4-1-51-cm-200-umschlag-staubbeutel\\\/#primaryimage\"},\"image\":{\"@id\":\"https:\\\/\\\/marktxxl.de\\\/markt\\\/produkt\\\/klar-kunststoff-umschlag-taschen-a2-5-7-203-cm-x-4-1-51-cm-200-umschlag-staubbeutel\\\/#primaryimage\"},\"thumbnailUrl\":\"https:\\\/\\\/m.media-amazon.com\\\/images\\\/I\\\/31hd8gMegFL._SL500_.jpg\",\"datePublished\":\"2022-02-26T21:55:18+00:00\",\"dateModified\":\"2023-04-07T00:50:23+00:00\",\"description\":\"Markt-XXL Klar Kunststoff Umschlag Taschen, A2\u00a0(5\u00a07\\\/20,3\u00a0cm X 4\u00a01\\\/5,1\u00a0cm)\u00a0\u2013\u00a0200\u00a0Umschlag Staubbeutel\",\"breadcrumb\":{\"@id\":\"https:\\\/\\\/marktxxl.de\\\/markt\\\/produkt\\\/klar-kunststoff-umschlag-taschen-a2-5-7-203-cm-x-4-1-51-cm-200-umschlag-staubbeutel\\\/#breadcrumb\"},\"inLanguage\":\"de\",\"potentialAction\":[{\"@type\":\"ReadAction\",\"target\":[\"https:\\\/\\\/marktxxl.de\\\/markt\\\/produkt\\\/klar-kunststoff-umschlag-taschen-a2-5-7-203-cm-x-4-1-51-cm-200-umschlag-staubbeutel\\\/\"]}]},{\"@type\":\"ImageObject\",\"inLanguage\":\"de\",\"@id\":\"https:\\\/\\\/marktxxl.de\\\/markt\\\/produkt\\\/klar-kunststoff-umschlag-taschen-a2-5-7-203-cm-x-4-1-51-cm-200-umschlag-staubbeutel\\\/#primaryimage\",\"url\":\"https:\\\/\\\/m.media-amazon.com\\\/images\\\/I\\\/31hd8gMegFL._SL500_.jpg\",\"contentUrl\":\"https:\\\/\\\/m.media-amazon.com\\\/images\\\/I\\\/31hd8gMegFL._SL500_.jpg\",\"width\":459,\"height\":500},{\"@type\":\"BreadcrumbList\",\"@id\":\"https:\\\/\\\/marktxxl.de\\\/markt\\\/produkt\\\/klar-kunststoff-umschlag-taschen-a2-5-7-203-cm-x-4-1-51-cm-200-umschlag-staubbeutel\\\/#breadcrumb\",\"itemListElement\":[{\"@type\":\"ListItem\",\"position\":1,\"name\":\"Startseite\",\"item\":\"https:\\\/\\\/marktxxl.de\\\/markt\\\/\"},{\"@type\":\"ListItem\",\"position\":2,\"name\":\"Markt\",\"item\":\"https:\\\/\\\/marktxxl.de\\\/markt\\\/\"},{\"@type\":\"ListItem\",\"position\":3,\"name\":\"Klar Kunststoff Umschlag Taschen, A2\u00a0(5\u00a07\\\/20,3\u00a0cm X 4\u00a01\\\/5,1\u00a0cm)\u00a0\u2013\u00a0200\u00a0Umschlag Staubbeutel\"}]},{\"@type\":\"WebSite\",\"@id\":\"https:\\\/\\\/marktxxl.de\\\/markt\\\/#website\",\"url\":\"https:\\\/\\\/marktxxl.de\\\/markt\\\/\",\"name\":\"Markt-XXL\",\"description\":\"Ihr Markt Online\",\"publisher\":{\"@id\":\"https:\\\/\\\/marktxxl.de\\\/markt\\\/#organization\"},\"potentialAction\":[{\"@type\":\"SearchAction\",\"target\":{\"@type\":\"EntryPoint\",\"urlTemplate\":\"https:\\\/\\\/marktxxl.de\\\/markt\\\/?s={search_term_string}\"},\"query-input\":{\"@type\":\"PropertyValueSpecification\",\"valueRequired\":true,\"valueName\":\"search_term_string\"}}],\"inLanguage\":\"de\"},{\"@type\":\"Organization\",\"@id\":\"https:\\\/\\\/marktxxl.de\\\/markt\\\/#organization\",\"name\":\"Markt-XXL\",\"url\":\"https:\\\/\\\/marktxxl.de\\\/markt\\\/\",\"logo\":{\"@type\":\"ImageObject\",\"inLanguage\":\"de\",\"@id\":\"https:\\\/\\\/marktxxl.de\\\/markt\\\/#\\\/schema\\\/logo\\\/image\\\/\",\"url\":\"https:\\\/\\\/marktxxl.de\\\/markt\\\/wp-content\\\/uploads\\\/sites\\\/3\\\/2020\\\/12\\\/logo.png\",\"contentUrl\":\"https:\\\/\\\/marktxxl.de\\\/markt\\\/wp-content\\\/uploads\\\/sites\\\/3\\\/2020\\\/12\\\/logo.png\",\"width\":200,\"height\":70,\"caption\":\"Markt-XXL\"},\"image\":{\"@id\":\"https:\\\/\\\/marktxxl.de\\\/markt\\\/#\\\/schema\\\/logo\\\/image\\\/\"}}]}<\/script>\n<!-- \/ Yoast SEO plugin. -->","yoast_head_json":{"title":"Klar Kunststoff Umschlag Taschen, A2\u00a0(5\u00a07\/20,3\u00a0cm X 4\u00a01\/5,1\u00a0cm)\u00a0\u2013\u00a0200\u00a0Umschlag Staubbeutel - Markt-XXL","description":"Markt-XXL Klar Kunststoff Umschlag Taschen, A2\u00a0(5\u00a07\/20,3\u00a0cm X 4\u00a01\/5,1\u00a0cm)\u00a0\u2013\u00a0200\u00a0Umschlag Staubbeutel","robots":{"index":"index","follow":"follow","max-snippet":"max-snippet:-1","max-image-preview":"max-image-preview:large","max-video-preview":"max-video-preview:-1"},"canonical":"https:\/\/marktxxl.de\/markt\/produkt\/klar-kunststoff-umschlag-taschen-a2-5-7-203-cm-x-4-1-51-cm-200-umschlag-staubbeutel\/","og_locale":"de_DE","og_type":"article","og_title":"Klar Kunststoff Umschlag Taschen, A2\u00a0(5\u00a07\/20,3\u00a0cm X 4\u00a01\/5,1\u00a0cm)\u00a0\u2013\u00a0200\u00a0Umschlag Staubbeutel - Markt-XXL","og_description":"Markt-XXL Klar Kunststoff Umschlag Taschen, A2\u00a0(5\u00a07\/20,3\u00a0cm X 4\u00a01\/5,1\u00a0cm)\u00a0\u2013\u00a0200\u00a0Umschlag Staubbeutel","og_url":"https:\/\/marktxxl.de\/markt\/produkt\/klar-kunststoff-umschlag-taschen-a2-5-7-203-cm-x-4-1-51-cm-200-umschlag-staubbeutel\/","og_site_name":"Markt-XXL","article_modified_time":"2023-04-07T00:50:23+00:00","og_image":[{"width":459,"height":500,"url":"https:\/\/m.media-amazon.com\/images\/I\/31hd8gMegFL._SL500_.jpg","type":"image\/jpeg"}],"twitter_card":"summary_large_image","schema":{"@context":"https:\/\/schema.org","@graph":[{"@type":"WebPage","@id":"https:\/\/marktxxl.de\/markt\/produkt\/klar-kunststoff-umschlag-taschen-a2-5-7-203-cm-x-4-1-51-cm-200-umschlag-staubbeutel\/","url":"https:\/\/marktxxl.de\/markt\/produkt\/klar-kunststoff-umschlag-taschen-a2-5-7-203-cm-x-4-1-51-cm-200-umschlag-staubbeutel\/","name":"Klar Kunststoff Umschlag Taschen, A2\u00a0(5\u00a07\/20,3\u00a0cm X 4\u00a01\/5,1\u00a0cm)\u00a0\u2013\u00a0200\u00a0Umschlag Staubbeutel - Markt-XXL","isPartOf":{"@id":"https:\/\/marktxxl.de\/markt\/#website"},"primaryImageOfPage":{"@id":"https:\/\/marktxxl.de\/markt\/produkt\/klar-kunststoff-umschlag-taschen-a2-5-7-203-cm-x-4-1-51-cm-200-umschlag-staubbeutel\/#primaryimage"},"image":{"@id":"https:\/\/marktxxl.de\/markt\/produkt\/klar-kunststoff-umschlag-taschen-a2-5-7-203-cm-x-4-1-51-cm-200-umschlag-staubbeutel\/#primaryimage"},"thumbnailUrl":"https:\/\/m.media-amazon.com\/images\/I\/31hd8gMegFL._SL500_.jpg","datePublished":"2022-02-26T21:55:18+00:00","dateModified":"2023-04-07T00:50:23+00:00","description":"Markt-XXL Klar Kunststoff Umschlag Taschen, A2\u00a0(5\u00a07\/20,3\u00a0cm X 4\u00a01\/5,1\u00a0cm)\u00a0\u2013\u00a0200\u00a0Umschlag Staubbeutel","breadcrumb":{"@id":"https:\/\/marktxxl.de\/markt\/produkt\/klar-kunststoff-umschlag-taschen-a2-5-7-203-cm-x-4-1-51-cm-200-umschlag-staubbeutel\/#breadcrumb"},"inLanguage":"de","potentialAction":[{"@type":"ReadAction","target":["https:\/\/marktxxl.de\/markt\/produkt\/klar-kunststoff-umschlag-taschen-a2-5-7-203-cm-x-4-1-51-cm-200-umschlag-staubbeutel\/"]}]},{"@type":"ImageObject","inLanguage":"de","@id":"https:\/\/marktxxl.de\/markt\/produkt\/klar-kunststoff-umschlag-taschen-a2-5-7-203-cm-x-4-1-51-cm-200-umschlag-staubbeutel\/#primaryimage","url":"https:\/\/m.media-amazon.com\/images\/I\/31hd8gMegFL._SL500_.jpg","contentUrl":"https:\/\/m.media-amazon.com\/images\/I\/31hd8gMegFL._SL500_.jpg","width":459,"height":500},{"@type":"BreadcrumbList","@id":"https:\/\/marktxxl.de\/markt\/produkt\/klar-kunststoff-umschlag-taschen-a2-5-7-203-cm-x-4-1-51-cm-200-umschlag-staubbeutel\/#breadcrumb","itemListElement":[{"@type":"ListItem","position":1,"name":"Startseite","item":"https:\/\/marktxxl.de\/markt\/"},{"@type":"ListItem","position":2,"name":"Markt","item":"https:\/\/marktxxl.de\/markt\/"},{"@type":"ListItem","position":3,"name":"Klar Kunststoff Umschlag Taschen, A2\u00a0(5\u00a07\/20,3\u00a0cm X 4\u00a01\/5,1\u00a0cm)\u00a0\u2013\u00a0200\u00a0Umschlag Staubbeutel"}]},{"@type":"WebSite","@id":"https:\/\/marktxxl.de\/markt\/#website","url":"https:\/\/marktxxl.de\/markt\/","name":"Markt-XXL","description":"Ihr Markt Online","publisher":{"@id":"https:\/\/marktxxl.de\/markt\/#organization"},"potentialAction":[{"@type":"SearchAction","target":{"@type":"EntryPoint","urlTemplate":"https:\/\/marktxxl.de\/markt\/?s={search_term_string}"},"query-input":{"@type":"PropertyValueSpecification","valueRequired":true,"valueName":"search_term_string"}}],"inLanguage":"de"},{"@type":"Organization","@id":"https:\/\/marktxxl.de\/markt\/#organization","name":"Markt-XXL","url":"https:\/\/marktxxl.de\/markt\/","logo":{"@type":"ImageObject","inLanguage":"de","@id":"https:\/\/marktxxl.de\/markt\/#\/schema\/logo\/image\/","url":"https:\/\/marktxxl.de\/markt\/wp-content\/uploads\/sites\/3\/2020\/12\/logo.png","contentUrl":"https:\/\/marktxxl.de\/markt\/wp-content\/uploads\/sites\/3\/2020\/12\/logo.png","width":200,"height":70,"caption":"Markt-XXL"},"image":{"@id":"https:\/\/marktxxl.de\/markt\/#\/schema\/logo\/image\/"}}]}},"_links":{"self":[{"href":"https:\/\/marktxxl.de\/markt\/wp-json\/wp\/v2\/product\/110559","targetHints":{"allow":["GET"]}}],"collection":[{"href":"https:\/\/marktxxl.de\/markt\/wp-json\/wp\/v2\/product"}],"about":[{"href":"https:\/\/marktxxl.de\/markt\/wp-json\/wp\/v2\/types\/product"}],"replies":[{"embeddable":true,"href":"https:\/\/marktxxl.de\/markt\/wp-json\/wp\/v2\/comments?post=110559"}],"wp:featuredmedia":[{"embeddable":true,"href":"https:\/\/marktxxl.de\/markt\/wp-json\/wp\/v2\/media\/110560"}],"wp:attachment":[{"href":"https:\/\/marktxxl.de\/markt\/wp-json\/wp\/v2\/media?parent=110559"}],"wp:term":[{"taxonomy":"product_brand","embeddable":true,"href":"https:\/\/marktxxl.de\/markt\/wp-json\/wp\/v2\/product_brand?post=110559"},{"taxonomy":"product_cat","embeddable":true,"href":"https:\/\/marktxxl.de\/markt\/wp-json\/wp\/v2\/product_cat?post=110559"},{"taxonomy":"product_tag","embeddable":true,"href":"https:\/\/marktxxl.de\/markt\/wp-json\/wp\/v2\/product_tag?post=110559"}],"curies":[{"name":"wp","href":"https:\/\/api.w.org\/{rel}","templated":true}]}}